{"id":113695,"date":"2025-07-31T07:40:05","date_gmt":"2025-07-31T05:40:05","guid":{"rendered":"https:\/\/www.linseis.com\/basvurunuz-icin-tesekkuer-ederiz\/"},"modified":"2026-01-23T11:29:01","modified_gmt":"2026-01-23T10:29:01","slug":"basvurunuz-icin-tesekkuer-ederiz","status":"publish","type":"page","link":"https:\/\/www.linseis.com\/tr\/basvurunuz-icin-tesekkuer-ederiz\/","title":{"rendered":"Ba\u015fvurunuz i\u00e7in te\u015fekk\u00fcr ederiz"},"content":{"rendered":"\t\t<div data-elementor-type=\"wp-page\" data-elementor-id=\"113695\" class=\"elementor elementor-113695 elementor-91620\" data-elementor-post-type=\"page\">\n\t\t\t\t<div class=\"elementor-element elementor-element-e885e39 e-flex e-con-boxed e-con e-parent\" data-id=\"e885e39\" data-element_type=\"container\" data-e-type=\"container\">\n\t\t\t\t\t<div class=\"e-con-inner\">\n\t\t\t\t<div class=\"elementor-element elementor-element-a5cec63 elementor-widget elementor-widget-text-editor\" data-id=\"a5cec63\" data-element_type=\"widget\" data-e-type=\"widget\" data-widget_type=\"text-editor.default\">\n\t\t\t\t<div class=\"elementor-widget-container\">\n\t\t\t\t\t\t\t\t\t<p data-start=\"146\" data-end=\"287\"><br data-start=\"181\" data-end=\"184\">Y\u00fckleme i\u015fleminiz ba\u015far\u0131l\u0131 oldu. Belgelerinizi kontrol edip en k\u0131sa s\u00fcrede size geri d\u00f6n\u00fc\u015f yapaca\u011f\u0131z. <\/p>\t\t\t\t\t\t\t\t<\/div>\n\t\t\t\t<\/div>\n\t\t\t\t\t<\/div>\n\t\t\t\t<\/div>\n\t\t\t\t<\/div>\n\t\t","protected":false},"excerpt":{"rendered":"<p>Y\u00fckleme i\u015fleminiz ba\u015far\u0131l\u0131 oldu. Belgelerinizi kontrol edip en k\u0131sa s\u00fcrede size geri d\u00f6n\u00fc\u015f yapaca\u011f\u0131z.<\/p>\n","protected":false},"author":3,"featured_media":0,"parent":0,"menu_order":0,"comment_status":"closed","ping_status":"closed","template":"","meta":{"_acf_changed":false,"inline_featured_image":false,"footnotes":""},"class_list":["post-113695","page","type-page","status-publish","hentry"],"acf":[],"_links":{"self":[{"href":"https:\/\/www.linseis.com\/tr\/wp-json\/wp\/v2\/pages\/113695","targetHints":{"allow":["GET"]}}],"collection":[{"href":"https:\/\/www.linseis.com\/tr\/wp-json\/wp\/v2\/pages"}],"about":[{"href":"https:\/\/www.linseis.com\/tr\/wp-json\/wp\/v2\/types\/page"}],"author":[{"embeddable":true,"href":"https:\/\/www.linseis.com\/tr\/wp-json\/wp\/v2\/users\/3"}],"replies":[{"embeddable":true,"href":"https:\/\/www.linseis.com\/tr\/wp-json\/wp\/v2\/comments?post=113695"}],"version-history":[{"count":0,"href":"https:\/\/www.linseis.com\/tr\/wp-json\/wp\/v2\/pages\/113695\/revisions"}],"wp:attachment":[{"href":"https:\/\/www.linseis.com\/tr\/wp-json\/wp\/v2\/media?parent=113695"}],"curies":[{"name":"wp","href":"https:\/\/api.w.org\/{rel}","templated":true}]}}