{"id":113504,"date":"2024-07-26T11:44:36","date_gmt":"2024-07-26T09:44:36","guid":{"rendered":"https:\/\/www.linseis.com\/termal-analiz-yoentemleri\/gecici-sicak-koeprue-thb\/"},"modified":"2026-01-23T11:42:38","modified_gmt":"2026-01-23T10:42:38","slug":"gecici-sicak-koeprue-thb","status":"publish","type":"page","link":"https:\/\/www.linseis.com\/tr\/termal-analiz-yoentemleri\/gecici-sicak-koeprue-thb\/","title":{"rendered":"Ge\u00e7ici S\u0131cak K\u00f6pr\u00fc (THB)"},"content":{"rendered":"\t\t<div data-elementor-type=\"wp-post\" data-elementor-id=\"113504\" class=\"elementor elementor-113504 elementor-22636\" data-elementor-post-type=\"page\">\n\t\t\t\t<div class=\"elementor-element elementor-element-a3549cf e-flex e-con-boxed e-con e-parent\" data-id=\"a3549cf\" data-element_type=\"container\" data-e-type=\"container\" data-settings=\"{&quot;background_background&quot;:&quot;classic&quot;}\">\n\t\t\t\t\t<div class=\"e-con-inner\">\n\t\t\t\t<div class=\"elementor-element elementor-element-ac41c94 elementor-widget elementor-widget-image\" data-id=\"ac41c94\" data-element_type=\"widget\" data-e-type=\"widget\" data-widget_type=\"image.default\">\n\t\t\t\t<div class=\"elementor-widget-container\">\n\t\t\t\t\t\t\t\t\t\t\t\t\t\t\t<img fetchpriority=\"high\" decoding=\"async\" width=\"800\" height=\"800\" src=\"https:\/\/www.linseis.com\/wp-content\/uploads\/2024\/06\/linseis_scale-top-1.svg\" class=\"attachment-large size-large wp-image-123864\" alt=\"\" \/>\t\t\t\t\t\t\t\t\t\t\t\t\t\t\t<\/div>\n\t\t\t\t<\/div>\n\t\t<div class=\"elementor-element elementor-element-a7b7feb e-con-full e-flex e-con e-child\" data-id=\"a7b7feb\" data-element_type=\"container\" data-e-type=\"container\">\n\t\t<div class=\"elementor-element elementor-element-6100945 e-con-full e-flex e-con e-child\" data-id=\"6100945\" data-element_type=\"container\" data-e-type=\"container\">\n\t\t\t\t<div class=\"elementor-element elementor-element-cc1182c elementor-invisible elementor-widget elementor-widget-heading\" data-id=\"cc1182c\" data-element_type=\"widget\" data-e-type=\"widget\" data-settings=\"{&quot;_animation&quot;:&quot;fadeInUp&quot;,&quot;_animation_delay&quot;:250}\" data-widget_type=\"heading.default\">\n\t\t\t\t<div class=\"elementor-widget-container\">\n\t\t\t\t\t<h1 class=\"elementor-heading-title elementor-size-default\"><b>\n\nGe\u00e7ici S\u0131cak K\u00f6pr\u00fc (THB)\n\n<\/b><\/h1>\t\t\t\t<\/div>\n\t\t\t\t<\/div>\n\t\t\t\t<\/div>\n\t\t<div class=\"elementor-element elementor-element-6d91a43 e-con-full e-flex e-con e-child\" data-id=\"6d91a43\" data-element_type=\"container\" data-e-type=\"container\">\n\t\t\t\t<div class=\"elementor-element elementor-element-9413374 elementor-widget elementor-widget-n-carousel\" data-id=\"9413374\" data-element_type=\"widget\" data-e-type=\"widget\" data-settings=\"{&quot;carousel_items&quot;:[{&quot;slide_title&quot;:&quot;Produkt 1&quot;,&quot;_id&quot;:&quot;d6fbcdb&quot;}],&quot;slides_to_show&quot;:&quot;1&quot;,&quot;slides_to_scroll&quot;:&quot;2&quot;,&quot;autoplay_speed&quot;:2000,&quot;slides_to_show_tablet&quot;:&quot;1&quot;,&quot;slides_to_show_mobile&quot;:&quot;1&quot;,&quot;autoplay&quot;:&quot;yes&quot;,&quot;pause_on_hover&quot;:&quot;yes&quot;,&quot;pause_on_interaction&quot;:&quot;yes&quot;,&quot;infinite&quot;:&quot;yes&quot;,&quot;speed&quot;:500,&quot;offset_sides&quot;:&quot;none&quot;,&quot;image_spacing_custom&quot;:{&quot;unit&quot;:&quot;px&quot;,&quot;size&quot;:10,&quot;sizes&quot;:[]},&quot;image_spacing_custom_tablet&quot;:{&quot;unit&quot;:&quot;px&quot;,&quot;size&quot;:&quot;&quot;,&quot;sizes&quot;:[]},&quot;image_spacing_custom_mobile&quot;:{&quot;unit&quot;:&quot;px&quot;,&quot;size&quot;:&quot;&quot;,&quot;sizes&quot;:[]}}\" data-widget_type=\"nested-carousel.default\">\n\t\t\t\t<div class=\"elementor-widget-container\">\n\t\t\t\t\t\t\t<div class=\"e-n-carousel swiper\" role=\"region\" aria-roledescription=\"carousel\" aria-label=\"Karussell\" dir=\"ltr\">\n\t\t\t<div class=\"swiper-wrapper\" aria-live=\"off\">\n\t\t\t\t\t\t\t\t\t\t<div class=\"swiper-slide\" data-slide=\"1\" role=\"group\" aria-roledescription=\"slide\" aria-label=\"1 of 1\">\n\t\t\t\t\t\t\t<div class=\"elementor-element elementor-element-44441f5 e-flex e-con-boxed e-con e-child\" data-id=\"44441f5\" data-element_type=\"container\" data-e-type=\"container\">\n\t\t\t\t\t<div class=\"e-con-inner\">\n\t\t\t\t<div class=\"elementor-element elementor-element-4103051 elementor-widget__width-initial elementor-invisible elementor-widget elementor-widget-image\" data-id=\"4103051\" data-element_type=\"widget\" data-e-type=\"widget\" data-settings=\"{&quot;_animation&quot;:&quot;fadeInUp&quot;}\" data-widget_type=\"image.default\">\n\t\t\t\t<div class=\"elementor-widget-container\">\n\t\t\t\t\t\t\t\t\t\t\t\t\t\t\t<img decoding=\"async\" width=\"800\" height=\"800\" src=\"https:\/\/www.linseis.com\/wp-content\/uploads\/2024\/07\/Linseis-Icons_Linien-weiss_Zeichenflaeche-1-Kopie-87-1024x1024.png\" class=\"attachment-large size-large wp-image-23729\" alt=\"\" srcset=\"https:\/\/www.linseis.com\/wp-content\/uploads\/2024\/07\/Linseis-Icons_Linien-weiss_Zeichenflaeche-1-Kopie-87-1024x1024.png 1024w, https:\/\/www.linseis.com\/wp-content\/uploads\/2024\/07\/Linseis-Icons_Linien-weiss_Zeichenflaeche-1-Kopie-87-300x300.png 300w, https:\/\/www.linseis.com\/wp-content\/uploads\/2024\/07\/Linseis-Icons_Linien-weiss_Zeichenflaeche-1-Kopie-87-150x150.png 150w, https:\/\/www.linseis.com\/wp-content\/uploads\/2024\/07\/Linseis-Icons_Linien-weiss_Zeichenflaeche-1-Kopie-87-768x768.png 768w, https:\/\/www.linseis.com\/wp-content\/uploads\/2024\/07\/Linseis-Icons_Linien-weiss_Zeichenflaeche-1-Kopie-87-1536x1536.png 1536w, https:\/\/www.linseis.com\/wp-content\/uploads\/2024\/07\/Linseis-Icons_Linien-weiss_Zeichenflaeche-1-Kopie-87-2048x2048.png 2048w\" sizes=\"(max-width: 800px) 100vw, 800px\" \/>\t\t\t\t\t\t\t\t\t\t\t\t\t\t\t<\/div>\n\t\t\t\t<\/div>\n\t\t\t\t\t<\/div>\n\t\t\t\t<\/div>\n\t\t\t\t\t\t\t\t<\/div>\n\t\t\t\t\t\t\t\t<\/div>\n\t\t<\/div>\n\t\t\t\t\t\t<\/div>\n\t\t\t\t<\/div>\n\t\t\t\t<\/div>\n\t\t\t\t<\/div>\n\t\t\t\t<div class=\"elementor-element elementor-element-b4a6800 elementor-widget elementor-widget-image\" data-id=\"b4a6800\" data-element_type=\"widget\" data-e-type=\"widget\" data-widget_type=\"image.default\">\n\t\t\t\t<div class=\"elementor-widget-container\">\n\t\t\t\t\t\t\t\t\t\t\t\t\t\t\t<img decoding=\"async\" width=\"800\" height=\"800\" src=\"https:\/\/www.linseis.com\/wp-content\/uploads\/2024\/06\/linseis_scale-bottom-1.svg\" class=\"attachment-large size-large wp-image-123873\" alt=\"\" \/>\t\t\t\t\t\t\t\t\t\t\t\t\t\t\t<\/div>\n\t\t\t\t<\/div>\n\t\t\t\t\t<\/div>\n\t\t\t\t<\/div>\n\t\t<div class=\"elementor-element elementor-element-7c8d6cc e-flex e-con-boxed e-con e-parent\" data-id=\"7c8d6cc\" data-element_type=\"container\" data-e-type=\"container\" data-settings=\"{&quot;background_background&quot;:&quot;classic&quot;}\">\n\t\t\t\t\t<div class=\"e-con-inner\">\n\t\t\t\t\t<\/div>\n\t\t\t\t<\/div>\n\t\t<div class=\"elementor-element elementor-element-d7b7522 e-flex e-con-boxed e-con e-parent\" data-id=\"d7b7522\" data-element_type=\"container\" data-e-type=\"container\" data-settings=\"{&quot;background_background&quot;:&quot;classic&quot;}\">\n\t\t\t\t\t<div class=\"e-con-inner\">\n\t\t<div class=\"elementor-element elementor-element-449b6fd e-con-full e-flex e-con e-child\" data-id=\"449b6fd\" data-element_type=\"container\" data-e-type=\"container\">\n\t\t\t\t<div class=\"elementor-element elementor-element-031217d elementor-invisible elementor-widget elementor-widget-wp-widget-bcn_widget\" data-id=\"031217d\" data-element_type=\"widget\" data-e-type=\"widget\" data-settings=\"{&quot;_animation&quot;:&quot;fadeInUp&quot;}\" data-widget_type=\"wp-widget-bcn_widget.default\">\n\t\t\t\t<div class=\"elementor-widget-container\">\n\t\t\t\t\t<div class=\"breadcrumbs\" vocab=\"https:\/\/schema.org\/\" typeof=\"BreadcrumbList\"><span property=\"itemListElement\" typeof=\"ListItem\"><a property=\"item\" typeof=\"WebPage\" title=\"Go to Linseis.\" href=\"https:\/\/www.linseis.com\/tr\/\" class=\"home\" aria-current=\"page\"><span property=\"name\">Linseis<\/span><\/a><meta property=\"position\" content=\"1\"><\/span><\/div>\t\t\t\t<\/div>\n\t\t\t\t<\/div>\n\t\t\t\t<\/div>\n\t\t\t\t\t<\/div>\n\t\t\t\t<\/div>\n\t\t<div class=\"elementor-element elementor-element-ed98f58 e-flex e-con-boxed e-con e-parent\" data-id=\"ed98f58\" data-element_type=\"container\" data-e-type=\"container\" data-settings=\"{&quot;background_background&quot;:&quot;classic&quot;}\">\n\t\t\t\t\t<div class=\"e-con-inner\">\n\t\t<div class=\"elementor-element elementor-element-bbc47b3 e-con-full e-flex e-con e-child\" data-id=\"bbc47b3\" data-element_type=\"container\" data-e-type=\"container\">\n\t\t\t\t<div class=\"elementor-element elementor-element-8741304 elementor-invisible elementor-widget elementor-widget-text-editor\" data-id=\"8741304\" data-element_type=\"widget\" data-e-type=\"widget\" data-settings=\"{&quot;_animation&quot;:&quot;fadeInUp&quot;,&quot;_animation_delay&quot;:500}\" data-widget_type=\"text-editor.default\">\n\t\t\t\t<div class=\"elementor-widget-container\">\n\t\t\t\t\t\t\t\t\t<h2>Ge\u00e7ici s\u0131cak k\u00f6pr\u00fc y\u00f6ntemi nedir?<\/h2>\t\t\t\t\t\t\t\t<\/div>\n\t\t\t\t<\/div>\n\t\t\t\t<div class=\"elementor-element elementor-element-ae33f3a elementor-widget elementor-widget-text-editor\" data-id=\"ae33f3a\" data-element_type=\"widget\" data-e-type=\"widget\" data-widget_type=\"text-editor.default\">\n\t\t\t\t<div class=\"elementor-widget-container\">\n\t\t\t\t\t\t\t\t\t<section class=\"container\"><div class=\"row\"><div class=\"spb_content_element col-sm-12 spb_text_column\"><div class=\"spb_wrapper clearfix\"><div class=\"spb_content_element col-sm-6 spb_text_column\"><div class=\"spb_wrapper clearfix\"><p>S\u0131cak k\u00f6pr\u00fc y\u00f6ntemi <a href=\"https:\/\/www.linseis.com\/messgeraete\/waermeleitfaehigkeit\/thb-l56\/\"><strong>Ge\u00e7ici S\u0131cak K\u00f6pr\u00fc (THB)<\/strong><\/a> malzemelerin <strong>termal ta\u015f\u0131n\u0131m \u00f6zelliklerini \u00f6l\u00e7mek<\/strong> i\u00e7in <strong>s\u0131cak tel y\u00f6nteminin (THW) daha da geli\u015ftirilmi\u015f<\/strong> halidir.<\/p><p>Her iki y\u00f6ntem de <strong><a href=\"https:\/\/www.linseis.com\/tr\/?p=113031\" data-auto-event-observed=\"true\">Ge\u00e7ici, yani zamana ba\u011fl\u0131 \u00f6l\u00e7\u00fcm y\u00f6ntemleri s\u0131n\u0131f\u0131<\/a><\/strong>Sabit y\u00f6ntemlerin aksine, \u00e7ok daha k\u0131sa \u00f6l\u00e7\u00fcm s\u00fcreleri sunan ve ek olarak <a href=\"https:\/\/www.linseis.com\/tr\/oelcuelen-degiskenler\/termal-iletkenlik\/\" data-auto-event-observed=\"true\"><strong>termal iletkenlik<\/strong> <\/a>ayn\u0131 zamanda e\u015f zamanl\u0131 olarak <a href=\"https:\/\/www.linseis.com\/tr\/oelcuelen-degiskenler\/termal-difuezivite\/\" data-auto-event-observed=\"true\"><strong>termal dif\u00fczivite<\/strong> <\/a>ayn\u0131 anda.<\/p><p>THB&#8217;nin ana bile\u015feni, hem bir Joule \u0131s\u0131 kayna\u011f\u0131 hem de bir diren\u00e7 termometresi olarak hizmet veren \u015ferit \u015feklinde bir elektrik iletkenidir. Numunenin iki yar\u0131s\u0131 aras\u0131na yerle\u015ftirilen \u015ferit, \u00f6l\u00e7\u00fcm s\u0131ras\u0131nda sabit bir \u0131s\u0131tma ak\u0131m\u0131 yayar ve bu sayede kendisini de \u0131s\u0131t\u0131r. Zaman i\u00e7indeki s\u0131cakl\u0131k art\u0131\u015f\u0131, bahsedilen termal ta\u015f\u0131ma \u00f6zelliklerinin \u00f6l\u00e7\u00fcs\u00fcd\u00fcr.  <\/p><p><strong>THW y\u00f6nteminde yaln\u0131zca tek bir \u0131s\u0131tma teli<\/strong> kullan\u0131l\u0131rken, <strong>THB y\u00f6nteminde<\/strong> Wheatstone k\u00f6pr\u00fcs\u00fc olu\u015fturmak \u00fczere ba\u011flanan <strong>d\u00f6rt \u0131s\u0131tma \u015feridi<\/strong> (bkz. \u015eekil 1) kullan\u0131l\u0131r. Bu, \u00f6l\u00e7\u00fcmden \u00f6nce s\u0131f\u0131r ayar\u0131n\u0131n gerekli olmad\u0131\u011f\u0131 anlam\u0131na gelir. <\/p><p>Kenar etkisini telafi etmek i\u00e7in, k\u0131vr\u0131ml\u0131 \u0131s\u0131tma \u015feritleri farkl\u0131 uzunluklarda iki par\u00e7aya ayr\u0131l\u0131r (\u015eekil 2). Bu, galvanik olarak ayr\u0131lm\u0131\u015f, ancak termal olarak ba\u011fl\u0131 iki ayr\u0131 diren\u00e7 olu\u015fturur. K\u0131sa segmentin voltaj d\u00fc\u015f\u00fc\u015f\u00fc uzun segmentten \u00e7\u0131kar\u0131l\u0131rsa, \u0131s\u0131tma \u015feridinin etkin uzunlu\u011fu boyunca kenarlardaki \u0131s\u0131 kay\u0131plar\u0131n\u0131n telafi edildi\u011fi bir \u00f6l\u00e7\u00fcm sinyali elde edilir.  <\/p><\/div><\/div><\/div><\/div><\/div><\/section>\t\t\t\t\t\t\t\t<\/div>\n\t\t\t\t<\/div>\n\t\t\t\t<div class=\"elementor-element elementor-element-fe4080d elementor-invisible elementor-widget elementor-widget-text-editor\" data-id=\"fe4080d\" data-element_type=\"widget\" data-e-type=\"widget\" data-settings=\"{&quot;_animation&quot;:&quot;fadeInUp&quot;,&quot;_animation_delay&quot;:500}\" data-widget_type=\"text-editor.default\">\n\t\t\t\t<div class=\"elementor-widget-container\">\n\t\t\t\t\t\t\t\t\t<section class=\"container\"><div class=\"row\"><div class=\"spb_content_element col-sm-12 spb_text_column\"><div class=\"spb_wrapper clearfix\"><p><img loading=\"lazy\" decoding=\"async\" class=\"wp-image-22645 size-full aligncenter\" src=\"https:\/\/www.linseis.com\/wp-content\/uploads\/2024\/07\/thb-tandem-strip.png\" alt=\"\" width=\"640\" height=\"170\" srcset=\"https:\/\/www.linseis.com\/wp-content\/uploads\/2024\/07\/thb-tandem-strip.png 640w, https:\/\/www.linseis.com\/wp-content\/uploads\/2024\/07\/thb-tandem-strip-300x80.png 300w\" sizes=\"(max-width: 640px) 100vw, 640px\" \/><\/p><p style=\"text-align: center;\"><em>THB tandem \u015feritleri<\/em><\/p><\/div><\/div><\/div><\/section>\t\t\t\t\t\t\t\t<\/div>\n\t\t\t\t<\/div>\n\t\t\t\t<div class=\"elementor-element elementor-element-c866b71 elementor-invisible elementor-widget elementor-widget-text-editor\" data-id=\"c866b71\" data-element_type=\"widget\" data-e-type=\"widget\" data-settings=\"{&quot;_animation&quot;:&quot;fadeInUp&quot;,&quot;_animation_delay&quot;:500}\" data-widget_type=\"text-editor.default\">\n\t\t\t\t<div class=\"elementor-widget-container\">\n\t\t\t\t\t\t\t\t\t<p><img loading=\"lazy\" decoding=\"async\" class=\"wp-image-22638 size-full aligncenter\" src=\"https:\/\/www.linseis.com\/wp-content\/uploads\/2024\/07\/THB-sensor.png\" alt=\"\" width=\"744\" height=\"716\" srcset=\"https:\/\/www.linseis.com\/wp-content\/uploads\/2024\/07\/THB-sensor.png 744w, https:\/\/www.linseis.com\/wp-content\/uploads\/2024\/07\/THB-sensor-300x289.png 300w\" sizes=\"(max-width: 744px) 100vw, 744px\" \/><\/p><p style=\"text-align: center;\"><em>THB sens\u00f6r\u00fc<\/em><\/p>\t\t\t\t\t\t\t\t<\/div>\n\t\t\t\t<\/div>\n\t\t\t\t<\/div>\n\t\t\t\t\t<\/div>\n\t\t\t\t<\/div>\n\t\t<div class=\"elementor-element elementor-element-d88aff4 e-flex e-con-boxed elementor-invisible e-con e-parent\" data-id=\"d88aff4\" data-element_type=\"container\" data-e-type=\"container\" data-settings=\"{&quot;background_background&quot;:&quot;classic&quot;,&quot;animation&quot;:&quot;fadeInUp&quot;}\">\n\t\t\t\t\t<div class=\"e-con-inner\">\n\t\t<div class=\"elementor-element elementor-element-1b0856d e-con-full e-flex e-con e-child\" data-id=\"1b0856d\" data-element_type=\"container\" data-e-type=\"container\">\n\t\t<div class=\"elementor-element elementor-element-db60d63 e-con-full e-flex e-con e-child\" data-id=\"db60d63\" data-element_type=\"container\" data-e-type=\"container\">\n\t\t\t\t<div class=\"elementor-element elementor-element-6515a14 elementor-widget elementor-widget-text-editor\" data-id=\"6515a14\" data-element_type=\"widget\" data-e-type=\"widget\" data-widget_type=\"text-editor.default\">\n\t\t\t\t<div class=\"elementor-widget-container\">\n\t\t\t\t\t\t\t\t\t<h2>Hangi termofiziksel \u00f6zellikler \u00f6l\u00e7\u00fcl\u00fcr?<\/h2>\t\t\t\t\t\t\t\t<\/div>\n\t\t\t\t<\/div>\n\t\t\t\t<div class=\"elementor-element elementor-element-7972158 elementor-widget elementor-widget-text-editor\" data-id=\"7972158\" data-element_type=\"widget\" data-e-type=\"widget\" data-widget_type=\"text-editor.default\">\n\t\t\t\t<div class=\"elementor-widget-container\">\n\t\t\t\t\t\t\t\t\t<p>Ge\u00e7ici S\u0131cak K\u00f6pr\u00fc y\u00f6ntemi ile <strong><a href=\"https:\/\/www.linseis.com\/tr\/oelcuelen-degiskenler\/termal-iletkenlik\/\" data-auto-event-observed=\"true\">termal iletkenlik<\/a><\/strong>, <strong><a href=\"https:\/\/www.linseis.com\/tr\/oelcuelen-degiskenler\/termal-difuezivite\/\" data-auto-event-observed=\"true\">termal dif\u00fczivite<\/a> <\/strong>ve e\u011fer yo\u011funluk biliniyorsa, ayn\u0131 zamanda <strong><a href=\"https:\/\/www.linseis.com\/tr\/oelcuelen-degiskenler\/oezguel-isi-kapasitesi\/\" data-auto-event-observed=\"true\">\u00f6zg\u00fcl \u0131s\u0131 kapasitesi<\/a> <\/strong>kat\u0131lar\u0131n, s\u0131v\u0131lar\u0131n, d\u00f6kme kat\u0131lar\u0131n ve macunsu malzemelerin belirlenebilir.<\/p><p><strong>Is\u0131tma teli\/\u0131s\u0131tma \u015feridi \u00f6l\u00e7\u00fcm y\u00f6ntemleri i\u00e7in hangi standartlar vard\u0131r?<\/strong><\/p><ul><li><strong>ASTM D 5930-01<br><\/strong>Ge\u00e7ici hat kayna\u011f\u0131 tekni\u011fi ile plastiklerin termal iletkenli\u011fi i\u00e7in standart test y\u00f6ntemi<\/li><li><strong>ASTM D7896-19<br><\/strong>Ge\u00e7ici S\u0131cak Tel S\u0131v\u0131 Termal \u0130letkenlik Y\u00f6ntemi ile Motor So\u011futucular\u0131 ve \u0130lgili S\u0131v\u0131lar\u0131n Termal \u0130letkenli\u011fi, Termal Dif\u00fczivitesi ve Hacimsel Is\u0131 Kapasitesi i\u00e7in Standart Test Y\u00f6ntemi<\/li><li><strong>ISO 22007-2<br><\/strong>Plastikler-Is\u0131l iletkenlik ve \u0131s\u0131l dif\u00fczivite tayini<\/li><li style=\"list-style-type: none;\"> <\/li><\/ul>\t\t\t\t\t\t\t\t<\/div>\n\t\t\t\t<\/div>\n\t\t\t\t<\/div>\n\t\t\t\t<\/div>\n\t\t\t\t\t<\/div>\n\t\t\t\t<\/div>\n\t\t\t\t<\/div>\n\t\t","protected":false},"excerpt":{"rendered":"<p>Ge\u00e7ici S\u0131cak K\u00f6pr\u00fc (THB) Ge\u00e7ici s\u0131cak k\u00f6pr\u00fc y\u00f6ntemi nedir? S\u0131cak k\u00f6pr\u00fc y\u00f6ntemi Ge\u00e7ici S\u0131cak K\u00f6pr\u00fc (THB) malzemelerin termal ta\u015f\u0131n\u0131m \u00f6zelliklerini \u00f6l\u00e7mek i\u00e7in s\u0131cak tel y\u00f6nteminin (THW) daha da geli\u015ftirilmi\u015f halidir. Her iki y\u00f6ntem de Ge\u00e7ici, yani zamana ba\u011fl\u0131 \u00f6l\u00e7\u00fcm y\u00f6ntemleri s\u0131n\u0131f\u0131Sabit y\u00f6ntemlerin aksine, \u00e7ok daha k\u0131sa \u00f6l\u00e7\u00fcm s\u00fcreleri sunan ve ek olarak termal iletkenlik ayn\u0131 [&hellip;]<\/p>\n","protected":false},"author":3,"featured_media":0,"parent":113451,"menu_order":0,"comment_status":"closed","ping_status":"closed","template":"","meta":{"_acf_changed":false,"inline_featured_image":false,"footnotes":""},"class_list":["post-113504","page","type-page","status-publish","hentry"],"acf":[],"_links":{"self":[{"href":"https:\/\/www.linseis.com\/tr\/wp-json\/wp\/v2\/pages\/113504","targetHints":{"allow":["GET"]}}],"collection":[{"href":"https:\/\/www.linseis.com\/tr\/wp-json\/wp\/v2\/pages"}],"about":[{"href":"https:\/\/www.linseis.com\/tr\/wp-json\/wp\/v2\/types\/page"}],"author":[{"embeddable":true,"href":"https:\/\/www.linseis.com\/tr\/wp-json\/wp\/v2\/users\/3"}],"replies":[{"embeddable":true,"href":"https:\/\/www.linseis.com\/tr\/wp-json\/wp\/v2\/comments?post=113504"}],"version-history":[{"count":0,"href":"https:\/\/www.linseis.com\/tr\/wp-json\/wp\/v2\/pages\/113504\/revisions"}],"up":[{"embeddable":true,"href":"https:\/\/www.linseis.com\/tr\/wp-json\/wp\/v2\/pages\/113451"}],"wp:attachment":[{"href":"https:\/\/www.linseis.com\/tr\/wp-json\/wp\/v2\/media?parent=113504"}],"curies":[{"name":"wp","href":"https:\/\/api.w.org\/{rel}","templated":true}]}}