{"id":113499,"date":"2024-07-26T11:37:07","date_gmt":"2024-07-26T09:37:07","guid":{"rendered":"https:\/\/www.linseis.com\/termal-analiz-yoentemleri\/termomekanik-analiz\/"},"modified":"2026-01-23T11:43:13","modified_gmt":"2026-01-23T10:43:13","slug":"termomekanik-analiz","status":"publish","type":"page","link":"https:\/\/www.linseis.com\/tr\/termal-analiz-yoentemleri\/termomekanik-analiz\/","title":{"rendered":"Termomekanik analiz"},"content":{"rendered":"\t\t<div data-elementor-type=\"wp-post\" data-elementor-id=\"113499\" class=\"elementor elementor-113499 elementor-22620\" data-elementor-post-type=\"page\">\n\t\t\t\t<div class=\"elementor-element elementor-element-a3549cf e-flex e-con-boxed e-con e-parent\" data-id=\"a3549cf\" data-element_type=\"container\" data-e-type=\"container\" data-settings=\"{&quot;background_background&quot;:&quot;classic&quot;}\">\n\t\t\t\t\t<div class=\"e-con-inner\">\n\t\t\t\t<div class=\"elementor-element elementor-element-ac41c94 elementor-widget elementor-widget-image\" data-id=\"ac41c94\" data-element_type=\"widget\" data-e-type=\"widget\" data-widget_type=\"image.default\">\n\t\t\t\t<div class=\"elementor-widget-container\">\n\t\t\t\t\t\t\t\t\t\t\t\t\t\t\t<img fetchpriority=\"high\" decoding=\"async\" width=\"800\" height=\"800\" src=\"https:\/\/www.linseis.com\/wp-content\/uploads\/2024\/06\/linseis_scale-top-1.svg\" class=\"attachment-large size-large wp-image-123864\" alt=\"\" \/>\t\t\t\t\t\t\t\t\t\t\t\t\t\t\t<\/div>\n\t\t\t\t<\/div>\n\t\t<div class=\"elementor-element elementor-element-a7b7feb e-con-full e-flex e-con e-child\" data-id=\"a7b7feb\" data-element_type=\"container\" data-e-type=\"container\">\n\t\t<div class=\"elementor-element elementor-element-6100945 e-con-full e-flex e-con e-child\" data-id=\"6100945\" data-element_type=\"container\" data-e-type=\"container\">\n\t\t\t\t<div class=\"elementor-element elementor-element-cc1182c elementor-invisible elementor-widget elementor-widget-heading\" data-id=\"cc1182c\" data-element_type=\"widget\" data-e-type=\"widget\" data-settings=\"{&quot;_animation&quot;:&quot;fadeInUp&quot;,&quot;_animation_delay&quot;:250}\" data-widget_type=\"heading.default\">\n\t\t\t\t<div class=\"elementor-widget-container\">\n\t\t\t\t\t<h1 class=\"elementor-heading-title elementor-size-default\"><b>\n\nTermomekanik analiz\n\n<\/b><\/h1>\t\t\t\t<\/div>\n\t\t\t\t<\/div>\n\t\t\t\t<\/div>\n\t\t<div class=\"elementor-element elementor-element-6d91a43 e-con-full e-flex e-con e-child\" data-id=\"6d91a43\" data-element_type=\"container\" data-e-type=\"container\">\n\t\t\t\t<div class=\"elementor-element elementor-element-9413374 elementor-widget elementor-widget-n-carousel\" data-id=\"9413374\" data-element_type=\"widget\" data-e-type=\"widget\" data-settings=\"{&quot;carousel_items&quot;:[{&quot;slide_title&quot;:&quot;Produkt 1&quot;,&quot;_id&quot;:&quot;d6fbcdb&quot;}],&quot;slides_to_show&quot;:&quot;1&quot;,&quot;slides_to_scroll&quot;:&quot;2&quot;,&quot;autoplay_speed&quot;:2000,&quot;slides_to_show_tablet&quot;:&quot;1&quot;,&quot;slides_to_show_mobile&quot;:&quot;1&quot;,&quot;autoplay&quot;:&quot;yes&quot;,&quot;pause_on_hover&quot;:&quot;yes&quot;,&quot;pause_on_interaction&quot;:&quot;yes&quot;,&quot;infinite&quot;:&quot;yes&quot;,&quot;speed&quot;:500,&quot;offset_sides&quot;:&quot;none&quot;,&quot;image_spacing_custom&quot;:{&quot;unit&quot;:&quot;px&quot;,&quot;size&quot;:10,&quot;sizes&quot;:[]},&quot;image_spacing_custom_tablet&quot;:{&quot;unit&quot;:&quot;px&quot;,&quot;size&quot;:&quot;&quot;,&quot;sizes&quot;:[]},&quot;image_spacing_custom_mobile&quot;:{&quot;unit&quot;:&quot;px&quot;,&quot;size&quot;:&quot;&quot;,&quot;sizes&quot;:[]}}\" data-widget_type=\"nested-carousel.default\">\n\t\t\t\t<div class=\"elementor-widget-container\">\n\t\t\t\t\t\t\t<div class=\"e-n-carousel swiper\" role=\"region\" aria-roledescription=\"carousel\" aria-label=\"Karussell\" dir=\"ltr\">\n\t\t\t<div class=\"swiper-wrapper\" aria-live=\"off\">\n\t\t\t\t\t\t\t\t\t\t<div class=\"swiper-slide\" data-slide=\"1\" role=\"group\" aria-roledescription=\"slide\" aria-label=\"1 of 1\">\n\t\t\t\t\t\t\t<div class=\"elementor-element elementor-element-44441f5 e-flex e-con-boxed e-con e-child\" data-id=\"44441f5\" data-element_type=\"container\" data-e-type=\"container\">\n\t\t\t\t\t<div class=\"e-con-inner\">\n\t\t\t\t<div class=\"elementor-element elementor-element-4103051 elementor-widget__width-initial elementor-invisible elementor-widget elementor-widget-image\" data-id=\"4103051\" data-element_type=\"widget\" data-e-type=\"widget\" data-settings=\"{&quot;_animation&quot;:&quot;fadeInUp&quot;}\" data-widget_type=\"image.default\">\n\t\t\t\t<div class=\"elementor-widget-container\">\n\t\t\t\t\t\t\t\t\t\t\t\t\t\t\t<img decoding=\"async\" width=\"800\" height=\"800\" src=\"https:\/\/www.linseis.com\/wp-content\/uploads\/2024\/07\/Linseis-Icons_Linien-weiss_Zeichenflaeche-1-Kopie-86-1024x1024.png\" class=\"attachment-large size-large wp-image-23722\" alt=\"\" srcset=\"https:\/\/www.linseis.com\/wp-content\/uploads\/2024\/07\/Linseis-Icons_Linien-weiss_Zeichenflaeche-1-Kopie-86-1024x1024.png 1024w, https:\/\/www.linseis.com\/wp-content\/uploads\/2024\/07\/Linseis-Icons_Linien-weiss_Zeichenflaeche-1-Kopie-86-300x300.png 300w, https:\/\/www.linseis.com\/wp-content\/uploads\/2024\/07\/Linseis-Icons_Linien-weiss_Zeichenflaeche-1-Kopie-86-150x150.png 150w, https:\/\/www.linseis.com\/wp-content\/uploads\/2024\/07\/Linseis-Icons_Linien-weiss_Zeichenflaeche-1-Kopie-86-768x768.png 768w, https:\/\/www.linseis.com\/wp-content\/uploads\/2024\/07\/Linseis-Icons_Linien-weiss_Zeichenflaeche-1-Kopie-86-1536x1536.png 1536w, https:\/\/www.linseis.com\/wp-content\/uploads\/2024\/07\/Linseis-Icons_Linien-weiss_Zeichenflaeche-1-Kopie-86-2048x2048.png 2048w\" sizes=\"(max-width: 800px) 100vw, 800px\" \/>\t\t\t\t\t\t\t\t\t\t\t\t\t\t\t<\/div>\n\t\t\t\t<\/div>\n\t\t\t\t\t<\/div>\n\t\t\t\t<\/div>\n\t\t\t\t\t\t\t\t<\/div>\n\t\t\t\t\t\t\t\t<\/div>\n\t\t<\/div>\n\t\t\t\t\t\t<\/div>\n\t\t\t\t<\/div>\n\t\t\t\t<\/div>\n\t\t\t\t<\/div>\n\t\t\t\t<div class=\"elementor-element elementor-element-b4a6800 elementor-widget elementor-widget-image\" data-id=\"b4a6800\" data-element_type=\"widget\" data-e-type=\"widget\" data-widget_type=\"image.default\">\n\t\t\t\t<div class=\"elementor-widget-container\">\n\t\t\t\t\t\t\t\t\t\t\t\t\t\t\t<img decoding=\"async\" width=\"800\" height=\"800\" src=\"https:\/\/www.linseis.com\/wp-content\/uploads\/2024\/06\/linseis_scale-bottom-1.svg\" class=\"attachment-large size-large wp-image-123873\" alt=\"\" \/>\t\t\t\t\t\t\t\t\t\t\t\t\t\t\t<\/div>\n\t\t\t\t<\/div>\n\t\t\t\t\t<\/div>\n\t\t\t\t<\/div>\n\t\t<div class=\"elementor-element elementor-element-7c8d6cc e-flex e-con-boxed e-con e-parent\" data-id=\"7c8d6cc\" data-element_type=\"container\" data-e-type=\"container\" data-settings=\"{&quot;background_background&quot;:&quot;classic&quot;}\">\n\t\t\t\t\t<div class=\"e-con-inner\">\n\t\t\t\t\t<\/div>\n\t\t\t\t<\/div>\n\t\t<div class=\"elementor-element elementor-element-d7b7522 e-flex e-con-boxed e-con e-parent\" data-id=\"d7b7522\" data-element_type=\"container\" data-e-type=\"container\" data-settings=\"{&quot;background_background&quot;:&quot;classic&quot;}\">\n\t\t\t\t\t<div class=\"e-con-inner\">\n\t\t<div class=\"elementor-element elementor-element-449b6fd e-con-full e-flex e-con e-child\" data-id=\"449b6fd\" data-element_type=\"container\" data-e-type=\"container\">\n\t\t\t\t<div class=\"elementor-element elementor-element-031217d elementor-invisible elementor-widget elementor-widget-wp-widget-bcn_widget\" data-id=\"031217d\" data-element_type=\"widget\" data-e-type=\"widget\" data-settings=\"{&quot;_animation&quot;:&quot;fadeInUp&quot;}\" data-widget_type=\"wp-widget-bcn_widget.default\">\n\t\t\t\t<div class=\"elementor-widget-container\">\n\t\t\t\t\t<div class=\"breadcrumbs\" vocab=\"https:\/\/schema.org\/\" typeof=\"BreadcrumbList\"><span property=\"itemListElement\" typeof=\"ListItem\"><a property=\"item\" typeof=\"WebPage\" title=\"Go to Linseis.\" href=\"https:\/\/www.linseis.com\/tr\/\" class=\"home\" aria-current=\"page\"><span property=\"name\">Linseis<\/span><\/a><meta property=\"position\" content=\"1\"><\/span><\/div>\t\t\t\t<\/div>\n\t\t\t\t<\/div>\n\t\t\t\t<\/div>\n\t\t\t\t\t<\/div>\n\t\t\t\t<\/div>\n\t\t<div class=\"elementor-element elementor-element-ed98f58 e-flex e-con-boxed e-con e-parent\" data-id=\"ed98f58\" data-element_type=\"container\" data-e-type=\"container\" data-settings=\"{&quot;background_background&quot;:&quot;classic&quot;}\">\n\t\t\t\t\t<div class=\"e-con-inner\">\n\t\t<div class=\"elementor-element elementor-element-bbc47b3 e-con-full e-flex e-con e-child\" data-id=\"bbc47b3\" data-element_type=\"container\" data-e-type=\"container\">\n\t\t\t\t<div class=\"elementor-element elementor-element-8741304 elementor-invisible elementor-widget elementor-widget-text-editor\" data-id=\"8741304\" data-element_type=\"widget\" data-e-type=\"widget\" data-settings=\"{&quot;_animation&quot;:&quot;fadeInUp&quot;,&quot;_animation_delay&quot;:500}\" data-widget_type=\"text-editor.default\">\n\t\t\t\t<div class=\"elementor-widget-container\">\n\t\t\t\t\t\t\t\t\t<h2>Termomekanik analiz<\/h2>\t\t\t\t\t\t\t\t<\/div>\n\t\t\t\t<\/div>\n\t\t\t\t<div class=\"elementor-element elementor-element-ae33f3a elementor-widget elementor-widget-text-editor\" data-id=\"ae33f3a\" data-element_type=\"widget\" data-e-type=\"widget\" data-widget_type=\"text-editor.default\">\n\t\t\t\t<div class=\"elementor-widget-container\">\n\t\t\t\t\t\t\t\t\t<section class=\"container\"><div class=\"row\"><div class=\"spb_content_element col-sm-12 spb_text_column\"><div class=\"spb_wrapper clearfix\"><div class=\"spb_content_element col-sm-6 spb_text_column\"><div class=\"spb_wrapper clearfix\"><p>Termomekanik analiz, esas olarak termal genle\u015fme katsay\u0131s\u0131n\u0131 (CTE) \u00f6l\u00e7mek i\u00e7in kullan\u0131lan bir termal analiz y\u00f6ntemidir. <strong><a href=\"https:\/\/www.linseis.com\/messgroessen\/laengenausdehnungskoeffizient\/\" data-auto-event-observed=\"true\">termal genle\u015fme katsay\u0131s\u0131 (CTE)<\/a> <\/strong>ile yak\u0131ndan ili\u015fkilidir ve bu nedenle <strong><a href=\"https:\/\/www.linseis.com\/tr\/termal-analiz-yoentemleri\/dilatometri\/\" data-auto-event-observed=\"true\">dilatometri<\/a><\/strong> dilatometri ile yak\u0131ndan ili\u015fkilidir.<\/p><p>Dilatometri y\u00fck olmadan genle\u015fmeyi \u00f6l\u00e7er ve termomekanik analiz kontroll\u00fc y\u00fck alt\u0131nda \u00f6l\u00e7\u00fcm yapar. Numune ile temas halindeki itme \u00e7ubu\u011funun yer de\u011fi\u015ftirmesi s\u0131cakl\u0131\u011f\u0131n bir fonksiyonu olarak \u00f6l\u00e7\u00fcl\u00fcr. <\/p><\/div><\/div><\/div><\/div><\/div><\/section>\t\t\t\t\t\t\t\t<\/div>\n\t\t\t\t<\/div>\n\t\t\t\t<div class=\"elementor-element elementor-element-71a1ec4 elementor-widget elementor-widget-text-editor\" data-id=\"71a1ec4\" data-element_type=\"widget\" data-e-type=\"widget\" data-widget_type=\"text-editor.default\">\n\t\t\t\t<div class=\"elementor-widget-container\">\n\t\t\t\t\t\t\t\t\t<h2>Bir termobalans\u0131n yap\u0131s\u0131<\/h2>\t\t\t\t\t\t\t\t<\/div>\n\t\t\t\t<\/div>\n\t\t\t\t<div class=\"elementor-element elementor-element-32d9053 elementor-widget elementor-widget-text-editor\" data-id=\"32d9053\" data-element_type=\"widget\" data-e-type=\"widget\" data-widget_type=\"text-editor.default\">\n\t\t\t\t<div class=\"elementor-widget-container\">\n\t\t\t\t\t\t\t\t\t<section class=\"container\"><div class=\"row\"><div class=\"spb_content_element col-sm-12 spb_text_column\"><div class=\"spb_wrapper clearfix\"><div class=\"spb_content_element col-sm-6 spb_text_column\"><div class=\"spb_wrapper clearfix\"><p>Klasik termogravimetride, bir numune genellikle inert malzemeden (\u00f6rne\u011fin platin, al\u00fcminyum oksit, alt\u0131n&#8230;) olu\u015fan bir potaya yerle\u015ftirilir ve kontroll\u00fc atmosfer ve s\u0131cakl\u0131klar uygulayabilen bir f\u0131r\u0131n i\u00e7indeki bir sens\u00f6r\u00fcn \u00fczerine yerle\u015ftirilir (\u015eema 1).<\/p><\/div><\/div><\/div><\/div><\/div><\/section>\t\t\t\t\t\t\t\t<\/div>\n\t\t\t\t<\/div>\n\t\t\t\t<div class=\"elementor-element elementor-element-fe4080d elementor-invisible elementor-widget elementor-widget-text-editor\" data-id=\"fe4080d\" data-element_type=\"widget\" data-e-type=\"widget\" data-settings=\"{&quot;_animation&quot;:&quot;fadeInUp&quot;,&quot;_animation_delay&quot;:500}\" data-widget_type=\"text-editor.default\">\n\t\t\t\t<div class=\"elementor-widget-container\">\n\t\t\t\t\t\t\t\t\t<section class=\"container\"><div class=\"row\"><div class=\"spb_content_element col-sm-12 spb_text_column\"><div class=\"spb_wrapper clearfix\"><p><img loading=\"lazy\" decoding=\"async\" class=\"wp-image-22622 size-full aligncenter\" src=\"https:\/\/www.linseis.com\/wp-content\/uploads\/2024\/07\/TMA-measurement-principle-2-768x658-1.png\" alt=\"\" width=\"768\" height=\"658\" srcset=\"https:\/\/www.linseis.com\/wp-content\/uploads\/2024\/07\/TMA-measurement-principle-2-768x658-1.png 768w, https:\/\/www.linseis.com\/wp-content\/uploads\/2024\/07\/TMA-measurement-principle-2-768x658-1-300x257.png 300w\" sizes=\"(max-width: 768px) 100vw, 768px\" \/><\/p><p style=\"text-align: center;\"><em>Numuneyi, piston \u00e7ubu\u011funu ve yer de\u011fi\u015ftirme sens\u00f6r\u00fcn\u00fc (LVDT) g\u00f6steren bir termomekanik analiz\u00f6r kurulumu<\/em><\/p><\/div><\/div><\/div><\/section>\t\t\t\t\t\t\t\t<\/div>\n\t\t\t\t<\/div>\n\t\t\t\t<div class=\"elementor-element elementor-element-30f5ea1 elementor-widget elementor-widget-text-editor\" data-id=\"30f5ea1\" data-element_type=\"widget\" data-e-type=\"widget\" data-widget_type=\"text-editor.default\">\n\t\t\t\t<div class=\"elementor-widget-container\">\n\t\t\t\t\t\t\t\t\t<section class=\"container\"><div class=\"row\"><div class=\"spb_content_element col-sm-12 spb_text_column\"><div class=\"spb_wrapper clearfix\"><div class=\"spb_content_element col-sm-6 spb_text_column\"><div class=\"spb_wrapper clearfix\"><section class=\"container\"><div class=\"row\"><div class=\"spb_content_element col-sm-12 spb_text_column\"><div class=\"spb_wrapper clearfix\"><p>Numunelerin yumu\u015famas\u0131n\u0131 analiz etmek i\u00e7in daha y\u00fcksek kuvvetler ve\/veya u\u00e7lu pistonlar (penetrasyon pistonlar\u0131) kullan\u0131labilir. Bu, a\u015fa\u011f\u0131dakileri \u00f6l\u00e7mek i\u00e7in kullan\u0131\u015fl\u0131d\u0131r <a href=\"https:\/\/www.linseis.com\/tr\/?p=112850\"><strong>cam ge\u00e7i\u015f s\u0131cakl\u0131\u011f\u0131 (Tg)<\/strong><\/a> polimerlerin. <\/p><p>Termomekanik analiz, s\u0131kl\u0131kla kullan\u0131lan termomekanik analizden \u00e7ok daha hassast\u0131r. <strong><a href=\"https:\/\/www.linseis.com\/tr\/termal-analiz-yoentemleri\/dinamik-diferansiyel-kalorimetri\/\" data-auto-event-observed=\"true\">Diferansiyel taramal\u0131 kalorimetri (DSC)<\/a><\/strong>. Hassasiyet, sal\u0131n\u0131ml\u0131 bir yan\u0131t sinyaline yol a\u00e7an sal\u0131n\u0131ml\u0131 kuvvetler (\u00f6rn. sin\u00fczoidal, \u00fc\u00e7gen, dikd\u00f6rtgen) kullan\u0131larak art\u0131r\u0131labilir. <\/p><\/div><\/div><\/div><\/section><\/div><\/div><\/div><\/div><\/div><\/section>\t\t\t\t\t\t\t\t<\/div>\n\t\t\t\t<\/div>\n\t\t\t\t<div class=\"elementor-element elementor-element-c866b71 elementor-invisible elementor-widget elementor-widget-text-editor\" data-id=\"c866b71\" data-element_type=\"widget\" data-e-type=\"widget\" data-settings=\"{&quot;_animation&quot;:&quot;fadeInUp&quot;,&quot;_animation_delay&quot;:500}\" data-widget_type=\"text-editor.default\">\n\t\t\t\t<div class=\"elementor-widget-container\">\n\t\t\t\t\t\t\t\t\t<p><img loading=\"lazy\" decoding=\"async\" class=\"wp-image-17724 size-large aligncenter\" src=\"https:\/\/www.linseis.com\/wp-content\/uploads\/2024\/07\/TMA-Evaluation-of-Elastromer-Sample-1024x606.png\" alt=\"\" width=\"1024\" height=\"606\" srcset=\"https:\/\/www.linseis.com\/wp-content\/uploads\/2024\/07\/TMA-Evaluation-of-Elastromer-Sample-1024x606.png 1024w, https:\/\/www.linseis.com\/wp-content\/uploads\/2024\/07\/TMA-Evaluation-of-Elastromer-Sample-300x178.png 300w, https:\/\/www.linseis.com\/wp-content\/uploads\/2024\/07\/TMA-Evaluation-of-Elastromer-Sample-768x455.png 768w, https:\/\/www.linseis.com\/wp-content\/uploads\/2024\/07\/TMA-Evaluation-of-Elastromer-Sample-1536x910.png 1536w, https:\/\/www.linseis.com\/wp-content\/uploads\/2024\/07\/TMA-Evaluation-of-Elastromer-Sample-2048x1213.png 2048w\" sizes=\"(max-width: 1024px) 100vw, 1024px\" \/><\/p><p style=\"text-align: center;\"><em>Bir elastomerin cams\u0131 ge\u00e7i\u015finin sal\u0131n\u0131m kuvvetiyle TMA ile tespiti; Tg, dedekt\u00f6r\u00fcn yan\u0131t sinyalinde g\u00fc\u00e7l\u00fc bir art\u0131\u015fla g\u00f6sterilen 29\u00b0C&#8217;de bulunmu\u015ftur<\/em><\/p>\t\t\t\t\t\t\t\t<\/div>\n\t\t\t\t<\/div>\n\t\t\t\t<div class=\"elementor-element elementor-element-5b34401 elementor-widget elementor-widget-text-editor\" data-id=\"5b34401\" data-element_type=\"widget\" data-e-type=\"widget\" data-widget_type=\"text-editor.default\">\n\t\t\t\t<div class=\"elementor-widget-container\">\n\t\t\t\t\t\t\t\t\t<section class=\"container\"><div class=\"row\"><div class=\"spb_content_element col-sm-12 spb_text_column\"><div class=\"spb_wrapper clearfix\"><div class=\"spb_content_element col-sm-6 spb_text_column\"><div class=\"spb_wrapper clearfix\"><section class=\"container\"><div class=\"row\"><div class=\"spb_content_element col-sm-12 spb_text_column\"><div class=\"spb_wrapper clearfix\"><p>Di\u011fer tip pistonlar ve \u00f6l\u00e7\u00fcm d\u00fczenekleri, elastikiyet mod\u00fcl\u00fcn\u00fc tahmin etmeyi veya liflerin ve filmlerin CTE&#8217;sini \u00f6l\u00e7meyi m\u00fcmk\u00fcn k\u0131lar. \u0130kinci durumda, numune \u00f6zel bir numune tutucuya s\u0131k\u0131\u015ft\u0131r\u0131l\u0131r ve numuneye hafif bir gerilim uygulan\u0131r. <\/p><\/div><\/div><\/div><\/section><\/div><\/div><\/div><\/div><\/div><\/section>\t\t\t\t\t\t\t\t<\/div>\n\t\t\t\t<\/div>\n\t\t\t\t<div class=\"elementor-element elementor-element-5e877db elementor-invisible elementor-widget elementor-widget-text-editor\" data-id=\"5e877db\" data-element_type=\"widget\" data-e-type=\"widget\" data-settings=\"{&quot;_animation&quot;:&quot;fadeInUp&quot;,&quot;_animation_delay&quot;:500}\" data-widget_type=\"text-editor.default\">\n\t\t\t\t<div class=\"elementor-widget-container\">\n\t\t\t\t\t\t\t\t\t<p><img loading=\"lazy\" decoding=\"async\" class=\"wp-image-17209 size-full aligncenter\" src=\"https:\/\/www.linseis.com\/wp-content\/uploads\/2024\/07\/TMA-modules-1024x368-1.png\" alt=\"\" width=\"1024\" height=\"368\" srcset=\"https:\/\/www.linseis.com\/wp-content\/uploads\/2024\/07\/TMA-modules-1024x368-1.png 1024w, https:\/\/www.linseis.com\/wp-content\/uploads\/2024\/07\/TMA-modules-1024x368-1-300x108.png 300w, https:\/\/www.linseis.com\/wp-content\/uploads\/2024\/07\/TMA-modules-1024x368-1-768x276.png 768w\" sizes=\"(max-width: 1024px) 100vw, 1024px\" \/><\/p><p style=\"text-align: center;\"><em>\u00c7e\u015fitli TMA \u00f6l\u00e7\u00fcm sistemleri<\/em><\/p>\t\t\t\t\t\t\t\t<\/div>\n\t\t\t\t<\/div>\n\t\t\t\t<\/div>\n\t\t\t\t\t<\/div>\n\t\t\t\t<\/div>\n\t\t<div class=\"elementor-element elementor-element-8801439 e-flex e-con-boxed elementor-invisible e-con e-parent\" data-id=\"8801439\" data-element_type=\"container\" data-e-type=\"container\" data-settings=\"{&quot;background_background&quot;:&quot;classic&quot;,&quot;animation&quot;:&quot;fadeInUp&quot;}\">\n\t\t\t\t\t<div class=\"e-con-inner\">\n\t\t<div class=\"elementor-element elementor-element-4fda86f e-con-full e-flex e-con e-child\" data-id=\"4fda86f\" data-element_type=\"container\" data-e-type=\"container\">\n\t\t<div class=\"elementor-element elementor-element-a0a9aac e-con-full e-flex e-con e-child\" data-id=\"a0a9aac\" data-element_type=\"container\" data-e-type=\"container\">\n\t\t\t\t<div class=\"elementor-element elementor-element-53ea4ef elementor-widget elementor-widget-text-editor\" data-id=\"53ea4ef\" data-element_type=\"widget\" data-e-type=\"widget\" data-widget_type=\"text-editor.default\">\n\t\t\t\t<div class=\"elementor-widget-container\">\n\t\t\t\t\t\t\t\t\t<h2>Termomekanik analizin \u00f6zellikleri ve reaksiyonlar\u0131<\/h2>\t\t\t\t\t\t\t\t<\/div>\n\t\t\t\t<\/div>\n\t\t\t\t<div class=\"elementor-element elementor-element-d38f832 elementor-widget elementor-widget-text-editor\" data-id=\"d38f832\" data-element_type=\"widget\" data-e-type=\"widget\" data-widget_type=\"text-editor.default\">\n\t\t\t\t<div class=\"elementor-widget-container\">\n\t\t\t\t\t\t\t\t\t<p>TMA \u015fu alanlarda kullan\u0131l\u0131r <strong><a href=\"https:\/\/www.linseis.com\/applikationen\/polymere\/\" data-auto-event-observed=\"true\">poli\u0307mer bi\u0307li\u0307mi\u0307<\/a><\/strong> termal genle\u015fme katsay\u0131s\u0131n\u0131 (CTE) ve liflerin ve filmlerin gerilme\/gerinim davran\u0131\u015f\u0131n\u0131 \u00f6l\u00e7mek i\u00e7in kullan\u0131l\u0131r. Bir polimer numunesinin \u0131s\u0131t\u0131lmas\u0131 s\u0131ras\u0131nda \u00e7\u00f6z\u00fcc\u00fc buharla\u015fabilir, sertle\u015fmemi\u015f par\u00e7alar\u0131n sertle\u015fmesi ve polimer zincirlerinin yeniden d\u00fczenlenmesi meydana gelebilir ve\/veya yeniden kristalle\u015fme b\u00fcz\u00fclme (negatif genle\u015fme) olarak alg\u0131lanabilir. <\/p><p>Yumu\u015fama davran\u0131\u015f\u0131 ve cams\u0131 ge\u00e7i\u015f s\u0131cakl\u0131klar\u0131 (Tg) da esas olarak bir sal\u0131n\u0131m kuvveti uygulanarak ara\u015ft\u0131r\u0131labilir.<\/p>\t\t\t\t\t\t\t\t<\/div>\n\t\t\t\t<\/div>\n\t\t\t\t<\/div>\n\t\t\t\t<\/div>\n\t\t\t\t\t<\/div>\n\t\t\t\t<\/div>\n\t\t<div class=\"elementor-element elementor-element-d88aff4 e-flex e-con-boxed elementor-invisible e-con e-parent\" data-id=\"d88aff4\" data-element_type=\"container\" data-e-type=\"container\" data-settings=\"{&quot;background_background&quot;:&quot;classic&quot;,&quot;animation&quot;:&quot;fadeInUp&quot;}\">\n\t\t\t\t\t<div class=\"e-con-inner\">\n\t\t<div class=\"elementor-element elementor-element-1b0856d e-con-full e-flex e-con e-child\" data-id=\"1b0856d\" data-element_type=\"container\" data-e-type=\"container\">\n\t\t<div class=\"elementor-element elementor-element-db60d63 e-con-full e-flex e-con e-child\" data-id=\"db60d63\" data-element_type=\"container\" data-e-type=\"container\">\n\t\t\t\t<div class=\"elementor-element elementor-element-6515a14 elementor-widget elementor-widget-text-editor\" data-id=\"6515a14\" data-element_type=\"widget\" data-e-type=\"widget\" data-widget_type=\"text-editor.default\">\n\t\t\t\t<div class=\"elementor-widget-container\">\n\t\t\t\t\t\t\t\t\t<h2>Termomekanik analiz i\u00e7in standartlar<\/h2>\t\t\t\t\t\t\t\t<\/div>\n\t\t\t\t<\/div>\n\t\t\t\t<div class=\"elementor-element elementor-element-7972158 elementor-widget elementor-widget-text-editor\" data-id=\"7972158\" data-element_type=\"widget\" data-e-type=\"widget\" data-widget_type=\"text-editor.default\">\n\t\t\t\t<div class=\"elementor-widget-container\">\n\t\t\t\t\t\t\t\t\t<ul><li><strong>ISO 11359: Plastikler &#8211; Termomekanik analiz (TMA)<\/strong><\/li><\/ul><p><br>Plastikler &#8211; Termomekanik analiz (TMA) &#8211; B\u00f6l\u00fcm 1: Genel ilkeler<\/p><p>Plastikler &#8211; Termomekanik analiz (TMA) &#8211; B\u00f6l\u00fcm 2: Do\u011frusal termal genle\u015fme katsay\u0131s\u0131n\u0131n ve cams\u0131 ge\u00e7i\u015f s\u0131cakl\u0131\u011f\u0131n\u0131n belirlenmesi<\/p><ul><li><strong>ASTM E831 -19 Termomekanik Analiz ile Kat\u0131 Malzemelerin Do\u011frusal Termal Genle\u015fmesi i\u00e7in Standart Test Y\u00f6ntemi<br><br><\/strong><\/li><li><strong>ASTM E2113 &#8211; 18 Termomekanik Analiz\u00f6rlerin Uzant\u0131s\u0131n\u0131n Kalibrasyonu i\u00e7in Standart Test Y\u00f6ntemleri<br><br><\/strong><\/li><li><strong>ASTM E1363 &#8211; 18 Termomekanik Analiz\u00f6rlerin S\u0131cakl\u0131k Kalibrasyonu i\u00e7in Standart Test Y\u00f6ntemleri<\/strong><\/li><\/ul>\t\t\t\t\t\t\t\t<\/div>\n\t\t\t\t<\/div>\n\t\t\t\t<\/div>\n\t\t\t\t<\/div>\n\t\t\t\t\t<\/div>\n\t\t\t\t<\/div>\n\t\t\t\t<\/div>\n\t\t","protected":false},"excerpt":{"rendered":"<p>Termomekanik analiz Termomekanik analiz Termomekanik analiz, esas olarak termal genle\u015fme katsay\u0131s\u0131n\u0131 (CTE) \u00f6l\u00e7mek i\u00e7in kullan\u0131lan bir termal analiz y\u00f6ntemidir. termal genle\u015fme katsay\u0131s\u0131 (CTE) ile yak\u0131ndan ili\u015fkilidir ve bu nedenle dilatometri dilatometri ile yak\u0131ndan ili\u015fkilidir. Dilatometri y\u00fck olmadan genle\u015fmeyi \u00f6l\u00e7er ve termomekanik analiz kontroll\u00fc y\u00fck alt\u0131nda \u00f6l\u00e7\u00fcm yapar. Numune ile temas halindeki itme \u00e7ubu\u011funun yer de\u011fi\u015ftirmesi [&hellip;]<\/p>\n","protected":false},"author":3,"featured_media":0,"parent":113451,"menu_order":0,"comment_status":"closed","ping_status":"closed","template":"","meta":{"_acf_changed":false,"inline_featured_image":false,"footnotes":""},"class_list":["post-113499","page","type-page","status-publish","hentry"],"acf":[],"_links":{"self":[{"href":"https:\/\/www.linseis.com\/tr\/wp-json\/wp\/v2\/pages\/113499","targetHints":{"allow":["GET"]}}],"collection":[{"href":"https:\/\/www.linseis.com\/tr\/wp-json\/wp\/v2\/pages"}],"about":[{"href":"https:\/\/www.linseis.com\/tr\/wp-json\/wp\/v2\/types\/page"}],"author":[{"embeddable":true,"href":"https:\/\/www.linseis.com\/tr\/wp-json\/wp\/v2\/users\/3"}],"replies":[{"embeddable":true,"href":"https:\/\/www.linseis.com\/tr\/wp-json\/wp\/v2\/comments?post=113499"}],"version-history":[{"count":0,"href":"https:\/\/www.linseis.com\/tr\/wp-json\/wp\/v2\/pages\/113499\/revisions"}],"up":[{"embeddable":true,"href":"https:\/\/www.linseis.com\/tr\/wp-json\/wp\/v2\/pages\/113451"}],"wp:attachment":[{"href":"https:\/\/www.linseis.com\/tr\/wp-json\/wp\/v2\/media?parent=113499"}],"curies":[{"name":"wp","href":"https:\/\/api.w.org\/{rel}","templated":true}]}}