{"id":113494,"date":"2024-07-26T11:20:55","date_gmt":"2024-07-26T09:20:55","guid":{"rendered":"https:\/\/www.linseis.com\/termal-analiz-yoentemleri\/termogravimetri\/"},"modified":"2026-01-23T11:43:04","modified_gmt":"2026-01-23T10:43:04","slug":"termogravimetri","status":"publish","type":"page","link":"https:\/\/www.linseis.com\/tr\/termal-analiz-yoentemleri\/termogravimetri\/","title":{"rendered":"Termogravimetri"},"content":{"rendered":"\t\t<div data-elementor-type=\"wp-post\" data-elementor-id=\"113494\" class=\"elementor elementor-113494 elementor-22555\" data-elementor-post-type=\"page\">\n\t\t\t\t<div class=\"elementor-element elementor-element-a3549cf e-flex e-con-boxed e-con e-parent\" data-id=\"a3549cf\" data-element_type=\"container\" data-e-type=\"container\" data-settings=\"{&quot;background_background&quot;:&quot;classic&quot;}\">\n\t\t\t\t\t<div class=\"e-con-inner\">\n\t\t\t\t<div class=\"elementor-element elementor-element-ac41c94 elementor-widget elementor-widget-image\" data-id=\"ac41c94\" data-element_type=\"widget\" data-e-type=\"widget\" data-widget_type=\"image.default\">\n\t\t\t\t<div class=\"elementor-widget-container\">\n\t\t\t\t\t\t\t\t\t\t\t\t\t\t\t<img fetchpriority=\"high\" decoding=\"async\" width=\"800\" height=\"800\" src=\"https:\/\/www.linseis.com\/wp-content\/uploads\/2024\/06\/linseis_scale-top-1.svg\" class=\"attachment-large size-large wp-image-123864\" alt=\"\" \/>\t\t\t\t\t\t\t\t\t\t\t\t\t\t\t<\/div>\n\t\t\t\t<\/div>\n\t\t<div class=\"elementor-element elementor-element-a7b7feb e-con-full e-flex e-con e-child\" data-id=\"a7b7feb\" data-element_type=\"container\" data-e-type=\"container\">\n\t\t<div class=\"elementor-element elementor-element-6100945 e-con-full e-flex e-con e-child\" data-id=\"6100945\" data-element_type=\"container\" data-e-type=\"container\">\n\t\t\t\t<div class=\"elementor-element elementor-element-cc1182c elementor-invisible elementor-widget elementor-widget-heading\" data-id=\"cc1182c\" data-element_type=\"widget\" data-e-type=\"widget\" data-settings=\"{&quot;_animation&quot;:&quot;fadeInUp&quot;,&quot;_animation_delay&quot;:250}\" data-widget_type=\"heading.default\">\n\t\t\t\t<div class=\"elementor-widget-container\">\n\t\t\t\t\t<h1 class=\"elementor-heading-title elementor-size-default\"><b>\n\nTermogravimetri\n\n<\/b><\/h1>\t\t\t\t<\/div>\n\t\t\t\t<\/div>\n\t\t\t\t<\/div>\n\t\t<div class=\"elementor-element elementor-element-6d91a43 e-con-full e-flex e-con e-child\" data-id=\"6d91a43\" data-element_type=\"container\" data-e-type=\"container\">\n\t\t\t\t<div class=\"elementor-element elementor-element-9413374 elementor-widget elementor-widget-n-carousel\" data-id=\"9413374\" data-element_type=\"widget\" data-e-type=\"widget\" data-settings=\"{&quot;carousel_items&quot;:[{&quot;slide_title&quot;:&quot;Produkt 1&quot;,&quot;_id&quot;:&quot;d6fbcdb&quot;}],&quot;slides_to_show&quot;:&quot;1&quot;,&quot;slides_to_scroll&quot;:&quot;2&quot;,&quot;autoplay_speed&quot;:2000,&quot;slides_to_show_tablet&quot;:&quot;1&quot;,&quot;slides_to_show_mobile&quot;:&quot;1&quot;,&quot;autoplay&quot;:&quot;yes&quot;,&quot;pause_on_hover&quot;:&quot;yes&quot;,&quot;pause_on_interaction&quot;:&quot;yes&quot;,&quot;infinite&quot;:&quot;yes&quot;,&quot;speed&quot;:500,&quot;offset_sides&quot;:&quot;none&quot;,&quot;image_spacing_custom&quot;:{&quot;unit&quot;:&quot;px&quot;,&quot;size&quot;:10,&quot;sizes&quot;:[]},&quot;image_spacing_custom_tablet&quot;:{&quot;unit&quot;:&quot;px&quot;,&quot;size&quot;:&quot;&quot;,&quot;sizes&quot;:[]},&quot;image_spacing_custom_mobile&quot;:{&quot;unit&quot;:&quot;px&quot;,&quot;size&quot;:&quot;&quot;,&quot;sizes&quot;:[]}}\" data-widget_type=\"nested-carousel.default\">\n\t\t\t\t<div class=\"elementor-widget-container\">\n\t\t\t\t\t\t\t<div class=\"e-n-carousel swiper\" role=\"region\" aria-roledescription=\"carousel\" aria-label=\"Karussell\" dir=\"ltr\">\n\t\t\t<div class=\"swiper-wrapper\" aria-live=\"off\">\n\t\t\t\t\t\t\t\t\t\t<div class=\"swiper-slide\" data-slide=\"1\" role=\"group\" aria-roledescription=\"slide\" aria-label=\"1 of 1\">\n\t\t\t\t\t\t\t<div class=\"elementor-element elementor-element-44441f5 e-flex e-con-boxed e-con e-child\" data-id=\"44441f5\" data-element_type=\"container\" data-e-type=\"container\">\n\t\t\t\t\t<div class=\"e-con-inner\">\n\t\t\t\t<div class=\"elementor-element elementor-element-4103051 elementor-widget__width-initial elementor-invisible elementor-widget elementor-widget-image\" data-id=\"4103051\" data-element_type=\"widget\" data-e-type=\"widget\" data-settings=\"{&quot;_animation&quot;:&quot;fadeInUp&quot;}\" data-widget_type=\"image.default\">\n\t\t\t\t<div class=\"elementor-widget-container\">\n\t\t\t\t\t\t\t\t\t\t\t\t\t\t\t<img decoding=\"async\" width=\"800\" height=\"800\" src=\"https:\/\/www.linseis.com\/wp-content\/uploads\/2024\/07\/Linseis-Icons_Linien-weiss_Zeichenflaeche-1-Kopie-86-1024x1024.png\" class=\"attachment-large size-large wp-image-23722\" alt=\"\" srcset=\"https:\/\/www.linseis.com\/wp-content\/uploads\/2024\/07\/Linseis-Icons_Linien-weiss_Zeichenflaeche-1-Kopie-86-1024x1024.png 1024w, https:\/\/www.linseis.com\/wp-content\/uploads\/2024\/07\/Linseis-Icons_Linien-weiss_Zeichenflaeche-1-Kopie-86-300x300.png 300w, https:\/\/www.linseis.com\/wp-content\/uploads\/2024\/07\/Linseis-Icons_Linien-weiss_Zeichenflaeche-1-Kopie-86-150x150.png 150w, https:\/\/www.linseis.com\/wp-content\/uploads\/2024\/07\/Linseis-Icons_Linien-weiss_Zeichenflaeche-1-Kopie-86-768x768.png 768w, https:\/\/www.linseis.com\/wp-content\/uploads\/2024\/07\/Linseis-Icons_Linien-weiss_Zeichenflaeche-1-Kopie-86-1536x1536.png 1536w, https:\/\/www.linseis.com\/wp-content\/uploads\/2024\/07\/Linseis-Icons_Linien-weiss_Zeichenflaeche-1-Kopie-86-2048x2048.png 2048w\" sizes=\"(max-width: 800px) 100vw, 800px\" \/>\t\t\t\t\t\t\t\t\t\t\t\t\t\t\t<\/div>\n\t\t\t\t<\/div>\n\t\t\t\t\t<\/div>\n\t\t\t\t<\/div>\n\t\t\t\t\t\t\t\t<\/div>\n\t\t\t\t\t\t\t\t<\/div>\n\t\t<\/div>\n\t\t\t\t\t\t<\/div>\n\t\t\t\t<\/div>\n\t\t\t\t<\/div>\n\t\t\t\t<\/div>\n\t\t\t\t<div class=\"elementor-element elementor-element-b4a6800 elementor-widget elementor-widget-image\" data-id=\"b4a6800\" data-element_type=\"widget\" data-e-type=\"widget\" data-widget_type=\"image.default\">\n\t\t\t\t<div class=\"elementor-widget-container\">\n\t\t\t\t\t\t\t\t\t\t\t\t\t\t\t<img decoding=\"async\" width=\"800\" height=\"800\" src=\"https:\/\/www.linseis.com\/wp-content\/uploads\/2024\/06\/linseis_scale-bottom-1.svg\" class=\"attachment-large size-large wp-image-123873\" alt=\"\" \/>\t\t\t\t\t\t\t\t\t\t\t\t\t\t\t<\/div>\n\t\t\t\t<\/div>\n\t\t\t\t\t<\/div>\n\t\t\t\t<\/div>\n\t\t<div class=\"elementor-element elementor-element-7c8d6cc e-flex e-con-boxed e-con e-parent\" data-id=\"7c8d6cc\" data-element_type=\"container\" data-e-type=\"container\" data-settings=\"{&quot;background_background&quot;:&quot;classic&quot;}\">\n\t\t\t\t\t<div class=\"e-con-inner\">\n\t\t\t\t\t<\/div>\n\t\t\t\t<\/div>\n\t\t<div class=\"elementor-element elementor-element-d7b7522 e-flex e-con-boxed e-con e-parent\" data-id=\"d7b7522\" data-element_type=\"container\" data-e-type=\"container\" data-settings=\"{&quot;background_background&quot;:&quot;classic&quot;}\">\n\t\t\t\t\t<div class=\"e-con-inner\">\n\t\t<div class=\"elementor-element elementor-element-449b6fd e-con-full e-flex e-con e-child\" data-id=\"449b6fd\" data-element_type=\"container\" data-e-type=\"container\">\n\t\t\t\t<div class=\"elementor-element elementor-element-031217d elementor-invisible elementor-widget elementor-widget-wp-widget-bcn_widget\" data-id=\"031217d\" data-element_type=\"widget\" data-e-type=\"widget\" data-settings=\"{&quot;_animation&quot;:&quot;fadeInUp&quot;}\" data-widget_type=\"wp-widget-bcn_widget.default\">\n\t\t\t\t<div class=\"elementor-widget-container\">\n\t\t\t\t\t<div class=\"breadcrumbs\" vocab=\"https:\/\/schema.org\/\" typeof=\"BreadcrumbList\"><span property=\"itemListElement\" typeof=\"ListItem\"><a property=\"item\" typeof=\"WebPage\" title=\"Go to Linseis.\" href=\"https:\/\/www.linseis.com\/tr\/\" class=\"home\" aria-current=\"page\"><span property=\"name\">Linseis<\/span><\/a><meta property=\"position\" content=\"1\"><\/span><\/div>\t\t\t\t<\/div>\n\t\t\t\t<\/div>\n\t\t\t\t<\/div>\n\t\t\t\t\t<\/div>\n\t\t\t\t<\/div>\n\t\t<div class=\"elementor-element elementor-element-ed98f58 e-flex e-con-boxed e-con e-parent\" data-id=\"ed98f58\" data-element_type=\"container\" data-e-type=\"container\" data-settings=\"{&quot;background_background&quot;:&quot;classic&quot;}\">\n\t\t\t\t\t<div class=\"e-con-inner\">\n\t\t<div class=\"elementor-element elementor-element-bbc47b3 e-con-full e-flex e-con e-child\" data-id=\"bbc47b3\" data-element_type=\"container\" data-e-type=\"container\">\n\t\t\t\t<div class=\"elementor-element elementor-element-8741304 elementor-invisible elementor-widget elementor-widget-text-editor\" data-id=\"8741304\" data-element_type=\"widget\" data-e-type=\"widget\" data-settings=\"{&quot;_animation&quot;:&quot;fadeInUp&quot;,&quot;_animation_delay&quot;:500}\" data-widget_type=\"text-editor.default\">\n\t\t\t\t<div class=\"elementor-widget-container\">\n\t\t\t\t\t\t\t\t\t<h2>Termogravimetrik analiz nedir?<\/h2>\t\t\t\t\t\t\t\t<\/div>\n\t\t\t\t<\/div>\n\t\t\t\t<div class=\"elementor-element elementor-element-ae33f3a elementor-widget elementor-widget-text-editor\" data-id=\"ae33f3a\" data-element_type=\"widget\" data-e-type=\"widget\" data-widget_type=\"text-editor.default\">\n\t\t\t\t<div class=\"elementor-widget-container\">\n\t\t\t\t\t\t\t\t\t<section class=\"container\"><div class=\"row\"><div class=\"spb_content_element col-sm-12 spb_text_column\"><div class=\"spb_wrapper clearfix\"><div class=\"spb_content_element col-sm-6 spb_text_column\"><div class=\"spb_wrapper clearfix\"><p>Termogravimetri ya da termogravimetrik analiz, termogravimetrik bile\u015fiklerin \u00f6l\u00e7\u00fcm\u00fcn\u00fc yapan analitik bir y\u00f6ntemdir. <strong><a href=\"https:\/\/www.linseis.com\/messgroessen\/masseaenderung\/\" data-auto-event-observed=\"true\">k\u00fctle de\u011fi\u015fimi<\/a><\/strong> s\u0131cakl\u0131k yoluyla kontroll\u00fc bir s\u0131cakl\u0131k profiline maruz b\u0131rak\u0131lan bir numunenin. Numune \u0131s\u0131tma, so\u011futma veya izotermal ad\u0131mlardan ge\u00e7ebilir. Elde edilen \u00f6l\u00e7\u00fcm sinyali genellikle [mg] cinsinden mutlak k\u00fctle de\u011fi\u015fimini ve [%] cinsinden ba\u011f\u0131l k\u00fctle de\u011fi\u015fimini g\u00f6sterir.  <\/p><\/div><\/div><\/div><\/div><\/div><\/section>\t\t\t\t\t\t\t\t<\/div>\n\t\t\t\t<\/div>\n\t\t\t\t<div class=\"elementor-element elementor-element-71a1ec4 elementor-widget elementor-widget-text-editor\" data-id=\"71a1ec4\" data-element_type=\"widget\" data-e-type=\"widget\" data-widget_type=\"text-editor.default\">\n\t\t\t\t<div class=\"elementor-widget-container\">\n\t\t\t\t\t\t\t\t\t<h2>Bir termobalans\u0131n yap\u0131s\u0131<\/h2>\t\t\t\t\t\t\t\t<\/div>\n\t\t\t\t<\/div>\n\t\t\t\t<div class=\"elementor-element elementor-element-32d9053 elementor-widget elementor-widget-text-editor\" data-id=\"32d9053\" data-element_type=\"widget\" data-e-type=\"widget\" data-widget_type=\"text-editor.default\">\n\t\t\t\t<div class=\"elementor-widget-container\">\n\t\t\t\t\t\t\t\t\t<section class=\"container\"><div class=\"row\"><div class=\"spb_content_element col-sm-12 spb_text_column\"><div class=\"spb_wrapper clearfix\"><div class=\"spb_content_element col-sm-6 spb_text_column\"><div class=\"spb_wrapper clearfix\"><p>Klasik termogravimetride, bir numune genellikle inert malzemeden (\u00f6rne\u011fin platin, al\u00fcminyum oksit, alt\u0131n&#8230;) olu\u015fan bir potaya yerle\u015ftirilir ve kontroll\u00fc atmosfer ve s\u0131cakl\u0131klar uygulayabilen bir f\u0131r\u0131n i\u00e7indeki bir sens\u00f6r\u00fcn \u00fczerine yerle\u015ftirilir (\u015eema 1).<\/p><\/div><\/div><\/div><\/div><\/div><\/section>\t\t\t\t\t\t\t\t<\/div>\n\t\t\t\t<\/div>\n\t\t\t\t<div class=\"elementor-element elementor-element-fe4080d elementor-invisible elementor-widget elementor-widget-text-editor\" data-id=\"fe4080d\" data-element_type=\"widget\" data-e-type=\"widget\" data-settings=\"{&quot;_animation&quot;:&quot;fadeInUp&quot;,&quot;_animation_delay&quot;:500}\" data-widget_type=\"text-editor.default\">\n\t\t\t\t<div class=\"elementor-widget-container\">\n\t\t\t\t\t\t\t\t\t<section class=\"container\"><div class=\"row\"><div class=\"spb_content_element col-sm-12 spb_text_column\"><div class=\"spb_wrapper clearfix\"><p><img loading=\"lazy\" decoding=\"async\" class=\"aligncenter wp-image-22610 size-full\" src=\"https:\/\/www.linseis.com\/wp-content\/uploads\/2024\/07\/Sensor-Setup-in-a-typical-thermogravimetric-analyzer.png\" alt=\"\" width=\"573\" height=\"652\" srcset=\"https:\/\/www.linseis.com\/wp-content\/uploads\/2024\/07\/Sensor-Setup-in-a-typical-thermogravimetric-analyzer.png 573w, https:\/\/www.linseis.com\/wp-content\/uploads\/2024\/07\/Sensor-Setup-in-a-typical-thermogravimetric-analyzer-264x300.png 264w\" sizes=\"(max-width: 573px) 100vw, 573px\" \/><\/p><p style=\"text-align: center;\"><em>Tipik bir termogravimetrik analiz\u00f6r\u00fcn yerle\u015fim \u015femas\u0131<\/em><\/p><\/div><\/div><\/div><\/section>\t\t\t\t\t\t\t\t<\/div>\n\t\t\t\t<\/div>\n\t\t\t\t<div class=\"elementor-element elementor-element-30f5ea1 elementor-widget elementor-widget-text-editor\" data-id=\"30f5ea1\" data-element_type=\"widget\" data-e-type=\"widget\" data-widget_type=\"text-editor.default\">\n\t\t\t\t<div class=\"elementor-widget-container\">\n\t\t\t\t\t\t\t\t\t<section class=\"container\"><div class=\"row\"><div class=\"spb_content_element col-sm-12 spb_text_column\"><div class=\"spb_wrapper clearfix\"><div class=\"spb_content_element col-sm-6 spb_text_column\"><div class=\"spb_wrapper clearfix\"><section class=\"container\"><div class=\"row\"><div class=\"spb_content_element col-sm-12 spb_text_column\"><div class=\"spb_wrapper clearfix\"><p>Sens\u00f6r, deney s\u0131ras\u0131nda k\u00fctledeki de\u011fi\u015fimi kaydeden y\u00fcksek \u00e7\u00f6z\u00fcn\u00fcrl\u00fckl\u00fc bir mikro teraziye ba\u011fl\u0131d\u0131r. \u00c7o\u011fu termogravimetrik analiz\u00f6rde bu ama\u00e7la dengeleme terazileri kullan\u0131l\u0131r (\u015eema 2). <\/p><\/div><\/div><\/div><\/section><\/div><\/div><\/div><\/div><\/div><\/section>\t\t\t\t\t\t\t\t<\/div>\n\t\t\t\t<\/div>\n\t\t\t\t<div class=\"elementor-element elementor-element-c866b71 elementor-invisible elementor-widget elementor-widget-text-editor\" data-id=\"c866b71\" data-element_type=\"widget\" data-e-type=\"widget\" data-settings=\"{&quot;_animation&quot;:&quot;fadeInUp&quot;,&quot;_animation_delay&quot;:500}\" data-widget_type=\"text-editor.default\">\n\t\t\t\t<div class=\"elementor-widget-container\">\n\t\t\t\t\t\t\t\t\t<section class=\"container\"><div class=\"row\"><div class=\"spb_content_element col-sm-12 spb_text_column\"><div class=\"spb_wrapper clearfix\"><h5><strong>Y\u00fcksek hassasiyetli kiri\u015f terazisi<\/strong><\/h5><p><img loading=\"lazy\" decoding=\"async\" class=\"aligncenter wp-image-22603 size-large\" src=\"https:\/\/www.linseis.com\/wp-content\/uploads\/2024\/07\/STA-PT-1600-Broschuere_v3_komprimiert_Seite_16-1-1024x506.png\" alt=\"\" width=\"1024\" height=\"506\" srcset=\"https:\/\/www.linseis.com\/wp-content\/uploads\/2024\/07\/STA-PT-1600-Broschuere_v3_komprimiert_Seite_16-1-1024x506.png 1024w, https:\/\/www.linseis.com\/wp-content\/uploads\/2024\/07\/STA-PT-1600-Broschuere_v3_komprimiert_Seite_16-1-300x148.png 300w, https:\/\/www.linseis.com\/wp-content\/uploads\/2024\/07\/STA-PT-1600-Broschuere_v3_komprimiert_Seite_16-1-768x380.png 768w, https:\/\/www.linseis.com\/wp-content\/uploads\/2024\/07\/STA-PT-1600-Broschuere_v3_komprimiert_Seite_16-1-1536x760.png 1536w, https:\/\/www.linseis.com\/wp-content\/uploads\/2024\/07\/STA-PT-1600-Broschuere_v3_komprimiert_Seite_16-1.png 1555w\" sizes=\"(max-width: 1024px) 100vw, 1024px\" \/><\/p><p style=\"text-align: center;\"> <\/p><\/div><\/div><\/div><\/section>\t\t\t\t\t\t\t\t<\/div>\n\t\t\t\t<\/div>\n\t\t\t\t<div class=\"elementor-element elementor-element-5b34401 elementor-widget elementor-widget-text-editor\" data-id=\"5b34401\" data-element_type=\"widget\" data-e-type=\"widget\" data-widget_type=\"text-editor.default\">\n\t\t\t\t<div class=\"elementor-widget-container\">\n\t\t\t\t\t\t\t\t\t<section class=\"container\"><div class=\"row\"><div class=\"spb_content_element col-sm-12 spb_text_column\"><div class=\"spb_wrapper clearfix\"><div class=\"spb_content_element col-sm-6 spb_text_column\"><div class=\"spb_wrapper clearfix\"><section class=\"container\"><div class=\"row\"><div class=\"spb_content_element col-sm-12 spb_text_column\"><div class=\"spb_wrapper clearfix\"><p>Bir elektromekanik kompanzasyon terazisi, bir elektrom\u0131knat\u0131s\u0131n uygulanan k\u00fctleyi bir elektrom\u0131knat\u0131s arac\u0131l\u0131\u011f\u0131yla kompanse etti\u011fi bir terazinin \u00f6zel bir versiyonudur. \u00d6zellikle, k\u00fctle form\u00fclle tan\u0131mland\u0131\u011f\u0131 i\u00e7in m\u0131knat\u0131s a\u011f\u0131rl\u0131k kuvvetini telafi eder: <\/p><\/div><\/div><\/div><\/section><\/div><\/div><\/div><\/div><\/div><\/section>\t\t\t\t\t\t\t\t<\/div>\n\t\t\t\t<\/div>\n\t\t\t\t<div class=\"elementor-element elementor-element-5e877db elementor-invisible elementor-widget elementor-widget-text-editor\" data-id=\"5e877db\" data-element_type=\"widget\" data-e-type=\"widget\" data-settings=\"{&quot;_animation&quot;:&quot;fadeInUp&quot;,&quot;_animation_delay&quot;:500}\" data-widget_type=\"text-editor.default\">\n\t\t\t\t<div class=\"elementor-widget-container\">\n\t\t\t\t\t\t\t\t\t<p><img loading=\"lazy\" decoding=\"async\" class=\"wp-image-22596 size-full aligncenter\" src=\"https:\/\/www.linseis.com\/wp-content\/uploads\/2024\/07\/formula-mass-kg-1.png\" alt=\"\" width=\"622\" height=\"150\" srcset=\"https:\/\/www.linseis.com\/wp-content\/uploads\/2024\/07\/formula-mass-kg-1.png 622w, https:\/\/www.linseis.com\/wp-content\/uploads\/2024\/07\/formula-mass-kg-1-300x72.png 300w\" sizes=\"(max-width: 622px) 100vw, 622px\" \/><\/p>\t\t\t\t\t\t\t\t<\/div>\n\t\t\t\t<\/div>\n\t\t\t\t<div class=\"elementor-element elementor-element-382d780 elementor-widget elementor-widget-text-editor\" data-id=\"382d780\" data-element_type=\"widget\" data-e-type=\"widget\" data-widget_type=\"text-editor.default\">\n\t\t\t\t<div class=\"elementor-widget-container\">\n\t\t\t\t\t\t\t\t\t<section class=\"container\"><div class=\"row\"><div class=\"spb_content_element col-sm-12 spb_text_column\"><div class=\"spb_wrapper clearfix\"><div class=\"spb_content_element col-sm-6 spb_text_column\"><div class=\"spb_wrapper clearfix\"><section class=\"container\"><div class=\"row\"><div class=\"spb_content_element col-sm-12 spb_text_column\"><div class=\"spb_wrapper clearfix\"><p>Yer\u00e7ekimi kuvveti genellikle kalibrasyon nedeniyle bilindi\u011finden veya \u00e7ubuk d\u00fczene\u011finde oldu\u011fu gibi bir kar\u015f\u0131 a\u011f\u0131rl\u0131k kullan\u0131ld\u0131\u011f\u0131nda, a\u011f\u0131rl\u0131k kuvveti do\u011frudan k\u00fctleye neden olabilir. Termogravimetrik analiz\u00f6rlere ek olarak, laboratuvar terazileri de genellikle ayn\u0131 prensibe g\u00f6re \u00e7al\u0131\u015f\u0131r. <\/p><p>Numune termal bir de\u011fi\u015fime u\u011frarken, terazi genellikle ayr\u0131 bir oda gibi statik bir s\u0131cakl\u0131k ortam\u0131nda veya sens\u00f6rden belirli bir mesafede tutulur.<\/p><p>Numunenin tam s\u0131cakl\u0131\u011f\u0131, hassas s\u0131cakl\u0131k tespiti i\u00e7in Seebeck etkisini kullanan termokupllar taraf\u0131ndan izlenir. Diyagram 3 tipik bir termogravimetrik \u00f6l\u00e7\u00fcm\u00fc g\u00f6stermektedir (s\u0131cakl\u0131\u011f\u0131n bir fonksiyonu olarak ba\u011f\u0131l a\u011f\u0131rl\u0131k de\u011fi\u015fimi). <\/p><\/div><\/div><\/div><\/section><\/div><\/div><\/div><\/div><\/div><\/section>\t\t\t\t\t\t\t\t<\/div>\n\t\t\t\t<\/div>\n\t\t\t\t<div class=\"elementor-element elementor-element-c3bce1a elementor-invisible elementor-widget elementor-widget-text-editor\" data-id=\"c3bce1a\" data-element_type=\"widget\" data-e-type=\"widget\" data-settings=\"{&quot;_animation&quot;:&quot;fadeInUp&quot;,&quot;_animation_delay&quot;:500}\" data-widget_type=\"text-editor.default\">\n\t\t\t\t<div class=\"elementor-widget-container\">\n\t\t\t\t\t\t\t\t\t<p><img loading=\"lazy\" decoding=\"async\" class=\"wp-image-22589 size-full aligncenter\" src=\"https:\/\/www.linseis.com\/wp-content\/uploads\/2024\/07\/Typical-thermogravimetric-result-curve-1.png\" alt=\"\" width=\"946\" height=\"432\" srcset=\"https:\/\/www.linseis.com\/wp-content\/uploads\/2024\/07\/Typical-thermogravimetric-result-curve-1.png 946w, https:\/\/www.linseis.com\/wp-content\/uploads\/2024\/07\/Typical-thermogravimetric-result-curve-1-300x137.png 300w, https:\/\/www.linseis.com\/wp-content\/uploads\/2024\/07\/Typical-thermogravimetric-result-curve-1-768x351.png 768w\" sizes=\"(max-width: 946px) 100vw, 946px\" \/><\/p><p style=\"text-align: center;\"><em>Tipik termogravimetrik sonu\u00e7 e\u011frisi<\/em><\/p>\t\t\t\t\t\t\t\t<\/div>\n\t\t\t\t<\/div>\n\t\t\t\t<\/div>\n\t\t\t\t\t<\/div>\n\t\t\t\t<\/div>\n\t\t<div class=\"elementor-element elementor-element-8801439 e-flex e-con-boxed elementor-invisible e-con e-parent\" data-id=\"8801439\" data-element_type=\"container\" data-e-type=\"container\" data-settings=\"{&quot;background_background&quot;:&quot;classic&quot;,&quot;animation&quot;:&quot;fadeInUp&quot;}\">\n\t\t\t\t\t<div class=\"e-con-inner\">\n\t\t<div class=\"elementor-element elementor-element-4fda86f e-con-full e-flex e-con e-child\" data-id=\"4fda86f\" data-element_type=\"container\" data-e-type=\"container\">\n\t\t<div class=\"elementor-element elementor-element-a0a9aac e-con-full e-flex e-con e-child\" data-id=\"a0a9aac\" data-element_type=\"container\" data-e-type=\"container\">\n\t\t\t\t<div class=\"elementor-element elementor-element-53ea4ef elementor-widget elementor-widget-text-editor\" data-id=\"53ea4ef\" data-element_type=\"widget\" data-e-type=\"widget\" data-widget_type=\"text-editor.default\">\n\t\t\t\t<div class=\"elementor-widget-container\">\n\t\t\t\t\t\t\t\t\t<h2>Termogravimetri hangi alanlarda kullan\u0131l\u0131r?<\/h2>\t\t\t\t\t\t\t\t<\/div>\n\t\t\t\t<\/div>\n\t\t\t\t<div class=\"elementor-element elementor-element-d38f832 elementor-widget elementor-widget-text-editor\" data-id=\"d38f832\" data-element_type=\"widget\" data-e-type=\"widget\" data-widget_type=\"text-editor.default\">\n\t\t\t\t<div class=\"elementor-widget-container\">\n\t\t\t\t\t\t\t\t\t<p>Termogravimetri bir\u00e7ok end\u00fcstride ve ara\u015ft\u0131rmada kullan\u0131lmaktad\u0131r. <strong><a href=\"https:\/\/www.linseis.com\/applikationen\/keramik-und-glas\/\" data-auto-event-observed=\"true\">Seramik end\u00fcstrisi<\/a><\/strong>Kimya, <strong><a href=\"https:\/\/www.linseis.com\/applikationen\/polymere\/\" data-auto-event-observed=\"true\">polimer<\/a><\/strong>&#8211; ve in\u015faat end\u00fcstrilerinin yan\u0131 s\u0131ra enerji depolama, batarya ara\u015ft\u0131rmalar\u0131 ve petrol end\u00fcstrisi termogravimetrik analiz\u00f6rleri kullanmaktad\u0131r. Tipik uygulamalar aras\u0131nda genel termal ayr\u0131\u015fma \u00e7al\u0131\u015fmalar\u0131, k\u00fcl veya organik i\u00e7eri\u011fin belirlenmesi, gravimetrik sorpsiyon \u00e7al\u0131\u015fmalar\u0131, termal stabilite ve oksidasyon \u00e7al\u0131\u015fmalar\u0131, malzeme analizi ve di\u011ferleri yer almaktad\u0131r. Bu tekni\u011fi kullanan n\u00fckleer ara\u015ft\u0131rma veya y\u00fcksek bas\u0131n\u00e7l\u0131 proses \u00e7al\u0131\u015fmalar\u0131 gibi \u00f6zel alanlar da vard\u0131r.  <\/p><p>Termogravimetri genel olarak termal analizin \u00f6nemli bir unsurudur ve ASTM D 3850, E 914, E 1131, E 1868, DIN 51006 ve ISO 7111, ISO 11358 uluslararas\u0131 standartlar\u0131n\u0131 takip eder.<\/p>\t\t\t\t\t\t\t\t<\/div>\n\t\t\t\t<\/div>\n\t\t\t\t<\/div>\n\t\t\t\t<\/div>\n\t\t\t\t\t<\/div>\n\t\t\t\t<\/div>\n\t\t\t\t<\/div>\n\t\t","protected":false},"excerpt":{"rendered":"<p>Termogravimetri Termogravimetrik analiz nedir? Termogravimetri ya da termogravimetrik analiz, termogravimetrik bile\u015fiklerin \u00f6l\u00e7\u00fcm\u00fcn\u00fc yapan analitik bir y\u00f6ntemdir. k\u00fctle de\u011fi\u015fimi s\u0131cakl\u0131k yoluyla kontroll\u00fc bir s\u0131cakl\u0131k profiline maruz b\u0131rak\u0131lan bir numunenin. Numune \u0131s\u0131tma, so\u011futma veya izotermal ad\u0131mlardan ge\u00e7ebilir. Elde edilen \u00f6l\u00e7\u00fcm sinyali genellikle [mg] cinsinden mutlak k\u00fctle de\u011fi\u015fimini ve [%] cinsinden ba\u011f\u0131l k\u00fctle de\u011fi\u015fimini g\u00f6sterir. Bir termobalans\u0131n yap\u0131s\u0131 [&hellip;]<\/p>\n","protected":false},"author":3,"featured_media":0,"parent":113451,"menu_order":0,"comment_status":"closed","ping_status":"closed","template":"","meta":{"_acf_changed":false,"inline_featured_image":false,"footnotes":""},"class_list":["post-113494","page","type-page","status-publish","hentry"],"acf":[],"_links":{"self":[{"href":"https:\/\/www.linseis.com\/tr\/wp-json\/wp\/v2\/pages\/113494","targetHints":{"allow":["GET"]}}],"collection":[{"href":"https:\/\/www.linseis.com\/tr\/wp-json\/wp\/v2\/pages"}],"about":[{"href":"https:\/\/www.linseis.com\/tr\/wp-json\/wp\/v2\/types\/page"}],"author":[{"embeddable":true,"href":"https:\/\/www.linseis.com\/tr\/wp-json\/wp\/v2\/users\/3"}],"replies":[{"embeddable":true,"href":"https:\/\/www.linseis.com\/tr\/wp-json\/wp\/v2\/comments?post=113494"}],"version-history":[{"count":0,"href":"https:\/\/www.linseis.com\/tr\/wp-json\/wp\/v2\/pages\/113494\/revisions"}],"up":[{"embeddable":true,"href":"https:\/\/www.linseis.com\/tr\/wp-json\/wp\/v2\/pages\/113451"}],"wp:attachment":[{"href":"https:\/\/www.linseis.com\/tr\/wp-json\/wp\/v2\/media?parent=113494"}],"curies":[{"name":"wp","href":"https:\/\/api.w.org\/{rel}","templated":true}]}}