{"id":113491,"date":"2024-07-26T10:58:07","date_gmt":"2024-07-26T08:58:07","guid":{"rendered":"https:\/\/www.linseis.com\/termal-analiz-yoentemleri\/eszamanli-termal-analiz-tga-dsc\/"},"modified":"2026-01-23T11:42:21","modified_gmt":"2026-01-23T10:42:21","slug":"eszamanli-termal-analiz-tga-dsc","status":"publish","type":"page","link":"https:\/\/www.linseis.com\/tr\/termal-analiz-yoentemleri\/eszamanli-termal-analiz-tga-dsc\/","title":{"rendered":"E\u015fzamanl\u0131 termal analiz TGA + DSC"},"content":{"rendered":"\t\t<div data-elementor-type=\"wp-post\" data-elementor-id=\"113491\" class=\"elementor elementor-113491 elementor-22519\" data-elementor-post-type=\"page\">\n\t\t\t\t<div class=\"elementor-element elementor-element-a3549cf e-flex e-con-boxed e-con e-parent\" data-id=\"a3549cf\" data-element_type=\"container\" data-e-type=\"container\" data-settings=\"{&quot;background_background&quot;:&quot;classic&quot;}\">\n\t\t\t\t\t<div class=\"e-con-inner\">\n\t\t\t\t<div class=\"elementor-element elementor-element-ac41c94 elementor-widget elementor-widget-image\" data-id=\"ac41c94\" data-element_type=\"widget\" data-e-type=\"widget\" data-widget_type=\"image.default\">\n\t\t\t\t<div class=\"elementor-widget-container\">\n\t\t\t\t\t\t\t\t\t\t\t\t\t\t\t<img fetchpriority=\"high\" decoding=\"async\" width=\"800\" height=\"800\" src=\"https:\/\/www.linseis.com\/wp-content\/uploads\/2024\/06\/linseis_scale-top-1.svg\" class=\"attachment-large size-large wp-image-123864\" alt=\"\" \/>\t\t\t\t\t\t\t\t\t\t\t\t\t\t\t<\/div>\n\t\t\t\t<\/div>\n\t\t<div class=\"elementor-element elementor-element-a7b7feb e-con-full e-flex e-con e-child\" data-id=\"a7b7feb\" data-element_type=\"container\" data-e-type=\"container\">\n\t\t<div class=\"elementor-element elementor-element-6100945 e-con-full e-flex e-con e-child\" data-id=\"6100945\" data-element_type=\"container\" data-e-type=\"container\">\n\t\t\t\t<div class=\"elementor-element elementor-element-cc1182c elementor-invisible elementor-widget elementor-widget-heading\" data-id=\"cc1182c\" data-element_type=\"widget\" data-e-type=\"widget\" data-settings=\"{&quot;_animation&quot;:&quot;fadeInUp&quot;,&quot;_animation_delay&quot;:250}\" data-widget_type=\"heading.default\">\n\t\t\t\t<div class=\"elementor-widget-container\">\n\t\t\t\t\t<h1 class=\"elementor-heading-title elementor-size-default\"><b>\n\nE\u015f zamanl\u0131 termal analiz\n\n<\/b><\/h1>\t\t\t\t<\/div>\n\t\t\t\t<\/div>\n\t\t\t\t<\/div>\n\t\t<div class=\"elementor-element elementor-element-6d91a43 e-con-full e-flex e-con e-child\" data-id=\"6d91a43\" data-element_type=\"container\" data-e-type=\"container\">\n\t\t\t\t<div class=\"elementor-element elementor-element-9413374 elementor-widget elementor-widget-n-carousel\" data-id=\"9413374\" data-element_type=\"widget\" data-e-type=\"widget\" data-settings=\"{&quot;carousel_items&quot;:[{&quot;slide_title&quot;:&quot;Produkt 1&quot;,&quot;_id&quot;:&quot;d6fbcdb&quot;}],&quot;slides_to_show&quot;:&quot;1&quot;,&quot;slides_to_scroll&quot;:&quot;2&quot;,&quot;autoplay_speed&quot;:2000,&quot;slides_to_show_tablet&quot;:&quot;1&quot;,&quot;slides_to_show_mobile&quot;:&quot;1&quot;,&quot;autoplay&quot;:&quot;yes&quot;,&quot;pause_on_hover&quot;:&quot;yes&quot;,&quot;pause_on_interaction&quot;:&quot;yes&quot;,&quot;infinite&quot;:&quot;yes&quot;,&quot;speed&quot;:500,&quot;offset_sides&quot;:&quot;none&quot;,&quot;image_spacing_custom&quot;:{&quot;unit&quot;:&quot;px&quot;,&quot;size&quot;:10,&quot;sizes&quot;:[]},&quot;image_spacing_custom_tablet&quot;:{&quot;unit&quot;:&quot;px&quot;,&quot;size&quot;:&quot;&quot;,&quot;sizes&quot;:[]},&quot;image_spacing_custom_mobile&quot;:{&quot;unit&quot;:&quot;px&quot;,&quot;size&quot;:&quot;&quot;,&quot;sizes&quot;:[]}}\" data-widget_type=\"nested-carousel.default\">\n\t\t\t\t<div class=\"elementor-widget-container\">\n\t\t\t\t\t\t\t<div class=\"e-n-carousel swiper\" role=\"region\" aria-roledescription=\"carousel\" aria-label=\"Karussell\" dir=\"ltr\">\n\t\t\t<div class=\"swiper-wrapper\" aria-live=\"off\">\n\t\t\t\t\t\t\t\t\t\t<div class=\"swiper-slide\" data-slide=\"1\" role=\"group\" aria-roledescription=\"slide\" aria-label=\"1 of 1\">\n\t\t\t\t\t\t\t<div class=\"elementor-element elementor-element-44441f5 e-flex e-con-boxed e-con e-child\" data-id=\"44441f5\" data-element_type=\"container\" data-e-type=\"container\">\n\t\t\t\t\t<div class=\"e-con-inner\">\n\t\t\t\t<div class=\"elementor-element elementor-element-4103051 elementor-widget__width-initial elementor-widget elementor-widget-image\" data-id=\"4103051\" data-element_type=\"widget\" data-e-type=\"widget\" data-widget_type=\"image.default\">\n\t\t\t\t<div class=\"elementor-widget-container\">\n\t\t\t\t\t\t\t\t\t\t\t\t\t\t\t<img decoding=\"async\" width=\"800\" height=\"800\" src=\"https:\/\/www.linseis.com\/wp-content\/uploads\/2024\/07\/Linseis-Icons_Linien-weiss_Masseaenderung-1024x1024.png\" class=\"attachment-large size-large wp-image-21935\" alt=\"\" srcset=\"https:\/\/www.linseis.com\/wp-content\/uploads\/2024\/07\/Linseis-Icons_Linien-weiss_Masseaenderung-1024x1024.png 1024w, https:\/\/www.linseis.com\/wp-content\/uploads\/2024\/07\/Linseis-Icons_Linien-weiss_Masseaenderung-300x300.png 300w, https:\/\/www.linseis.com\/wp-content\/uploads\/2024\/07\/Linseis-Icons_Linien-weiss_Masseaenderung-150x150.png 150w, https:\/\/www.linseis.com\/wp-content\/uploads\/2024\/07\/Linseis-Icons_Linien-weiss_Masseaenderung-768x768.png 768w, https:\/\/www.linseis.com\/wp-content\/uploads\/2024\/07\/Linseis-Icons_Linien-weiss_Masseaenderung-1536x1536.png 1536w, https:\/\/www.linseis.com\/wp-content\/uploads\/2024\/07\/Linseis-Icons_Linien-weiss_Masseaenderung-2048x2048.png 2048w\" sizes=\"(max-width: 800px) 100vw, 800px\" \/>\t\t\t\t\t\t\t\t\t\t\t\t\t\t\t<\/div>\n\t\t\t\t<\/div>\n\t\t\t\t\t<\/div>\n\t\t\t\t<\/div>\n\t\t\t\t\t\t\t\t<\/div>\n\t\t\t\t\t\t\t\t<\/div>\n\t\t<\/div>\n\t\t\t\t\t\t<\/div>\n\t\t\t\t<\/div>\n\t\t\t\t<\/div>\n\t\t\t\t<\/div>\n\t\t\t\t<div class=\"elementor-element elementor-element-b4a6800 elementor-widget elementor-widget-image\" data-id=\"b4a6800\" data-element_type=\"widget\" data-e-type=\"widget\" data-widget_type=\"image.default\">\n\t\t\t\t<div class=\"elementor-widget-container\">\n\t\t\t\t\t\t\t\t\t\t\t\t\t\t\t<img decoding=\"async\" width=\"800\" height=\"800\" src=\"https:\/\/www.linseis.com\/wp-content\/uploads\/2024\/06\/linseis_scale-bottom-1.svg\" class=\"attachment-large size-large wp-image-123873\" alt=\"\" \/>\t\t\t\t\t\t\t\t\t\t\t\t\t\t\t<\/div>\n\t\t\t\t<\/div>\n\t\t\t\t\t<\/div>\n\t\t\t\t<\/div>\n\t\t<div class=\"elementor-element elementor-element-7c8d6cc e-flex e-con-boxed e-con e-parent\" data-id=\"7c8d6cc\" data-element_type=\"container\" data-e-type=\"container\" data-settings=\"{&quot;background_background&quot;:&quot;classic&quot;}\">\n\t\t\t\t\t<div class=\"e-con-inner\">\n\t\t\t\t\t<\/div>\n\t\t\t\t<\/div>\n\t\t<div class=\"elementor-element elementor-element-d7b7522 e-flex e-con-boxed e-con e-parent\" data-id=\"d7b7522\" data-element_type=\"container\" data-e-type=\"container\" data-settings=\"{&quot;background_background&quot;:&quot;classic&quot;}\">\n\t\t\t\t\t<div class=\"e-con-inner\">\n\t\t<div class=\"elementor-element elementor-element-449b6fd e-con-full e-flex e-con e-child\" data-id=\"449b6fd\" data-element_type=\"container\" data-e-type=\"container\">\n\t\t\t\t<div class=\"elementor-element elementor-element-031217d elementor-invisible elementor-widget elementor-widget-wp-widget-bcn_widget\" data-id=\"031217d\" data-element_type=\"widget\" data-e-type=\"widget\" data-settings=\"{&quot;_animation&quot;:&quot;fadeInUp&quot;}\" data-widget_type=\"wp-widget-bcn_widget.default\">\n\t\t\t\t<div class=\"elementor-widget-container\">\n\t\t\t\t\t<div class=\"breadcrumbs\" vocab=\"https:\/\/schema.org\/\" typeof=\"BreadcrumbList\"><span property=\"itemListElement\" typeof=\"ListItem\"><a property=\"item\" typeof=\"WebPage\" title=\"Go to Linseis.\" href=\"https:\/\/www.linseis.com\/tr\/\" class=\"home\" aria-current=\"page\"><span property=\"name\">Linseis<\/span><\/a><meta property=\"position\" content=\"1\"><\/span><\/div>\t\t\t\t<\/div>\n\t\t\t\t<\/div>\n\t\t\t\t<\/div>\n\t\t\t\t\t<\/div>\n\t\t\t\t<\/div>\n\t\t<div class=\"elementor-element elementor-element-ed98f58 e-flex e-con-boxed elementor-invisible e-con e-parent\" data-id=\"ed98f58\" data-element_type=\"container\" data-e-type=\"container\" data-settings=\"{&quot;background_background&quot;:&quot;classic&quot;,&quot;animation&quot;:&quot;fadeInUp&quot;}\">\n\t\t\t\t\t<div class=\"e-con-inner\">\n\t\t<div class=\"elementor-element elementor-element-bbc47b3 e-con-full e-flex e-con e-child\" data-id=\"bbc47b3\" data-element_type=\"container\" data-e-type=\"container\">\n\t\t\t\t<div class=\"elementor-element elementor-element-71a1ec4 elementor-invisible elementor-widget elementor-widget-text-editor\" data-id=\"71a1ec4\" data-element_type=\"widget\" data-e-type=\"widget\" data-settings=\"{&quot;_animation&quot;:&quot;fadeInUp&quot;,&quot;_animation_delay&quot;:500}\" data-widget_type=\"text-editor.default\">\n\t\t\t\t<div class=\"elementor-widget-container\">\n\t\t\t\t\t\t\t\t\t<h2>E\u015f zamanl\u0131 termal analiz &#8211; termogravimetri ve diferansiyel taramal\u0131 kalorimetri<\/h2>\t\t\t\t\t\t\t\t<\/div>\n\t\t\t\t<\/div>\n\t\t\t\t<div class=\"elementor-element elementor-element-32d9053 elementor-widget elementor-widget-text-editor\" data-id=\"32d9053\" data-element_type=\"widget\" data-e-type=\"widget\" data-widget_type=\"text-editor.default\">\n\t\t\t\t<div class=\"elementor-widget-container\">\n\t\t\t\t\t\t\t\t\t<section class=\"container\"><div class=\"row\"><div class=\"spb_content_element col-sm-12 spb_text_column\"><div class=\"spb_wrapper clearfix\"><div class=\"spb_content_element col-sm-6 spb_text_column\"><div class=\"spb_wrapper clearfix\"><p>Bu <a href=\"https:\/\/www.linseis.com\/tr\/termal-analiz-yoentemleri\/eszamanli-termal-analiz-tga-dsc\/\"><strong>e\u015fzamanl\u0131 termal analiz (STA)<\/strong><\/a> e\u015fzamanl\u0131 analizini m\u00fcmk\u00fcn k\u0131lar <a href=\"https:\/\/www.linseis.com\/tr\/termal-analiz-yoentemleri\/termogravimetri\/\"><strong>termogravimetrik (TG)<\/strong><\/a> etkileri (k\u00fctle de\u011fi\u015fimleri) ve kalorifik etkileri (\u0131s\u0131 ak\u0131\u015f\u0131 <strong><a href=\"https:\/\/www.linseis.com\/tr\/termal-analiz-yoentemleri\/dinamik-diferansiyel-kalorimetri\/\">) diferansiyel taramal\u0131 kalorimetre (DSC)<\/a><\/strong> kullanarak incelemi\u015ftir.<\/p><p><strong>TG ve DSC<\/strong> analiz y\u00f6ntemleri <strong>ayn\u0131 numuneye e\u015f zamanl\u0131 olarak uygulan\u0131r<\/strong>. Her iki \u00f6l\u00e7\u00fcm y\u00f6nteminin sonu\u00e7lar\u0131 do\u011frudan kar\u015f\u0131la\u015ft\u0131r\u0131labilir. De\u011fi\u015fen numune atmosferlerinin reaksiyon dengesi \u00fczerindeki etkisi, bireysel \u00f6l\u00e7\u00fcmlerde ortaya \u00e7\u0131kabilir, hari\u00e7 tutulur.  <\/p><\/div><\/div><\/div><\/div><\/div><\/section>\t\t\t\t\t\t\t\t<\/div>\n\t\t\t\t<\/div>\n\t\t\t\t<div class=\"elementor-element elementor-element-fe4080d elementor-invisible elementor-widget elementor-widget-text-editor\" data-id=\"fe4080d\" data-element_type=\"widget\" data-e-type=\"widget\" data-settings=\"{&quot;_animation&quot;:&quot;fadeInUp&quot;,&quot;_animation_delay&quot;:500}\" data-widget_type=\"text-editor.default\">\n\t\t\t\t<div class=\"elementor-widget-container\">\n\t\t\t\t\t\t\t\t\t<section class=\"container\"><div class=\"row\"><div class=\"spb_content_element col-sm-12 spb_text_column\"><div class=\"spb_wrapper clearfix\"><p><img loading=\"lazy\" decoding=\"async\" class=\"wp-image-22529 size-large aligncenter\" src=\"https:\/\/www.linseis.com\/wp-content\/uploads\/2024\/07\/STA-PT-1600-Broschuere_v3_komprimiert_Seite_17-1024x926.png\" alt=\"\" width=\"1024\" height=\"926\" srcset=\"https:\/\/www.linseis.com\/wp-content\/uploads\/2024\/07\/STA-PT-1600-Broschuere_v3_komprimiert_Seite_17-1024x926.png 1024w, https:\/\/www.linseis.com\/wp-content\/uploads\/2024\/07\/STA-PT-1600-Broschuere_v3_komprimiert_Seite_17-300x271.png 300w, https:\/\/www.linseis.com\/wp-content\/uploads\/2024\/07\/STA-PT-1600-Broschuere_v3_komprimiert_Seite_17-768x695.png 768w, https:\/\/www.linseis.com\/wp-content\/uploads\/2024\/07\/STA-PT-1600-Broschuere_v3_komprimiert_Seite_17-1536x1389.png 1536w, https:\/\/www.linseis.com\/wp-content\/uploads\/2024\/07\/STA-PT-1600-Broschuere_v3_komprimiert_Seite_17.png 1654w\" sizes=\"(max-width: 1024px) 100vw, 1024px\" \/><\/p><p style=\"text-align: center;\"><em>STA \u00f6l\u00e7\u00fcm\u00fc kurulumu (e\u015fzamanl\u0131 termal analiz). \u00d6l\u00e7\u00fcm s\u0131ras\u0131nda DSC ve TGA de\u011ferleri belirlenir. <\/em><\/p><\/div><\/div><\/div><\/section>\t\t\t\t\t\t\t\t<\/div>\n\t\t\t\t<\/div>\n\t\t\t\t<\/div>\n\t\t\t\t\t<\/div>\n\t\t\t\t<\/div>\n\t\t<div class=\"elementor-element elementor-element-8801439 e-flex e-con-boxed elementor-invisible e-con e-parent\" data-id=\"8801439\" data-element_type=\"container\" data-e-type=\"container\" data-settings=\"{&quot;background_background&quot;:&quot;classic&quot;,&quot;animation&quot;:&quot;fadeInUp&quot;}\">\n\t\t\t\t\t<div class=\"e-con-inner\">\n\t\t<div class=\"elementor-element elementor-element-4fda86f e-con-full e-flex e-con e-child\" data-id=\"4fda86f\" data-element_type=\"container\" data-e-type=\"container\">\n\t\t<div class=\"elementor-element elementor-element-a0a9aac e-con-full e-flex e-con e-child\" data-id=\"a0a9aac\" data-element_type=\"container\" data-e-type=\"container\">\n\t\t\t\t<div class=\"elementor-element elementor-element-53ea4ef elementor-widget elementor-widget-text-editor\" data-id=\"53ea4ef\" data-element_type=\"widget\" data-e-type=\"widget\" data-widget_type=\"text-editor.default\">\n\t\t\t\t<div class=\"elementor-widget-container\">\n\t\t\t\t\t\t\t\t\t<h2>\u00d6rnek \u00f6l\u00e7\u00fcm: TGA ve DSC<\/h2>\t\t\t\t\t\t\t\t<\/div>\n\t\t\t\t<\/div>\n\t\t\t\t<div class=\"elementor-element elementor-element-d38f832 elementor-invisible elementor-widget elementor-widget-text-editor\" data-id=\"d38f832\" data-element_type=\"widget\" data-e-type=\"widget\" data-settings=\"{&quot;_animation&quot;:&quot;fadeInUp&quot;,&quot;_animation_delay&quot;:500}\" data-widget_type=\"text-editor.default\">\n\t\t\t\t<div class=\"elementor-widget-container\">\n\t\t\t\t\t\t\t\t\t<p><img loading=\"lazy\" decoding=\"async\" class=\"aligncenter wp-image-16362 size-full\" src=\"https:\/\/www.linseis.com\/wp-content\/uploads\/2024\/07\/Decomposition-of-rubber-1024x582-1.png\" alt=\"\" width=\"1024\" height=\"582\" srcset=\"https:\/\/www.linseis.com\/wp-content\/uploads\/2024\/07\/Decomposition-of-rubber-1024x582-1.png 1024w, https:\/\/www.linseis.com\/wp-content\/uploads\/2024\/07\/Decomposition-of-rubber-1024x582-1-300x171.png 300w, https:\/\/www.linseis.com\/wp-content\/uploads\/2024\/07\/Decomposition-of-rubber-1024x582-1-768x437.png 768w\" sizes=\"(max-width: 1024px) 100vw, 1024px\" \/><\/p><p style=\"text-align: center;\">Bir STA&#8217;da kau\u00e7u\u011fun ayr\u0131\u015fmas\u0131 (TG+DSC), pembe e\u011fri DTA\/DSC sinyali, mavi e\u011fri k\u00fctle kayb\u0131<\/p>\t\t\t\t\t\t\t\t<\/div>\n\t\t\t\t<\/div>\n\t\t\t\t<\/div>\n\t\t\t\t<\/div>\n\t\t\t\t\t<\/div>\n\t\t\t\t<\/div>\n\t\t<div class=\"elementor-element elementor-element-f83fe45 e-flex e-con-boxed elementor-invisible e-con e-parent\" data-id=\"f83fe45\" data-element_type=\"container\" data-e-type=\"container\" data-settings=\"{&quot;background_background&quot;:&quot;classic&quot;,&quot;animation&quot;:&quot;fadeInUp&quot;}\">\n\t\t\t\t\t<div class=\"e-con-inner\">\n\t\t<div class=\"elementor-element elementor-element-5bca60f e-con-full e-flex e-con e-child\" data-id=\"5bca60f\" data-element_type=\"container\" data-e-type=\"container\">\n\t\t<div class=\"elementor-element elementor-element-fec2c0b e-con-full e-flex e-con e-child\" data-id=\"fec2c0b\" data-element_type=\"container\" data-e-type=\"container\">\n\t\t\t\t<div class=\"elementor-element elementor-element-e5074e8 elementor-widget elementor-widget-text-editor\" data-id=\"e5074e8\" data-element_type=\"widget\" data-e-type=\"widget\" data-widget_type=\"text-editor.default\">\n\t\t\t\t<div class=\"elementor-widget-container\">\n\t\t\t\t\t\t\t\t\t<h2>Kombine termal analizin avantajlar\u0131<\/h2>\t\t\t\t\t\t\t\t<\/div>\n\t\t\t\t<\/div>\n\t\t\t\t<div class=\"elementor-element elementor-element-f8733bc elementor-widget elementor-widget-text-editor\" data-id=\"f8733bc\" data-element_type=\"widget\" data-e-type=\"widget\" data-widget_type=\"text-editor.default\">\n\t\t\t\t<div class=\"elementor-widget-container\">\n\t\t\t\t\t\t\t\t\t<p>E\u015fzamanl\u0131 termal analizin avantajlar\u0131, tam olarak ayn\u0131 \u00f6l\u00e7\u00fcm ko\u015fullar\u0131 ge\u00e7erli oldu\u011fundan ve farkl\u0131 numune haz\u0131rl\u0131klar\u0131n\u0131n etkileri hari\u00e7 tutuldu\u011fundan, TG ve DSC sonu\u00e7lar\u0131n\u0131n birbirleriyle kar\u015f\u0131la\u015ft\u0131r\u0131labilmesi ve ili\u015fkilendirilebilmesidir.<\/p><ul><li>\u00d6l\u00e7\u00fclen termal etkilerin yorumlanmas\u0131 daha kolay hale gelir ve d\u00f6n\u00fc\u015f\u00fcm entalpileri a\u011f\u0131rl\u0131k de\u011fi\u015fimleri i\u00e7in d\u00fczeltilebilir.<\/li><li>Pahal\u0131 ve haz\u0131rlanmas\u0131 zor numune materyalinden tasarruf edilir.<\/li><li>E\u015f zamanl\u0131 termal analiz, numune homojenliklerinin, numune geometrisinin ve s\u0131cakl\u0131k yanl\u0131\u015fl\u0131klar\u0131n\u0131n neden oldu\u011fu ayr\u0131 TG ve DTA\/DSC \u00f6l\u00e7\u00fcmlerinin belirsizliklerini telafi eder.<\/li><\/ul><p>TG ve DTA\/DSC sonu\u00e7lar\u0131n\u0131n net bir \u015fekilde atanmas\u0131, \u00f6zellikle <strong>karma\u015f\u0131k reaksiyonlar<\/strong> i\u00e7in neredeyse eksiksiz numune karakterizasyonu sa\u011flar. Elde edilen tamamlay\u0131c\u0131 bilgiler, a\u011f\u0131rl\u0131kta bir de\u011fi\u015fiklik i\u00e7ermeyen endotermik ve ekzotermik olaylar (\u00f6rne\u011fin erime ve kristalle\u015fme) ile i\u00e7erenler (\u00f6rne\u011fin bozunma) aras\u0131nda ayr\u0131m yap\u0131lmas\u0131n\u0131 m\u00fcmk\u00fcn k\u0131lar. <\/p>\t\t\t\t\t\t\t\t<\/div>\n\t\t\t\t<\/div>\n\t\t\t\t<\/div>\n\t\t<div class=\"elementor-element elementor-element-0618683 e-con-full e-flex e-con e-child\" data-id=\"0618683\" data-element_type=\"container\" data-e-type=\"container\">\n\t\t<div class=\"elementor-element elementor-element-42fa7b7 e-con-full e-flex e-con e-child\" data-id=\"42fa7b7\" data-element_type=\"container\" data-e-type=\"container\">\n\t\t\t\t<\/div>\n\t\t\t\t<\/div>\n\t\t\t\t<\/div>\n\t\t\t\t\t<\/div>\n\t\t\t\t<\/div>\n\t\t\t\t<\/div>\n\t\t","protected":false},"excerpt":{"rendered":"<p>E\u015f zamanl\u0131 termal analiz E\u015f zamanl\u0131 termal analiz &#8211; termogravimetri ve diferansiyel taramal\u0131 kalorimetri Bu e\u015fzamanl\u0131 termal analiz (STA) e\u015fzamanl\u0131 analizini m\u00fcmk\u00fcn k\u0131lar termogravimetrik (TG) etkileri (k\u00fctle de\u011fi\u015fimleri) ve kalorifik etkileri (\u0131s\u0131 ak\u0131\u015f\u0131 ) diferansiyel taramal\u0131 kalorimetre (DSC) kullanarak incelemi\u015ftir. TG ve DSC analiz y\u00f6ntemleri ayn\u0131 numuneye e\u015f zamanl\u0131 olarak uygulan\u0131r. Her iki \u00f6l\u00e7\u00fcm y\u00f6nteminin [&hellip;]<\/p>\n","protected":false},"author":3,"featured_media":0,"parent":113451,"menu_order":0,"comment_status":"closed","ping_status":"closed","template":"","meta":{"_acf_changed":false,"inline_featured_image":false,"footnotes":""},"class_list":["post-113491","page","type-page","status-publish","hentry"],"acf":[],"_links":{"self":[{"href":"https:\/\/www.linseis.com\/tr\/wp-json\/wp\/v2\/pages\/113491","targetHints":{"allow":["GET"]}}],"collection":[{"href":"https:\/\/www.linseis.com\/tr\/wp-json\/wp\/v2\/pages"}],"about":[{"href":"https:\/\/www.linseis.com\/tr\/wp-json\/wp\/v2\/types\/page"}],"author":[{"embeddable":true,"href":"https:\/\/www.linseis.com\/tr\/wp-json\/wp\/v2\/users\/3"}],"replies":[{"embeddable":true,"href":"https:\/\/www.linseis.com\/tr\/wp-json\/wp\/v2\/comments?post=113491"}],"version-history":[{"count":0,"href":"https:\/\/www.linseis.com\/tr\/wp-json\/wp\/v2\/pages\/113491\/revisions"}],"up":[{"embeddable":true,"href":"https:\/\/www.linseis.com\/tr\/wp-json\/wp\/v2\/pages\/113451"}],"wp:attachment":[{"href":"https:\/\/www.linseis.com\/tr\/wp-json\/wp\/v2\/media?parent=113491"}],"curies":[{"name":"wp","href":"https:\/\/api.w.org\/{rel}","templated":true}]}}