{"id":113485,"date":"2024-07-26T10:45:40","date_gmt":"2024-07-26T08:45:40","guid":{"rendered":"https:\/\/www.linseis.com\/termal-analiz-yoentemleri\/harman-yoentemi\/"},"modified":"2026-01-23T11:42:51","modified_gmt":"2026-01-23T10:42:51","slug":"harman-yoentemi","status":"publish","type":"page","link":"https:\/\/www.linseis.com\/tr\/termal-analiz-yoentemleri\/harman-yoentemi\/","title":{"rendered":"Harman y\u00f6ntemi"},"content":{"rendered":"\t\t<div data-elementor-type=\"wp-post\" data-elementor-id=\"113485\" class=\"elementor elementor-113485 elementor-22465\" data-elementor-post-type=\"page\">\n\t\t\t\t<div class=\"elementor-element elementor-element-a3549cf e-flex e-con-boxed e-con e-parent\" data-id=\"a3549cf\" data-element_type=\"container\" data-e-type=\"container\" data-settings=\"{&quot;background_background&quot;:&quot;classic&quot;}\">\n\t\t\t\t\t<div class=\"e-con-inner\">\n\t\t\t\t<div class=\"elementor-element elementor-element-ac41c94 elementor-widget elementor-widget-image\" data-id=\"ac41c94\" data-element_type=\"widget\" data-e-type=\"widget\" data-widget_type=\"image.default\">\n\t\t\t\t<div class=\"elementor-widget-container\">\n\t\t\t\t\t\t\t\t\t\t\t\t\t\t\t<img fetchpriority=\"high\" decoding=\"async\" width=\"800\" height=\"800\" src=\"https:\/\/www.linseis.com\/wp-content\/uploads\/2024\/06\/linseis_scale-top-1.svg\" class=\"attachment-large size-large wp-image-123864\" alt=\"\" \/>\t\t\t\t\t\t\t\t\t\t\t\t\t\t\t<\/div>\n\t\t\t\t<\/div>\n\t\t<div class=\"elementor-element elementor-element-a7b7feb e-con-full e-flex e-con e-child\" data-id=\"a7b7feb\" data-element_type=\"container\" data-e-type=\"container\">\n\t\t<div class=\"elementor-element elementor-element-6100945 e-con-full e-flex e-con e-child\" data-id=\"6100945\" data-element_type=\"container\" data-e-type=\"container\">\n\t\t\t\t<div class=\"elementor-element elementor-element-cc1182c elementor-invisible elementor-widget elementor-widget-heading\" data-id=\"cc1182c\" data-element_type=\"widget\" data-e-type=\"widget\" data-settings=\"{&quot;_animation&quot;:&quot;fadeInUp&quot;,&quot;_animation_delay&quot;:250}\" data-widget_type=\"heading.default\">\n\t\t\t\t<div class=\"elementor-widget-container\">\n\t\t\t\t\t<h1 class=\"elementor-heading-title elementor-size-default\"><b>\n\nHarman y\u00f6ntemi\n\n<\/b><\/h1>\t\t\t\t<\/div>\n\t\t\t\t<\/div>\n\t\t\t\t<\/div>\n\t\t<div class=\"elementor-element elementor-element-6d91a43 e-con-full e-flex e-con e-child\" data-id=\"6d91a43\" data-element_type=\"container\" data-e-type=\"container\">\n\t\t\t\t<div class=\"elementor-element elementor-element-9413374 elementor-widget elementor-widget-n-carousel\" data-id=\"9413374\" data-element_type=\"widget\" data-e-type=\"widget\" data-settings=\"{&quot;carousel_items&quot;:[{&quot;slide_title&quot;:&quot;Produkt 1&quot;,&quot;_id&quot;:&quot;d6fbcdb&quot;}],&quot;slides_to_show&quot;:&quot;1&quot;,&quot;slides_to_scroll&quot;:&quot;2&quot;,&quot;autoplay_speed&quot;:2000,&quot;slides_to_show_tablet&quot;:&quot;1&quot;,&quot;slides_to_show_mobile&quot;:&quot;1&quot;,&quot;autoplay&quot;:&quot;yes&quot;,&quot;pause_on_hover&quot;:&quot;yes&quot;,&quot;pause_on_interaction&quot;:&quot;yes&quot;,&quot;infinite&quot;:&quot;yes&quot;,&quot;speed&quot;:500,&quot;offset_sides&quot;:&quot;none&quot;,&quot;image_spacing_custom&quot;:{&quot;unit&quot;:&quot;px&quot;,&quot;size&quot;:10,&quot;sizes&quot;:[]},&quot;image_spacing_custom_tablet&quot;:{&quot;unit&quot;:&quot;px&quot;,&quot;size&quot;:&quot;&quot;,&quot;sizes&quot;:[]},&quot;image_spacing_custom_mobile&quot;:{&quot;unit&quot;:&quot;px&quot;,&quot;size&quot;:&quot;&quot;,&quot;sizes&quot;:[]}}\" data-widget_type=\"nested-carousel.default\">\n\t\t\t\t<div class=\"elementor-widget-container\">\n\t\t\t\t\t\t\t<div class=\"e-n-carousel swiper\" role=\"region\" aria-roledescription=\"carousel\" aria-label=\"Karussell\" dir=\"ltr\">\n\t\t\t<div class=\"swiper-wrapper\" aria-live=\"off\">\n\t\t\t\t\t\t\t\t\t\t<div class=\"swiper-slide\" data-slide=\"1\" role=\"group\" aria-roledescription=\"slide\" aria-label=\"1 of 1\">\n\t\t\t\t\t\t\t<div class=\"elementor-element elementor-element-44441f5 e-flex e-con-boxed e-con e-child\" data-id=\"44441f5\" data-element_type=\"container\" data-e-type=\"container\">\n\t\t\t\t\t<div class=\"e-con-inner\">\n\t\t\t\t<div class=\"elementor-element elementor-element-4103051 elementor-widget__width-initial elementor-invisible elementor-widget elementor-widget-image\" data-id=\"4103051\" data-element_type=\"widget\" data-e-type=\"widget\" data-settings=\"{&quot;_animation&quot;:&quot;fadeInUp&quot;}\" data-widget_type=\"image.default\">\n\t\t\t\t<div class=\"elementor-widget-container\">\n\t\t\t\t\t\t\t\t\t\t\t\t\t\t\t<img decoding=\"async\" width=\"800\" height=\"800\" src=\"https:\/\/www.linseis.com\/wp-content\/uploads\/2024\/07\/Linseis-Icons_Linien-weiss_Zeichenflaeche-1-Kopie-88-1024x1024.png\" class=\"attachment-large size-large wp-image-23715\" alt=\"\" srcset=\"https:\/\/www.linseis.com\/wp-content\/uploads\/2024\/07\/Linseis-Icons_Linien-weiss_Zeichenflaeche-1-Kopie-88-1024x1024.png 1024w, https:\/\/www.linseis.com\/wp-content\/uploads\/2024\/07\/Linseis-Icons_Linien-weiss_Zeichenflaeche-1-Kopie-88-300x300.png 300w, https:\/\/www.linseis.com\/wp-content\/uploads\/2024\/07\/Linseis-Icons_Linien-weiss_Zeichenflaeche-1-Kopie-88-150x150.png 150w, https:\/\/www.linseis.com\/wp-content\/uploads\/2024\/07\/Linseis-Icons_Linien-weiss_Zeichenflaeche-1-Kopie-88-768x768.png 768w, https:\/\/www.linseis.com\/wp-content\/uploads\/2024\/07\/Linseis-Icons_Linien-weiss_Zeichenflaeche-1-Kopie-88-1536x1536.png 1536w, https:\/\/www.linseis.com\/wp-content\/uploads\/2024\/07\/Linseis-Icons_Linien-weiss_Zeichenflaeche-1-Kopie-88-2048x2048.png 2048w\" sizes=\"(max-width: 800px) 100vw, 800px\" \/>\t\t\t\t\t\t\t\t\t\t\t\t\t\t\t<\/div>\n\t\t\t\t<\/div>\n\t\t\t\t\t<\/div>\n\t\t\t\t<\/div>\n\t\t\t\t\t\t\t\t<\/div>\n\t\t\t\t\t\t\t\t<\/div>\n\t\t<\/div>\n\t\t\t\t\t\t<\/div>\n\t\t\t\t<\/div>\n\t\t\t\t<\/div>\n\t\t\t\t<\/div>\n\t\t\t\t<div class=\"elementor-element elementor-element-b4a6800 elementor-widget elementor-widget-image\" data-id=\"b4a6800\" data-element_type=\"widget\" data-e-type=\"widget\" data-widget_type=\"image.default\">\n\t\t\t\t<div class=\"elementor-widget-container\">\n\t\t\t\t\t\t\t\t\t\t\t\t\t\t\t<img decoding=\"async\" width=\"800\" height=\"800\" src=\"https:\/\/www.linseis.com\/wp-content\/uploads\/2024\/06\/linseis_scale-bottom-1.svg\" class=\"attachment-large size-large wp-image-123873\" alt=\"\" \/>\t\t\t\t\t\t\t\t\t\t\t\t\t\t\t<\/div>\n\t\t\t\t<\/div>\n\t\t\t\t\t<\/div>\n\t\t\t\t<\/div>\n\t\t<div class=\"elementor-element elementor-element-7c8d6cc e-flex e-con-boxed e-con e-parent\" data-id=\"7c8d6cc\" data-element_type=\"container\" data-e-type=\"container\" data-settings=\"{&quot;background_background&quot;:&quot;classic&quot;}\">\n\t\t\t\t\t<div class=\"e-con-inner\">\n\t\t\t\t\t<\/div>\n\t\t\t\t<\/div>\n\t\t<div class=\"elementor-element elementor-element-d7b7522 e-flex e-con-boxed e-con e-parent\" data-id=\"d7b7522\" data-element_type=\"container\" data-e-type=\"container\" data-settings=\"{&quot;background_background&quot;:&quot;classic&quot;}\">\n\t\t\t\t\t<div class=\"e-con-inner\">\n\t\t<div class=\"elementor-element elementor-element-449b6fd e-con-full e-flex e-con e-child\" data-id=\"449b6fd\" data-element_type=\"container\" data-e-type=\"container\">\n\t\t\t\t<div class=\"elementor-element elementor-element-031217d elementor-invisible elementor-widget elementor-widget-wp-widget-bcn_widget\" data-id=\"031217d\" data-element_type=\"widget\" data-e-type=\"widget\" data-settings=\"{&quot;_animation&quot;:&quot;fadeInUp&quot;}\" data-widget_type=\"wp-widget-bcn_widget.default\">\n\t\t\t\t<div class=\"elementor-widget-container\">\n\t\t\t\t\t<div class=\"breadcrumbs\" vocab=\"https:\/\/schema.org\/\" typeof=\"BreadcrumbList\"><span property=\"itemListElement\" typeof=\"ListItem\"><a property=\"item\" typeof=\"WebPage\" title=\"Go to Linseis.\" href=\"https:\/\/www.linseis.com\/tr\/\" class=\"home\" aria-current=\"page\"><span property=\"name\">Linseis<\/span><\/a><meta property=\"position\" content=\"1\"><\/span><\/div>\t\t\t\t<\/div>\n\t\t\t\t<\/div>\n\t\t\t\t<\/div>\n\t\t\t\t\t<\/div>\n\t\t\t\t<\/div>\n\t\t<div class=\"elementor-element elementor-element-ed98f58 e-flex e-con-boxed e-con e-parent\" data-id=\"ed98f58\" data-element_type=\"container\" data-e-type=\"container\" data-settings=\"{&quot;background_background&quot;:&quot;classic&quot;}\">\n\t\t\t\t\t<div class=\"e-con-inner\">\n\t\t<div class=\"elementor-element elementor-element-bbc47b3 e-con-full e-flex e-con e-child\" data-id=\"bbc47b3\" data-element_type=\"container\" data-e-type=\"container\">\n\t\t\t\t<div class=\"elementor-element elementor-element-71a1ec4 elementor-invisible elementor-widget elementor-widget-text-editor\" data-id=\"71a1ec4\" data-element_type=\"widget\" data-e-type=\"widget\" data-settings=\"{&quot;_animation&quot;:&quot;fadeInUp&quot;,&quot;_animation_delay&quot;:500}\" data-widget_type=\"text-editor.default\">\n\t\t\t\t<div class=\"elementor-widget-container\">\n\t\t\t\t\t\t\t\t\t<h2>Harman y\u00f6ntemine g\u00f6re ZT kalite endeksinin do\u011frudan \u00f6l\u00e7\u00fcm\u00fc<\/h2>\t\t\t\t\t\t\t\t<\/div>\n\t\t\t\t<\/div>\n\t\t\t\t<div class=\"elementor-element elementor-element-32d9053 elementor-widget elementor-widget-text-editor\" data-id=\"32d9053\" data-element_type=\"widget\" data-e-type=\"widget\" data-widget_type=\"text-editor.default\">\n\t\t\t\t<div class=\"elementor-widget-container\">\n\t\t\t\t\t\t\t\t\t<section class=\"container\"><div class=\"row\"><div class=\"spb_content_element col-sm-12 spb_text_column\"><div class=\"spb_wrapper clearfix\"><p>Termoelektrik liyakat de\u011feri <strong><a href=\"https:\/\/www.linseis.com\/tr\/oelcuelen-degiskenler\/zt-liyakat-figuerue\/\" data-auto-event-observed=\"true\">ZT<\/a><\/strong> &#8216;nin bireysel \u00f6l\u00e7\u00fcmlerinin sonu\u00e7lar\u0131ndan hesaplanabilir. <strong><a href=\"https:\/\/www.linseis.com\/tr\/?page_id=113375\" data-auto-event-observed=\"true\">elektriksel iletkenlik<\/a><\/strong>, the <strong><a href=\"https:\/\/www.linseis.com\/tr\/oelcuelen-degiskenler\/seebeck-katsayisi\/\" data-auto-event-observed=\"true\">Seebeck katsay\u0131s\u0131<\/a><\/strong> ve <strong><a href=\"https:\/\/www.linseis.com\/tr\/oelcuelen-degiskenler\/termal-iletkenlik\/\" data-auto-event-observed=\"true\">termal iletkenlik<\/a><\/strong> do\u011frudan hesaplanabilir veya \u00f6l\u00e7\u00fclebilir. <strong>Do\u011frudan belirleme i\u00e7in yayg\u0131n bir y\u00f6ntem Harman y\u00f6ntemidir<\/strong>.<\/p><p>\u00d6l\u00e7\u00fcm i\u00e7in, silindirik veya dikd\u00f6rtgen \u00e7ubuk \u015feklindeki bir termoelektrik numune her iki ucundan ve yan y\u00fczeylerden birinde iki kontakla elektriksel olarak temas ettirilir (bkz. a\u015fa\u011f\u0131daki \u015fekil a).<\/p><\/div><\/div><\/div><\/section>\t\t\t\t\t\t\t\t<\/div>\n\t\t\t\t<\/div>\n\t\t\t\t<div class=\"elementor-element elementor-element-fe4080d elementor-invisible elementor-widget elementor-widget-text-editor\" data-id=\"fe4080d\" data-element_type=\"widget\" data-e-type=\"widget\" data-settings=\"{&quot;_animation&quot;:&quot;fadeInUp&quot;,&quot;_animation_delay&quot;:500}\" data-widget_type=\"text-editor.default\">\n\t\t\t\t<div class=\"elementor-widget-container\">\n\t\t\t\t\t\t\t\t\t<section class=\"container\"><div class=\"row\"><div class=\"spb_content_element col-sm-12 spb_text_column\"><div class=\"spb_wrapper clearfix\"><p><img loading=\"lazy\" decoding=\"async\" class=\"wp-image-22467 size-large aligncenter\" src=\"https:\/\/www.linseis.com\/wp-content\/uploads\/2024\/07\/Schematic-setup-for-ZT-measurement-1-1280x414-1-1024x331.png\" alt=\"\" width=\"1024\" height=\"331\" srcset=\"https:\/\/www.linseis.com\/wp-content\/uploads\/2024\/07\/Schematic-setup-for-ZT-measurement-1-1280x414-1-1024x331.png 1024w, https:\/\/www.linseis.com\/wp-content\/uploads\/2024\/07\/Schematic-setup-for-ZT-measurement-1-1280x414-1-300x97.png 300w, https:\/\/www.linseis.com\/wp-content\/uploads\/2024\/07\/Schematic-setup-for-ZT-measurement-1-1280x414-1-768x248.png 768w, https:\/\/www.linseis.com\/wp-content\/uploads\/2024\/07\/Schematic-setup-for-ZT-measurement-1-1280x414-1.png 1280w\" sizes=\"(max-width: 1024px) 100vw, 1024px\" \/><\/p><p style=\"text-align: center;\"><em>a) Harman y\u00f6ntemi kullan\u0131larak termoelektrik malzemelerin do\u011frudan ZT \u00f6l\u00e7\u00fcm\u00fc i\u00e7in \u015fematik kurulum.  <\/em><\/p><p style=\"text-align: center;\"><em>b) Uygulanan \u00f6l\u00e7\u00fcm ak\u0131m\u0131 I ile omik gerilim d\u00fc\u015f\u00fcm\u00fc UR ve olu\u015fan termal gerilim Uth ile bir Harman \u00f6l\u00e7\u00fcm\u00fcn\u00fcn \u00f6l\u00e7\u00fcm e\u011frisi.<\/em><\/p><\/div><\/div><\/div><\/section>\t\t\t\t\t\t\t\t<\/div>\n\t\t\t\t<\/div>\n\t\t\t\t<div class=\"elementor-element elementor-element-64ed86b elementor-widget elementor-widget-text-editor\" data-id=\"64ed86b\" data-element_type=\"widget\" data-e-type=\"widget\" data-widget_type=\"text-editor.default\">\n\t\t\t\t<div class=\"elementor-widget-container\">\n\t\t\t\t\t\t\t\t\t<section class=\"container\"><div class=\"row\"><div class=\"spb_content_element col-sm-12 spb_text_column\"><div class=\"spb_wrapper clearfix\"><section class=\"container\"><div class=\"row\"><div class=\"spb_content_element col-sm-12 spb_text_column\"><div class=\"spb_wrapper clearfix\"><p>\u00d6l\u00e7\u00fcm do\u011frulu\u011fu i\u00e7in, m\u00fcmk\u00fcn olan en iyi adyabatik ko\u015fullar\u0131 olu\u015fturmak, yani numune ile ortam aras\u0131ndaki \u0131s\u0131 al\u0131\u015fveri\u015fini en aza indirmek \u00e7ok \u00f6nemlidir.<\/p><p>Bu nedenle, \u00f6l\u00e7\u00fcm genellikle vakum alt\u0131nda ger\u00e7ekle\u015fir ve numune ya serbest olarak saklan\u0131r ya da termostat kontroll\u00fc bir taban plakas\u0131 \u00fczerine sabitlenir.<\/p><p>Buna ek olarak, numune ile \u00e7evre aras\u0131nda radyasyon yoluyla \u0131s\u0131 al\u0131\u015fveri\u015fini azaltmak i\u00e7in genellikle bir \u0131s\u0131 kalkan\u0131 kullan\u0131l\u0131r.<\/p><\/div><\/div><\/div><\/section><section class=\"container\"><div class=\"row\"><div class=\"spb_content_element col-sm-12 spb_text_column\"><div class=\"spb_wrapper clearfix\"><p> <\/p><p> <\/p><p> <\/p><p><br>\u00d6l\u00e7\u00fcm, u\u00e7 y\u00fczeylerdeki kontaklar aras\u0131nda bir <sub>I0<\/sub> ak\u0131m\u0131 uygulanarak ba\u015flat\u0131l\u0131r, b\u00f6ylece \u00f6rnek ve elektrot aras\u0131ndaki bir ba\u011flant\u0131 \u0131s\u0131t\u0131l\u0131r ve di\u011feri Peltier etkisi nedeniyle so\u011futulur. Adyabatik s\u0131n\u0131r ko\u015fullar\u0131 daha sonra numune boyunca bir s\u0131cakl\u0131k gradyan\u0131na yol a\u00e7ar ve bu s\u0131cakl\u0131k gradyan\u0131n\u0131n boyutu, uygulanan ak\u0131ma ve numunenin termoelektrik \u00f6zelliklerine ba\u011fl\u0131d\u0131r. Numunenin yan y\u00fczeyindeki voltaj problar\u0131, hem uygulanan ak\u0131m nedeniyle voltaj d\u00fc\u015f\u00fc\u015f\u00fcn\u00fcn omik bile\u015fenini UR hem de s\u0131cakl\u0131k gradyan\u0131ndan kaynaklanan termal voltaj\u0131 Uth \u00f6l\u00e7mek i\u00e7in kullan\u0131l\u0131r (bkz. \u015eekil 1b).  <\/p><p>Omik bile\u015fen do\u011frudan ak\u0131m enjeksiyonundan sonra \u00f6l\u00e7\u00fcl\u00fcrken, termal gerilim kararl\u0131 durum son halinde belirlenir. ZT do\u011frudan iki gerilimin oran\u0131ndan belirlenebilir. <\/p><\/div><\/div><\/div><\/section><\/div><\/div><\/div><\/section>\t\t\t\t\t\t\t\t<\/div>\n\t\t\t\t<\/div>\n\t\t\t\t<div class=\"elementor-element elementor-element-63cdf9f elementor-invisible elementor-widget elementor-widget-text-editor\" data-id=\"63cdf9f\" data-element_type=\"widget\" data-e-type=\"widget\" data-settings=\"{&quot;_animation&quot;:&quot;fadeInUp&quot;,&quot;_animation_delay&quot;:500}\" data-widget_type=\"text-editor.default\">\n\t\t\t\t<div class=\"elementor-widget-container\">\n\t\t\t\t\t\t\t\t\t<section class=\"container\"><div class=\"row\"><div class=\"spb_content_element col-sm-12 spb_text_column\"><div class=\"spb_wrapper clearfix\"><p><img loading=\"lazy\" decoding=\"async\" class=\"wp-image-22474 size-full aligncenter\" src=\"https:\/\/www.linseis.com\/wp-content\/uploads\/2024\/07\/ZT-formula-1.png\" alt=\"\" width=\"171\" height=\"127\"><\/p><\/div><\/div><\/div><\/section>\t\t\t\t\t\t\t\t<\/div>\n\t\t\t\t<\/div>\n\t\t\t\t<div class=\"elementor-element elementor-element-cbe6a38 elementor-widget elementor-widget-text-editor\" data-id=\"cbe6a38\" data-element_type=\"widget\" data-e-type=\"widget\" data-widget_type=\"text-editor.default\">\n\t\t\t\t<div class=\"elementor-widget-container\">\n\t\t\t\t\t\t\t\t\t<section class=\"container\"><div class=\"row\"><div class=\"spb_content_element col-sm-12 spb_text_column\"><div class=\"spb_wrapper clearfix\"><section class=\"container\"><div class=\"row\"><div class=\"spb_content_element col-sm-12 spb_text_column\"><div class=\"spb_wrapper clearfix\"><p>\u00d6l\u00e7\u00fcm y\u00f6nteminin do\u011frulu\u011fu b\u00fcy\u00fck \u00f6l\u00e7\u00fcde adyabatik \u00f6l\u00e7\u00fcm ko\u015fullar\u0131na uyulmas\u0131na ve numune ile ak\u0131m elektrotlar\u0131 aras\u0131ndaki temas direncine ba\u011fl\u0131d\u0131r. Bu durum, Harman teknolojisine dayal\u0131 \u00f6l\u00e7\u00fcm d\u00fczene\u011finin maksimum \u00e7al\u0131\u015fma s\u0131cakl\u0131\u011f\u0131n\u0131 200\u00b0C ila 300\u00b0C ile s\u0131n\u0131rlamaktad\u0131r. <\/p><\/div><\/div><\/div><\/section><\/div><\/div><\/div><\/section>\t\t\t\t\t\t\t\t<\/div>\n\t\t\t\t<\/div>\n\t\t\t\t<\/div>\n\t\t\t\t\t<\/div>\n\t\t\t\t<\/div>\n\t\t<div class=\"elementor-element elementor-element-8801439 e-flex e-con-boxed elementor-invisible e-con e-parent\" data-id=\"8801439\" data-element_type=\"container\" data-e-type=\"container\" data-settings=\"{&quot;background_background&quot;:&quot;classic&quot;,&quot;animation&quot;:&quot;fadeInUp&quot;}\">\n\t\t\t\t\t<div class=\"e-con-inner\">\n\t\t<div class=\"elementor-element elementor-element-4fda86f e-con-full e-flex e-con e-child\" data-id=\"4fda86f\" data-element_type=\"container\" data-e-type=\"container\">\n\t\t<div class=\"elementor-element elementor-element-a0a9aac e-con-full e-flex e-con e-child\" data-id=\"a0a9aac\" data-element_type=\"container\" data-e-type=\"container\">\n\t\t\t\t<div class=\"elementor-element elementor-element-53ea4ef elementor-invisible elementor-widget elementor-widget-text-editor\" data-id=\"53ea4ef\" data-element_type=\"widget\" data-e-type=\"widget\" data-settings=\"{&quot;_animation&quot;:&quot;fadeInUp&quot;,&quot;_animation_delay&quot;:500}\" data-widget_type=\"text-editor.default\">\n\t\t\t\t<div class=\"elementor-widget-container\">\n\t\t\t\t\t\t\t\t\t<h2>Hangi m\u00fclkler de\u011ferlendirilir?<\/h2>\t\t\t\t\t\t\t\t<\/div>\n\t\t\t\t<\/div>\n\t\t\t\t<div class=\"elementor-element elementor-element-d38f832 elementor-invisible elementor-widget elementor-widget-text-editor\" data-id=\"d38f832\" data-element_type=\"widget\" data-e-type=\"widget\" data-settings=\"{&quot;_animation&quot;:&quot;fadeInUp&quot;,&quot;_animation_delay&quot;:500}\" data-widget_type=\"text-editor.default\">\n\t\t\t\t<div class=\"elementor-widget-container\">\n\t\t\t\t\t\t\t\t\t<p>Harman y\u00f6ntemi, termoelektrik liyakat de\u011feri ZT&#8217;nin do\u011frudan \u00f6l\u00e7\u00fcm\u00fc i\u00e7in kullan\u0131labilir. Bu do\u011frudan \u00f6l\u00e7\u00fcm, iyi deneysel ko\u015fullar alt\u0131nda ZT i\u00e7in hatan\u0131n en aza indirilmesini sa\u011flar. <strong><a href=\"https:\/\/www.linseis.com\/messgeraete\/lsr-thermoelektrik\/lsr-l31\/\" data-auto-event-observed=\"true\">LSR-3<\/a><\/strong> ve <strong><a href=\"https:\/\/www.linseis.com\/messgeraete\/waermeleitfaehigkeit\/lfa-l52\/\" data-auto-event-observed=\"true\">LFA<\/a><\/strong> Bireysel \u00f6l\u00e7\u00fcmlerin hata \u00e7ubuklar\u0131 biriktik\u00e7e. <\/p>\t\t\t\t\t\t\t\t<\/div>\n\t\t\t\t<\/div>\n\t\t\t\t<div class=\"elementor-element elementor-element-a75a636 elementor-invisible elementor-widget elementor-widget-text-editor\" data-id=\"a75a636\" data-element_type=\"widget\" data-e-type=\"widget\" data-settings=\"{&quot;_animation&quot;:&quot;fadeInUp&quot;,&quot;_animation_delay&quot;:500}\" data-widget_type=\"text-editor.default\">\n\t\t\t\t<div class=\"elementor-widget-container\">\n\t\t\t\t\t\t\t\t\t<section class=\"container\"><div class=\"row\"><div class=\"spb_content_element col-sm-12 spb_text_column\"><div class=\"spb_wrapper clearfix\"><p><img loading=\"lazy\" decoding=\"async\" class=\"aligncenter wp-image-22481 size-full\" src=\"https:\/\/www.linseis.com\/wp-content\/uploads\/2024\/07\/ZT-formula-2-2.png\" alt=\"\" width=\"221\" height=\"115\"><\/p><\/div><\/div><\/div><\/section>\t\t\t\t\t\t\t\t<\/div>\n\t\t\t\t<\/div>\n\t\t\t\t<\/div>\n\t\t<div class=\"elementor-element elementor-element-e2e8489 e-con-full e-flex e-con e-child\" data-id=\"e2e8489\" data-element_type=\"container\" data-e-type=\"container\">\n\t\t<div class=\"elementor-element elementor-element-5a584c2 e-con-full e-flex e-con e-child\" data-id=\"5a584c2\" data-element_type=\"container\" data-e-type=\"container\">\n\t\t\t\t<div class=\"elementor-element elementor-element-c062a2a elementor-invisible elementor-widget elementor-widget-text-editor\" data-id=\"c062a2a\" data-element_type=\"widget\" data-e-type=\"widget\" data-settings=\"{&quot;_animation&quot;:&quot;fadeInUp&quot;,&quot;_animation_delay&quot;:500}\" data-widget_type=\"text-editor.default\">\n\t\t\t\t<div class=\"elementor-widget-container\">\n\t\t\t\t\t\t\t\t\t<p>Ayn\u0131 form\u00fcl, termal iletkenli\u011fin birle\u015fik bir Harman ve g\u00fc\u00e7 fakt\u00f6r\u00fc \u00f6l\u00e7\u00fcm\u00fcnden bir malzeme \u00f6zelli\u011fi olarak hesaplanabilece\u011fini de g\u00f6stermektedir. Bu, Linseis LSR-3 gibi standart bir cihazla termoelektrik numunelerin \u0131s\u0131 ta\u015f\u0131ma \u00f6zelliklerini \u00f6l\u00e7mek i\u00e7in basit ve uygun maliyetli bir \u00e7\u00f6z\u00fcm olabilir. <\/p>\t\t\t\t\t\t\t\t<\/div>\n\t\t\t\t<\/div>\n\t\t\t\t<\/div>\n\t\t\t\t<\/div>\n\t\t\t\t<\/div>\n\t\t\t\t\t<\/div>\n\t\t\t\t<\/div>\n\t\t\t\t<\/div>\n\t\t","protected":false},"excerpt":{"rendered":"<p>Harman y\u00f6ntemi Harman y\u00f6ntemine g\u00f6re ZT kalite endeksinin do\u011frudan \u00f6l\u00e7\u00fcm\u00fc Termoelektrik liyakat de\u011feri ZT &#8216;nin bireysel \u00f6l\u00e7\u00fcmlerinin sonu\u00e7lar\u0131ndan hesaplanabilir. elektriksel iletkenlik, the Seebeck katsay\u0131s\u0131 ve termal iletkenlik do\u011frudan hesaplanabilir veya \u00f6l\u00e7\u00fclebilir. Do\u011frudan belirleme i\u00e7in yayg\u0131n bir y\u00f6ntem Harman y\u00f6ntemidir. \u00d6l\u00e7\u00fcm i\u00e7in, silindirik veya dikd\u00f6rtgen \u00e7ubuk \u015feklindeki bir termoelektrik numune her iki ucundan ve yan y\u00fczeylerden [&hellip;]<\/p>\n","protected":false},"author":3,"featured_media":0,"parent":113451,"menu_order":0,"comment_status":"closed","ping_status":"closed","template":"","meta":{"_acf_changed":false,"inline_featured_image":false,"footnotes":""},"class_list":["post-113485","page","type-page","status-publish","hentry"],"acf":[],"_links":{"self":[{"href":"https:\/\/www.linseis.com\/tr\/wp-json\/wp\/v2\/pages\/113485","targetHints":{"allow":["GET"]}}],"collection":[{"href":"https:\/\/www.linseis.com\/tr\/wp-json\/wp\/v2\/pages"}],"about":[{"href":"https:\/\/www.linseis.com\/tr\/wp-json\/wp\/v2\/types\/page"}],"author":[{"embeddable":true,"href":"https:\/\/www.linseis.com\/tr\/wp-json\/wp\/v2\/users\/3"}],"replies":[{"embeddable":true,"href":"https:\/\/www.linseis.com\/tr\/wp-json\/wp\/v2\/comments?post=113485"}],"version-history":[{"count":0,"href":"https:\/\/www.linseis.com\/tr\/wp-json\/wp\/v2\/pages\/113485\/revisions"}],"up":[{"embeddable":true,"href":"https:\/\/www.linseis.com\/tr\/wp-json\/wp\/v2\/pages\/113451"}],"wp:attachment":[{"href":"https:\/\/www.linseis.com\/tr\/wp-json\/wp\/v2\/media?parent=113485"}],"curies":[{"name":"wp","href":"https:\/\/api.w.org\/{rel}","templated":true}]}}