{"id":113483,"date":"2024-07-26T10:39:26","date_gmt":"2024-07-26T08:39:26","guid":{"rendered":"https:\/\/www.linseis.com\/termal-analiz-yoentemleri\/korumali-sicak-plaka\/"},"modified":"2026-01-23T11:42:58","modified_gmt":"2026-01-23T10:42:58","slug":"korumali-sicak-plaka","status":"publish","type":"page","link":"https:\/\/www.linseis.com\/tr\/termal-analiz-yoentemleri\/korumali-sicak-plaka\/","title":{"rendered":"Korumal\u0131 s\u0131cak plaka"},"content":{"rendered":"\t\t<div data-elementor-type=\"wp-post\" data-elementor-id=\"113483\" class=\"elementor elementor-113483 elementor-22446\" data-elementor-post-type=\"page\">\n\t\t\t\t<div class=\"elementor-element elementor-element-a3549cf e-flex e-con-boxed e-con e-parent\" data-id=\"a3549cf\" data-element_type=\"container\" data-e-type=\"container\" data-settings=\"{&quot;background_background&quot;:&quot;classic&quot;}\">\n\t\t\t\t\t<div class=\"e-con-inner\">\n\t\t\t\t<div class=\"elementor-element elementor-element-ac41c94 elementor-widget elementor-widget-image\" data-id=\"ac41c94\" data-element_type=\"widget\" data-e-type=\"widget\" data-widget_type=\"image.default\">\n\t\t\t\t<div class=\"elementor-widget-container\">\n\t\t\t\t\t\t\t\t\t\t\t\t\t\t\t<img fetchpriority=\"high\" decoding=\"async\" width=\"800\" height=\"800\" src=\"https:\/\/www.linseis.com\/wp-content\/uploads\/2024\/06\/linseis_scale-top-1.svg\" class=\"attachment-large size-large wp-image-123864\" alt=\"\" \/>\t\t\t\t\t\t\t\t\t\t\t\t\t\t\t<\/div>\n\t\t\t\t<\/div>\n\t\t<div class=\"elementor-element elementor-element-a7b7feb e-con-full e-flex e-con e-child\" data-id=\"a7b7feb\" data-element_type=\"container\" data-e-type=\"container\">\n\t\t<div class=\"elementor-element elementor-element-6100945 e-con-full e-flex e-con e-child\" data-id=\"6100945\" data-element_type=\"container\" data-e-type=\"container\">\n\t\t\t\t<div class=\"elementor-element elementor-element-cc1182c elementor-invisible elementor-widget elementor-widget-heading\" data-id=\"cc1182c\" data-element_type=\"widget\" data-e-type=\"widget\" data-settings=\"{&quot;_animation&quot;:&quot;fadeInUp&quot;,&quot;_animation_delay&quot;:250}\" data-widget_type=\"heading.default\">\n\t\t\t\t<div class=\"elementor-widget-container\">\n\t\t\t\t\t<h1 class=\"elementor-heading-title elementor-size-default\"><b>\n\nKorumal\u0131 s\u0131cak plaka\n\n<\/b><\/h1>\t\t\t\t<\/div>\n\t\t\t\t<\/div>\n\t\t\t\t<\/div>\n\t\t<div class=\"elementor-element elementor-element-6d91a43 e-con-full e-flex e-con e-child\" data-id=\"6d91a43\" data-element_type=\"container\" data-e-type=\"container\">\n\t\t\t\t<div class=\"elementor-element elementor-element-9413374 elementor-widget elementor-widget-n-carousel\" data-id=\"9413374\" data-element_type=\"widget\" data-e-type=\"widget\" data-settings=\"{&quot;carousel_items&quot;:[{&quot;slide_title&quot;:&quot;Produkt 1&quot;,&quot;_id&quot;:&quot;d6fbcdb&quot;}],&quot;slides_to_show&quot;:&quot;1&quot;,&quot;slides_to_scroll&quot;:&quot;2&quot;,&quot;autoplay_speed&quot;:2000,&quot;slides_to_show_tablet&quot;:&quot;1&quot;,&quot;slides_to_show_mobile&quot;:&quot;1&quot;,&quot;autoplay&quot;:&quot;yes&quot;,&quot;pause_on_hover&quot;:&quot;yes&quot;,&quot;pause_on_interaction&quot;:&quot;yes&quot;,&quot;infinite&quot;:&quot;yes&quot;,&quot;speed&quot;:500,&quot;offset_sides&quot;:&quot;none&quot;,&quot;image_spacing_custom&quot;:{&quot;unit&quot;:&quot;px&quot;,&quot;size&quot;:10,&quot;sizes&quot;:[]},&quot;image_spacing_custom_tablet&quot;:{&quot;unit&quot;:&quot;px&quot;,&quot;size&quot;:&quot;&quot;,&quot;sizes&quot;:[]},&quot;image_spacing_custom_mobile&quot;:{&quot;unit&quot;:&quot;px&quot;,&quot;size&quot;:&quot;&quot;,&quot;sizes&quot;:[]}}\" data-widget_type=\"nested-carousel.default\">\n\t\t\t\t<div class=\"elementor-widget-container\">\n\t\t\t\t\t\t\t<div class=\"e-n-carousel swiper\" role=\"region\" aria-roledescription=\"carousel\" aria-label=\"Karussell\" dir=\"ltr\">\n\t\t\t<div class=\"swiper-wrapper\" aria-live=\"off\">\n\t\t\t\t\t\t\t\t\t\t<div class=\"swiper-slide\" data-slide=\"1\" role=\"group\" aria-roledescription=\"slide\" aria-label=\"1 of 1\">\n\t\t\t\t\t\t\t<div class=\"elementor-element elementor-element-44441f5 e-flex e-con-boxed e-con e-child\" data-id=\"44441f5\" data-element_type=\"container\" data-e-type=\"container\">\n\t\t\t\t\t<div class=\"e-con-inner\">\n\t\t\t\t<div class=\"elementor-element elementor-element-4103051 elementor-widget__width-initial elementor-invisible elementor-widget elementor-widget-image\" data-id=\"4103051\" data-element_type=\"widget\" data-e-type=\"widget\" data-settings=\"{&quot;_animation&quot;:&quot;fadeInUp&quot;}\" data-widget_type=\"image.default\">\n\t\t\t\t<div class=\"elementor-widget-container\">\n\t\t\t\t\t\t\t\t\t\t\t\t\t\t\t<img decoding=\"async\" width=\"800\" height=\"800\" src=\"https:\/\/www.linseis.com\/wp-content\/uploads\/2024\/07\/Linseis-Icons_Linien-weiss_Zeichenflaeche-1-Kopie-87-1024x1024.png\" class=\"attachment-large size-large wp-image-23729\" alt=\"\" srcset=\"https:\/\/www.linseis.com\/wp-content\/uploads\/2024\/07\/Linseis-Icons_Linien-weiss_Zeichenflaeche-1-Kopie-87-1024x1024.png 1024w, https:\/\/www.linseis.com\/wp-content\/uploads\/2024\/07\/Linseis-Icons_Linien-weiss_Zeichenflaeche-1-Kopie-87-300x300.png 300w, https:\/\/www.linseis.com\/wp-content\/uploads\/2024\/07\/Linseis-Icons_Linien-weiss_Zeichenflaeche-1-Kopie-87-150x150.png 150w, https:\/\/www.linseis.com\/wp-content\/uploads\/2024\/07\/Linseis-Icons_Linien-weiss_Zeichenflaeche-1-Kopie-87-768x768.png 768w, https:\/\/www.linseis.com\/wp-content\/uploads\/2024\/07\/Linseis-Icons_Linien-weiss_Zeichenflaeche-1-Kopie-87-1536x1536.png 1536w, https:\/\/www.linseis.com\/wp-content\/uploads\/2024\/07\/Linseis-Icons_Linien-weiss_Zeichenflaeche-1-Kopie-87-2048x2048.png 2048w\" sizes=\"(max-width: 800px) 100vw, 800px\" \/>\t\t\t\t\t\t\t\t\t\t\t\t\t\t\t<\/div>\n\t\t\t\t<\/div>\n\t\t\t\t\t<\/div>\n\t\t\t\t<\/div>\n\t\t\t\t\t\t\t\t<\/div>\n\t\t\t\t\t\t\t\t<\/div>\n\t\t<\/div>\n\t\t\t\t\t\t<\/div>\n\t\t\t\t<\/div>\n\t\t\t\t<\/div>\n\t\t\t\t<\/div>\n\t\t\t\t<div class=\"elementor-element elementor-element-b4a6800 elementor-widget elementor-widget-image\" data-id=\"b4a6800\" data-element_type=\"widget\" data-e-type=\"widget\" data-widget_type=\"image.default\">\n\t\t\t\t<div class=\"elementor-widget-container\">\n\t\t\t\t\t\t\t\t\t\t\t\t\t\t\t<img decoding=\"async\" width=\"800\" height=\"800\" src=\"https:\/\/www.linseis.com\/wp-content\/uploads\/2024\/06\/linseis_scale-bottom-1.svg\" class=\"attachment-large size-large wp-image-123873\" alt=\"\" \/>\t\t\t\t\t\t\t\t\t\t\t\t\t\t\t<\/div>\n\t\t\t\t<\/div>\n\t\t\t\t\t<\/div>\n\t\t\t\t<\/div>\n\t\t<div class=\"elementor-element elementor-element-7c8d6cc e-flex e-con-boxed e-con e-parent\" data-id=\"7c8d6cc\" data-element_type=\"container\" data-e-type=\"container\" data-settings=\"{&quot;background_background&quot;:&quot;classic&quot;}\">\n\t\t\t\t\t<div class=\"e-con-inner\">\n\t\t\t\t\t<\/div>\n\t\t\t\t<\/div>\n\t\t<div class=\"elementor-element elementor-element-d7b7522 e-flex e-con-boxed e-con e-parent\" data-id=\"d7b7522\" data-element_type=\"container\" data-e-type=\"container\" data-settings=\"{&quot;background_background&quot;:&quot;classic&quot;}\">\n\t\t\t\t\t<div class=\"e-con-inner\">\n\t\t<div class=\"elementor-element elementor-element-449b6fd e-con-full e-flex e-con e-child\" data-id=\"449b6fd\" data-element_type=\"container\" data-e-type=\"container\">\n\t\t\t\t<div class=\"elementor-element elementor-element-031217d elementor-invisible elementor-widget elementor-widget-wp-widget-bcn_widget\" data-id=\"031217d\" data-element_type=\"widget\" data-e-type=\"widget\" data-settings=\"{&quot;_animation&quot;:&quot;fadeInUp&quot;}\" data-widget_type=\"wp-widget-bcn_widget.default\">\n\t\t\t\t<div class=\"elementor-widget-container\">\n\t\t\t\t\t<div class=\"breadcrumbs\" vocab=\"https:\/\/schema.org\/\" typeof=\"BreadcrumbList\"><span property=\"itemListElement\" typeof=\"ListItem\"><a property=\"item\" typeof=\"WebPage\" title=\"Go to Linseis.\" href=\"https:\/\/www.linseis.com\/tr\/\" class=\"home\" aria-current=\"page\"><span property=\"name\">Linseis<\/span><\/a><meta property=\"position\" content=\"1\"><\/span><\/div>\t\t\t\t<\/div>\n\t\t\t\t<\/div>\n\t\t\t\t<\/div>\n\t\t\t\t\t<\/div>\n\t\t\t\t<\/div>\n\t\t<div class=\"elementor-element elementor-element-ed98f58 e-flex e-con-boxed e-con e-parent\" data-id=\"ed98f58\" data-element_type=\"container\" data-e-type=\"container\" data-settings=\"{&quot;background_background&quot;:&quot;classic&quot;}\">\n\t\t\t\t\t<div class=\"e-con-inner\">\n\t\t<div class=\"elementor-element elementor-element-bbc47b3 e-con-full e-flex e-con e-child\" data-id=\"bbc47b3\" data-element_type=\"container\" data-e-type=\"container\">\n\t\t\t\t<div class=\"elementor-element elementor-element-71a1ec4 elementor-invisible elementor-widget elementor-widget-text-editor\" data-id=\"71a1ec4\" data-element_type=\"widget\" data-e-type=\"widget\" data-settings=\"{&quot;_animation&quot;:&quot;fadeInUp&quot;,&quot;_animation_delay&quot;:500}\" data-widget_type=\"text-editor.default\">\n\t\t\t\t<div class=\"elementor-widget-container\">\n\t\t\t\t\t\t\t\t\t<h2>Korumal\u0131 s\u0131cak plaka y\u00f6ntemi nedir?<\/h2>\t\t\t\t\t\t\t\t<\/div>\n\t\t\t\t<\/div>\n\t\t\t\t<div class=\"elementor-element elementor-element-32d9053 elementor-widget elementor-widget-text-editor\" data-id=\"32d9053\" data-element_type=\"widget\" data-e-type=\"widget\" data-widget_type=\"text-editor.default\">\n\t\t\t\t<div class=\"elementor-widget-container\">\n\t\t\t\t\t\t\t\t\t<section class=\"container\"><div class=\"row\"><div class=\"spb_content_element col-sm-12 spb_text_column\"><div class=\"spb_wrapper clearfix\"><p><strong>Korumal\u0131 s\u0131cak plaka<\/strong> y\u00f6ntemi sabit bir <strong><a href=\"https:\/\/www.linseis.com\/tr\/oelcuelen-degiskenler\/termal-iletkenlik\/\" data-auto-event-observed=\"true\">sabit \u00f6l\u00e7\u00fcm y\u00f6ntemi<\/a><\/strong>Bir malzemenin termal iletkenli\u011finin, k\u0131lavuzlu \u0131s\u0131 iletimine sahip bir \u0131s\u0131tma plakas\u0131n\u0131n elektrik \u00e7\u0131k\u0131\u015f g\u00fcc\u00fc kullan\u0131larak belirlendi\u011fi bir y\u00f6ntemdir. Numune, elektrikle \u0131s\u0131t\u0131lan bir plaka taraf\u0131ndan bir taraftan \u0131s\u0131t\u0131l\u0131r. <\/p><p>Bu plaka, koruma plakas\u0131 olarak bilinen ve plaka ile ayn\u0131 s\u0131cakl\u0131\u011fa kadar ayr\u0131 olarak \u0131s\u0131t\u0131lan metal bir plakan\u0131n i\u00e7ine g\u00f6m\u00fcl\u00fcd\u00fcr. Numunenin di\u011fer taraf\u0131n\u0131n s\u0131cakl\u0131\u011f\u0131 da so\u011futulmu\u015f bir plaka taraf\u0131ndan kontrol edilir. <\/p><p>Bu, soldaki \u015fekilde \u015fematik olarak g\u00f6sterilen <strong>tek plaka y\u00f6nteminin<\/strong> kurulumudur. <strong>\u0130ki plakal\u0131 kurulumda<\/strong>, \u0131s\u0131tma plakas\u0131 ayn\u0131 boyuttaki iki numune aras\u0131na yerle\u015ftirilir (a\u015fa\u011f\u0131daki \u015fekle bak\u0131n). Elektrikle \u0131s\u0131t\u0131lan plaka tekrar koruyucu cihaz\u0131n i\u00e7ine yerle\u015ftirilir. Bunun \u015fekli kare veya yuvarlak olabilir.   <\/p><\/div><\/div><\/div><\/section>\t\t\t\t\t\t\t\t<\/div>\n\t\t\t\t<\/div>\n\t\t\t\t<div class=\"elementor-element elementor-element-fe4080d elementor-invisible elementor-widget elementor-widget-text-editor\" data-id=\"fe4080d\" data-element_type=\"widget\" data-e-type=\"widget\" data-settings=\"{&quot;_animation&quot;:&quot;fadeInUp&quot;,&quot;_animation_delay&quot;:500}\" data-widget_type=\"text-editor.default\">\n\t\t\t\t<div class=\"elementor-widget-container\">\n\t\t\t\t\t\t\t\t\t<section class=\"container\"><div class=\"row\"><div class=\"spb_content_element col-sm-12 spb_text_column\"><div class=\"spb_wrapper clearfix\"><p><img loading=\"lazy\" decoding=\"async\" class=\"wp-image-22448 size-full aligncenter\" src=\"https:\/\/www.linseis.com\/wp-content\/uploads\/2024\/07\/GHD-Schema-deutsch-1024x237-1.png\" alt=\"\" width=\"1024\" height=\"237\" srcset=\"https:\/\/www.linseis.com\/wp-content\/uploads\/2024\/07\/GHD-Schema-deutsch-1024x237-1.png 1024w, https:\/\/www.linseis.com\/wp-content\/uploads\/2024\/07\/GHD-Schema-deutsch-1024x237-1-300x69.png 300w, https:\/\/www.linseis.com\/wp-content\/uploads\/2024\/07\/GHD-Schema-deutsch-1024x237-1-768x178.png 768w\" sizes=\"(max-width: 1024px) 100vw, 1024px\" \/><\/p><\/div><\/div><\/div><\/section>\t\t\t\t\t\t\t\t<\/div>\n\t\t\t\t<\/div>\n\t\t\t\t<div class=\"elementor-element elementor-element-64ed86b elementor-widget elementor-widget-text-editor\" data-id=\"64ed86b\" data-element_type=\"widget\" data-e-type=\"widget\" data-widget_type=\"text-editor.default\">\n\t\t\t\t<div class=\"elementor-widget-container\">\n\t\t\t\t\t\t\t\t\t<section class=\"container\"><div class=\"row\"><div class=\"spb_content_element col-sm-12 spb_text_column\"><div class=\"spb_wrapper clearfix\"><p>Elektrikli \u0131s\u0131t\u0131c\u0131, sabit bir \u0131s\u0131tma h\u0131z\u0131nda bir \u0131s\u0131 ak\u0131\u015f\u0131 \u00fcretir.  <strong>Is\u0131tma plakas\u0131 ve koruma ayn\u0131 s\u0131cakl\u0131\u011fa sahip oldu\u011fundan, plaka taraf\u0131ndan \u00fcretilen \u0131s\u0131 sadece numuneden akar ve numuneden ve \u0131s\u0131 kayna\u011f\u0131ndan \u00e7evreye \u0131s\u0131 kayb\u0131 olmaz.<\/strong>  Bu, tek y\u00f6nl\u00fc bir \u0131s\u0131 ak\u0131\u015f\u0131 olu\u015fturur. Kararl\u0131 bir duruma ula\u015f\u0131ld\u0131\u011f\u0131nda, \u0131s\u0131tma ve so\u011futma plakalar\u0131 sabit s\u0131cakl\u0131klara sahip olur. Termokupllar daha sonra numune boyunca ortaya \u00e7\u0131kan s\u0131cakl\u0131k fark\u0131n\u0131 \u00f6l\u00e7er.  <\/p><p>Termal iletkenlik, \u0131s\u0131 girdisi, numunenin kal\u0131nl\u0131\u011f\u0131, \u0131s\u0131tma plakas\u0131n\u0131n alan\u0131 ve numune boyunca s\u0131cakl\u0131k fark\u0131 temelinde belirlenebilir:<\/p><\/div><\/div><\/div><\/section>\t\t\t\t\t\t\t\t<\/div>\n\t\t\t\t<\/div>\n\t\t\t\t<div class=\"elementor-element elementor-element-63cdf9f elementor-invisible elementor-widget elementor-widget-text-editor\" data-id=\"63cdf9f\" data-element_type=\"widget\" data-e-type=\"widget\" data-settings=\"{&quot;_animation&quot;:&quot;fadeInUp&quot;,&quot;_animation_delay&quot;:500}\" data-widget_type=\"text-editor.default\">\n\t\t\t\t<div class=\"elementor-widget-container\">\n\t\t\t\t\t\t\t\t\t<section class=\"container\"><div class=\"row\"><div class=\"spb_content_element col-sm-12 spb_text_column\"><div class=\"spb_wrapper clearfix\"><p><img loading=\"lazy\" decoding=\"async\" class=\"wp-image-22455 size-full aligncenter\" src=\"https:\/\/www.linseis.com\/wp-content\/uploads\/2024\/07\/GHP-Formel-Temparaturleitfaehigkeit-768x304-1.png\" alt=\"\" width=\"768\" height=\"304\" srcset=\"https:\/\/www.linseis.com\/wp-content\/uploads\/2024\/07\/GHP-Formel-Temparaturleitfaehigkeit-768x304-1.png 768w, https:\/\/www.linseis.com\/wp-content\/uploads\/2024\/07\/GHP-Formel-Temparaturleitfaehigkeit-768x304-1-300x119.png 300w\" sizes=\"(max-width: 768px) 100vw, 768px\" \/><\/p><\/div><\/div><\/div><\/section>\t\t\t\t\t\t\t\t<\/div>\n\t\t\t\t<\/div>\n\t\t\t\t<\/div>\n\t\t\t\t\t<\/div>\n\t\t\t\t<\/div>\n\t\t<div class=\"elementor-element elementor-element-8801439 e-flex e-con-boxed elementor-invisible e-con e-parent\" data-id=\"8801439\" data-element_type=\"container\" data-e-type=\"container\" data-settings=\"{&quot;background_background&quot;:&quot;classic&quot;,&quot;animation&quot;:&quot;fadeInUp&quot;}\">\n\t\t\t\t\t<div class=\"e-con-inner\">\n\t\t<div class=\"elementor-element elementor-element-4fda86f e-con-full e-flex e-con e-child\" data-id=\"4fda86f\" data-element_type=\"container\" data-e-type=\"container\">\n\t\t<div class=\"elementor-element elementor-element-a0a9aac e-con-full e-flex e-con e-child\" data-id=\"a0a9aac\" data-element_type=\"container\" data-e-type=\"container\">\n\t\t\t\t<div class=\"elementor-element elementor-element-53ea4ef elementor-widget elementor-widget-text-editor\" data-id=\"53ea4ef\" data-element_type=\"widget\" data-e-type=\"widget\" data-widget_type=\"text-editor.default\">\n\t\t\t\t<div class=\"elementor-widget-container\">\n\t\t\t\t\t\t\t\t\t<h2>Hangi \u00f6zellikler belirlenir?<\/h2>\t\t\t\t\t\t\t\t<\/div>\n\t\t\t\t<\/div>\n\t\t\t\t<div class=\"elementor-element elementor-element-d38f832 elementor-widget elementor-widget-text-editor\" data-id=\"d38f832\" data-element_type=\"widget\" data-e-type=\"widget\" data-widget_type=\"text-editor.default\">\n\t\t\t\t<div class=\"elementor-widget-container\">\n\t\t\t\t\t\t\t\t\t<p><strong>Termal iletkenlik, korumal\u0131 s\u0131cak plaka y\u00f6ntemi<\/strong> kullan\u0131larak <strong>\u00f6l\u00e7\u00fclebilir<\/strong>. Termal iletkenlik do\u011frudan belirlendi\u011fi i\u00e7in GHP mutlak bir \u00f6l\u00e7\u00fcm y\u00f6ntemidir. GHP&#8217;nin ana dezavantaj\u0131, uzun \u00f6l\u00e7\u00fcm s\u00fcreleridir ve bu da <strong><a href=\"https:\/\/www.linseis.com\/messgeraete\/waermeleitfaehigkeit\/hfm-l57\/\" data-auto-event-observed=\"true\">\u0131s\u0131 ak\u0131\u015f \u00f6l\u00e7er (HFM) kullan\u0131larak \u00fcstesinden gelinebilir<\/a> <\/strong>GHP&#8217;ye benzer bir \u00f6l\u00e7\u00fcm d\u00fczene\u011fi kullan\u0131r.  <\/p>\t\t\t\t\t\t\t\t<\/div>\n\t\t\t\t<\/div>\n\t\t\t\t<\/div>\n\t\t<div class=\"elementor-element elementor-element-e2e8489 e-con-full e-flex e-con e-child\" data-id=\"e2e8489\" data-element_type=\"container\" data-e-type=\"container\">\n\t\t<div class=\"elementor-element elementor-element-5a584c2 e-con-full e-flex e-con e-child\" data-id=\"5a584c2\" data-element_type=\"container\" data-e-type=\"container\">\n\t\t\t\t<div class=\"elementor-element elementor-element-2111823 elementor-widget elementor-widget-text-editor\" data-id=\"2111823\" data-element_type=\"widget\" data-e-type=\"widget\" data-widget_type=\"text-editor.default\">\n\t\t\t\t<div class=\"elementor-widget-container\">\n\t\t\t\t\t\t\t\t\t<h2>Korumal\u0131 s\u0131cak plaka y\u00f6ntemi i\u00e7in hangi standartlar ge\u00e7erlidir?<\/h2>\t\t\t\t\t\t\t\t<\/div>\n\t\t\t\t<\/div>\n\t\t\t\t<\/div>\n\t\t\t\t<div class=\"elementor-element elementor-element-82f4194 elementor-widget elementor-widget-text-editor\" data-id=\"82f4194\" data-element_type=\"widget\" data-e-type=\"widget\" data-widget_type=\"text-editor.default\">\n\t\t\t\t<div class=\"elementor-widget-container\">\n\t\t\t\t\t\t\t\t\t<ul><li>ASTM C177 -Termal aray\u00fcz cihaz\u0131 kullan\u0131larak kararl\u0131 durum \u0131s\u0131 ak\u0131s\u0131 \u00f6l\u00e7\u00fcmleri ve \u0131s\u0131 transfer \u00f6zellikleri i\u00e7in standart test y\u00f6ntemi<br><br><\/li><li>ISO 8302 &#8211; Is\u0131 yal\u0131t\u0131m\u0131 &#8211; Kararl\u0131 durum \u0131s\u0131l direncinin ve ilgili \u00f6zelliklerin belirlenmesi &#8211; Korumal\u0131 s\u0131cak plaka aparat\u0131<\/li><\/ul>\t\t\t\t\t\t\t\t<\/div>\n\t\t\t\t<\/div>\n\t\t\t\t<\/div>\n\t\t\t\t<\/div>\n\t\t\t\t\t<\/div>\n\t\t\t\t<\/div>\n\t\t\t\t<\/div>\n\t\t","protected":false},"excerpt":{"rendered":"<p>Korumal\u0131 s\u0131cak plaka Korumal\u0131 s\u0131cak plaka y\u00f6ntemi nedir? Korumal\u0131 s\u0131cak plaka y\u00f6ntemi sabit bir sabit \u00f6l\u00e7\u00fcm y\u00f6ntemiBir malzemenin termal iletkenli\u011finin, k\u0131lavuzlu \u0131s\u0131 iletimine sahip bir \u0131s\u0131tma plakas\u0131n\u0131n elektrik \u00e7\u0131k\u0131\u015f g\u00fcc\u00fc kullan\u0131larak belirlendi\u011fi bir y\u00f6ntemdir. Numune, elektrikle \u0131s\u0131t\u0131lan bir plaka taraf\u0131ndan bir taraftan \u0131s\u0131t\u0131l\u0131r. Bu plaka, koruma plakas\u0131 olarak bilinen ve plaka ile ayn\u0131 s\u0131cakl\u0131\u011fa kadar [&hellip;]<\/p>\n","protected":false},"author":3,"featured_media":0,"parent":113451,"menu_order":0,"comment_status":"closed","ping_status":"closed","template":"","meta":{"_acf_changed":false,"inline_featured_image":false,"footnotes":""},"class_list":["post-113483","page","type-page","status-publish","hentry"],"acf":[],"_links":{"self":[{"href":"https:\/\/www.linseis.com\/tr\/wp-json\/wp\/v2\/pages\/113483","targetHints":{"allow":["GET"]}}],"collection":[{"href":"https:\/\/www.linseis.com\/tr\/wp-json\/wp\/v2\/pages"}],"about":[{"href":"https:\/\/www.linseis.com\/tr\/wp-json\/wp\/v2\/types\/page"}],"author":[{"embeddable":true,"href":"https:\/\/www.linseis.com\/tr\/wp-json\/wp\/v2\/users\/3"}],"replies":[{"embeddable":true,"href":"https:\/\/www.linseis.com\/tr\/wp-json\/wp\/v2\/comments?post=113483"}],"version-history":[{"count":0,"href":"https:\/\/www.linseis.com\/tr\/wp-json\/wp\/v2\/pages\/113483\/revisions"}],"up":[{"embeddable":true,"href":"https:\/\/www.linseis.com\/tr\/wp-json\/wp\/v2\/pages\/113451"}],"wp:attachment":[{"href":"https:\/\/www.linseis.com\/tr\/wp-json\/wp\/v2\/media?parent=113483"}],"curies":[{"name":"wp","href":"https:\/\/api.w.org\/{rel}","templated":true}]}}