{"id":113480,"date":"2024-07-26T10:27:01","date_gmt":"2024-07-26T08:27:01","guid":{"rendered":"https:\/\/www.linseis.com\/termal-analiz-yoentemleri\/flas-yoentemi\/"},"modified":"2026-01-23T11:42:30","modified_gmt":"2026-01-23T10:42:30","slug":"flas-yoentemi","status":"publish","type":"page","link":"https:\/\/www.linseis.com\/tr\/termal-analiz-yoentemleri\/flas-yoentemi\/","title":{"rendered":"Fla\u015f y\u00f6ntemi"},"content":{"rendered":"\t\t<div data-elementor-type=\"wp-post\" data-elementor-id=\"113480\" class=\"elementor elementor-113480 elementor-22415\" data-elementor-post-type=\"page\">\n\t\t\t\t<div class=\"elementor-element elementor-element-a3549cf e-flex e-con-boxed e-con e-parent\" data-id=\"a3549cf\" data-element_type=\"container\" data-e-type=\"container\" data-settings=\"{&quot;background_background&quot;:&quot;classic&quot;}\">\n\t\t\t\t\t<div class=\"e-con-inner\">\n\t\t\t\t<div class=\"elementor-element elementor-element-ac41c94 elementor-widget elementor-widget-image\" data-id=\"ac41c94\" data-element_type=\"widget\" data-e-type=\"widget\" data-widget_type=\"image.default\">\n\t\t\t\t<div class=\"elementor-widget-container\">\n\t\t\t\t\t\t\t\t\t\t\t\t\t\t\t<img fetchpriority=\"high\" decoding=\"async\" width=\"800\" height=\"800\" src=\"https:\/\/www.linseis.com\/wp-content\/uploads\/2024\/06\/linseis_scale-top-1.svg\" class=\"attachment-large size-large wp-image-123864\" alt=\"\" \/>\t\t\t\t\t\t\t\t\t\t\t\t\t\t\t<\/div>\n\t\t\t\t<\/div>\n\t\t<div class=\"elementor-element elementor-element-a7b7feb e-con-full e-flex e-con e-child\" data-id=\"a7b7feb\" data-element_type=\"container\" data-e-type=\"container\">\n\t\t<div class=\"elementor-element elementor-element-6100945 e-con-full e-flex e-con e-child\" data-id=\"6100945\" data-element_type=\"container\" data-e-type=\"container\">\n\t\t\t\t<div class=\"elementor-element elementor-element-cc1182c elementor-invisible elementor-widget elementor-widget-heading\" data-id=\"cc1182c\" data-element_type=\"widget\" data-e-type=\"widget\" data-settings=\"{&quot;_animation&quot;:&quot;fadeInUp&quot;,&quot;_animation_delay&quot;:250}\" data-widget_type=\"heading.default\">\n\t\t\t\t<div class=\"elementor-widget-container\">\n\t\t\t\t\t<h1 class=\"elementor-heading-title elementor-size-default\"><b>\n\nFla\u015f y\u00f6ntemi\n\n<\/b><\/h1>\t\t\t\t<\/div>\n\t\t\t\t<\/div>\n\t\t\t\t<\/div>\n\t\t<div class=\"elementor-element elementor-element-6d91a43 e-con-full e-flex e-con e-child\" data-id=\"6d91a43\" data-element_type=\"container\" data-e-type=\"container\">\n\t\t\t\t<div class=\"elementor-element elementor-element-9413374 elementor-widget elementor-widget-n-carousel\" data-id=\"9413374\" data-element_type=\"widget\" data-e-type=\"widget\" data-settings=\"{&quot;carousel_items&quot;:[{&quot;slide_title&quot;:&quot;Produkt 1&quot;,&quot;_id&quot;:&quot;d6fbcdb&quot;}],&quot;slides_to_show&quot;:&quot;1&quot;,&quot;slides_to_scroll&quot;:&quot;2&quot;,&quot;autoplay_speed&quot;:2000,&quot;slides_to_show_tablet&quot;:&quot;1&quot;,&quot;slides_to_show_mobile&quot;:&quot;1&quot;,&quot;autoplay&quot;:&quot;yes&quot;,&quot;pause_on_hover&quot;:&quot;yes&quot;,&quot;pause_on_interaction&quot;:&quot;yes&quot;,&quot;infinite&quot;:&quot;yes&quot;,&quot;speed&quot;:500,&quot;offset_sides&quot;:&quot;none&quot;,&quot;image_spacing_custom&quot;:{&quot;unit&quot;:&quot;px&quot;,&quot;size&quot;:10,&quot;sizes&quot;:[]},&quot;image_spacing_custom_tablet&quot;:{&quot;unit&quot;:&quot;px&quot;,&quot;size&quot;:&quot;&quot;,&quot;sizes&quot;:[]},&quot;image_spacing_custom_mobile&quot;:{&quot;unit&quot;:&quot;px&quot;,&quot;size&quot;:&quot;&quot;,&quot;sizes&quot;:[]}}\" data-widget_type=\"nested-carousel.default\">\n\t\t\t\t<div class=\"elementor-widget-container\">\n\t\t\t\t\t\t\t<div class=\"e-n-carousel swiper\" role=\"region\" aria-roledescription=\"carousel\" aria-label=\"Karussell\" dir=\"ltr\">\n\t\t\t<div class=\"swiper-wrapper\" aria-live=\"off\">\n\t\t\t\t\t\t\t\t\t\t<div class=\"swiper-slide\" data-slide=\"1\" role=\"group\" aria-roledescription=\"slide\" aria-label=\"1 of 1\">\n\t\t\t\t\t\t\t<div class=\"elementor-element elementor-element-44441f5 e-flex e-con-boxed e-con e-child\" data-id=\"44441f5\" data-element_type=\"container\" data-e-type=\"container\">\n\t\t\t\t\t<div class=\"e-con-inner\">\n\t\t\t\t<div class=\"elementor-element elementor-element-4103051 elementor-widget__width-initial elementor-invisible elementor-widget elementor-widget-image\" data-id=\"4103051\" data-element_type=\"widget\" data-e-type=\"widget\" data-settings=\"{&quot;_animation&quot;:&quot;fadeInUp&quot;}\" data-widget_type=\"image.default\">\n\t\t\t\t<div class=\"elementor-widget-container\">\n\t\t\t\t\t\t\t\t\t\t\t\t\t\t\t<img decoding=\"async\" width=\"800\" height=\"800\" src=\"https:\/\/www.linseis.com\/wp-content\/uploads\/2024\/07\/Linseis-Icons_Linien-weiss_Zeichenflaeche-1-Kopie-87-1024x1024.png\" class=\"attachment-large size-large wp-image-23729\" alt=\"\" srcset=\"https:\/\/www.linseis.com\/wp-content\/uploads\/2024\/07\/Linseis-Icons_Linien-weiss_Zeichenflaeche-1-Kopie-87-1024x1024.png 1024w, https:\/\/www.linseis.com\/wp-content\/uploads\/2024\/07\/Linseis-Icons_Linien-weiss_Zeichenflaeche-1-Kopie-87-300x300.png 300w, https:\/\/www.linseis.com\/wp-content\/uploads\/2024\/07\/Linseis-Icons_Linien-weiss_Zeichenflaeche-1-Kopie-87-150x150.png 150w, https:\/\/www.linseis.com\/wp-content\/uploads\/2024\/07\/Linseis-Icons_Linien-weiss_Zeichenflaeche-1-Kopie-87-768x768.png 768w, https:\/\/www.linseis.com\/wp-content\/uploads\/2024\/07\/Linseis-Icons_Linien-weiss_Zeichenflaeche-1-Kopie-87-1536x1536.png 1536w, https:\/\/www.linseis.com\/wp-content\/uploads\/2024\/07\/Linseis-Icons_Linien-weiss_Zeichenflaeche-1-Kopie-87-2048x2048.png 2048w\" sizes=\"(max-width: 800px) 100vw, 800px\" \/>\t\t\t\t\t\t\t\t\t\t\t\t\t\t\t<\/div>\n\t\t\t\t<\/div>\n\t\t\t\t\t<\/div>\n\t\t\t\t<\/div>\n\t\t\t\t\t\t\t\t<\/div>\n\t\t\t\t\t\t\t\t<\/div>\n\t\t<\/div>\n\t\t\t\t\t\t<\/div>\n\t\t\t\t<\/div>\n\t\t\t\t<\/div>\n\t\t\t\t<\/div>\n\t\t\t\t<div class=\"elementor-element elementor-element-b4a6800 elementor-widget elementor-widget-image\" data-id=\"b4a6800\" data-element_type=\"widget\" data-e-type=\"widget\" data-widget_type=\"image.default\">\n\t\t\t\t<div class=\"elementor-widget-container\">\n\t\t\t\t\t\t\t\t\t\t\t\t\t\t\t<img decoding=\"async\" width=\"800\" height=\"800\" src=\"https:\/\/www.linseis.com\/wp-content\/uploads\/2024\/06\/linseis_scale-bottom-1.svg\" class=\"attachment-large size-large wp-image-123873\" alt=\"\" \/>\t\t\t\t\t\t\t\t\t\t\t\t\t\t\t<\/div>\n\t\t\t\t<\/div>\n\t\t\t\t\t<\/div>\n\t\t\t\t<\/div>\n\t\t<div class=\"elementor-element elementor-element-7c8d6cc e-flex e-con-boxed e-con e-parent\" data-id=\"7c8d6cc\" data-element_type=\"container\" data-e-type=\"container\" data-settings=\"{&quot;background_background&quot;:&quot;classic&quot;}\">\n\t\t\t\t\t<div class=\"e-con-inner\">\n\t\t\t\t\t<\/div>\n\t\t\t\t<\/div>\n\t\t<div class=\"elementor-element elementor-element-d7b7522 e-flex e-con-boxed e-con e-parent\" data-id=\"d7b7522\" data-element_type=\"container\" data-e-type=\"container\" data-settings=\"{&quot;background_background&quot;:&quot;classic&quot;}\">\n\t\t\t\t\t<div class=\"e-con-inner\">\n\t\t<div class=\"elementor-element elementor-element-449b6fd e-con-full e-flex e-con e-child\" data-id=\"449b6fd\" data-element_type=\"container\" data-e-type=\"container\">\n\t\t\t\t<div class=\"elementor-element elementor-element-031217d elementor-invisible elementor-widget elementor-widget-wp-widget-bcn_widget\" data-id=\"031217d\" data-element_type=\"widget\" data-e-type=\"widget\" data-settings=\"{&quot;_animation&quot;:&quot;fadeInUp&quot;}\" data-widget_type=\"wp-widget-bcn_widget.default\">\n\t\t\t\t<div class=\"elementor-widget-container\">\n\t\t\t\t\t<div class=\"breadcrumbs\" vocab=\"https:\/\/schema.org\/\" typeof=\"BreadcrumbList\"><span property=\"itemListElement\" typeof=\"ListItem\"><a property=\"item\" typeof=\"WebPage\" title=\"Go to Linseis.\" href=\"https:\/\/www.linseis.com\/tr\/\" class=\"home\" aria-current=\"page\"><span property=\"name\">Linseis<\/span><\/a><meta property=\"position\" content=\"1\"><\/span><\/div>\t\t\t\t<\/div>\n\t\t\t\t<\/div>\n\t\t\t\t<\/div>\n\t\t\t\t\t<\/div>\n\t\t\t\t<\/div>\n\t\t<div class=\"elementor-element elementor-element-ed98f58 e-flex e-con-boxed e-con e-parent\" data-id=\"ed98f58\" data-element_type=\"container\" data-e-type=\"container\" data-settings=\"{&quot;background_background&quot;:&quot;classic&quot;}\">\n\t\t\t\t\t<div class=\"e-con-inner\">\n\t\t<div class=\"elementor-element elementor-element-bbc47b3 e-con-full e-flex e-con e-child\" data-id=\"bbc47b3\" data-element_type=\"container\" data-e-type=\"container\">\n\t\t\t\t<div class=\"elementor-element elementor-element-71a1ec4 elementor-invisible elementor-widget elementor-widget-text-editor\" data-id=\"71a1ec4\" data-element_type=\"widget\" data-e-type=\"widget\" data-settings=\"{&quot;_animation&quot;:&quot;fadeInUp&quot;,&quot;_animation_delay&quot;:500}\" data-widget_type=\"text-editor.default\">\n\t\t\t\t<div class=\"elementor-widget-container\">\n\t\t\t\t\t\t\t\t\t<h2>Fla\u015f y\u00f6ntemi (termal dif\u00fczivite)<\/h2>\t\t\t\t\t\t\t\t<\/div>\n\t\t\t\t<\/div>\n\t\t\t\t<div class=\"elementor-element elementor-element-32d9053 elementor-widget elementor-widget-text-editor\" data-id=\"32d9053\" data-element_type=\"widget\" data-e-type=\"widget\" data-widget_type=\"text-editor.default\">\n\t\t\t\t<div class=\"elementor-widget-container\">\n\t\t\t\t\t\t\t\t\t<section class=\"container\"><div class=\"row\"><div class=\"spb_content_element col-sm-12 spb_text_column\"><div class=\"spb_wrapper clearfix\"><p>Fla\u015f y\u00f6ntemi, \u00e7e\u015fitli malzemelerin <strong>termal dif\u00fczivitesini belirlemek<\/strong> i\u00e7in kullan\u0131lan bir y\u00f6ntemdir.<\/p><p>Bu ama\u00e7la, numune k\u0131sa s\u00fcreli y\u00fcksek yo\u011funluklu bir radyasyon enerjisi darbesine maruz b\u0131rak\u0131l\u0131r. Enerji kayna\u011f\u0131 bir lazer veya fla\u015f lambas\u0131 olabilir. Enerji daha sonra numune taraf\u0131ndan emilir ve numunenin \u00fcst k\u0131sm\u0131nda yeniden yay\u0131l\u0131r. Bu radyasyon numunenin y\u00fczeyinde bir s\u0131cakl\u0131k art\u0131\u015f\u0131na yol a\u00e7ar. Bu s\u0131cakl\u0131k art\u0131\u015f\u0131 bir k\u0131z\u0131l\u00f6tesi (IR) dedekt\u00f6r taraf\u0131ndan kaydedilir.    <\/p><p>\u015eematik \u00f6l\u00e7\u00fcm kurulumu ve s\u0131ras\u0131 a\u015fa\u011f\u0131daki \u015fekilde g\u00f6sterilmi\u015ftir:<\/p><\/div><\/div><\/div><\/section>\t\t\t\t\t\t\t\t<\/div>\n\t\t\t\t<\/div>\n\t\t\t\t<div class=\"elementor-element elementor-element-fe4080d elementor-invisible elementor-widget elementor-widget-text-editor\" data-id=\"fe4080d\" data-element_type=\"widget\" data-e-type=\"widget\" data-settings=\"{&quot;_animation&quot;:&quot;fadeInUp&quot;,&quot;_animation_delay&quot;:500}\" data-widget_type=\"text-editor.default\">\n\t\t\t\t<div class=\"elementor-widget-container\">\n\t\t\t\t\t\t\t\t\t<section class=\"container\"><div class=\"row\"><div class=\"spb_content_element col-sm-12 spb_text_column\"><div class=\"spb_wrapper clearfix\"><p><img loading=\"lazy\" decoding=\"async\" class=\"aligncenter wp-image-12009 size-large\" src=\"https:\/\/www.linseis.com\/wp-content\/uploads\/2024\/07\/PLH-Cross-Plane-Methode-1024x452.png\" alt=\"\" width=\"1024\" height=\"452\" srcset=\"https:\/\/www.linseis.com\/wp-content\/uploads\/2024\/07\/PLH-Cross-Plane-Methode-1024x452.png 1024w, https:\/\/www.linseis.com\/wp-content\/uploads\/2024\/07\/PLH-Cross-Plane-Methode-300x132.png 300w, https:\/\/www.linseis.com\/wp-content\/uploads\/2024\/07\/PLH-Cross-Plane-Methode-768x339.png 768w, https:\/\/www.linseis.com\/wp-content\/uploads\/2024\/07\/PLH-Cross-Plane-Methode-1536x678.png 1536w, https:\/\/www.linseis.com\/wp-content\/uploads\/2024\/07\/PLH-Cross-Plane-Methode-2048x904.png 2048w\" sizes=\"(max-width: 1024px) 100vw, 1024px\" \/><\/p><\/div><\/div><\/div><\/section>\t\t\t\t\t\t\t\t<\/div>\n\t\t\t\t<\/div>\n\t\t\t\t<div class=\"elementor-element elementor-element-64ed86b elementor-widget elementor-widget-text-editor\" data-id=\"64ed86b\" data-element_type=\"widget\" data-e-type=\"widget\" data-widget_type=\"text-editor.default\">\n\t\t\t\t<div class=\"elementor-widget-container\">\n\t\t\t\t\t\t\t\t\t<section class=\"container\"><div class=\"row\"><div class=\"spb_content_element col-sm-12 spb_text_column\"><div class=\"spb_wrapper clearfix\"><p>Dedekt\u00f6r sinyali \u00f6l\u00e7\u00fcm s\u00fcresini ve numunenin \u00fcst k\u0131sm\u0131ndaki normalle\u015ftirilmi\u015f s\u0131cakl\u0131k art\u0131\u015f\u0131n\u0131 g\u00f6sterir. Termal dif\u00fcziviteyi belirlemek i\u00e7in \u00f6nce \u00f6l\u00e7\u00fclen verilere bir model uydurulur, bu da taban \u00e7izgisini ve maksimum s\u0131cakl\u0131k art\u0131\u015f\u0131n\u0131 (delta T max) belirler. Ayr\u0131ca, maksimum s\u0131cakl\u0131k art\u0131\u015f\u0131n\u0131n yar\u0131s\u0131na (delta T 1\/2) ula\u015f\u0131ld\u0131\u011f\u0131 zaman belirlenir.  <\/p><\/div><\/div><\/div><\/section>\t\t\t\t\t\t\t\t<\/div>\n\t\t\t\t<\/div>\n\t\t\t\t<div class=\"elementor-element elementor-element-63cdf9f elementor-invisible elementor-widget elementor-widget-text-editor\" data-id=\"63cdf9f\" data-element_type=\"widget\" data-e-type=\"widget\" data-settings=\"{&quot;_animation&quot;:&quot;fadeInUp&quot;,&quot;_animation_delay&quot;:500}\" data-widget_type=\"text-editor.default\">\n\t\t\t\t<div class=\"elementor-widget-container\">\n\t\t\t\t\t\t\t\t\t<section class=\"container\"><div class=\"row\"><div class=\"spb_content_element col-sm-12 spb_text_column\"><div class=\"spb_wrapper clearfix\"><p><img loading=\"lazy\" decoding=\"async\" class=\"wp-image-22419 size-full aligncenter\" src=\"https:\/\/www.linseis.com\/wp-content\/uploads\/2024\/07\/LFA-Temperature-Rinse_2.png\" alt=\"\" width=\"596\" height=\"375\" srcset=\"https:\/\/www.linseis.com\/wp-content\/uploads\/2024\/07\/LFA-Temperature-Rinse_2.png 596w, https:\/\/www.linseis.com\/wp-content\/uploads\/2024\/07\/LFA-Temperature-Rinse_2-300x189.png 300w\" sizes=\"(max-width: 596px) 100vw, 596px\" \/><\/p><\/div><\/div><\/div><\/section>\t\t\t\t\t\t\t\t<\/div>\n\t\t\t\t<\/div>\n\t\t\t\t<div class=\"elementor-element elementor-element-b0d0537 elementor-widget elementor-widget-text-editor\" data-id=\"b0d0537\" data-element_type=\"widget\" data-e-type=\"widget\" data-widget_type=\"text-editor.default\">\n\t\t\t\t<div class=\"elementor-widget-container\">\n\t\t\t\t\t\t\t\t\t<section class=\"container\"><div class=\"row\"><div class=\"spb_content_element col-sm-12 spb_text_column\"><div class=\"spb_wrapper clearfix\"><p>Termal dif\u00fczivite, a\u015fa\u011f\u0131daki ili\u015fki kullan\u0131larak numune kal\u0131nl\u0131\u011f\u0131 ve numunenin \u00fcst k\u0131sm\u0131ndaki s\u0131cakl\u0131k art\u0131\u015f\u0131n\u0131n yar\u0131s\u0131n\u0131n s\u00fcresi arac\u0131l\u0131\u011f\u0131yla belirlenir.<\/p><\/div><\/div><\/div><\/section>\t\t\t\t\t\t\t\t<\/div>\n\t\t\t\t<\/div>\n\t\t\t\t<div class=\"elementor-element elementor-element-771f150 elementor-invisible elementor-widget elementor-widget-text-editor\" data-id=\"771f150\" data-element_type=\"widget\" data-e-type=\"widget\" data-settings=\"{&quot;_animation&quot;:&quot;fadeInUp&quot;,&quot;_animation_delay&quot;:500}\" data-widget_type=\"text-editor.default\">\n\t\t\t\t<div class=\"elementor-widget-container\">\n\t\t\t\t\t\t\t\t\t<section class=\"container\"><div class=\"row\"><div class=\"spb_content_element col-sm-12 spb_text_column\"><div class=\"spb_wrapper clearfix\"><p><img loading=\"lazy\" decoding=\"async\" class=\"aligncenter wp-image-22426 size-full\" src=\"https:\/\/www.linseis.com\/wp-content\/uploads\/2024\/07\/alpha-equotation.png\" alt=\"\" width=\"288\" height=\"129\"><\/p><\/div><\/div><\/div><\/section>\t\t\t\t\t\t\t\t<\/div>\n\t\t\t\t<\/div>\n\t\t\t\t<div class=\"elementor-element elementor-element-b4bb58a elementor-widget elementor-widget-text-editor\" data-id=\"b4bb58a\" data-element_type=\"widget\" data-e-type=\"widget\" data-widget_type=\"text-editor.default\">\n\t\t\t\t<div class=\"elementor-widget-container\">\n\t\t\t\t\t\t\t\t\t<section class=\"container\"><div class=\"row\"><div class=\"spb_content_element col-sm-12 spb_text_column\"><div class=\"spb_wrapper clearfix\"><p>Bu form\u00fcl, sabit bir s\u0131cakl\u0131kta k\u0131sa bir enerji darbesi ile \u0131\u015f\u0131nlanan sabit kal\u0131nl\u0131\u011fa sahip adyabatik bir malzeme plakas\u0131n\u0131n termal davran\u0131\u015f\u0131n\u0131n fiziksel modelinden t\u00fcretilmi\u015ftir. Burada ger\u00e7eklikten sapan \u00e7e\u015fitli varsay\u0131mlar yap\u0131lmaktad\u0131r. Ger\u00e7eklikten bu sapmalar uydurma modellerinde dikkate al\u0131n\u0131r ve enerji kayna\u011f\u0131n\u0131n sonlu bir darbe uzunlu\u011funu ve numunenin \u00e7evreye \u0131s\u0131 kayb\u0131n\u0131 i\u00e7erir.  <\/p><p><strong>Numunenin yo\u011funlu\u011fu ve <a href=\"https:\/\/www.linseis.com\/tr\/oelcuelen-degiskenler\/oezguel-isi-kapasitesi\/\">\u00f6zg\u00fcl \u0131s\u0131 kapasitesi<\/a> bilinerek, <a href=\"https:\/\/www.linseis.com\/tr\/oelcuelen-degiskenler\/termal-iletkenlik\/\">termal iletkenlik<\/a> a\u015fa\u011f\u0131daki denklem kullan\u0131larak hesaplanabilir.<\/strong><\/p><\/div><\/div><\/div><\/section>\t\t\t\t\t\t\t\t<\/div>\n\t\t\t\t<\/div>\n\t\t\t\t<div class=\"elementor-element elementor-element-26bec37 elementor-invisible elementor-widget elementor-widget-text-editor\" data-id=\"26bec37\" data-element_type=\"widget\" data-e-type=\"widget\" data-settings=\"{&quot;_animation&quot;:&quot;fadeInUp&quot;,&quot;_animation_delay&quot;:500}\" data-widget_type=\"text-editor.default\">\n\t\t\t\t<div class=\"elementor-widget-container\">\n\t\t\t\t\t\t\t\t\t<section class=\"container\"><div class=\"row\"><div class=\"spb_content_element col-sm-12 spb_text_column\"><div class=\"spb_wrapper clearfix\"><p><img loading=\"lazy\" decoding=\"async\" class=\"aligncenter wp-image-22433 size-full\" src=\"https:\/\/www.linseis.com\/wp-content\/uploads\/2024\/07\/equation-thermal-conductivity.png\" alt=\"\" width=\"383\" height=\"78\" srcset=\"https:\/\/www.linseis.com\/wp-content\/uploads\/2024\/07\/equation-thermal-conductivity.png 383w, https:\/\/www.linseis.com\/wp-content\/uploads\/2024\/07\/equation-thermal-conductivity-300x61.png 300w\" sizes=\"(max-width: 383px) 100vw, 383px\" \/><\/p><\/div><\/div><\/div><\/section>\t\t\t\t\t\t\t\t<\/div>\n\t\t\t\t<\/div>\n\t\t\t\t<div class=\"elementor-element elementor-element-dba4700 elementor-widget elementor-widget-text-editor\" data-id=\"dba4700\" data-element_type=\"widget\" data-e-type=\"widget\" data-widget_type=\"text-editor.default\">\n\t\t\t\t<div class=\"elementor-widget-container\">\n\t\t\t\t\t\t\t\t\t<section class=\"container\"><div class=\"row\"><div class=\"spb_content_element col-sm-12 spb_text_column\"><div class=\"spb_wrapper clearfix\"><p>Parametrelerin s\u0131cakl\u0131\u011fa ba\u011fl\u0131 oldu\u011fu unutulmamal\u0131d\u0131r. Bu nedenle, malzemeyi karakterize etmek i\u00e7in bu \u00f6zellikleri s\u0131cakl\u0131\u011f\u0131n bir fonksiyonu olarak \u00f6l\u00e7mek gerekir. <\/p><p>Fla\u015f y\u00f6nteminin avantajlar\u0131, d\u00fc\u015f\u00fck ila y\u00fcksek iletkenlikteki numunelerin h\u0131zl\u0131 ve tahribats\u0131z \u00f6l\u00e7\u00fcm\u00fcnde yatmaktad\u0131r. Buna ek olarak, gerekli numune geometrisi basittir ve k\u00fc\u00e7\u00fck numuneler basit bir haz\u0131rl\u0131kla analiz edilebilir. <\/p><\/div><\/div><\/div><\/section>\t\t\t\t\t\t\t\t<\/div>\n\t\t\t\t<\/div>\n\t\t\t\t<\/div>\n\t\t\t\t\t<\/div>\n\t\t\t\t<\/div>\n\t\t<div class=\"elementor-element elementor-element-8801439 e-flex e-con-boxed elementor-invisible e-con e-parent\" data-id=\"8801439\" data-element_type=\"container\" data-e-type=\"container\" data-settings=\"{&quot;background_background&quot;:&quot;classic&quot;,&quot;animation&quot;:&quot;fadeInUp&quot;}\">\n\t\t\t\t\t<div class=\"e-con-inner\">\n\t\t<div class=\"elementor-element elementor-element-4fda86f e-con-full e-flex e-con e-child\" data-id=\"4fda86f\" data-element_type=\"container\" data-e-type=\"container\">\n\t\t<div class=\"elementor-element elementor-element-a0a9aac e-con-full e-flex e-con e-child\" data-id=\"a0a9aac\" data-element_type=\"container\" data-e-type=\"container\">\n\t\t\t\t<div class=\"elementor-element elementor-element-53ea4ef elementor-widget elementor-widget-text-editor\" data-id=\"53ea4ef\" data-element_type=\"widget\" data-e-type=\"widget\" data-widget_type=\"text-editor.default\">\n\t\t\t\t<div class=\"elementor-widget-container\">\n\t\t\t\t\t\t\t\t\t<h2>Fla\u015f y\u00f6ntemi kullan\u0131larak hangi \u00f6zellikler belirlenir?<\/h2>\t\t\t\t\t\t\t\t<\/div>\n\t\t\t\t<\/div>\n\t\t\t\t<div class=\"elementor-element elementor-element-d38f832 elementor-widget elementor-widget-text-editor\" data-id=\"d38f832\" data-element_type=\"widget\" data-e-type=\"widget\" data-widget_type=\"text-editor.default\">\n\t\t\t\t<div class=\"elementor-widget-container\">\n\t\t\t\t\t\t\t\t\t<p>Fla\u015f y\u00f6ntemi termal dif\u00fcziviteyi belirler. Uygun bir referans malzeme ile kar\u015f\u0131la\u015ft\u0131rmal\u0131 bir prosed\u00fcrde \u00f6zg\u00fcl \u0131s\u0131 kapasitesini \u00f6l\u00e7mek de m\u00fcmk\u00fcnd\u00fcr. Termal dif\u00fczivite, \u00f6zg\u00fcl \u0131s\u0131 kapasitesi ve yo\u011funluk daha sonra termal iletkenli\u011fi hesaplamak i\u00e7in kullan\u0131labilir.  <\/p><p><strong>\u00d6zellikler:<\/strong><\/p><ul><li>Termal dif\u00fczivite<\/li><li>\u00d6zg\u00fcl \u0131s\u0131 kapasitesi Cp<\/li><li>Yo\u011funluk<\/li><\/ul>\t\t\t\t\t\t\t\t<\/div>\n\t\t\t\t<\/div>\n\t\t\t\t<\/div>\n\t\t<div class=\"elementor-element elementor-element-e2e8489 e-con-full e-flex e-con e-child\" data-id=\"e2e8489\" data-element_type=\"container\" data-e-type=\"container\">\n\t\t<div class=\"elementor-element elementor-element-5a584c2 e-con-full e-flex e-con e-child\" data-id=\"5a584c2\" data-element_type=\"container\" data-e-type=\"container\">\n\t\t\t\t<div class=\"elementor-element elementor-element-2111823 elementor-widget elementor-widget-text-editor\" data-id=\"2111823\" data-element_type=\"widget\" data-e-type=\"widget\" data-widget_type=\"text-editor.default\">\n\t\t\t\t<div class=\"elementor-widget-container\">\n\t\t\t\t\t\t\t\t\t<h2>Dinamik diferansiyel kalorimetri i\u00e7in standartlar?<\/h2>\t\t\t\t\t\t\t\t<\/div>\n\t\t\t\t<\/div>\n\t\t\t\t<\/div>\n\t\t\t\t<div class=\"elementor-element elementor-element-82f4194 elementor-widget elementor-widget-text-editor\" data-id=\"82f4194\" data-element_type=\"widget\" data-e-type=\"widget\" data-widget_type=\"text-editor.default\">\n\t\t\t\t<div class=\"elementor-widget-container\">\n\t\t\t\t\t\t\t\t\t<ul><li>ASTM E1461 &#8211; Fla\u015f Y\u00f6ntemi ile Termal Dif\u00fczivite i\u00e7in Standart Test Y\u00f6ntemi<br><br><\/li><li>ASTM E2585 &#8211; 09 (2015) Fla\u015f Y\u00f6ntemi ile Termal Dif\u00fczivite i\u00e7in Standart Uygulama<\/li><\/ul>\t\t\t\t\t\t\t\t<\/div>\n\t\t\t\t<\/div>\n\t\t\t\t<\/div>\n\t\t\t\t<\/div>\n\t\t\t\t\t<\/div>\n\t\t\t\t<\/div>\n\t\t\t\t<\/div>\n\t\t","protected":false},"excerpt":{"rendered":"<p>Fla\u015f y\u00f6ntemi Fla\u015f y\u00f6ntemi (termal dif\u00fczivite) Fla\u015f y\u00f6ntemi, \u00e7e\u015fitli malzemelerin termal dif\u00fczivitesini belirlemek i\u00e7in kullan\u0131lan bir y\u00f6ntemdir. Bu ama\u00e7la, numune k\u0131sa s\u00fcreli y\u00fcksek yo\u011funluklu bir radyasyon enerjisi darbesine maruz b\u0131rak\u0131l\u0131r. Enerji kayna\u011f\u0131 bir lazer veya fla\u015f lambas\u0131 olabilir. Enerji daha sonra numune taraf\u0131ndan emilir ve numunenin \u00fcst k\u0131sm\u0131nda yeniden yay\u0131l\u0131r. Bu radyasyon numunenin y\u00fczeyinde bir [&hellip;]<\/p>\n","protected":false},"author":3,"featured_media":0,"parent":113451,"menu_order":0,"comment_status":"closed","ping_status":"closed","template":"","meta":{"_acf_changed":false,"inline_featured_image":false,"footnotes":""},"class_list":["post-113480","page","type-page","status-publish","hentry"],"acf":[],"_links":{"self":[{"href":"https:\/\/www.linseis.com\/tr\/wp-json\/wp\/v2\/pages\/113480","targetHints":{"allow":["GET"]}}],"collection":[{"href":"https:\/\/www.linseis.com\/tr\/wp-json\/wp\/v2\/pages"}],"about":[{"href":"https:\/\/www.linseis.com\/tr\/wp-json\/wp\/v2\/types\/page"}],"author":[{"embeddable":true,"href":"https:\/\/www.linseis.com\/tr\/wp-json\/wp\/v2\/users\/3"}],"replies":[{"embeddable":true,"href":"https:\/\/www.linseis.com\/tr\/wp-json\/wp\/v2\/comments?post=113480"}],"version-history":[{"count":0,"href":"https:\/\/www.linseis.com\/tr\/wp-json\/wp\/v2\/pages\/113480\/revisions"}],"up":[{"embeddable":true,"href":"https:\/\/www.linseis.com\/tr\/wp-json\/wp\/v2\/pages\/113451"}],"wp:attachment":[{"href":"https:\/\/www.linseis.com\/tr\/wp-json\/wp\/v2\/media?parent=113480"}],"curies":[{"name":"wp","href":"https:\/\/api.w.org\/{rel}","templated":true}]}}