{"id":113472,"date":"2024-07-26T10:15:24","date_gmt":"2024-07-26T08:15:24","guid":{"rendered":"https:\/\/www.linseis.com\/termal-analiz-yoentemleri\/dinamik-diferansiyel-kalorimetri\/"},"modified":"2026-01-23T11:42:20","modified_gmt":"2026-01-23T10:42:20","slug":"dinamik-diferansiyel-kalorimetri","status":"publish","type":"page","link":"https:\/\/www.linseis.com\/tr\/termal-analiz-yoentemleri\/dinamik-diferansiyel-kalorimetri\/","title":{"rendered":"Dinamik diferansiyel kalorimetri"},"content":{"rendered":"\t\t<div data-elementor-type=\"wp-post\" data-elementor-id=\"113472\" class=\"elementor elementor-113472 elementor-22398\" data-elementor-post-type=\"page\">\n\t\t\t\t<div class=\"elementor-element elementor-element-a3549cf e-flex e-con-boxed e-con e-parent\" data-id=\"a3549cf\" data-element_type=\"container\" data-e-type=\"container\" data-settings=\"{&quot;background_background&quot;:&quot;classic&quot;}\">\n\t\t\t\t\t<div class=\"e-con-inner\">\n\t\t\t\t<div class=\"elementor-element elementor-element-ac41c94 elementor-widget elementor-widget-image\" data-id=\"ac41c94\" data-element_type=\"widget\" data-e-type=\"widget\" data-widget_type=\"image.default\">\n\t\t\t\t<div class=\"elementor-widget-container\">\n\t\t\t\t\t\t\t\t\t\t\t\t\t\t\t<img fetchpriority=\"high\" decoding=\"async\" width=\"800\" height=\"800\" src=\"https:\/\/www.linseis.com\/wp-content\/uploads\/2024\/06\/linseis_scale-top-1.svg\" class=\"attachment-large size-large wp-image-123864\" alt=\"\" \/>\t\t\t\t\t\t\t\t\t\t\t\t\t\t\t<\/div>\n\t\t\t\t<\/div>\n\t\t<div class=\"elementor-element elementor-element-a7b7feb e-con-full e-flex e-con e-child\" data-id=\"a7b7feb\" data-element_type=\"container\" data-e-type=\"container\">\n\t\t<div class=\"elementor-element elementor-element-6100945 e-con-full e-flex e-con e-child\" data-id=\"6100945\" data-element_type=\"container\" data-e-type=\"container\">\n\t\t\t\t<div class=\"elementor-element elementor-element-cc1182c elementor-invisible elementor-widget elementor-widget-heading\" data-id=\"cc1182c\" data-element_type=\"widget\" data-e-type=\"widget\" data-settings=\"{&quot;_animation&quot;:&quot;fadeInUp&quot;,&quot;_animation_delay&quot;:250}\" data-widget_type=\"heading.default\">\n\t\t\t\t<div class=\"elementor-widget-container\">\n\t\t\t\t\t<h1 class=\"elementor-heading-title elementor-size-default\"><b>\n\nDiferansiyel taramal\u0131 kalorimetri\n\n<\/b><\/h1>\t\t\t\t<\/div>\n\t\t\t\t<\/div>\n\t\t\t\t<\/div>\n\t\t<div class=\"elementor-element elementor-element-6d91a43 e-con-full e-flex e-con e-child\" data-id=\"6d91a43\" data-element_type=\"container\" data-e-type=\"container\">\n\t\t\t\t<div class=\"elementor-element elementor-element-9413374 elementor-widget elementor-widget-n-carousel\" data-id=\"9413374\" data-element_type=\"widget\" data-e-type=\"widget\" data-settings=\"{&quot;carousel_items&quot;:[{&quot;slide_title&quot;:&quot;Produkt 1&quot;,&quot;_id&quot;:&quot;d6fbcdb&quot;}],&quot;slides_to_show&quot;:&quot;1&quot;,&quot;slides_to_scroll&quot;:&quot;2&quot;,&quot;autoplay_speed&quot;:2000,&quot;slides_to_show_tablet&quot;:&quot;1&quot;,&quot;slides_to_show_mobile&quot;:&quot;1&quot;,&quot;autoplay&quot;:&quot;yes&quot;,&quot;pause_on_hover&quot;:&quot;yes&quot;,&quot;pause_on_interaction&quot;:&quot;yes&quot;,&quot;infinite&quot;:&quot;yes&quot;,&quot;speed&quot;:500,&quot;offset_sides&quot;:&quot;none&quot;,&quot;image_spacing_custom&quot;:{&quot;unit&quot;:&quot;px&quot;,&quot;size&quot;:10,&quot;sizes&quot;:[]},&quot;image_spacing_custom_tablet&quot;:{&quot;unit&quot;:&quot;px&quot;,&quot;size&quot;:&quot;&quot;,&quot;sizes&quot;:[]},&quot;image_spacing_custom_mobile&quot;:{&quot;unit&quot;:&quot;px&quot;,&quot;size&quot;:&quot;&quot;,&quot;sizes&quot;:[]}}\" data-widget_type=\"nested-carousel.default\">\n\t\t\t\t<div class=\"elementor-widget-container\">\n\t\t\t\t\t\t\t<div class=\"e-n-carousel swiper\" role=\"region\" aria-roledescription=\"carousel\" aria-label=\"Karussell\" dir=\"ltr\">\n\t\t\t<div class=\"swiper-wrapper\" aria-live=\"off\">\n\t\t\t\t\t\t\t\t\t\t<div class=\"swiper-slide\" data-slide=\"1\" role=\"group\" aria-roledescription=\"slide\" aria-label=\"1 of 1\">\n\t\t\t\t\t\t\t<div class=\"elementor-element elementor-element-44441f5 e-flex e-con-boxed e-con e-child\" data-id=\"44441f5\" data-element_type=\"container\" data-e-type=\"container\">\n\t\t\t\t\t<div class=\"e-con-inner\">\n\t\t\t\t<div class=\"elementor-element elementor-element-4103051 elementor-widget__width-initial elementor-invisible elementor-widget elementor-widget-image\" data-id=\"4103051\" data-element_type=\"widget\" data-e-type=\"widget\" data-settings=\"{&quot;_animation&quot;:&quot;fadeInUp&quot;}\" data-widget_type=\"image.default\">\n\t\t\t\t<div class=\"elementor-widget-container\">\n\t\t\t\t\t\t\t\t\t\t\t\t\t\t\t<img decoding=\"async\" width=\"800\" height=\"800\" src=\"https:\/\/www.linseis.com\/wp-content\/uploads\/2024\/07\/Linseis-Icons_Linien-weiss_Zeichenflaeche-1-Kopie-86-1024x1024.png\" class=\"attachment-large size-large wp-image-23722\" alt=\"\" srcset=\"https:\/\/www.linseis.com\/wp-content\/uploads\/2024\/07\/Linseis-Icons_Linien-weiss_Zeichenflaeche-1-Kopie-86-1024x1024.png 1024w, https:\/\/www.linseis.com\/wp-content\/uploads\/2024\/07\/Linseis-Icons_Linien-weiss_Zeichenflaeche-1-Kopie-86-300x300.png 300w, https:\/\/www.linseis.com\/wp-content\/uploads\/2024\/07\/Linseis-Icons_Linien-weiss_Zeichenflaeche-1-Kopie-86-150x150.png 150w, https:\/\/www.linseis.com\/wp-content\/uploads\/2024\/07\/Linseis-Icons_Linien-weiss_Zeichenflaeche-1-Kopie-86-768x768.png 768w, https:\/\/www.linseis.com\/wp-content\/uploads\/2024\/07\/Linseis-Icons_Linien-weiss_Zeichenflaeche-1-Kopie-86-1536x1536.png 1536w, https:\/\/www.linseis.com\/wp-content\/uploads\/2024\/07\/Linseis-Icons_Linien-weiss_Zeichenflaeche-1-Kopie-86-2048x2048.png 2048w\" sizes=\"(max-width: 800px) 100vw, 800px\" \/>\t\t\t\t\t\t\t\t\t\t\t\t\t\t\t<\/div>\n\t\t\t\t<\/div>\n\t\t\t\t\t<\/div>\n\t\t\t\t<\/div>\n\t\t\t\t\t\t\t\t<\/div>\n\t\t\t\t\t\t\t\t<\/div>\n\t\t<\/div>\n\t\t\t\t\t\t<\/div>\n\t\t\t\t<\/div>\n\t\t\t\t<\/div>\n\t\t\t\t<\/div>\n\t\t\t\t<div class=\"elementor-element elementor-element-b4a6800 elementor-widget elementor-widget-image\" data-id=\"b4a6800\" data-element_type=\"widget\" data-e-type=\"widget\" data-widget_type=\"image.default\">\n\t\t\t\t<div class=\"elementor-widget-container\">\n\t\t\t\t\t\t\t\t\t\t\t\t\t\t\t<img decoding=\"async\" width=\"800\" height=\"800\" src=\"https:\/\/www.linseis.com\/wp-content\/uploads\/2024\/06\/linseis_scale-bottom-1.svg\" class=\"attachment-large size-large wp-image-123873\" alt=\"\" \/>\t\t\t\t\t\t\t\t\t\t\t\t\t\t\t<\/div>\n\t\t\t\t<\/div>\n\t\t\t\t\t<\/div>\n\t\t\t\t<\/div>\n\t\t<div class=\"elementor-element elementor-element-7c8d6cc e-flex e-con-boxed e-con e-parent\" data-id=\"7c8d6cc\" data-element_type=\"container\" data-e-type=\"container\" data-settings=\"{&quot;background_background&quot;:&quot;classic&quot;}\">\n\t\t\t\t\t<div class=\"e-con-inner\">\n\t\t\t\t\t<\/div>\n\t\t\t\t<\/div>\n\t\t<div class=\"elementor-element elementor-element-d7b7522 e-flex e-con-boxed e-con e-parent\" data-id=\"d7b7522\" data-element_type=\"container\" data-e-type=\"container\" data-settings=\"{&quot;background_background&quot;:&quot;classic&quot;}\">\n\t\t\t\t\t<div class=\"e-con-inner\">\n\t\t<div class=\"elementor-element elementor-element-449b6fd e-con-full e-flex e-con e-child\" data-id=\"449b6fd\" data-element_type=\"container\" data-e-type=\"container\">\n\t\t\t\t<div class=\"elementor-element elementor-element-031217d elementor-invisible elementor-widget elementor-widget-wp-widget-bcn_widget\" data-id=\"031217d\" data-element_type=\"widget\" data-e-type=\"widget\" data-settings=\"{&quot;_animation&quot;:&quot;fadeInUp&quot;}\" data-widget_type=\"wp-widget-bcn_widget.default\">\n\t\t\t\t<div class=\"elementor-widget-container\">\n\t\t\t\t\t<div class=\"breadcrumbs\" vocab=\"https:\/\/schema.org\/\" typeof=\"BreadcrumbList\"><span property=\"itemListElement\" typeof=\"ListItem\"><a property=\"item\" typeof=\"WebPage\" title=\"Go to Linseis.\" href=\"https:\/\/www.linseis.com\/tr\/\" class=\"home\" aria-current=\"page\"><span property=\"name\">Linseis<\/span><\/a><meta property=\"position\" content=\"1\"><\/span><\/div>\t\t\t\t<\/div>\n\t\t\t\t<\/div>\n\t\t\t\t<\/div>\n\t\t\t\t\t<\/div>\n\t\t\t\t<\/div>\n\t\t<div class=\"elementor-element elementor-element-ed98f58 e-flex e-con-boxed elementor-invisible e-con e-parent\" data-id=\"ed98f58\" data-element_type=\"container\" data-e-type=\"container\" data-settings=\"{&quot;background_background&quot;:&quot;classic&quot;,&quot;animation&quot;:&quot;fadeInUp&quot;}\">\n\t\t\t\t\t<div class=\"e-con-inner\">\n\t\t<div class=\"elementor-element elementor-element-bbc47b3 e-con-full e-flex e-con e-child\" data-id=\"bbc47b3\" data-element_type=\"container\" data-e-type=\"container\">\n\t\t\t\t<div class=\"elementor-element elementor-element-71a1ec4 elementor-invisible elementor-widget elementor-widget-text-editor\" data-id=\"71a1ec4\" data-element_type=\"widget\" data-e-type=\"widget\" data-settings=\"{&quot;_animation&quot;:&quot;fadeInUp&quot;,&quot;_animation_delay&quot;:500}\" data-widget_type=\"text-editor.default\">\n\t\t\t\t<div class=\"elementor-widget-container\">\n\t\t\t\t\t\t\t\t\t<h2>Diferansiyel taramal\u0131 kalorimetri nedir?<\/h2>\t\t\t\t\t\t\t\t<\/div>\n\t\t\t\t<\/div>\n\t\t\t\t<div class=\"elementor-element elementor-element-32d9053 elementor-widget elementor-widget-text-editor\" data-id=\"32d9053\" data-element_type=\"widget\" data-e-type=\"widget\" data-widget_type=\"text-editor.default\">\n\t\t\t\t<div class=\"elementor-widget-container\">\n\t\t\t\t\t\t\t\t\t<section class=\"container\"><div class=\"row\"><div class=\"spb_content_element col-sm-12 spb_text_column\"><div class=\"spb_wrapper clearfix\"><p>Diferansiyel taramal\u0131 kalorimetri (DSC) termal analizdeki en \u00f6nemli tekniklerden biridir. DSC analiz kay\u0131tlar\u0131 <a href=\"https:\/\/www.linseis.com\/tr\/?p=113116\" data-auto-event-observed=\"true\"><strong>endotermik ve ekzotermik ge\u00e7i\u015fler<\/strong><\/a> Kat\u0131 ve s\u0131v\u0131lar\u0131n d\u00f6n\u00fc\u015f\u00fcm s\u0131cakl\u0131klar\u0131n\u0131n ve entalpilerinin s\u0131cakl\u0131\u011f\u0131n bir fonksiyonu olarak belirlenmesi gibi. <\/p><p>Bir numunenin izotermal bir deneyde \u0131s\u0131 emilimini ve sal\u0131n\u0131m\u0131n\u0131 izlemek i\u00e7in yal\u0131t\u0131lm\u0131\u015f bir odaya yerle\u015ftirildi\u011fi klasik kalorimetrinin aksine, diferansiyel taramal\u0131 kalorimetri dinamik bir y\u00f6ntemdir.<\/p><\/div><\/div><\/div><\/section><section class=\"container\"><div class=\"row\"><div class=\"spb_content_element col-sm-12 spb_text_column\"><div class=\"spb_wrapper clearfix\"><p>Tipik bir kalorimetre, bir numunenin \u00e7evreleyen bir ortama yerle\u015ftirildi\u011fi yal\u0131t\u0131lm\u0131\u015f bir odad\u0131r. Numune daha sonra belirli bir miktar \u0131s\u0131 ile \u0131s\u0131t\u0131l\u0131r. Numune ve \u00e7evresindeki ortam aras\u0131ndaki s\u0131cakl\u0131k fark\u0131, numunenin \u0131s\u0131 kapasitesini ve numunenin \u0131s\u0131 sal\u0131n\u0131m\u0131 ve \u0131s\u0131 t\u00fcketimi hakk\u0131nda bilgi sa\u011flar. Buna ek olarak, dinamik diferansiyel kalorimetride ayn\u0131 ko\u015fullara maruz b\u0131rak\u0131lan bir numune ve bir referans kullan\u0131l\u0131r ve bunlar\u0131n sinyali do\u011frudan birbirinden \u00e7\u0131kar\u0131l\u0131r.   <\/p><\/div><\/div><\/div><\/section>\t\t\t\t\t\t\t\t<\/div>\n\t\t\t\t<\/div>\n\t\t\t\t<\/div>\n\t\t\t\t\t<\/div>\n\t\t\t\t<\/div>\n\t\t<div class=\"elementor-element elementor-element-8801439 e-flex e-con-boxed elementor-invisible e-con e-parent\" data-id=\"8801439\" data-element_type=\"container\" data-e-type=\"container\" data-settings=\"{&quot;background_background&quot;:&quot;classic&quot;,&quot;animation&quot;:&quot;fadeInUp&quot;}\">\n\t\t\t\t\t<div class=\"e-con-inner\">\n\t\t<div class=\"elementor-element elementor-element-4fda86f e-con-full e-flex e-con e-child\" data-id=\"4fda86f\" data-element_type=\"container\" data-e-type=\"container\">\n\t\t<div class=\"elementor-element elementor-element-a0a9aac e-con-full e-flex e-con e-child\" data-id=\"a0a9aac\" data-element_type=\"container\" data-e-type=\"container\">\n\t\t\t\t<div class=\"elementor-element elementor-element-53ea4ef elementor-widget elementor-widget-text-editor\" data-id=\"53ea4ef\" data-element_type=\"widget\" data-e-type=\"widget\" data-widget_type=\"text-editor.default\">\n\t\t\t\t<div class=\"elementor-widget-container\">\n\t\t\t\t\t\t\t\t\t<h2>Dinamik diferansiyel kalorimetri nerede kullan\u0131l\u0131r?<\/h2>\t\t\t\t\t\t\t\t<\/div>\n\t\t\t\t<\/div>\n\t\t\t\t<div class=\"elementor-element elementor-element-d38f832 elementor-widget elementor-widget-text-editor\" data-id=\"d38f832\" data-element_type=\"widget\" data-e-type=\"widget\" data-widget_type=\"text-editor.default\">\n\t\t\t\t<div class=\"elementor-widget-container\">\n\t\t\t\t\t\t\t\t\t<p>DSC analizi, a\u015fa\u011f\u0131dakiler gibi \u00e7ok \u00e7e\u015fitli end\u00fcstrilerde bir\u00e7ok uygulama i\u00e7in kullan\u0131l\u0131r <a href=\"https:\/\/www.linseis.com\/applikationen\/polymere\/\" data-auto-event-observed=\"true\"><b>poli\u0307mer karakteri\u0307zasyonu<\/b><\/a> yan\u0131 s\u0131ra <a href=\"https:\/\/www.linseis.com\/applikationen\/forschung-entwicklung\/\" data-auto-event-observed=\"true\"><strong>akademik alanda temel ara\u015ft\u0131rma<\/strong><\/a> akademide kullan\u0131lmaktad\u0131r. \u00d6rnekler aras\u0131nda <a href=\"https:\/\/www.linseis.com\/tr\/?p=112850\" data-auto-event-observed=\"true\"><strong>cams\u0131 ge\u00e7i\u015fin belirlenmesi<\/strong><\/a> ve <strong>kimyasal reaksiyonlar\u0131n, <a href=\"https:\/\/www.linseis.com\/tr\/?p=112871\" data-auto-event-observed=\"true\"><b>erime ve kristalle\u015fme davran\u0131\u015flar\u0131n\u0131n<\/b><\/a> incelenmesi<\/strong>.  <\/p><p>Di\u011fer <strong>DSC uygulamalar\u0131 katk\u0131 maddelerinin, dolgu maddelerinin veya malzemelerin i\u015flenmesinin etkisiyle ilgilidir<\/strong>. Bireysel DSC e\u011frilerinin karakteristik \u015fekli kalite kontrol uygulamalar\u0131 i\u00e7in de kullan\u0131l\u0131r. <\/p>\t\t\t\t\t\t\t\t<\/div>\n\t\t\t\t<\/div>\n\t\t\t\t<\/div>\n\t\t<div class=\"elementor-element elementor-element-cdefdb7 e-con-full e-flex e-con e-child\" data-id=\"cdefdb7\" data-element_type=\"container\" data-e-type=\"container\">\n\t\t\t\t<div class=\"elementor-element elementor-element-dca24fd elementor-widget elementor-widget-text-editor\" data-id=\"dca24fd\" data-element_type=\"widget\" data-e-type=\"widget\" data-widget_type=\"text-editor.default\">\n\t\t\t\t<div class=\"elementor-widget-container\">\n\t\t\t\t\t\t\t\t\t<h2>DTA ve DSC aras\u0131ndaki fark nedir?<\/h2>\t\t\t\t\t\t\t\t<\/div>\n\t\t\t\t<\/div>\n\t\t\t\t<div class=\"elementor-element elementor-element-d37c58e elementor-widget elementor-widget-text-editor\" data-id=\"d37c58e\" data-element_type=\"widget\" data-e-type=\"widget\" data-widget_type=\"text-editor.default\">\n\t\t\t\t<div class=\"elementor-widget-container\">\n\t\t\t\t\t\t\t\t\t<p>DSC ve DTA aras\u0131ndaki fark \u015fudur: <strong>DSC \u0131s\u0131 ak\u0131\u015f\u0131 fark\u0131n\u0131 \u00f6l\u00e7er<\/strong> ve <strong>DTA<\/strong> bir referans numune ile ilgilenilen numune aras\u0131ndaki <strong>s\u0131cakl\u0131k fark\u0131n\u0131 \u00f6l\u00e7<\/strong> er.<\/p>\t\t\t\t\t\t\t\t<\/div>\n\t\t\t\t<\/div>\n\t\t\t\t<div class=\"elementor-element elementor-element-69f7499 elementor-invisible elementor-widget elementor-widget-text-editor\" data-id=\"69f7499\" data-element_type=\"widget\" data-e-type=\"widget\" data-settings=\"{&quot;_animation&quot;:&quot;fadeInUp&quot;,&quot;_animation_delay&quot;:500}\" data-widget_type=\"text-editor.default\">\n\t\t\t\t<div class=\"elementor-widget-container\">\n\t\t\t\t\t\t\t\t\t<p><img loading=\"lazy\" decoding=\"async\" class=\"wp-image-22403 size-large aligncenter\" src=\"https:\/\/www.linseis.com\/wp-content\/uploads\/2024\/07\/Unterschied-DSC-und-DTA-v1-1280x616-1-1024x493.png\" alt=\"\" width=\"1024\" height=\"493\" srcset=\"https:\/\/www.linseis.com\/wp-content\/uploads\/2024\/07\/Unterschied-DSC-und-DTA-v1-1280x616-1-1024x493.png 1024w, https:\/\/www.linseis.com\/wp-content\/uploads\/2024\/07\/Unterschied-DSC-und-DTA-v1-1280x616-1-300x144.png 300w, https:\/\/www.linseis.com\/wp-content\/uploads\/2024\/07\/Unterschied-DSC-und-DTA-v1-1280x616-1-768x370.png 768w, https:\/\/www.linseis.com\/wp-content\/uploads\/2024\/07\/Unterschied-DSC-und-DTA-v1-1280x616-1.png 1280w\" sizes=\"(max-width: 1024px) 100vw, 1024px\" \/><\/p><p style=\"text-align: center;\"><em>Optik dilatometri &#8211; \u0131s\u0131tma i\u015flemi s\u0131ras\u0131nda siyah beyaz g\u00f6r\u00fcnt\u00fc<\/em><\/p>\t\t\t\t\t\t\t\t<\/div>\n\t\t\t\t<\/div>\n\t\t\t\t<\/div>\n\t\t<div class=\"elementor-element elementor-element-e2e8489 e-con-full e-flex e-con e-child\" data-id=\"e2e8489\" data-element_type=\"container\" data-e-type=\"container\">\n\t\t\t\t<div class=\"elementor-element elementor-element-c1c012a elementor-widget elementor-widget-text-editor\" data-id=\"c1c012a\" data-element_type=\"widget\" data-e-type=\"widget\" data-widget_type=\"text-editor.default\">\n\t\t\t\t<div class=\"elementor-widget-container\">\n\t\t\t\t\t\t\t\t\t<h2>Is\u0131 ak\u0131\u015fl\u0131 DSC prensibi ile g\u00fc\u00e7 dengelemeli DSC prensibi aras\u0131ndaki fark nedir?<\/h2>\t\t\t\t\t\t\t\t<\/div>\n\t\t\t\t<\/div>\n\t\t<div class=\"elementor-element elementor-element-5a584c2 e-con-full e-flex e-con e-child\" data-id=\"5a584c2\" data-element_type=\"container\" data-e-type=\"container\">\n\t\t\t\t<div class=\"elementor-element elementor-element-ef9903f elementor-widget elementor-widget-text-editor\" data-id=\"ef9903f\" data-element_type=\"widget\" data-e-type=\"widget\" data-widget_type=\"text-editor.default\">\n\t\t\t\t<div class=\"elementor-widget-container\">\n\t\t\t\t\t\t\t\t\t<p>DSC cihazlar\u0131 iki temel \u00f6l\u00e7\u00fcm prensibine g\u00f6re \u00fcretilir: \u0131s\u0131 ak\u0131s\u0131 prensibi ve g\u00fc\u00e7 dengeleme prensibi. Her iki varyant da bilim camias\u0131nda \u0131s\u0131 ak\u0131l\u0131 DSC ve g\u00fc\u00e7 kompanzasyonlu DSC olarak bilinir. <\/p><p><strong>Is\u0131 ak\u0131s\u0131 DSC<\/strong> &#8216;de, \u0131s\u0131 ak\u0131s\u0131ndaki de\u011fi\u015fiklikler <sub>\u0394Tref<\/sub> e\u011frisinin entegre edilmesiyle hesaplan\u0131r. Bu t\u00fcr bir DSC analizi i\u00e7in, bir numune ve bir referans krozesi, krozenin s\u0131cakl\u0131\u011f\u0131n\u0131 \u00f6l\u00e7mek i\u00e7in entegre s\u0131cakl\u0131k sens\u00f6rlerine sahip bir numune tutucuya yerle\u015ftirilir. Bu d\u00fczenleme, s\u0131cakl\u0131k kontroll\u00fc bir f\u0131r\u0131n i\u00e7inde yer al\u0131r. Klasik tasar\u0131m\u0131n aksine, bu DSC&#8217;nin karakteristik \u00f6zelli\u011fi, d\u00fcz bir \u0131s\u0131t\u0131c\u0131y\u0131 \u00e7evreleyen d\u00fcz s\u0131cakl\u0131k sens\u00f6rlerinin dikey olarak d\u00fczenlenmesidir. Bu d\u00fczenleme, bir DSC f\u0131r\u0131n\u0131n\u0131n tam i\u015flevselli\u011fine sahip \u00e7ok kompakt, hafif ve d\u00fc\u015f\u00fck \u0131s\u0131 kapasiteli bir yap\u0131 sa\u011flar.    <\/p><p><strong>G\u00fc\u00e7 dengelemeli DSC analizinde<\/strong> numune ve referans krozesi uzamsal olarak ayr\u0131l\u0131r. Daha sonra her iki haznenin s\u0131cakl\u0131\u011f\u0131, her iki tarafta da her zaman ayn\u0131 s\u0131cakl\u0131k olacak \u015fekilde kontrol edilir. Daha sonra iki kroze aras\u0131ndaki s\u0131cakl\u0131k fark\u0131 yerine bu durumu elde etmek ve korumak i\u00e7in gereken elektrik g\u00fcc\u00fc kaydedilir.  <\/p>\t\t\t\t\t\t\t\t<\/div>\n\t\t\t\t<\/div>\n\t\t\t\t<div class=\"elementor-element elementor-element-2111823 elementor-widget elementor-widget-text-editor\" data-id=\"2111823\" data-element_type=\"widget\" data-e-type=\"widget\" data-widget_type=\"text-editor.default\">\n\t\t\t\t<div class=\"elementor-widget-container\">\n\t\t\t\t\t\t\t\t\t<h2>Dinamik diferansiyel kalorimetri i\u00e7in standartlar?<\/h2>\t\t\t\t\t\t\t\t<\/div>\n\t\t\t\t<\/div>\n\t\t\t\t<\/div>\n\t\t\t\t<div class=\"elementor-element elementor-element-82f4194 elementor-widget elementor-widget-text-editor\" data-id=\"82f4194\" data-element_type=\"widget\" data-e-type=\"widget\" data-widget_type=\"text-editor.default\">\n\t\t\t\t<div class=\"elementor-widget-container\">\n\t\t\t\t\t\t\t\t\t<ul><li>DIN 53765: Plastiklerin ve elastomerlerin testi; termal analiz; diferansiyel taramal\u0131 kalorimetri (DDK)<br><br><\/li><li>DIN 51007:2019-04: Termal analiz (TA) &#8211; Diferansiyel termal analiz (DTA) ve diferansiyel taramal\u0131 kalorimetri (DSC) &#8211; Genel ilkeler<br><br><\/li><li>DIN EN 6041:2018-03: Havac\u0131l\u0131k ve uzay serisi &#8211; Metalik olmayan malzemeler &#8211; Test y\u00f6ntemleri &#8211; Metalik olmayan malzemelerin (sertle\u015ftirilmemi\u015f) diferansiyel taramal\u0131 kalorimetre (DSC) ile analizi; Almanca ve \u0130ngilizce versiyon EN 6041:2018<br><br><\/li><li>DIN EN 728: Plastik boru ve kanal sistemleri &#8211; Poliolefin borular ve ba\u011flant\u0131 par\u00e7alar\u0131 &#8211; Oksidasyon-ind\u00fcksiyon s\u00fcresinin belirlenmesi; Almanca versiyon EN 728:1997<br><br><\/li><li>DIN EN ISO 11357-1, -2, -3, -4 ve -6: Plastikler &#8211; Diferansiyel tarama kalorimetrisi (DSC) &#8211; B\u00f6l\u00fcm 1: Genel ilkeler (ISO 11357-1:2016); Almanca versiyon EN ISO 11357-1:2016<br><br><\/li><li>ASTM E 126: ASTM Hidrometrelerin Muayenesi, Kalibrasyonu ve Do\u011frulanmas\u0131 i\u00e7in Standart Test Y\u00f6ntemi<br><br><\/li><li>ASTM E 1356: Diferansiyel Taramal\u0131 Kalorimetri ile Cams\u0131 Ge\u00e7i\u015f S\u0131cakl\u0131klar\u0131n\u0131n Belirlenmesi i\u00e7in Standart Test Y\u00f6ntemi<\/li><\/ul>\t\t\t\t\t\t\t\t<\/div>\n\t\t\t\t<\/div>\n\t\t\t\t<\/div>\n\t\t\t\t<\/div>\n\t\t\t\t\t<\/div>\n\t\t\t\t<\/div>\n\t\t\t\t<\/div>\n\t\t","protected":false},"excerpt":{"rendered":"<p>Diferansiyel taramal\u0131 kalorimetri Diferansiyel taramal\u0131 kalorimetri nedir? Diferansiyel taramal\u0131 kalorimetri (DSC) termal analizdeki en \u00f6nemli tekniklerden biridir. DSC analiz kay\u0131tlar\u0131 endotermik ve ekzotermik ge\u00e7i\u015fler Kat\u0131 ve s\u0131v\u0131lar\u0131n d\u00f6n\u00fc\u015f\u00fcm s\u0131cakl\u0131klar\u0131n\u0131n ve entalpilerinin s\u0131cakl\u0131\u011f\u0131n bir fonksiyonu olarak belirlenmesi gibi. Bir numunenin izotermal bir deneyde \u0131s\u0131 emilimini ve sal\u0131n\u0131m\u0131n\u0131 izlemek i\u00e7in yal\u0131t\u0131lm\u0131\u015f bir odaya yerle\u015ftirildi\u011fi klasik kalorimetrinin aksine, [&hellip;]<\/p>\n","protected":false},"author":3,"featured_media":0,"parent":113451,"menu_order":0,"comment_status":"closed","ping_status":"closed","template":"","meta":{"_acf_changed":false,"inline_featured_image":false,"footnotes":""},"class_list":["post-113472","page","type-page","status-publish","hentry"],"acf":[],"_links":{"self":[{"href":"https:\/\/www.linseis.com\/tr\/wp-json\/wp\/v2\/pages\/113472","targetHints":{"allow":["GET"]}}],"collection":[{"href":"https:\/\/www.linseis.com\/tr\/wp-json\/wp\/v2\/pages"}],"about":[{"href":"https:\/\/www.linseis.com\/tr\/wp-json\/wp\/v2\/types\/page"}],"author":[{"embeddable":true,"href":"https:\/\/www.linseis.com\/tr\/wp-json\/wp\/v2\/users\/3"}],"replies":[{"embeddable":true,"href":"https:\/\/www.linseis.com\/tr\/wp-json\/wp\/v2\/comments?post=113472"}],"version-history":[{"count":0,"href":"https:\/\/www.linseis.com\/tr\/wp-json\/wp\/v2\/pages\/113472\/revisions"}],"up":[{"embeddable":true,"href":"https:\/\/www.linseis.com\/tr\/wp-json\/wp\/v2\/pages\/113451"}],"wp:attachment":[{"href":"https:\/\/www.linseis.com\/tr\/wp-json\/wp\/v2\/media?parent=113472"}],"curies":[{"name":"wp","href":"https:\/\/api.w.org\/{rel}","templated":true}]}}