{"id":113469,"date":"2024-07-26T09:52:11","date_gmt":"2024-07-26T07:52:11","guid":{"rendered":"https:\/\/www.linseis.com\/termal-analiz-yoentemleri\/dilatometri\/"},"modified":"2026-01-23T11:42:18","modified_gmt":"2026-01-23T10:42:18","slug":"dilatometri","status":"publish","type":"page","link":"https:\/\/www.linseis.com\/tr\/termal-analiz-yoentemleri\/dilatometri\/","title":{"rendered":"Dilatometri"},"content":{"rendered":"\t\t<div data-elementor-type=\"wp-post\" data-elementor-id=\"113469\" class=\"elementor elementor-113469 elementor-21797\" data-elementor-post-type=\"page\">\n\t\t\t\t<div class=\"elementor-element elementor-element-a3549cf e-flex e-con-boxed e-con e-parent\" data-id=\"a3549cf\" data-element_type=\"container\" data-e-type=\"container\" data-settings=\"{&quot;background_background&quot;:&quot;classic&quot;}\">\n\t\t\t\t\t<div class=\"e-con-inner\">\n\t\t\t\t<div class=\"elementor-element elementor-element-ac41c94 elementor-widget elementor-widget-image\" data-id=\"ac41c94\" data-element_type=\"widget\" data-e-type=\"widget\" data-widget_type=\"image.default\">\n\t\t\t\t<div class=\"elementor-widget-container\">\n\t\t\t\t\t\t\t\t\t\t\t\t\t\t\t<img fetchpriority=\"high\" decoding=\"async\" width=\"800\" height=\"800\" src=\"https:\/\/www.linseis.com\/wp-content\/uploads\/2024\/06\/linseis_scale-top-1.svg\" class=\"attachment-large size-large wp-image-123864\" alt=\"\" \/>\t\t\t\t\t\t\t\t\t\t\t\t\t\t\t<\/div>\n\t\t\t\t<\/div>\n\t\t<div class=\"elementor-element elementor-element-a7b7feb e-con-full e-flex e-con e-child\" data-id=\"a7b7feb\" data-element_type=\"container\" data-e-type=\"container\">\n\t\t<div class=\"elementor-element elementor-element-6100945 e-con-full e-flex e-con e-child\" data-id=\"6100945\" data-element_type=\"container\" data-e-type=\"container\">\n\t\t\t\t<div class=\"elementor-element elementor-element-cc1182c elementor-invisible elementor-widget elementor-widget-heading\" data-id=\"cc1182c\" data-element_type=\"widget\" data-e-type=\"widget\" data-settings=\"{&quot;_animation&quot;:&quot;fadeInUp&quot;,&quot;_animation_delay&quot;:250}\" data-widget_type=\"heading.default\">\n\t\t\t\t<div class=\"elementor-widget-container\">\n\t\t\t\t\t<h1 class=\"elementor-heading-title elementor-size-default\"><b>\n\nDilatometri\n\n<\/b><\/h1>\t\t\t\t<\/div>\n\t\t\t\t<\/div>\n\t\t\t\t<\/div>\n\t\t<div class=\"elementor-element elementor-element-6d91a43 e-con-full e-flex e-con e-child\" data-id=\"6d91a43\" data-element_type=\"container\" data-e-type=\"container\">\n\t\t\t\t<div class=\"elementor-element elementor-element-9413374 elementor-widget elementor-widget-n-carousel\" data-id=\"9413374\" data-element_type=\"widget\" data-e-type=\"widget\" data-settings=\"{&quot;carousel_items&quot;:[{&quot;slide_title&quot;:&quot;Produkt 1&quot;,&quot;_id&quot;:&quot;d6fbcdb&quot;}],&quot;slides_to_show&quot;:&quot;1&quot;,&quot;slides_to_scroll&quot;:&quot;2&quot;,&quot;autoplay_speed&quot;:2000,&quot;slides_to_show_tablet&quot;:&quot;1&quot;,&quot;slides_to_show_mobile&quot;:&quot;1&quot;,&quot;autoplay&quot;:&quot;yes&quot;,&quot;pause_on_hover&quot;:&quot;yes&quot;,&quot;pause_on_interaction&quot;:&quot;yes&quot;,&quot;infinite&quot;:&quot;yes&quot;,&quot;speed&quot;:500,&quot;offset_sides&quot;:&quot;none&quot;,&quot;image_spacing_custom&quot;:{&quot;unit&quot;:&quot;px&quot;,&quot;size&quot;:10,&quot;sizes&quot;:[]},&quot;image_spacing_custom_tablet&quot;:{&quot;unit&quot;:&quot;px&quot;,&quot;size&quot;:&quot;&quot;,&quot;sizes&quot;:[]},&quot;image_spacing_custom_mobile&quot;:{&quot;unit&quot;:&quot;px&quot;,&quot;size&quot;:&quot;&quot;,&quot;sizes&quot;:[]}}\" data-widget_type=\"nested-carousel.default\">\n\t\t\t\t<div class=\"elementor-widget-container\">\n\t\t\t\t\t\t\t<div class=\"e-n-carousel swiper\" role=\"region\" aria-roledescription=\"carousel\" aria-label=\"Karussell\" dir=\"ltr\">\n\t\t\t<div class=\"swiper-wrapper\" aria-live=\"off\">\n\t\t\t\t\t\t\t\t\t\t<div class=\"swiper-slide\" data-slide=\"1\" role=\"group\" aria-roledescription=\"slide\" aria-label=\"1 of 1\">\n\t\t\t\t\t\t\t<div class=\"elementor-element elementor-element-44441f5 e-flex e-con-boxed e-con e-child\" data-id=\"44441f5\" data-element_type=\"container\" data-e-type=\"container\">\n\t\t\t\t\t<div class=\"e-con-inner\">\n\t\t\t\t<div class=\"elementor-element elementor-element-4103051 elementor-widget__width-initial elementor-invisible elementor-widget elementor-widget-image\" data-id=\"4103051\" data-element_type=\"widget\" data-e-type=\"widget\" data-settings=\"{&quot;_animation&quot;:&quot;fadeInUp&quot;}\" data-widget_type=\"image.default\">\n\t\t\t\t<div class=\"elementor-widget-container\">\n\t\t\t\t\t\t\t\t\t\t\t\t\t\t\t<img decoding=\"async\" width=\"800\" height=\"800\" src=\"https:\/\/www.linseis.com\/wp-content\/uploads\/2024\/07\/Linseis-Icons_Linien-weiss_Zeichenflaeche-1-Kopie-86-1024x1024.png\" class=\"attachment-large size-large wp-image-23722\" alt=\"\" srcset=\"https:\/\/www.linseis.com\/wp-content\/uploads\/2024\/07\/Linseis-Icons_Linien-weiss_Zeichenflaeche-1-Kopie-86-1024x1024.png 1024w, https:\/\/www.linseis.com\/wp-content\/uploads\/2024\/07\/Linseis-Icons_Linien-weiss_Zeichenflaeche-1-Kopie-86-300x300.png 300w, https:\/\/www.linseis.com\/wp-content\/uploads\/2024\/07\/Linseis-Icons_Linien-weiss_Zeichenflaeche-1-Kopie-86-150x150.png 150w, https:\/\/www.linseis.com\/wp-content\/uploads\/2024\/07\/Linseis-Icons_Linien-weiss_Zeichenflaeche-1-Kopie-86-768x768.png 768w, https:\/\/www.linseis.com\/wp-content\/uploads\/2024\/07\/Linseis-Icons_Linien-weiss_Zeichenflaeche-1-Kopie-86-1536x1536.png 1536w, https:\/\/www.linseis.com\/wp-content\/uploads\/2024\/07\/Linseis-Icons_Linien-weiss_Zeichenflaeche-1-Kopie-86-2048x2048.png 2048w\" sizes=\"(max-width: 800px) 100vw, 800px\" \/>\t\t\t\t\t\t\t\t\t\t\t\t\t\t\t<\/div>\n\t\t\t\t<\/div>\n\t\t\t\t\t<\/div>\n\t\t\t\t<\/div>\n\t\t\t\t\t\t\t\t<\/div>\n\t\t\t\t\t\t\t\t<\/div>\n\t\t<\/div>\n\t\t\t\t\t\t<\/div>\n\t\t\t\t<\/div>\n\t\t\t\t<\/div>\n\t\t\t\t<\/div>\n\t\t\t\t<div class=\"elementor-element elementor-element-b4a6800 elementor-widget elementor-widget-image\" data-id=\"b4a6800\" data-element_type=\"widget\" data-e-type=\"widget\" data-widget_type=\"image.default\">\n\t\t\t\t<div class=\"elementor-widget-container\">\n\t\t\t\t\t\t\t\t\t\t\t\t\t\t\t<img decoding=\"async\" width=\"800\" height=\"800\" src=\"https:\/\/www.linseis.com\/wp-content\/uploads\/2024\/06\/linseis_scale-bottom-1.svg\" class=\"attachment-large size-large wp-image-123873\" alt=\"\" \/>\t\t\t\t\t\t\t\t\t\t\t\t\t\t\t<\/div>\n\t\t\t\t<\/div>\n\t\t\t\t\t<\/div>\n\t\t\t\t<\/div>\n\t\t<div class=\"elementor-element elementor-element-7c8d6cc e-flex e-con-boxed e-con e-parent\" data-id=\"7c8d6cc\" data-element_type=\"container\" data-e-type=\"container\" data-settings=\"{&quot;background_background&quot;:&quot;classic&quot;}\">\n\t\t\t\t\t<div class=\"e-con-inner\">\n\t\t\t\t\t<\/div>\n\t\t\t\t<\/div>\n\t\t<div class=\"elementor-element elementor-element-d7b7522 e-flex e-con-boxed e-con e-parent\" data-id=\"d7b7522\" data-element_type=\"container\" data-e-type=\"container\" data-settings=\"{&quot;background_background&quot;:&quot;classic&quot;}\">\n\t\t\t\t\t<div class=\"e-con-inner\">\n\t\t<div class=\"elementor-element elementor-element-449b6fd e-con-full e-flex e-con e-child\" data-id=\"449b6fd\" data-element_type=\"container\" data-e-type=\"container\">\n\t\t\t\t<div class=\"elementor-element elementor-element-031217d elementor-invisible elementor-widget elementor-widget-wp-widget-bcn_widget\" data-id=\"031217d\" data-element_type=\"widget\" data-e-type=\"widget\" data-settings=\"{&quot;_animation&quot;:&quot;fadeInUp&quot;}\" data-widget_type=\"wp-widget-bcn_widget.default\">\n\t\t\t\t<div class=\"elementor-widget-container\">\n\t\t\t\t\t<div class=\"breadcrumbs\" vocab=\"https:\/\/schema.org\/\" typeof=\"BreadcrumbList\"><span property=\"itemListElement\" typeof=\"ListItem\"><a property=\"item\" typeof=\"WebPage\" title=\"Go to Linseis.\" href=\"https:\/\/www.linseis.com\/tr\/\" class=\"home\" aria-current=\"page\"><span property=\"name\">Linseis<\/span><\/a><meta property=\"position\" content=\"1\"><\/span><\/div>\t\t\t\t<\/div>\n\t\t\t\t<\/div>\n\t\t\t\t<\/div>\n\t\t\t\t\t<\/div>\n\t\t\t\t<\/div>\n\t\t<div class=\"elementor-element elementor-element-ed98f58 e-flex e-con-boxed e-con e-parent\" data-id=\"ed98f58\" data-element_type=\"container\" data-e-type=\"container\" data-settings=\"{&quot;background_background&quot;:&quot;classic&quot;}\">\n\t\t\t\t\t<div class=\"e-con-inner\">\n\t\t<div class=\"elementor-element elementor-element-bbc47b3 e-con-full e-flex e-con e-child\" data-id=\"bbc47b3\" data-element_type=\"container\" data-e-type=\"container\">\n\t\t\t\t<div class=\"elementor-element elementor-element-71a1ec4 elementor-invisible elementor-widget elementor-widget-text-editor\" data-id=\"71a1ec4\" data-element_type=\"widget\" data-e-type=\"widget\" data-settings=\"{&quot;_animation&quot;:&quot;fadeInUp&quot;,&quot;_animation_delay&quot;:500}\" data-widget_type=\"text-editor.default\">\n\t\t\t\t<div class=\"elementor-widget-container\">\n\t\t\t\t\t\t\t\t\t<h2>Dilatometri<\/h2>\t\t\t\t\t\t\t\t<\/div>\n\t\t\t\t<\/div>\n\t\t\t\t<div class=\"elementor-element elementor-element-32d9053 elementor-widget elementor-widget-text-editor\" data-id=\"32d9053\" data-element_type=\"widget\" data-e-type=\"widget\" data-widget_type=\"text-editor.default\">\n\t\t\t\t<div class=\"elementor-widget-container\">\n\t\t\t\t\t\t\t\t\t<p>Bu<b> <a href=\"https:\/\/www.linseis.com\/messgeraete\/dilatometer\/\" data-auto-event-observed=\"true\"><b>dilatometri<\/b><\/a><\/b> (DIL), ihmal edilebilir stres alt\u0131ndaki bir malzemenin boyutsal de\u011fi\u015fiminin (uzunluk veya hacim), malzeme belirli bir atmosferde kontroll\u00fc bir s\u0131cakl\u0131k program\u0131na tabi tutulurken s\u0131cakl\u0131\u011f\u0131n bir fonksiyonu olarak (\u00f6rne\u011fin geni\u015fleme veya daralma) \u00f6l\u00e7\u00fcld\u00fc\u011f\u00fc bir tekniktir.<\/p><p>Boyutsal de\u011fi\u015fim belirlenirken, <strong>do\u011frusal genle\u015fme katsay\u0131lar\u0131<\/strong> ile <strong>uzamsal genle\u015fme katsay\u0131lar\u0131<\/strong> aras\u0131nda bir ayr\u0131m yap\u0131l\u0131r.<\/p>\t\t\t\t\t\t\t\t<\/div>\n\t\t\t\t<\/div>\n\t\t\t\t<div class=\"elementor-element elementor-element-7d4daa8 elementor-invisible elementor-widget elementor-widget-text-editor\" data-id=\"7d4daa8\" data-element_type=\"widget\" data-e-type=\"widget\" data-settings=\"{&quot;_animation&quot;:&quot;fadeInUp&quot;,&quot;_animation_delay&quot;:500}\" data-widget_type=\"text-editor.default\">\n\t\t\t\t<div class=\"elementor-widget-container\">\n\t\t\t\t\t\t\t\t\t<p><img loading=\"lazy\" decoding=\"async\" class=\"aligncenter wp-image-15712 size-full\" src=\"https:\/\/www.linseis.com\/wp-content\/uploads\/2024\/07\/Schema-Schubstangendilatometer-Aufbau.png\" alt=\"\" width=\"940\" height=\"788\" srcset=\"https:\/\/www.linseis.com\/wp-content\/uploads\/2024\/07\/Schema-Schubstangendilatometer-Aufbau.png 940w, https:\/\/www.linseis.com\/wp-content\/uploads\/2024\/07\/Schema-Schubstangendilatometer-Aufbau-300x251.png 300w, https:\/\/www.linseis.com\/wp-content\/uploads\/2024\/07\/Schema-Schubstangendilatometer-Aufbau-768x644.png 768w\" sizes=\"(max-width: 940px) 100vw, 940px\" \/><\/p><p style=\"text-align: center;\"><em>Dilatometrede k\u0131rm\u0131z\u0131 bir \u00f6rnek<\/em><\/p>\t\t\t\t\t\t\t\t<\/div>\n\t\t\t\t<\/div>\n\t\t\t\t<\/div>\n\t\t\t\t\t<\/div>\n\t\t\t\t<\/div>\n\t\t<div class=\"elementor-element elementor-element-8801439 e-flex e-con-boxed elementor-invisible e-con e-parent\" data-id=\"8801439\" data-element_type=\"container\" data-e-type=\"container\" data-settings=\"{&quot;background_background&quot;:&quot;classic&quot;,&quot;animation&quot;:&quot;fadeInUp&quot;}\">\n\t\t\t\t\t<div class=\"e-con-inner\">\n\t\t<div class=\"elementor-element elementor-element-4fda86f e-con-full e-flex e-con e-child\" data-id=\"4fda86f\" data-element_type=\"container\" data-e-type=\"container\">\n\t\t\t\t<div class=\"elementor-element elementor-element-fe6d621 elementor-widget elementor-widget-text-editor\" data-id=\"fe6d621\" data-element_type=\"widget\" data-e-type=\"widget\" data-widget_type=\"text-editor.default\">\n\t\t\t\t<div class=\"elementor-widget-container\">\n\t\t\t\t\t\t\t\t\t<p><strong>A\u015fa\u011f\u0131daki \u00f6l\u00e7\u00fcm sonu\u00e7lar\u0131 dilatometri ile belirlenebilir:<\/strong><\/p><ul><li>Termal genle\u015fme katsay\u0131s\u0131n\u0131n (CTE) belirlenmesi<\/li><li><a href=\"https:\/\/www.linseis.com\/messgroessen\/laengenausdehnungskoeffizient\/\"><strong>Do\u011frusal termal genle\u015fme (\u0394L)<\/strong><\/a><\/li><li>Sinterleme s\u0131cakl\u0131klar\u0131 ve sinterleme ad\u0131mlar\u0131<\/li><li>Belirlenmesi <a href=\"https:\/\/www.linseis.com\/tr\/?p=112850\"><strong>cam ge\u00e7i\u015fi <sub>(Tg<\/sub>)<\/strong><\/a><\/li><li><a href=\"https:\/\/www.linseis.com\/tr\/?p=112978\"><strong>Faz de\u011fi\u015fimi<\/strong><\/a><\/li><li>Pi\u015firme s\u00fcre\u00e7lerinin optimizasyonu<\/li><li>Hacim de\u011fi\u015fiklikleri (oda genle\u015fme katsay\u0131s\u0131)<\/li><li>H\u0131z kontroll\u00fc sinterleme (RCS)<\/li><li>Ayr\u0131\u015ft\u0131rma<\/li><li>Yo\u011funluk de\u011fi\u015fimi<\/li><\/ul>\t\t\t\t\t\t\t\t<\/div>\n\t\t\t\t<\/div>\n\t\t<div class=\"elementor-element elementor-element-a0a9aac e-con-full e-flex e-con e-child\" data-id=\"a0a9aac\" data-element_type=\"container\" data-e-type=\"container\">\n\t\t\t\t<div class=\"elementor-element elementor-element-53ea4ef elementor-widget elementor-widget-text-editor\" data-id=\"53ea4ef\" data-element_type=\"widget\" data-e-type=\"widget\" data-widget_type=\"text-editor.default\">\n\t\t\t\t<div class=\"elementor-widget-container\">\n\t\t\t\t\t\t\t\t\t<h2>Do\u011frusal genle\u015fme katsay\u0131s\u0131 CTE<\/h2>\t\t\t\t\t\t\t\t<\/div>\n\t\t\t\t<\/div>\n\t\t\t\t<div class=\"elementor-element elementor-element-d38f832 elementor-widget elementor-widget-text-editor\" data-id=\"d38f832\" data-element_type=\"widget\" data-e-type=\"widget\" data-widget_type=\"text-editor.default\">\n\t\t\t\t<div class=\"elementor-widget-container\">\n\t\t\t\t\t\t\t\t\t<p>Do\u011frusal genle\u015fme katsay\u0131s\u0131, uzunluktaki de\u011fi\u015fim i\u00e7in bir \u00f6zellik olarak al\u0131n\u0131r. Numune, bir f\u0131r\u0131n\u0131n i\u00e7ine itilen bir numune tutucunun \u00fczerine yerle\u015ftirilir. Numune tutucu ile ayn\u0131 malzemeden yap\u0131lm\u0131\u015f bir itme \u00e7ubu\u011fu (kuvars cam, al\u00fcminyum oksit) numunenin termal genle\u015fmesini, yer de\u011fi\u015ftirmeyi \u00f6l\u00e7en bir yer de\u011fi\u015ftirme d\u00f6n\u00fc\u015ft\u00fcr\u00fcc\u00fcs\u00fcne aktar\u0131r. Yer de\u011fi\u015ftirme analog veya dijital olarak \u00f6l\u00e7\u00fcl\u00fcr.   <\/p><p>Malzemelerin geometrik boyutlar\u0131 s\u0131cakl\u0131ktaki de\u011fi\u015fikliklerle de\u011fi\u015fir. Bu, a\u015fa\u011f\u0131daki do\u011frusal termal genle\u015fme katsay\u0131s\u0131 (CTE) ile tan\u0131mlanabilir: <\/p><p><strong>CTE do\u011frusal = \u0394<\/strong><strong>L-1\/\u0394<\/strong><strong>T-1\/L<\/strong><\/p><p>\u0394L, numunenin uzunlu\u011fundaki (L) s\u0131cakl\u0131k de\u011fi\u015fiminin (\u0394T) neden oldu\u011fu uzunluk de\u011fi\u015fimini temsil eder.<\/p><p>Deplasman transd\u00fcseri referansa s\u0131k\u0131ca ba\u011flanm\u0131\u015ft\u0131r. Is\u0131tma s\u0131ras\u0131nda referans ve itme \u00e7ubu\u011fu da ayn\u0131 \u015fekilde uzat\u0131ld\u0131\u011f\u0131ndan, numunenin genle\u015fmesi referans malzemeye g\u00f6re \u00f6l\u00e7\u00fcl\u00fcr. Numunenin ger\u00e7ek termal genle\u015fmesi, yer de\u011fi\u015ftirme d\u00f6n\u00fc\u015ft\u00fcr\u00fcc\u00fcs\u00fc taraf\u0131ndan \u00f6l\u00e7\u00fclen de\u011fer art\u0131 numune ile ayn\u0131 uzunlukta bir referans malzeme par\u00e7as\u0131n\u0131n genle\u015fmesine e\u015fittir.  <\/p>\t\t\t\t\t\t\t\t<\/div>\n\t\t\t\t<\/div>\n\t\t\t\t<\/div>\n\t\t<div class=\"elementor-element elementor-element-cdefdb7 e-con-full e-flex e-con e-child\" data-id=\"cdefdb7\" data-element_type=\"container\" data-e-type=\"container\">\n\t\t\t\t<div class=\"elementor-element elementor-element-dca24fd elementor-widget elementor-widget-text-editor\" data-id=\"dca24fd\" data-element_type=\"widget\" data-e-type=\"widget\" data-widget_type=\"text-editor.default\">\n\t\t\t\t<div class=\"elementor-widget-container\">\n\t\t\t\t\t\t\t\t\t<h2>Optik dilatometri<\/h2>\t\t\t\t\t\t\t\t<\/div>\n\t\t\t\t<\/div>\n\t\t\t\t<div class=\"elementor-element elementor-element-d37c58e elementor-widget elementor-widget-text-editor\" data-id=\"d37c58e\" data-element_type=\"widget\" data-e-type=\"widget\" data-widget_type=\"text-editor.default\">\n\t\t\t\t<div class=\"elementor-widget-container\">\n\t\t\t\t\t\t\t\t\t<p>Optik dilatometri, sinterleme s\u00fcre\u00e7lerini ve \u00f6zellikle anizotropik ve k\u0131r\u0131lgan malzemelerin termal do\u011frusal genle\u015fmesini ve karma\u015f\u0131k geometrilere sahip numuneleri analiz etmek i\u00e7in kullan\u0131labilir. Malzemelerin yumu\u015fama noktas\u0131 ve erime s\u0131cakl\u0131klar\u0131 da temass\u0131z termomekanik belirleme kullan\u0131larak belirlenebilir. <\/p><p><strong>Optik dilatometri bir \u00f6l\u00e7\u00fcm cihaz\u0131nda nas\u0131l \u00e7al\u0131\u015f\u0131r?<\/strong><\/p><p>Bir kamera ile donat\u0131lm\u0131\u015f bir dilatometre ile termo-optik analizde, numune bir taraftan \u0131\u015f\u0131kla \u0131\u015f\u0131nlan\u0131r ve g\u00f6lgeler di\u011fer taraftan kaydedilir. Bir bilgisayar, numunenin uzunlu\u011fundaki de\u011fi\u015fimi hesaplamak i\u00e7in elde edilen verileri kullan\u0131r. <\/p>\t\t\t\t\t\t\t\t<\/div>\n\t\t\t\t<\/div>\n\t\t\t\t<div class=\"elementor-element elementor-element-69f7499 elementor-invisible elementor-widget elementor-widget-text-editor\" data-id=\"69f7499\" data-element_type=\"widget\" data-e-type=\"widget\" data-settings=\"{&quot;_animation&quot;:&quot;fadeInUp&quot;,&quot;_animation_delay&quot;:500}\" data-widget_type=\"text-editor.default\">\n\t\t\t\t<div class=\"elementor-widget-container\">\n\t\t\t\t\t\t\t\t\t<p><img loading=\"lazy\" decoding=\"async\" class=\"wp-image-5661 size-large aligncenter\" src=\"https:\/\/www.linseis.com\/wp-content\/uploads\/2024\/07\/Ash-melting-microscope-1024x802.jpg\" alt=\"\" width=\"1024\" height=\"802\" srcset=\"https:\/\/www.linseis.com\/wp-content\/uploads\/2024\/07\/Ash-melting-microscope-1024x802.jpg 1024w, https:\/\/www.linseis.com\/wp-content\/uploads\/2024\/07\/Ash-melting-microscope-300x235.jpg 300w, https:\/\/www.linseis.com\/wp-content\/uploads\/2024\/07\/Ash-melting-microscope-768x602.jpg 768w, https:\/\/www.linseis.com\/wp-content\/uploads\/2024\/07\/Ash-melting-microscope-1536x1203.jpg 1536w, https:\/\/www.linseis.com\/wp-content\/uploads\/2024\/07\/Ash-melting-microscope-2048x1605.jpg 2048w\" sizes=\"(max-width: 1024px) 100vw, 1024px\" \/><\/p><p style=\"text-align: center;\"><em>Optik dilatometri &#8211; \u0131s\u0131tma i\u015flemi s\u0131ras\u0131nda siyah beyaz g\u00f6r\u00fcnt\u00fc<\/em><\/p>\t\t\t\t\t\t\t\t<\/div>\n\t\t\t\t<\/div>\n\t\t\t\t<\/div>\n\t\t<div class=\"elementor-element elementor-element-5a584c2 e-con-full e-flex e-con e-child\" data-id=\"5a584c2\" data-element_type=\"container\" data-e-type=\"container\">\n\t\t\t\t<div class=\"elementor-element elementor-element-2111823 elementor-widget elementor-widget-text-editor\" data-id=\"2111823\" data-element_type=\"widget\" data-e-type=\"widget\" data-widget_type=\"text-editor.default\">\n\t\t\t\t<div class=\"elementor-widget-container\">\n\t\t\t\t\t\t\t\t\t<h2>A\u015fa\u011f\u0131daki standartlar bu y\u00f6nteme at\u0131fta bulunmaktad\u0131r:<\/h2>\t\t\t\t\t\t\t\t<\/div>\n\t\t\t\t<\/div>\n\t\t\t\t<div class=\"elementor-element elementor-element-ef9903f elementor-widget elementor-widget-text-editor\" data-id=\"ef9903f\" data-element_type=\"widget\" data-e-type=\"widget\" data-widget_type=\"text-editor.default\">\n\t\t\t\t<div class=\"elementor-widget-container\">\n\t\t\t\t\t\t\t\t\t<p><strong>ASTM E831<\/strong> -Termomekanik analiz ile kat\u0131 malzemelerin do\u011frusal termal genle\u015fmesi i\u00e7in standart test y\u00f6ntemi.<\/p><p><strong>ASTM D696<\/strong> &#8211; Bu test y\u00f6ntemi, cams\u0131 silika i\u00e7in bir dilatometre kullanarak 1 \u00b5m\/(m.\u00b0C)&#8217;den daha b\u00fcy\u00fck bir genle\u015fme katsay\u0131s\u0131na sahip plastik malzemeler i\u00e7in do\u011frusal termal genle\u015fme katsay\u0131s\u0131n\u0131n belirlenmesini kapsar.<\/p><p><strong>ASTM E228<\/strong> &#8211; Kesme \u00c7ubu\u011fu Dilatometresi ile Kat\u0131 Malzemelerin Do\u011frusal Termal Genle\u015fmesi i\u00e7in Standart Test Y\u00f6ntemi.<\/p>\t\t\t\t\t\t\t\t<\/div>\n\t\t\t\t<\/div>\n\t\t\t\t<\/div>\n\t\t\t\t<\/div>\n\t\t\t\t\t<\/div>\n\t\t\t\t<\/div>\n\t\t\t\t<\/div>\n\t\t","protected":false},"excerpt":{"rendered":"<p>Dilatometri Dilatometri Bu dilatometri (DIL), ihmal edilebilir stres alt\u0131ndaki bir malzemenin boyutsal de\u011fi\u015fiminin (uzunluk veya hacim), malzeme belirli bir atmosferde kontroll\u00fc bir s\u0131cakl\u0131k program\u0131na tabi tutulurken s\u0131cakl\u0131\u011f\u0131n bir fonksiyonu olarak (\u00f6rne\u011fin geni\u015fleme veya daralma) \u00f6l\u00e7\u00fcld\u00fc\u011f\u00fc bir tekniktir. Boyutsal de\u011fi\u015fim belirlenirken, do\u011frusal genle\u015fme katsay\u0131lar\u0131 ile uzamsal genle\u015fme katsay\u0131lar\u0131 aras\u0131nda bir ayr\u0131m yap\u0131l\u0131r. Dilatometrede k\u0131rm\u0131z\u0131 bir \u00f6rnek [&hellip;]<\/p>\n","protected":false},"author":3,"featured_media":0,"parent":113451,"menu_order":0,"comment_status":"closed","ping_status":"closed","template":"","meta":{"_acf_changed":false,"inline_featured_image":false,"footnotes":""},"class_list":["post-113469","page","type-page","status-publish","hentry"],"acf":[],"_links":{"self":[{"href":"https:\/\/www.linseis.com\/tr\/wp-json\/wp\/v2\/pages\/113469","targetHints":{"allow":["GET"]}}],"collection":[{"href":"https:\/\/www.linseis.com\/tr\/wp-json\/wp\/v2\/pages"}],"about":[{"href":"https:\/\/www.linseis.com\/tr\/wp-json\/wp\/v2\/types\/page"}],"author":[{"embeddable":true,"href":"https:\/\/www.linseis.com\/tr\/wp-json\/wp\/v2\/users\/3"}],"replies":[{"embeddable":true,"href":"https:\/\/www.linseis.com\/tr\/wp-json\/wp\/v2\/comments?post=113469"}],"version-history":[{"count":0,"href":"https:\/\/www.linseis.com\/tr\/wp-json\/wp\/v2\/pages\/113469\/revisions"}],"up":[{"embeddable":true,"href":"https:\/\/www.linseis.com\/tr\/wp-json\/wp\/v2\/pages\/113451"}],"wp:attachment":[{"href":"https:\/\/www.linseis.com\/tr\/wp-json\/wp\/v2\/media?parent=113469"}],"curies":[{"name":"wp","href":"https:\/\/api.w.org\/{rel}","templated":true}]}}