{"id":113436,"date":"2024-07-25T18:46:59","date_gmt":"2024-07-25T16:46:59","guid":{"rendered":"https:\/\/www.linseis.com\/oelcuelen-degiskenler\/termal-iletkenlik\/"},"modified":"2026-01-23T11:34:38","modified_gmt":"2026-01-23T10:34:38","slug":"termal-iletkenlik","status":"publish","type":"page","link":"https:\/\/www.linseis.com\/tr\/oelcuelen-degiskenler\/termal-iletkenlik\/","title":{"rendered":"Termal iletkenlik"},"content":{"rendered":"\t\t<div data-elementor-type=\"wp-post\" data-elementor-id=\"113436\" class=\"elementor elementor-113436 elementor-21384\" data-elementor-post-type=\"page\">\n\t\t\t\t<div class=\"elementor-element elementor-element-a3549cf e-flex e-con-boxed e-con e-parent\" data-id=\"a3549cf\" data-element_type=\"container\" data-e-type=\"container\" data-settings=\"{&quot;background_background&quot;:&quot;classic&quot;}\">\n\t\t\t\t\t<div class=\"e-con-inner\">\n\t\t\t\t<div class=\"elementor-element elementor-element-ac41c94 elementor-widget elementor-widget-image\" data-id=\"ac41c94\" data-element_type=\"widget\" data-e-type=\"widget\" data-widget_type=\"image.default\">\n\t\t\t\t<div class=\"elementor-widget-container\">\n\t\t\t\t\t\t\t\t\t\t\t\t\t\t\t<img fetchpriority=\"high\" decoding=\"async\" width=\"800\" height=\"800\" src=\"https:\/\/www.linseis.com\/wp-content\/uploads\/2024\/06\/linseis_scale-top-1.svg\" class=\"attachment-large size-large wp-image-123864\" alt=\"\" \/>\t\t\t\t\t\t\t\t\t\t\t\t\t\t\t<\/div>\n\t\t\t\t<\/div>\n\t\t<div class=\"elementor-element elementor-element-a7b7feb e-con-full e-flex e-con e-child\" data-id=\"a7b7feb\" data-element_type=\"container\" data-e-type=\"container\">\n\t\t<div class=\"elementor-element elementor-element-6100945 e-con-full e-flex e-con e-child\" data-id=\"6100945\" data-element_type=\"container\" data-e-type=\"container\">\n\t\t\t\t<div class=\"elementor-element elementor-element-cc1182c elementor-invisible elementor-widget elementor-widget-heading\" data-id=\"cc1182c\" data-element_type=\"widget\" data-e-type=\"widget\" data-settings=\"{&quot;_animation&quot;:&quot;fadeInUp&quot;,&quot;_animation_delay&quot;:250}\" data-widget_type=\"heading.default\">\n\t\t\t\t<div class=\"elementor-widget-container\">\n\t\t\t\t\t<h1 class=\"elementor-heading-title elementor-size-default\"><b>\nTermal iletkenlik\n<\/b><\/h1>\t\t\t\t<\/div>\n\t\t\t\t<\/div>\n\t\t\t\t<\/div>\n\t\t<div class=\"elementor-element elementor-element-6d91a43 e-con-full e-flex e-con e-child\" data-id=\"6d91a43\" data-element_type=\"container\" data-e-type=\"container\">\n\t\t\t\t<div class=\"elementor-element elementor-element-9413374 elementor-widget elementor-widget-n-carousel\" data-id=\"9413374\" data-element_type=\"widget\" data-e-type=\"widget\" data-settings=\"{&quot;carousel_items&quot;:[{&quot;slide_title&quot;:&quot;Produkt 1&quot;,&quot;_id&quot;:&quot;d6fbcdb&quot;}],&quot;slides_to_show&quot;:&quot;1&quot;,&quot;slides_to_scroll&quot;:&quot;2&quot;,&quot;autoplay_speed&quot;:2000,&quot;slides_to_show_tablet&quot;:&quot;1&quot;,&quot;slides_to_show_mobile&quot;:&quot;1&quot;,&quot;autoplay&quot;:&quot;yes&quot;,&quot;pause_on_hover&quot;:&quot;yes&quot;,&quot;pause_on_interaction&quot;:&quot;yes&quot;,&quot;infinite&quot;:&quot;yes&quot;,&quot;speed&quot;:500,&quot;offset_sides&quot;:&quot;none&quot;,&quot;image_spacing_custom&quot;:{&quot;unit&quot;:&quot;px&quot;,&quot;size&quot;:10,&quot;sizes&quot;:[]},&quot;image_spacing_custom_tablet&quot;:{&quot;unit&quot;:&quot;px&quot;,&quot;size&quot;:&quot;&quot;,&quot;sizes&quot;:[]},&quot;image_spacing_custom_mobile&quot;:{&quot;unit&quot;:&quot;px&quot;,&quot;size&quot;:&quot;&quot;,&quot;sizes&quot;:[]}}\" data-widget_type=\"nested-carousel.default\">\n\t\t\t\t<div class=\"elementor-widget-container\">\n\t\t\t\t\t\t\t<div class=\"e-n-carousel swiper\" role=\"region\" aria-roledescription=\"carousel\" aria-label=\"Karussell\" dir=\"ltr\">\n\t\t\t<div class=\"swiper-wrapper\" aria-live=\"off\">\n\t\t\t\t\t\t\t\t\t\t<div class=\"swiper-slide\" data-slide=\"1\" role=\"group\" aria-roledescription=\"slide\" aria-label=\"1 of 1\">\n\t\t\t\t\t\t\t<div class=\"elementor-element elementor-element-44441f5 e-flex e-con-boxed e-con e-child\" data-id=\"44441f5\" data-element_type=\"container\" data-e-type=\"container\">\n\t\t\t\t\t<div class=\"e-con-inner\">\n\t\t\t\t<div class=\"elementor-element elementor-element-4103051 elementor-widget__width-initial elementor-invisible elementor-widget elementor-widget-image\" data-id=\"4103051\" data-element_type=\"widget\" data-e-type=\"widget\" data-settings=\"{&quot;_animation&quot;:&quot;fadeInUp&quot;}\" data-widget_type=\"image.default\">\n\t\t\t\t<div class=\"elementor-widget-container\">\n\t\t\t\t\t\t\t\t\t\t\t\t\t\t\t<img decoding=\"async\" width=\"800\" height=\"800\" src=\"https:\/\/www.linseis.com\/wp-content\/uploads\/2024\/07\/Linseis-Icons_Linien-weiss_Waermeleitfaehigkeit-1024x1024.png\" class=\"attachment-large size-large wp-image-21970\" alt=\"\" srcset=\"https:\/\/www.linseis.com\/wp-content\/uploads\/2024\/07\/Linseis-Icons_Linien-weiss_Waermeleitfaehigkeit-1024x1024.png 1024w, https:\/\/www.linseis.com\/wp-content\/uploads\/2024\/07\/Linseis-Icons_Linien-weiss_Waermeleitfaehigkeit-300x300.png 300w, https:\/\/www.linseis.com\/wp-content\/uploads\/2024\/07\/Linseis-Icons_Linien-weiss_Waermeleitfaehigkeit-150x150.png 150w, https:\/\/www.linseis.com\/wp-content\/uploads\/2024\/07\/Linseis-Icons_Linien-weiss_Waermeleitfaehigkeit-768x768.png 768w, https:\/\/www.linseis.com\/wp-content\/uploads\/2024\/07\/Linseis-Icons_Linien-weiss_Waermeleitfaehigkeit-1536x1536.png 1536w, https:\/\/www.linseis.com\/wp-content\/uploads\/2024\/07\/Linseis-Icons_Linien-weiss_Waermeleitfaehigkeit-2048x2048.png 2048w\" sizes=\"(max-width: 800px) 100vw, 800px\" \/>\t\t\t\t\t\t\t\t\t\t\t\t\t\t\t<\/div>\n\t\t\t\t<\/div>\n\t\t\t\t\t<\/div>\n\t\t\t\t<\/div>\n\t\t\t\t\t\t\t\t<\/div>\n\t\t\t\t\t\t\t\t<\/div>\n\t\t<\/div>\n\t\t\t\t\t\t<\/div>\n\t\t\t\t<\/div>\n\t\t\t\t<\/div>\n\t\t\t\t<\/div>\n\t\t\t\t<div class=\"elementor-element elementor-element-b4a6800 elementor-widget elementor-widget-image\" data-id=\"b4a6800\" data-element_type=\"widget\" data-e-type=\"widget\" data-widget_type=\"image.default\">\n\t\t\t\t<div class=\"elementor-widget-container\">\n\t\t\t\t\t\t\t\t\t\t\t\t\t\t\t<img decoding=\"async\" width=\"800\" height=\"800\" src=\"https:\/\/www.linseis.com\/wp-content\/uploads\/2024\/06\/linseis_scale-bottom-1.svg\" class=\"attachment-large size-large wp-image-123873\" alt=\"\" \/>\t\t\t\t\t\t\t\t\t\t\t\t\t\t\t<\/div>\n\t\t\t\t<\/div>\n\t\t\t\t\t<\/div>\n\t\t\t\t<\/div>\n\t\t<div class=\"elementor-element elementor-element-7c8d6cc e-flex e-con-boxed e-con e-parent\" data-id=\"7c8d6cc\" data-element_type=\"container\" data-e-type=\"container\" data-settings=\"{&quot;background_background&quot;:&quot;classic&quot;}\">\n\t\t\t\t\t<div class=\"e-con-inner\">\n\t\t\t\t\t<\/div>\n\t\t\t\t<\/div>\n\t\t<div class=\"elementor-element elementor-element-d7b7522 e-flex e-con-boxed e-con e-parent\" data-id=\"d7b7522\" data-element_type=\"container\" data-e-type=\"container\" data-settings=\"{&quot;background_background&quot;:&quot;classic&quot;}\">\n\t\t\t\t\t<div class=\"e-con-inner\">\n\t\t<div class=\"elementor-element elementor-element-449b6fd e-con-full e-flex e-con e-child\" data-id=\"449b6fd\" data-element_type=\"container\" data-e-type=\"container\">\n\t\t\t\t<div class=\"elementor-element elementor-element-031217d elementor-invisible elementor-widget elementor-widget-wp-widget-bcn_widget\" data-id=\"031217d\" data-element_type=\"widget\" data-e-type=\"widget\" data-settings=\"{&quot;_animation&quot;:&quot;fadeInUp&quot;}\" data-widget_type=\"wp-widget-bcn_widget.default\">\n\t\t\t\t<div class=\"elementor-widget-container\">\n\t\t\t\t\t<div class=\"breadcrumbs\" vocab=\"https:\/\/schema.org\/\" typeof=\"BreadcrumbList\"><span property=\"itemListElement\" typeof=\"ListItem\"><a property=\"item\" typeof=\"WebPage\" title=\"Go to Linseis.\" href=\"https:\/\/www.linseis.com\/tr\/\" class=\"home\" aria-current=\"page\"><span property=\"name\">Linseis<\/span><\/a><meta property=\"position\" content=\"1\"><\/span><\/div>\t\t\t\t<\/div>\n\t\t\t\t<\/div>\n\t\t\t\t<\/div>\n\t\t\t\t\t<\/div>\n\t\t\t\t<\/div>\n\t\t<div class=\"elementor-element elementor-element-ed98f58 e-flex e-con-boxed e-con e-parent\" data-id=\"ed98f58\" data-element_type=\"container\" data-e-type=\"container\" data-settings=\"{&quot;background_background&quot;:&quot;classic&quot;}\">\n\t\t\t\t\t<div class=\"e-con-inner\">\n\t\t<div class=\"elementor-element elementor-element-bbc47b3 e-con-full e-flex e-con e-child\" data-id=\"bbc47b3\" data-element_type=\"container\" data-e-type=\"container\">\n\t\t\t\t<div class=\"elementor-element elementor-element-71a1ec4 elementor-invisible elementor-widget elementor-widget-text-editor\" data-id=\"71a1ec4\" data-element_type=\"widget\" data-e-type=\"widget\" data-settings=\"{&quot;_animation&quot;:&quot;fadeInUp&quot;,&quot;_animation_delay&quot;:500}\" data-widget_type=\"text-editor.default\">\n\t\t\t\t<div class=\"elementor-widget-container\">\n\t\t\t\t\t\t\t\t\t<h2>Birim [W\/m*K] ile termal iletkenlik \u03bb<\/h2>\t\t\t\t\t\t\t\t<\/div>\n\t\t\t\t<\/div>\n\t\t\t\t<div class=\"elementor-element elementor-element-32d9053 elementor-widget elementor-widget-text-editor\" data-id=\"32d9053\" data-element_type=\"widget\" data-e-type=\"widget\" data-widget_type=\"text-editor.default\">\n\t\t\t\t<div class=\"elementor-widget-container\">\n\t\t\t\t\t\t\t\t\t<p>Bir kat\u0131 veya s\u0131v\u0131n\u0131n termal iletkenli\u011fi, termal enerjiyi \u0131s\u0131 \u015feklinde ta\u015f\u0131ma kabiliyetidir.<\/p><p><img loading=\"lazy\" decoding=\"async\" class=\"wp-image-55678 size-medium aligncenter\" src=\"https:\/\/www.linseis.com\/wp-content\/uploads\/2024\/09\/Formel-Waerme-und-Temperaturleitfaehigkeit-300x56.png\" alt=\"\" width=\"300\" height=\"56\" srcset=\"https:\/\/www.linseis.com\/wp-content\/uploads\/2024\/09\/Formel-Waerme-und-Temperaturleitfaehigkeit-300x56.png 300w, https:\/\/www.linseis.com\/wp-content\/uploads\/2024\/09\/Formel-Waerme-und-Temperaturleitfaehigkeit.png 463w\" sizes=\"(max-width: 300px) 100vw, 300px\" \/><\/p><p>\u03bb = Termal iletkenlik [W\/m*K]<br>\u03b1 = Termal dif\u00fczivite [mm\u00b2\/s]<br><sub>Cp<\/sub> = \u00d6zg\u00fcl \u0131s\u0131 kapasitesi [J\/g*K]<br><span id=\"MathJax-Span-275\" class=\"mrow\"><span id=\"MathJax-Span-276\" class=\"mi\">\u03c1 = Yo\u011funluk [g\/cm\u00b3]<\/span><\/span><\/p><p>(Spesifik) termal iletkenlik<strong> Kelvin ve metre ba\u015f\u0131na watt<\/strong> cinsinden verilir ve s\u0131cakl\u0131\u011fa ba\u011fl\u0131 bir malzeme sabitidir.<\/p><p>Termal iletkenlik, s\u0131cakl\u0131ktaki bir de\u011fi\u015fikli\u011fin bir malzeme boyunca yay\u0131lma h\u0131z\u0131n\u0131 g\u00f6steren termal dif\u00fcziviteden ay\u0131rt edilmelidir. Kat\u0131lar\u0131n ve s\u0131v\u0131lar\u0131n termal \u00f6zelliklerinin bilinmesi g\u00fcn\u00fcm\u00fcz d\u00fcnyas\u0131nda giderek daha \u00f6nemli hale gelmektedir. <\/p>\t\t\t\t\t\t\t\t<\/div>\n\t\t\t\t<\/div>\n\t\t\t\t<\/div>\n\t\t\t\t\t<\/div>\n\t\t\t\t<\/div>\n\t\t<div class=\"elementor-element elementor-element-3473d73 e-flex e-con-boxed elementor-invisible e-con e-parent\" data-id=\"3473d73\" data-element_type=\"container\" data-e-type=\"container\" data-settings=\"{&quot;animation&quot;:&quot;fadeInUp&quot;}\">\n\t\t\t\t\t<div class=\"e-con-inner\">\n\t\t\t\t<div class=\"elementor-element elementor-element-11f930b elementor-widget elementor-widget-image\" data-id=\"11f930b\" data-element_type=\"widget\" data-e-type=\"widget\" data-widget_type=\"image.default\">\n\t\t\t\t<div class=\"elementor-widget-container\">\n\t\t\t\t\t\t\t\t\t\t\t\t\t\t\t<img loading=\"lazy\" decoding=\"async\" width=\"800\" height=\"382\" src=\"https:\/\/www.linseis.com\/wp-content\/uploads\/2024\/07\/Gebaeude-Energie.png\" class=\"attachment-large size-large wp-image-113438\" alt=\"Geb\u00e4ude Energie\" srcset=\"https:\/\/www.linseis.com\/wp-content\/uploads\/2024\/07\/Gebaeude-Energie.png 960w, https:\/\/www.linseis.com\/wp-content\/uploads\/2024\/07\/Gebaeude-Energie-300x143.png 300w, https:\/\/www.linseis.com\/wp-content\/uploads\/2024\/07\/Gebaeude-Energie-768x366.png 768w\" sizes=\"(max-width: 800px) 100vw, 800px\" \/>\t\t\t\t\t\t\t\t\t\t\t\t\t\t\t<\/div>\n\t\t\t\t<\/div>\n\t\t\t\t\t<\/div>\n\t\t\t\t<\/div>\n\t\t<div class=\"elementor-element elementor-element-8801439 e-flex e-con-boxed elementor-invisible e-con e-parent\" data-id=\"8801439\" data-element_type=\"container\" data-e-type=\"container\" data-settings=\"{&quot;background_background&quot;:&quot;classic&quot;,&quot;animation&quot;:&quot;fadeInUp&quot;}\">\n\t\t\t\t\t<div class=\"e-con-inner\">\n\t\t<div class=\"elementor-element elementor-element-4fda86f e-con-full e-flex e-con e-child\" data-id=\"4fda86f\" data-element_type=\"container\" data-e-type=\"container\">\n\t\t\t\t<div class=\"elementor-element elementor-element-34d74a1 elementor-widget elementor-widget-text-editor\" data-id=\"34d74a1\" data-element_type=\"widget\" data-e-type=\"widget\" data-widget_type=\"text-editor.default\">\n\t\t\t\t<div class=\"elementor-widget-container\">\n\t\t\t\t\t\t\t\t\t<p>A\u015fa\u011f\u0131dakiler gibi bir\u00e7ok uygulama alan\u0131nda <a href=\"https:\/\/www.linseis.com\/applikationen\/automobil-luft-und-raumfahrt\/\" data-auto-event-observed=\"true\"><b>otomoti\u0307v m\u00fchendi\u0307sli\u0307\u011fi\u0307<\/b><\/a>havac\u0131l\u0131k ve uzay, enerji <strong><a href=\"https:\/\/www.linseis.com\/applikationen\/nuklear-und-energie\/\" data-auto-event-observed=\"true\">enerji\u0307 \u00fcreti\u0307mi\u0307<\/a><\/strong>ve <strong><a href=\"https:\/\/www.linseis.com\/applikationen\/keramik-und-glas\/\" data-auto-event-observed=\"true\">serami\u0307k ve cam sanayi\u0307i\u0307<\/a><\/strong> veya ayr\u0131ca <strong><a href=\"https:\/\/www.linseis.com\/applikationen\/baustoffe\/\" data-auto-event-observed=\"true\">yap\u0131 malzemeleri<\/a> <\/strong>Kullan\u0131lan malzemelerin termal davran\u0131\u015flar\u0131 hakk\u0131nda \u00e7ok kesin bilgiler son derece \u00f6nemlidir.<\/p><p>\u00d6rne\u011fin binalar\u0131n termal y\u00f6netimi, patlayan enerji maliyetleri nedeniyle giderek daha \u00f6nemli bir konu haline gelmektedir. Ayr\u0131ca <strong><a href=\"https:\/\/www.linseis.com\/applikationen\/halbleiter-elektro\/\" data-auto-event-observed=\"true\">yar\u0131 iletken end\u00fcstrisi<\/a> <\/strong>\u00d6rne\u011fin bilgisayar i\u015flemcileri gibi modern entegre sistemlerde \u0131s\u0131 ak\u0131\u015flar\u0131 da \u00f6nemli bir rol oynamaktad\u0131r. <\/p><p>Termal iletkenli\u011fi \u00f6l\u00e7menin iki y\u00f6ntemi vard\u0131r. <a href=\"https:\/\/www.linseis.com\/messgeraete\/waermeleitfaehigkeit\/\" data-auto-event-observed=\"true\">Termal ilet kenlikle ilgili blog yaz\u0131m\u0131zda<\/a>, bunun bilimsel arka plan\u0131n\u0131 ve bu y\u00f6ntemleri kapsamak i\u00e7in hangi \u00f6l\u00e7\u00fcm cihazlar\u0131n\u0131n kullan\u0131ld\u0131\u011f\u0131n\u0131 a\u00e7\u0131kl\u0131yoruz. <\/p>\t\t\t\t\t\t\t\t<\/div>\n\t\t\t\t<\/div>\n\t\t\t\t<\/div>\n\t\t\t\t\t<\/div>\n\t\t\t\t<\/div>\n\t\t\t\t<\/div>\n\t\t","protected":false},"excerpt":{"rendered":"<p>Termal iletkenlik Birim [W\/m*K] ile termal iletkenlik \u03bb Bir kat\u0131 veya s\u0131v\u0131n\u0131n termal iletkenli\u011fi, termal enerjiyi \u0131s\u0131 \u015feklinde ta\u015f\u0131ma kabiliyetidir. \u03bb = Termal iletkenlik [W\/m*K]\u03b1 = Termal dif\u00fczivite [mm\u00b2\/s]Cp = \u00d6zg\u00fcl \u0131s\u0131 kapasitesi [J\/g*K]\u03c1 = Yo\u011funluk [g\/cm\u00b3] (Spesifik) termal iletkenlik Kelvin ve metre ba\u015f\u0131na watt cinsinden verilir ve s\u0131cakl\u0131\u011fa ba\u011fl\u0131 bir malzeme sabitidir. Termal iletkenlik, [&hellip;]<\/p>\n","protected":false},"author":5,"featured_media":0,"parent":113363,"menu_order":0,"comment_status":"closed","ping_status":"closed","template":"","meta":{"_acf_changed":false,"inline_featured_image":false,"footnotes":""},"class_list":["post-113436","page","type-page","status-publish","hentry"],"acf":[],"_links":{"self":[{"href":"https:\/\/www.linseis.com\/tr\/wp-json\/wp\/v2\/pages\/113436","targetHints":{"allow":["GET"]}}],"collection":[{"href":"https:\/\/www.linseis.com\/tr\/wp-json\/wp\/v2\/pages"}],"about":[{"href":"https:\/\/www.linseis.com\/tr\/wp-json\/wp\/v2\/types\/page"}],"author":[{"embeddable":true,"href":"https:\/\/www.linseis.com\/tr\/wp-json\/wp\/v2\/users\/5"}],"replies":[{"embeddable":true,"href":"https:\/\/www.linseis.com\/tr\/wp-json\/wp\/v2\/comments?post=113436"}],"version-history":[{"count":0,"href":"https:\/\/www.linseis.com\/tr\/wp-json\/wp\/v2\/pages\/113436\/revisions"}],"up":[{"embeddable":true,"href":"https:\/\/www.linseis.com\/tr\/wp-json\/wp\/v2\/pages\/113363"}],"wp:attachment":[{"href":"https:\/\/www.linseis.com\/tr\/wp-json\/wp\/v2\/media?parent=113436"}],"curies":[{"name":"wp","href":"https:\/\/api.w.org\/{rel}","templated":true}]}}