{"id":113426,"date":"2024-07-25T03:38:29","date_gmt":"2024-07-25T01:38:29","guid":{"rendered":"https:\/\/www.linseis.com\/oelcuelen-degiskenler\/termal-difuezivite\/"},"modified":"2026-01-23T11:34:22","modified_gmt":"2026-01-23T10:34:22","slug":"termal-difuezivite","status":"publish","type":"page","link":"https:\/\/www.linseis.com\/tr\/oelcuelen-degiskenler\/termal-difuezivite\/","title":{"rendered":"Termal dif\u00fczivite"},"content":{"rendered":"\t\t<div data-elementor-type=\"wp-post\" data-elementor-id=\"113426\" class=\"elementor elementor-113426 elementor-20539\" data-elementor-post-type=\"page\">\n\t\t\t\t<div class=\"elementor-element elementor-element-a3549cf e-flex e-con-boxed e-con e-parent\" data-id=\"a3549cf\" data-element_type=\"container\" data-e-type=\"container\" data-settings=\"{&quot;background_background&quot;:&quot;classic&quot;}\">\n\t\t\t\t\t<div class=\"e-con-inner\">\n\t\t\t\t<div class=\"elementor-element elementor-element-ac41c94 elementor-widget elementor-widget-image\" data-id=\"ac41c94\" data-element_type=\"widget\" data-e-type=\"widget\" data-widget_type=\"image.default\">\n\t\t\t\t<div class=\"elementor-widget-container\">\n\t\t\t\t\t\t\t\t\t\t\t\t\t\t\t<img fetchpriority=\"high\" decoding=\"async\" width=\"800\" height=\"800\" src=\"https:\/\/www.linseis.com\/wp-content\/uploads\/2024\/06\/linseis_scale-top-1.svg\" class=\"attachment-large size-large wp-image-123864\" alt=\"\" \/>\t\t\t\t\t\t\t\t\t\t\t\t\t\t\t<\/div>\n\t\t\t\t<\/div>\n\t\t<div class=\"elementor-element elementor-element-a7b7feb e-con-full e-flex e-con e-child\" data-id=\"a7b7feb\" data-element_type=\"container\" data-e-type=\"container\">\n\t\t<div class=\"elementor-element elementor-element-6100945 e-con-full e-flex e-con e-child\" data-id=\"6100945\" data-element_type=\"container\" data-e-type=\"container\">\n\t\t\t\t<div class=\"elementor-element elementor-element-cc1182c elementor-invisible elementor-widget elementor-widget-heading\" data-id=\"cc1182c\" data-element_type=\"widget\" data-e-type=\"widget\" data-settings=\"{&quot;_animation&quot;:&quot;fadeInUp&quot;,&quot;_animation_delay&quot;:250}\" data-widget_type=\"heading.default\">\n\t\t\t\t<div class=\"elementor-widget-container\">\n\t\t\t\t\t<h1 class=\"elementor-heading-title elementor-size-default\"><b>\n\nTermal dif\u00fczivite\n<\/b><\/h1>\t\t\t\t<\/div>\n\t\t\t\t<\/div>\n\t\t\t\t<\/div>\n\t\t<div class=\"elementor-element elementor-element-6d91a43 e-con-full e-flex e-con e-child\" data-id=\"6d91a43\" data-element_type=\"container\" data-e-type=\"container\">\n\t\t\t\t<div class=\"elementor-element elementor-element-9413374 elementor-widget elementor-widget-n-carousel\" data-id=\"9413374\" data-element_type=\"widget\" data-e-type=\"widget\" data-settings=\"{&quot;carousel_items&quot;:[{&quot;slide_title&quot;:&quot;Produkt 1&quot;,&quot;_id&quot;:&quot;d6fbcdb&quot;}],&quot;slides_to_show&quot;:&quot;1&quot;,&quot;slides_to_scroll&quot;:&quot;2&quot;,&quot;autoplay_speed&quot;:2000,&quot;slides_to_show_tablet&quot;:&quot;1&quot;,&quot;slides_to_show_mobile&quot;:&quot;1&quot;,&quot;autoplay&quot;:&quot;yes&quot;,&quot;pause_on_hover&quot;:&quot;yes&quot;,&quot;pause_on_interaction&quot;:&quot;yes&quot;,&quot;infinite&quot;:&quot;yes&quot;,&quot;speed&quot;:500,&quot;offset_sides&quot;:&quot;none&quot;,&quot;image_spacing_custom&quot;:{&quot;unit&quot;:&quot;px&quot;,&quot;size&quot;:10,&quot;sizes&quot;:[]},&quot;image_spacing_custom_tablet&quot;:{&quot;unit&quot;:&quot;px&quot;,&quot;size&quot;:&quot;&quot;,&quot;sizes&quot;:[]},&quot;image_spacing_custom_mobile&quot;:{&quot;unit&quot;:&quot;px&quot;,&quot;size&quot;:&quot;&quot;,&quot;sizes&quot;:[]}}\" data-widget_type=\"nested-carousel.default\">\n\t\t\t\t<div class=\"elementor-widget-container\">\n\t\t\t\t\t\t\t<div class=\"e-n-carousel swiper\" role=\"region\" aria-roledescription=\"carousel\" aria-label=\"Karussell\" dir=\"ltr\">\n\t\t\t<div class=\"swiper-wrapper\" aria-live=\"off\">\n\t\t\t\t\t\t\t\t\t\t<div class=\"swiper-slide\" data-slide=\"1\" role=\"group\" aria-roledescription=\"slide\" aria-label=\"1 of 1\">\n\t\t\t\t\t\t\t<div class=\"elementor-element elementor-element-44441f5 e-flex e-con-boxed e-con e-child\" data-id=\"44441f5\" data-element_type=\"container\" data-e-type=\"container\">\n\t\t\t\t\t<div class=\"e-con-inner\">\n\t\t\t\t<div class=\"elementor-element elementor-element-4103051 elementor-widget__width-initial elementor-invisible elementor-widget elementor-widget-image\" data-id=\"4103051\" data-element_type=\"widget\" data-e-type=\"widget\" data-settings=\"{&quot;_animation&quot;:&quot;fadeInUp&quot;}\" data-widget_type=\"image.default\">\n\t\t\t\t<div class=\"elementor-widget-container\">\n\t\t\t\t\t\t\t\t\t\t\t\t\t\t\t<img decoding=\"async\" width=\"800\" height=\"800\" src=\"https:\/\/www.linseis.com\/wp-content\/uploads\/2024\/07\/Linseis-Icons_Linien-weiss_Temperaturleitfaehigkeit-1024x1024.png\" class=\"attachment-large size-large wp-image-21956\" alt=\"\" srcset=\"https:\/\/www.linseis.com\/wp-content\/uploads\/2024\/07\/Linseis-Icons_Linien-weiss_Temperaturleitfaehigkeit-1024x1024.png 1024w, https:\/\/www.linseis.com\/wp-content\/uploads\/2024\/07\/Linseis-Icons_Linien-weiss_Temperaturleitfaehigkeit-300x300.png 300w, https:\/\/www.linseis.com\/wp-content\/uploads\/2024\/07\/Linseis-Icons_Linien-weiss_Temperaturleitfaehigkeit-150x150.png 150w, https:\/\/www.linseis.com\/wp-content\/uploads\/2024\/07\/Linseis-Icons_Linien-weiss_Temperaturleitfaehigkeit-768x768.png 768w, https:\/\/www.linseis.com\/wp-content\/uploads\/2024\/07\/Linseis-Icons_Linien-weiss_Temperaturleitfaehigkeit-1536x1536.png 1536w, https:\/\/www.linseis.com\/wp-content\/uploads\/2024\/07\/Linseis-Icons_Linien-weiss_Temperaturleitfaehigkeit-2048x2048.png 2048w\" sizes=\"(max-width: 800px) 100vw, 800px\" \/>\t\t\t\t\t\t\t\t\t\t\t\t\t\t\t<\/div>\n\t\t\t\t<\/div>\n\t\t\t\t\t<\/div>\n\t\t\t\t<\/div>\n\t\t\t\t\t\t\t\t<\/div>\n\t\t\t\t\t\t\t\t<\/div>\n\t\t<\/div>\n\t\t\t\t\t\t<\/div>\n\t\t\t\t<\/div>\n\t\t\t\t<\/div>\n\t\t\t\t<\/div>\n\t\t\t\t<div class=\"elementor-element elementor-element-b4a6800 elementor-widget elementor-widget-image\" data-id=\"b4a6800\" data-element_type=\"widget\" data-e-type=\"widget\" data-widget_type=\"image.default\">\n\t\t\t\t<div class=\"elementor-widget-container\">\n\t\t\t\t\t\t\t\t\t\t\t\t\t\t\t<img decoding=\"async\" width=\"800\" height=\"800\" src=\"https:\/\/www.linseis.com\/wp-content\/uploads\/2024\/06\/linseis_scale-bottom-1.svg\" class=\"attachment-large size-large wp-image-123873\" alt=\"\" \/>\t\t\t\t\t\t\t\t\t\t\t\t\t\t\t<\/div>\n\t\t\t\t<\/div>\n\t\t\t\t\t<\/div>\n\t\t\t\t<\/div>\n\t\t<div class=\"elementor-element elementor-element-7c8d6cc e-flex e-con-boxed e-con e-parent\" data-id=\"7c8d6cc\" data-element_type=\"container\" data-e-type=\"container\" data-settings=\"{&quot;background_background&quot;:&quot;classic&quot;}\">\n\t\t\t\t\t<div class=\"e-con-inner\">\n\t\t\t\t\t<\/div>\n\t\t\t\t<\/div>\n\t\t<div class=\"elementor-element elementor-element-d7b7522 e-flex e-con-boxed e-con e-parent\" data-id=\"d7b7522\" data-element_type=\"container\" data-e-type=\"container\" data-settings=\"{&quot;background_background&quot;:&quot;classic&quot;}\">\n\t\t\t\t\t<div class=\"e-con-inner\">\n\t\t<div class=\"elementor-element elementor-element-449b6fd e-con-full e-flex e-con e-child\" data-id=\"449b6fd\" data-element_type=\"container\" data-e-type=\"container\">\n\t\t\t\t<div class=\"elementor-element elementor-element-031217d elementor-invisible elementor-widget elementor-widget-wp-widget-bcn_widget\" data-id=\"031217d\" data-element_type=\"widget\" data-e-type=\"widget\" data-settings=\"{&quot;_animation&quot;:&quot;fadeInUp&quot;}\" data-widget_type=\"wp-widget-bcn_widget.default\">\n\t\t\t\t<div class=\"elementor-widget-container\">\n\t\t\t\t\t<div class=\"breadcrumbs\" vocab=\"https:\/\/schema.org\/\" typeof=\"BreadcrumbList\"><span property=\"itemListElement\" typeof=\"ListItem\"><a property=\"item\" typeof=\"WebPage\" title=\"Go to Linseis.\" href=\"https:\/\/www.linseis.com\/tr\/\" class=\"home\" aria-current=\"page\"><span property=\"name\">Linseis<\/span><\/a><meta property=\"position\" content=\"1\"><\/span><\/div>\t\t\t\t<\/div>\n\t\t\t\t<\/div>\n\t\t\t\t<\/div>\n\t\t\t\t\t<\/div>\n\t\t\t\t<\/div>\n\t\t<div class=\"elementor-element elementor-element-ed98f58 e-flex e-con-boxed e-con e-parent\" data-id=\"ed98f58\" data-element_type=\"container\" data-e-type=\"container\" data-settings=\"{&quot;background_background&quot;:&quot;classic&quot;}\">\n\t\t\t\t\t<div class=\"e-con-inner\">\n\t\t<div class=\"elementor-element elementor-element-bbc47b3 e-con-full e-flex e-con e-child\" data-id=\"bbc47b3\" data-element_type=\"container\" data-e-type=\"container\">\n\t\t\t\t<div class=\"elementor-element elementor-element-71a1ec4 elementor-invisible elementor-widget elementor-widget-text-editor\" data-id=\"71a1ec4\" data-element_type=\"widget\" data-e-type=\"widget\" data-settings=\"{&quot;_animation&quot;:&quot;fadeInUp&quot;,&quot;_animation_delay&quot;:500}\" data-widget_type=\"text-editor.default\">\n\t\t\t\t<div class=\"elementor-widget-container\">\n\t\t\t\t\t\t\t\t\t<h2>Termal dif\u00fczivite [m\u00b2\/s]<br>&#8211; termofiziksel bir parametre<\/h2>\t\t\t\t\t\t\t\t<\/div>\n\t\t\t\t<\/div>\n\t\t\t\t<div class=\"elementor-element elementor-element-32d9053 elementor-widget elementor-widget-text-editor\" data-id=\"32d9053\" data-element_type=\"widget\" data-e-type=\"widget\" data-widget_type=\"text-editor.default\">\n\t\t\t\t<div class=\"elementor-widget-container\">\n\t\t\t\t\t\t\t\t\t<p>Bir maddenin s\u0131cakl\u0131k de\u011fi\u015fimlerine tepki verme h\u0131z\u0131, \u0131s\u0131l iletkenli\u011fine, yo\u011funlu\u011funa ve \u00f6zg\u00fcl \u0131s\u0131 kapasitesine ba\u011fl\u0131d\u0131r.<\/p><p><img loading=\"lazy\" decoding=\"async\" class=\"wp-image-55678 size-medium aligncenter\" src=\"https:\/\/www.linseis.com\/wp-content\/uploads\/2024\/09\/Formel-Waerme-und-Temperaturleitfaehigkeit-300x56.png\" alt=\"\" width=\"300\" height=\"56\" srcset=\"https:\/\/www.linseis.com\/wp-content\/uploads\/2024\/09\/Formel-Waerme-und-Temperaturleitfaehigkeit-300x56.png 300w, https:\/\/www.linseis.com\/wp-content\/uploads\/2024\/09\/Formel-Waerme-und-Temperaturleitfaehigkeit.png 463w\" sizes=\"(max-width: 300px) 100vw, 300px\" \/><\/p><p>\u03bb = Termal iletkenlik [W\/m*K]<br>\u03b1 = Termal dif\u00fczivite [mm\u00b2\/s]<br><sub>Cp<\/sub> = \u00d6zg\u00fcl \u0131s\u0131 kapasitesi [J\/g*K]<br><span id=\"MathJax-Span-275\" class=\"mrow\"><span id=\"MathJax-Span-276\" class=\"mi\">\u03c1 = Yo\u011funluk [g\/cm\u00b3]<\/span><\/span><\/p><p> <\/p><p>Termal iletkenlik, \u0131s\u0131n\u0131n bir malzeme boyunca ne kadar h\u0131zl\u0131 yay\u0131ld\u0131\u011f\u0131n\u0131 belirler.<\/p><p>\u00d6zg\u00fcl \u0131s\u0131 kapasitesi, bu \u0131s\u0131n\u0131n ne kadar\u0131n\u0131n malzemede depoland\u0131\u011f\u0131n\u0131 g\u00f6sterir.<\/p><p>Yo\u011funluk, metrek\u00fcp ba\u015f\u0131na ne kadar malzeme bulundu\u011funu dikkate al\u0131r.<\/p><p><strong>Bu ili\u015fkiler termal dif\u00fczivite ile tan\u0131mlan\u0131r.<\/strong><\/p><p>Bu malzeme miktar\u0131, \u0131s\u0131l iletkenlik ile \u00f6zg\u00fcl \u0131s\u0131 kapasitesi ve yo\u011funlu\u011fun \u00e7arp\u0131m\u0131n\u0131n b\u00f6l\u00fcm\u00fcne e\u015fittir.<strong> \u00d6l\u00e7\u00fc birimi [m\u00b2\/s] bu form\u00fclden hesaplan\u0131r<\/strong>.<\/p>\t\t\t\t\t\t\t\t<\/div>\n\t\t\t\t<\/div>\n\t\t\t\t<\/div>\n\t\t\t\t\t<\/div>\n\t\t\t\t<\/div>\n\t\t<div class=\"elementor-element elementor-element-3473d73 e-flex e-con-boxed elementor-invisible e-con e-parent\" data-id=\"3473d73\" data-element_type=\"container\" data-e-type=\"container\" data-settings=\"{&quot;animation&quot;:&quot;fadeInUp&quot;}\">\n\t\t\t\t\t<div class=\"e-con-inner\">\n\t\t\t\t<div class=\"elementor-element elementor-element-11f930b elementor-widget elementor-widget-image\" data-id=\"11f930b\" data-element_type=\"widget\" data-e-type=\"widget\" data-widget_type=\"image.default\">\n\t\t\t\t<div class=\"elementor-widget-container\">\n\t\t\t\t\t\t\t\t\t\t\t\t\t\t\t<img loading=\"lazy\" decoding=\"async\" width=\"800\" height=\"382\" src=\"https:\/\/www.linseis.com\/wp-content\/uploads\/2024\/07\/Temperaturleitfaehigkeit-Titelbild-1024x489.png\" class=\"attachment-large size-large wp-image-113427\" alt=\"Temperaturleitf\u00e4higkeit einer Wand\" srcset=\"https:\/\/www.linseis.com\/wp-content\/uploads\/2024\/07\/Temperaturleitfaehigkeit-Titelbild-1024x489.png 1024w, https:\/\/www.linseis.com\/wp-content\/uploads\/2024\/07\/Temperaturleitfaehigkeit-Titelbild-300x143.png 300w, https:\/\/www.linseis.com\/wp-content\/uploads\/2024\/07\/Temperaturleitfaehigkeit-Titelbild-768x366.png 768w, https:\/\/www.linseis.com\/wp-content\/uploads\/2024\/07\/Temperaturleitfaehigkeit-Titelbild-1536x733.png 1536w, https:\/\/www.linseis.com\/wp-content\/uploads\/2024\/07\/Temperaturleitfaehigkeit-Titelbild.png 1920w\" sizes=\"(max-width: 800px) 100vw, 800px\" \/>\t\t\t\t\t\t\t\t\t\t\t\t\t\t\t<\/div>\n\t\t\t\t<\/div>\n\t\t\t\t\t<\/div>\n\t\t\t\t<\/div>\n\t\t<div class=\"elementor-element elementor-element-8801439 e-flex e-con-boxed elementor-invisible e-con e-parent\" data-id=\"8801439\" data-element_type=\"container\" data-e-type=\"container\" data-settings=\"{&quot;background_background&quot;:&quot;classic&quot;,&quot;animation&quot;:&quot;fadeInUp&quot;}\">\n\t\t\t\t\t<div class=\"e-con-inner\">\n\t\t<div class=\"elementor-element elementor-element-4fda86f e-con-full e-flex e-con e-child\" data-id=\"4fda86f\" data-element_type=\"container\" data-e-type=\"container\">\n\t\t\t\t<div class=\"elementor-element elementor-element-34d74a1 elementor-widget elementor-widget-text-editor\" data-id=\"34d74a1\" data-element_type=\"widget\" data-e-type=\"widget\" data-widget_type=\"text-editor.default\">\n\t\t\t\t<div class=\"elementor-widget-container\">\n\t\t\t\t\t\t\t\t\t<p>Termal dif\u00fczivite, \u0131s\u0131tma ve so\u011futma s\u00fcre\u00e7lerini, ya\u015fam alanlar\u0131ndaki s\u0131cakl\u0131k de\u011fi\u015fimlerini ve bina bile\u015fenlerindeki termal gerilimleri de\u011ferlendirmek i\u00e7in gereklidir.<\/p><p>\u00d6rne\u011fin, yang\u0131n\u0131n yay\u0131lmas\u0131n\u0131 \u00f6nlemeye y\u00f6nelik <strong>yap\u0131sal tesisatlar\u0131n s\u0131n\u0131fland\u0131r\u0131lmas\u0131nda<\/strong> anahtar rakam <strong>\u00f6nemli<\/strong> bir <strong>kriterdir<\/strong>.<\/p><p>Malzemelerde h\u0131zl\u0131 s\u0131cakl\u0131k dengelemesi gerekiyorsa, y\u00fcksek termal iletkenli\u011fe sahip malzemeler avantajl\u0131d\u0131r. Bunlar aras\u0131nda metaller ve grafit say\u0131labilir. Bu malzemeler \u00f6rne\u011fin s\u0131cakl\u0131k \u00f6l\u00e7\u00fcm cihazlar\u0131nda ve s\u0131cakl\u0131k kontrol cihazlar\u0131nda kullan\u0131l\u0131r.  <\/p><p>Metal olmayanlar s\u0131cakl\u0131\u011f\u0131 \u00f6nemli \u00f6l\u00e7\u00fcde daha az iyi iletir. Di\u011fer \u015feylerin yan\u0131 s\u0131ra rejenerat\u00f6rlerde \u0131s\u0131 depolama i\u00e7in uygundurlar. <\/p><p>Termal dif\u00fcziviteyi \u00f6l\u00e7mek i\u00e7in, bir malzeme \u00f6rne\u011fi sabit, farkl\u0131 s\u0131cakl\u0131klara sahip iki eleman aras\u0131na yerle\u015ftirilir ve \u00f6rnekteki yerel ve zamansal s\u0131cakl\u0131k e\u011frisi analiz edilir.<\/p><p>Bu unsurlar \u00f6rne\u011fin LINSEIS&#8217;te bulunabilir <g id=\"gid_0\"><g id=\"gid_1\">Is\u0131 Ak\u0131\u015f \u00d6l\u00e7er<\/g><\/g>. \u00c7ok ince katmanlar i\u00e7in hassas \u00f6l\u00e7\u00fcm verileri <strong><a href=\"https:\/\/www.linseis.com\/messgeraete\/elektrische-eigenschaft\/duennschichtanalyse\/tf-lfa-l54\/\" data-auto-event-observed=\"true\"><b>TF-LFA &#8211; LaserFlash<\/b><\/a> <\/strong>lazer \u0131\u015f\u0131nlar\u0131 temelinde \u00e7al\u0131\u015fan ince filmler i\u00e7in.  <\/p><p>Linseis \u00f6l\u00e7\u00fcm cihazlar\u0131, birlikte verilen yaz\u0131l\u0131m temelinde termal iletkenli\u011fi, termal dif\u00fcziviteyi ve \u00f6zg\u00fcl \u0131s\u0131 kapasitesini e\u015fzamanl\u0131 olarak belirler.<\/p>\t\t\t\t\t\t\t\t<\/div>\n\t\t\t\t<\/div>\n\t\t\t\t<\/div>\n\t\t\t\t\t<\/div>\n\t\t\t\t<\/div>\n\t\t\t\t<\/div>\n\t\t","protected":false},"excerpt":{"rendered":"<p>Termal dif\u00fczivite Termal dif\u00fczivite [m\u00b2\/s]&#8211; termofiziksel bir parametre Bir maddenin s\u0131cakl\u0131k de\u011fi\u015fimlerine tepki verme h\u0131z\u0131, \u0131s\u0131l iletkenli\u011fine, yo\u011funlu\u011funa ve \u00f6zg\u00fcl \u0131s\u0131 kapasitesine ba\u011fl\u0131d\u0131r. \u03bb = Termal iletkenlik [W\/m*K]\u03b1 = Termal dif\u00fczivite [mm\u00b2\/s]Cp = \u00d6zg\u00fcl \u0131s\u0131 kapasitesi [J\/g*K]\u03c1 = Yo\u011funluk [g\/cm\u00b3] Termal iletkenlik, \u0131s\u0131n\u0131n bir malzeme boyunca ne kadar h\u0131zl\u0131 yay\u0131ld\u0131\u011f\u0131n\u0131 belirler. \u00d6zg\u00fcl \u0131s\u0131 kapasitesi, bu [&hellip;]<\/p>\n","protected":false},"author":5,"featured_media":0,"parent":113363,"menu_order":0,"comment_status":"closed","ping_status":"closed","template":"","meta":{"_acf_changed":false,"inline_featured_image":false,"footnotes":""},"class_list":["post-113426","page","type-page","status-publish","hentry"],"acf":[],"_links":{"self":[{"href":"https:\/\/www.linseis.com\/tr\/wp-json\/wp\/v2\/pages\/113426","targetHints":{"allow":["GET"]}}],"collection":[{"href":"https:\/\/www.linseis.com\/tr\/wp-json\/wp\/v2\/pages"}],"about":[{"href":"https:\/\/www.linseis.com\/tr\/wp-json\/wp\/v2\/types\/page"}],"author":[{"embeddable":true,"href":"https:\/\/www.linseis.com\/tr\/wp-json\/wp\/v2\/users\/5"}],"replies":[{"embeddable":true,"href":"https:\/\/www.linseis.com\/tr\/wp-json\/wp\/v2\/comments?post=113426"}],"version-history":[{"count":0,"href":"https:\/\/www.linseis.com\/tr\/wp-json\/wp\/v2\/pages\/113426\/revisions"}],"up":[{"embeddable":true,"href":"https:\/\/www.linseis.com\/tr\/wp-json\/wp\/v2\/pages\/113363"}],"wp:attachment":[{"href":"https:\/\/www.linseis.com\/tr\/wp-json\/wp\/v2\/media?parent=113426"}],"curies":[{"name":"wp","href":"https:\/\/api.w.org\/{rel}","templated":true}]}}