{"id":113422,"date":"2024-07-25T03:26:07","date_gmt":"2024-07-25T01:26:07","guid":{"rendered":"https:\/\/www.linseis.com\/oelcuelen-degiskenler\/oezguel-isi-kapasitesi\/"},"modified":"2026-01-23T11:34:12","modified_gmt":"2026-01-23T10:34:12","slug":"oezguel-isi-kapasitesi","status":"publish","type":"page","link":"https:\/\/www.linseis.com\/tr\/oelcuelen-degiskenler\/oezguel-isi-kapasitesi\/","title":{"rendered":"\u00d6zg\u00fcl \u0131s\u0131 kapasitesi"},"content":{"rendered":"\t\t<div data-elementor-type=\"wp-post\" data-elementor-id=\"113422\" class=\"elementor elementor-113422 elementor-20514\" data-elementor-post-type=\"page\">\n\t\t\t\t<div class=\"elementor-element elementor-element-a3549cf e-flex e-con-boxed e-con e-parent\" data-id=\"a3549cf\" data-element_type=\"container\" data-e-type=\"container\" data-settings=\"{&quot;background_background&quot;:&quot;classic&quot;}\">\n\t\t\t\t\t<div class=\"e-con-inner\">\n\t\t\t\t<div class=\"elementor-element elementor-element-ac41c94 elementor-widget elementor-widget-image\" data-id=\"ac41c94\" data-element_type=\"widget\" data-e-type=\"widget\" data-widget_type=\"image.default\">\n\t\t\t\t<div class=\"elementor-widget-container\">\n\t\t\t\t\t\t\t\t\t\t\t\t\t\t\t<img fetchpriority=\"high\" decoding=\"async\" width=\"800\" height=\"800\" src=\"https:\/\/www.linseis.com\/wp-content\/uploads\/2024\/06\/linseis_scale-top-1.svg\" class=\"attachment-large size-large wp-image-123864\" alt=\"\" \/>\t\t\t\t\t\t\t\t\t\t\t\t\t\t\t<\/div>\n\t\t\t\t<\/div>\n\t\t<div class=\"elementor-element elementor-element-a7b7feb e-con-full e-flex e-con e-child\" data-id=\"a7b7feb\" data-element_type=\"container\" data-e-type=\"container\">\n\t\t<div class=\"elementor-element elementor-element-6100945 e-con-full e-flex e-con e-child\" data-id=\"6100945\" data-element_type=\"container\" data-e-type=\"container\">\n\t\t\t\t<div class=\"elementor-element elementor-element-cc1182c elementor-invisible elementor-widget elementor-widget-heading\" data-id=\"cc1182c\" data-element_type=\"widget\" data-e-type=\"widget\" data-settings=\"{&quot;_animation&quot;:&quot;fadeInUp&quot;,&quot;_animation_delay&quot;:250}\" data-widget_type=\"heading.default\">\n\t\t\t\t<div class=\"elementor-widget-container\">\n\t\t\t\t\t<h1 class=\"elementor-heading-title elementor-size-default\"><b>\n\n\u00d6zg\u00fcl \u0131s\u0131 kapasitesi\n\n<\/b><\/h1>\t\t\t\t<\/div>\n\t\t\t\t<\/div>\n\t\t\t\t<\/div>\n\t\t<div class=\"elementor-element elementor-element-6d91a43 e-con-full e-flex e-con e-child\" data-id=\"6d91a43\" data-element_type=\"container\" data-e-type=\"container\">\n\t\t\t\t<div class=\"elementor-element elementor-element-9413374 elementor-widget elementor-widget-n-carousel\" data-id=\"9413374\" data-element_type=\"widget\" data-e-type=\"widget\" data-settings=\"{&quot;carousel_items&quot;:[{&quot;slide_title&quot;:&quot;Produkt 1&quot;,&quot;_id&quot;:&quot;d6fbcdb&quot;}],&quot;slides_to_show&quot;:&quot;1&quot;,&quot;slides_to_scroll&quot;:&quot;2&quot;,&quot;autoplay_speed&quot;:2000,&quot;slides_to_show_tablet&quot;:&quot;1&quot;,&quot;slides_to_show_mobile&quot;:&quot;1&quot;,&quot;autoplay&quot;:&quot;yes&quot;,&quot;pause_on_hover&quot;:&quot;yes&quot;,&quot;pause_on_interaction&quot;:&quot;yes&quot;,&quot;infinite&quot;:&quot;yes&quot;,&quot;speed&quot;:500,&quot;offset_sides&quot;:&quot;none&quot;,&quot;image_spacing_custom&quot;:{&quot;unit&quot;:&quot;px&quot;,&quot;size&quot;:10,&quot;sizes&quot;:[]},&quot;image_spacing_custom_tablet&quot;:{&quot;unit&quot;:&quot;px&quot;,&quot;size&quot;:&quot;&quot;,&quot;sizes&quot;:[]},&quot;image_spacing_custom_mobile&quot;:{&quot;unit&quot;:&quot;px&quot;,&quot;size&quot;:&quot;&quot;,&quot;sizes&quot;:[]}}\" data-widget_type=\"nested-carousel.default\">\n\t\t\t\t<div class=\"elementor-widget-container\">\n\t\t\t\t\t\t\t<div class=\"e-n-carousel swiper\" role=\"region\" aria-roledescription=\"carousel\" aria-label=\"Karussell\" dir=\"ltr\">\n\t\t\t<div class=\"swiper-wrapper\" aria-live=\"off\">\n\t\t\t\t\t\t\t\t\t\t<div class=\"swiper-slide\" data-slide=\"1\" role=\"group\" aria-roledescription=\"slide\" aria-label=\"1 of 1\">\n\t\t\t\t\t\t\t<div class=\"elementor-element elementor-element-44441f5 e-flex e-con-boxed e-con e-child\" data-id=\"44441f5\" data-element_type=\"container\" data-e-type=\"container\">\n\t\t\t\t\t<div class=\"e-con-inner\">\n\t\t\t\t<div class=\"elementor-element elementor-element-4103051 elementor-widget__width-initial elementor-invisible elementor-widget elementor-widget-image\" data-id=\"4103051\" data-element_type=\"widget\" data-e-type=\"widget\" data-settings=\"{&quot;_animation&quot;:&quot;fadeInUp&quot;}\" data-widget_type=\"image.default\">\n\t\t\t\t<div class=\"elementor-widget-container\">\n\t\t\t\t\t\t\t\t\t\t\t\t\t\t\t<img decoding=\"async\" width=\"800\" height=\"800\" src=\"https:\/\/www.linseis.com\/wp-content\/uploads\/2024\/07\/Linseis-Icons_Linien-weiss_Spez.Waermekapazitaet-1024x1024.png\" class=\"attachment-large size-large wp-image-21949\" alt=\"\" srcset=\"https:\/\/www.linseis.com\/wp-content\/uploads\/2024\/07\/Linseis-Icons_Linien-weiss_Spez.Waermekapazitaet-1024x1024.png 1024w, https:\/\/www.linseis.com\/wp-content\/uploads\/2024\/07\/Linseis-Icons_Linien-weiss_Spez.Waermekapazitaet-300x300.png 300w, https:\/\/www.linseis.com\/wp-content\/uploads\/2024\/07\/Linseis-Icons_Linien-weiss_Spez.Waermekapazitaet-150x150.png 150w, https:\/\/www.linseis.com\/wp-content\/uploads\/2024\/07\/Linseis-Icons_Linien-weiss_Spez.Waermekapazitaet-768x768.png 768w, https:\/\/www.linseis.com\/wp-content\/uploads\/2024\/07\/Linseis-Icons_Linien-weiss_Spez.Waermekapazitaet-1536x1536.png 1536w, https:\/\/www.linseis.com\/wp-content\/uploads\/2024\/07\/Linseis-Icons_Linien-weiss_Spez.Waermekapazitaet-2048x2048.png 2048w\" sizes=\"(max-width: 800px) 100vw, 800px\" \/>\t\t\t\t\t\t\t\t\t\t\t\t\t\t\t<\/div>\n\t\t\t\t<\/div>\n\t\t\t\t\t<\/div>\n\t\t\t\t<\/div>\n\t\t\t\t\t\t\t\t<\/div>\n\t\t\t\t\t\t\t\t<\/div>\n\t\t<\/div>\n\t\t\t\t\t\t<\/div>\n\t\t\t\t<\/div>\n\t\t\t\t<\/div>\n\t\t\t\t<\/div>\n\t\t\t\t<div class=\"elementor-element elementor-element-b4a6800 elementor-widget elementor-widget-image\" data-id=\"b4a6800\" data-element_type=\"widget\" data-e-type=\"widget\" data-widget_type=\"image.default\">\n\t\t\t\t<div class=\"elementor-widget-container\">\n\t\t\t\t\t\t\t\t\t\t\t\t\t\t\t<img decoding=\"async\" width=\"800\" height=\"800\" src=\"https:\/\/www.linseis.com\/wp-content\/uploads\/2024\/06\/linseis_scale-bottom-1.svg\" class=\"attachment-large size-large wp-image-123873\" alt=\"\" \/>\t\t\t\t\t\t\t\t\t\t\t\t\t\t\t<\/div>\n\t\t\t\t<\/div>\n\t\t\t\t\t<\/div>\n\t\t\t\t<\/div>\n\t\t<div class=\"elementor-element elementor-element-7c8d6cc e-flex e-con-boxed e-con e-parent\" data-id=\"7c8d6cc\" data-element_type=\"container\" data-e-type=\"container\" data-settings=\"{&quot;background_background&quot;:&quot;classic&quot;}\">\n\t\t\t\t\t<div class=\"e-con-inner\">\n\t\t\t\t\t<\/div>\n\t\t\t\t<\/div>\n\t\t<div class=\"elementor-element elementor-element-d7b7522 e-flex e-con-boxed e-con e-parent\" data-id=\"d7b7522\" data-element_type=\"container\" data-e-type=\"container\" data-settings=\"{&quot;background_background&quot;:&quot;classic&quot;}\">\n\t\t\t\t\t<div class=\"e-con-inner\">\n\t\t<div class=\"elementor-element elementor-element-449b6fd e-con-full e-flex e-con e-child\" data-id=\"449b6fd\" data-element_type=\"container\" data-e-type=\"container\">\n\t\t\t\t<div class=\"elementor-element elementor-element-031217d elementor-invisible elementor-widget elementor-widget-wp-widget-bcn_widget\" data-id=\"031217d\" data-element_type=\"widget\" data-e-type=\"widget\" data-settings=\"{&quot;_animation&quot;:&quot;fadeInUp&quot;}\" data-widget_type=\"wp-widget-bcn_widget.default\">\n\t\t\t\t<div class=\"elementor-widget-container\">\n\t\t\t\t\t<div class=\"breadcrumbs\" vocab=\"https:\/\/schema.org\/\" typeof=\"BreadcrumbList\"><span property=\"itemListElement\" typeof=\"ListItem\"><a property=\"item\" typeof=\"WebPage\" title=\"Go to Linseis.\" href=\"https:\/\/www.linseis.com\/tr\/\" class=\"home\" aria-current=\"page\"><span property=\"name\">Linseis<\/span><\/a><meta property=\"position\" content=\"1\"><\/span><\/div>\t\t\t\t<\/div>\n\t\t\t\t<\/div>\n\t\t\t\t<\/div>\n\t\t\t\t\t<\/div>\n\t\t\t\t<\/div>\n\t\t<div class=\"elementor-element elementor-element-ed98f58 e-flex e-con-boxed e-con e-parent\" data-id=\"ed98f58\" data-element_type=\"container\" data-e-type=\"container\" data-settings=\"{&quot;background_background&quot;:&quot;classic&quot;}\">\n\t\t\t\t\t<div class=\"e-con-inner\">\n\t\t<div class=\"elementor-element elementor-element-bbc47b3 e-con-full e-flex e-con e-child\" data-id=\"bbc47b3\" data-element_type=\"container\" data-e-type=\"container\">\n\t\t\t\t<div class=\"elementor-element elementor-element-71a1ec4 elementor-invisible elementor-widget elementor-widget-text-editor\" data-id=\"71a1ec4\" data-element_type=\"widget\" data-e-type=\"widget\" data-settings=\"{&quot;_animation&quot;:&quot;fadeInUp&quot;,&quot;_animation_delay&quot;:500}\" data-widget_type=\"text-editor.default\">\n\t\t\t\t<div class=\"elementor-widget-container\">\n\t\t\t\t\t\t\t\t\t<h2>\u00d6zg\u00fcl \u0131s\u0131 kapasitesi (Cp) &#8211; termal analiz i\u00e7in bir parametre<\/h2>\t\t\t\t\t\t\t\t<\/div>\n\t\t\t\t<\/div>\n\t\t\t\t<div class=\"elementor-element elementor-element-32d9053 elementor-widget elementor-widget-text-editor\" data-id=\"32d9053\" data-element_type=\"widget\" data-e-type=\"widget\" data-widget_type=\"text-editor.default\">\n\t\t\t\t<div class=\"elementor-widget-container\">\n\t\t\t\t\t\t\t\t\t<p>\u00d6zg\u00fcl \u0131s\u0131 kapasitesi, bir maddenin \u0131s\u0131 depolama yetene\u011fini g\u00f6sterir. Bu malzeme parametresi, bir maddenin belirli bir miktar\u0131n\u0131 bir Kelvin \u0131s\u0131tmak i\u00e7in gereken \u0131s\u0131 miktar\u0131na kar\u015f\u0131l\u0131k gelir. Her maddenin karakteristik \u00f6zelli\u011fidir ve malzemeleri tan\u0131mlamak i\u00e7in kullan\u0131labilir.  <\/p><p>\u00d6zg\u00fcl \u0131s\u0131 kapasitesi i\u00e7in \u00f6l\u00e7\u00fc birimi kilogram ba\u015f\u0131na kilojul \u00e7arp\u0131 Kelvin&#8217;dir [kJ\/(kg*K)].<\/p><p>Prensip olarak, sabit bas\u0131n\u00e7ta (cp) ve sabit hacimde (cv) s\u0131cakl\u0131k de\u011fi\u015fimi i\u00e7in \u00f6zg\u00fcl \u0131s\u0131 kapasitesi aras\u0131nda bir ayr\u0131m yap\u0131l\u0131r.<\/p><p>Sabit bas\u0131n\u00e7 alt\u0131nda \u0131s\u0131 tedariki ayn\u0131 anda hacimde bir art\u0131\u015fa neden olur ve bunun i\u00e7in enerjinin bir k\u0131sm\u0131 kullan\u0131l\u0131r.<\/p><p>Bu ayr\u0131m pratikte sadece gazlar ve buharlar s\u00f6z konusu oldu\u011funda \u00f6nemlidir.<\/p>\t\t\t\t\t\t\t\t<\/div>\n\t\t\t\t<\/div>\n\t\t\t\t<\/div>\n\t\t\t\t\t<\/div>\n\t\t\t\t<\/div>\n\t\t<div class=\"elementor-element elementor-element-3473d73 e-flex e-con-boxed elementor-invisible e-con e-parent\" data-id=\"3473d73\" data-element_type=\"container\" data-e-type=\"container\" data-settings=\"{&quot;animation&quot;:&quot;fadeInUp&quot;}\">\n\t\t\t\t\t<div class=\"e-con-inner\">\n\t\t\t\t<div class=\"elementor-element elementor-element-11f930b elementor-widget elementor-widget-image\" data-id=\"11f930b\" data-element_type=\"widget\" data-e-type=\"widget\" data-widget_type=\"image.default\">\n\t\t\t\t<div class=\"elementor-widget-container\">\n\t\t\t\t\t\t\t\t\t\t\t\t\t\t\t<img loading=\"lazy\" decoding=\"async\" width=\"1536\" height=\"733\" src=\"https:\/\/www.linseis.com\/wp-content\/uploads\/2024\/07\/Spezifische-Waermekapazitaet-Titelbild-1536x733.png\" class=\"attachment-1536x1536 size-1536x1536 wp-image-113424\" alt=\"Spezifische W\u00e4rmekapazit\u00e4t eines Metalls\" srcset=\"https:\/\/www.linseis.com\/wp-content\/uploads\/2024\/07\/Spezifische-Waermekapazitaet-Titelbild-1536x733.png 1536w, https:\/\/www.linseis.com\/wp-content\/uploads\/2024\/07\/Spezifische-Waermekapazitaet-Titelbild-300x143.png 300w, https:\/\/www.linseis.com\/wp-content\/uploads\/2024\/07\/Spezifische-Waermekapazitaet-Titelbild-1024x489.png 1024w, https:\/\/www.linseis.com\/wp-content\/uploads\/2024\/07\/Spezifische-Waermekapazitaet-Titelbild-768x366.png 768w, https:\/\/www.linseis.com\/wp-content\/uploads\/2024\/07\/Spezifische-Waermekapazitaet-Titelbild.png 1920w\" sizes=\"(max-width: 1536px) 100vw, 1536px\" \/>\t\t\t\t\t\t\t\t\t\t\t\t\t\t\t<\/div>\n\t\t\t\t<\/div>\n\t\t\t\t\t<\/div>\n\t\t\t\t<\/div>\n\t\t<div class=\"elementor-element elementor-element-8801439 e-flex e-con-boxed elementor-invisible e-con e-parent\" data-id=\"8801439\" data-element_type=\"container\" data-e-type=\"container\" data-settings=\"{&quot;background_background&quot;:&quot;classic&quot;,&quot;animation&quot;:&quot;fadeInUp&quot;}\">\n\t\t\t\t\t<div class=\"e-con-inner\">\n\t\t<div class=\"elementor-element elementor-element-4fda86f e-con-full e-flex e-con e-child\" data-id=\"4fda86f\" data-element_type=\"container\" data-e-type=\"container\">\n\t\t\t\t<div class=\"elementor-element elementor-element-34d74a1 elementor-widget elementor-widget-text-editor\" data-id=\"34d74a1\" data-element_type=\"widget\" data-e-type=\"widget\" data-widget_type=\"text-editor.default\">\n\t\t\t\t<div class=\"elementor-widget-container\">\n\t\t\t\t\t\t\t\t\t<p>Kat\u0131lar\u0131n \u00f6zg\u00fcl \u0131s\u0131 kapasitesi esas olarak in\u015faat sekt\u00f6r\u00fcnde yap\u0131 malzemelerinin davran\u0131\u015f\u0131n\u0131 de\u011ferlendirmek i\u00e7in kullan\u0131l\u0131r. <a href=\"https:\/\/www.linseis.com\/applikationen\/baustoffe\/\"><strong>yap\u0131 malzemesi<\/strong> <\/a>Davran\u0131\u015f.<\/p><p>Yaz aylar\u0131nda, y\u00fcksek termal kapasiteye sahip kuma\u015flar odalar\u0131 uzun s\u00fcre serin tutar. K\u0131\u015f\u0131n ise \u0131s\u0131n\u0131n binalarda daha uzun s\u00fcre tutulmas\u0131n\u0131 sa\u011flarlar. Is\u0131 depolama kapasitesi, soba ve kalorifer yap\u0131m\u0131nda malzeme se\u00e7iminin de temelini olu\u015fturur.  <\/p><p><strong>\u00d6zg\u00fcl \u0131s\u0131 kapasitesi ba\u015flang\u0131\u00e7ta \u0131s\u0131t\u0131lm\u0131\u015f bir malzeme \u00f6rne\u011finin suya dald\u0131r\u0131lmas\u0131yla \u00f6l\u00e7\u00fclm\u00fc\u015ft\u00fcr.<\/strong><\/p><p>S\u0131cakl\u0131k e\u015fitlemesinden sonra, numunenin \u00f6zg\u00fcl \u0131s\u0131s\u0131 testin ba\u015flang\u0131c\u0131 ve biti\u015fi aras\u0131ndaki s\u0131cakl\u0131k fark\u0131na g\u00f6re hesaplanm\u0131\u015ft\u0131r.<\/p><p>Deney d\u00fczene\u011finin \u0131s\u0131 kapasitesinin form\u00fclde dikkate al\u0131nmas\u0131 gerekti\u011finden, prosed\u00fcr biraz zahmetliydi.<\/p><p>Linseis&#8217;in modern \u00f6l\u00e7\u00fcm cihazlar\u0131m\u0131z <strong><a href=\"https:\/\/www.linseis.com\/messgeraete\/dsc-dynamische-differenz-kalorimetrie\/\">dinamik diferansiyel kalorimetri<\/a> (DSC)<\/strong> ve diferansiyel termal analiz temelinde \u00e7al\u0131\u015f\u0131r. <a href=\"https:\/\/www.linseis.com\/messgeraete\/differenz-thermoanalyse\/\"><strong>diferansiyel termal analiz<\/strong><\/a> <strong>(DTA)<\/strong>. Bu y\u00f6ntemler k\u0131sa s\u00fcrede y\u00fcksek do\u011frulukta \u00f6l\u00e7\u00fcm sonu\u00e7lar\u0131 sa\u011flar. \u00d6l\u00e7\u00fcmler geni\u015f bir s\u0131cakl\u0131k aral\u0131\u011f\u0131nda ger\u00e7ekle\u015ftirilebilir. Bu ayn\u0131 zamanda \u00f6zg\u00fcl \u0131s\u0131 kapasitesinin s\u0131cakl\u0131\u011fa ba\u011f\u0131ml\u0131l\u0131\u011f\u0131n\u0131n belirlenmesini sa\u011flar.   <\/p>\t\t\t\t\t\t\t\t<\/div>\n\t\t\t\t<\/div>\n\t\t\t\t<\/div>\n\t\t\t\t\t<\/div>\n\t\t\t\t<\/div>\n\t\t\t\t<\/div>\n\t\t","protected":false},"excerpt":{"rendered":"<p>\u00d6zg\u00fcl \u0131s\u0131 kapasitesi \u00d6zg\u00fcl \u0131s\u0131 kapasitesi (Cp) &#8211; termal analiz i\u00e7in bir parametre \u00d6zg\u00fcl \u0131s\u0131 kapasitesi, bir maddenin \u0131s\u0131 depolama yetene\u011fini g\u00f6sterir. Bu malzeme parametresi, bir maddenin belirli bir miktar\u0131n\u0131 bir Kelvin \u0131s\u0131tmak i\u00e7in gereken \u0131s\u0131 miktar\u0131na kar\u015f\u0131l\u0131k gelir. Her maddenin karakteristik \u00f6zelli\u011fidir ve malzemeleri tan\u0131mlamak i\u00e7in kullan\u0131labilir. \u00d6zg\u00fcl \u0131s\u0131 kapasitesi i\u00e7in \u00f6l\u00e7\u00fc birimi kilogram [&hellip;]<\/p>\n","protected":false},"author":5,"featured_media":0,"parent":113363,"menu_order":0,"comment_status":"closed","ping_status":"closed","template":"","meta":{"_acf_changed":false,"inline_featured_image":false,"footnotes":""},"class_list":["post-113422","page","type-page","status-publish","hentry"],"acf":[],"_links":{"self":[{"href":"https:\/\/www.linseis.com\/tr\/wp-json\/wp\/v2\/pages\/113422","targetHints":{"allow":["GET"]}}],"collection":[{"href":"https:\/\/www.linseis.com\/tr\/wp-json\/wp\/v2\/pages"}],"about":[{"href":"https:\/\/www.linseis.com\/tr\/wp-json\/wp\/v2\/types\/page"}],"author":[{"embeddable":true,"href":"https:\/\/www.linseis.com\/tr\/wp-json\/wp\/v2\/users\/5"}],"replies":[{"embeddable":true,"href":"https:\/\/www.linseis.com\/tr\/wp-json\/wp\/v2\/comments?post=113422"}],"version-history":[{"count":0,"href":"https:\/\/www.linseis.com\/tr\/wp-json\/wp\/v2\/pages\/113422\/revisions"}],"up":[{"embeddable":true,"href":"https:\/\/www.linseis.com\/tr\/wp-json\/wp\/v2\/pages\/113363"}],"wp:attachment":[{"href":"https:\/\/www.linseis.com\/tr\/wp-json\/wp\/v2\/media?parent=113422"}],"curies":[{"name":"wp","href":"https:\/\/api.w.org\/{rel}","templated":true}]}}