{"id":113375,"date":"2024-07-23T20:00:17","date_gmt":"2024-07-23T18:00:17","guid":{"rendered":"https:\/\/www.linseis.com\/oelcuelen-degiskenler\/elektriksel-iletkenlik\/"},"modified":"2026-01-23T11:32:10","modified_gmt":"2026-01-23T10:32:10","slug":"elektriksel-iletkenlik","status":"publish","type":"page","link":"https:\/\/www.linseis.com\/tr\/oelcuelen-degiskenler\/elektriksel-iletkenlik\/","title":{"rendered":"Elektriksel iletkenlik"},"content":{"rendered":"\t\t<div data-elementor-type=\"wp-post\" data-elementor-id=\"113375\" class=\"elementor elementor-113375 elementor-18759\" data-elementor-post-type=\"page\">\n\t\t\t\t<div class=\"elementor-element elementor-element-a3549cf e-flex e-con-boxed e-con e-parent\" data-id=\"a3549cf\" data-element_type=\"container\" data-e-type=\"container\" data-settings=\"{&quot;background_background&quot;:&quot;classic&quot;}\">\n\t\t\t\t\t<div class=\"e-con-inner\">\n\t\t\t\t<div class=\"elementor-element elementor-element-ac41c94 elementor-widget elementor-widget-image\" data-id=\"ac41c94\" data-element_type=\"widget\" data-e-type=\"widget\" data-widget_type=\"image.default\">\n\t\t\t\t<div class=\"elementor-widget-container\">\n\t\t\t\t\t\t\t\t\t\t\t\t\t\t\t<img fetchpriority=\"high\" decoding=\"async\" width=\"800\" height=\"800\" src=\"https:\/\/www.linseis.com\/wp-content\/uploads\/2024\/06\/linseis_scale-top-1.svg\" class=\"attachment-large size-large wp-image-123864\" alt=\"\" \/>\t\t\t\t\t\t\t\t\t\t\t\t\t\t\t<\/div>\n\t\t\t\t<\/div>\n\t\t<div class=\"elementor-element elementor-element-a7b7feb e-con-full e-flex e-con e-child\" data-id=\"a7b7feb\" data-element_type=\"container\" data-e-type=\"container\">\n\t\t<div class=\"elementor-element elementor-element-6100945 e-con-full e-flex e-con e-child\" data-id=\"6100945\" data-element_type=\"container\" data-e-type=\"container\">\n\t\t\t\t<div class=\"elementor-element elementor-element-cc1182c elementor-invisible elementor-widget elementor-widget-heading\" data-id=\"cc1182c\" data-element_type=\"widget\" data-e-type=\"widget\" data-settings=\"{&quot;_animation&quot;:&quot;fadeInUp&quot;,&quot;_animation_delay&quot;:250}\" data-widget_type=\"heading.default\">\n\t\t\t\t<div class=\"elementor-widget-container\">\n\t\t\t\t\t<h1 class=\"elementor-heading-title elementor-size-default\"><b>\nElektriksel iletkenlik\n<\/b><\/h1>\t\t\t\t<\/div>\n\t\t\t\t<\/div>\n\t\t\t\t<\/div>\n\t\t<div class=\"elementor-element elementor-element-6d91a43 e-con-full e-flex e-con e-child\" data-id=\"6d91a43\" data-element_type=\"container\" data-e-type=\"container\">\n\t\t\t\t<div class=\"elementor-element elementor-element-9413374 elementor-widget elementor-widget-n-carousel\" data-id=\"9413374\" data-element_type=\"widget\" data-e-type=\"widget\" data-settings=\"{&quot;carousel_items&quot;:[{&quot;slide_title&quot;:&quot;Produkt 1&quot;,&quot;_id&quot;:&quot;d6fbcdb&quot;}],&quot;slides_to_show&quot;:&quot;1&quot;,&quot;slides_to_scroll&quot;:&quot;2&quot;,&quot;autoplay_speed&quot;:2000,&quot;slides_to_show_tablet&quot;:&quot;1&quot;,&quot;slides_to_show_mobile&quot;:&quot;1&quot;,&quot;autoplay&quot;:&quot;yes&quot;,&quot;pause_on_hover&quot;:&quot;yes&quot;,&quot;pause_on_interaction&quot;:&quot;yes&quot;,&quot;infinite&quot;:&quot;yes&quot;,&quot;speed&quot;:500,&quot;offset_sides&quot;:&quot;none&quot;,&quot;image_spacing_custom&quot;:{&quot;unit&quot;:&quot;px&quot;,&quot;size&quot;:10,&quot;sizes&quot;:[]},&quot;image_spacing_custom_tablet&quot;:{&quot;unit&quot;:&quot;px&quot;,&quot;size&quot;:&quot;&quot;,&quot;sizes&quot;:[]},&quot;image_spacing_custom_mobile&quot;:{&quot;unit&quot;:&quot;px&quot;,&quot;size&quot;:&quot;&quot;,&quot;sizes&quot;:[]}}\" data-widget_type=\"nested-carousel.default\">\n\t\t\t\t<div class=\"elementor-widget-container\">\n\t\t\t\t\t\t\t<div class=\"e-n-carousel swiper\" role=\"region\" aria-roledescription=\"carousel\" aria-label=\"Karussell\" dir=\"ltr\">\n\t\t\t<div class=\"swiper-wrapper\" aria-live=\"off\">\n\t\t\t\t\t\t\t\t\t\t<div class=\"swiper-slide\" data-slide=\"1\" role=\"group\" aria-roledescription=\"slide\" aria-label=\"1 of 1\">\n\t\t\t\t\t\t\t<div class=\"elementor-element elementor-element-44441f5 e-flex e-con-boxed e-con e-child\" data-id=\"44441f5\" data-element_type=\"container\" data-e-type=\"container\">\n\t\t\t\t\t<div class=\"e-con-inner\">\n\t\t<div class=\"elementor-element elementor-element-7f9e1eb e-con-full e-flex e-con e-child\" data-id=\"7f9e1eb\" data-element_type=\"container\" data-e-type=\"container\">\n\t\t\t\t<div class=\"elementor-element elementor-element-bd49001 elementor-widget__width-initial elementor-invisible elementor-widget elementor-widget-image\" data-id=\"bd49001\" data-element_type=\"widget\" data-e-type=\"widget\" data-settings=\"{&quot;_animation&quot;:&quot;fadeInUp&quot;}\" data-widget_type=\"image.default\">\n\t\t\t\t<div class=\"elementor-widget-container\">\n\t\t\t\t\t\t\t\t\t\t\t\t\t\t\t<img decoding=\"async\" width=\"800\" height=\"800\" src=\"https:\/\/www.linseis.com\/wp-content\/uploads\/2024\/07\/Linseis-Icons_Linien-weiss_Zeichenflaeche-1-Kopie-89-1024x1024.png\" class=\"attachment-large size-large wp-image-24347\" alt=\"\" srcset=\"https:\/\/www.linseis.com\/wp-content\/uploads\/2024\/07\/Linseis-Icons_Linien-weiss_Zeichenflaeche-1-Kopie-89-1024x1024.png 1024w, https:\/\/www.linseis.com\/wp-content\/uploads\/2024\/07\/Linseis-Icons_Linien-weiss_Zeichenflaeche-1-Kopie-89-300x300.png 300w, https:\/\/www.linseis.com\/wp-content\/uploads\/2024\/07\/Linseis-Icons_Linien-weiss_Zeichenflaeche-1-Kopie-89-150x150.png 150w, https:\/\/www.linseis.com\/wp-content\/uploads\/2024\/07\/Linseis-Icons_Linien-weiss_Zeichenflaeche-1-Kopie-89-768x768.png 768w, https:\/\/www.linseis.com\/wp-content\/uploads\/2024\/07\/Linseis-Icons_Linien-weiss_Zeichenflaeche-1-Kopie-89-1536x1536.png 1536w, https:\/\/www.linseis.com\/wp-content\/uploads\/2024\/07\/Linseis-Icons_Linien-weiss_Zeichenflaeche-1-Kopie-89-2048x2048.png 2048w\" sizes=\"(max-width: 800px) 100vw, 800px\" \/>\t\t\t\t\t\t\t\t\t\t\t\t\t\t\t<\/div>\n\t\t\t\t<\/div>\n\t\t\t\t<\/div>\n\t\t\t\t\t<\/div>\n\t\t\t\t<\/div>\n\t\t\t\t\t\t\t\t<\/div>\n\t\t\t\t\t\t\t\t<\/div>\n\t\t<\/div>\n\t\t\t\t\t\t<\/div>\n\t\t\t\t<\/div>\n\t\t\t\t<\/div>\n\t\t\t\t<\/div>\n\t\t\t\t<div class=\"elementor-element elementor-element-b4a6800 elementor-widget elementor-widget-image\" data-id=\"b4a6800\" data-element_type=\"widget\" data-e-type=\"widget\" data-widget_type=\"image.default\">\n\t\t\t\t<div class=\"elementor-widget-container\">\n\t\t\t\t\t\t\t\t\t\t\t\t\t\t\t<img decoding=\"async\" width=\"800\" height=\"800\" src=\"https:\/\/www.linseis.com\/wp-content\/uploads\/2024\/06\/linseis_scale-bottom-1.svg\" class=\"attachment-large size-large wp-image-123873\" alt=\"\" \/>\t\t\t\t\t\t\t\t\t\t\t\t\t\t\t<\/div>\n\t\t\t\t<\/div>\n\t\t\t\t\t<\/div>\n\t\t\t\t<\/div>\n\t\t<div class=\"elementor-element elementor-element-7c8d6cc e-flex e-con-boxed e-con e-parent\" data-id=\"7c8d6cc\" data-element_type=\"container\" data-e-type=\"container\" data-settings=\"{&quot;background_background&quot;:&quot;classic&quot;}\">\n\t\t\t\t\t<div class=\"e-con-inner\">\n\t\t\t\t\t<\/div>\n\t\t\t\t<\/div>\n\t\t<div class=\"elementor-element elementor-element-d7b7522 e-flex e-con-boxed e-con e-parent\" data-id=\"d7b7522\" data-element_type=\"container\" data-e-type=\"container\" data-settings=\"{&quot;background_background&quot;:&quot;classic&quot;}\">\n\t\t\t\t\t<div class=\"e-con-inner\">\n\t\t<div class=\"elementor-element elementor-element-449b6fd e-con-full e-flex e-con e-child\" data-id=\"449b6fd\" data-element_type=\"container\" data-e-type=\"container\">\n\t\t\t\t<div class=\"elementor-element elementor-element-031217d elementor-invisible elementor-widget elementor-widget-wp-widget-bcn_widget\" data-id=\"031217d\" data-element_type=\"widget\" data-e-type=\"widget\" data-settings=\"{&quot;_animation&quot;:&quot;fadeInUp&quot;}\" data-widget_type=\"wp-widget-bcn_widget.default\">\n\t\t\t\t<div class=\"elementor-widget-container\">\n\t\t\t\t\t<div class=\"breadcrumbs\" vocab=\"https:\/\/schema.org\/\" typeof=\"BreadcrumbList\"><span property=\"itemListElement\" typeof=\"ListItem\"><a property=\"item\" typeof=\"WebPage\" title=\"Go to Linseis.\" href=\"https:\/\/www.linseis.com\/tr\/\" class=\"home\" aria-current=\"page\"><span property=\"name\">Linseis<\/span><\/a><meta property=\"position\" content=\"1\"><\/span><\/div>\t\t\t\t<\/div>\n\t\t\t\t<\/div>\n\t\t\t\t<\/div>\n\t\t\t\t\t<\/div>\n\t\t\t\t<\/div>\n\t\t<div class=\"elementor-element elementor-element-ed98f58 e-flex e-con-boxed e-con e-parent\" data-id=\"ed98f58\" data-element_type=\"container\" data-e-type=\"container\" data-settings=\"{&quot;background_background&quot;:&quot;classic&quot;}\">\n\t\t\t\t\t<div class=\"e-con-inner\">\n\t\t<div class=\"elementor-element elementor-element-bbc47b3 e-con-full e-flex e-con e-child\" data-id=\"bbc47b3\" data-element_type=\"container\" data-e-type=\"container\">\n\t\t\t\t<div class=\"elementor-element elementor-element-71a1ec4 elementor-invisible elementor-widget elementor-widget-text-editor\" data-id=\"71a1ec4\" data-element_type=\"widget\" data-e-type=\"widget\" data-settings=\"{&quot;_animation&quot;:&quot;fadeInUp&quot;,&quot;_animation_delay&quot;:500}\" data-widget_type=\"text-editor.default\">\n\t\t\t\t<div class=\"elementor-widget-container\">\n\t\t\t\t\t\t\t\t\t<h2>Elektriksel iletkenlik &#8211; termofiziksel \u00f6l\u00e7\u00fcm<\/h2><p>Elektriksel iletkenlik, bir maddenin elektrik ak\u0131m\u0131n\u0131 ne \u00f6l\u00e7\u00fcde iletti\u011fini tan\u0131mlayan fiziksel bir niceliktir. Bir maddenin ila\u00e7 olarak kullan\u0131l\u0131p kullan\u0131lamayaca\u011f\u0131n\u0131 belirler. <a href=\"https:\/\/www.linseis.com\/applikationen\/baustoffe\/\"><strong>yal\u0131tkan <\/strong><\/a>ya da bir <strong><a href=\"https:\/\/www.linseis.com\/applikationen\/halbleiter-elektro\/\">elektrik iletkeni<\/a><\/strong> uygundur. Maddeleri tan\u0131mlamak i\u00e7in de kullan\u0131l\u0131r.  <\/p>\t\t\t\t\t\t\t\t<\/div>\n\t\t\t\t<\/div>\n\t\t\t\t<div class=\"elementor-element elementor-element-32d9053 elementor-widget elementor-widget-text-editor\" data-id=\"32d9053\" data-element_type=\"widget\" data-e-type=\"widget\" data-widget_type=\"text-editor.default\">\n\t\t\t\t<div class=\"elementor-widget-container\">\n\t\t\t\t\t\t\t\t\t<p>Elektrik ak\u0131m\u0131 hareketli y\u00fck ta\u015f\u0131y\u0131c\u0131lar\u0131ndan olu\u015fur. \u0130ki kutup aras\u0131ndaki voltaj fark\u0131ndan kaynaklan\u0131r. <\/p><p>Belirli bir voltajda akan elektrik ak\u0131m\u0131n\u0131n g\u00fcc\u00fc, kutuplar aras\u0131ndaki malzemeye ba\u011fl\u0131d\u0131r. Ak\u0131m (I) ve voltaj\u0131n (U) b\u00f6l\u00fcm\u00fc elektrik iletkenli\u011fi (G) olarak bilinir. <\/p><p><strong>G=I\/U<\/strong><\/p><p>Elektrik iletkenli\u011fi hem malzeme \u00f6zelliklerine hem de malzemenin boyutlar\u0131na ba\u011fl\u0131d\u0131r.<\/p><p>Kesit alan\u0131 ne kadar b\u00fcy\u00fck ve kutuplar aras\u0131ndaki mesafe ne kadar k\u0131sa olursa, o kadar fazla ak\u0131m akar.<\/p><p>Malzeme hakk\u0131nda genel olarak ge\u00e7erli ifadeler i\u00e7in, boyutlara olan ba\u011f\u0131ml\u0131l\u0131k hari\u00e7 tutulmal\u0131d\u0131r.<\/p><p>Bu, iletkenli\u011fin (G) kesit alan\u0131 (A) ve mesafe (l) ile ili\u015fkilendirilmesiyle yap\u0131l\u0131r. Bu da bir maddenin elektrik iletkenli\u011fi (sigma) ile sonu\u00e7lan\u0131r. <\/p><p><strong>Sigma=G*l\/A<\/strong><\/p><p>Elektrik iletkenli\u011fi i\u00e7in \u00f6l\u00e7\u00fc birimi <strong>metre ba\u015f\u0131na Siemens&#8217;tir [S\/m]<\/strong>.<\/p><p>&#8220;Elektrik direnci&#8221; terimi iletkenli\u011fin kar\u015f\u0131l\u0131\u011f\u0131n\u0131 ifade eder. Spesifik elektrik direnci iletkenli\u011fin kar\u015f\u0131l\u0131\u011f\u0131d\u0131r. <\/p><p>\u0130letkenlik, tan\u0131mlanm\u0131\u015f ko\u015fullar alt\u0131nda belirli bir voltajda \u00fcretilen ak\u0131m\u0131n \u00f6l\u00e7\u00fclmesiyle dolayl\u0131 olarak \u00f6l\u00e7\u00fcl\u00fcr.<\/p><p>\u00d6l\u00e7\u00fcm cihazlar\u0131, belirlenen ak\u0131m\u0131 cihaz sabitleri yard\u0131m\u0131yla d\u00f6n\u00fc\u015ft\u00fcrerek do\u011frudan de\u011fer sa\u011flar.<\/p><p>Elektrik iletkenli\u011finin s\u0131cakl\u0131\u011fa ba\u011fl\u0131 oldu\u011fu g\u00f6z \u00f6n\u00fcnde bulundurulmal\u0131d\u0131r. Elektriksel b\u00fcy\u00fckl\u00fckler ve s\u0131cakl\u0131k aras\u0131ndaki ili\u015fki termoelektrikte daha ayr\u0131nt\u0131l\u0131 olarak analiz edilmektedir. <\/p>\t\t\t\t\t\t\t\t<\/div>\n\t\t\t\t<\/div>\n\t\t\t\t<\/div>\n\t\t\t\t\t<\/div>\n\t\t\t\t<\/div>\n\t\t<div class=\"elementor-element elementor-element-3473d73 e-flex e-con-boxed elementor-invisible e-con e-parent\" data-id=\"3473d73\" data-element_type=\"container\" data-e-type=\"container\" data-settings=\"{&quot;animation&quot;:&quot;fadeInUp&quot;}\">\n\t\t\t\t\t<div class=\"e-con-inner\">\n\t\t\t\t<div class=\"elementor-element elementor-element-11f930b elementor-widget elementor-widget-image\" data-id=\"11f930b\" data-element_type=\"widget\" data-e-type=\"widget\" data-widget_type=\"image.default\">\n\t\t\t\t<div class=\"elementor-widget-container\">\n\t\t\t\t\t\t\t\t\t\t\t\t\t\t\t<img loading=\"lazy\" decoding=\"async\" width=\"800\" height=\"382\" src=\"https:\/\/www.linseis.com\/wp-content\/uploads\/2024\/07\/Elektrische-Leitfaehigkeit-Titelbild-1024x489.png\" class=\"attachment-large size-large wp-image-113369\" alt=\"Elektrische Leitf\u00e4higkeit\" srcset=\"https:\/\/www.linseis.com\/wp-content\/uploads\/2024\/07\/Elektrische-Leitfaehigkeit-Titelbild-1024x489.png 1024w, https:\/\/www.linseis.com\/wp-content\/uploads\/2024\/07\/Elektrische-Leitfaehigkeit-Titelbild-300x143.png 300w, https:\/\/www.linseis.com\/wp-content\/uploads\/2024\/07\/Elektrische-Leitfaehigkeit-Titelbild-768x366.png 768w, https:\/\/www.linseis.com\/wp-content\/uploads\/2024\/07\/Elektrische-Leitfaehigkeit-Titelbild-1536x733.png 1536w, https:\/\/www.linseis.com\/wp-content\/uploads\/2024\/07\/Elektrische-Leitfaehigkeit-Titelbild.png 1920w\" sizes=\"(max-width: 800px) 100vw, 800px\" \/>\t\t\t\t\t\t\t\t\t\t\t\t\t\t\t<\/div>\n\t\t\t\t<\/div>\n\t\t\t\t\t<\/div>\n\t\t\t\t<\/div>\n\t\t<div class=\"elementor-element elementor-element-50adb82 e-flex e-con-boxed e-con e-parent\" data-id=\"50adb82\" data-element_type=\"container\" data-e-type=\"container\" data-settings=\"{&quot;background_background&quot;:&quot;classic&quot;}\">\n\t\t\t\t\t<div class=\"e-con-inner\">\n\t\t<div class=\"elementor-element elementor-element-cad4e8f e-con-full e-flex e-con e-child\" data-id=\"cad4e8f\" data-element_type=\"container\" data-e-type=\"container\">\n\t\t\t\t<div class=\"elementor-element elementor-element-b17a273 elementor-widget elementor-widget-shortcode\" data-id=\"b17a273\" data-element_type=\"widget\" data-e-type=\"widget\" data-widget_type=\"shortcode.default\">\n\t\t\t\t<div class=\"elementor-widget-container\">\n\t\t\t\t\t\t\t<div class=\"elementor-shortcode\"><script type=\"application\/ld+json\">{\n  \"@context\": \"https:\/\/schema.org\",\n  \"@type\": \"FAQPage\",\n  \"mainEntity\": {\n    \"@type\": \"Question\",\n    \"name\": \"Wie funktioniert elektrische Leitf\u00e4higkeit?\",\n    \"acceptedAnswer\": {\n      \"@type\": \"Answer\",\n      \"text\": \"Der elektrische Strom besteht aus bewegten Ladungstr\u00e4gern. Er wird durch einen Spannungsunterschied zwischen zwei Polen verursacht. Vom Material zwischen den Polen h\u00e4ngt die St\u00e4rke des elektrischen Stroms ab, der bei einer gegebenen Spannung flie\u00dft. Der Quotient aus Stromst\u00e4rke (I) und Spannung (U) wird als elektrischer Leitwert (G) bezeichnet.\"\n    }\n  }\n}\n<\/script><\/div>\n\t\t\t\t\t\t<\/div>\n\t\t\t\t<\/div>\n\t\t\t\t<\/div>\n\t\t\t\t\t<\/div>\n\t\t\t\t<\/div>\n\t\t\t\t<\/div>\n\t\t","protected":false},"excerpt":{"rendered":"<p>Elektriksel iletkenlik Elektriksel iletkenlik &#8211; termofiziksel \u00f6l\u00e7\u00fcm Elektriksel iletkenlik, bir maddenin elektrik ak\u0131m\u0131n\u0131 ne \u00f6l\u00e7\u00fcde iletti\u011fini tan\u0131mlayan fiziksel bir niceliktir. Bir maddenin ila\u00e7 olarak kullan\u0131l\u0131p kullan\u0131lamayaca\u011f\u0131n\u0131 belirler. yal\u0131tkan ya da bir elektrik iletkeni uygundur. Maddeleri tan\u0131mlamak i\u00e7in de kullan\u0131l\u0131r. Elektrik ak\u0131m\u0131 hareketli y\u00fck ta\u015f\u0131y\u0131c\u0131lar\u0131ndan olu\u015fur. \u0130ki kutup aras\u0131ndaki voltaj fark\u0131ndan kaynaklan\u0131r. Belirli bir voltajda akan [&hellip;]<\/p>\n","protected":false},"author":5,"featured_media":0,"parent":113363,"menu_order":0,"comment_status":"closed","ping_status":"closed","template":"","meta":{"_acf_changed":false,"inline_featured_image":false,"footnotes":""},"class_list":["post-113375","page","type-page","status-publish","hentry"],"acf":[],"_links":{"self":[{"href":"https:\/\/www.linseis.com\/tr\/wp-json\/wp\/v2\/pages\/113375","targetHints":{"allow":["GET"]}}],"collection":[{"href":"https:\/\/www.linseis.com\/tr\/wp-json\/wp\/v2\/pages"}],"about":[{"href":"https:\/\/www.linseis.com\/tr\/wp-json\/wp\/v2\/types\/page"}],"author":[{"embeddable":true,"href":"https:\/\/www.linseis.com\/tr\/wp-json\/wp\/v2\/users\/5"}],"replies":[{"embeddable":true,"href":"https:\/\/www.linseis.com\/tr\/wp-json\/wp\/v2\/comments?post=113375"}],"version-history":[{"count":0,"href":"https:\/\/www.linseis.com\/tr\/wp-json\/wp\/v2\/pages\/113375\/revisions"}],"up":[{"embeddable":true,"href":"https:\/\/www.linseis.com\/tr\/wp-json\/wp\/v2\/pages\/113363"}],"wp:attachment":[{"href":"https:\/\/www.linseis.com\/tr\/wp-json\/wp\/v2\/media?parent=113375"}],"curies":[{"name":"wp","href":"https:\/\/api.w.org\/{rel}","templated":true}]}}