{"id":113373,"date":"2024-07-23T19:41:46","date_gmt":"2024-07-23T17:41:46","guid":{"rendered":"https:\/\/www.linseis.com\/oelcuelen-degiskenler\/elastikiyet-moduelue\/"},"modified":"2026-01-23T11:32:08","modified_gmt":"2026-01-23T10:32:08","slug":"elastikiyet-moduelue","status":"publish","type":"page","link":"https:\/\/www.linseis.com\/tr\/oelcuelen-degiskenler\/elastikiyet-moduelue\/","title":{"rendered":"Elastikiyet mod\u00fcl\u00fc"},"content":{"rendered":"\t\t<div data-elementor-type=\"wp-post\" data-elementor-id=\"113373\" class=\"elementor elementor-113373 elementor-18718\" data-elementor-post-type=\"page\">\n\t\t\t\t<div class=\"elementor-element elementor-element-a3549cf e-flex e-con-boxed e-con e-parent\" data-id=\"a3549cf\" data-element_type=\"container\" data-e-type=\"container\" data-settings=\"{&quot;background_background&quot;:&quot;classic&quot;}\">\n\t\t\t\t\t<div class=\"e-con-inner\">\n\t\t\t\t<div class=\"elementor-element elementor-element-ac41c94 elementor-widget elementor-widget-image\" data-id=\"ac41c94\" data-element_type=\"widget\" data-e-type=\"widget\" data-widget_type=\"image.default\">\n\t\t\t\t<div class=\"elementor-widget-container\">\n\t\t\t\t\t\t\t\t\t\t\t\t\t\t\t<img fetchpriority=\"high\" decoding=\"async\" width=\"800\" height=\"800\" src=\"https:\/\/www.linseis.com\/wp-content\/uploads\/2024\/06\/linseis_scale-top-1.svg\" class=\"attachment-large size-large wp-image-123864\" alt=\"\" \/>\t\t\t\t\t\t\t\t\t\t\t\t\t\t\t<\/div>\n\t\t\t\t<\/div>\n\t\t<div class=\"elementor-element elementor-element-a7b7feb e-con-full e-flex e-con e-child\" data-id=\"a7b7feb\" data-element_type=\"container\" data-e-type=\"container\">\n\t\t<div class=\"elementor-element elementor-element-6100945 e-con-full e-flex e-con e-child\" data-id=\"6100945\" data-element_type=\"container\" data-e-type=\"container\">\n\t\t\t\t<div class=\"elementor-element elementor-element-cc1182c elementor-invisible elementor-widget elementor-widget-heading\" data-id=\"cc1182c\" data-element_type=\"widget\" data-e-type=\"widget\" data-settings=\"{&quot;_animation&quot;:&quot;fadeInUp&quot;,&quot;_animation_delay&quot;:250}\" data-widget_type=\"heading.default\">\n\t\t\t\t<div class=\"elementor-widget-container\">\n\t\t\t\t\t<h1 class=\"elementor-heading-title elementor-size-default\"><b>\nElastikiyet mod\u00fcl\u00fc\n<\/b><\/h1>\t\t\t\t<\/div>\n\t\t\t\t<\/div>\n\t\t\t\t<\/div>\n\t\t<div class=\"elementor-element elementor-element-6d91a43 e-con-full e-flex e-con e-child\" data-id=\"6d91a43\" data-element_type=\"container\" data-e-type=\"container\">\n\t\t\t\t<div class=\"elementor-element elementor-element-d7d34fa elementor-widget__width-initial elementor-invisible elementor-widget elementor-widget-image\" data-id=\"d7d34fa\" data-element_type=\"widget\" data-e-type=\"widget\" data-settings=\"{&quot;_animation&quot;:&quot;fadeInUp&quot;}\" data-widget_type=\"image.default\">\n\t\t\t\t<div class=\"elementor-widget-container\">\n\t\t\t\t\t\t\t\t\t\t\t\t\t\t\t<img decoding=\"async\" width=\"800\" height=\"800\" src=\"https:\/\/www.linseis.com\/wp-content\/uploads\/2024\/07\/Linseis-Icons_Linien-weiss_Elastizitaetsmodul-1024x1024.png\" class=\"attachment-large size-large wp-image-21907\" alt=\"\" srcset=\"https:\/\/www.linseis.com\/wp-content\/uploads\/2024\/07\/Linseis-Icons_Linien-weiss_Elastizitaetsmodul-1024x1024.png 1024w, https:\/\/www.linseis.com\/wp-content\/uploads\/2024\/07\/Linseis-Icons_Linien-weiss_Elastizitaetsmodul-300x300.png 300w, https:\/\/www.linseis.com\/wp-content\/uploads\/2024\/07\/Linseis-Icons_Linien-weiss_Elastizitaetsmodul-150x150.png 150w, https:\/\/www.linseis.com\/wp-content\/uploads\/2024\/07\/Linseis-Icons_Linien-weiss_Elastizitaetsmodul-768x768.png 768w, https:\/\/www.linseis.com\/wp-content\/uploads\/2024\/07\/Linseis-Icons_Linien-weiss_Elastizitaetsmodul-1536x1536.png 1536w, https:\/\/www.linseis.com\/wp-content\/uploads\/2024\/07\/Linseis-Icons_Linien-weiss_Elastizitaetsmodul-2048x2048.png 2048w\" sizes=\"(max-width: 800px) 100vw, 800px\" \/>\t\t\t\t\t\t\t\t\t\t\t\t\t\t\t<\/div>\n\t\t\t\t<\/div>\n\t\t\t\t<\/div>\n\t\t\t\t<\/div>\n\t\t\t\t<div class=\"elementor-element elementor-element-b4a6800 elementor-widget elementor-widget-image\" data-id=\"b4a6800\" data-element_type=\"widget\" data-e-type=\"widget\" data-widget_type=\"image.default\">\n\t\t\t\t<div class=\"elementor-widget-container\">\n\t\t\t\t\t\t\t\t\t\t\t\t\t\t\t<img decoding=\"async\" width=\"800\" height=\"800\" src=\"https:\/\/www.linseis.com\/wp-content\/uploads\/2024\/06\/linseis_scale-bottom-1.svg\" class=\"attachment-large size-large wp-image-123873\" alt=\"\" \/>\t\t\t\t\t\t\t\t\t\t\t\t\t\t\t<\/div>\n\t\t\t\t<\/div>\n\t\t\t\t\t<\/div>\n\t\t\t\t<\/div>\n\t\t<div class=\"elementor-element elementor-element-7c8d6cc e-flex e-con-boxed e-con e-parent\" data-id=\"7c8d6cc\" data-element_type=\"container\" data-e-type=\"container\" data-settings=\"{&quot;background_background&quot;:&quot;classic&quot;}\">\n\t\t\t\t\t<div class=\"e-con-inner\">\n\t\t\t\t\t<\/div>\n\t\t\t\t<\/div>\n\t\t<div class=\"elementor-element elementor-element-d7b7522 e-flex e-con-boxed e-con e-parent\" data-id=\"d7b7522\" data-element_type=\"container\" data-e-type=\"container\" data-settings=\"{&quot;background_background&quot;:&quot;classic&quot;}\">\n\t\t\t\t\t<div class=\"e-con-inner\">\n\t\t<div class=\"elementor-element elementor-element-449b6fd e-con-full e-flex e-con e-child\" data-id=\"449b6fd\" data-element_type=\"container\" data-e-type=\"container\">\n\t\t\t\t<div class=\"elementor-element elementor-element-031217d elementor-invisible elementor-widget elementor-widget-wp-widget-bcn_widget\" data-id=\"031217d\" data-element_type=\"widget\" data-e-type=\"widget\" data-settings=\"{&quot;_animation&quot;:&quot;fadeInUp&quot;}\" data-widget_type=\"wp-widget-bcn_widget.default\">\n\t\t\t\t<div class=\"elementor-widget-container\">\n\t\t\t\t\t<div class=\"breadcrumbs\" vocab=\"https:\/\/schema.org\/\" typeof=\"BreadcrumbList\"><span property=\"itemListElement\" typeof=\"ListItem\"><a property=\"item\" typeof=\"WebPage\" title=\"Go to Linseis.\" href=\"https:\/\/www.linseis.com\/tr\/\" class=\"home\" aria-current=\"page\"><span property=\"name\">Linseis<\/span><\/a><meta property=\"position\" content=\"1\"><\/span><\/div>\t\t\t\t<\/div>\n\t\t\t\t<\/div>\n\t\t\t\t<\/div>\n\t\t\t\t\t<\/div>\n\t\t\t\t<\/div>\n\t\t<div class=\"elementor-element elementor-element-ed98f58 e-flex e-con-boxed e-con e-parent\" data-id=\"ed98f58\" data-element_type=\"container\" data-e-type=\"container\" data-settings=\"{&quot;background_background&quot;:&quot;classic&quot;}\">\n\t\t\t\t\t<div class=\"e-con-inner\">\n\t\t<div class=\"elementor-element elementor-element-bbc47b3 e-con-full e-flex e-con e-child\" data-id=\"bbc47b3\" data-element_type=\"container\" data-e-type=\"container\">\n\t\t\t\t<div class=\"elementor-element elementor-element-71a1ec4 elementor-invisible elementor-widget elementor-widget-text-editor\" data-id=\"71a1ec4\" data-element_type=\"widget\" data-e-type=\"widget\" data-settings=\"{&quot;_animation&quot;:&quot;fadeInUp&quot;,&quot;_animation_delay&quot;:500}\" data-widget_type=\"text-editor.default\">\n\t\t\t\t<div class=\"elementor-widget-container\">\n\t\t\t\t\t\t\t\t\t<h2>Elastisite mod\u00fcl\u00fc &#8211; termomekanik analizin bir parametresi<\/h2><p>Malzeme bilimi, kimya ve fizi\u011fin \u00f6z\u00fcnde, elastisite mod\u00fcl\u00fcn\u00fcn en temellerinden biri oldu\u011fu malzeme \u00f6zelliklerinin anla\u015f\u0131lmas\u0131 yer al\u0131r. Malzemelerin y\u00fck alt\u0131ndaki davran\u0131\u015flar\u0131n\u0131 yorumlamak i\u00e7in bilim insanlar\u0131n\u0131n bu parametreyi anlamas\u0131 \u00e7ok \u00f6nemlidir. <\/p>\t\t\t\t\t\t\t\t<\/div>\n\t\t\t\t<\/div>\n\t\t\t\t<div class=\"elementor-element elementor-element-32d9053 elementor-widget elementor-widget-text-editor\" data-id=\"32d9053\" data-element_type=\"widget\" data-e-type=\"widget\" data-widget_type=\"text-editor.default\">\n\t\t\t\t<div class=\"elementor-widget-container\">\n\t\t\t\t\t\t\t\t\t<h3>Elastisite mod\u00fcl\u00fc nedir?<\/h3><p>Elastisite mod\u00fcl\u00fc (esneklik mod\u00fcl\u00fc), bir malzemenin sertli\u011fini tan\u0131mlayan bir parametredir. Bir malzemenin harici bir \u00e7ekme kuvvetine nas\u0131l tepki verdi\u011fini g\u00f6sterir. <a href=\"https:\/\/www.linseis.com\/messgroessen\/laengenausdehnungskoeffizient\/\"><strong>uzunluk de\u011fi\u015fimi<\/strong> <\/a>harici bir gerilme kuvvetine tepki verir. <\/p><p><strong>Hooke yasas\u0131: Hooke yasas\u0131 temel olu\u015fturur ve elastikiyet s\u0131n\u0131r\u0131 a\u015f\u0131lmad\u0131\u011f\u0131 s\u00fcrece bir malzemedeki uzaman\u0131n uygulanan gerilimle orant\u0131l\u0131 oldu\u011funu belirtir.<\/strong><\/p><h3>\u00c7ekme gerilmesi \u00f6l\u00e7\u00fcm\u00fc<\/h3><p>Bilim ve m\u00fchendislik uygulamalar\u0131nda \u00e7ekme gerilimi, bir malzemenin y\u00fck alt\u0131ndaki davran\u0131\u015f\u0131n\u0131 tan\u0131mlayan kritik bir parametredir. D\u0131\u015far\u0131dan uygulanan kuvvetin malzemenin molek\u00fcler yap\u0131s\u0131n\u0131 nas\u0131l etkiledi\u011finin bir \u00f6l\u00e7\u00fcs\u00fcd\u00fcr. <\/p><h3>Voltaj\u0131n hesaplanmas\u0131:<\/h3><p>\u00c7ekme geriliminin hassas bir \u015fekilde belirlenmesi, bir malzemenin mukavemetini ve esnekli\u011fini de\u011ferlendirmek i\u00e7in \u00e7ok \u00f6nemlidir.<\/p><p><strong>Form\u00fcl<\/strong>: Stres (\u03c3) = kuvvet (F) \/ kesit alan\u0131 (A)<\/p><p><strong>Birim<\/strong>: Gerilim birimi Pascal&#8217;d\u0131r (Pa), burada 1 Pa = 1 N\/m\u00b2&#8217;dir.<\/p><h3>\u00c7ekme gerilmesi kavram\u0131:<\/h3><p><strong>Do\u011fru orant\u0131l\u0131l\u0131k<\/strong>: Bir malzemenin elastik aral\u0131\u011f\u0131 i\u00e7inde, \u00e7ekme gerilmesi Hooke yasas\u0131 ile g\u00f6sterilen gerilme ile do\u011fru orant\u0131l\u0131d\u0131r.<\/p><p><strong>Kritik y\u00fck<\/strong>: Malzemede geri d\u00f6n\u00fc\u015f\u00fc olmayan hasar\u0131 \u00f6nlemek i\u00e7in \u00e7ekme gerilmesi, elastik s\u0131n\u0131r olarak bilinen belirli bir s\u0131n\u0131r\u0131 a\u015fmamal\u0131d\u0131r.<\/p><h3>Gerilim \u00f6l\u00e7\u00fcm\u00fc uygulamas\u0131:<\/h3><p><strong>Tasar\u0131m ve g\u00fcvenlik<\/strong>: M\u00fchendisler, yap\u0131lar\u0131n ve malzemelerin do\u011fru \u015fekilde boyutland\u0131r\u0131lmas\u0131n\u0131 ve g\u00fcvenlik gereksinimlerini kar\u015f\u0131lamas\u0131n\u0131 sa\u011flamak i\u00e7in \u00e7ekme gerilimi bilgisini kullan\u0131r.<\/p><p><strong>Kalite kontrol<\/strong>: \u00dcretimde \u00e7ekme gerilmesi \u00f6l\u00e7\u00fcm\u00fc, malzeme spesifikasyonlar\u0131na uygunlu\u011fu kontrol etmek ve \u00fcr\u00fcnlerin tutarl\u0131l\u0131\u011f\u0131n\u0131 sa\u011flamak i\u00e7in kullan\u0131l\u0131r.<\/p>\t\t\t\t\t\t\t\t<\/div>\n\t\t\t\t<\/div>\n\t\t\t\t<div class=\"elementor-element elementor-element-6dcfcf4 elementor-widget elementor-widget-text-editor\" data-id=\"6dcfcf4\" data-element_type=\"widget\" data-e-type=\"widget\" data-widget_type=\"text-editor.default\">\n\t\t\t\t<div class=\"elementor-widget-container\">\n\t\t\t\t\t\t\t\t\t<p>\u00d6zetlemek gerekirse:<\/p><ul><li>\u00c7ekme gerilimi, harici bir kuvvet taraf\u0131ndan bir malzeme \u00fczerine yerle\u015ftirilen y\u00fck\u00fcn bir \u00f6l\u00e7\u00fcs\u00fcd\u00fcr.<\/li><li>Pascal (Pa) cinsinden \u00f6l\u00e7\u00fcl\u00fcr ve malzeme gerilimi hakk\u0131nda bilgi verir.<\/li><li>Hesaplama, kuvvetin kesit alan\u0131na b\u00f6l\u00fcnmesiyle yap\u0131l\u0131r.<\/li><li>\u00c7ekme gerilmesi bilgisi, malzemelerin tasar\u0131m\u0131, g\u00fcvenli\u011fi ve kalitesi i\u00e7in \u00e7ok \u00f6nemlidir.<\/li><\/ul>\t\t\t\t\t\t\t\t<\/div>\n\t\t\t\t<\/div>\n\t\t\t\t<\/div>\n\t\t\t\t\t<\/div>\n\t\t\t\t<\/div>\n\t\t<div class=\"elementor-element elementor-element-8801439 e-flex e-con-boxed e-con e-parent\" data-id=\"8801439\" data-element_type=\"container\" data-e-type=\"container\" data-settings=\"{&quot;background_background&quot;:&quot;classic&quot;}\">\n\t\t\t\t\t<div class=\"e-con-inner\">\n\t\t<div class=\"elementor-element elementor-element-4fda86f e-con-full e-flex e-con e-child\" data-id=\"4fda86f\" data-element_type=\"container\" data-e-type=\"container\">\n\t\t\t\t<div class=\"elementor-element elementor-element-fe6d621 elementor-invisible elementor-widget elementor-widget-text-editor\" data-id=\"fe6d621\" data-element_type=\"widget\" data-e-type=\"widget\" data-settings=\"{&quot;_animation&quot;:&quot;fadeInUp&quot;,&quot;_animation_delay&quot;:500}\" data-widget_type=\"text-editor.default\">\n\t\t\t\t<div class=\"elementor-widget-container\">\n\t\t\t\t\t\t\t\t\t<h2>Gerilme \u00f6l\u00e7\u00fcm\u00fc<\/h2><p>Gerinim, bir y\u00fcke maruz kald\u0131\u011f\u0131nda bir malzemenin deformasyonunun bir \u00f6l\u00e7\u00fcs\u00fcd\u00fcr. Malzeme biliminde, malzemelerin farkl\u0131 y\u00fck ko\u015fullar\u0131 alt\u0131ndaki davran\u0131\u015flar\u0131n\u0131 anlamaya yard\u0131mc\u0131 olan temel bir niceliktir. <\/p>\t\t\t\t\t\t\t\t<\/div>\n\t\t\t\t<\/div>\n\t\t\t\t<div class=\"elementor-element elementor-element-34d74a1 elementor-invisible elementor-widget elementor-widget-text-editor\" data-id=\"34d74a1\" data-element_type=\"widget\" data-e-type=\"widget\" data-settings=\"{&quot;_animation&quot;:&quot;fadeInUp&quot;,&quot;_animation_delay&quot;:500}\" data-widget_type=\"text-editor.default\">\n\t\t\t\t<div class=\"elementor-widget-container\">\n\t\t\t\t\t\t\t\t\t<h3>Uzaman\u0131n hesaplanmas\u0131:<\/h3><p>Uzaman\u0131n hassas bir \u015fekilde hesaplanmas\u0131, bir malzemenin elastikiyetini ve plastisitesini anlamak i\u00e7in \u00e7ok \u00f6nemlidir.<\/p><p>Form\u00fcl: Uzama (\u03b5) = \u0394L \/ L\u2080<br>Burada:<br>\u0394L = uzunluktaki de\u011fi\u015fim<br>L\u2080 = orijinal uzunluk<br>Birim: Uzama boyutsuz bir niceliktir ve genellikle y\u00fczde (%) veya saf ondal\u0131k say\u0131 olarak verilir.<\/p><p> <\/p><h3>Gerilmeyi anlamak:<\/h3><p><strong>Elastik ve plastik gerinim:<\/strong> Gerinim, elastik bir aral\u0131k (tersinir gerinim) ve plastik bir aral\u0131k (tersinmez gerinim) olarak ikiye ayr\u0131labilir.<\/p><p><br><strong>Gerinim limitleri:<\/strong> Malzemelerin oransal limit, elastik limit ve kopma uzamas\u0131 gibi belirli gerilme limitleri vard\u0131r.<\/p><h3>Gerinim \u00f6l\u00e7\u00fcm y\u00f6ntemleri:<\/h3><p><strong>Mekanik ekstansometreler:<\/strong> Bu cihazlar uzunluktaki de\u011fi\u015fimi fiziksel olarak \u00f6l\u00e7er ve \u00e7ekme testi s\u0131ras\u0131nda numuneye ba\u011flan\u0131r.<\/p><p><br><strong>Optik y\u00f6ntemler:<\/strong> Dijital g\u00f6r\u00fcnt\u00fc korelasyonu (DIC) gibi modern y\u00f6ntemler, gerinimin temass\u0131z ve hassas bir \u015fekilde kaydedilmesini sa\u011flar.<\/p><h3>Uygulama alanlar\u0131:<\/h3><p><strong>Malzeme testi:<\/strong> Gerinim \u00f6l\u00e7\u00fcmleri, bir malzemenin mekanik \u00f6zelliklerini karakterize etmek i\u00e7in malzeme testinin \u00f6nemli bir par\u00e7as\u0131d\u0131r.<\/p><p><br><strong>Yap\u0131sal izleme:<\/strong> Gerilme \u00f6l\u00e7\u00fcmleri, yap\u0131lar\u0131n b\u00fct\u00fcnl\u00fc\u011f\u00fcn\u00fc izlemek i\u00e7in in\u015faat ve havac\u0131l\u0131k end\u00fcstrilerinde kullan\u0131l\u0131r.<\/p>\t\t\t\t\t\t\t\t<\/div>\n\t\t\t\t<\/div>\n\t\t\t\t<div class=\"elementor-element elementor-element-986aae9 elementor-widget elementor-widget-text-editor\" data-id=\"986aae9\" data-element_type=\"widget\" data-e-type=\"widget\" data-widget_type=\"text-editor.default\">\n\t\t\t\t<div class=\"elementor-widget-container\">\n\t\t\t\t\t\t\t\t\t<p>\u00d6zetlemek gerekirse:<\/p><ul><li>Gerinim, y\u00fck alt\u0131ndaki bir malzemenin uzunlu\u011fundaki g\u00f6receli de\u011fi\u015fimi \u00f6l\u00e7er.<\/li><li>Uzunluktaki de\u011fi\u015fimin orijinal uzunlu\u011fa b\u00f6l\u00fcnmesiyle hesaplan\u0131r.<\/li><li>Gerinim, malzemelerin davran\u0131\u015f\u0131n\u0131 anlamak ve analiz etmek i\u00e7in kritik bir parametredir.<\/li><li>Gerinim \u00f6l\u00e7\u00fcm\u00fc, malzemelerin geli\u015ftirilmesi ve yap\u0131lar\u0131n g\u00fcvenlik de\u011ferlendirmesi i\u00e7in gereklidir.<\/li><\/ul>\t\t\t\t\t\t\t\t<\/div>\n\t\t\t\t<\/div>\n\t\t\t\t<\/div>\n\t\t\t\t\t<\/div>\n\t\t\t\t<\/div>\n\t\t<div class=\"elementor-element elementor-element-aed7062 e-flex e-con-boxed elementor-invisible e-con e-parent\" data-id=\"aed7062\" data-element_type=\"container\" data-e-type=\"container\" data-settings=\"{&quot;animation&quot;:&quot;fadeInUp&quot;}\">\n\t\t\t\t\t<div class=\"e-con-inner\">\n\t\t\t\t<div class=\"elementor-element elementor-element-aae54ad elementor-widget elementor-widget-image\" data-id=\"aae54ad\" data-element_type=\"widget\" data-e-type=\"widget\" data-widget_type=\"image.default\">\n\t\t\t\t<div class=\"elementor-widget-container\">\n\t\t\t\t\t\t\t\t\t\t\t\t\t\t\t<img loading=\"lazy\" decoding=\"async\" width=\"800\" height=\"382\" src=\"https:\/\/www.linseis.com\/wp-content\/uploads\/2024\/07\/Dehnung-von-Kabeln-1024x489.png\" class=\"attachment-large size-large wp-image-113366\" alt=\"Dehnung von Kabeln\" srcset=\"https:\/\/www.linseis.com\/wp-content\/uploads\/2024\/07\/Dehnung-von-Kabeln-1024x489.png 1024w, https:\/\/www.linseis.com\/wp-content\/uploads\/2024\/07\/Dehnung-von-Kabeln-300x143.png 300w, https:\/\/www.linseis.com\/wp-content\/uploads\/2024\/07\/Dehnung-von-Kabeln-768x366.png 768w, https:\/\/www.linseis.com\/wp-content\/uploads\/2024\/07\/Dehnung-von-Kabeln-1536x733.png 1536w, https:\/\/www.linseis.com\/wp-content\/uploads\/2024\/07\/Dehnung-von-Kabeln.png 1920w\" sizes=\"(max-width: 800px) 100vw, 800px\" \/>\t\t\t\t\t\t\t\t\t\t\t\t\t\t\t<\/div>\n\t\t\t\t<\/div>\n\t\t\t\t\t<\/div>\n\t\t\t\t<\/div>\n\t\t<div class=\"elementor-element elementor-element-50adb82 e-flex e-con-boxed e-con e-parent\" data-id=\"50adb82\" data-element_type=\"container\" data-e-type=\"container\" data-settings=\"{&quot;background_background&quot;:&quot;classic&quot;}\">\n\t\t\t\t\t<div class=\"e-con-inner\">\n\t\t<div class=\"elementor-element elementor-element-cad4e8f e-con-full e-flex e-con e-child\" data-id=\"cad4e8f\" data-element_type=\"container\" data-e-type=\"container\">\n\t\t\t\t<div class=\"elementor-element elementor-element-91cf7c6 elementor-invisible elementor-widget elementor-widget-text-editor\" data-id=\"91cf7c6\" data-element_type=\"widget\" data-e-type=\"widget\" data-settings=\"{&quot;_animation&quot;:&quot;fadeInUp&quot;,&quot;_animation_delay&quot;:500}\" data-widget_type=\"text-editor.default\">\n\t\t\t\t<div class=\"elementor-widget-container\">\n\t\t\t\t\t\t\t\t\t<h2>Ayr\u0131nt\u0131l\u0131 olarak elastisite mod\u00fcl\u00fc<\/h2>\nGenellikle elastisite mod\u00fcl\u00fc olarak k\u0131salt\u0131lan elastisite mod\u00fcl\u00fc, malzeme biliminde \u00f6nemli bir parametredir. Bir malzemenin d\u0131\u015f y\u00fcklere verdi\u011fi elastik tepkiyi tan\u0131mlar ve bu nedenle bir malzemenin sertli\u011finin do\u011frudan bir \u00f6l\u00e7\u00fcs\u00fcd\u00fcr. \t\t\t\t\t\t\t\t<\/div>\n\t\t\t\t<\/div>\n\t\t\t\t<div class=\"elementor-element elementor-element-4c217b5 elementor-invisible elementor-widget elementor-widget-text-editor\" data-id=\"4c217b5\" data-element_type=\"widget\" data-e-type=\"widget\" data-settings=\"{&quot;_animation&quot;:&quot;fadeInUp&quot;,&quot;_animation_delay&quot;:500}\" data-widget_type=\"text-editor.default\">\n\t\t\t\t<div class=\"elementor-widget-container\">\n\t\t\t\t\t\t\t\t\t<h3>Stres-gerinim oran\u0131:<\/h3><p>Bir malzemenin elastik aral\u0131\u011f\u0131ndaki gerilmenin gerinime oran\u0131, mekanik \u00f6zelliklerini anlamak i\u00e7in \u00e7ok \u00f6nemlidir.<\/p><p>Form\u00fcl: E-mod\u00fcl\u00fc (E) = \u03c3 \/ \u03b5<br>Burada:<br>\u03c3 = gerilme<br>\u03b5 = \u015fekil de\u011fi\u015ftirme<br>Birim: E-mod\u00fcl\u00fc metrekare ba\u015f\u0131na Newton (N\/m\u00b2) veya bas\u0131n\u00e7 birimiyle tutarl\u0131 olan Pascal (Pa) cinsinden ifade edilir.<\/p><p> <\/p><h3>E-mod\u00fcl\u00fcn\u00fcn yorumlanmas\u0131:<\/h3><p><strong>Malzeme sertli\u011fi<\/strong>: Daha y\u00fcksek bir elastisite mod\u00fcl\u00fc, malzemenin daha sert oldu\u011fu anlam\u0131na gelir, bu da y\u00fck alt\u0131nda daha az deforme oldu\u011fu anlam\u0131na gelir.<\/p><p><br><strong>Elastik davran\u0131\u015f:<\/strong> Elastisite mod\u00fcl\u00fc sadece malzemenin elastik aral\u0131\u011f\u0131 i\u00e7inde ge\u00e7erlidir, yani t\u00fcm deformasyonlar tersine \u00e7evrilebilir ve malzeme rahatlat\u0131ld\u0131ktan sonra orijinal \u015fekline geri d\u00f6ner.<\/p><p> <\/p><h3>Elastisite mod\u00fcl\u00fcn\u00fcn belirlenmesi:<\/h3><p><strong>\u00c7ekme testi:<\/strong> Elastisite mod\u00fcl\u00fc tipik olarak bir malzemenin k\u0131r\u0131lma noktas\u0131na kadar y\u00fcklendi\u011fi standart bir \u00e7ekme testi ile belirlenir.<\/p><p><br>Gerilme-\u015fekil de\u011fi\u015ftirme <strong>diyagram\u0131:<\/strong> Elastisite mod\u00fcl\u00fc, Hooke yasas\u0131n\u0131 temsil eden gerilme-\u015fekil de\u011fi\u015ftirme diyagram\u0131n\u0131n do\u011frusal k\u0131sm\u0131ndan okunur.<\/p><p> <\/p><h3>Malzeme se\u00e7imi i\u00e7in uygunluk:<\/h3><p><strong>Tasar\u0131m ve se\u00e7im:<\/strong> Elastisite mod\u00fcl\u00fc, \u00f6zellikle sertlik ve boyutsal kararl\u0131l\u0131k kritik oldu\u011funda, belirli uygulamalar i\u00e7in malzeme se\u00e7iminde \u00f6nemli bir rol oynar.<\/p><p><br><strong>Farkl\u0131 malzemelerin kar\u015f\u0131la\u015ft\u0131r\u0131lmas\u0131:<\/strong> Farkl\u0131 malzemelerin mekanik \u00f6zelliklerinin standart ko\u015fullar alt\u0131nda kar\u015f\u0131la\u015ft\u0131r\u0131lmas\u0131n\u0131 sa\u011flar.<\/p>\t\t\t\t\t\t\t\t<\/div>\n\t\t\t\t<\/div>\n\t\t\t\t<div class=\"elementor-element elementor-element-e1f00b9 elementor-widget elementor-widget-text-editor\" data-id=\"e1f00b9\" data-element_type=\"widget\" data-e-type=\"widget\" data-widget_type=\"text-editor.default\">\n\t\t\t\t<div class=\"elementor-widget-container\">\n\t\t\t\t\t\t\t\t\t<p>\u00d6zetlemek gerekirse:<\/p><ul><li>Elastisite mod\u00fcl\u00fc, bir malzemenin sertli\u011finin bir \u00f6l\u00e7\u00fcs\u00fcd\u00fcr ve elastik aral\u0131kta belirlenir.<\/li><li>Gerilmenin gerinime oran\u0131 olarak hesaplan\u0131r ve paskal (Pa) cinsinden ifade edilir.<\/li><li>Y\u00fcksek bir elastisite mod\u00fcl\u00fc, elastik deformasyona kar\u015f\u0131 y\u00fcksek bir diren\u00e7 g\u00f6sterir.<\/li><li>Elastisite mod\u00fcl\u00fcn\u00fcn belirlenmesi, malzeme se\u00e7imi ve bile\u015fenlerin tasar\u0131m\u0131 i\u00e7in \u00e7ok \u00f6nemlidir.<\/li><\/ul>\t\t\t\t\t\t\t\t<\/div>\n\t\t\t\t<\/div>\n\t\t\t\t<div class=\"elementor-element elementor-element-b17a273 elementor-widget elementor-widget-shortcode\" data-id=\"b17a273\" data-element_type=\"widget\" data-e-type=\"widget\" data-widget_type=\"shortcode.default\">\n\t\t\t\t<div class=\"elementor-widget-container\">\n\t\t\t\t\t\t\t<div class=\"elementor-shortcode\"><script type=\"application\/ld+json\">{\n  \"@context\": \"https:\/\/schema.org\",\n  \"@type\": \"FAQPage\",\n  \"mainEntity\": [{\n    \"@type\": \"Question\",\n    \"name\": \"Was ist der Elastizit\u00e4tsmodul?\",\n    \"acceptedAnswer\": {\n      \"@type\": \"Answer\",\n      \"text\": \"Der Elastizit\u00e4tsmodul (E-Modul) ist eine Kenngr\u00f6\u00dfe, die die Steifigkeit eines Materials beschreibt. Er gibt an, wie ein Material auf eine \u00e4u\u00dfere Zugkraft mit einer L\u00e4ngen\u00e4nderung reagiert.\n\nHookesches Gesetz: Das Hookesche Gesetz bildet die Grundlage und besagt, dass die Dehnung in einem Material proportional zur angelegten Spannung ist, solange der Elastizit\u00e4tsgrenzwert nicht \u00fcberschritten wird.\"\n    }\n  },{\n    \"@type\": \"Question\",\n    \"name\": \"Was ist das Spannungs-Dehnungs Verh\u00e4ltnis?\",\n    \"acceptedAnswer\": {\n      \"@type\": \"Answer\",\n      \"text\": \"Spannung-Dehnung-Verh\u00e4ltnis:\n\nDas Verh\u00e4ltnis von Spannung zu Dehnung im elastischen Bereich eines Materials ist entscheidend f\u00fcr das Verst\u00e4ndnis seiner mechanischen Eigenschaften.\n\nFormel: E-Modul (E) = \u03c3 \/ \u03b5\nDabei ist:\n\u03c3 = Spannung\n\u03b5 = Dehnung\nEinheit: Der E-Modul wird in Newton pro Quadratmeter (N\/m\u00b2) oder Pascal (Pa) ausgedr\u00fcckt, was konsistent mit der Einheit f\u00fcr Druck ist.\"\n    }\n  },{\n    \"@type\": \"Question\",\n    \"name\": \"Wie wird E-Modul bestimmt?\",\n    \"acceptedAnswer\": {\n      \"@type\": \"Answer\",\n      \"text\": \"Zugversuch: Der E-Modul wird typischerweise durch einen standardisierten Zugversuch bestimmt, bei dem ein Material bis zu seinem Bruchpunkt belastet wird.\nSpannungs-Dehnungs-Diagramm: Aus dem linearen Teil des Spannungs-Dehnungs-Diagramms, der das Hookesche Gesetz darstellt, wird der E-Modul abgelesen.\"\n    }\n  }]\n}\n<\/script><\/div>\n\t\t\t\t\t\t<\/div>\n\t\t\t\t<\/div>\n\t\t\t\t<\/div>\n\t\t\t\t\t<\/div>\n\t\t\t\t<\/div>\n\t\t\t\t<\/div>\n\t\t","protected":false},"excerpt":{"rendered":"<p>Elastikiyet mod\u00fcl\u00fc Elastisite mod\u00fcl\u00fc &#8211; termomekanik analizin bir parametresi Malzeme bilimi, kimya ve fizi\u011fin \u00f6z\u00fcnde, elastisite mod\u00fcl\u00fcn\u00fcn en temellerinden biri oldu\u011fu malzeme \u00f6zelliklerinin anla\u015f\u0131lmas\u0131 yer al\u0131r. Malzemelerin y\u00fck alt\u0131ndaki davran\u0131\u015flar\u0131n\u0131 yorumlamak i\u00e7in bilim insanlar\u0131n\u0131n bu parametreyi anlamas\u0131 \u00e7ok \u00f6nemlidir. Elastisite mod\u00fcl\u00fc nedir? Elastisite mod\u00fcl\u00fc (esneklik mod\u00fcl\u00fc), bir malzemenin sertli\u011fini tan\u0131mlayan bir parametredir. Bir malzemenin harici [&hellip;]<\/p>\n","protected":false},"author":5,"featured_media":0,"parent":113363,"menu_order":0,"comment_status":"closed","ping_status":"closed","template":"","meta":{"_acf_changed":false,"inline_featured_image":false,"footnotes":""},"class_list":["post-113373","page","type-page","status-publish","hentry"],"acf":[],"_links":{"self":[{"href":"https:\/\/www.linseis.com\/tr\/wp-json\/wp\/v2\/pages\/113373","targetHints":{"allow":["GET"]}}],"collection":[{"href":"https:\/\/www.linseis.com\/tr\/wp-json\/wp\/v2\/pages"}],"about":[{"href":"https:\/\/www.linseis.com\/tr\/wp-json\/wp\/v2\/types\/page"}],"author":[{"embeddable":true,"href":"https:\/\/www.linseis.com\/tr\/wp-json\/wp\/v2\/users\/5"}],"replies":[{"embeddable":true,"href":"https:\/\/www.linseis.com\/tr\/wp-json\/wp\/v2\/comments?post=113373"}],"version-history":[{"count":0,"href":"https:\/\/www.linseis.com\/tr\/wp-json\/wp\/v2\/pages\/113373\/revisions"}],"up":[{"embeddable":true,"href":"https:\/\/www.linseis.com\/tr\/wp-json\/wp\/v2\/pages\/113363"}],"wp:attachment":[{"href":"https:\/\/www.linseis.com\/tr\/wp-json\/wp\/v2\/media?parent=113373"}],"curies":[{"name":"wp","href":"https:\/\/api.w.org\/{rel}","templated":true}]}}