{"id":113341,"date":"2024-10-01T11:02:22","date_gmt":"2024-10-01T09:02:22","guid":{"rendered":"https:\/\/www.linseis.com\/bize-ulasin\/113341-2\/"},"modified":"2026-01-23T11:29:09","modified_gmt":"2026-01-23T10:29:09","slug":"113341-2","status":"publish","type":"page","link":"https:\/\/www.linseis.com\/tr\/bize-ulasin\/113341-2\/","title":{"rendered":""},"content":{"rendered":"\t\t<div data-elementor-type=\"wp-page\" data-elementor-id=\"113341\" class=\"elementor elementor-113341 elementor-57986\" data-elementor-post-type=\"page\">\n\t\t\t\t<div class=\"elementor-element elementor-element-ea15552 e-flex e-con-boxed e-con e-parent\" data-id=\"ea15552\" data-element_type=\"container\" data-e-type=\"container\">\n\t\t\t\t\t<div class=\"e-con-inner\">\n\t\t\t\t<div class=\"elementor-element elementor-element-0b8b1a7 elementor-widget elementor-widget-heading\" data-id=\"0b8b1a7\" data-element_type=\"widget\" data-e-type=\"widget\" data-widget_type=\"heading.default\">\n\t\t\t\t<div class=\"elementor-widget-container\">\n\t\t\t\t\t<h2 class=\"elementor-heading-title elementor-size-default\">Mesaj\u0131n\u0131z i\u00e7in te\u015fekk\u00fcr ederiz!<\/h2>\t\t\t\t<\/div>\n\t\t\t\t<\/div>\n\t\t<div class=\"elementor-element elementor-element-4035e9c e-con-full e-flex e-con e-child\" data-id=\"4035e9c\" data-element_type=\"container\" data-e-type=\"container\">\n\t\t\t\t<div class=\"elementor-element elementor-element-eb7636a elementor-widget elementor-widget-text-editor\" data-id=\"eb7636a\" data-element_type=\"widget\" data-e-type=\"widget\" data-widget_type=\"text-editor.default\">\n\t\t\t\t<div class=\"elementor-widget-container\">\n\t\t\t\t\t\t\t\t\t<p> <\/p>\n<p>Talebiniz ba\u015far\u0131yla iletilmi\u015ftir. M\u00fcmk\u00fcn olan en k\u0131sa s\u00fcrede i\u015fleme alaca\u011f\u0131z ve en k\u0131sa s\u00fcrede sizinle ileti\u015fime ge\u00e7ece\u011fiz. <\/p>\n<p>Sa\u011flad\u0131\u011f\u0131n\u0131z verileri ald\u0131k.<\/p>\t\t\t\t\t\t\t\t<\/div>\n\t\t\t\t<\/div>\n\t\t\t\t<\/div>\n\t\t\t\t\t<\/div>\n\t\t\t\t<\/div>\n\t\t\t\t<\/div>\n\t\t","protected":false},"excerpt":{"rendered":"<p>Mesaj\u0131n\u0131z i\u00e7in te\u015fekk\u00fcr ederiz! Talebiniz ba\u015far\u0131yla iletilmi\u015ftir. M\u00fcmk\u00fcn olan en k\u0131sa s\u00fcrede i\u015fleme alaca\u011f\u0131z ve en k\u0131sa s\u00fcrede sizinle ileti\u015fime ge\u00e7ece\u011fiz. Sa\u011flad\u0131\u011f\u0131n\u0131z verileri ald\u0131k.<\/p>\n","protected":false},"author":1,"featured_media":0,"parent":113336,"menu_order":0,"comment_status":"closed","ping_status":"closed","template":"","meta":{"_acf_changed":false,"inline_featured_image":false,"footnotes":""},"class_list":["post-113341","page","type-page","status-publish","hentry"],"acf":[],"_links":{"self":[{"href":"https:\/\/www.linseis.com\/tr\/wp-json\/wp\/v2\/pages\/113341","targetHints":{"allow":["GET"]}}],"collection":[{"href":"https:\/\/www.linseis.com\/tr\/wp-json\/wp\/v2\/pages"}],"about":[{"href":"https:\/\/www.linseis.com\/tr\/wp-json\/wp\/v2\/types\/page"}],"author":[{"embeddable":true,"href":"https:\/\/www.linseis.com\/tr\/wp-json\/wp\/v2\/users\/1"}],"replies":[{"embeddable":true,"href":"https:\/\/www.linseis.com\/tr\/wp-json\/wp\/v2\/comments?post=113341"}],"version-history":[{"count":0,"href":"https:\/\/www.linseis.com\/tr\/wp-json\/wp\/v2\/pages\/113341\/revisions"}],"up":[{"embeddable":true,"href":"https:\/\/www.linseis.com\/tr\/wp-json\/wp\/v2\/pages\/113336"}],"wp:attachment":[{"href":"https:\/\/www.linseis.com\/tr\/wp-json\/wp\/v2\/media?parent=113341"}],"curies":[{"name":"wp","href":"https:\/\/api.w.org\/{rel}","templated":true}]}}