{"id":113320,"date":"2024-07-23T17:43:52","date_gmt":"2024-07-23T15:43:52","guid":{"rendered":"https:\/\/www.linseis.com\/kuenye\/"},"modified":"2026-01-23T11:29:35","modified_gmt":"2026-01-23T10:29:35","slug":"kuenye","status":"publish","type":"page","link":"https:\/\/www.linseis.com\/tr\/kuenye\/","title":{"rendered":"K\u00fcnye"},"content":{"rendered":"\t\t<div data-elementor-type=\"wp-post\" data-elementor-id=\"113320\" class=\"elementor elementor-113320 elementor-18510\" data-elementor-post-type=\"page\">\n\t\t\t\t<div class=\"elementor-element elementor-element-a3549cf e-flex e-con-boxed e-con e-parent\" data-id=\"a3549cf\" data-element_type=\"container\" data-e-type=\"container\" data-settings=\"{&quot;background_background&quot;:&quot;classic&quot;}\">\n\t\t\t\t\t<div class=\"e-con-inner\">\n\t\t\t\t<div class=\"elementor-element elementor-element-ac41c94 elementor-widget elementor-widget-image\" data-id=\"ac41c94\" data-element_type=\"widget\" data-e-type=\"widget\" data-widget_type=\"image.default\">\n\t\t\t\t<div class=\"elementor-widget-container\">\n\t\t\t\t\t\t\t\t\t\t\t\t\t\t\t<img fetchpriority=\"high\" decoding=\"async\" width=\"800\" height=\"800\" src=\"https:\/\/www.linseis.com\/wp-content\/uploads\/2024\/06\/linseis_scale-top-1.svg\" class=\"attachment-large size-large wp-image-123864\" alt=\"\" \/>\t\t\t\t\t\t\t\t\t\t\t\t\t\t\t<\/div>\n\t\t\t\t<\/div>\n\t\t\t\t<div class=\"elementor-element elementor-element-28a610f elementor-invisible elementor-widget elementor-widget-image\" data-id=\"28a610f\" data-element_type=\"widget\" data-e-type=\"widget\" data-settings=\"{&quot;_animation&quot;:&quot;fadeInUp&quot;}\" data-widget_type=\"image.default\">\n\t\t\t\t<div class=\"elementor-widget-container\">\n\t\t\t\t\t\t\t\t\t\t\t\t\t\t\t<img decoding=\"async\" width=\"800\" height=\"800\" src=\"https:\/\/www.linseis.com\/wp-content\/uploads\/2024\/06\/linseis-pushing-boundaries-1.svg\" class=\"attachment-large size-large wp-image-145\" alt=\"\" \/>\t\t\t\t\t\t\t\t\t\t\t\t\t\t\t<\/div>\n\t\t\t\t<\/div>\n\t\t\t\t<div class=\"elementor-element elementor-element-b4a6800 elementor-widget elementor-widget-image\" data-id=\"b4a6800\" data-element_type=\"widget\" data-e-type=\"widget\" data-widget_type=\"image.default\">\n\t\t\t\t<div class=\"elementor-widget-container\">\n\t\t\t\t\t\t\t\t\t\t\t\t\t\t\t<img decoding=\"async\" width=\"800\" height=\"800\" src=\"https:\/\/www.linseis.com\/wp-content\/uploads\/2024\/06\/linseis_scale-bottom-1.svg\" class=\"attachment-large size-large wp-image-123873\" alt=\"\" \/>\t\t\t\t\t\t\t\t\t\t\t\t\t\t\t<\/div>\n\t\t\t\t<\/div>\n\t\t\t\t\t<\/div>\n\t\t\t\t<\/div>\n\t\t<div class=\"elementor-element elementor-element-7c8d6cc e-flex e-con-boxed e-con e-parent\" data-id=\"7c8d6cc\" data-element_type=\"container\" data-e-type=\"container\" data-settings=\"{&quot;background_background&quot;:&quot;classic&quot;}\">\n\t\t\t\t\t<div class=\"e-con-inner\">\n\t\t\t\t\t<\/div>\n\t\t\t\t<\/div>\n\t\t<div class=\"elementor-element elementor-element-d7b7522 e-flex e-con-boxed e-con e-parent\" data-id=\"d7b7522\" data-element_type=\"container\" data-e-type=\"container\" data-settings=\"{&quot;background_background&quot;:&quot;classic&quot;}\">\n\t\t\t\t\t<div class=\"e-con-inner\">\n\t\t<div class=\"elementor-element elementor-element-7e2c0c3 e-con-full e-flex e-con e-child\" data-id=\"7e2c0c3\" data-element_type=\"container\" data-e-type=\"container\">\n\t\t\t\t<\/div>\n\t\t<div class=\"elementor-element elementor-element-449b6fd e-con-full e-flex e-con e-child\" data-id=\"449b6fd\" data-element_type=\"container\" data-e-type=\"container\">\n\t\t\t\t<div class=\"elementor-element elementor-element-cc1182c elementor-invisible elementor-widget elementor-widget-heading\" data-id=\"cc1182c\" data-element_type=\"widget\" data-e-type=\"widget\" data-settings=\"{&quot;_animation&quot;:&quot;fadeInUp&quot;,&quot;_animation_delay&quot;:250}\" data-widget_type=\"heading.default\">\n\t\t\t\t<div class=\"elementor-widget-container\">\n\t\t\t\t\t<h1 class=\"elementor-heading-title elementor-size-default\">K\u00fcnye\n<\/h1>\t\t\t\t<\/div>\n\t\t\t\t<\/div>\n\t\t\t\t<div class=\"elementor-element elementor-element-a10166b elementor-widget elementor-widget-text-editor\" data-id=\"a10166b\" data-element_type=\"widget\" data-e-type=\"widget\" data-widget_type=\"text-editor.default\">\n\t\t\t\t<div class=\"elementor-widget-container\">\n\t\t\t\t\t\t\t\t\t<h2>\u0130leti\u015fim bilgileri<\/h2>\n<p><strong>LINSEIS Messger\u00e4te GmbH<\/strong><br>Vielitzerstr. 43<br>95100 Selb<br>Almanya <\/p>\n<p>Telefon: +49 (0) 9287\/880 0<br>Faks: +49 (0) 9287\/704 88<br>Posta: <a href=\"javascript:secureDecryptAndNavigate('a2QVsuzU8M1XsnnS\/k5euLMH5VHpiI1w12S4pdY2qN1faEcmWMjxMSCQZCTDamwqe2kzlMH8Akr7Fn\/0Jkv7Zt8w8drewrA=', '746dcd64e4d44146621ffe8607bc6a9cd99322281d7da166e1e71f03fcb20d2c')\">info@linseis.com<\/a><\/p>\n<p><strong>LINSEIS Inc.<\/strong><br>109 North Gold Drive<br>Robbinsville, NJ 08691<\/p>\n<p>telefon: +01 (609) 223 2040<br>faks: +01 (609) 223 2074<br>posta: <a href=\"javascript:secureDecryptAndNavigate('O9+SMTeeUwlJFgiavJXYuNnXl8KkFt4maXxTEiQVvap2jDROc5dFeTwPf9WEclfenet0Jz1glLCrBYuaAOxVpdanHDlKgUA=', '746dcd64e4d44146621ffe8607bc6a9cd99322281d7da166e1e71f03fcb20d2c')\">info@linseis.com<\/a><\/p>\n<p><strong>Genel M\u00fcd\u00fcrler:<\/strong> Dipl. Phys. Claus Linseis, M.Sc. Florian Linseis, Dr.-Ing. Vincent Linseis<\/p>\n<p><strong>Ticaret sicil kayd\u0131:<\/strong> Yerel mahkeme Hof\/Saale: HRB ABT. B No. 299 <\/p>\n<p><strong>Sat\u0131\u015f vergisi kimli\u011fi:<\/strong> DE 132 951 806<\/p>\n<h3><strong>\u0130\u00e7erikten sorumludur:<\/strong><\/h3>\n<p>LINSEIS Messger\u00e4te GmbH<br>Vielitzerstr. 43<br>95100 Selb<br>Almanya <\/p>\n<p>Telefon: +49 (0) 9287\/880 0<br>Faks: +49 (0) 9287\/704 88<\/p>\n<h3><strong>Hukuk M\u00fc\u015favirli\u011fi<\/strong><\/h3>\n<p>Hukuk b\u00fcrosu Dr. Philippe Linseis.<br>www.kanzlei-linseis.de<\/p>\n<h3><strong>\u00c7evrimi\u00e7i uyu\u015fmazl\u0131k \u00e7\u00f6z\u00fcm\u00fc<\/strong><\/h3>\n<p>Avrupa Komisyonu, t\u00fcketicilerin bir anla\u015fmazl\u0131\u011f\u0131 \u00e7\u00f6zmek i\u00e7in kullanabilece\u011fi ve anla\u015fmazl\u0131k \u00e7\u00f6z\u00fcm\u00fcne ili\u015fkin daha fazla bilginin bulunabilece\u011fi https:\/\/ec.europa.eu\/consumers\/odr\/ adresinde \u00e7evrimi\u00e7i anla\u015fmazl\u0131k \u00e7\u00f6z\u00fcm\u00fc i\u00e7in bir platform sunmaktad\u0131r.<\/p>\n<h3><strong>Mahkeme d\u0131\u015f\u0131 uyu\u015fmazl\u0131k \u00e7\u00f6z\u00fcm\u00fc<\/strong><\/h3>\n<p>Bir t\u00fcketici ile anla\u015fmazl\u0131k durumunda, t\u00fcketici hakem heyeti nezdindeki anla\u015fmazl\u0131k \u00e7\u00f6z\u00fcm i\u015flemlerine kat\u0131lmakla y\u00fck\u00fcml\u00fc veya istekli de\u011filiz.<\/p>\n<h3><strong>G\u00f6r\u00fcnt\u00fc kaynaklar\u0131<\/strong><\/h3>\n<p>Stock-Fotografie-ID:589102420<br>Stock-Fotografie-ID:636332456<br>Stock-Fotografie-ID:648366944<br>Stock-Fotografie-ID:658909914<br>Stock-Fotografie-ID:827580824<br>Stock-Fotografie-ID:831812316<br>Stock-Fotografie-ID:886451342<br>Stock-Fotografie-ID:908952856<br>Stock-Fotografie-ID:911834392<br>Stock-Fotografie-ID:1022038990<br>Stock-Fotografie-ID:1022686400<br>Stock-Fotografie-ID:528612594<br>Stock-Fotografie-ID:186762833<br>Stock-Fotografie-ID:622428694<br>Stock-Fotografie-ID:181849574<br>Stock-Fotografie-ID:501789362<br>Stock-Fotografie-ID:183805301<br>Stock-Fotografie-ID:842624218<br>Stock-Fotografie-ID:623448316<br>Stock-Fotografie-ID:891885848<br>Stock-Fotografie-ID:813674350<br>Stock-Fotografie-ID:1062061464<\/p>\n<p><strong>Shutterstock:<\/strong><br>333657248<br>1077754430<br>588385358<br>149749874<br>564384325<br>449664868<br>456687193<br>418128811<br>576151555<br>518160529<br>133382534<br>780175252<br>709006249<br>950850238<br>922762614<br>913199998<br>908952856<br>900408694<br>898065152<br>891885848<br>868792010<br>813674350<br>653112934<br>636332456<br>623448316<br>622428694<br>589102420<br>58548832<br>528612594<br>501789362<br>186762833<br>183805301<br>181849574<br>167170620<\/p>\n<h3><strong>Konsept, tasar\u0131m ve ger\u00e7ekle\u015ftirme<\/strong><\/h3>\n<p><a title=\"1998&#039;den beri internet uzmanl\u0131\u011f\u0131 ve daimi \u00e7al\u0131\u015fanlardan olu\u015fan ekibimizle bitzinger GmbH, internet projeleri i\u00e7in b\u00f6lgesel irtibat\u0131n\u0131zd\u0131r. www.bitzinger.de adresindeki referanslar\u0131m\u0131zdan ilham al\u0131n.\" href=\"https:\/\/www.bitzinger.de\/\" target=\"_blank\" rel=\"noopener\" data-auto-event-observed=\"true\"><img loading=\"lazy\" decoding=\"async\" src=\"https:\/\/www.bitzinger.de\/kunden\/bitzinger.de\/impressum\/bitzinger-gmbh.png\" alt=\"bitzinger GmbH\" width=\"220\" height=\"105\"><\/a><\/p>\n<p><strong><a title=\"\u0130\u00e7erik y\u00f6netim sistemi TYPO3 CMS ile profesyonel \u015firket ana sayfalar\u0131\" href=\"https:\/\/www.bitzinger.de\/\" target=\"_blank\" rel=\"noopener\" data-auto-event-observed=\"true\">\u0130nternet varl\u0131klar\u0131<\/a><\/strong> |&nbsp;&nbsp;<strong><a title=\"Magento Commerce e-ticaret platformu ile ba\u015far\u0131l\u0131 online ma\u011fazalar\" href=\"https:\/\/www.bitzinger.de\/\" target=\"_blank\" rel=\"noopener\" data-auto-event-observed=\"true\">Online ma\u011fazalar<\/a> | <a title=\"Arama motoru optimizasyonu, \u00e7evrimi\u00e7i pazarlama ve Google AdWords ve Google Analytics ile kontrol\" href=\"https:\/\/www.bitzinger.de\/\" target=\"_blank\" rel=\"noopener\" data-auto-event-observed=\"true\">Online pazarlama<\/a> | <a title=\"Facebook, Google+, YouTube, Twitter ve Xing&#039;de sosyal medya ile iyi bir a\u011fa sahip\" href=\"https:\/\/www.bitzinger.de\/\" target=\"_blank\" rel=\"noopener\" data-auto-event-observed=\"true\">Yeni medya<\/a><\/strong><\/p>\t\t\t\t\t\t\t\t<\/div>\n\t\t\t\t<\/div>\n\t\t\t\t<\/div>\n\t\t<div class=\"elementor-element elementor-element-13cd405 e-con-full e-flex e-con e-child\" data-id=\"13cd405\" data-element_type=\"container\" data-e-type=\"container\">\n\t\t\t\t<\/div>\n\t\t\t\t\t<\/div>\n\t\t\t\t<\/div>\n\t\t\t\t<\/div>\n\t\t","protected":false},"excerpt":{"rendered":"<p>K\u00fcnye \u0130leti\u015fim bilgileri LINSEIS Messger\u00e4te GmbHVielitzerstr. 4395100 SelbAlmanya Telefon: +49 (0) 9287\/880 0Faks: +49 (0) 9287\/704 88Posta: <a href=\"javascript:secureDecryptAndNavigate('+KBzk1YzFVOf9TZWCB49azd4MVkR74c\/jg60QCnAKevHYPpuXSWTx2gwTPhi3UJekW1xmEVPmySYNNHE1Ed6s59PM1FY0IY=', '746dcd64e4d44146621ffe8607bc6a9cd99322281d7da166e1e71f03fcb20d2c')\">info@linseis.com<\/a> LINSEIS Inc.109 North Gold DriveRobbinsville, NJ 08691 telefon: +01 (609) 223 2040faks: +01 (609) 223 2074posta: <a href=\"javascript:secureDecryptAndNavigate('T9yY46eXkxp+eqm\/BXmbofTspt5GWV6d2zkQR3fdKDZ2eRNBvTSRR9G+G22sHVScGcHQgORuHLZwlt2GbtUrhAngwfD7QFU=', '746dcd64e4d44146621ffe8607bc6a9cd99322281d7da166e1e71f03fcb20d2c')\">info@linseis.com<\/a> Genel M\u00fcd\u00fcrler: Dipl. Phys. Claus Linseis, M.Sc. Florian Linseis, Dr.-Ing. Vincent Linseis Ticaret sicil kayd\u0131: Yerel mahkeme Hof\/Saale: HRB ABT. [&hellip;]<\/p>\n","protected":false},"author":5,"featured_media":0,"parent":0,"menu_order":0,"comment_status":"closed","ping_status":"closed","template":"","meta":{"_acf_changed":false,"inline_featured_image":false,"footnotes":""},"class_list":["post-113320","page","type-page","status-publish","hentry"],"acf":[],"_links":{"self":[{"href":"https:\/\/www.linseis.com\/tr\/wp-json\/wp\/v2\/pages\/113320","targetHints":{"allow":["GET"]}}],"collection":[{"href":"https:\/\/www.linseis.com\/tr\/wp-json\/wp\/v2\/pages"}],"about":[{"href":"https:\/\/www.linseis.com\/tr\/wp-json\/wp\/v2\/types\/page"}],"author":[{"embeddable":true,"href":"https:\/\/www.linseis.com\/tr\/wp-json\/wp\/v2\/users\/5"}],"replies":[{"embeddable":true,"href":"https:\/\/www.linseis.com\/tr\/wp-json\/wp\/v2\/comments?post=113320"}],"version-history":[{"count":0,"href":"https:\/\/www.linseis.com\/tr\/wp-json\/wp\/v2\/pages\/113320\/revisions"}],"wp:attachment":[{"href":"https:\/\/www.linseis.com\/tr\/wp-json\/wp\/v2\/media?parent=113320"}],"curies":[{"name":"wp","href":"https:\/\/api.w.org\/{rel}","templated":true}]}}