{"id":113318,"date":"2025-08-04T11:47:37","date_gmt":"2025-08-04T09:47:37","guid":{"rendered":"https:\/\/www.linseis.com\/geri-bildirim-bilet-sistemi\/geri-bildiriminiz-icin-tesekkuer-ederiz\/"},"modified":"2026-01-23T11:29:28","modified_gmt":"2026-01-23T10:29:28","slug":"geri-bildiriminiz-icin-tesekkuer-ederiz","status":"publish","type":"page","link":"https:\/\/www.linseis.com\/tr\/geri-bildirim-bilet-sistemi\/geri-bildiriminiz-icin-tesekkuer-ederiz\/","title":{"rendered":"Geri bildiriminiz i\u00e7in te\u015fekk\u00fcr ederiz!"},"content":{"rendered":"\t\t<div data-elementor-type=\"wp-page\" data-elementor-id=\"113318\" class=\"elementor elementor-113318 elementor-92446\" data-elementor-post-type=\"page\">\n\t\t\t\t<div class=\"elementor-element elementor-element-ea15552 e-flex e-con-boxed e-con e-parent\" data-id=\"ea15552\" data-element_type=\"container\" data-e-type=\"container\">\n\t\t\t\t\t<div class=\"e-con-inner\">\n\t\t<div class=\"elementor-element elementor-element-4035e9c e-con-full e-flex e-con e-child\" data-id=\"4035e9c\" data-element_type=\"container\" data-e-type=\"container\">\n\t\t\t\t<div class=\"elementor-element elementor-element-eb7636a elementor-widget elementor-widget-text-editor\" data-id=\"eb7636a\" data-element_type=\"widget\" data-e-type=\"widget\" data-widget_type=\"text-editor.default\">\n\t\t\t\t<div class=\"elementor-widget-container\">\n\t\t\t\t\t\t\t\t\t<p>Geri bildirim formumuzu doldurmaya zaman ay\u0131rd\u0131\u011f\u0131n\u0131z i\u00e7in te\u015fekk\u00fcr ederiz.<br data-start=\"459\" data-end=\"462\">Geri bildirimleriniz bizim i\u00e7in son derece de\u011ferlidir &#8211; \u00e7\u00fcnk\u00fc hizmetlerimizi hedefe y\u00f6nelik bir \u015fekilde geli\u015ftirebilmemizin ve gelecekte beklentilerinizi kar\u015f\u0131layabilmemizin tek yolu budur.<\/p>\t\t\t\t\t\t\t\t<\/div>\n\t\t\t\t<\/div>\n\t\t\t\t<\/div>\n\t\t\t\t\t<\/div>\n\t\t\t\t<\/div>\n\t\t\t\t<\/div>\n\t\t","protected":false},"excerpt":{"rendered":"<p>Geri bildirim formumuzu doldurmaya zaman ay\u0131rd\u0131\u011f\u0131n\u0131z i\u00e7in te\u015fekk\u00fcr ederiz.Geri bildirimleriniz bizim i\u00e7in son derece de\u011ferlidir &#8211; \u00e7\u00fcnk\u00fc hizmetlerimizi hedefe y\u00f6nelik bir \u015fekilde geli\u015ftirebilmemizin ve gelecekte beklentilerinizi kar\u015f\u0131layabilmemizin tek yolu budur.<\/p>\n","protected":false},"author":3,"featured_media":0,"parent":113315,"menu_order":0,"comment_status":"closed","ping_status":"closed","template":"","meta":{"_acf_changed":false,"inline_featured_image":false,"footnotes":""},"class_list":["post-113318","page","type-page","status-publish","hentry"],"acf":[],"_links":{"self":[{"href":"https:\/\/www.linseis.com\/tr\/wp-json\/wp\/v2\/pages\/113318","targetHints":{"allow":["GET"]}}],"collection":[{"href":"https:\/\/www.linseis.com\/tr\/wp-json\/wp\/v2\/pages"}],"about":[{"href":"https:\/\/www.linseis.com\/tr\/wp-json\/wp\/v2\/types\/page"}],"author":[{"embeddable":true,"href":"https:\/\/www.linseis.com\/tr\/wp-json\/wp\/v2\/users\/3"}],"replies":[{"embeddable":true,"href":"https:\/\/www.linseis.com\/tr\/wp-json\/wp\/v2\/comments?post=113318"}],"version-history":[{"count":0,"href":"https:\/\/www.linseis.com\/tr\/wp-json\/wp\/v2\/pages\/113318\/revisions"}],"up":[{"embeddable":true,"href":"https:\/\/www.linseis.com\/tr\/wp-json\/wp\/v2\/pages\/113315"}],"wp:attachment":[{"href":"https:\/\/www.linseis.com\/tr\/wp-json\/wp\/v2\/media?parent=113318"}],"curies":[{"name":"wp","href":"https:\/\/api.w.org\/{rel}","templated":true}]}}