{"id":113289,"date":"2025-07-18T08:04:25","date_gmt":"2025-07-18T06:04:25","guid":{"rendered":"https:\/\/www.linseis.com\/siparis-oelcuemleri\/siparis-oelcuemue\/imzali-oernek-formunuz-icin-cok-tesekkuer-ederiz\/"},"modified":"2026-01-23T11:39:15","modified_gmt":"2026-01-23T10:39:15","slug":"imzali-oernek-formunuz-icin-cok-tesekkuer-ederiz","status":"publish","type":"page","link":"https:\/\/www.linseis.com\/tr\/siparis-oelcuemleri\/siparis-oelcuemue\/imzali-oernek-formunuz-icin-cok-tesekkuer-ederiz\/","title":{"rendered":"\u0130mzal\u0131 \u00f6rnek formunuz i\u00e7in \u00e7ok te\u015fekk\u00fcr ederiz"},"content":{"rendered":"\t\t<div data-elementor-type=\"wp-page\" data-elementor-id=\"113289\" class=\"elementor elementor-113289 elementor-89781\" data-elementor-post-type=\"page\">\n\t\t\t\t<div class=\"elementor-element elementor-element-7b2f544 e-flex e-con-boxed e-con e-parent\" data-id=\"7b2f544\" data-element_type=\"container\" data-e-type=\"container\">\n\t\t\t\t\t<div class=\"e-con-inner\">\n\t\t\t\t<div class=\"elementor-element elementor-element-3374d6c elementor-widget elementor-widget-heading\" data-id=\"3374d6c\" data-element_type=\"widget\" data-e-type=\"widget\" data-widget_type=\"heading.default\">\n\t\t\t\t<div class=\"elementor-widget-container\">\n\t\t\t\t\t<h2 class=\"elementor-heading-title elementor-size-default\">\u0130mzal\u0131 \u00f6rnek formun ba\u015far\u0131l\u0131 bir \u015fekilde teslim edilmesi<\/h2>\t\t\t\t<\/div>\n\t\t\t\t<\/div>\n\t\t\t\t\t<\/div>\n\t\t\t\t<\/div>\n\t\t<div class=\"elementor-element elementor-element-ea15552 e-flex e-con-boxed e-con e-parent\" data-id=\"ea15552\" data-element_type=\"container\" data-e-type=\"container\">\n\t\t\t\t\t<div class=\"e-con-inner\">\n\t\t<div class=\"elementor-element elementor-element-4035e9c e-con-full e-flex e-con e-child\" data-id=\"4035e9c\" data-element_type=\"container\" data-e-type=\"container\">\n\t\t\t\t<div class=\"elementor-element elementor-element-ec766e6 elementor-widget elementor-widget-text-editor\" data-id=\"ec766e6\" data-element_type=\"widget\" data-e-type=\"widget\" data-widget_type=\"text-editor.default\">\n\t\t\t\t<div class=\"elementor-widget-container\">\n\t\t\t\t\t\t\t\t\t<p data-start=\"88\" data-end=\"227\"> <\/p>\n<p data-start=\"88\" data-end=\"227\"><strong data-start=\"88\" data-end=\"227\">Numune talep formunu g\u00f6nderdi\u011finiz i\u00e7in te\u015fekk\u00fcr ederiz. Talebinizi m\u00fcmk\u00fcn olan en k\u0131sa s\u00fcrede i\u015fleme alacak ve size en k\u0131sa s\u00fcrede geri d\u00f6nece\u011fiz.   <\/strong><\/p>\n<p data-start=\"229\" data-end=\"283\"><strong data-start=\"229\" data-end=\"283\">L\u00fctfen numunelerinizi a\u015fa\u011f\u0131daki adrese g\u00f6nderin:<\/strong><\/p>\n<p data-start=\"285\" data-end=\"338\"><b>Laboratuvar<br data-start=\"295\" data-end=\"298\">Vielitzer Str. 43<br data-start=\"315\" data-end=\"318\">95100 Selb<br data-start=\"328\" data-end=\"331\">Almanya  <\/b><\/p>\t\t\t\t\t\t\t\t<\/div>\n\t\t\t\t<\/div>\n\t\t\t\t<\/div>\n\t\t\t\t\t<\/div>\n\t\t\t\t<\/div>\n\t\t\t\t<\/div>\n\t\t","protected":false},"excerpt":{"rendered":"<p>\u0130mzal\u0131 \u00f6rnek formun ba\u015far\u0131l\u0131 bir \u015fekilde teslim edilmesi Numune talep formunu g\u00f6nderdi\u011finiz i\u00e7in te\u015fekk\u00fcr ederiz. Talebinizi m\u00fcmk\u00fcn olan en k\u0131sa s\u00fcrede i\u015fleme alacak ve size en k\u0131sa s\u00fcrede geri d\u00f6nece\u011fiz. L\u00fctfen numunelerinizi a\u015fa\u011f\u0131daki adrese g\u00f6nderin: LaboratuvarVielitzer Str. 4395100 SelbAlmanya<\/p>\n","protected":false},"author":3,"featured_media":0,"parent":113279,"menu_order":0,"comment_status":"closed","ping_status":"closed","template":"","meta":{"_acf_changed":false,"inline_featured_image":false,"footnotes":""},"class_list":["post-113289","page","type-page","status-publish","hentry"],"acf":[],"_links":{"self":[{"href":"https:\/\/www.linseis.com\/tr\/wp-json\/wp\/v2\/pages\/113289","targetHints":{"allow":["GET"]}}],"collection":[{"href":"https:\/\/www.linseis.com\/tr\/wp-json\/wp\/v2\/pages"}],"about":[{"href":"https:\/\/www.linseis.com\/tr\/wp-json\/wp\/v2\/types\/page"}],"author":[{"embeddable":true,"href":"https:\/\/www.linseis.com\/tr\/wp-json\/wp\/v2\/users\/3"}],"replies":[{"embeddable":true,"href":"https:\/\/www.linseis.com\/tr\/wp-json\/wp\/v2\/comments?post=113289"}],"version-history":[{"count":0,"href":"https:\/\/www.linseis.com\/tr\/wp-json\/wp\/v2\/pages\/113289\/revisions"}],"up":[{"embeddable":true,"href":"https:\/\/www.linseis.com\/tr\/wp-json\/wp\/v2\/pages\/113279"}],"wp:attachment":[{"href":"https:\/\/www.linseis.com\/tr\/wp-json\/wp\/v2\/media?parent=113289"}],"curies":[{"name":"wp","href":"https:\/\/api.w.org\/{rel}","templated":true}]}}