{"id":103656,"date":"2024-08-15T14:57:44","date_gmt":"2024-08-15T12:57:44","guid":{"rendered":"https:\/\/www.linseis.com\/a-empresa\/gtc\/"},"modified":"2026-01-12T10:09:09","modified_gmt":"2026-01-12T09:09:09","slug":"gtc","status":"publish","type":"page","link":"https:\/\/www.linseis.com\/pt-pt\/a-empresa\/gtc\/","title":{"rendered":"GTC"},"content":{"rendered":"\t\t<div data-elementor-type=\"wp-post\" data-elementor-id=\"103656\" class=\"elementor elementor-103656 elementor-38584\" data-elementor-post-type=\"page\">\n\t\t\t\t<div class=\"elementor-element elementor-element-a3549cf e-flex e-con-boxed e-con e-parent\" data-id=\"a3549cf\" data-element_type=\"container\" data-e-type=\"container\" data-settings=\"{&quot;background_background&quot;:&quot;classic&quot;}\">\n\t\t\t\t\t<div class=\"e-con-inner\">\n\t\t\t\t<div class=\"elementor-element elementor-element-ac41c94 elementor-widget elementor-widget-image\" data-id=\"ac41c94\" data-element_type=\"widget\" data-e-type=\"widget\" data-widget_type=\"image.default\">\n\t\t\t\t<div class=\"elementor-widget-container\">\n\t\t\t\t\t\t\t\t\t\t\t\t\t\t\t<img fetchpriority=\"high\" decoding=\"async\" width=\"800\" height=\"800\" src=\"https:\/\/www.linseis.com\/wp-content\/uploads\/2024\/06\/linseis_scale-top-1.svg\" class=\"attachment-large size-large wp-image-29175\" alt=\"\" \/>\t\t\t\t\t\t\t\t\t\t\t\t\t\t\t<\/div>\n\t\t\t\t<\/div>\n\t\t\t\t<div class=\"elementor-element elementor-element-28a610f elementor-invisible elementor-widget elementor-widget-image\" data-id=\"28a610f\" data-element_type=\"widget\" data-e-type=\"widget\" data-settings=\"{&quot;_animation&quot;:&quot;fadeInUp&quot;}\" data-widget_type=\"image.default\">\n\t\t\t\t<div class=\"elementor-widget-container\">\n\t\t\t\t\t\t\t\t\t\t\t\t\t\t\t<img decoding=\"async\" width=\"800\" height=\"800\" src=\"https:\/\/www.linseis.com\/wp-content\/uploads\/2024\/06\/linseis-pushing-boundaries-1.svg\" class=\"attachment-large size-large wp-image-29195\" alt=\"\" \/>\t\t\t\t\t\t\t\t\t\t\t\t\t\t\t<\/div>\n\t\t\t\t<\/div>\n\t\t\t\t<div class=\"elementor-element elementor-element-b4a6800 elementor-widget elementor-widget-image\" data-id=\"b4a6800\" data-element_type=\"widget\" data-e-type=\"widget\" data-widget_type=\"image.default\">\n\t\t\t\t<div class=\"elementor-widget-container\">\n\t\t\t\t\t\t\t\t\t\t\t\t\t\t\t<img decoding=\"async\" width=\"800\" height=\"800\" src=\"https:\/\/www.linseis.com\/wp-content\/uploads\/2024\/06\/linseis_scale-bottom-1.svg\" class=\"attachment-large size-large wp-image-29171\" alt=\"\" \/>\t\t\t\t\t\t\t\t\t\t\t\t\t\t\t<\/div>\n\t\t\t\t<\/div>\n\t\t\t\t\t<\/div>\n\t\t\t\t<\/div>\n\t\t<div class=\"elementor-element elementor-element-7c8d6cc e-flex e-con-boxed e-con e-parent\" data-id=\"7c8d6cc\" data-element_type=\"container\" data-e-type=\"container\" data-settings=\"{&quot;background_background&quot;:&quot;classic&quot;}\">\n\t\t\t\t\t<div class=\"e-con-inner\">\n\t\t\t\t\t<\/div>\n\t\t\t\t<\/div>\n\t\t<div class=\"elementor-element elementor-element-d7b7522 e-flex e-con-boxed e-con e-parent\" data-id=\"d7b7522\" data-element_type=\"container\" data-e-type=\"container\" data-settings=\"{&quot;background_background&quot;:&quot;classic&quot;}\">\n\t\t\t\t\t<div class=\"e-con-inner\">\n\t\t<div class=\"elementor-element elementor-element-7e2c0c3 e-con-full e-flex e-con e-child\" data-id=\"7e2c0c3\" data-element_type=\"container\" data-e-type=\"container\">\n\t\t\t\t<\/div>\n\t\t<div class=\"elementor-element elementor-element-449b6fd e-con-full e-flex e-con e-child\" data-id=\"449b6fd\" data-element_type=\"container\" data-e-type=\"container\">\n\t\t\t\t<div class=\"elementor-element elementor-element-cc1182c elementor-invisible elementor-widget elementor-widget-heading\" data-id=\"cc1182c\" data-element_type=\"widget\" data-e-type=\"widget\" data-settings=\"{&quot;_animation&quot;:&quot;fadeInUp&quot;,&quot;_animation_delay&quot;:250}\" data-widget_type=\"heading.default\">\n\t\t\t\t<div class=\"elementor-widget-container\">\n\t\t\t\t\t<h1 class=\"elementor-heading-title elementor-size-default\">AGB's<\/h1>\t\t\t\t<\/div>\n\t\t\t\t<\/div>\n\t\t\t\t<div class=\"elementor-element elementor-element-a10166b elementor-invisible elementor-widget elementor-widget-text-editor\" data-id=\"a10166b\" data-element_type=\"widget\" data-e-type=\"widget\" data-settings=\"{&quot;_animation&quot;:&quot;fadeInUp&quot;}\" data-widget_type=\"text-editor.default\">\n\t\t\t\t<div class=\"elementor-widget-container\">\n\t\t\t\t\t\t\t\t\t<p>V\u00e1lido a partir de 25\/05\/2018<\/p><h2>1. informa\u00e7\u00f5es gerais<\/h2><p>a) Todas as ofertas, vendas e entregas baseiam-se nos nossos Termos e Condi\u00e7\u00f5es Gerais de Contrato abaixo indicados.<\/p><p>Recolhemos, processamos e utilizamos os teus dados pessoais na medida em que tal seja necess\u00e1rio para a presta\u00e7\u00e3o dos nossos servi\u00e7os e\/ou para o funcionamento deste s\u00edtio Web.<br>Podes encontrar a nossa pol\u00edtica de privacidade atual aqui: <a class=\"internal-link\" title=\"Abre a liga\u00e7\u00e3o interna na janela atual\" href=\"https:\/\/www.linseis.com\/de\/unternehmen\/datenschutz\/\" target=\"_top\" rel=\"noopener noreferrer\" data-auto-event-observed=\"true\">https:\/\/www.linseis.com\/de\/unternehmen\/datenschutz\/<\/a><\/p><p>b) Rejeita as condi\u00e7\u00f5es de compra, de entrega e de pagamento do comprador que sejam contradit\u00f3rias. Estas n\u00e3o se aplicam mesmo que estejam contidas numa carta de confirma\u00e7\u00e3o do comprador ap\u00f3s a nossa confirma\u00e7\u00e3o de encomenda e que n\u00e3o nos oponhamos a elas porque o nosso sil\u00eancio significa que as rejeitamos. Quaisquer acordos verbais ou telef\u00f3nicos que se desviem dos nossos termos e condi\u00e7\u00f5es contratuais requerem a nossa confirma\u00e7\u00e3o por escrito para serem legalmente eficazes. O mesmo se aplica a acordos subsidi\u00e1rios e promessas feitas pelos nossos representantes e funcion\u00e1rios, que s\u00f3 se tornam vinculativos para n\u00f3s ap\u00f3s a rece\u00e7\u00e3o da nossa confirma\u00e7\u00e3o por escrito pelo comprador.   <\/p><p>c) Mesmo em caso de contradi\u00e7\u00f5es nas declara\u00e7\u00f5es contratuais m\u00fatuas anteriores ou nas cartas de confirma\u00e7\u00e3o, o contrato \u00e9 sempre celebrado atrav\u00e9s da aceita\u00e7\u00e3o da nossa entrega ou de outros servi\u00e7os de cumprimento de acordo com as nossas condi\u00e7\u00f5es contratuais aqui reproduzidas.<\/p><h2><br>2. oferece<\/h2><p>a) As nossas ofertas est\u00e3o sujeitas a altera\u00e7\u00f5es, exceto se forem expressamente declaradas como vinculativas ou firmes. O contrato s\u00f3 se torna vinculativo para n\u00f3s ap\u00f3s a nossa confirma\u00e7\u00e3o de encomenda por escrito. <\/p><p>b) As ilustra\u00e7\u00f5es, desenhos, brochuras, material publicit\u00e1rio, etc., relativos aos nossos produtos, nomeadamente os dados neles contidos, constituem apenas valores aproximados. N\u00e3o cont\u00eam, em caso algum, garantias ou garantias de determinadas propriedades. As garantias e as garantias s\u00f3 podem ser acordadas por escrito e designadas como tal. S\u00f3 existe um defeito no sentido do \u00a7 434 do BGB se a qualidade real se desviar significativamente da qualidade descrita na ilustra\u00e7\u00e3o, desenho, brochura ou folheto publicit\u00e1rio.   <\/p><h2><br>3. pre\u00e7os<\/h2><p>a) Salvo acordo em contr\u00e1rio, os pre\u00e7os s\u00e3o ex works Selb. Baseia-se nos custos no momento da celebra\u00e7\u00e3o do contrato. Se o prazo de entrega for superior a 4 meses, temos o direito de cobrar ao comprador em caso de introdu\u00e7\u00e3o ou aumento posterior de direitos aduaneiros, impostos, custos de frete, custos de energia, sal\u00e1rios, etc., ou em caso de aumento dos nossos pre\u00e7os de custo devido a altera\u00e7\u00f5es nas taxas de c\u00e2mbio &#8211; mesmo que estas entrem em vigor retroativamente.  <\/p><p>b) Para encomendas de valor inferior a 75 euros l\u00edquidos, temos o direito de cobrar 20 euros l\u00edquidos para compensar os custos de processamento de pequenas encomendas.<\/p><h2><br>4. expedi\u00e7\u00e3o, transporte e seguro<\/h2><p>a) Mesmo que tenhamos vendido a mercadoria com porte pago, FOB ou C&amp;F, a mercadoria \u00e9 transportada por conta e risco do comprador. Mesmo que escolhamos o meio de transporte, o transportador e\/ou o itiner\u00e1rio de transporte, a mercadoria \u00e9 transportada por conta e risco do comprador, com exclus\u00e3o de qualquer responsabilidade da nossa parte. <\/p><p>b) As remessas s\u00f3 ser\u00e3o seguradas por e contra danos de transporte a pedido expresso do comprador. Os pr\u00e9mios e despesas da\u00ed resultantes ficam a cargo do comprador. <\/p><h2><br>5. datas de entrega<\/h2><p>a) Salvo acordo expresso em contr\u00e1rio, as datas de entrega e de execu\u00e7\u00e3o acordadas s\u00e3o apenas aproximadas e n\u00e3o s\u00e3o vinculativas para n\u00f3s.<\/p><p>b) Circunst\u00e2ncias especiais, como greves, cessa\u00e7\u00e3o de opera\u00e7\u00f5es, restri\u00e7\u00f5es operacionais, interrup\u00e7\u00f5es operacionais, proibi\u00e7\u00f5es de importa\u00e7\u00e3o e exporta\u00e7\u00e3o, dificuldades de processamento com os nossos fornecedores e outros eventos e circunst\u00e2ncias n\u00e3o previstos por n\u00f3s, que direta ou indiretamente perturbem ou impe\u00e7am a entrega ou os servi\u00e7os, libertam-nos da nossa obriga\u00e7\u00e3o de cumprir durante a dura\u00e7\u00e3o e o \u00e2mbito das interrup\u00e7\u00f5es operacionais ou de expedi\u00e7\u00e3o resultantes, sem que o comprador possa da\u00ed derivar quaisquer pedidos de indemniza\u00e7\u00e3o.<\/p><p>c) Se n\u00e3o cumprirmos um prazo de entrega acordado como vinculativo, o comprador tem o direito de rescindir o contrato ap\u00f3s o termo infrut\u00edfero de um per\u00edodo de car\u00eancia razo\u00e1vel que lhe ser\u00e1 fixado por escrito. Em caso de neglig\u00eancia leve, a indemniza\u00e7\u00e3o por danos \u00e9 limitada a um m\u00e1ximo de tr\u00eas vezes o pre\u00e7o de compra do artigo n\u00e3o entregue a tempo, no caso de equipamento anal\u00edtico, por cada semana completa de atraso, a 0,5 % do pre\u00e7o de compra do equipamento ou parte do equipamento que n\u00e3o possa ser utilizado devido ao atraso na entrega, mas a um m\u00e1ximo de 5 % no total. Al\u00e9m disso, s\u00f3 seremos respons\u00e1veis nos termos da al\u00ednea e) do ponto 9 das presentes condi\u00e7\u00f5es gerais de venda e fornecimento.    <\/p><p>d) Se o comprador n\u00e3o cumprir um ato que lhe incumbe, por exemplo, em rela\u00e7\u00e3o a encomendas ou trabalhos preparat\u00f3rios ou \u00e0 aceita\u00e7\u00e3o do objeto de compra ou se estiver em falta com a aceita\u00e7\u00e3o ou aceita\u00e7\u00e3o, o pre\u00e7o de compra acordado ou o pre\u00e7o de compra residual pendente tornar-se-\u00e1 devido ap\u00f3s o termo de um per\u00edodo de car\u00eancia razo\u00e1vel. Al\u00e9m disso, os efeitos dos \u00a7\u00a7 300-304 BGB (C\u00f3digo Civil Alem\u00e3o), bem como um pedido adicional de indemniza\u00e7\u00e3o por danos adicionais, n\u00e3o s\u00e3o afectados. O armazenamento tempor\u00e1rio do objeto de compra, a nosso crit\u00e9rio, fica por conta e risco do comprador.  <\/p><h2><br>6. fatura\u00e7\u00e3o e pagamento<\/h2><p>a) As nossas facturas devem ser pagas sem dedu\u00e7\u00e3o no prazo de 30 dias ap\u00f3s a sua emiss\u00e3o. Mesmo em caso de pagamento antecipado, o comprador n\u00e3o tem direito a qualquer desconto. As letras de c\u00e2mbio e os cheques, que n\u00e3o somos obrigados a aceitar, s\u00f3 s\u00e3o aceites por conta da execu\u00e7\u00e3o. O pagamento s\u00f3 \u00e9 considerado efectuado ap\u00f3s o seu pagamento em numer\u00e1rio.   <\/p><p>b) Podemos rescindir o contrato ou exigir uma indemniza\u00e7\u00e3o por incumprimento se n\u00e3o for cumprido o prazo de pagamento de uma semana ap\u00f3s a data de vencimento. A nossa rescis\u00e3o n\u00e3o afecta os pedidos de indemniza\u00e7\u00e3o (por exemplo, por despesas perdidas, lucros cessantes, etc.). <\/p><p>c) Se a situa\u00e7\u00e3o financeira se deteriorar consideravelmente ap\u00f3s a celebra\u00e7\u00e3o do contrato de compra e venda ou se, posteriormente, tomarmos conhecimento de que \u00e9 consideravelmente pior do que sup\u00fanhamos, temos o direito de fazer depender o fornecimento do cumprimento pr\u00e9vio de todas as obriga\u00e7\u00f5es de pagamento do comprador &#8211; tamb\u00e9m de outros fornecimentos da nossa parte. Se o fornecimento j\u00e1 tiver sido efectuado, temos o direito de reclamar a mercadoria e de a reter at\u00e9 que o comprador tenha cumprido todas as suas obriga\u00e7\u00f5es de pagamento para connosco. Os cr\u00e9ditos para os quais foram emitidas letras de c\u00e2mbio com data de vencimento posterior tamb\u00e9m s\u00e3o imediatamente exig\u00edveis. As disposi\u00e7\u00f5es do presente par\u00e1grafo aplicam-se igualmente se tivermos aceite letras de c\u00e2mbio e recebermos informa\u00e7\u00f5es desfavor\u00e1veis sobre a situa\u00e7\u00e3o financeira do aceitante ou do sacador.   <\/p><p>d) O comprador s\u00f3 pode compensar cr\u00e9ditos que n\u00e3o sejam contestados ou que tenham sido reconhecidos por senten\u00e7a declarat\u00f3ria. O comprador n\u00e3o tem direito de reten\u00e7\u00e3o. <\/p><p>e) Os pagamentos devem ser transferidos exclusivamente para os dados banc\u00e1rios que constam da guia de remessa anexa \u00e0 mercadoria expedida.<\/p><p> <\/p><h2><br>7. reserva de propriedade<\/h2><p>a) Os nossos fornecimentos continuam a ser nossa propriedade at\u00e9 ao pagamento de todos os nossos cr\u00e9ditos &#8211; seja qual for o motivo, em particular tamb\u00e9m de transac\u00e7\u00f5es m\u00fatuas anteriores. No caso de uma conta corrente, o t\u00edtulo retido serve de garantia para os nossos cr\u00e9ditos de saldo. Temos o direito de determinar em que partes do total das obriga\u00e7\u00f5es do comprador devem ser compensados os pagamentos a-conto.  <\/p><p>b) Se os bens fornecidos forem combinados com outro bem m\u00f3vel de tal forma que devam ser considerados como parte essencial de um novo bem, o comprador cede-nos a copropriedade do novo bem numa base proporcional. O comprador exerce a propriedade do novo objeto em nosso nome. <\/p><p>c) O comprador pode revender o nosso objeto de entrega &#8211; desde que n\u00e3o esteja em atraso com o pagamento do pre\u00e7o de compra &#8211; no decurso normal da sua atividade comercial, sob reserva de reserva de propriedade contra pagamento em numer\u00e1rio ou por letra de c\u00e2mbio. Enquanto as mercadorias sujeitas a reserva de propriedade estiverem na posse do comprador, este deve armazen\u00e1-las para n\u00f3s com o cuidado de um empres\u00e1rio prudente. <\/p><p>d) Se o comprador vender a mercadoria com reserva de propriedade juntamente com outras mercadorias, cede-nos os cr\u00e9ditos da revenda da mercadoria com reserva de propriedade na totalidade, em caso de transforma\u00e7\u00e3o pr\u00e9via ou mistura com mercadorias que n\u00e3o nos pertencem, no montante do valor da mercadoria transformada com reserva de propriedade. Se a venda for efectuada a um pre\u00e7o total, o comprador cede-nos o seu direito ao pre\u00e7o de compra no montante do valor da mercadoria reservada que \u00e9 objeto do presente contrato de compra e venda. <\/p><p>e) A nosso pedido, o comprador tem a obriga\u00e7\u00e3o de notificar o terceiro devedor da cess\u00e3o a n\u00f3s, indicando o montante do nosso cr\u00e9dito. Deve fornecer-nos todas as informa\u00e7\u00f5es e documentos necess\u00e1rios para fazer valer os nossos direitos. Se o valor dos cr\u00e9ditos que nos foram cedidos exceder em mais de 20% o total dos nossos cr\u00e9ditos pendentes contra o comprador, somos obrigados a retransferir o montante excedente a pedido do comprador.  <\/p><p>f) N\u00e3o s\u00e3o permitidas a penhora, a transfer\u00eancia a t\u00edtulo de garantia e a cess\u00e3o a t\u00edtulo de garantia dos nossos bens reservados, bem como dos direitos que nos assistem e outras disposi\u00e7\u00f5es do comprador que prejudiquem os nossos direitos. O comprador deve notificar-nos imediatamente de qualquer interfer\u00eancia de terceiros &#8211; quer com os bens reservados, quer com os cr\u00e9ditos que nos foram cedidos ou com os direitos estabelecidos de acordo com os par\u00e1grafos anteriores &#8211; e enviar-nos todos os documentos necess\u00e1rios para uma interven\u00e7\u00e3o. Todos os custos de uma interven\u00e7\u00e3o da nossa parte ficam a cargo do comprador.  <\/p><p>g) A reivindica\u00e7\u00e3o da reserva de propriedade e a recupera\u00e7\u00e3o do bem reservado por n\u00f3s n\u00e3o \u00e9 considerada como uma rescis\u00e3o do contrato, mas apenas para garantir os nossos direitos.<\/p><h2><br>8 Condi\u00e7\u00f5es de licen\u00e7a para software<\/h2><p>Se, no \u00e2mbito da venda de um sistema (hardware), tamb\u00e9m fornecermos ao comprador software &#8211; independentemente de se tratar de software de sistema operativo ou de software de utilizador &#8211; aplicam-se as seguintes condi\u00e7\u00f5es de licenciamento:<\/p><p>a) O comprador recebe o direito intransmiss\u00edvel e n\u00e3o exclusivo de utilizar o software fornecido por n\u00f3s, juntamente com a documenta\u00e7\u00e3o escrita, em liga\u00e7\u00e3o com os dispositivos que s\u00e3o objeto do contrato de compra e com os quais ou para os quais o software \u00e9 fornecido. A duplica\u00e7\u00e3o do software s\u00f3 \u00e9 permitida para efeitos de c\u00f3pia de seguran\u00e7a. A reprodu\u00e7\u00e3o para outros fins, a transmiss\u00e3o do software a terceiros e qualquer outra distribui\u00e7\u00e3o do software n\u00e3o s\u00e3o permitidas. Qualquer extens\u00e3o ou modifica\u00e7\u00e3o do equipamento de software pretendida pelo comprador ou qualquer outra interven\u00e7\u00e3o num programa deve ser-nos comunicada com a devida anteced\u00eancia e n\u00e3o \u00e9 permitida sem a nossa autoriza\u00e7\u00e3o expressa.   <\/p><p>b) Todos os direitos sobre o software permanecer\u00e3o connosco, em particular o software permanecer\u00e1 como nossa propriedade intelectual exclusiva na ace\u00e7\u00e3o da lei dos direitos de autor, independentemente de o software estar patenteado, protegido de qualquer outra forma ou n\u00e3o estar protegido. A transmiss\u00e3o do software ou dos documentos escritos associados a terceiros requer o nosso consentimento pr\u00e9vio e expresso por escrito. <\/p><p>c) A taxa de licen\u00e7a est\u00e1 inclu\u00edda no pre\u00e7o de compra do hardware ou software.<\/p><p>d) Temos o direito de rescindir a rela\u00e7\u00e3o de licen\u00e7a existente com o comprador sem aviso pr\u00e9vio se o comprador violar as condi\u00e7\u00f5es de licen\u00e7a acima mencionadas e violar novamente as condi\u00e7\u00f5es de licen\u00e7a no prazo de 15 dias ap\u00f3s uma advert\u00eancia.<\/p><h2><br>9. garantia contra defeitos<\/h2><p>Salvo acordo em contr\u00e1rio, o per\u00edodo de garantia das pe\u00e7as fornecidas por n\u00f3s \u00e9 de 1 ano. As pe\u00e7as que se revelem inadequadas devido a defeitos de material ou de fabrico ser\u00e3o reparadas ou substitu\u00eddas por n\u00f3s ou pelo cliente, \u00e0 nossa discri\u00e7\u00e3o. N\u00e3o assumimos qualquer responsabilidade por danos resultantes do desgaste natural. Cabe ao cliente o \u00f3nus da prova de que o defeito j\u00e1 existia no momento da entrega e, em especial, de que n\u00e3o foi causado por um manuseamento incorreto ou por influ\u00eancias externas. O mesmo se aplica no caso de o comprador ou terceiros terem efectuado altera\u00e7\u00f5es, rectifica\u00e7\u00f5es ou repara\u00e7\u00f5es sem o nosso consentimento.    <\/p><p>a) Nas descri\u00e7\u00f5es dos nossos produtos, chamamos regularmente a aten\u00e7\u00e3o para o facto de a dura\u00e7\u00e3o da funcionalidade dos aparelhos por n\u00f3s fornecidos depender, em grande medida, do tipo e da dura\u00e7\u00e3o da utiliza\u00e7\u00e3o, devido \u00e0 sua finalidade espec\u00edfica, o que, por sua vez, pode tornar necess\u00e1ria a substitui\u00e7\u00e3o de determinadas pe\u00e7as de desgaste a intervalos mais ou menos longos. O desgaste destas pe\u00e7as n\u00e3o est\u00e1 coberto pela garantia. <\/p><p>b) A descoberta de defeitos deve ser-nos comunicada imediatamente por escrito, no caso de defeitos evidentes no prazo de 8 dias ap\u00f3s a entrega. Em caso de reclama\u00e7\u00e3o, o comprador n\u00e3o est\u00e1 autorizado a efetuar altera\u00e7\u00f5es ou retrabalhos a expensas nossas sem o nosso consentimento. As pe\u00e7as rejeitadas passam a ser propriedade nossa. S\u00f3 nos responsabilizamos pelos trabalhos de corre\u00e7\u00e3o efectuados ou pelas pe\u00e7as sobressalentes fornecidas at\u00e9 ao fim do prazo de garantia do fornecimento original. O regulamento sobre a reserva de propriedade (7. acima) tamb\u00e9m se aplica a fornecimentos posteriores.    <\/p><p>c) Se a repara\u00e7\u00e3o ou substitui\u00e7\u00e3o falhar (por exemplo, por ser imposs\u00edvel, falhar duas vezes ou n\u00e3o ser bem sucedida dentro de um per\u00edodo de tempo razo\u00e1vel), o cliente pode, \u00e0 sua discri\u00e7\u00e3o, exigir uma redu\u00e7\u00e3o da remunera\u00e7\u00e3o ou a rescis\u00e3o do contrato. S\u00f3 assumimos a responsabilidade dentro dos limites do n.\u00ba 9 al\u00ednea e) das presentes Condi\u00e7\u00f5es Gerais de Venda e Fornecimento.  <\/p><p>d) S\u00f3 nos responsabilizamos por danos resultantes de uma viola\u00e7\u00e3o intencional ou por neglig\u00eancia grave da nossa parte ou de um dos nossos representantes legais ou agentes. Excluem-se desta limita\u00e7\u00e3o de responsabilidade os danos resultantes da viola\u00e7\u00e3o de uma obriga\u00e7\u00e3o cujo cumprimento seja de particular import\u00e2ncia para a realiza\u00e7\u00e3o do objetivo do contrato (obriga\u00e7\u00e3o fundamental), a menos que os danos sejam imprevis\u00edveis ou n\u00e3o t\u00edpicos do contrato. Tamb\u00e9m est\u00e3o exclu\u00eddos desta limita\u00e7\u00e3o de responsabilidade os danos resultantes de les\u00f5es \u00e0 vida, ao corpo ou \u00e0 sa\u00fade que se baseiem numa viola\u00e7\u00e3o negligente ou intencional do dever por n\u00f3s ou por um dos nossos representantes legais ou agentes indiretos. A responsabilidade n\u00e3o \u00e9 limitada se, por exemplo, for obrigat\u00f3ria a responsabilidade por danos pessoais ou danos em bens de uso privado ao abrigo da lei de responsabilidade por produtos.   <\/p><h2><br>10 Disposi\u00e7\u00f5es complementares<\/h2><p>Se algumas disposi\u00e7\u00f5es das condi\u00e7\u00f5es contratuais acima referidas forem ou se tornarem inv\u00e1lidas, tal n\u00e3o afectar\u00e1 a validade das restantes disposi\u00e7\u00f5es e do contrato no seu conjunto. As partes contratantes devem ent\u00e3o executar o contrato com uma disposi\u00e7\u00e3o de substitui\u00e7\u00e3o eficaz que mais se aproxime do objetivo econ\u00f3mico prosseguido pela disposi\u00e7\u00e3o omitida. <\/p><p>a) O contrato e a sua execu\u00e7\u00e3o s\u00e3o regidos exclusivamente pelo direito alem\u00e3o. Exclui-se a aplica\u00e7\u00e3o das Leis Uniformes sobre a Venda Internacional de Mercadorias. <\/p><p>b) O local de cumprimento e de pagamento \u00e9 Selb\/Baviera.<\/p><p>c) A jurisdi\u00e7\u00e3o exclusiva para todas as reivindica\u00e7\u00f5es decorrentes do contrato e da sua execu\u00e7\u00e3o &#8211; incluindo as reivindica\u00e7\u00f5es que podem ser reivindicadas em processos relacionados com letras de c\u00e2mbio, cheques e documentos &#8211; \u00e9 Hof, com a ressalva de que tamb\u00e9m podemos escolher o local de jurisdi\u00e7\u00e3o geral do comprador como o local de jurisdi\u00e7\u00e3o e, \u00e0 nossa discri\u00e7\u00e3o, apresentar um lit\u00edgio legal ao tribunal local como o tribunal competente, independentemente do montante em lit\u00edgio.<br><br><\/p><p>LINSEIS Messger\u00e4te GmbH<br>Vielitzer Str. 43<br>D-95100 Selb<br>Alemanha<\/p>\t\t\t\t\t\t\t\t<\/div>\n\t\t\t\t<\/div>\n\t\t\t\t<\/div>\n\t\t<div class=\"elementor-element elementor-element-13cd405 e-con-full e-flex e-con e-child\" data-id=\"13cd405\" data-element_type=\"container\" data-e-type=\"container\">\n\t\t\t\t<\/div>\n\t\t\t\t\t<\/div>\n\t\t\t\t<\/div>\n\t\t\t\t<\/div>\n\t\t","protected":false},"excerpt":{"rendered":"<p>AGB&#8217;s V\u00e1lido a partir de 25\/05\/2018 1. informa\u00e7\u00f5es gerais a) Todas as ofertas, vendas e entregas baseiam-se nos nossos Termos e Condi\u00e7\u00f5es Gerais de Contrato abaixo indicados. Recolhemos, processamos e utilizamos os teus dados pessoais na medida em que tal seja necess\u00e1rio para a presta\u00e7\u00e3o dos nossos servi\u00e7os e\/ou para o funcionamento deste s\u00edtio Web.Podes [&hellip;]<\/p>\n","protected":false},"author":3,"featured_media":0,"parent":103652,"menu_order":0,"comment_status":"closed","ping_status":"closed","template":"","meta":{"_acf_changed":false,"inline_featured_image":false,"footnotes":""},"class_list":["post-103656","page","type-page","status-publish","hentry"],"acf":[],"_links":{"self":[{"href":"https:\/\/www.linseis.com\/pt-pt\/wp-json\/wp\/v2\/pages\/103656","targetHints":{"allow":["GET"]}}],"collection":[{"href":"https:\/\/www.linseis.com\/pt-pt\/wp-json\/wp\/v2\/pages"}],"about":[{"href":"https:\/\/www.linseis.com\/pt-pt\/wp-json\/wp\/v2\/types\/page"}],"author":[{"embeddable":true,"href":"https:\/\/www.linseis.com\/pt-pt\/wp-json\/wp\/v2\/users\/3"}],"replies":[{"embeddable":true,"href":"https:\/\/www.linseis.com\/pt-pt\/wp-json\/wp\/v2\/comments?post=103656"}],"version-history":[{"count":0,"href":"https:\/\/www.linseis.com\/pt-pt\/wp-json\/wp\/v2\/pages\/103656\/revisions"}],"up":[{"embeddable":true,"href":"https:\/\/www.linseis.com\/pt-pt\/wp-json\/wp\/v2\/pages\/103652"}],"wp:attachment":[{"href":"https:\/\/www.linseis.com\/pt-pt\/wp-json\/wp\/v2\/media?parent=103656"}],"curies":[{"name":"wp","href":"https:\/\/api.w.org\/{rel}","templated":true}]}}