{"id":103592,"date":"2024-07-25T13:23:11","date_gmt":"2024-07-25T11:23:11","guid":{"rendered":"https:\/\/www.linseis.com\/boletim-informativo\/"},"modified":"2025-10-08T10:15:09","modified_gmt":"2025-10-08T08:15:09","slug":"boletim-informativo","status":"publish","type":"page","link":"https:\/\/www.linseis.com\/pt-pt\/boletim-informativo\/","title":{"rendered":"Boletim informativo"},"content":{"rendered":"\t\t<div data-elementor-type=\"wp-post\" data-elementor-id=\"103592\" class=\"elementor elementor-103592 elementor-21049\" data-elementor-post-type=\"page\">\n\t\t\t\t<div class=\"elementor-element elementor-element-a3549cf e-flex e-con-boxed e-con e-parent\" data-id=\"a3549cf\" data-element_type=\"container\" data-e-type=\"container\" data-settings=\"{&quot;background_background&quot;:&quot;classic&quot;}\">\n\t\t\t\t\t<div class=\"e-con-inner\">\n\t\t\t\t<div class=\"elementor-element elementor-element-ac41c94 elementor-widget elementor-widget-image\" data-id=\"ac41c94\" data-element_type=\"widget\" data-e-type=\"widget\" data-widget_type=\"image.default\">\n\t\t\t\t<div class=\"elementor-widget-container\">\n\t\t\t\t\t\t\t\t\t\t\t\t\t\t\t<img fetchpriority=\"high\" decoding=\"async\" width=\"800\" height=\"800\" src=\"https:\/\/www.linseis.com\/wp-content\/uploads\/2024\/06\/linseis_scale-top-1.svg\" class=\"attachment-large size-large wp-image-29175\" alt=\"\" \/>\t\t\t\t\t\t\t\t\t\t\t\t\t\t\t<\/div>\n\t\t\t\t<\/div>\n\t\t\t\t<div class=\"elementor-element elementor-element-119fd0b elementor-invisible elementor-widget elementor-widget-image\" data-id=\"119fd0b\" data-element_type=\"widget\" data-e-type=\"widget\" data-settings=\"{&quot;_animation&quot;:&quot;fadeInUp&quot;}\" data-widget_type=\"image.default\">\n\t\t\t\t<div class=\"elementor-widget-container\">\n\t\t\t\t\t\t\t\t\t\t\t\t\t\t\t<img decoding=\"async\" width=\"800\" height=\"800\" src=\"https:\/\/www.linseis.com\/wp-content\/uploads\/2024\/06\/linseis-pushing-boundaries-1.svg\" class=\"attachment-large size-large wp-image-29195\" alt=\"\" \/>\t\t\t\t\t\t\t\t\t\t\t\t\t\t\t<\/div>\n\t\t\t\t<\/div>\n\t\t\t\t<div class=\"elementor-element elementor-element-b4a6800 elementor-widget elementor-widget-image\" data-id=\"b4a6800\" data-element_type=\"widget\" data-e-type=\"widget\" data-widget_type=\"image.default\">\n\t\t\t\t<div class=\"elementor-widget-container\">\n\t\t\t\t\t\t\t\t\t\t\t\t\t\t\t<img decoding=\"async\" width=\"800\" height=\"800\" src=\"https:\/\/www.linseis.com\/wp-content\/uploads\/2024\/06\/linseis_scale-bottom-1.svg\" class=\"attachment-large size-large wp-image-29171\" alt=\"\" \/>\t\t\t\t\t\t\t\t\t\t\t\t\t\t\t<\/div>\n\t\t\t\t<\/div>\n\t\t\t\t\t<\/div>\n\t\t\t\t<\/div>\n\t\t<div class=\"elementor-element elementor-element-7c8d6cc e-flex e-con-boxed e-con e-parent\" data-id=\"7c8d6cc\" data-element_type=\"container\" data-e-type=\"container\" data-settings=\"{&quot;background_background&quot;:&quot;classic&quot;}\">\n\t\t\t\t\t<div class=\"e-con-inner\">\n\t\t\t\t\t<\/div>\n\t\t\t\t<\/div>\n\t\t<div class=\"elementor-element elementor-element-d7b7522 e-flex e-con-boxed e-con e-parent\" data-id=\"d7b7522\" data-element_type=\"container\" data-e-type=\"container\" data-settings=\"{&quot;background_background&quot;:&quot;classic&quot;}\">\n\t\t\t\t\t<div class=\"e-con-inner\">\n\t\t<div class=\"elementor-element elementor-element-449b6fd e-con-full e-flex e-con e-child\" data-id=\"449b6fd\" data-element_type=\"container\" data-e-type=\"container\">\n\t\t\t\t<div class=\"elementor-element elementor-element-031217d elementor-invisible elementor-widget elementor-widget-wp-widget-bcn_widget\" data-id=\"031217d\" data-element_type=\"widget\" data-e-type=\"widget\" data-settings=\"{&quot;_animation&quot;:&quot;fadeInUp&quot;}\" data-widget_type=\"wp-widget-bcn_widget.default\">\n\t\t\t\t<div class=\"elementor-widget-container\">\n\t\t\t\t\t<div class=\"breadcrumbs\" vocab=\"https:\/\/schema.org\/\" typeof=\"BreadcrumbList\"><span property=\"itemListElement\" typeof=\"ListItem\"><a property=\"item\" typeof=\"WebPage\" title=\"Go to Linseis.\" href=\"https:\/\/www.linseis.com\/pt-pt\/\" class=\"home\" aria-current=\"page\"><span property=\"name\">Linseis<\/span><\/a><meta property=\"position\" content=\"1\"><\/span><\/div>\t\t\t\t<\/div>\n\t\t\t\t<\/div>\n\t\t\t\t<div class=\"elementor-element elementor-element-cc1182c elementor-invisible elementor-widget elementor-widget-heading\" data-id=\"cc1182c\" data-element_type=\"widget\" data-e-type=\"widget\" data-settings=\"{&quot;_animation&quot;:&quot;fadeInUp&quot;,&quot;_animation_delay&quot;:250}\" data-widget_type=\"heading.default\">\n\t\t\t\t<div class=\"elementor-widget-container\">\n\t\t\t\t\t<h1 class=\"elementor-heading-title elementor-size-default\"><b>Boletim informativo - \"Measurement Matters Monthly\" (Medi\u00e7\u00e3o Mensal)<\/b><\/h1>\t\t\t\t<\/div>\n\t\t\t\t<\/div>\n\t\t\t\t<\/div>\n\t\t<div class=\"elementor-element elementor-element-13cd405 e-con-full e-flex e-con e-child\" data-id=\"13cd405\" data-element_type=\"container\" data-e-type=\"container\">\n\t\t\t\t<\/div>\n\t\t\t\t\t<\/div>\n\t\t\t\t<\/div>\n\t\t<div class=\"elementor-element elementor-element-865791d e-flex e-con-boxed elementor-invisible e-con e-parent\" data-id=\"865791d\" data-element_type=\"container\" data-e-type=\"container\" data-settings=\"{&quot;animation&quot;:&quot;fadeInUp&quot;}\">\n\t\t\t\t\t<div class=\"e-con-inner\">\n\t\t\t\t<div class=\"elementor-element elementor-element-5cfc116 elementor-widget elementor-widget-text-editor\" data-id=\"5cfc116\" data-element_type=\"widget\" data-e-type=\"widget\" data-widget_type=\"text-editor.default\">\n\t\t\t\t<div class=\"elementor-widget-container\">\n\t\t\t\t\t\t\t\t\t<p>\ud83c\udf10 O <strong>que h\u00e1 de novo nos nossos laborat\u00f3rios?<\/strong> S\u00ea o primeiro a descobrir os nossos novos produtos e mant\u00e9m-te informado. As nossas solu\u00e7\u00f5es inovadoras foram concebidas para te dar uma vantagem na tua \u00e1rea. <\/p><p><strong>Expande os teus conhecimentos<\/strong> Enriquece os teus conhecimentos com os nossos webinars pessoais (sem v\u00eddeos repetidos!). Os nossos gestores de produto e especialistas de laborat\u00f3rio da Europa e dos EUA partilham os seus conhecimentos e respondem \u00e0s tuas perguntas. Mant\u00e9m-te informado e na vanguarda dos desenvolvimentos tecnol\u00f3gicos com os nossos eventos regulares.  <\/p><p>\ud83d\udd0d <strong>Aplica\u00e7\u00f5es em foco<\/strong> Com os nossos exemplos de aplica\u00e7\u00e3o detalhados, ilustramos como os nossos dispositivos podem ser utilizados em v\u00e1rias ind\u00fastrias. Aprende com a experi\u00eancia de outros e descobre novas possibilidades de aplica\u00e7\u00e3o para os teus desafios. <\/p><p><strong>Encontra-nos pessoalmente<\/strong> Visita-nos em feiras e eventos em todo o mundo. Experimenta os nossos produtos em a\u00e7\u00e3o ao vivo e fala pessoalmente com os nossos especialistas. Estamos ansiosos por te conhecer e responder \u00e0s tuas perguntas individuais.  <\/p><p><strong><br>Faz parte da nossa comunidade<\/strong><\/p><p>Mant\u00e9m-te atualizado e nunca mais percas nenhuma not\u00edcia! Inscreve-te agora na nossa newsletter Linseis e mant\u00e9m-te atualizado com convites para os nossos webinars, informa\u00e7\u00f5es sobre novos produtos e informa\u00e7\u00f5es exclusivas sobre aplica\u00e7\u00f5es e eventos futuros. <\/p>\t\t\t\t\t\t\t\t<\/div>\n\t\t\t\t<\/div>\n\t\t\t\t\t<\/div>\n\t\t\t\t<\/div>\n\t\t<div class=\"elementor-element elementor-element-4c0c530 e-flex e-con-boxed e-con e-parent\" data-id=\"4c0c530\" data-element_type=\"container\" data-e-type=\"container\" data-settings=\"{&quot;background_background&quot;:&quot;classic&quot;}\">\n\t\t\t\t\t<div class=\"e-con-inner\">\n\t\t<div class=\"elementor-element elementor-element-6c826a8 e-con-full e-flex e-con e-child\" data-id=\"6c826a8\" data-element_type=\"container\" data-e-type=\"container\">\n\t\t\t\t<div class=\"elementor-element elementor-element-ca66894 elementor-widget elementor-widget-text-editor\" data-id=\"ca66894\" data-element_type=\"widget\" data-e-type=\"widget\" data-widget_type=\"text-editor.default\">\n\t\t\t\t<div class=\"elementor-widget-container\">\n\t\t\t\t\t\t\t\t\t<p><script>\nfunction loadjQuery(e,t){var n=document.createElement(\"script\");n.setAttribute(\"src\",e);n.onload=t;n.onreadystatechange=function(){if(this.readyState==\"complete\"||this.readyState==\"loaded\")t()};document.getElementsByTagName(\"head\")[0].appendChild(n)}function main(){\nvar $cr=jQuery.noConflict();var old_src;$cr(document).ready(function(){$cr(\".cr_form\").submit(function(){$cr(this).find('.clever_form_error').removeClass('clever_form_error');$cr(this).find('.clever_form_note').remove();$cr(this).find(\".musthave\").find('input, textarea').each(function(){if(jQuery.trim($cr(this).val())==\"\"||($cr(this).is(':checkbox'))||($cr(this).is(':radio'))){if($cr(this).is(':checkbox')||($cr(this).is(':radio'))){if(!$cr(this).parents(\".cr_ipe_item\").find(\":checked\").is(\":checked\")){$cr(this).parents(\".cr_ipe_item\").addClass('clever_form_error')}}else{$cr(this).addClass('clever_form_error')}>;if($cr(this).attr(\"action\").search(document.domain)>0&&$cr(\".cr_form\").attr(\"action\").search(\"wcs\")>0){var cr_email=$cr(this).find('input[name=email]');var unsub=false;if($cr(\"input['name=cr_subunsubscribe'][value='false']\").length){if($cr(\"input['name=cr_subunsubscribe'][value='false']\").is(\":checked\")){unsub=true}}if(cr_email.val()&&!unsub){$cr.ajax({type:\"GET\",url:$cr(\".cr_form\").attr(\"action\").replace(\"wcs\",\"check_email\")+window.btoa($cr(this).find('input[name=email]').val()),success:function(data){if(data){cr_email.addClass('clever_form_error').before(\"<\/p>\n<div class='clever_form_note cr_font'>\"+data+\"<\/div>\n<p>\");return false}},async:false})}var cr_captcha=$cr(this).find('input[name=captcha]');if(cr_captcha.val()){$cr.ajax({type:\"GET\",url:$cr(\".cr_form\").attr(\"action\").replace(\"wcs\",\"check_captcha\")+$cr(this).find('input[name=captcha]').val(),success:function(data){if(data){cr_captcha.addClass('clever_form_error').after(\"<\/p>\n<div style='display:block' class='clever_form_note cr_font'>\"+data+\"<\/div>\n<p>\");return false}},async:false})}}if($cr(this).find('.clever_form_error').length){return false}return true});$cr('input[class*=\"cr_number\"]').change(function(){if(isNaN($cr(this).val())){$cr(this).val(1)}if($cr(this).attr(\"min\")){if(($cr(this).val()*1)<($cr(this).attr(\"min\")*1)){$cr(this).val($cr(this).attr(\"min\"))}}if($cr(this).attr(\"max\")){if(($cr(this).val()*1)>($cr(this).attr(\"max\")*1)){$cr(this).val($cr(this).attr(\"max\"))}>;old_src=$cr(\"div[rel='captcha'] img:not(.captcha2_reload)\").attr(\"src\");if($cr(\"div[rel='captcha'] img:not(.captcha2_reload)\").length!=0){captcha_reload()>;function captcha_reload(){var timestamp=new Date().getTime();$cr(\"div[rel='captcha'] img:not(.captcha2_reload)\").attr(\"src\",\"\");$cr(\"div[rel='captcha'] img:not(.captcha2_reload)\").attr(\"src\",old_src+\"?t=\"+timestamp);return false}\n\n}\nif(typeof jQuery===\"undefined\"){loadjQuery(\"\/\/ajax.googleapis.com\/ajax\/libs\/jquery\/1.4.4\/jquery.min.js\",main)}else{main()}\n\n<\/script><\/p><p><style>\n* {box-sizing: border-box;}<br \/>\n.cr-mail-responsive, .cr-mail-responsive * {box-sizing: unset;}<br \/>\n.cr_site{margin:0;padding:75px 0 0 0;text-align:center;background-color:#eeeeee;}<br \/>\n.cr_font{font-size: 14px;font-family: Arial;}<br \/>\n.cr_page{width: 100% !important;max-width:640px}<br \/>\n.cr_body{box-shadow: 0px 0px 14px 0px rgba(51,51,51,0.4);border-radius:8px;line-height:150%;font-family:Helvetica;font-size:12px;color:#333333;}<br \/>\n.cr_body h2, .cr_header h2{font-size:22px;line-height:28px;margin:0 0 10px 0;}<br \/>\n.cr_body h1, .cr_header h2{font-size:28px;margin-bottom:15px;padding:0;margin-top:0;}<br \/>\n.wrapper, .cr_page{margin:0 auto 10px auto;text-align:left;}<br \/>\n.cr_header{text-align:center;background: transparent !Important;}<br \/>\n.cr_header img {max-width: 100%;}<br \/>\n.cr_body label, .cr_body .label{float:none;clear:both;display:inline-block;width:auto;margin-top:8px;text-align:left;font-weight:bold;position:relative;}<br \/>\n.cr_body .no-label{font-weight: normal;}<br \/>\n.cr_body #editable_content{padding:20px;}<br \/>\n.editable-content {padding:20px}<br \/>\n.cr_button{display:inline-block;font-family:'Helvetica', Arial, sans-serif;width:auto;white-space:nowrap;height:32px;margin:5px 0;padding:0 22px;text-decoration:none;text-align:center;font-weight:bold;font-style:normal;font-size:15px;line-height:32px;cursor:pointer;border:0;-moz-border-radius:4px;border-radius:4px;-webkit-border-radius:4px;vertical-align:top;}<br \/>\n.cr_button{background-color:#333;color:#ffffff;}<br \/>\n.cr_button:hover,.cr_button-small:hover{opacity:0.7;filter:alpha(opacity=70);}<br \/>\n.powered{padding:20px 0;width:560px;margin:0 auto;}<br \/>\n.cr_ipe_item label{line-height:150%;font-size:14px;}<br \/>\n.cr_ipe_item textarea{background: none repeat scroll 0 0 #ffffff;border-radius:3px;border: 1px solid #ccc;font-family: Helvetica;font-size: 16px;}<br \/>\n.cr_ipe_item input{background: none repeat scroll 0 0 #ffffff;border-radius:3px;border: 1px solid #ccc;padding: 12px;font-family: Helvetica;font-size: 16px;}<br \/>\n.cr_ipe_item select{background: none repeat scroll 0 0 #ffffff;border-radius:3px;border: 1px solid #ccc;padding: 12px !Important;display: block;margin: 0;padding: 5px;width: 100%;font-family: Helvetica;font-size: 16px;}<br \/>\n.cr_ipe_item input.cr_ipe_radio, input.cr_ipe_checkbox{-moz-binding: none;-moz-box-sizing: border-box;background-color: -moz-field !important;border: 2px inset ThreeDFace !important;color: -moz-fieldtext !important;cursor: default;height: 13px;padding: 0 !important;width: 13px;}<br \/>\n.cr_ipe_item input.cr_ipe_radio{-moz-appearance: radio;border-radius: 100% 100% 100% 100% !important;margin: 3px 3px 0 5px;}<br \/>\n.cr_ipe_item{margin: 0px 10px; padding: 0px 10px;}<br \/>\n.submit_container{text-align:center}<br \/>\n.cr_ipe_item.inactive{display:none;}<br \/>\n.imprint{font-size:0.8em;}<br \/>\n.cr_captcha{padding-left:130px;}<br \/>\n.cr_error{font-size:1.1em;padding:10px;}<br \/>\n.clever_form_error{background-color:#f99; color:#000; border:1px solid #f22 !important}<br \/>\n.clever_form_note {margin:26px 0 0 3px;position:absolute;display:inline; padding: 2px 4px; font-weight:bold;background-color:#f2ecb5; color:#000; font-size:12px !important;  }<br \/>\n.cr_form-flex{display: flex;}<br \/>\n.cr_form-flex>.cr_form-inputgroup{flex-grow:1;margin-right: 5px;}<br \/>\n.cr_form-flex>.cr_form-inputgroup:last-child{margin-right: 0px;}<br \/>\n.cr_form-flex input{width:100%;}<\/p>\n<p>.cr_site {background-color:#eee;}<br \/>\n.cr_header {color:#000000;}<br \/>\n.cr_body {background-color:#ffffff;font-size:12px;color:#000000;}<br \/>\n.cr_hr {background-color:#ccc;}<br \/>\n.cr_site a {color:#0084ff;}<br \/>\n.imprint{color:#000;}<\/p>\n<\/style> <style id=\"style\">\n.cr_site {background-color:#ffffff;}<br \/>\n.cr_body {color:#000000;background-color:#256FB9;}<br \/>\n.cr_header {color:#256fb9;}<br \/>\n.cr_hr {background-color:#ffffff;color:#ffffff;}<br \/>\n.cr_site a {color:#ffffff;}<br \/>\n.imprint {color:#000000;}<br \/>\n.cr_page {width:auto;max-width:850px;}<br \/>\n.cr_font {color:#ffffff;font-size:12px;}<br \/>\n.cr_button {background-color:#ffffff;color:#256fb9;}<\/p>\n<\/style>  &#8211;&gt;<!-- wpml:html_fragment <\/p><\/p><form class=\"layout_form cr_form cr_font\" action=\"https:\/\/306550.eu1.cleverreach.com\/f\/306550-227800\/wcs\/\" method=\"post\" target=\"_blank\"><div class=\"cr_body cr_page cr_font formbox\"><div class=\"non_sortable\" style=\"text-align: left;\"> <\/div><div class=\"editable_content\" style=\"text-align: left;\"><div id=\"4851320\" class=\"cr_form-component cr_form-component--email cr_ipe_item ui-sortable musthave\" style=\"margin-bottom: px;\"><div class=\"cr_form-inputgroup cr_form-inputgroup--typeemail\"><label for=\"text4851320\">Correio eletr\u00f3nico*<\/label><br><input id=\"text4851320\" class=\"cr_form-input\" style=\"width: 100%;\" name=\"email\" type=\"email\" value=\"\" placeholder=\"name@example.com\"><\/div><\/div><div id=\"4935441\" class=\"cr_form-component cr_form-component--text cr_ipe_item ui-sortable musthave\" style=\"margin-bottom: 0px;\"><div class=\"cr_form-inputgroup cr_form-inputgroup--typetext\"><label class=\"itemname\" for=\"cr_form-input--text4935441\"><br>Nome*<\/label><br><input id=\"cr_form-input--text4935441\" class=\"cr_form-input\" style=\"width: 100%;\" name=\"1186247\" type=\"text\" placeholder=\"Max Mustermann\"><\/div><\/div><div id=\"4851324\" class=\"cr_form-component cr_form-component--group cr_form-component--checkbox cr_ipe_item ui-sortable musthave\" style=\"margin-bottom: 0px;\"><span class=\"label cr_form-component--header\"><br><br>*Prote\u00e7\u00e3o de dados<\/span><div class=\"cr_form-component--group\"><p><span class=\"cr_form-inputgroup cr_form-inputgroup--typecheckbox\"><input id=\"14851324\" class=\"cr_form-checkbox cr_ipe_checkbox\" name=\"1186338[]\" type=\"checkbox\" value=\"1\"> <span style=\"text-align: justify;\">Li a pol\u00edtica de privacidade e concordo com os termos e condi\u00e7\u00f5es. Confirmo a minha participa\u00e7\u00e3o regular e gostaria de ser inclu\u00eddo no boletim de emprego. Aceito que a Linseis me envie informa\u00e7\u00f5es sobre forma\u00e7\u00e3o, programas de estudos duplos e ofertas de emprego para o endere\u00e7o de correio eletr\u00f3nico fornecido. Posso cancelar a subscri\u00e7\u00e3o do boletim informativo em qualquer altura, utilizando o bot\u00e3o de cancelamento de subscri\u00e7\u00e3o   <br><\/span><br><\/span><\/p><\/div><\/div><div id=\"4851322\" class=\"cr_form-component cr_form-component--submit cr_ipe_item ui-sortable submit_container\" style=\"text-align: center;\"><button class=\"cr_form-block cr_button\" type=\"submit\">Inicia sess\u00e3o<\/button><\/div><\/div><\/div><\/form>\t\t\t\t\t\t\t\t<\/div>\n\t\t\t\t<\/div>\n\t\t\t\t<\/div>\n\t\t\t\t\t<\/div>\n\t\t\t\t<\/div>\n\t\t\t\t<\/div>\n\t\t","protected":false},"excerpt":{"rendered":"<p>Boletim informativo &#8211; &#8220;Measurement Matters Monthly&#8221; (Medi\u00e7\u00e3o Mensal) \ud83c\udf10 O que h\u00e1 de novo nos nossos laborat\u00f3rios? S\u00ea o primeiro a descobrir os nossos novos produtos e mant\u00e9m-te informado. As nossas solu\u00e7\u00f5es inovadoras foram concebidas para te dar uma vantagem na tua \u00e1rea. Expande os teus conhecimentos Enriquece os teus conhecimentos com os nossos webinars [&hellip;]<\/p>\n","protected":false},"author":3,"featured_media":0,"parent":0,"menu_order":0,"comment_status":"closed","ping_status":"closed","template":"","meta":{"_acf_changed":false,"inline_featured_image":false,"footnotes":""},"class_list":["post-103592","page","type-page","status-publish","hentry"],"acf":[],"_links":{"self":[{"href":"https:\/\/www.linseis.com\/pt-pt\/wp-json\/wp\/v2\/pages\/103592","targetHints":{"allow":["GET"]}}],"collection":[{"href":"https:\/\/www.linseis.com\/pt-pt\/wp-json\/wp\/v2\/pages"}],"about":[{"href":"https:\/\/www.linseis.com\/pt-pt\/wp-json\/wp\/v2\/types\/page"}],"author":[{"embeddable":true,"href":"https:\/\/www.linseis.com\/pt-pt\/wp-json\/wp\/v2\/users\/3"}],"replies":[{"embeddable":true,"href":"https:\/\/www.linseis.com\/pt-pt\/wp-json\/wp\/v2\/comments?post=103592"}],"version-history":[{"count":0,"href":"https:\/\/www.linseis.com\/pt-pt\/wp-json\/wp\/v2\/pages\/103592\/revisions"}],"wp:attachment":[{"href":"https:\/\/www.linseis.com\/pt-pt\/wp-json\/wp\/v2\/media?parent=103592"}],"curies":[{"name":"wp","href":"https:\/\/api.w.org\/{rel}","templated":true}]}}