{"id":103542,"date":"2024-07-25T19:26:28","date_gmt":"2024-07-25T17:26:28","guid":{"rendered":"https:\/\/www.linseis.com\/metodos-de-analise-termica\/3-metodo-omega\/"},"modified":"2026-01-12T10:13:47","modified_gmt":"2026-01-12T09:13:47","slug":"3-metodo-omega","status":"publish","type":"page","link":"https:\/\/www.linseis.com\/pt-pt\/metodos-de-analise-termica\/3-metodo-omega\/","title":{"rendered":"3 M\u00e9todo Omega"},"content":{"rendered":"\t\t<div data-elementor-type=\"wp-post\" data-elementor-id=\"103542\" class=\"elementor elementor-103542 elementor-21533\" data-elementor-post-type=\"page\">\n\t\t\t\t<div class=\"elementor-element elementor-element-a3549cf e-flex e-con-boxed e-con e-parent\" data-id=\"a3549cf\" data-element_type=\"container\" data-e-type=\"container\" data-settings=\"{&quot;background_background&quot;:&quot;classic&quot;}\">\n\t\t\t\t\t<div class=\"e-con-inner\">\n\t\t\t\t<div class=\"elementor-element elementor-element-ac41c94 elementor-widget elementor-widget-image\" data-id=\"ac41c94\" data-element_type=\"widget\" data-e-type=\"widget\" data-widget_type=\"image.default\">\n\t\t\t\t<div class=\"elementor-widget-container\">\n\t\t\t\t\t\t\t\t\t\t\t\t\t\t\t<img fetchpriority=\"high\" decoding=\"async\" width=\"800\" height=\"800\" src=\"https:\/\/www.linseis.com\/wp-content\/uploads\/2024\/06\/linseis_scale-top-1.svg\" class=\"attachment-large size-large wp-image-29175\" alt=\"\" \/>\t\t\t\t\t\t\t\t\t\t\t\t\t\t\t<\/div>\n\t\t\t\t<\/div>\n\t\t<div class=\"elementor-element elementor-element-a7b7feb e-con-full e-flex e-con e-child\" data-id=\"a7b7feb\" data-element_type=\"container\" data-e-type=\"container\">\n\t\t<div class=\"elementor-element elementor-element-6100945 e-con-full e-flex e-con e-child\" data-id=\"6100945\" data-element_type=\"container\" data-e-type=\"container\">\n\t\t\t\t<div class=\"elementor-element elementor-element-cc1182c elementor-invisible elementor-widget elementor-widget-heading\" data-id=\"cc1182c\" data-element_type=\"widget\" data-e-type=\"widget\" data-settings=\"{&quot;_animation&quot;:&quot;fadeInUp&quot;,&quot;_animation_delay&quot;:250}\" data-widget_type=\"heading.default\">\n\t\t\t\t<div class=\"elementor-widget-container\">\n\t\t\t\t\t<h1 class=\"elementor-heading-title elementor-size-default\"><b>\n\n3 M\u00e9todo Omega\n\n<\/b><\/h1>\t\t\t\t<\/div>\n\t\t\t\t<\/div>\n\t\t\t\t<\/div>\n\t\t<div class=\"elementor-element elementor-element-6d91a43 e-con-full e-flex e-con e-child\" data-id=\"6d91a43\" data-element_type=\"container\" data-e-type=\"container\">\n\t\t\t\t<div class=\"elementor-element elementor-element-9413374 elementor-widget elementor-widget-n-carousel\" data-id=\"9413374\" data-element_type=\"widget\" data-e-type=\"widget\" data-settings=\"{&quot;carousel_items&quot;:[{&quot;slide_title&quot;:&quot;Produkt 1&quot;,&quot;_id&quot;:&quot;d6fbcdb&quot;}],&quot;slides_to_show&quot;:&quot;1&quot;,&quot;slides_to_scroll&quot;:&quot;2&quot;,&quot;autoplay_speed&quot;:2000,&quot;slides_to_show_tablet&quot;:&quot;1&quot;,&quot;slides_to_show_mobile&quot;:&quot;1&quot;,&quot;autoplay&quot;:&quot;yes&quot;,&quot;pause_on_hover&quot;:&quot;yes&quot;,&quot;pause_on_interaction&quot;:&quot;yes&quot;,&quot;infinite&quot;:&quot;yes&quot;,&quot;speed&quot;:500,&quot;offset_sides&quot;:&quot;none&quot;,&quot;image_spacing_custom&quot;:{&quot;unit&quot;:&quot;px&quot;,&quot;size&quot;:10,&quot;sizes&quot;:[]},&quot;image_spacing_custom_tablet&quot;:{&quot;unit&quot;:&quot;px&quot;,&quot;size&quot;:&quot;&quot;,&quot;sizes&quot;:[]},&quot;image_spacing_custom_mobile&quot;:{&quot;unit&quot;:&quot;px&quot;,&quot;size&quot;:&quot;&quot;,&quot;sizes&quot;:[]}}\" data-widget_type=\"nested-carousel.default\">\n\t\t\t\t<div class=\"elementor-widget-container\">\n\t\t\t\t\t\t\t<div class=\"e-n-carousel swiper\" role=\"region\" aria-roledescription=\"carousel\" aria-label=\"Karussell\" dir=\"ltr\">\n\t\t\t<div class=\"swiper-wrapper\" aria-live=\"off\">\n\t\t\t\t\t\t\t\t\t\t<div class=\"swiper-slide\" data-slide=\"1\" role=\"group\" aria-roledescription=\"slide\" aria-label=\"1 of 1\">\n\t\t\t\t\t\t\t<div class=\"elementor-element elementor-element-44441f5 e-flex e-con-boxed e-con e-child\" data-id=\"44441f5\" data-element_type=\"container\" data-e-type=\"container\">\n\t\t\t\t\t<div class=\"e-con-inner\">\n\t\t\t\t<div class=\"elementor-element elementor-element-3fdf52d elementor-widget__width-initial elementor-invisible elementor-widget elementor-widget-image\" data-id=\"3fdf52d\" data-element_type=\"widget\" data-e-type=\"widget\" data-settings=\"{&quot;_animation&quot;:&quot;fadeInUp&quot;}\" data-widget_type=\"image.default\">\n\t\t\t\t<div class=\"elementor-widget-container\">\n\t\t\t\t\t\t\t\t\t\t\t\t\t\t\t<img decoding=\"async\" width=\"800\" height=\"800\" src=\"https:\/\/www.linseis.com\/wp-content\/uploads\/2024\/07\/Linseis-Icons_Linien-weiss_Zeichenflaeche-1-Kopie-87-1024x1024.png\" class=\"attachment-large size-large wp-image-36273\" alt=\"\" srcset=\"https:\/\/www.linseis.com\/wp-content\/uploads\/2024\/07\/Linseis-Icons_Linien-weiss_Zeichenflaeche-1-Kopie-87-1024x1024.png 1024w, https:\/\/www.linseis.com\/wp-content\/uploads\/2024\/07\/Linseis-Icons_Linien-weiss_Zeichenflaeche-1-Kopie-87-300x300.png 300w, https:\/\/www.linseis.com\/wp-content\/uploads\/2024\/07\/Linseis-Icons_Linien-weiss_Zeichenflaeche-1-Kopie-87-150x150.png 150w, https:\/\/www.linseis.com\/wp-content\/uploads\/2024\/07\/Linseis-Icons_Linien-weiss_Zeichenflaeche-1-Kopie-87-768x768.png 768w, https:\/\/www.linseis.com\/wp-content\/uploads\/2024\/07\/Linseis-Icons_Linien-weiss_Zeichenflaeche-1-Kopie-87-1536x1536.png 1536w, https:\/\/www.linseis.com\/wp-content\/uploads\/2024\/07\/Linseis-Icons_Linien-weiss_Zeichenflaeche-1-Kopie-87-2048x2048.png 2048w\" sizes=\"(max-width: 800px) 100vw, 800px\" \/>\t\t\t\t\t\t\t\t\t\t\t\t\t\t\t<\/div>\n\t\t\t\t<\/div>\n\t\t\t\t\t<\/div>\n\t\t\t\t<\/div>\n\t\t\t\t\t\t\t\t<\/div>\n\t\t\t\t\t\t\t\t<\/div>\n\t\t<\/div>\n\t\t\t\t\t\t<\/div>\n\t\t\t\t<\/div>\n\t\t\t\t<\/div>\n\t\t\t\t<\/div>\n\t\t\t\t<div class=\"elementor-element elementor-element-b4a6800 elementor-widget elementor-widget-image\" data-id=\"b4a6800\" data-element_type=\"widget\" data-e-type=\"widget\" data-widget_type=\"image.default\">\n\t\t\t\t<div class=\"elementor-widget-container\">\n\t\t\t\t\t\t\t\t\t\t\t\t\t\t\t<img decoding=\"async\" width=\"800\" height=\"800\" src=\"https:\/\/www.linseis.com\/wp-content\/uploads\/2024\/06\/linseis_scale-bottom-1.svg\" class=\"attachment-large size-large wp-image-29171\" alt=\"\" \/>\t\t\t\t\t\t\t\t\t\t\t\t\t\t\t<\/div>\n\t\t\t\t<\/div>\n\t\t\t\t\t<\/div>\n\t\t\t\t<\/div>\n\t\t<div class=\"elementor-element elementor-element-7c8d6cc e-flex e-con-boxed e-con e-parent\" data-id=\"7c8d6cc\" data-element_type=\"container\" data-e-type=\"container\" data-settings=\"{&quot;background_background&quot;:&quot;classic&quot;}\">\n\t\t\t\t\t<div class=\"e-con-inner\">\n\t\t\t\t\t<\/div>\n\t\t\t\t<\/div>\n\t\t<div class=\"elementor-element elementor-element-d7b7522 e-flex e-con-boxed e-con e-parent\" data-id=\"d7b7522\" data-element_type=\"container\" data-e-type=\"container\" data-settings=\"{&quot;background_background&quot;:&quot;classic&quot;}\">\n\t\t\t\t\t<div class=\"e-con-inner\">\n\t\t<div class=\"elementor-element elementor-element-449b6fd e-con-full e-flex e-con e-child\" data-id=\"449b6fd\" data-element_type=\"container\" data-e-type=\"container\">\n\t\t\t\t<div class=\"elementor-element elementor-element-031217d elementor-invisible elementor-widget elementor-widget-wp-widget-bcn_widget\" data-id=\"031217d\" data-element_type=\"widget\" data-e-type=\"widget\" data-settings=\"{&quot;_animation&quot;:&quot;fadeInUp&quot;}\" data-widget_type=\"wp-widget-bcn_widget.default\">\n\t\t\t\t<div class=\"elementor-widget-container\">\n\t\t\t\t\t<div class=\"breadcrumbs\" vocab=\"https:\/\/schema.org\/\" typeof=\"BreadcrumbList\"><span property=\"itemListElement\" typeof=\"ListItem\"><a property=\"item\" typeof=\"WebPage\" title=\"Go to Linseis.\" href=\"https:\/\/www.linseis.com\/pt-pt\/\" class=\"home\" aria-current=\"page\"><span property=\"name\">Linseis<\/span><\/a><meta property=\"position\" content=\"1\"><\/span><\/div>\t\t\t\t<\/div>\n\t\t\t\t<\/div>\n\t\t\t\t<\/div>\n\t\t\t\t\t<\/div>\n\t\t\t\t<\/div>\n\t\t<div class=\"elementor-element elementor-element-ed98f58 e-flex e-con-boxed e-con e-parent\" data-id=\"ed98f58\" data-element_type=\"container\" data-e-type=\"container\" data-settings=\"{&quot;background_background&quot;:&quot;classic&quot;}\">\n\t\t\t\t\t<div class=\"e-con-inner\">\n\t\t<div class=\"elementor-element elementor-element-bbc47b3 e-con-full e-flex e-con e-child\" data-id=\"bbc47b3\" data-element_type=\"container\" data-e-type=\"container\">\n\t\t\t\t<div class=\"elementor-element elementor-element-71a1ec4 elementor-invisible elementor-widget elementor-widget-text-editor\" data-id=\"71a1ec4\" data-element_type=\"widget\" data-e-type=\"widget\" data-settings=\"{&quot;_animation&quot;:&quot;fadeInUp&quot;,&quot;_animation_delay&quot;:500}\" data-widget_type=\"text-editor.default\">\n\t\t\t\t<div class=\"elementor-widget-container\">\n\t\t\t\t\t\t\t\t\t<h2>3 M\u00e9todo Omega\n&#8211; uma abordagem para medir a condutividade t\u00e9rmica<\/h2>\t\t\t\t\t\t\t\t<\/div>\n\t\t\t\t<\/div>\n\t\t\t\t<div class=\"elementor-element elementor-element-32d9053 elementor-widget elementor-widget-text-editor\" data-id=\"32d9053\" data-element_type=\"widget\" data-e-type=\"widget\" data-widget_type=\"text-editor.default\">\n\t\t\t\t<div class=\"elementor-widget-container\">\n\t\t\t\t\t\t\t\t\t<p>Uma abordagem amplamente utilizada para medir a condutividade t\u00e9rmica \u00e9 o m\u00e9todo 3\u03c9. Embora o m\u00e9todo tenha sido originalmente desenvolvido para medir a condutividade t\u00e9rmica de materiais s\u00f3lidos, o princ\u00edpio b\u00e1sico tamb\u00e9m p\u00f4de ser aplicado posteriormente \u00e0 carateriza\u00e7\u00e3o t\u00e9rmica de pel\u00edculas finas.<strong>\n  <a href=\"https:\/\/www.linseis.com\/messgeraete\/elektrische-eigenschaft\/duennschichtanalyse\/\"> Caracteriza\u00e7\u00e3o t\u00e9rmica de pel\u00edculas finas at\u00e9<\/a>\n<\/strong> at\u00e9 alguns nm de espessura. <\/p><p>Al\u00e9m disso, o m\u00e9todo 3\u03c9 tamb\u00e9m foi alargado \u00e0 medi\u00e7\u00e3o de pel\u00edculas anisotr\u00f3picas e membranas independentes para permitir a carateriza\u00e7\u00e3o dependente da dire\u00e7\u00e3o, ou seja, a medi\u00e7\u00e3o da condutividade t\u00e9rmica no plano e perpendicular a ele. Em geral, pode dizer-se que esta t\u00e9cnica \u00e9 atualmente um dos m\u00e9todos mais populares e amplamente utilizados para caraterizar as propriedades de transporte t\u00e9rmico de pel\u00edculas finas. <\/p><p><img loading=\"lazy\" decoding=\"async\" class=\"wp-image-21558 size-full\" src=\"https:\/\/www.linseis.com\/wp-content\/uploads\/2024\/07\/Experimental-setup-incl.-metal-line-for-heatingsensing-for-the-3-Omega-technique-1024x392-1.png\" alt=\"Instala\u00e7\u00e3o experimental (incluindo tiras met\u00e1licas lineares para medi\u00e7\u00e3o de aquecimento\/temperatura) para a t\u00e9cnica 3-omega\" width=\"1024\" height=\"392\" srcset=\"https:\/\/www.linseis.com\/wp-content\/uploads\/2024\/07\/Experimental-setup-incl.-metal-line-for-heatingsensing-for-the-3-Omega-technique-1024x392-1.png 1024w, https:\/\/www.linseis.com\/wp-content\/uploads\/2024\/07\/Experimental-setup-incl.-metal-line-for-heatingsensing-for-the-3-Omega-technique-1024x392-1-300x115.png 300w, https:\/\/www.linseis.com\/wp-content\/uploads\/2024\/07\/Experimental-setup-incl.-metal-line-for-heatingsensing-for-the-3-Omega-technique-1024x392-1-768x294.png 768w\" sizes=\"(max-width: 1024px) 100vw, 1024px\" \/>  Instala\u00e7\u00e3o experimental (incluindo tiras met\u00e1licas lineares para medi\u00e7\u00e3o de aquecimento\/temperatura) para a t\u00e9cnica 3-omega[\/caption]<\/p>\t\t\t\t\t\t\t\t<\/div>\n\t\t\t\t<\/div>\n\t\t\t\t<\/div>\n\t\t\t\t\t<\/div>\n\t\t\t\t<\/div>\n\t\t<div class=\"elementor-element elementor-element-8801439 e-flex e-con-boxed elementor-invisible e-con e-parent\" data-id=\"8801439\" data-element_type=\"container\" data-e-type=\"container\" data-settings=\"{&quot;background_background&quot;:&quot;classic&quot;,&quot;animation&quot;:&quot;fadeInUp&quot;}\">\n\t\t\t\t\t<div class=\"e-con-inner\">\n\t\t<div class=\"elementor-element elementor-element-4fda86f e-con-full e-flex e-con e-child\" data-id=\"4fda86f\" data-element_type=\"container\" data-e-type=\"container\">\n\t\t\t\t<div class=\"elementor-element elementor-element-fe6d621 elementor-widget elementor-widget-text-editor\" data-id=\"fe6d621\" data-element_type=\"widget\" data-e-type=\"widget\" data-widget_type=\"text-editor.default\">\n\t\t\t\t<div class=\"elementor-widget-container\">\n\t\t\t\t\t\t\t\t\t<p>No m\u00e9todo 3\u03c9, uma tira met\u00e1lica fina que est\u00e1 em contacto t\u00e9rmico com a amostra serve como aquecedor e como sensor de temperatura. Para a medi\u00e7\u00e3o, uma corrente alternada I(t) <br><img loading=\"lazy\" decoding=\"async\" class=\"alignnone size-full wp-image-21568\" src=\"https:\/\/www.linseis.com\/wp-content\/uploads\/2024\/07\/ac-current-300x74-1.png\" alt=\"corrente alternada\" width=\"300\" height=\"74\"><\/p><p>com a frequ\u00eancia angular \u03c9 e a amplitude <sub>I0<\/sub> \u00e9 introduzida no aquecedor, sendo gerada uma pot\u00eancia de aquecimento P(t) pelo aquecimento Joul,<\/p><p><img loading=\"lazy\" decoding=\"async\" class=\"alignnone size-full wp-image-21576\" src=\"https:\/\/www.linseis.com\/wp-content\/uploads\/2024\/07\/heating-source-power-300x67-1.png\" alt=\"Fonte de aquecimento\" width=\"300\" height=\"67\"><\/p><p>que, por sua vez, modula a temperatura do aquecedor na forma<\/p><p><img loading=\"lazy\" decoding=\"async\" class=\"alignnone size-full wp-image-21583\" src=\"https:\/\/www.linseis.com\/wp-content\/uploads\/2024\/07\/temperature-Rh-300x71-1.png\" alt=\"temperatura RH\" width=\"300\" height=\"71\"><\/p><p>e, consequentemente, uma oscila\u00e7\u00e3o da resist\u00eancia do aquecedor<sub>Rh<\/sub><\/p><p><img loading=\"lazy\" decoding=\"async\" class=\"alignnone size-full wp-image-21590\" src=\"https:\/\/www.linseis.com\/wp-content\/uploads\/2024\/07\/Rh-300x65-1.png\" alt=\"Rh\" width=\"300\" height=\"65\"><\/p><p>\u00e0 frequ\u00eancia angular 2\u03c9. Aqui \u03b2 \u00e9 o coeficiente de temperatura da resist\u00eancia da tira met\u00e1lica. <\/p>\t\t\t\t\t\t\t\t<\/div>\n\t\t\t\t<\/div>\n\t\t\t\t<div class=\"elementor-element elementor-element-34d74a1 elementor-widget elementor-widget-text-editor\" data-id=\"34d74a1\" data-element_type=\"widget\" data-e-type=\"widget\" data-widget_type=\"text-editor.default\">\n\t\t\t\t<div class=\"elementor-widget-container\">\n\t\t\t\t\t\t\t\t\t<p>Em rela\u00e7\u00e3o \u00e0 frequ\u00eancia, a posi\u00e7\u00e3o da fase \u03c6 depende agora tanto da geometria do elemento de aquecimento como das propriedades f\u00edsicas dos materiais subjacentes.<\/p><p>Assim, se medires a queda de tens\u00e3o atrav\u00e9s do aquecedor, obt\u00e9ns (de acordo com a lei de Ohm U = R x I) um sinal de tens\u00e3o modulado em amplitude que tem um pequeno componente da oscila\u00e7\u00e3o do terceiro harm\u00f3nico 3\u03c9, que pode ser extra\u00eddo com um amplificador de bloqueio e que tem a informa\u00e7\u00e3o sobre os materiais subjacentes.<\/p><p>Para o c\u00e1lculo da <strong>\n  <a href=\"https:\/\/www.linseis.com\/pt-pt\/?page_id=103503\">condutividade t\u00e9rmica<\/a>\n<\/strong> da amostra, bem como o c\u00e1lculo da <strong>\n  <a href=\"https:\/\/www.linseis.com\/pt-pt\/?page_id=103497\">capacidade t\u00e9rmica espec\u00edfica<\/a>\n<\/strong>apenas a equa\u00e7\u00e3o de difus\u00e3o de calor, que depende da configura\u00e7\u00e3o experimental, ainda precisa de ser resolvida.<\/p>\t\t\t\t\t\t\t\t<\/div>\n\t\t\t\t<\/div>\n\t\t<div class=\"elementor-element elementor-element-a0a9aac e-con-full e-flex e-con e-child\" data-id=\"a0a9aac\" data-element_type=\"container\" data-e-type=\"container\">\n\t\t\t\t<div class=\"elementor-element elementor-element-53ea4ef elementor-invisible elementor-widget elementor-widget-text-editor\" data-id=\"53ea4ef\" data-element_type=\"widget\" data-e-type=\"widget\" data-settings=\"{&quot;_animation&quot;:&quot;fadeInUp&quot;,&quot;_animation_delay&quot;:500}\" data-widget_type=\"text-editor.default\">\n\t\t\t\t<div class=\"elementor-widget-container\">\n\t\t\t\t\t\t\t\t\t<h2>Abordagem diferencial 3 Omega com duas medi\u00e7\u00f5es<\/h2>\t\t\t\t\t\t\t\t<\/div>\n\t\t\t\t<\/div>\n\t\t\t\t<div class=\"elementor-element elementor-element-d38f832 elementor-widget elementor-widget-text-editor\" data-id=\"d38f832\" data-element_type=\"widget\" data-e-type=\"widget\" data-widget_type=\"text-editor.default\">\n\t\t\t\t<div class=\"elementor-widget-container\">\n\t\t\t\t\t\t\t\t\t<p>Uma abordagem amplamente utilizada baseada no m\u00e9todo 3\u03c9 para a carateriza\u00e7\u00e3o de uma <strong>\n  <a href=\"https:\/\/www.linseis.com\/messgeraete\/elektrische-eigenschaft\/duennschichtanalyse\/\">pel\u00edcula fina<\/a>\n<\/strong> sobre um substrato \u00e9 a chamada abordagem 3 Omega diferencial com duas medi\u00e7\u00f5es.<\/p><p>A primeira medi\u00e7\u00e3o tem lugar no substrato nu e a segunda medi\u00e7\u00e3o inclui a camada a ser medida.<\/p><p>A pel\u00edcula actua como uma resist\u00eancia t\u00e9rmica adicional que est\u00e1 ligada em s\u00e9rie entre o aquecedor e o substrato. Assegura assim um aumento da amplitude da oscila\u00e7\u00e3o de temperatura em compara\u00e7\u00e3o com a medi\u00e7\u00e3o sem a pel\u00edcula fina. <\/p><p>A condutividade t\u00e9rmica da camada pode ser determinada a partir deste aumento utilizando a lei de Fourier:<\/p><p><img loading=\"lazy\" decoding=\"async\" class=\"alignnone size-full wp-image-21603\" src=\"https:\/\/www.linseis.com\/wp-content\/uploads\/2024\/07\/thermal-conductivity-fouriers-law.png\" alt=\"F\u00f3rmula da Lei de Fourier\" width=\"283\" height=\"97\"><\/p><p>em que w e l representam a largura e o comprimento do aquecedor.<\/p>\t\t\t\t\t\t\t\t<\/div>\n\t\t\t\t<\/div>\n\t\t\t\t<div class=\"elementor-element elementor-element-580942e elementor-widget elementor-widget-image\" data-id=\"580942e\" data-element_type=\"widget\" data-e-type=\"widget\" data-widget_type=\"image.default\">\n\t\t\t\t<div class=\"elementor-widget-container\">\n\t\t\t\t\t\t\t\t\t\t\t\t<figure class=\"wp-caption\">\n\t\t\t\t\t\t\t\t\t\t<img loading=\"lazy\" decoding=\"async\" width=\"800\" height=\"932\" src=\"https:\/\/www.linseis.com\/wp-content\/uploads\/2024\/07\/DX7MTLA.png\" class=\"attachment-large size-large wp-image-35333\" alt=\"\" srcset=\"https:\/\/www.linseis.com\/wp-content\/uploads\/2024\/07\/DX7MTLA.png 879w, https:\/\/www.linseis.com\/wp-content\/uploads\/2024\/07\/DX7MTLA-258x300.png 258w, https:\/\/www.linseis.com\/wp-content\/uploads\/2024\/07\/DX7MTLA-768x895.png 768w\" sizes=\"(max-width: 800px) 100vw, 800px\" \/>\t\t\t\t\t\t\t\t\t\t\t<figcaption class=\"widget-image-caption wp-caption-text\">Abordagem diferencial 3-omega para medir a condutividade t\u00e9rmica de pel\u00edculas finas em todo o plano<\/figcaption>\n\t\t\t\t\t\t\t\t\t\t<\/figure>\n\t\t\t\t\t\t\t\t\t<\/div>\n\t\t\t\t<\/div>\n\t\t\t\t<\/div>\n\t\t<div class=\"elementor-element elementor-element-cdefdb7 e-con-full e-flex e-con e-child\" data-id=\"cdefdb7\" data-element_type=\"container\" data-e-type=\"container\">\n\t\t\t\t<div class=\"elementor-element elementor-element-dca24fd elementor-widget elementor-widget-text-editor\" data-id=\"dca24fd\" data-element_type=\"widget\" data-e-type=\"widget\" data-widget_type=\"text-editor.default\">\n\t\t\t\t<div class=\"elementor-widget-container\">\n\t\t\t\t\t\t\t\t\t<h2>Condutividade t\u00e9rmica no plano utilizando a tecnologia de medi\u00e7\u00e3o 3w<\/h2>\t\t\t\t\t\t\t\t<\/div>\n\t\t\t\t<\/div>\n\t\t\t\t<div class=\"elementor-element elementor-element-d37c58e elementor-widget elementor-widget-text-editor\" data-id=\"d37c58e\" data-element_type=\"widget\" data-e-type=\"widget\" data-widget_type=\"text-editor.default\">\n\t\t\t\t<div class=\"elementor-widget-container\">\n\t\t\t\t\t\t\t\t\t<p>Outra configura\u00e7\u00e3o de teste mostra a determina\u00e7\u00e3o da condutividade t\u00e9rmica no plano utilizando a tecnologia de medi\u00e7\u00e3o 3w. Aqui, um elemento de aquecimento \u00e9 centrado numa membrana ou num substrato livre. Neste caso, o comportamento t\u00e9rmico da membrana pode ser descrito atrav\u00e9s da seguinte equa\u00e7\u00e3o:  <\/p><p><img loading=\"lazy\" decoding=\"async\" class=\"alignnone size-full wp-image-21623\" src=\"https:\/\/www.linseis.com\/wp-content\/uploads\/2024\/07\/correlation-thermal-behaviour-three-omega.png\" alt=\"correla\u00e7\u00e3o-t\u00e9rmica-behaviour-tr\u00eas-omega\" width=\"595\" height=\"209\" srcset=\"https:\/\/www.linseis.com\/wp-content\/uploads\/2024\/07\/correlation-thermal-behaviour-three-omega.png 595w, https:\/\/www.linseis.com\/wp-content\/uploads\/2024\/07\/correlation-thermal-behaviour-three-omega-300x105.png 300w\" sizes=\"(max-width: 595px) 100vw, 595px\" \/><\/p>\t\t\t\t\t\t\t\t<\/div>\n\t\t\t\t<\/div>\n\t\t\t\t<div class=\"elementor-element elementor-element-69f7499 elementor-widget elementor-widget-text-editor\" data-id=\"69f7499\" data-element_type=\"widget\" data-e-type=\"widget\" data-widget_type=\"text-editor.default\">\n\t\t\t\t<div class=\"elementor-widget-container\">\n\t\t\t\t\t\t\t\t\t<p>Onde G=2\u03bbdlb^(-1) \u00e9 a constante de tempo t\u00e9rmica, b \u00e9 a largura, l \u00e9 o comprimento e D \u00e9 a difusividade t\u00e9rmica da membrana.<\/p><p><img loading=\"lazy\" decoding=\"async\" class=\"size-full wp-image-21638\" src=\"https:\/\/www.linseis.com\/wp-content\/uploads\/2024\/07\/IV30I48.png\" alt=\"Chip de medi\u00e7\u00e3o integrado para medi\u00e7\u00f5es de condutividade t\u00e9rmica no plano em camadas finas utilizando o m\u00e9todo 3-omega\" width=\"1272\" height=\"545\" srcset=\"https:\/\/www.linseis.com\/wp-content\/uploads\/2024\/07\/IV30I48.png 1272w, https:\/\/www.linseis.com\/wp-content\/uploads\/2024\/07\/IV30I48-300x129.png 300w, https:\/\/www.linseis.com\/wp-content\/uploads\/2024\/07\/IV30I48-1024x439.png 1024w, https:\/\/www.linseis.com\/wp-content\/uploads\/2024\/07\/IV30I48-768x329.png 768w\" sizes=\"(max-width: 1272px) 100vw, 1272px\" \/>  Chip de medi\u00e7\u00e3o integrado para medi\u00e7\u00f5es de condutividade t\u00e9rmica no plano em camadas finas utilizando o m\u00e9todo 3-omega<\/p><p> <\/p>\t\t\t\t\t\t\t\t<\/div>\n\t\t\t\t<\/div>\n\t\t\t\t<\/div>\n\t\t<div class=\"elementor-element elementor-element-5a584c2 e-con-full e-flex e-con e-child\" data-id=\"5a584c2\" data-element_type=\"container\" data-e-type=\"container\">\n\t\t\t\t<div class=\"elementor-element elementor-element-2111823 elementor-widget elementor-widget-text-editor\" data-id=\"2111823\" data-element_type=\"widget\" data-e-type=\"widget\" data-widget_type=\"text-editor.default\">\n\t\t\t\t<div class=\"elementor-widget-container\">\n\t\t\t\t\t\t\t\t\t<h2>Que propriedades s\u00e3o determinadas?<\/h2>\t\t\t\t\t\t\t\t<\/div>\n\t\t\t\t<\/div>\n\t\t\t\t<div class=\"elementor-element elementor-element-ef9903f elementor-widget elementor-widget-text-editor\" data-id=\"ef9903f\" data-element_type=\"widget\" data-e-type=\"widget\" data-widget_type=\"text-editor.default\">\n\t\t\t\t<div class=\"elementor-widget-container\">\n\t\t\t\t\t\t\t\t\t<p>O m\u00e9todo de medi\u00e7\u00e3o 3\u03c9 \u00e9 um m\u00e9todo de medi\u00e7\u00e3o electrot\u00e9rmica para determinar a <strong>condutividade t\u00e9rmica<\/strong>, <strong>a difusividade t\u00e9rmica<\/strong> e <strong>a capacidade t\u00e9rmica espec\u00edfica<\/strong> de materiais s\u00f3lidos (s\u00f3lidos ou l\u00edquidos) e de camadas finas, utilizando uma tira met\u00e1lica alimentada por corrente alternada como elemento de aquecimento.<\/p><p> <\/p><p>O aquecedor met\u00e1lico aplicado diretamente \u00e0 amostra \u00e9 energizado periodicamente e as oscila\u00e7\u00f5es de temperatura resultantes do aquecedor e da amostra s\u00e3o lidas diretamente com o mesmo elemento do m\u00e9todo. As propriedades de transporte t\u00e9rmico da amostra podem ser determinadas a partir da sua depend\u00eancia de frequ\u00eancia. <\/p>\t\t\t\t\t\t\t\t<\/div>\n\t\t\t\t<\/div>\n\t\t\t\t<\/div>\n\t\t\t\t<\/div>\n\t\t\t\t\t<\/div>\n\t\t\t\t<\/div>\n\t\t\t\t<\/div>\n\t\t","protected":false},"excerpt":{"rendered":"<p>3 M\u00e9todo Omega 3 M\u00e9todo Omega &#8211; uma abordagem para medir a condutividade t\u00e9rmica Uma abordagem amplamente utilizada para medir a condutividade t\u00e9rmica \u00e9 o m\u00e9todo 3\u03c9. Embora o m\u00e9todo tenha sido originalmente desenvolvido para medir a condutividade t\u00e9rmica de materiais s\u00f3lidos, o princ\u00edpio b\u00e1sico tamb\u00e9m p\u00f4de ser aplicado posteriormente \u00e0 carateriza\u00e7\u00e3o t\u00e9rmica de pel\u00edculas [&hellip;]<\/p>\n","protected":false},"author":5,"featured_media":0,"parent":103513,"menu_order":0,"comment_status":"closed","ping_status":"closed","template":"","meta":{"_acf_changed":false,"inline_featured_image":false,"footnotes":""},"class_list":["post-103542","page","type-page","status-publish","hentry"],"acf":[],"_links":{"self":[{"href":"https:\/\/www.linseis.com\/pt-pt\/wp-json\/wp\/v2\/pages\/103542","targetHints":{"allow":["GET"]}}],"collection":[{"href":"https:\/\/www.linseis.com\/pt-pt\/wp-json\/wp\/v2\/pages"}],"about":[{"href":"https:\/\/www.linseis.com\/pt-pt\/wp-json\/wp\/v2\/types\/page"}],"author":[{"embeddable":true,"href":"https:\/\/www.linseis.com\/pt-pt\/wp-json\/wp\/v2\/users\/5"}],"replies":[{"embeddable":true,"href":"https:\/\/www.linseis.com\/pt-pt\/wp-json\/wp\/v2\/comments?post=103542"}],"version-history":[{"count":0,"href":"https:\/\/www.linseis.com\/pt-pt\/wp-json\/wp\/v2\/pages\/103542\/revisions"}],"up":[{"embeddable":true,"href":"https:\/\/www.linseis.com\/pt-pt\/wp-json\/wp\/v2\/pages\/103513"}],"wp:attachment":[{"href":"https:\/\/www.linseis.com\/pt-pt\/wp-json\/wp\/v2\/media?parent=103542"}],"curies":[{"name":"wp","href":"https:\/\/api.w.org\/{rel}","templated":true}]}}