{"id":103495,"date":"2024-07-25T03:08:11","date_gmt":"2024-07-25T01:08:11","guid":{"rendered":"https:\/\/www.linseis.com\/variaveis-medidas\/coeficiente-de-seebeck\/"},"modified":"2026-01-12T10:20:40","modified_gmt":"2026-01-12T09:20:40","slug":"coeficiente-de-seebeck","status":"publish","type":"page","link":"https:\/\/www.linseis.com\/pt-pt\/variaveis-medidas\/coeficiente-de-seebeck\/","title":{"rendered":"Coeficiente de Seebeck"},"content":{"rendered":"\t\t<div data-elementor-type=\"wp-post\" data-elementor-id=\"103495\" class=\"elementor elementor-103495 elementor-20467\" data-elementor-post-type=\"page\">\n\t\t\t\t<div class=\"elementor-element elementor-element-a3549cf e-flex e-con-boxed e-con e-parent\" data-id=\"a3549cf\" data-element_type=\"container\" data-e-type=\"container\" data-settings=\"{&quot;background_background&quot;:&quot;classic&quot;}\">\n\t\t\t\t\t<div class=\"e-con-inner\">\n\t\t\t\t<div class=\"elementor-element elementor-element-ac41c94 elementor-widget elementor-widget-image\" data-id=\"ac41c94\" data-element_type=\"widget\" data-e-type=\"widget\" data-widget_type=\"image.default\">\n\t\t\t\t<div class=\"elementor-widget-container\">\n\t\t\t\t\t\t\t\t\t\t\t\t\t\t\t<img fetchpriority=\"high\" decoding=\"async\" width=\"800\" height=\"800\" src=\"https:\/\/www.linseis.com\/wp-content\/uploads\/2024\/06\/linseis_scale-top-1.svg\" class=\"attachment-large size-large wp-image-29175\" alt=\"\" \/>\t\t\t\t\t\t\t\t\t\t\t\t\t\t\t<\/div>\n\t\t\t\t<\/div>\n\t\t<div class=\"elementor-element elementor-element-a7b7feb e-con-full e-flex e-con e-child\" data-id=\"a7b7feb\" data-element_type=\"container\" data-e-type=\"container\">\n\t\t<div class=\"elementor-element elementor-element-6100945 e-con-full e-flex e-con e-child\" data-id=\"6100945\" data-element_type=\"container\" data-e-type=\"container\">\n\t\t\t\t<div class=\"elementor-element elementor-element-cc1182c elementor-invisible elementor-widget elementor-widget-heading\" data-id=\"cc1182c\" data-element_type=\"widget\" data-e-type=\"widget\" data-settings=\"{&quot;_animation&quot;:&quot;fadeInUp&quot;,&quot;_animation_delay&quot;:250}\" data-widget_type=\"heading.default\">\n\t\t\t\t<div class=\"elementor-widget-container\">\n\t\t\t\t\t<h1 class=\"elementor-heading-title elementor-size-default\"><b>\nCoeficiente de Seebeck\n<\/b><\/h1>\t\t\t\t<\/div>\n\t\t\t\t<\/div>\n\t\t\t\t<\/div>\n\t\t<div class=\"elementor-element elementor-element-6d91a43 e-con-full e-flex e-con e-child\" data-id=\"6d91a43\" data-element_type=\"container\" data-e-type=\"container\">\n\t\t\t\t<div class=\"elementor-element elementor-element-9413374 elementor-widget elementor-widget-n-carousel\" data-id=\"9413374\" data-element_type=\"widget\" data-e-type=\"widget\" data-settings=\"{&quot;carousel_items&quot;:[{&quot;slide_title&quot;:&quot;Produkt 1&quot;,&quot;_id&quot;:&quot;d6fbcdb&quot;}],&quot;slides_to_show&quot;:&quot;1&quot;,&quot;slides_to_scroll&quot;:&quot;2&quot;,&quot;autoplay_speed&quot;:2000,&quot;slides_to_show_tablet&quot;:&quot;1&quot;,&quot;slides_to_show_mobile&quot;:&quot;1&quot;,&quot;autoplay&quot;:&quot;yes&quot;,&quot;pause_on_hover&quot;:&quot;yes&quot;,&quot;pause_on_interaction&quot;:&quot;yes&quot;,&quot;infinite&quot;:&quot;yes&quot;,&quot;speed&quot;:500,&quot;offset_sides&quot;:&quot;none&quot;,&quot;image_spacing_custom&quot;:{&quot;unit&quot;:&quot;px&quot;,&quot;size&quot;:10,&quot;sizes&quot;:[]},&quot;image_spacing_custom_tablet&quot;:{&quot;unit&quot;:&quot;px&quot;,&quot;size&quot;:&quot;&quot;,&quot;sizes&quot;:[]},&quot;image_spacing_custom_mobile&quot;:{&quot;unit&quot;:&quot;px&quot;,&quot;size&quot;:&quot;&quot;,&quot;sizes&quot;:[]}}\" data-widget_type=\"nested-carousel.default\">\n\t\t\t\t<div class=\"elementor-widget-container\">\n\t\t\t\t\t\t\t<div class=\"e-n-carousel swiper\" role=\"region\" aria-roledescription=\"carousel\" aria-label=\"Karussell\" dir=\"ltr\">\n\t\t\t<div class=\"swiper-wrapper\" aria-live=\"off\">\n\t\t\t\t\t\t\t\t\t\t<div class=\"swiper-slide\" data-slide=\"1\" role=\"group\" aria-roledescription=\"slide\" aria-label=\"1 of 1\">\n\t\t\t\t\t\t\t<div class=\"elementor-element elementor-element-44441f5 e-flex e-con-boxed e-con e-child\" data-id=\"44441f5\" data-element_type=\"container\" data-e-type=\"container\">\n\t\t\t\t\t<div class=\"e-con-inner\">\n\t\t\t\t<div class=\"elementor-element elementor-element-4103051 elementor-widget__width-initial elementor-invisible elementor-widget elementor-widget-image\" data-id=\"4103051\" data-element_type=\"widget\" data-e-type=\"widget\" data-settings=\"{&quot;_animation&quot;:&quot;fadeInUp&quot;}\" data-widget_type=\"image.default\">\n\t\t\t\t<div class=\"elementor-widget-container\">\n\t\t\t\t\t\t\t\t\t\t\t\t\t\t\t<img decoding=\"async\" width=\"800\" height=\"800\" src=\"https:\/\/www.linseis.com\/wp-content\/uploads\/2024\/07\/Linseis-Icons_Linien-weiss_Seebeck-Koeffizient-1024x1024.png\" class=\"attachment-large size-large wp-image-35474\" alt=\"\" srcset=\"https:\/\/www.linseis.com\/wp-content\/uploads\/2024\/07\/Linseis-Icons_Linien-weiss_Seebeck-Koeffizient-1024x1024.png 1024w, https:\/\/www.linseis.com\/wp-content\/uploads\/2024\/07\/Linseis-Icons_Linien-weiss_Seebeck-Koeffizient-300x300.png 300w, https:\/\/www.linseis.com\/wp-content\/uploads\/2024\/07\/Linseis-Icons_Linien-weiss_Seebeck-Koeffizient-150x150.png 150w, https:\/\/www.linseis.com\/wp-content\/uploads\/2024\/07\/Linseis-Icons_Linien-weiss_Seebeck-Koeffizient-768x768.png 768w, https:\/\/www.linseis.com\/wp-content\/uploads\/2024\/07\/Linseis-Icons_Linien-weiss_Seebeck-Koeffizient-1536x1536.png 1536w, https:\/\/www.linseis.com\/wp-content\/uploads\/2024\/07\/Linseis-Icons_Linien-weiss_Seebeck-Koeffizient-2048x2048.png 2048w\" sizes=\"(max-width: 800px) 100vw, 800px\" \/>\t\t\t\t\t\t\t\t\t\t\t\t\t\t\t<\/div>\n\t\t\t\t<\/div>\n\t\t\t\t\t<\/div>\n\t\t\t\t<\/div>\n\t\t\t\t\t\t\t\t<\/div>\n\t\t\t\t\t\t\t\t<\/div>\n\t\t<\/div>\n\t\t\t\t\t\t<\/div>\n\t\t\t\t<\/div>\n\t\t\t\t<\/div>\n\t\t\t\t<\/div>\n\t\t\t\t<div class=\"elementor-element elementor-element-b4a6800 elementor-widget elementor-widget-image\" data-id=\"b4a6800\" data-element_type=\"widget\" data-e-type=\"widget\" data-widget_type=\"image.default\">\n\t\t\t\t<div class=\"elementor-widget-container\">\n\t\t\t\t\t\t\t\t\t\t\t\t\t\t\t<img decoding=\"async\" width=\"800\" height=\"800\" src=\"https:\/\/www.linseis.com\/wp-content\/uploads\/2024\/06\/linseis_scale-bottom-1.svg\" class=\"attachment-large size-large wp-image-29171\" alt=\"\" \/>\t\t\t\t\t\t\t\t\t\t\t\t\t\t\t<\/div>\n\t\t\t\t<\/div>\n\t\t\t\t\t<\/div>\n\t\t\t\t<\/div>\n\t\t<div class=\"elementor-element elementor-element-7c8d6cc e-flex e-con-boxed e-con e-parent\" data-id=\"7c8d6cc\" data-element_type=\"container\" data-e-type=\"container\" data-settings=\"{&quot;background_background&quot;:&quot;classic&quot;}\">\n\t\t\t\t\t<div class=\"e-con-inner\">\n\t\t\t\t\t<\/div>\n\t\t\t\t<\/div>\n\t\t<div class=\"elementor-element elementor-element-d7b7522 e-flex e-con-boxed e-con e-parent\" data-id=\"d7b7522\" data-element_type=\"container\" data-e-type=\"container\" data-settings=\"{&quot;background_background&quot;:&quot;classic&quot;}\">\n\t\t\t\t\t<div class=\"e-con-inner\">\n\t\t<div class=\"elementor-element elementor-element-449b6fd e-con-full e-flex e-con e-child\" data-id=\"449b6fd\" data-element_type=\"container\" data-e-type=\"container\">\n\t\t\t\t<div class=\"elementor-element elementor-element-031217d elementor-invisible elementor-widget elementor-widget-wp-widget-bcn_widget\" data-id=\"031217d\" data-element_type=\"widget\" data-e-type=\"widget\" data-settings=\"{&quot;_animation&quot;:&quot;fadeInUp&quot;}\" data-widget_type=\"wp-widget-bcn_widget.default\">\n\t\t\t\t<div class=\"elementor-widget-container\">\n\t\t\t\t\t<div class=\"breadcrumbs\" vocab=\"https:\/\/schema.org\/\" typeof=\"BreadcrumbList\"><span property=\"itemListElement\" typeof=\"ListItem\"><a property=\"item\" typeof=\"WebPage\" title=\"Go to Linseis.\" href=\"https:\/\/www.linseis.com\/pt-pt\/\" class=\"home\" aria-current=\"page\"><span property=\"name\">Linseis<\/span><\/a><meta property=\"position\" content=\"1\"><\/span><\/div>\t\t\t\t<\/div>\n\t\t\t\t<\/div>\n\t\t\t\t<\/div>\n\t\t\t\t\t<\/div>\n\t\t\t\t<\/div>\n\t\t<div class=\"elementor-element elementor-element-ed98f58 e-flex e-con-boxed e-con e-parent\" data-id=\"ed98f58\" data-element_type=\"container\" data-e-type=\"container\" data-settings=\"{&quot;background_background&quot;:&quot;classic&quot;}\">\n\t\t\t\t\t<div class=\"e-con-inner\">\n\t\t<div class=\"elementor-element elementor-element-bbc47b3 e-con-full e-flex e-con e-child\" data-id=\"bbc47b3\" data-element_type=\"container\" data-e-type=\"container\">\n\t\t\t\t<div class=\"elementor-element elementor-element-71a1ec4 elementor-invisible elementor-widget elementor-widget-text-editor\" data-id=\"71a1ec4\" data-element_type=\"widget\" data-e-type=\"widget\" data-settings=\"{&quot;_animation&quot;:&quot;fadeInUp&quot;,&quot;_animation_delay&quot;:500}\" data-widget_type=\"text-editor.default\">\n\t\t\t\t<div class=\"elementor-widget-container\">\n\t\t\t\t\t\t\t\t\t<h2>Coeficiente de Seebeck &#8211; um par\u00e2metro termof\u00edsico<\/h2>\t\t\t\t\t\t\t\t<\/div>\n\t\t\t\t<\/div>\n\t\t\t\t<div class=\"elementor-element elementor-element-32d9053 elementor-widget elementor-widget-text-editor\" data-id=\"32d9053\" data-element_type=\"widget\" data-e-type=\"widget\" data-widget_type=\"text-editor.default\">\n\t\t\t\t<div class=\"elementor-widget-container\">\n\t\t\t\t\t\t\t\t\t<p>O efeito Seebeck \u00e9 utilizado principalmente para medir temperaturas com termopares e est\u00e1 a tornar-se cada vez mais importante na convers\u00e3o de calor residual em energia el\u00e9ctrica atrav\u00e9s de geradores termoel\u00e9ctricos. Os processos s\u00e3o revers\u00edveis. O processo inverso, no qual as diferen\u00e7as de tens\u00e3o geram diferen\u00e7as de temperatura, \u00e9 o efeito Peltier, que \u00e9 utilizado para arrefecimento em microeletr\u00f3nica e nanotecnologia.  <\/p><p>Uma medida fundamental para avaliar a efici\u00eancia dos materiais termoel\u00e9ctricos \u00e9 o valor de m\u00e9rito ZT, um indicador sem dimens\u00e3o que descreve o desempenho de um material. O valor ZT aumenta com o quadrado do coeficiente de Seebeck, a temperatura m\u00e9dia absoluta de funcionamento e a condutividade el\u00e9ctrica, enquanto diminui com a condutividade t\u00e9rmica espec\u00edfica. Estas vari\u00e1veis s\u00e3o dependentes da temperatura e as propriedades do material devem ser inclu\u00eddas no c\u00e1lculo da figura de m\u00e9rito em fun\u00e7\u00e3o da temperatura. A equa\u00e7\u00e3o de defini\u00e7\u00e3o \u00e9   <\/p><p><img loading=\"lazy\" decoding=\"async\" class=\"alignnone size-full wp-image-21479\" src=\"https:\/\/www.linseis.com\/wp-content\/uploads\/2024\/07\/ZT-formula-2-1.png\" alt=\"F\u00f3rmula ZT\" width=\"221\" height=\"115\"><\/p><p>Para determinar o valor ZT de condutores el\u00e9ctricos e semicondutores, s\u00e3o utilizados instrumentos de medi\u00e7\u00e3o precisos, como os oferecidos pela Linseis, para medir as propriedades necess\u00e1rias do material. Se a diferen\u00e7a de temperatura for pequena e os coeficientes de Seebeck puderem ser considerados constantes, a f\u00f3rmula da tens\u00e3o \u00e9 simplificada: <\/p><p><img loading=\"lazy\" decoding=\"async\" class=\"alignnone wp-image-20483\" src=\"https:\/\/www.linseis.com\/wp-content\/uploads\/2024\/07\/Seebeck-Koeffizient-Formel.png\" alt=\"F\u00f3rmula do coeficiente de Seebeck\" width=\"349\" height=\"84\" srcset=\"https:\/\/www.linseis.com\/wp-content\/uploads\/2024\/07\/Seebeck-Koeffizient-Formel.png 349w, https:\/\/www.linseis.com\/wp-content\/uploads\/2024\/07\/Seebeck-Koeffizient-Formel-300x72.png 300w\" sizes=\"(max-width: 349px) 100vw, 349px\" \/><\/p><p><sub>SA<\/sub> e<sub>SB<\/sub> representam os coeficientes Seebeck dos dois materiais, enquanto <sub>T1<\/sub> e <sub>T2<\/sub> representam as temperaturas nos dois pontos de contacto. A tens\u00e3o \u00e9 criada por difus\u00e3o t\u00e9rmica, em que os electr\u00f5es de alta energia se difundem no ponto de contacto quente na dire\u00e7\u00e3o do condutor mais frio. Isto leva a um transporte constante de electr\u00f5es do condutor positivo para o negativo, pelo que \u00e9 transferida energia t\u00e9rmica para al\u00e9m da energia el\u00e9ctrica. No entanto, esta transfer\u00eancia de calor reduz a efici\u00eancia do efeito Seebeck.   <\/p><p>Quanto maior for a condutividade el\u00e9ctrica e quanto menor for a condutividade t\u00e9rmica do material utilizado, maior ser\u00e1 a efici\u00eancia de um termopar. Um crit\u00e9rio decisivo para as propriedades de um condutor termoel\u00e9trico \u00e9 a chamada <g id=\"gid_0\">\n  <g id=\"gid_1\">&#8220;figura de m\u00e9rito&#8221; (ZT)<\/g>\n<\/g>. Este valor j\u00e1 tem em conta todas as vari\u00e1veis relevantes, como a temperatura, o coeficiente de Seebeck, a condutividade t\u00e9rmica e a condutividade el\u00e9ctrica.  <\/p><p>Na aplica\u00e7\u00e3o t\u00e9cnica dos termopares, dois mecanismos funcionam em conjunto para gerar uma tens\u00e3o mensur\u00e1vel. Em primeiro lugar, um gradiente de temperatura faz com que os portadores de carga se difundam da extremidade quente para a extremidade fria do condutor, o que leva a uma tens\u00e3o na gama dos milivolts e depende do coeficiente de Seebeck. Em segundo lugar, a utiliza\u00e7\u00e3o de um segundo condutor feito de um material diferente cria um gradiente de tens\u00e3o adicional no ponto de contacto, uma vez que os dois materiais diferem nos seus coeficientes de Seebeck.  <\/p>\t\t\t\t\t\t\t\t<\/div>\n\t\t\t\t<\/div>\n\t\t\t\t<\/div>\n\t\t\t\t\t<\/div>\n\t\t\t\t<\/div>\n\t\t<div class=\"elementor-element elementor-element-3473d73 e-flex e-con-boxed elementor-invisible e-con e-parent\" data-id=\"3473d73\" data-element_type=\"container\" data-e-type=\"container\" data-settings=\"{&quot;animation&quot;:&quot;fadeInUp&quot;}\">\n\t\t\t\t\t<div class=\"e-con-inner\">\n\t\t\t\t<div class=\"elementor-element elementor-element-11f930b elementor-widget elementor-widget-image\" data-id=\"11f930b\" data-element_type=\"widget\" data-e-type=\"widget\" data-widget_type=\"image.default\">\n\t\t\t\t<div class=\"elementor-widget-container\">\n\t\t\t\t\t\t\t\t\t\t\t\t\t\t\t<img loading=\"lazy\" decoding=\"async\" width=\"800\" height=\"596\" src=\"https:\/\/www.linseis.com\/wp-content\/uploads\/2024\/07\/Behavior-of-insulators-metals-semiconductors.jpg\" class=\"attachment-large size-large wp-image-35047\" alt=\"\" srcset=\"https:\/\/www.linseis.com\/wp-content\/uploads\/2024\/07\/Behavior-of-insulators-metals-semiconductors.jpg 859w, https:\/\/www.linseis.com\/wp-content\/uploads\/2024\/07\/Behavior-of-insulators-metals-semiconductors-300x224.jpg 300w, https:\/\/www.linseis.com\/wp-content\/uploads\/2024\/07\/Behavior-of-insulators-metals-semiconductors-768x572.jpg 768w\" sizes=\"(max-width: 800px) 100vw, 800px\" \/>\t\t\t\t\t\t\t\t\t\t\t\t\t\t\t<\/div>\n\t\t\t\t<\/div>\n\t\t\t\t\t<\/div>\n\t\t\t\t<\/div>\n\t\t<div class=\"elementor-element elementor-element-8801439 e-flex e-con-boxed e-con e-parent\" data-id=\"8801439\" data-element_type=\"container\" data-e-type=\"container\" data-settings=\"{&quot;background_background&quot;:&quot;classic&quot;}\">\n\t\t\t\t\t<div class=\"e-con-inner\">\n\t\t<div class=\"elementor-element elementor-element-4fda86f e-con-full e-flex e-con e-child\" data-id=\"4fda86f\" data-element_type=\"container\" data-e-type=\"container\">\n\t\t\t\t<div class=\"elementor-element elementor-element-fe6d621 elementor-widget elementor-widget-text-editor\" data-id=\"fe6d621\" data-element_type=\"widget\" data-e-type=\"widget\" data-widget_type=\"text-editor.default\">\n\t\t\t\t<div class=\"elementor-widget-container\">\n\t\t\t\t\t\t\t\t\t<h2>Webinar gratuito sobre materiais termoel\u00e9ctricos<\/h2>\t\t\t\t\t\t\t\t<\/div>\n\t\t\t\t<\/div>\n\t\t\t\t<div class=\"elementor-element elementor-element-34d74a1 elementor-invisible elementor-widget elementor-widget-text-editor\" data-id=\"34d74a1\" data-element_type=\"widget\" data-e-type=\"widget\" data-settings=\"{&quot;_animation&quot;:&quot;fadeInUp&quot;,&quot;_animation_delay&quot;:500}\" data-widget_type=\"text-editor.default\">\n\t\t\t\t<div class=\"elementor-widget-container\">\n\t\t\t\t\t\t\t\t\t<p><img loading=\"lazy\" decoding=\"async\" class=\"alignnone size-full wp-image-20501\" src=\"https:\/\/www.linseis.com\/wp-content\/uploads\/2024\/07\/Folie8-Seebeck-Effekt-1024x576-1.png\" alt=\"Semin\u00e1rio sobre o efeito Seebeck\" width=\"1024\" height=\"576\" srcset=\"https:\/\/www.linseis.com\/wp-content\/uploads\/2024\/07\/Folie8-Seebeck-Effekt-1024x576-1.png 1024w, https:\/\/www.linseis.com\/wp-content\/uploads\/2024\/07\/Folie8-Seebeck-Effekt-1024x576-1-300x169.png 300w, https:\/\/www.linseis.com\/wp-content\/uploads\/2024\/07\/Folie8-Seebeck-Effekt-1024x576-1-768x432.png 768w\" sizes=\"(max-width: 1024px) 100vw, 1024px\" \/><\/p><p>Trabalhas no dom\u00ednio da an\u00e1lise de materiais termoel\u00e9ctricos e gostarias de saber mais sobre a determina\u00e7\u00e3o do efeito Seebeck?<\/p><p><a href=\"https:\/\/youtu.be\/se6C6sEpgBU\" target=\"_blank\" rel=\"noopener\">\n  <b>Assiste ao nosso webinar sem registo<\/b>\n<\/a>!<\/p>\t\t\t\t\t\t\t\t<\/div>\n\t\t\t\t<\/div>\n\t\t\t\t<\/div>\n\t\t\t\t\t<\/div>\n\t\t\t\t<\/div>\n\t\t\t\t<\/div>\n\t\t","protected":false},"excerpt":{"rendered":"<p>Coeficiente de Seebeck Coeficiente de Seebeck &#8211; um par\u00e2metro termof\u00edsico O efeito Seebeck \u00e9 utilizado principalmente para medir temperaturas com termopares e est\u00e1 a tornar-se cada vez mais importante na convers\u00e3o de calor residual em energia el\u00e9ctrica atrav\u00e9s de geradores termoel\u00e9ctricos. Os processos s\u00e3o revers\u00edveis. O processo inverso, no qual as diferen\u00e7as de tens\u00e3o geram [&hellip;]<\/p>\n","protected":false},"author":5,"featured_media":0,"parent":103471,"menu_order":0,"comment_status":"closed","ping_status":"closed","template":"","meta":{"_acf_changed":false,"inline_featured_image":false,"footnotes":""},"class_list":["post-103495","page","type-page","status-publish","hentry"],"acf":[],"_links":{"self":[{"href":"https:\/\/www.linseis.com\/pt-pt\/wp-json\/wp\/v2\/pages\/103495","targetHints":{"allow":["GET"]}}],"collection":[{"href":"https:\/\/www.linseis.com\/pt-pt\/wp-json\/wp\/v2\/pages"}],"about":[{"href":"https:\/\/www.linseis.com\/pt-pt\/wp-json\/wp\/v2\/types\/page"}],"author":[{"embeddable":true,"href":"https:\/\/www.linseis.com\/pt-pt\/wp-json\/wp\/v2\/users\/5"}],"replies":[{"embeddable":true,"href":"https:\/\/www.linseis.com\/pt-pt\/wp-json\/wp\/v2\/comments?post=103495"}],"version-history":[{"count":0,"href":"https:\/\/www.linseis.com\/pt-pt\/wp-json\/wp\/v2\/pages\/103495\/revisions"}],"up":[{"embeddable":true,"href":"https:\/\/www.linseis.com\/pt-pt\/wp-json\/wp\/v2\/pages\/103471"}],"wp:attachment":[{"href":"https:\/\/www.linseis.com\/pt-pt\/wp-json\/wp\/v2\/media?parent=103495"}],"curies":[{"name":"wp","href":"https:\/\/api.w.org\/{rel}","templated":true}]}}