{"id":103482,"date":"2024-07-23T20:28:55","date_gmt":"2024-07-23T18:28:55","guid":{"rendered":"https:\/\/www.linseis.com\/variaveis-medidas\/coeficiente-de-hall\/"},"modified":"2026-01-12T10:20:25","modified_gmt":"2026-01-12T09:20:25","slug":"coeficiente-de-hall","status":"publish","type":"page","link":"https:\/\/www.linseis.com\/pt-pt\/variaveis-medidas\/coeficiente-de-hall\/","title":{"rendered":"Coeficiente de Hall"},"content":{"rendered":"\t\t<div data-elementor-type=\"wp-post\" data-elementor-id=\"103482\" class=\"elementor elementor-103482 elementor-18810\" data-elementor-post-type=\"page\">\n\t\t\t\t<div class=\"elementor-element elementor-element-a3549cf e-flex e-con-boxed e-con e-parent\" data-id=\"a3549cf\" data-element_type=\"container\" data-e-type=\"container\" data-settings=\"{&quot;background_background&quot;:&quot;classic&quot;}\">\n\t\t\t\t\t<div class=\"e-con-inner\">\n\t\t\t\t<div class=\"elementor-element elementor-element-ac41c94 elementor-widget elementor-widget-image\" data-id=\"ac41c94\" data-element_type=\"widget\" data-e-type=\"widget\" data-widget_type=\"image.default\">\n\t\t\t\t<div class=\"elementor-widget-container\">\n\t\t\t\t\t\t\t\t\t\t\t\t\t\t\t<img fetchpriority=\"high\" decoding=\"async\" width=\"800\" height=\"800\" src=\"https:\/\/www.linseis.com\/wp-content\/uploads\/2024\/06\/linseis_scale-top-1.svg\" class=\"attachment-large size-large wp-image-29175\" alt=\"\" \/>\t\t\t\t\t\t\t\t\t\t\t\t\t\t\t<\/div>\n\t\t\t\t<\/div>\n\t\t<div class=\"elementor-element elementor-element-a7b7feb e-con-full e-flex e-con e-child\" data-id=\"a7b7feb\" data-element_type=\"container\" data-e-type=\"container\">\n\t\t<div class=\"elementor-element elementor-element-6100945 e-con-full e-flex e-con e-child\" data-id=\"6100945\" data-element_type=\"container\" data-e-type=\"container\">\n\t\t\t\t<div class=\"elementor-element elementor-element-cc1182c elementor-invisible elementor-widget elementor-widget-heading\" data-id=\"cc1182c\" data-element_type=\"widget\" data-e-type=\"widget\" data-settings=\"{&quot;_animation&quot;:&quot;fadeInUp&quot;,&quot;_animation_delay&quot;:250}\" data-widget_type=\"heading.default\">\n\t\t\t\t<div class=\"elementor-widget-container\">\n\t\t\t\t\t<h1 class=\"elementor-heading-title elementor-size-default\"><b>\n\nCoeficiente de Hall\n<\/b><\/h1>\t\t\t\t<\/div>\n\t\t\t\t<\/div>\n\t\t\t\t<\/div>\n\t\t<div class=\"elementor-element elementor-element-6d91a43 e-con-full e-flex e-con e-child\" data-id=\"6d91a43\" data-element_type=\"container\" data-e-type=\"container\">\n\t\t\t\t<div class=\"elementor-element elementor-element-9413374 elementor-widget elementor-widget-n-carousel\" data-id=\"9413374\" data-element_type=\"widget\" data-e-type=\"widget\" data-settings=\"{&quot;carousel_items&quot;:[{&quot;slide_title&quot;:&quot;Produkt 1&quot;,&quot;_id&quot;:&quot;d6fbcdb&quot;}],&quot;slides_to_show&quot;:&quot;1&quot;,&quot;slides_to_scroll&quot;:&quot;2&quot;,&quot;autoplay_speed&quot;:2000,&quot;slides_to_show_tablet&quot;:&quot;1&quot;,&quot;slides_to_show_mobile&quot;:&quot;1&quot;,&quot;autoplay&quot;:&quot;yes&quot;,&quot;pause_on_hover&quot;:&quot;yes&quot;,&quot;pause_on_interaction&quot;:&quot;yes&quot;,&quot;infinite&quot;:&quot;yes&quot;,&quot;speed&quot;:500,&quot;offset_sides&quot;:&quot;none&quot;,&quot;image_spacing_custom&quot;:{&quot;unit&quot;:&quot;px&quot;,&quot;size&quot;:10,&quot;sizes&quot;:[]},&quot;image_spacing_custom_tablet&quot;:{&quot;unit&quot;:&quot;px&quot;,&quot;size&quot;:&quot;&quot;,&quot;sizes&quot;:[]},&quot;image_spacing_custom_mobile&quot;:{&quot;unit&quot;:&quot;px&quot;,&quot;size&quot;:&quot;&quot;,&quot;sizes&quot;:[]}}\" data-widget_type=\"nested-carousel.default\">\n\t\t\t\t<div class=\"elementor-widget-container\">\n\t\t\t\t\t\t\t<div class=\"e-n-carousel swiper\" role=\"region\" aria-roledescription=\"carousel\" aria-label=\"Karussell\" dir=\"ltr\">\n\t\t\t<div class=\"swiper-wrapper\" aria-live=\"off\">\n\t\t\t\t\t\t\t\t\t\t<div class=\"swiper-slide\" data-slide=\"1\" role=\"group\" aria-roledescription=\"slide\" aria-label=\"1 of 1\">\n\t\t\t\t\t\t\t<div class=\"elementor-element elementor-element-44441f5 e-flex e-con-boxed e-con e-child\" data-id=\"44441f5\" data-element_type=\"container\" data-e-type=\"container\">\n\t\t\t\t\t<div class=\"e-con-inner\">\n\t\t\t\t<div class=\"elementor-element elementor-element-4103051 elementor-widget__width-initial elementor-invisible elementor-widget elementor-widget-image\" data-id=\"4103051\" data-element_type=\"widget\" data-e-type=\"widget\" data-settings=\"{&quot;_animation&quot;:&quot;fadeInUp&quot;}\" data-widget_type=\"image.default\">\n\t\t\t\t<div class=\"elementor-widget-container\">\n\t\t\t\t\t\t\t\t\t\t\t\t\t\t\t<img decoding=\"async\" width=\"800\" height=\"800\" src=\"https:\/\/www.linseis.com\/wp-content\/uploads\/2024\/07\/Linseis-Icons_Linien-weiss_Hall-Koeffizient-1024x1024.png\" class=\"attachment-large size-large wp-image-35462\" alt=\"\" srcset=\"https:\/\/www.linseis.com\/wp-content\/uploads\/2024\/07\/Linseis-Icons_Linien-weiss_Hall-Koeffizient-1024x1024.png 1024w, https:\/\/www.linseis.com\/wp-content\/uploads\/2024\/07\/Linseis-Icons_Linien-weiss_Hall-Koeffizient-300x300.png 300w, https:\/\/www.linseis.com\/wp-content\/uploads\/2024\/07\/Linseis-Icons_Linien-weiss_Hall-Koeffizient-150x150.png 150w, https:\/\/www.linseis.com\/wp-content\/uploads\/2024\/07\/Linseis-Icons_Linien-weiss_Hall-Koeffizient-768x768.png 768w, https:\/\/www.linseis.com\/wp-content\/uploads\/2024\/07\/Linseis-Icons_Linien-weiss_Hall-Koeffizient-1536x1536.png 1536w, https:\/\/www.linseis.com\/wp-content\/uploads\/2024\/07\/Linseis-Icons_Linien-weiss_Hall-Koeffizient-2048x2048.png 2048w\" sizes=\"(max-width: 800px) 100vw, 800px\" \/>\t\t\t\t\t\t\t\t\t\t\t\t\t\t\t<\/div>\n\t\t\t\t<\/div>\n\t\t\t\t\t<\/div>\n\t\t\t\t<\/div>\n\t\t\t\t\t\t\t\t<\/div>\n\t\t\t\t\t\t\t\t<\/div>\n\t\t<\/div>\n\t\t\t\t\t\t<\/div>\n\t\t\t\t<\/div>\n\t\t\t\t<\/div>\n\t\t\t\t<\/div>\n\t\t\t\t<div class=\"elementor-element elementor-element-b4a6800 elementor-widget elementor-widget-image\" data-id=\"b4a6800\" data-element_type=\"widget\" data-e-type=\"widget\" data-widget_type=\"image.default\">\n\t\t\t\t<div class=\"elementor-widget-container\">\n\t\t\t\t\t\t\t\t\t\t\t\t\t\t\t<img decoding=\"async\" width=\"800\" height=\"800\" src=\"https:\/\/www.linseis.com\/wp-content\/uploads\/2024\/06\/linseis_scale-bottom-1.svg\" class=\"attachment-large size-large wp-image-29171\" alt=\"\" \/>\t\t\t\t\t\t\t\t\t\t\t\t\t\t\t<\/div>\n\t\t\t\t<\/div>\n\t\t\t\t\t<\/div>\n\t\t\t\t<\/div>\n\t\t<div class=\"elementor-element elementor-element-7c8d6cc e-flex e-con-boxed e-con e-parent\" data-id=\"7c8d6cc\" data-element_type=\"container\" data-e-type=\"container\" data-settings=\"{&quot;background_background&quot;:&quot;classic&quot;}\">\n\t\t\t\t\t<div class=\"e-con-inner\">\n\t\t\t\t\t<\/div>\n\t\t\t\t<\/div>\n\t\t<div class=\"elementor-element elementor-element-d7b7522 e-flex e-con-boxed e-con e-parent\" data-id=\"d7b7522\" data-element_type=\"container\" data-e-type=\"container\" data-settings=\"{&quot;background_background&quot;:&quot;classic&quot;}\">\n\t\t\t\t\t<div class=\"e-con-inner\">\n\t\t<div class=\"elementor-element elementor-element-449b6fd e-con-full e-flex e-con e-child\" data-id=\"449b6fd\" data-element_type=\"container\" data-e-type=\"container\">\n\t\t\t\t<div class=\"elementor-element elementor-element-031217d elementor-invisible elementor-widget elementor-widget-wp-widget-bcn_widget\" data-id=\"031217d\" data-element_type=\"widget\" data-e-type=\"widget\" data-settings=\"{&quot;_animation&quot;:&quot;fadeInUp&quot;}\" data-widget_type=\"wp-widget-bcn_widget.default\">\n\t\t\t\t<div class=\"elementor-widget-container\">\n\t\t\t\t\t<div class=\"breadcrumbs\" vocab=\"https:\/\/schema.org\/\" typeof=\"BreadcrumbList\"><span property=\"itemListElement\" typeof=\"ListItem\"><a property=\"item\" typeof=\"WebPage\" title=\"Go to Linseis.\" href=\"https:\/\/www.linseis.com\/pt-pt\/\" class=\"home\" aria-current=\"page\"><span property=\"name\">Linseis<\/span><\/a><meta property=\"position\" content=\"1\"><\/span><\/div>\t\t\t\t<\/div>\n\t\t\t\t<\/div>\n\t\t\t\t<\/div>\n\t\t\t\t\t<\/div>\n\t\t\t\t<\/div>\n\t\t<div class=\"elementor-element elementor-element-ed98f58 e-flex e-con-boxed e-con e-parent\" data-id=\"ed98f58\" data-element_type=\"container\" data-e-type=\"container\" data-settings=\"{&quot;background_background&quot;:&quot;classic&quot;}\">\n\t\t\t\t\t<div class=\"e-con-inner\">\n\t\t<div class=\"elementor-element elementor-element-bbc47b3 e-con-full e-flex e-con e-child\" data-id=\"bbc47b3\" data-element_type=\"container\" data-e-type=\"container\">\n\t\t\t\t<div class=\"elementor-element elementor-element-71a1ec4 elementor-invisible elementor-widget elementor-widget-text-editor\" data-id=\"71a1ec4\" data-element_type=\"widget\" data-e-type=\"widget\" data-settings=\"{&quot;_animation&quot;:&quot;fadeInUp&quot;,&quot;_animation_delay&quot;:500}\" data-widget_type=\"text-editor.default\">\n\t\t\t\t<div class=\"elementor-widget-container\">\n\t\t\t\t\t\t\t\t\t<h2>Coeficiente Hall &#8211; uma medida termof\u00edsica<\/h2>\t\t\t\t\t\t\t\t<\/div>\n\t\t\t\t<\/div>\n\t\t\t\t<div class=\"elementor-element elementor-element-32d9053 elementor-widget elementor-widget-text-editor\" data-id=\"32d9053\" data-element_type=\"widget\" data-e-type=\"widget\" data-widget_type=\"text-editor.default\">\n\t\t\t\t<div class=\"elementor-widget-container\">\n\t\t\t\t\t\t\t\t\t<p>Se um condutor condutor de corrente estiver num campo magn\u00e9tico, a for\u00e7a de Lorentz actua sobre os portadores de carga perpendicularmente \u00e0 dire\u00e7\u00e3o da corrente e do campo magn\u00e9tico. A separa\u00e7\u00e3o de cargas resultante \u00e9 conhecida como efeito Hall e resulta numa tens\u00e3o Hall mensur\u00e1vel. <\/p><p>O coeficiente de Hall e o seu sinal dependem da densidade de portadores de carga e do tipo de portador de carga. O coeficiente Hall e o seu sinal dependem, por sua vez, da densidade de portadores de carga e do tipo de portador de carga. <\/p><ul><li><strong>Defini\u00e7\u00e3o<\/strong>: Mede a extens\u00e3o da separa\u00e7\u00e3o de cargas num condutor de corrente num campo magn\u00e9tico, conhecido como efeito Hall.<\/li><li><strong>Resultado<\/strong>: Uma tens\u00e3o Hall mensur\u00e1vel que \u00e9 proporcional ao coeficiente Hall e \u00e0 intensidade do campo magn\u00e9tico.<\/li><\/ul><p>Num semicondutor dopado, tanto os electr\u00f5es de carga negativa como os &#8220;buracos&#8221; de carga positiva, ou seja, os electr\u00f5es em falta, podem ser respons\u00e1veis por um fluxo de corrente.<\/p><p>Num condutor el\u00e9trico convencional, como o cobre, por outro lado, apenas fluem electr\u00f5es.<\/p>\t\t\t\t\t\t\t\t<\/div>\n\t\t\t\t<\/div>\n\t\t\t\t<\/div>\n\t\t\t\t\t<\/div>\n\t\t\t\t<\/div>\n\t\t<div class=\"elementor-element elementor-element-3473d73 e-flex e-con-boxed elementor-invisible e-con e-parent\" data-id=\"3473d73\" data-element_type=\"container\" data-e-type=\"container\" data-settings=\"{&quot;animation&quot;:&quot;fadeInUp&quot;}\">\n\t\t\t\t\t<div class=\"e-con-inner\">\n\t\t\t\t<div class=\"elementor-element elementor-element-11f930b elementor-widget elementor-widget-image\" data-id=\"11f930b\" data-element_type=\"widget\" data-e-type=\"widget\" data-widget_type=\"image.default\">\n\t\t\t\t<div class=\"elementor-widget-container\">\n\t\t\t\t\t\t\t\t\t\t\t\t\t\t\t<img loading=\"lazy\" decoding=\"async\" width=\"800\" height=\"382\" src=\"https:\/\/www.linseis.com\/wp-content\/uploads\/2024\/07\/Magnetfeld-v2-1024x489.png\" class=\"attachment-large size-large wp-image-34718\" alt=\"\" srcset=\"https:\/\/www.linseis.com\/wp-content\/uploads\/2024\/07\/Magnetfeld-v2-1024x489.png 1024w, https:\/\/www.linseis.com\/wp-content\/uploads\/2024\/07\/Magnetfeld-v2-300x143.png 300w, https:\/\/www.linseis.com\/wp-content\/uploads\/2024\/07\/Magnetfeld-v2-768x366.png 768w, https:\/\/www.linseis.com\/wp-content\/uploads\/2024\/07\/Magnetfeld-v2-1536x733.png 1536w, https:\/\/www.linseis.com\/wp-content\/uploads\/2024\/07\/Magnetfeld-v2.png 1920w\" sizes=\"(max-width: 800px) 100vw, 800px\" \/>\t\t\t\t\t\t\t\t\t\t\t\t\t\t\t<\/div>\n\t\t\t\t<\/div>\n\t\t\t\t\t<\/div>\n\t\t\t\t<\/div>\n\t\t<div class=\"elementor-element elementor-element-8801439 e-flex e-con-boxed elementor-invisible e-con e-parent\" data-id=\"8801439\" data-element_type=\"container\" data-e-type=\"container\" data-settings=\"{&quot;background_background&quot;:&quot;classic&quot;,&quot;animation&quot;:&quot;fadeInUp&quot;}\">\n\t\t\t\t\t<div class=\"e-con-inner\">\n\t\t<div class=\"elementor-element elementor-element-4fda86f e-con-full e-flex e-con e-child\" data-id=\"4fda86f\" data-element_type=\"container\" data-e-type=\"container\">\n\t\t\t\t<div class=\"elementor-element elementor-element-fe6d621 elementor-widget elementor-widget-text-editor\" data-id=\"fe6d621\" data-element_type=\"widget\" data-e-type=\"widget\" data-widget_type=\"text-editor.default\">\n\t\t\t\t<div class=\"elementor-widget-container\">\n\t\t\t\t\t\t\t\t\t<h2>Medi\u00e7\u00e3o do coeficiente Hall<\/h2>\t\t\t\t\t\t\t\t<\/div>\n\t\t\t\t<\/div>\n\t\t\t\t<div class=\"elementor-element elementor-element-34d74a1 elementor-widget elementor-widget-text-editor\" data-id=\"34d74a1\" data-element_type=\"widget\" data-e-type=\"widget\" data-widget_type=\"text-editor.default\">\n\t\t\t\t<div class=\"elementor-widget-container\">\n\t\t\t\t\t\t\t\t\t<p>O coeficiente Hall pode ser medido se a densidade do fluxo magn\u00e9tico do \u00edman utilizado for conhecida, determinando a espessura do condutor, a tens\u00e3o Hall e a intensidade da corrente.<\/p><p>O efeito descrito acima permite a medi\u00e7\u00e3o precisa e sem contacto de campos magn\u00e9ticos. No entanto, se for utilizado um \u00edman permanente com uma densidade de fluxo magn\u00e9tico conhecida, pode ser determinada toda uma gama de outras vari\u00e1veis medidas. <\/p><ul><li><strong>Densidade do fluxo magn\u00e9tico:<\/strong> Uma quantidade conhecida do \u00edman que \u00e9 inclu\u00edda no c\u00e1lculo.<\/li><li><strong>Espessura<\/strong> do condutor: A espessura do condutor que transporta a corrente deve ser conhecida para permitir medi\u00e7\u00f5es precisas.<\/li><li><strong>Tens\u00e3o Hall<\/strong>: A tens\u00e3o atrav\u00e9s do condutor que ocorre como resultado do efeito Hall.<\/li><li><strong>Intensidade da corrente<\/strong>: A quantidade de corrente que flui atrav\u00e9s do condutor e que leva \u00e0 gera\u00e7\u00e3o da tens\u00e3o Hall.<\/li><\/ul><p> <\/p><p>Estas medi\u00e7\u00f5es permitem a determina\u00e7\u00e3o sem contacto da intensidade do campo magn\u00e9tico, o que permite uma an\u00e1lise n\u00e3o invasiva e precisa das propriedades el\u00e9ctricas de um material.<\/p>\t\t\t\t\t\t\t\t<\/div>\n\t\t\t\t<\/div>\n\t\t\t\t<\/div>\n\t\t\t\t\t<\/div>\n\t\t\t\t<\/div>\n\t\t<div class=\"elementor-element elementor-element-aed7062 e-flex e-con-boxed elementor-invisible e-con e-parent\" data-id=\"aed7062\" data-element_type=\"container\" data-e-type=\"container\" data-settings=\"{&quot;animation&quot;:&quot;fadeInUp&quot;}\">\n\t\t\t\t\t<div class=\"e-con-inner\">\n\t\t\t\t<div class=\"elementor-element elementor-element-aae54ad elementor-widget elementor-widget-image\" data-id=\"aae54ad\" data-element_type=\"widget\" data-e-type=\"widget\" data-widget_type=\"image.default\">\n\t\t\t\t<div class=\"elementor-widget-container\">\n\t\t\t\t\t\t\t\t\t\t\t\t\t\t\t<img loading=\"lazy\" decoding=\"async\" width=\"800\" height=\"382\" src=\"https:\/\/www.linseis.com\/wp-content\/uploads\/2024\/07\/MRT-v2-1024x489.png\" class=\"attachment-large size-large wp-image-34722\" alt=\"\" srcset=\"https:\/\/www.linseis.com\/wp-content\/uploads\/2024\/07\/MRT-v2-1024x489.png 1024w, https:\/\/www.linseis.com\/wp-content\/uploads\/2024\/07\/MRT-v2-300x143.png 300w, https:\/\/www.linseis.com\/wp-content\/uploads\/2024\/07\/MRT-v2-768x366.png 768w, https:\/\/www.linseis.com\/wp-content\/uploads\/2024\/07\/MRT-v2-1536x733.png 1536w, https:\/\/www.linseis.com\/wp-content\/uploads\/2024\/07\/MRT-v2.png 1920w\" sizes=\"(max-width: 800px) 100vw, 800px\" \/>\t\t\t\t\t\t\t\t\t\t\t\t\t\t\t<\/div>\n\t\t\t\t<\/div>\n\t\t<div class=\"elementor-element elementor-element-b7e57bf e-con-full e-flex e-con e-child\" data-id=\"b7e57bf\" data-element_type=\"container\" data-e-type=\"container\">\n\t\t\t\t<div class=\"elementor-element elementor-element-15674ac elementor-widget elementor-widget-text-editor\" data-id=\"15674ac\" data-element_type=\"widget\" data-e-type=\"widget\" data-widget_type=\"text-editor.default\">\n\t\t\t\t<div class=\"elementor-widget-container\">\n\t\t\t\t\t\t\t\t\t<h2>Aplica\u00e7\u00e3o pr\u00e1tica do coeficiente Hall<\/h2>\t\t\t\t\t\t\t\t<\/div>\n\t\t\t\t<\/div>\n\t\t\t\t<div class=\"elementor-element elementor-element-951c0ac elementor-widget elementor-widget-text-editor\" data-id=\"951c0ac\" data-element_type=\"widget\" data-e-type=\"widget\" data-widget_type=\"text-editor.default\">\n\t\t\t\t<div class=\"elementor-widget-container\">\n\t\t\t\t\t\t\t\t\t<p>O coeficiente Hall tem uma vasta gama de aplica\u00e7\u00f5es que real\u00e7am a sua versatilidade em v\u00e1rias ind\u00fastrias:<\/p><ul><li><a href=\"https:\/\/www.linseis.com\/applikationen\/automobil-luft-und-raumfahrt\/\">\n  <strong>Ind\u00fastria autom\u00f3vel:<\/strong>\n<\/a> Os sensores de efeito Hall s\u00e3o utilizados para medir a velocidade, o n\u00edvel e o bin\u00e1rio e caracterizam-se pela sua fiabilidade e durabilidade.<\/li><li>Tecnologia m\u00e9dica: Os sensores de efeito Hall s\u00e3o utilizados na resson\u00e2ncia magn\u00e9tica (MRI) para determinar campos magn\u00e9ticos fortes, o que melhora a imagiologia e o diagn\u00f3stico.<\/li><\/ul>\t\t\t\t\t\t\t\t<\/div>\n\t\t\t\t<\/div>\n\t\t\t\t<\/div>\n\t\t<div class=\"elementor-element elementor-element-8087fbf e-con-full e-flex e-con e-child\" data-id=\"8087fbf\" data-element_type=\"container\" data-e-type=\"container\">\n\t\t\t\t<div class=\"elementor-element elementor-element-978e108 elementor-widget elementor-widget-text-editor\" data-id=\"978e108\" data-element_type=\"widget\" data-e-type=\"widget\" data-widget_type=\"text-editor.default\">\n\t\t\t\t<div class=\"elementor-widget-container\">\n\t\t\t\t\t\t\t\t\t<h2>Presen\u00e7a do coeficiente de Hall na pr\u00e1tica<\/h2>\t\t\t\t\t\t\t\t<\/div>\n\t\t\t\t<\/div>\n\t\t\t\t<div class=\"elementor-element elementor-element-1150bab elementor-widget elementor-widget-text-editor\" data-id=\"1150bab\" data-element_type=\"widget\" data-e-type=\"widget\" data-widget_type=\"text-editor.default\">\n\t\t\t\t<div class=\"elementor-widget-container\">\n\t\t\t\t\t\t\t\t\t<p>O coeficiente Hall \u00e9 utilizado em numerosas aplica\u00e7\u00f5es tecnol\u00f3gicas:<\/p><ul><li>Dispositivos electr\u00f3nicos: \u00c9 utilizado para determinar campos magn\u00e9ticos em dispositivos m\u00f3veis, como smartphones e tablets.<\/li><li>Sensores industriais: Na tecnologia de automa\u00e7\u00e3o, contribuem para a dete\u00e7\u00e3o precisa da posi\u00e7\u00e3o.<\/li><li>Tecnologia espacial: A medi\u00e7\u00e3o dos campos magn\u00e9ticos em sat\u00e9lites e naves espaciais \u00e9 essencial para a navega\u00e7\u00e3o e a investiga\u00e7\u00e3o.<\/li><li>Instrumentos cient\u00edficos: As institui\u00e7\u00f5es de investiga\u00e7\u00e3o utilizam o efeito Hall para investigar as propriedades magn\u00e9ticas dos materiais.<\/li><\/ul><p> <\/p><p>Estas diversas aplica\u00e7\u00f5es mostram como o coeficiente Hall e o efeito Hall contribuem para a resolu\u00e7\u00e3o de desafios metrol\u00f3gicos complexos numa s\u00e9rie de dom\u00ednios especializados.<\/p>\t\t\t\t\t\t\t\t<\/div>\n\t\t\t\t<\/div>\n\t\t\t\t<\/div>\n\t\t\t\t\t<\/div>\n\t\t\t\t<\/div>\n\t\t<div class=\"elementor-element elementor-element-50adb82 e-flex e-con-boxed e-con e-parent\" data-id=\"50adb82\" data-element_type=\"container\" data-e-type=\"container\" data-settings=\"{&quot;background_background&quot;:&quot;classic&quot;}\">\n\t\t\t\t\t<div class=\"e-con-inner\">\n\t\t<div class=\"elementor-element elementor-element-cad4e8f e-con-full e-flex e-con e-child\" data-id=\"cad4e8f\" data-element_type=\"container\" data-e-type=\"container\">\n\t\t\t\t<div class=\"elementor-element elementor-element-b17a273 elementor-widget elementor-widget-shortcode\" data-id=\"b17a273\" data-element_type=\"widget\" data-e-type=\"widget\" data-widget_type=\"shortcode.default\">\n\t\t\t\t<div class=\"elementor-widget-container\">\n\t\t\t\t\t\t\t<div class=\"elementor-shortcode\"><script type=\"application\/ld+json\">{\n  \"@context\": \"https:\/\/schema.org\",\n  \"@type\": \"FAQPage\",\n  \"mainEntity\": [{\n    \"@type\": \"Question\",\n    \"name\": \"Was ist der Hall-Koeffizient?\",\n    \"acceptedAnswer\": {\n      \"@type\": \"Answer\",\n      \"text\": \"Definition: Misst das Ausma\u00df der Ladungstrennung in einem stromdurchflossenen Leiter im Magnetfeld, bekannt als Hall-Effekt.\n    Ergebnis: Eine messbare Hall-Spannung, die proportional zum Hall-Koeffizienten und Magnetfeldst\u00e4rke ist.\"\n    }\n  },{\n    \"@type\": \"Question\",\n    \"name\": \"Wie wird der Hall-Effekt gemessen?\",\n    \"acceptedAnswer\": {\n      \"@type\": \"Answer\",\n      \"text\": \"Messen l\u00e4sst sich der Hall-Koeffizient, wenn die magnetische Flussdichte des verwendeten Magneten bekannt ist, indem die Dicke des Leiters, die Hall-Spannung und die Stromst\u00e4rke bestimmt werden. Der oben beschriebene Effekt erm\u00f6glicht eine ber\u00fchrungsfreie und pr\u00e4zise Messung von Magnetfeldern. Verwendet man jedoch einen Permanentmagneten mit bekannter magnetischer Flussdichte, kann eine ganze Reihe weiterer Messgr\u00f6\u00dfen ermittelt werden.\"\n    }\n  }]\n}\n<\/script><\/div>\n\t\t\t\t\t\t<\/div>\n\t\t\t\t<\/div>\n\t\t\t\t<\/div>\n\t\t\t\t\t<\/div>\n\t\t\t\t<\/div>\n\t\t\t\t<\/div>\n\t\t","protected":false},"excerpt":{"rendered":"<p>Coeficiente de Hall Coeficiente Hall &#8211; uma medida termof\u00edsica Se um condutor condutor de corrente estiver num campo magn\u00e9tico, a for\u00e7a de Lorentz actua sobre os portadores de carga perpendicularmente \u00e0 dire\u00e7\u00e3o da corrente e do campo magn\u00e9tico. A separa\u00e7\u00e3o de cargas resultante \u00e9 conhecida como efeito Hall e resulta numa tens\u00e3o Hall mensur\u00e1vel. O [&hellip;]<\/p>\n","protected":false},"author":5,"featured_media":0,"parent":103471,"menu_order":0,"comment_status":"closed","ping_status":"closed","template":"","meta":{"_acf_changed":false,"inline_featured_image":false,"footnotes":""},"class_list":["post-103482","page","type-page","status-publish","hentry"],"acf":[],"_links":{"self":[{"href":"https:\/\/www.linseis.com\/pt-pt\/wp-json\/wp\/v2\/pages\/103482","targetHints":{"allow":["GET"]}}],"collection":[{"href":"https:\/\/www.linseis.com\/pt-pt\/wp-json\/wp\/v2\/pages"}],"about":[{"href":"https:\/\/www.linseis.com\/pt-pt\/wp-json\/wp\/v2\/types\/page"}],"author":[{"embeddable":true,"href":"https:\/\/www.linseis.com\/pt-pt\/wp-json\/wp\/v2\/users\/5"}],"replies":[{"embeddable":true,"href":"https:\/\/www.linseis.com\/pt-pt\/wp-json\/wp\/v2\/comments?post=103482"}],"version-history":[{"count":0,"href":"https:\/\/www.linseis.com\/pt-pt\/wp-json\/wp\/v2\/pages\/103482\/revisions"}],"up":[{"embeddable":true,"href":"https:\/\/www.linseis.com\/pt-pt\/wp-json\/wp\/v2\/pages\/103471"}],"wp:attachment":[{"href":"https:\/\/www.linseis.com\/pt-pt\/wp-json\/wp\/v2\/media?parent=103482"}],"curies":[{"name":"wp","href":"https:\/\/api.w.org\/{rel}","templated":true}]}}