{"id":103475,"date":"2024-07-23T19:41:46","date_gmt":"2024-07-23T17:41:46","guid":{"rendered":"https:\/\/www.linseis.com\/variaveis-medidas\/modulo-de-elasticidade\/"},"modified":"2026-01-12T10:22:00","modified_gmt":"2026-01-12T09:22:00","slug":"modulo-de-elasticidade","status":"publish","type":"page","link":"https:\/\/www.linseis.com\/pt-pt\/variaveis-medidas\/modulo-de-elasticidade\/","title":{"rendered":"M\u00f3dulo de elasticidade"},"content":{"rendered":"\t\t<div data-elementor-type=\"wp-post\" data-elementor-id=\"103475\" class=\"elementor elementor-103475 elementor-18718\" data-elementor-post-type=\"page\">\n\t\t\t\t<div class=\"elementor-element elementor-element-a3549cf e-flex e-con-boxed e-con e-parent\" data-id=\"a3549cf\" data-element_type=\"container\" data-e-type=\"container\" data-settings=\"{&quot;background_background&quot;:&quot;classic&quot;}\">\n\t\t\t\t\t<div class=\"e-con-inner\">\n\t\t\t\t<div class=\"elementor-element elementor-element-ac41c94 elementor-widget elementor-widget-image\" data-id=\"ac41c94\" data-element_type=\"widget\" data-e-type=\"widget\" data-widget_type=\"image.default\">\n\t\t\t\t<div class=\"elementor-widget-container\">\n\t\t\t\t\t\t\t\t\t\t\t\t\t\t\t<img fetchpriority=\"high\" decoding=\"async\" width=\"800\" height=\"800\" src=\"https:\/\/www.linseis.com\/wp-content\/uploads\/2024\/06\/linseis_scale-top-1.svg\" class=\"attachment-large size-large wp-image-29175\" alt=\"\" \/>\t\t\t\t\t\t\t\t\t\t\t\t\t\t\t<\/div>\n\t\t\t\t<\/div>\n\t\t<div class=\"elementor-element elementor-element-a7b7feb e-con-full e-flex e-con e-child\" data-id=\"a7b7feb\" data-element_type=\"container\" data-e-type=\"container\">\n\t\t<div class=\"elementor-element elementor-element-6100945 e-con-full e-flex e-con e-child\" data-id=\"6100945\" data-element_type=\"container\" data-e-type=\"container\">\n\t\t\t\t<div class=\"elementor-element elementor-element-cc1182c elementor-invisible elementor-widget elementor-widget-heading\" data-id=\"cc1182c\" data-element_type=\"widget\" data-e-type=\"widget\" data-settings=\"{&quot;_animation&quot;:&quot;fadeInUp&quot;,&quot;_animation_delay&quot;:250}\" data-widget_type=\"heading.default\">\n\t\t\t\t<div class=\"elementor-widget-container\">\n\t\t\t\t\t<h1 class=\"elementor-heading-title elementor-size-default\"><b>\nM\u00f3dulo de elasticidade\n<\/b><\/h1>\t\t\t\t<\/div>\n\t\t\t\t<\/div>\n\t\t\t\t<\/div>\n\t\t<div class=\"elementor-element elementor-element-6d91a43 e-con-full e-flex e-con e-child\" data-id=\"6d91a43\" data-element_type=\"container\" data-e-type=\"container\">\n\t\t\t\t<div class=\"elementor-element elementor-element-d7d34fa elementor-widget__width-initial elementor-invisible elementor-widget elementor-widget-image\" data-id=\"d7d34fa\" data-element_type=\"widget\" data-e-type=\"widget\" data-settings=\"{&quot;_animation&quot;:&quot;fadeInUp&quot;}\" data-widget_type=\"image.default\">\n\t\t\t\t<div class=\"elementor-widget-container\">\n\t\t\t\t\t\t\t\t\t\t\t\t\t\t\t<img decoding=\"async\" width=\"800\" height=\"800\" src=\"https:\/\/www.linseis.com\/wp-content\/uploads\/2024\/07\/Linseis-Icons_Linien-weiss_Elastizitaetsmodul-1024x1024.png\" class=\"attachment-large size-large wp-image-35454\" alt=\"\" srcset=\"https:\/\/www.linseis.com\/wp-content\/uploads\/2024\/07\/Linseis-Icons_Linien-weiss_Elastizitaetsmodul-1024x1024.png 1024w, https:\/\/www.linseis.com\/wp-content\/uploads\/2024\/07\/Linseis-Icons_Linien-weiss_Elastizitaetsmodul-300x300.png 300w, https:\/\/www.linseis.com\/wp-content\/uploads\/2024\/07\/Linseis-Icons_Linien-weiss_Elastizitaetsmodul-150x150.png 150w, https:\/\/www.linseis.com\/wp-content\/uploads\/2024\/07\/Linseis-Icons_Linien-weiss_Elastizitaetsmodul-768x768.png 768w, https:\/\/www.linseis.com\/wp-content\/uploads\/2024\/07\/Linseis-Icons_Linien-weiss_Elastizitaetsmodul-1536x1536.png 1536w, https:\/\/www.linseis.com\/wp-content\/uploads\/2024\/07\/Linseis-Icons_Linien-weiss_Elastizitaetsmodul-2048x2048.png 2048w\" sizes=\"(max-width: 800px) 100vw, 800px\" \/>\t\t\t\t\t\t\t\t\t\t\t\t\t\t\t<\/div>\n\t\t\t\t<\/div>\n\t\t\t\t<\/div>\n\t\t\t\t<\/div>\n\t\t\t\t<div class=\"elementor-element elementor-element-b4a6800 elementor-widget elementor-widget-image\" data-id=\"b4a6800\" data-element_type=\"widget\" data-e-type=\"widget\" data-widget_type=\"image.default\">\n\t\t\t\t<div class=\"elementor-widget-container\">\n\t\t\t\t\t\t\t\t\t\t\t\t\t\t\t<img decoding=\"async\" width=\"800\" height=\"800\" src=\"https:\/\/www.linseis.com\/wp-content\/uploads\/2024\/06\/linseis_scale-bottom-1.svg\" class=\"attachment-large size-large wp-image-29171\" alt=\"\" \/>\t\t\t\t\t\t\t\t\t\t\t\t\t\t\t<\/div>\n\t\t\t\t<\/div>\n\t\t\t\t\t<\/div>\n\t\t\t\t<\/div>\n\t\t<div class=\"elementor-element elementor-element-7c8d6cc e-flex e-con-boxed e-con e-parent\" data-id=\"7c8d6cc\" data-element_type=\"container\" data-e-type=\"container\" data-settings=\"{&quot;background_background&quot;:&quot;classic&quot;}\">\n\t\t\t\t\t<div class=\"e-con-inner\">\n\t\t\t\t\t<\/div>\n\t\t\t\t<\/div>\n\t\t<div class=\"elementor-element elementor-element-d7b7522 e-flex e-con-boxed e-con e-parent\" data-id=\"d7b7522\" data-element_type=\"container\" data-e-type=\"container\" data-settings=\"{&quot;background_background&quot;:&quot;classic&quot;}\">\n\t\t\t\t\t<div class=\"e-con-inner\">\n\t\t<div class=\"elementor-element elementor-element-449b6fd e-con-full e-flex e-con e-child\" data-id=\"449b6fd\" data-element_type=\"container\" data-e-type=\"container\">\n\t\t\t\t<div class=\"elementor-element elementor-element-031217d elementor-invisible elementor-widget elementor-widget-wp-widget-bcn_widget\" data-id=\"031217d\" data-element_type=\"widget\" data-e-type=\"widget\" data-settings=\"{&quot;_animation&quot;:&quot;fadeInUp&quot;}\" data-widget_type=\"wp-widget-bcn_widget.default\">\n\t\t\t\t<div class=\"elementor-widget-container\">\n\t\t\t\t\t<div class=\"breadcrumbs\" vocab=\"https:\/\/schema.org\/\" typeof=\"BreadcrumbList\"><span property=\"itemListElement\" typeof=\"ListItem\"><a property=\"item\" typeof=\"WebPage\" title=\"Go to Linseis.\" href=\"https:\/\/www.linseis.com\/pt-pt\/\" class=\"home\" aria-current=\"page\"><span property=\"name\">Linseis<\/span><\/a><meta property=\"position\" content=\"1\"><\/span><\/div>\t\t\t\t<\/div>\n\t\t\t\t<\/div>\n\t\t\t\t<\/div>\n\t\t\t\t\t<\/div>\n\t\t\t\t<\/div>\n\t\t<div class=\"elementor-element elementor-element-ed98f58 e-flex e-con-boxed e-con e-parent\" data-id=\"ed98f58\" data-element_type=\"container\" data-e-type=\"container\" data-settings=\"{&quot;background_background&quot;:&quot;classic&quot;}\">\n\t\t\t\t\t<div class=\"e-con-inner\">\n\t\t<div class=\"elementor-element elementor-element-bbc47b3 e-con-full e-flex e-con e-child\" data-id=\"bbc47b3\" data-element_type=\"container\" data-e-type=\"container\">\n\t\t\t\t<div class=\"elementor-element elementor-element-71a1ec4 elementor-invisible elementor-widget elementor-widget-text-editor\" data-id=\"71a1ec4\" data-element_type=\"widget\" data-e-type=\"widget\" data-settings=\"{&quot;_animation&quot;:&quot;fadeInUp&quot;,&quot;_animation_delay&quot;:500}\" data-widget_type=\"text-editor.default\">\n\t\t\t\t<div class=\"elementor-widget-container\">\n\t\t\t\t\t\t\t\t\t<h2>O m\u00f3dulo de elasticidade &#8211; um par\u00e2metro de an\u00e1lise termomec\u00e2nica<\/h2><p>No centro da ci\u00eancia dos materiais, da qu\u00edmica e da f\u00edsica est\u00e1 a compreens\u00e3o das propriedades dos materiais, das quais o m\u00f3dulo de elasticidade \u00e9 uma das mais fundamentais. \u00c9 crucial para os cientistas compreenderem este par\u00e2metro para interpretarem o comportamento dos materiais sob carga. <\/p>\t\t\t\t\t\t\t\t<\/div>\n\t\t\t\t<\/div>\n\t\t\t\t<div class=\"elementor-element elementor-element-32d9053 elementor-widget elementor-widget-text-editor\" data-id=\"32d9053\" data-element_type=\"widget\" data-e-type=\"widget\" data-widget_type=\"text-editor.default\">\n\t\t\t\t<div class=\"elementor-widget-container\">\n\t\t\t\t\t\t\t\t\t<h3>O que \u00e9 o m\u00f3dulo de elasticidade?<\/h3><p>O m\u00f3dulo de elasticidade (m\u00f3dulo de elasticidade) \u00e9 um par\u00e2metro que descreve a rigidez de um material. Indica como um material responde a uma for\u00e7a de tra\u00e7\u00e3o externa com uma <a href=\"https:\/\/www.linseis.com\/pt-pt\/variaveis-medidas\/coeficiente-de-expansao-linear\/\"><strong>mudan\u00e7a de comprimento<\/strong> <\/a>reage a uma for\u00e7a de tra\u00e7\u00e3o externa. <\/p><p><strong>Lei de Hooke: A lei de Hooke constitui a base e afirma que o alongamento num material \u00e9 proporcional \u00e0 tens\u00e3o aplicada, desde que o limite de elasticidade n\u00e3o seja excedido.<\/strong><\/p><h3>Medi\u00e7\u00e3o da tens\u00e3o de tra\u00e7\u00e3o<\/h3><p>Na pr\u00e1tica cient\u00edfica e de engenharia, a tens\u00e3o de tra\u00e7\u00e3o \u00e9 um par\u00e2metro cr\u00edtico que descreve o comportamento de um material sob carga. \u00c9 uma medida de como a for\u00e7a aplicada externamente afecta a estrutura molecular do material. <\/p><h3>C\u00e1lculo da tens\u00e3o:<\/h3><p>A determina\u00e7\u00e3o precisa da tens\u00e3o de tra\u00e7\u00e3o \u00e9 crucial para avaliar a resist\u00eancia e a elasticidade de um material.<\/p><p><strong>F\u00f3rmula<\/strong>: Tens\u00e3o (\u03c3) = for\u00e7a (F) \/ \u00e1rea da sec\u00e7\u00e3o transversal (A)<\/p><p><strong>Unidade<\/strong>: A unidade de tens\u00e3o \u00e9 o Pascal (Pa), em que 1 Pa = 1 N\/m\u00b2.<\/p><h3>Conceito de tens\u00e3o de tra\u00e7\u00e3o:<\/h3><p><strong>Proporcionalidade direta<\/strong>: Dentro da gama el\u00e1stica de um material, a tens\u00e3o de tra\u00e7\u00e3o \u00e9 diretamente proporcional \u00e0 deforma\u00e7\u00e3o, o que \u00e9 ilustrado pela lei de Hooke.<\/p><p><strong>Carga cr\u00edtica<\/strong>: A tens\u00e3o de tra\u00e7\u00e3o n\u00e3o deve ultrapassar um determinado limite, conhecido como limite el\u00e1stico, para evitar danos irrevers\u00edveis no material.<\/p><h3>Aplica\u00e7\u00e3o da medi\u00e7\u00e3o da tens\u00e3o:<\/h3><p><strong>Conce\u00e7\u00e3o e seguran\u00e7a<\/strong>: Os engenheiros utilizam os conhecimentos sobre tens\u00f5es de tra\u00e7\u00e3o para garantir que as estruturas e os materiais s\u00e3o corretamente dimensionados e cumprem os requisitos de seguran\u00e7a.<\/p><p><strong>Controlo de qualidade<\/strong>: Na produ\u00e7\u00e3o, a medi\u00e7\u00e3o da tens\u00e3o de tra\u00e7\u00e3o \u00e9 utilizada para verificar a conformidade com as especifica\u00e7\u00f5es dos materiais e para garantir a consist\u00eancia dos produtos.<\/p>\t\t\t\t\t\t\t\t<\/div>\n\t\t\t\t<\/div>\n\t\t\t\t<div class=\"elementor-element elementor-element-6dcfcf4 elementor-widget elementor-widget-text-editor\" data-id=\"6dcfcf4\" data-element_type=\"widget\" data-e-type=\"widget\" data-widget_type=\"text-editor.default\">\n\t\t\t\t<div class=\"elementor-widget-container\">\n\t\t\t\t\t\t\t\t\t<p>Resumindo:<\/p><ul><li>A tens\u00e3o de tra\u00e7\u00e3o \u00e9 uma medida da carga colocada num material por uma for\u00e7a externa.<\/li><li>\u00c9 medido em Pascal (Pa) e fornece informa\u00e7\u00f5es sobre a tens\u00e3o do material.<\/li><li>O c\u00e1lculo \u00e9 feito dividindo a for\u00e7a pela \u00e1rea da sec\u00e7\u00e3o transversal.<\/li><li>O conhecimento da tens\u00e3o de tra\u00e7\u00e3o \u00e9 crucial para a conce\u00e7\u00e3o, seguran\u00e7a e qualidade dos materiais.<\/li><\/ul>\t\t\t\t\t\t\t\t<\/div>\n\t\t\t\t<\/div>\n\t\t\t\t<\/div>\n\t\t\t\t\t<\/div>\n\t\t\t\t<\/div>\n\t\t<div class=\"elementor-element elementor-element-8801439 e-flex e-con-boxed e-con e-parent\" data-id=\"8801439\" data-element_type=\"container\" data-e-type=\"container\" data-settings=\"{&quot;background_background&quot;:&quot;classic&quot;}\">\n\t\t\t\t\t<div class=\"e-con-inner\">\n\t\t<div class=\"elementor-element elementor-element-4fda86f e-con-full e-flex e-con e-child\" data-id=\"4fda86f\" data-element_type=\"container\" data-e-type=\"container\">\n\t\t\t\t<div class=\"elementor-element elementor-element-fe6d621 elementor-invisible elementor-widget elementor-widget-text-editor\" data-id=\"fe6d621\" data-element_type=\"widget\" data-e-type=\"widget\" data-settings=\"{&quot;_animation&quot;:&quot;fadeInUp&quot;,&quot;_animation_delay&quot;:500}\" data-widget_type=\"text-editor.default\">\n\t\t\t\t<div class=\"elementor-widget-container\">\n\t\t\t\t\t\t\t\t\t<h2>Medi\u00e7\u00e3o da deforma\u00e7\u00e3o<\/h2><p>A tens\u00e3o \u00e9 uma medida da deforma\u00e7\u00e3o de um material quando este \u00e9 sujeito a uma carga. \u00c9 uma grandeza fundamental na ci\u00eancia dos materiais que ajuda a compreender o comportamento dos materiais sob diferentes condi\u00e7\u00f5es de carga. <\/p>\t\t\t\t\t\t\t\t<\/div>\n\t\t\t\t<\/div>\n\t\t\t\t<div class=\"elementor-element elementor-element-34d74a1 elementor-invisible elementor-widget elementor-widget-text-editor\" data-id=\"34d74a1\" data-element_type=\"widget\" data-e-type=\"widget\" data-settings=\"{&quot;_animation&quot;:&quot;fadeInUp&quot;,&quot;_animation_delay&quot;:500}\" data-widget_type=\"text-editor.default\">\n\t\t\t\t<div class=\"elementor-widget-container\">\n\t\t\t\t\t\t\t\t\t<h3>C\u00e1lculo do alongamento:<\/h3><p>O c\u00e1lculo exato do alongamento \u00e9 crucial para compreender a elasticidade e a plasticidade de um material.<\/p><p>F\u00f3rmula: Alongamento (\u03b5) = \u0394L \/ L\u2080<br>Onde:<br>\u0394L = mudan\u00e7a no comprimento<br>L\u2080 = comprimento original<br>Unidade: O alongamento \u00e9 uma quantidade adimensional e \u00e9 frequentemente dado como uma percentagem (%) ou como um n\u00famero decimal puro.<\/p><p> <\/p><h3>Compreende a extens\u00e3o:<\/h3><p>Deforma\u00e7\u00e3o el\u00e1stica <strong>vs. deforma\u00e7\u00e3o pl\u00e1stica:<\/strong> A deforma\u00e7\u00e3o pode ser dividida numa gama el\u00e1stica (deforma\u00e7\u00e3o revers\u00edvel) e numa gama pl\u00e1stica (deforma\u00e7\u00e3o irrevers\u00edvel).<\/p><p><br><strong>Limites de deforma\u00e7\u00e3o:<\/strong> Os materiais t\u00eam limites de deforma\u00e7\u00e3o espec\u00edficos, tais como o limite proporcional, o limite el\u00e1stico e o alongamento na rotura.<\/p><h3>M\u00e9todos de medi\u00e7\u00e3o da deforma\u00e7\u00e3o:<\/h3><p><strong>Extens\u00f3metros mec\u00e2nicos:<\/strong> Estes dispositivos medem fisicamente a altera\u00e7\u00e3o do comprimento e s\u00e3o ligados \u00e0 amostra durante o ensaio de tra\u00e7\u00e3o.<\/p><p><br><strong>M\u00e9todos \u00f3pticos:<\/strong> Os m\u00e9todos modernos, como a correla\u00e7\u00e3o de imagens digitais (DIC), permitem o registo preciso e sem contacto da deforma\u00e7\u00e3o.<\/p><h3>\u00c1reas de aplica\u00e7\u00e3o:<\/h3><p><strong>Ensaios de materiais:<\/strong> As medi\u00e7\u00f5es de deforma\u00e7\u00e3o s\u00e3o uma parte essencial dos ensaios de materiais para caraterizar as propriedades mec\u00e2nicas de um material.<\/p><p><br><strong>Monitoriza\u00e7\u00e3o estrutural:<\/strong> As medi\u00e7\u00f5es de deforma\u00e7\u00e3o s\u00e3o utilizadas nas ind\u00fastrias da constru\u00e7\u00e3o e aeroespacial para monitorizar a integridade das estruturas.<\/p>\t\t\t\t\t\t\t\t<\/div>\n\t\t\t\t<\/div>\n\t\t\t\t<div class=\"elementor-element elementor-element-986aae9 elementor-widget elementor-widget-text-editor\" data-id=\"986aae9\" data-element_type=\"widget\" data-e-type=\"widget\" data-widget_type=\"text-editor.default\">\n\t\t\t\t<div class=\"elementor-widget-container\">\n\t\t\t\t\t\t\t\t\t<p>Resumindo:<\/p><ul><li>A deforma\u00e7\u00e3o quantifica a mudan\u00e7a relativa no comprimento de um material sob carga.<\/li><li>Calcula-o dividindo a altera\u00e7\u00e3o do comprimento pelo comprimento original.<\/li><li>A deforma\u00e7\u00e3o \u00e9 um par\u00e2metro cr\u00edtico para a compreens\u00e3o e an\u00e1lise do comportamento dos materiais.<\/li><li>A medi\u00e7\u00e3o da deforma\u00e7\u00e3o \u00e9 essencial para o desenvolvimento de materiais e para a avalia\u00e7\u00e3o da seguran\u00e7a das estruturas.<\/li><\/ul>\t\t\t\t\t\t\t\t<\/div>\n\t\t\t\t<\/div>\n\t\t\t\t<\/div>\n\t\t\t\t\t<\/div>\n\t\t\t\t<\/div>\n\t\t<div class=\"elementor-element elementor-element-aed7062 e-flex e-con-boxed elementor-invisible e-con e-parent\" data-id=\"aed7062\" data-element_type=\"container\" data-e-type=\"container\" data-settings=\"{&quot;animation&quot;:&quot;fadeInUp&quot;}\">\n\t\t\t\t\t<div class=\"e-con-inner\">\n\t\t\t\t<div class=\"elementor-element elementor-element-aae54ad elementor-widget elementor-widget-image\" data-id=\"aae54ad\" data-element_type=\"widget\" data-e-type=\"widget\" data-widget_type=\"image.default\">\n\t\t\t\t<div class=\"elementor-widget-container\">\n\t\t\t\t\t\t\t\t\t\t\t\t\t\t\t<img loading=\"lazy\" decoding=\"async\" width=\"800\" height=\"382\" src=\"https:\/\/www.linseis.com\/wp-content\/uploads\/2024\/07\/Dehnung-von-Kabeln-1024x489.png\" class=\"attachment-large size-large wp-image-34671\" alt=\"\" srcset=\"https:\/\/www.linseis.com\/wp-content\/uploads\/2024\/07\/Dehnung-von-Kabeln-1024x489.png 1024w, https:\/\/www.linseis.com\/wp-content\/uploads\/2024\/07\/Dehnung-von-Kabeln-300x143.png 300w, https:\/\/www.linseis.com\/wp-content\/uploads\/2024\/07\/Dehnung-von-Kabeln-768x366.png 768w, https:\/\/www.linseis.com\/wp-content\/uploads\/2024\/07\/Dehnung-von-Kabeln-1536x733.png 1536w, https:\/\/www.linseis.com\/wp-content\/uploads\/2024\/07\/Dehnung-von-Kabeln.png 1920w\" sizes=\"(max-width: 800px) 100vw, 800px\" \/>\t\t\t\t\t\t\t\t\t\t\t\t\t\t\t<\/div>\n\t\t\t\t<\/div>\n\t\t\t\t\t<\/div>\n\t\t\t\t<\/div>\n\t\t<div class=\"elementor-element elementor-element-50adb82 e-flex e-con-boxed e-con e-parent\" data-id=\"50adb82\" data-element_type=\"container\" data-e-type=\"container\" data-settings=\"{&quot;background_background&quot;:&quot;classic&quot;}\">\n\t\t\t\t\t<div class=\"e-con-inner\">\n\t\t<div class=\"elementor-element elementor-element-cad4e8f e-con-full e-flex e-con e-child\" data-id=\"cad4e8f\" data-element_type=\"container\" data-e-type=\"container\">\n\t\t\t\t<div class=\"elementor-element elementor-element-91cf7c6 elementor-invisible elementor-widget elementor-widget-text-editor\" data-id=\"91cf7c6\" data-element_type=\"widget\" data-e-type=\"widget\" data-settings=\"{&quot;_animation&quot;:&quot;fadeInUp&quot;,&quot;_animation_delay&quot;:500}\" data-widget_type=\"text-editor.default\">\n\t\t\t\t<div class=\"elementor-widget-container\">\n\t\t\t\t\t\t\t\t\t<h2>O m\u00f3dulo de elasticidade em pormenor<\/h2>\nO m\u00f3dulo de elasticidade, frequentemente abreviado para m\u00f3dulo de elasticidade, \u00e9 um par\u00e2metro fundamental na ci\u00eancia dos materiais. Descreve a resposta el\u00e1stica de um material a cargas externas e \u00e9, por isso, uma medida direta da rigidez de um material. \t\t\t\t\t\t\t\t<\/div>\n\t\t\t\t<\/div>\n\t\t\t\t<div class=\"elementor-element elementor-element-4c217b5 elementor-invisible elementor-widget elementor-widget-text-editor\" data-id=\"4c217b5\" data-element_type=\"widget\" data-e-type=\"widget\" data-settings=\"{&quot;_animation&quot;:&quot;fadeInUp&quot;,&quot;_animation_delay&quot;:500}\" data-widget_type=\"text-editor.default\">\n\t\t\t\t<div class=\"elementor-widget-container\">\n\t\t\t\t\t\t\t\t\t<h3>Rela\u00e7\u00e3o tens\u00e3o-deforma\u00e7\u00e3o:<\/h3><p>A rela\u00e7\u00e3o entre a tens\u00e3o e a deforma\u00e7\u00e3o na gama el\u00e1stica de um material \u00e9 crucial para compreender as suas propriedades mec\u00e2nicas.<\/p><p>F\u00f3rmula: M\u00f3dulo E (E) = \u03c3 \/ \u03b5<br>Onde:<br>\u03c3 = tens\u00e3o<br>\u03b5 = deforma\u00e7\u00e3o<br>Unidade: O m\u00f3dulo E \u00e9 expresso em Newtons por metro quadrado (N\/m\u00b2) ou Pascal (Pa), que \u00e9 consistente com a unidade de press\u00e3o.<\/p><p> <\/p><h3>Interpreta\u00e7\u00e3o do m\u00f3dulo E:<\/h3><p><strong>Rigidez do material<\/strong>: Um m\u00f3dulo de elasticidade mais elevado significa uma maior rigidez do material, o que significa que \u00e9 menos facilmente deformado sob carga.<\/p><p><br><strong>Comportamento el\u00e1stico:<\/strong> O m\u00f3dulo de elasticidade s\u00f3 se aplica dentro da gama el\u00e1stica do material, ou seja, todas as deforma\u00e7\u00f5es s\u00e3o revers\u00edveis e o material volta \u00e0 sua forma original depois de ser aliviado.<\/p><p> <\/p><h3>Determina\u00e7\u00e3o do m\u00f3dulo de elasticidade:<\/h3><p><strong>Ensaio de tra\u00e7\u00e3o:<\/strong> O m\u00f3dulo de elasticidade \u00e9 normalmente determinado por um ensaio de tra\u00e7\u00e3o normalizado no qual um material \u00e9 carregado at\u00e9 ao seu ponto de rutura.<\/p><p><br><strong>Diagrama tens\u00e3o-deforma\u00e7\u00e3o:<\/strong> O m\u00f3dulo de elasticidade \u00e9 lido a partir da parte linear do diagrama tens\u00e3o-deforma\u00e7\u00e3o, que representa a lei de Hooke.<\/p><p> <\/p><h3>Relev\u00e2ncia para a sele\u00e7\u00e3o de materiais:<\/h3><p><strong>Conce\u00e7\u00e3o e sele\u00e7\u00e3o:<\/strong> O m\u00f3dulo de elasticidade desempenha um papel importante na sele\u00e7\u00e3o de materiais para aplica\u00e7\u00f5es espec\u00edficas, especialmente quando a rigidez e a estabilidade dimensional s\u00e3o cr\u00edticas.<\/p><p><br><strong>Compara\u00e7\u00e3o de diferentes materiais:<\/strong> Permite comparar as propriedades mec\u00e2nicas de diferentes materiais em condi\u00e7\u00f5es normalizadas.<\/p>\t\t\t\t\t\t\t\t<\/div>\n\t\t\t\t<\/div>\n\t\t\t\t<div class=\"elementor-element elementor-element-e1f00b9 elementor-widget elementor-widget-text-editor\" data-id=\"e1f00b9\" data-element_type=\"widget\" data-e-type=\"widget\" data-widget_type=\"text-editor.default\">\n\t\t\t\t<div class=\"elementor-widget-container\">\n\t\t\t\t\t\t\t\t\t<p>Resumindo:<\/p><ul><li>O m\u00f3dulo de elasticidade \u00e9 uma medida da rigidez de um material e \u00e9 determinado no intervalo el\u00e1stico.<\/li><li>\u00c9 calculado como a rela\u00e7\u00e3o entre a tens\u00e3o e a deforma\u00e7\u00e3o e expresso em pascal (Pa).<\/li><li>Um m\u00f3dulo de elasticidade elevado indica uma elevada resist\u00eancia \u00e0 deforma\u00e7\u00e3o el\u00e1stica.<\/li><li>A determina\u00e7\u00e3o do m\u00f3dulo de elasticidade \u00e9 essencial para a sele\u00e7\u00e3o de materiais e para a conce\u00e7\u00e3o de componentes.<\/li><\/ul>\t\t\t\t\t\t\t\t<\/div>\n\t\t\t\t<\/div>\n\t\t\t\t<div class=\"elementor-element elementor-element-b17a273 elementor-widget elementor-widget-shortcode\" data-id=\"b17a273\" data-element_type=\"widget\" data-e-type=\"widget\" data-widget_type=\"shortcode.default\">\n\t\t\t\t<div class=\"elementor-widget-container\">\n\t\t\t\t\t\t\t<div class=\"elementor-shortcode\"><script type=\"application\/ld+json\">{\n  \"@context\": \"https:\/\/schema.org\",\n  \"@type\": \"FAQPage\",\n  \"mainEntity\": [{\n    \"@type\": \"Question\",\n    \"name\": \"Was ist der Elastizit\u00e4tsmodul?\",\n    \"acceptedAnswer\": {\n      \"@type\": \"Answer\",\n      \"text\": \"Der Elastizit\u00e4tsmodul (E-Modul) ist eine Kenngr\u00f6\u00dfe, die die Steifigkeit eines Materials beschreibt. Er gibt an, wie ein Material auf eine \u00e4u\u00dfere Zugkraft mit einer L\u00e4ngen\u00e4nderung reagiert.\n\nHookesches Gesetz: Das Hookesche Gesetz bildet die Grundlage und besagt, dass die Dehnung in einem Material proportional zur angelegten Spannung ist, solange der Elastizit\u00e4tsgrenzwert nicht \u00fcberschritten wird.\"\n    }\n  },{\n    \"@type\": \"Question\",\n    \"name\": \"Was ist das Spannungs-Dehnungs Verh\u00e4ltnis?\",\n    \"acceptedAnswer\": {\n      \"@type\": \"Answer\",\n      \"text\": \"Spannung-Dehnung-Verh\u00e4ltnis:\n\nDas Verh\u00e4ltnis von Spannung zu Dehnung im elastischen Bereich eines Materials ist entscheidend f\u00fcr das Verst\u00e4ndnis seiner mechanischen Eigenschaften.\n\nFormel: E-Modul (E) = \u03c3 \/ \u03b5\nDabei ist:\n\u03c3 = Spannung\n\u03b5 = Dehnung\nEinheit: Der E-Modul wird in Newton pro Quadratmeter (N\/m\u00b2) oder Pascal (Pa) ausgedr\u00fcckt, was konsistent mit der Einheit f\u00fcr Druck ist.\"\n    }\n  },{\n    \"@type\": \"Question\",\n    \"name\": \"Wie wird E-Modul bestimmt?\",\n    \"acceptedAnswer\": {\n      \"@type\": \"Answer\",\n      \"text\": \"Zugversuch: Der E-Modul wird typischerweise durch einen standardisierten Zugversuch bestimmt, bei dem ein Material bis zu seinem Bruchpunkt belastet wird.\nSpannungs-Dehnungs-Diagramm: Aus dem linearen Teil des Spannungs-Dehnungs-Diagramms, der das Hookesche Gesetz darstellt, wird der E-Modul abgelesen.\"\n    }\n  }]\n}\n<\/script><\/div>\n\t\t\t\t\t\t<\/div>\n\t\t\t\t<\/div>\n\t\t\t\t<\/div>\n\t\t\t\t\t<\/div>\n\t\t\t\t<\/div>\n\t\t\t\t<\/div>\n\t\t","protected":false},"excerpt":{"rendered":"<p>M\u00f3dulo de elasticidade O m\u00f3dulo de elasticidade &#8211; um par\u00e2metro de an\u00e1lise termomec\u00e2nica No centro da ci\u00eancia dos materiais, da qu\u00edmica e da f\u00edsica est\u00e1 a compreens\u00e3o das propriedades dos materiais, das quais o m\u00f3dulo de elasticidade \u00e9 uma das mais fundamentais. \u00c9 crucial para os cientistas compreenderem este par\u00e2metro para interpretarem o comportamento dos [&hellip;]<\/p>\n","protected":false},"author":5,"featured_media":0,"parent":103471,"menu_order":0,"comment_status":"closed","ping_status":"closed","template":"","meta":{"_acf_changed":false,"inline_featured_image":false,"footnotes":""},"class_list":["post-103475","page","type-page","status-publish","hentry"],"acf":[],"_links":{"self":[{"href":"https:\/\/www.linseis.com\/pt-pt\/wp-json\/wp\/v2\/pages\/103475","targetHints":{"allow":["GET"]}}],"collection":[{"href":"https:\/\/www.linseis.com\/pt-pt\/wp-json\/wp\/v2\/pages"}],"about":[{"href":"https:\/\/www.linseis.com\/pt-pt\/wp-json\/wp\/v2\/types\/page"}],"author":[{"embeddable":true,"href":"https:\/\/www.linseis.com\/pt-pt\/wp-json\/wp\/v2\/users\/5"}],"replies":[{"embeddable":true,"href":"https:\/\/www.linseis.com\/pt-pt\/wp-json\/wp\/v2\/comments?post=103475"}],"version-history":[{"count":0,"href":"https:\/\/www.linseis.com\/pt-pt\/wp-json\/wp\/v2\/pages\/103475\/revisions"}],"up":[{"embeddable":true,"href":"https:\/\/www.linseis.com\/pt-pt\/wp-json\/wp\/v2\/pages\/103471"}],"wp:attachment":[{"href":"https:\/\/www.linseis.com\/pt-pt\/wp-json\/wp\/v2\/media?parent=103475"}],"curies":[{"name":"wp","href":"https:\/\/api.w.org\/{rel}","templated":true}]}}