{"id":103448,"date":"2024-07-23T17:43:52","date_gmt":"2024-07-23T15:43:52","guid":{"rendered":"https:\/\/www.linseis.com\/impressao\/"},"modified":"2026-01-12T10:13:42","modified_gmt":"2026-01-12T09:13:42","slug":"impressao","status":"publish","type":"page","link":"https:\/\/www.linseis.com\/pt-pt\/impressao\/","title":{"rendered":"Impress\u00e3o"},"content":{"rendered":"\t\t<div data-elementor-type=\"wp-post\" data-elementor-id=\"103448\" class=\"elementor elementor-103448 elementor-18510\" data-elementor-post-type=\"page\">\n\t\t\t\t<div class=\"elementor-element elementor-element-a3549cf e-flex e-con-boxed e-con e-parent\" data-id=\"a3549cf\" data-element_type=\"container\" data-e-type=\"container\" data-settings=\"{&quot;background_background&quot;:&quot;classic&quot;}\">\n\t\t\t\t\t<div class=\"e-con-inner\">\n\t\t\t\t<div class=\"elementor-element elementor-element-ac41c94 elementor-widget elementor-widget-image\" data-id=\"ac41c94\" data-element_type=\"widget\" data-e-type=\"widget\" data-widget_type=\"image.default\">\n\t\t\t\t<div class=\"elementor-widget-container\">\n\t\t\t\t\t\t\t\t\t\t\t\t\t\t\t<img fetchpriority=\"high\" decoding=\"async\" width=\"800\" height=\"800\" src=\"https:\/\/www.linseis.com\/wp-content\/uploads\/2024\/06\/linseis_scale-top-1.svg\" class=\"attachment-large size-large wp-image-29175\" alt=\"\" \/>\t\t\t\t\t\t\t\t\t\t\t\t\t\t\t<\/div>\n\t\t\t\t<\/div>\n\t\t\t\t<div class=\"elementor-element elementor-element-28a610f elementor-invisible elementor-widget elementor-widget-image\" data-id=\"28a610f\" data-element_type=\"widget\" data-e-type=\"widget\" data-settings=\"{&quot;_animation&quot;:&quot;fadeInUp&quot;}\" data-widget_type=\"image.default\">\n\t\t\t\t<div class=\"elementor-widget-container\">\n\t\t\t\t\t\t\t\t\t\t\t\t\t\t\t<img decoding=\"async\" width=\"800\" height=\"800\" src=\"https:\/\/www.linseis.com\/wp-content\/uploads\/2024\/06\/linseis-pushing-boundaries-1.svg\" class=\"attachment-large size-large wp-image-29195\" alt=\"\" \/>\t\t\t\t\t\t\t\t\t\t\t\t\t\t\t<\/div>\n\t\t\t\t<\/div>\n\t\t\t\t<div class=\"elementor-element elementor-element-b4a6800 elementor-widget elementor-widget-image\" data-id=\"b4a6800\" data-element_type=\"widget\" data-e-type=\"widget\" data-widget_type=\"image.default\">\n\t\t\t\t<div class=\"elementor-widget-container\">\n\t\t\t\t\t\t\t\t\t\t\t\t\t\t\t<img decoding=\"async\" width=\"800\" height=\"800\" src=\"https:\/\/www.linseis.com\/wp-content\/uploads\/2024\/06\/linseis_scale-bottom-1.svg\" class=\"attachment-large size-large wp-image-29171\" alt=\"\" \/>\t\t\t\t\t\t\t\t\t\t\t\t\t\t\t<\/div>\n\t\t\t\t<\/div>\n\t\t\t\t\t<\/div>\n\t\t\t\t<\/div>\n\t\t<div class=\"elementor-element elementor-element-7c8d6cc e-flex e-con-boxed e-con e-parent\" data-id=\"7c8d6cc\" data-element_type=\"container\" data-e-type=\"container\" data-settings=\"{&quot;background_background&quot;:&quot;classic&quot;}\">\n\t\t\t\t\t<div class=\"e-con-inner\">\n\t\t\t\t\t<\/div>\n\t\t\t\t<\/div>\n\t\t<div class=\"elementor-element elementor-element-d7b7522 e-flex e-con-boxed e-con e-parent\" data-id=\"d7b7522\" data-element_type=\"container\" data-e-type=\"container\" data-settings=\"{&quot;background_background&quot;:&quot;classic&quot;}\">\n\t\t\t\t\t<div class=\"e-con-inner\">\n\t\t<div class=\"elementor-element elementor-element-7e2c0c3 e-con-full e-flex e-con e-child\" data-id=\"7e2c0c3\" data-element_type=\"container\" data-e-type=\"container\">\n\t\t\t\t<\/div>\n\t\t<div class=\"elementor-element elementor-element-449b6fd e-con-full e-flex e-con e-child\" data-id=\"449b6fd\" data-element_type=\"container\" data-e-type=\"container\">\n\t\t\t\t<div class=\"elementor-element elementor-element-cc1182c elementor-invisible elementor-widget elementor-widget-heading\" data-id=\"cc1182c\" data-element_type=\"widget\" data-e-type=\"widget\" data-settings=\"{&quot;_animation&quot;:&quot;fadeInUp&quot;,&quot;_animation_delay&quot;:250}\" data-widget_type=\"heading.default\">\n\t\t\t\t<div class=\"elementor-widget-container\">\n\t\t\t\t\t<h1 class=\"elementor-heading-title elementor-size-default\">Impress\u00e3o\n<\/h1>\t\t\t\t<\/div>\n\t\t\t\t<\/div>\n\t\t\t\t<div class=\"elementor-element elementor-element-a10166b elementor-widget elementor-widget-text-editor\" data-id=\"a10166b\" data-element_type=\"widget\" data-e-type=\"widget\" data-widget_type=\"text-editor.default\">\n\t\t\t\t<div class=\"elementor-widget-container\">\n\t\t\t\t\t\t\t\t\t<h2>Contactos<\/h2>\n<p><strong>LINSEIS Messger\u00e4te GmbH<\/strong><br>Vielitzerstr. 43<br>95100 Selb<br>Alemanha <\/p>\n<p>Telefone: +49 (0) 9287\/880 0<br>Fax: +49 (0) 9287\/704 88<br>Correio: <a href=\"javascript:secureDecryptAndNavigate('sAZW59B\/k1VGUmwOmh7FMePQNIYxEUJWUTlaeDkBBWAQKm2NDXaN60PxPRAErLmB8HU1D\/xQq1aQnESZl1kHiRFR8ujxsuI=', '746dcd64e4d44146621ffe8607bc6a9cd99322281d7da166e1e71f03fcb20d2c')\">info@linseis.com<\/a><\/p>\n<p><strong>LINSEIS Inc.<\/strong><br>109 North Gold Drive<br>Robbinsville, NJ 08691<\/p>\n<p>telefone: +01 (609) 223 2040<br>fax: +01 (609) 223 2074<br>mail: <a href=\"javascript:secureDecryptAndNavigate('FUiAbLq1gqIVMWpyK3LctBZQ\/k1YCWvWjDe\/MpG4qD1xveqViW\/eb9GYQd9ldiCOGJx4aemXT5JpPdBUVqfqDGlnFoNUR58=', '746dcd64e4d44146621ffe8607bc6a9cd99322281d7da166e1e71f03fcb20d2c')\">info@linseis.com<\/a><\/p>\n<p><strong>Diretores executivos:<\/strong> Dipl. Phys. Claus Linseis, M.Sc. Florian Linseis, Dr.-Ing. Vincent Linseis<\/p>\n<p><strong>Inscri\u00e7\u00e3o no registo comercial:<\/strong> Tribunal local Hof\/Saale: HRB ABT. B n.o 299 <\/p>\n<p><strong>ID do imposto sobre vendas:<\/strong> DE 132 951 806<\/p>\n<h3><strong>Respons\u00e1vel pelo conte\u00fado:<\/strong><\/h3>\n<p>LINSEIS Messger\u00e4te GmbH<br>Vielitzerstr. 43<br>95100 Selb<br>Alemanha <\/p>\n<p>Telefone: +49 (0) 9287\/880 0<br>Fax: +49 (0) 9287\/704 88<\/p>\n<h3><strong>Consultor jur\u00eddico<\/strong><\/h3>\n<p>Escrit\u00f3rio de advogados Dr. Philippe Linseis.<br>www.kanzlei-linseis.de<\/p>\n<h3><strong>Resolu\u00e7\u00e3o de lit\u00edgios em linha<\/strong><\/h3>\n<p>A Comiss\u00e3o Europeia disponibiliza uma plataforma de resolu\u00e7\u00e3o de lit\u00edgios em linha em https:\/\/ec.europa.eu\/consumers\/odr\/, que os consumidores podem utilizar para resolver um lit\u00edgio e onde podem ser encontradas mais informa\u00e7\u00f5es sobre a resolu\u00e7\u00e3o de lit\u00edgios.<\/p>\n<h3><strong>Resolu\u00e7\u00e3o extrajudicial de lit\u00edgios<\/strong><\/h3>\n<p>N\u00e3o somos obrigados nem estamos dispostos a participar em processos de resolu\u00e7\u00e3o de lit\u00edgios perante uma comiss\u00e3o de arbitragem de consumidores em caso de lit\u00edgio com um consumidor.<\/p>\n<h3><strong>Fontes de imagem<\/strong><\/h3>\n<p>Stock-Fotografie-ID:589102420<br>Stock-Fotografie-ID:636332456<br>Stock-Fotografie-ID:648366944<br>Stock-Fotografie-ID:658909914<br>Stock-Fotografie-ID:827580824<br>Stock-Fotografie-ID:831812316<br>Stock-Fotografie-ID:886451342<br>Stock-Fotografie-ID:908952856<br>Stock-Fotografie-ID:911834392<br>Stock-Fotografie-ID:1022038990<br>Stock-Fotografie-ID:1022686400<br>Stock-Fotografie-ID:528612594<br>Stock-Fotografie-ID:186762833<br>Stock-Fotografie-ID:622428694<br>Stock-Fotografie-ID:181849574<br>Stock-Fotografie-ID:501789362<br>Stock-Fotografie-ID:183805301<br>Stock-Fotografie-ID:842624218<br>Stock-Fotografie-ID:623448316<br>Stock-Fotografie-ID:891885848<br>Stock-Fotografie-ID:813674350<br>Stock-Fotografie-ID:1062061464<\/p>\n<p><strong>Shutterstock:<\/strong><br>333657248<br>1077754430<br>588385358<br>149749874<br>564384325<br>449664868<br>456687193<br>418128811<br>576151555<br>518160529<br>133382534<br>780175252<br>709006249<br>950850238<br>922762614<br>913199998<br>908952856<br>900408694<br>898065152<br>891885848<br>868792010<br>813674350<br>653112934<br>636332456<br>623448316<br>622428694<br>589102420<br>58548832<br>528612594<br>501789362<br>186762833<br>183805301<br>181849574<br>167170620<\/p>\n<h3><strong>Conceito, conce\u00e7\u00e3o e realiza\u00e7\u00e3o<\/strong><\/h3>\n<p><a title=\"Com a experi\u00eancia em Internet desde 1998 e a nossa equipa de colaboradores permanentes, a bitzinger GmbH \u00e9 o teu contacto regional para projectos de Internet. Deixa-te inspirar pelas nossas refer\u00eancias em www.bitzinger.de.\" href=\"https:\/\/www.bitzinger.de\/\" target=\"_blank\" rel=\"noopener\" data-auto-event-observed=\"true\"><img loading=\"lazy\" decoding=\"async\" src=\"https:\/\/www.bitzinger.de\/kunden\/bitzinger.de\/impressum\/bitzinger-gmbh.png\" alt=\"bitzinger GmbH\" width=\"220\" height=\"105\"><\/a><\/p>\n<p><strong>\n  <a title=\"P\u00e1ginas profissionais de empresas com o sistema de gest\u00e3o de conte\u00fados TYPO3 CMS\" href=\"https:\/\/www.bitzinger.de\/\" target=\"_blank\" rel=\"noopener\" data-auto-event-observed=\"true\">Presen\u00e7as na Internet<\/a>\n<\/strong> |&nbsp;&nbsp;<strong><a title=\"Lojas online de sucesso com a plataforma de com\u00e9rcio eletr\u00f3nico Magento Commerce\" href=\"https:\/\/www.bitzinger.de\/\" target=\"_blank\" rel=\"noopener\" data-auto-event-observed=\"true\">Lojas online<\/a> | <a title=\"Otimiza\u00e7\u00e3o de motores de busca, marketing online e controlo com Google AdWords e Google Analytics\" href=\"https:\/\/www.bitzinger.de\/\" target=\"_blank\" rel=\"noopener\" data-auto-event-observed=\"true\">Marketing online<\/a> | <a title=\"Bem relacionado com as redes sociais no Facebook, Google+, YouTube, Twitter e Xing\" href=\"https:\/\/www.bitzinger.de\/\" target=\"_blank\" rel=\"noopener\" data-auto-event-observed=\"true\">Novos meios de comunica\u00e7\u00e3o<\/a><\/strong><\/p>\t\t\t\t\t\t\t\t<\/div>\n\t\t\t\t<\/div>\n\t\t\t\t<\/div>\n\t\t<div class=\"elementor-element elementor-element-13cd405 e-con-full e-flex e-con e-child\" data-id=\"13cd405\" data-element_type=\"container\" data-e-type=\"container\">\n\t\t\t\t<\/div>\n\t\t\t\t\t<\/div>\n\t\t\t\t<\/div>\n\t\t\t\t<\/div>\n\t\t","protected":false},"excerpt":{"rendered":"<p>Impress\u00e3o Contactos LINSEIS Messger\u00e4te GmbHVielitzerstr. 4395100 SelbAlemanha Telefone: +49 (0) 9287\/880 0Fax: +49 (0) 9287\/704 88Correio: <a href=\"javascript:secureDecryptAndNavigate('Pd61SstkKiyuX7qNzeD50+iw54PyfX85EXjlLExSseAdsDYFIiThhSybzmlRgSZPsOI8430XFabfIViHAVEOx\/mUjepkvno=', '746dcd64e4d44146621ffe8607bc6a9cd99322281d7da166e1e71f03fcb20d2c')\">info@linseis.com<\/a> LINSEIS Inc.109 North Gold DriveRobbinsville, NJ 08691 telefone: +01 (609) 223 2040fax: +01 (609) 223 2074mail: <a href=\"javascript:secureDecryptAndNavigate('nP\/BOi871m+5mPsBrF+59oqyB2cCPf90z83Nq00OZpqSKGuAscC3XSkealpt+dSDVv4UUPS3dl48N39Qdesjl0Q4Ag2\/dIk=', '746dcd64e4d44146621ffe8607bc6a9cd99322281d7da166e1e71f03fcb20d2c')\">info@linseis.com<\/a> Diretores executivos: Dipl. Phys. Claus Linseis, M.Sc. Florian Linseis, Dr.-Ing. Vincent Linseis Inscri\u00e7\u00e3o no registo comercial: Tribunal local Hof\/Saale: HRB ABT. [&hellip;]<\/p>\n","protected":false},"author":5,"featured_media":0,"parent":0,"menu_order":0,"comment_status":"closed","ping_status":"closed","template":"","meta":{"_acf_changed":false,"inline_featured_image":false,"footnotes":""},"class_list":["post-103448","page","type-page","status-publish","hentry"],"acf":[],"_links":{"self":[{"href":"https:\/\/www.linseis.com\/pt-pt\/wp-json\/wp\/v2\/pages\/103448","targetHints":{"allow":["GET"]}}],"collection":[{"href":"https:\/\/www.linseis.com\/pt-pt\/wp-json\/wp\/v2\/pages"}],"about":[{"href":"https:\/\/www.linseis.com\/pt-pt\/wp-json\/wp\/v2\/types\/page"}],"author":[{"embeddable":true,"href":"https:\/\/www.linseis.com\/pt-pt\/wp-json\/wp\/v2\/users\/5"}],"replies":[{"embeddable":true,"href":"https:\/\/www.linseis.com\/pt-pt\/wp-json\/wp\/v2\/comments?post=103448"}],"version-history":[{"count":0,"href":"https:\/\/www.linseis.com\/pt-pt\/wp-json\/wp\/v2\/pages\/103448\/revisions"}],"wp:attachment":[{"href":"https:\/\/www.linseis.com\/pt-pt\/wp-json\/wp\/v2\/media?parent=103448"}],"curies":[{"name":"wp","href":"https:\/\/api.w.org\/{rel}","templated":true}]}}