{"id":103446,"date":"2025-08-04T11:47:37","date_gmt":"2025-08-04T09:47:37","guid":{"rendered":"https:\/\/www.linseis.com\/sistema-de-bilhetes-de-feedback\/obrigado-pela-tua-opiniao\/"},"modified":"2026-01-12T10:19:06","modified_gmt":"2026-01-12T09:19:06","slug":"obrigado-pela-tua-opiniao","status":"publish","type":"page","link":"https:\/\/www.linseis.com\/pt-pt\/sistema-de-bilhetes-de-feedback\/obrigado-pela-tua-opiniao\/","title":{"rendered":"Obrigado pela tua opini\u00e3o!"},"content":{"rendered":"\t\t<div data-elementor-type=\"wp-page\" data-elementor-id=\"103446\" class=\"elementor elementor-103446 elementor-92446\" data-elementor-post-type=\"page\">\n\t\t\t\t<div class=\"elementor-element elementor-element-ea15552 e-flex e-con-boxed e-con e-parent\" data-id=\"ea15552\" data-element_type=\"container\" data-e-type=\"container\">\n\t\t\t\t\t<div class=\"e-con-inner\">\n\t\t<div class=\"elementor-element elementor-element-4035e9c e-con-full e-flex e-con e-child\" data-id=\"4035e9c\" data-element_type=\"container\" data-e-type=\"container\">\n\t\t\t\t<div class=\"elementor-element elementor-element-eb7636a elementor-widget elementor-widget-text-editor\" data-id=\"eb7636a\" data-element_type=\"widget\" data-e-type=\"widget\" data-widget_type=\"text-editor.default\">\n\t\t\t\t<div class=\"elementor-widget-container\">\n\t\t\t\t\t\t\t\t\t<p>Obrigado por preencheres o nosso formul\u00e1rio de feedback.<br data-start=\"459\" data-end=\"462\">O teu feedback \u00e9 extremamente valioso para n\u00f3s &#8211; porque \u00e9 a \u00fanica forma de podermos melhorar os nossos servi\u00e7os de forma orientada e satisfazer as tuas expectativas no futuro.<\/p>\t\t\t\t\t\t\t\t<\/div>\n\t\t\t\t<\/div>\n\t\t\t\t<\/div>\n\t\t\t\t\t<\/div>\n\t\t\t\t<\/div>\n\t\t\t\t<\/div>\n\t\t","protected":false},"excerpt":{"rendered":"<p>Obrigado por preencheres o nosso formul\u00e1rio de feedback.O teu feedback \u00e9 extremamente valioso para n\u00f3s &#8211; porque \u00e9 a \u00fanica forma de podermos melhorar os nossos servi\u00e7os de forma orientada e satisfazer as tuas expectativas no futuro.<\/p>\n","protected":false},"author":3,"featured_media":0,"parent":103444,"menu_order":0,"comment_status":"closed","ping_status":"closed","template":"","meta":{"_acf_changed":false,"inline_featured_image":false,"footnotes":""},"class_list":["post-103446","page","type-page","status-publish","hentry"],"acf":[],"_links":{"self":[{"href":"https:\/\/www.linseis.com\/pt-pt\/wp-json\/wp\/v2\/pages\/103446","targetHints":{"allow":["GET"]}}],"collection":[{"href":"https:\/\/www.linseis.com\/pt-pt\/wp-json\/wp\/v2\/pages"}],"about":[{"href":"https:\/\/www.linseis.com\/pt-pt\/wp-json\/wp\/v2\/types\/page"}],"author":[{"embeddable":true,"href":"https:\/\/www.linseis.com\/pt-pt\/wp-json\/wp\/v2\/users\/3"}],"replies":[{"embeddable":true,"href":"https:\/\/www.linseis.com\/pt-pt\/wp-json\/wp\/v2\/comments?post=103446"}],"version-history":[{"count":0,"href":"https:\/\/www.linseis.com\/pt-pt\/wp-json\/wp\/v2\/pages\/103446\/revisions"}],"up":[{"embeddable":true,"href":"https:\/\/www.linseis.com\/pt-pt\/wp-json\/wp\/v2\/pages\/103444"}],"wp:attachment":[{"href":"https:\/\/www.linseis.com\/pt-pt\/wp-json\/wp\/v2\/media?parent=103446"}],"curies":[{"name":"wp","href":"https:\/\/api.w.org\/{rel}","templated":true}]}}