{"id":103442,"date":"2024-06-11T10:36:36","date_gmt":"2024-06-11T08:36:36","guid":{"rendered":"https:\/\/www.linseis.com\/?page_id=103442"},"modified":"2026-01-12T10:17:00","modified_gmt":"2026-01-12T09:17:00","slug":"politica-de-privacidade","status":"publish","type":"page","link":"https:\/\/www.linseis.com\/pt-pt\/politica-de-privacidade\/","title":{"rendered":"Pol\u00edtica de privacidade"},"content":{"rendered":"\n<h2 class=\"wp-block-heading\">Quem somos<\/h2>\n\n<p><strong class=\"privacy-policy-tutorial\">Texto sugerido: <\/strong>O endere\u00e7o do nosso s\u00edtio Web \u00e9: https:\/\/www.linseis.com.<\/p>\n\n<h2 class=\"wp-block-heading\">Coment\u00e1rios<\/h2>\n\n<p><strong class=\"privacy-policy-tutorial\">Sugest\u00e3o de texto: <\/strong>Quando os visitantes escrevem coment\u00e1rios no s\u00edtio Web, recolhemos os dados apresentados no formul\u00e1rio de coment\u00e1rio, o endere\u00e7o IP do visitante e a cadeia do agente do utilizador (que identifica o browser) para ajudar a reconhecer o spam.<\/p>\n\n<p>Pode ser criada uma cadeia de caracteres an\u00f3nima (tamb\u00e9m conhecida como hash) a partir do teu endere\u00e7o de e-mail e transmitida ao servi\u00e7o Gravatar para verificar se o est\u00e1s a utilizar. Podes encontrar a pol\u00edtica de privacidade do servi\u00e7o Gravatar aqui: https:\/\/automattic.com\/privacy\/. Depois de o teu coment\u00e1rio ter sido aprovado, a tua imagem de perfil ficar\u00e1 vis\u00edvel publicamente no contexto do teu coment\u00e1rio. <\/p>\n\n<h2 class=\"wp-block-heading\">Meios de comunica\u00e7\u00e3o social<\/h2>\n\n<p><strong class=\"privacy-policy-tutorial\">Texto sugerido: <\/strong>Se \u00e9s um utilizador registado e carregas fotografias para este s\u00edtio Web, deves evitar carregar fotografias com uma localiza\u00e7\u00e3o GPS EXIF. Os visitantes deste s\u00edtio Web podem descarregar fotografias armazenadas neste s\u00edtio Web e extrair as suas informa\u00e7\u00f5es de localiza\u00e7\u00e3o. <\/p>\n\n<h2 class=\"wp-block-heading\">Cookies<\/h2>\n\n<p><strong class=\"privacy-policy-tutorial\">Sugest\u00e3o de texto: <\/strong>Se escreveres um coment\u00e1rio no nosso s\u00edtio Web, isso pode ser um consentimento para guardar o teu nome, endere\u00e7o de correio eletr\u00f3nico e s\u00edtio Web nos cookies. Esta \u00e9 uma funcionalidade conveniente para que n\u00e3o tenhas de voltar a introduzir todos estes dados quando escreveres outro coment\u00e1rio. Estes cookies s\u00e3o guardados durante um ano.  <\/p>\n\n<p>Se tiveres uma conta e iniciares sess\u00e3o neste s\u00edtio Web, definiremos um cookie tempor\u00e1rio para determinar se o teu browser aceita cookies. Este cookie n\u00e3o cont\u00e9m quaisquer dados pessoais e ser\u00e1 eliminado quando fechares o teu browser. <\/p>\n\n<p>Quando te inscreves, configuramos alguns cookies para guardar as tuas informa\u00e7\u00f5es de in\u00edcio de sess\u00e3o e op\u00e7\u00f5es de visualiza\u00e7\u00e3o. Os cookies de in\u00edcio de sess\u00e3o expiram ao fim de dois dias e os cookies para op\u00e7\u00f5es de visualiza\u00e7\u00e3o ao fim de um ano. Se seleccionares &#8220;Manter sess\u00e3o iniciada&#8221; quando inicias sess\u00e3o, o teu in\u00edcio de sess\u00e3o ser\u00e1 mantido durante quinze dias. Quando terminas a sess\u00e3o na tua conta, os cookies de in\u00edcio de sess\u00e3o s\u00e3o eliminados.   <\/p>\n\n<p>Quando editas ou publicas um artigo, \u00e9 guardado um cookie adicional no teu browser. Este cookie n\u00e3o cont\u00e9m quaisquer dados pessoais e refere-se apenas ao ID de publica\u00e7\u00e3o do artigo que acabaste de editar. O cookie expira ao fim de um dia.  <\/p>\n\n<h2 class=\"wp-block-heading\">Conte\u00fado incorporado de outros s\u00edtios Web<\/h2>\n\n<p><strong class=\"privacy-policy-tutorial\">Sugest\u00e3o de texto: <\/strong>As publica\u00e7\u00f5es neste s\u00edtio Web podem conter conte\u00fado incorporado (por exemplo, v\u00eddeos, imagens, artigos, etc.). O conte\u00fado incorporado de outros s\u00edtios Web comporta-se exatamente como se o visitante tivesse visitado o outro s\u00edtio Web. <\/p>\n\n<p>Estes s\u00edtios Web podem recolher dados sobre ti, utilizar cookies, incorporar servi\u00e7os de rastreio adicionais de terceiros e registar a tua intera\u00e7\u00e3o com este conte\u00fado incorporado, incluindo a tua intera\u00e7\u00e3o com o conte\u00fado incorporado se tiveres uma conta e estiveres ligado a este s\u00edtio Web.<\/p>\n\n<h2 class=\"wp-block-heading\">Com quem partilhamos os teus dados<\/h2>\n\n<p><strong class=\"privacy-policy-tutorial\">Texto sugerido: <\/strong>Se pedires uma redefini\u00e7\u00e3o da palavra-passe, o teu endere\u00e7o IP ser\u00e1 inclu\u00eddo no e-mail de redefini\u00e7\u00e3o.<\/p>\n\n<h2 class=\"wp-block-heading\">Durante quanto tempo guardamos os teus dados<\/h2>\n\n<p><strong class=\"privacy-policy-tutorial\">Sugest\u00e3o de texto: <\/strong>Se escreveres um coment\u00e1rio, este ser\u00e1 guardado indefinidamente, incluindo os metadados. Desta forma, podemos reconhecer e aprovar automaticamente os coment\u00e1rios seguintes, em vez de os mantermos numa fila de modera\u00e7\u00e3o. <\/p>\n\n<p>Para os utilizadores que se registam no nosso s\u00edtio Web, tamb\u00e9m guardamos as informa\u00e7\u00f5es pessoais que fornecem nos seus perfis de utilizador. Todos os utilizadores podem ver, alterar ou eliminar as suas informa\u00e7\u00f5es pessoais em qualquer altura (o nome de utilizador n\u00e3o pode ser alterado). Os administradores do s\u00edtio Web tamb\u00e9m podem ver e alterar estas informa\u00e7\u00f5es.  <\/p>\n\n<h2 class=\"wp-block-heading\">Que direitos tens sobre os teus dados<\/h2>\n\n<p><strong class=\"privacy-policy-tutorial\">Texto sugerido: <\/strong>Se tens uma conta neste s\u00edtio Web ou escreveste coment\u00e1rios, podes solicitar-nos a exporta\u00e7\u00e3o dos teus dados pessoais, incluindo todos os dados que nos forneceste. Al\u00e9m disso, podes solicitar a elimina\u00e7\u00e3o de todos os dados pessoais que tenhamos guardado sobre ti. Isto n\u00e3o inclui os dados que somos obrigados a reter para fins administrativos, legais ou de seguran\u00e7a.  <\/p>\n\n<h2 class=\"wp-block-heading\">Para onde s\u00e3o enviados os teus dados<\/h2>\n\n<p><strong class=\"privacy-policy-tutorial\">Sugest\u00e3o de texto: <\/strong>Os coment\u00e1rios dos visitantes podem ser analisados por um servi\u00e7o autom\u00e1tico de dete\u00e7\u00e3o de spam.<\/p>\n","protected":false},"excerpt":{"rendered":"<p>Quem somos Texto sugerido: O endere\u00e7o do nosso s\u00edtio Web \u00e9: https:\/\/www.linseis.com. Coment\u00e1rios Sugest\u00e3o de texto: Quando os visitantes escrevem coment\u00e1rios no s\u00edtio Web, recolhemos os dados apresentados no formul\u00e1rio de coment\u00e1rio, o endere\u00e7o IP do visitante e a cadeia do agente do utilizador (que identifica o browser) para ajudar a reconhecer o spam. Pode [&hellip;]<\/p>\n","protected":false},"author":1,"featured_media":0,"parent":0,"menu_order":0,"comment_status":"closed","ping_status":"closed","template":"","meta":{"_acf_changed":false,"inline_featured_image":false,"footnotes":""},"class_list":["post-103442","page","type-page","status-publish","hentry"],"acf":[],"_links":{"self":[{"href":"https:\/\/www.linseis.com\/pt-pt\/wp-json\/wp\/v2\/pages\/103442","targetHints":{"allow":["GET"]}}],"collection":[{"href":"https:\/\/www.linseis.com\/pt-pt\/wp-json\/wp\/v2\/pages"}],"about":[{"href":"https:\/\/www.linseis.com\/pt-pt\/wp-json\/wp\/v2\/types\/page"}],"author":[{"embeddable":true,"href":"https:\/\/www.linseis.com\/pt-pt\/wp-json\/wp\/v2\/users\/1"}],"replies":[{"embeddable":true,"href":"https:\/\/www.linseis.com\/pt-pt\/wp-json\/wp\/v2\/comments?post=103442"}],"version-history":[{"count":0,"href":"https:\/\/www.linseis.com\/pt-pt\/wp-json\/wp\/v2\/pages\/103442\/revisions"}],"wp:attachment":[{"href":"https:\/\/www.linseis.com\/pt-pt\/wp-json\/wp\/v2\/media?parent=103442"}],"curies":[{"name":"wp","href":"https:\/\/api.w.org\/{rel}","templated":true}]}}