{"id":103430,"date":"2025-07-18T08:04:25","date_gmt":"2025-07-18T06:04:25","guid":{"rendered":"https:\/\/www.linseis.com\/encomenda-medidas\/encomenda-a-medicao\/muito-obrigado-pelo-teu-formulario-de-amostra-assinado\/"},"modified":"2026-01-12T10:12:04","modified_gmt":"2026-01-12T09:12:04","slug":"muito-obrigado-pelo-teu-formulario-de-amostra-assinado","status":"publish","type":"page","link":"https:\/\/www.linseis.com\/pt-pt\/encomenda-medidas\/encomenda-a-medicao\/muito-obrigado-pelo-teu-formulario-de-amostra-assinado\/","title":{"rendered":"Muito obrigado pelo teu formul\u00e1rio de amostra assinado"},"content":{"rendered":"\t\t<div data-elementor-type=\"wp-page\" data-elementor-id=\"103430\" class=\"elementor elementor-103430 elementor-89781\" data-elementor-post-type=\"page\">\n\t\t\t\t<div class=\"elementor-element elementor-element-7b2f544 e-flex e-con-boxed e-con e-parent\" data-id=\"7b2f544\" data-element_type=\"container\" data-e-type=\"container\">\n\t\t\t\t\t<div class=\"e-con-inner\">\n\t\t\t\t<div class=\"elementor-element elementor-element-3374d6c elementor-widget elementor-widget-heading\" data-id=\"3374d6c\" data-element_type=\"widget\" data-e-type=\"widget\" data-widget_type=\"heading.default\">\n\t\t\t\t<div class=\"elementor-widget-container\">\n\t\t\t\t\t<h2 class=\"elementor-heading-title elementor-size-default\">Envia com \u00eaxito o formul\u00e1rio de amostra assinado<\/h2>\t\t\t\t<\/div>\n\t\t\t\t<\/div>\n\t\t\t\t\t<\/div>\n\t\t\t\t<\/div>\n\t\t<div class=\"elementor-element elementor-element-ea15552 e-flex e-con-boxed e-con e-parent\" data-id=\"ea15552\" data-element_type=\"container\" data-e-type=\"container\">\n\t\t\t\t\t<div class=\"e-con-inner\">\n\t\t<div class=\"elementor-element elementor-element-4035e9c e-con-full e-flex e-con e-child\" data-id=\"4035e9c\" data-element_type=\"container\" data-e-type=\"container\">\n\t\t\t\t<div class=\"elementor-element elementor-element-ec766e6 elementor-widget elementor-widget-text-editor\" data-id=\"ec766e6\" data-element_type=\"widget\" data-e-type=\"widget\" data-widget_type=\"text-editor.default\">\n\t\t\t\t<div class=\"elementor-widget-container\">\n\t\t\t\t\t\t\t\t\t<p data-start=\"88\" data-end=\"227\"> <\/p>\n<p data-start=\"88\" data-end=\"227\"><strong data-start=\"88\" data-end=\"227\">Obrigado por teres enviado o formul\u00e1rio de pedido de amostras. Processaremos o teu pedido o mais rapidamente poss\u00edvel e entraremos em contacto contigo em breve.   <\/strong><\/p>\n<p data-start=\"229\" data-end=\"283\"><strong data-start=\"229\" data-end=\"283\">Envia as tuas amostras para o seguinte endere\u00e7o:<\/strong><\/p>\n<p data-start=\"285\" data-end=\"338\"><b>Laborat\u00f3rio<br data-start=\"295\" data-end=\"298\">Vielitzer Str. 43<br data-start=\"315\" data-end=\"318\">95100 Selb<br data-start=\"328\" data-end=\"331\">Alemanha  <\/b><\/p>\t\t\t\t\t\t\t\t<\/div>\n\t\t\t\t<\/div>\n\t\t\t\t<\/div>\n\t\t\t\t\t<\/div>\n\t\t\t\t<\/div>\n\t\t\t\t<\/div>\n\t\t","protected":false},"excerpt":{"rendered":"<p>Envia com \u00eaxito o formul\u00e1rio de amostra assinado Obrigado por teres enviado o formul\u00e1rio de pedido de amostras. Processaremos o teu pedido o mais rapidamente poss\u00edvel e entraremos em contacto contigo em breve. Envia as tuas amostras para o seguinte endere\u00e7o: Laborat\u00f3rioVielitzer Str. 4395100 SelbAlemanha<\/p>\n","protected":false},"author":3,"featured_media":0,"parent":103416,"menu_order":0,"comment_status":"closed","ping_status":"closed","template":"","meta":{"_acf_changed":false,"inline_featured_image":false,"footnotes":""},"class_list":["post-103430","page","type-page","status-publish","hentry"],"acf":[],"_links":{"self":[{"href":"https:\/\/www.linseis.com\/pt-pt\/wp-json\/wp\/v2\/pages\/103430","targetHints":{"allow":["GET"]}}],"collection":[{"href":"https:\/\/www.linseis.com\/pt-pt\/wp-json\/wp\/v2\/pages"}],"about":[{"href":"https:\/\/www.linseis.com\/pt-pt\/wp-json\/wp\/v2\/types\/page"}],"author":[{"embeddable":true,"href":"https:\/\/www.linseis.com\/pt-pt\/wp-json\/wp\/v2\/users\/3"}],"replies":[{"embeddable":true,"href":"https:\/\/www.linseis.com\/pt-pt\/wp-json\/wp\/v2\/comments?post=103430"}],"version-history":[{"count":0,"href":"https:\/\/www.linseis.com\/pt-pt\/wp-json\/wp\/v2\/pages\/103430\/revisions"}],"up":[{"embeddable":true,"href":"https:\/\/www.linseis.com\/pt-pt\/wp-json\/wp\/v2\/pages\/103416"}],"wp:attachment":[{"href":"https:\/\/www.linseis.com\/pt-pt\/wp-json\/wp\/v2\/media?parent=103430"}],"curies":[{"name":"wp","href":"https:\/\/api.w.org\/{rel}","templated":true}]}}