{"id":102109,"date":"2024-08-15T14:57:44","date_gmt":"2024-08-15T12:57:44","guid":{"rendered":"https:\/\/www.linseis.com\/firma\/gtc\/"},"modified":"2026-01-16T10:17:06","modified_gmt":"2026-01-16T09:17:06","slug":"gtc","status":"publish","type":"page","link":"https:\/\/www.linseis.com\/pl\/firma\/gtc\/","title":{"rendered":"GTC"},"content":{"rendered":"\t\t<div data-elementor-type=\"wp-post\" data-elementor-id=\"102109\" class=\"elementor elementor-102109 elementor-38584\" data-elementor-post-type=\"page\">\n\t\t\t\t<div class=\"elementor-element elementor-element-a3549cf e-flex e-con-boxed e-con e-parent\" data-id=\"a3549cf\" data-element_type=\"container\" data-e-type=\"container\" data-settings=\"{&quot;background_background&quot;:&quot;classic&quot;}\">\n\t\t\t\t\t<div class=\"e-con-inner\">\n\t\t\t\t<div class=\"elementor-element elementor-element-ac41c94 elementor-widget elementor-widget-image\" data-id=\"ac41c94\" data-element_type=\"widget\" data-e-type=\"widget\" data-widget_type=\"image.default\">\n\t\t\t\t<div class=\"elementor-widget-container\">\n\t\t\t\t\t\t\t\t\t\t\t\t\t\t\t<img decoding=\"async\" src=\"https:\/\/www.linseis.com\/wp-content\/uploads\/\/linseis_scale-top-1.svg\" title=\"\" alt=\"\" loading=\"lazy\" \/>\t\t\t\t\t\t\t\t\t\t\t\t\t\t\t<\/div>\n\t\t\t\t<\/div>\n\t\t\t\t<div class=\"elementor-element elementor-element-28a610f elementor-invisible elementor-widget elementor-widget-image\" data-id=\"28a610f\" data-element_type=\"widget\" data-e-type=\"widget\" data-settings=\"{&quot;_animation&quot;:&quot;fadeInUp&quot;}\" data-widget_type=\"image.default\">\n\t\t\t\t<div class=\"elementor-widget-container\">\n\t\t\t\t\t\t\t\t\t\t\t\t\t\t\t<img fetchpriority=\"high\" decoding=\"async\" width=\"800\" height=\"800\" src=\"https:\/\/www.linseis.com\/wp-content\/uploads\/2024\/06\/linseis-pushing-boundaries-1.svg\" class=\"attachment-large size-large wp-image-29194\" alt=\"\" \/>\t\t\t\t\t\t\t\t\t\t\t\t\t\t\t<\/div>\n\t\t\t\t<\/div>\n\t\t\t\t<div class=\"elementor-element elementor-element-b4a6800 elementor-widget elementor-widget-image\" data-id=\"b4a6800\" data-element_type=\"widget\" data-e-type=\"widget\" data-widget_type=\"image.default\">\n\t\t\t\t<div class=\"elementor-widget-container\">\n\t\t\t\t\t\t\t\t\t\t\t\t\t\t\t<img decoding=\"async\" src=\"https:\/\/www.linseis.com\/wp-content\/uploads\/\/linseis_scale-bottom-1.svg\" title=\"\" alt=\"\" loading=\"lazy\" \/>\t\t\t\t\t\t\t\t\t\t\t\t\t\t\t<\/div>\n\t\t\t\t<\/div>\n\t\t\t\t\t<\/div>\n\t\t\t\t<\/div>\n\t\t<div class=\"elementor-element elementor-element-7c8d6cc e-flex e-con-boxed e-con e-parent\" data-id=\"7c8d6cc\" data-element_type=\"container\" data-e-type=\"container\" data-settings=\"{&quot;background_background&quot;:&quot;classic&quot;}\">\n\t\t\t\t\t<div class=\"e-con-inner\">\n\t\t\t\t\t<\/div>\n\t\t\t\t<\/div>\n\t\t<div class=\"elementor-element elementor-element-d7b7522 e-flex e-con-boxed e-con e-parent\" data-id=\"d7b7522\" data-element_type=\"container\" data-e-type=\"container\" data-settings=\"{&quot;background_background&quot;:&quot;classic&quot;}\">\n\t\t\t\t\t<div class=\"e-con-inner\">\n\t\t<div class=\"elementor-element elementor-element-7e2c0c3 e-con-full e-flex e-con e-child\" data-id=\"7e2c0c3\" data-element_type=\"container\" data-e-type=\"container\">\n\t\t\t\t<\/div>\n\t\t<div class=\"elementor-element elementor-element-449b6fd e-con-full e-flex e-con e-child\" data-id=\"449b6fd\" data-element_type=\"container\" data-e-type=\"container\">\n\t\t\t\t<div class=\"elementor-element elementor-element-cc1182c elementor-invisible elementor-widget elementor-widget-heading\" data-id=\"cc1182c\" data-element_type=\"widget\" data-e-type=\"widget\" data-settings=\"{&quot;_animation&quot;:&quot;fadeInUp&quot;,&quot;_animation_delay&quot;:250}\" data-widget_type=\"heading.default\">\n\t\t\t\t<div class=\"elementor-widget-container\">\n\t\t\t\t\t<h1 class=\"elementor-heading-title elementor-size-default\">AGB<\/h1>\t\t\t\t<\/div>\n\t\t\t\t<\/div>\n\t\t\t\t<div class=\"elementor-element elementor-element-a10166b elementor-invisible elementor-widget elementor-widget-text-editor\" data-id=\"a10166b\" data-element_type=\"widget\" data-e-type=\"widget\" data-settings=\"{&quot;_animation&quot;:&quot;fadeInUp&quot;}\" data-widget_type=\"text-editor.default\">\n\t\t\t\t<div class=\"elementor-widget-container\">\n\t\t\t\t\t\t\t\t\t<p>Wa\u017cny od 25\/05\/2018<\/p><h2>1. informacje og\u00f3lne<\/h2><p>a) Wszystkie oferty, sprzeda\u017c i dostawy opieraj\u0105 si\u0119 na naszych Og\u00f3lnych Warunkach Umowy okre\u015blonych poni\u017cej.<\/p><p>Gromadzimy, przetwarzamy i wykorzystujemy dane osobowe u\u017cytkownik\u00f3w w zakresie, w jakim jest to niezb\u0119dne do \u015bwiadczenia naszych us\u0142ug i\/lub funkcjonowania niniejszej strony internetowej.<br>Nasz\u0105 aktualn\u0105 polityk\u0119 prywatno\u015bci mo\u017cna znale\u017a\u0107 tutaj: <a class=\"internal-link\" title=\"Otwiera link wewn\u0119trzny w bie\u017c\u0105cym oknie\" href=\"https:\/\/www.linseis.com\/de\/unternehmen\/datenschutz\/\" target=\"_top\" rel=\"noopener noreferrer\" data-auto-event-observed=\"true\">https:\/\/www.linseis.com\/de\/unternehmen\/datenschutz\/<\/a>.<\/p><p>b) Niniejszym odrzuca si\u0119 sprzeczne warunki zakupu, dostawy i p\u0142atno\u015bci Kupuj\u0105cego. Nie maj\u0105 one zastosowania, nawet je\u015bli s\u0105 zawarte w pi\u015bmie potwierdzaj\u0105cym od Kupuj\u0105cego po naszym potwierdzeniu zam\u00f3wienia i nie sprzeciwiamy si\u0119 im, poniewa\u017c nasze milczenie oznacza, \u017ce je odrzucamy. Wszelkie ustne lub telefoniczne porozumienia odbiegaj\u0105ce od naszych warunk\u00f3w umownych wymagaj\u0105 naszego pisemnego potwierdzenia, aby by\u0142y prawnie skuteczne. To samo dotyczy dodatkowych um\u00f3w i obietnic sk\u0142adanych przez naszych przedstawicieli i pracownik\u00f3w, kt\u00f3re staj\u0105 si\u0119 dla nas wi\u0105\u017c\u0105ce dopiero po otrzymaniu przez Kupuj\u0105cego naszego pisemnego potwierdzenia.   <\/p><p>c) Nawet w przypadku sprzeczno\u015bci we wcze\u015bniejszych wzajemnych o\u015bwiadczeniach umownych lub pismach potwierdzaj\u0105cych, umowa zostanie w ka\u017cdym przypadku zawarta poprzez przyj\u0119cie naszej dostawy lub innych us\u0142ug realizacji zgodnie z naszymi warunkami umownymi przedstawionymi tutaj.<\/p><h2><br>2. oferty<\/h2><p>a) Nasze oferty mog\u0105 ulec zmianie, chyba \u017ce zosta\u0142y wyra\u017anie okre\u015blone jako wi\u0105\u017c\u0105ce lub wi\u0105\u017c\u0105ce. Umowa staje si\u0119 dla nas wi\u0105\u017c\u0105ca dopiero po pisemnym potwierdzeniu zam\u00f3wienia. <\/p><p>b) Ilustracje, rysunki, broszury, materia\u0142y reklamowe itp. dotycz\u0105ce naszych produkt\u00f3w, w szczeg\u00f3lno\u015bci zawarte w nich dane, s\u0105 jedynie warto\u015bciami przybli\u017conymi. W \u017cadnym wypadku nie zawieraj\u0105 one gwarancji ani zapewnie\u0144 o okre\u015blonych w\u0142a\u015bciwo\u015bciach. Gwarancje i zapewnienia mog\u0105 by\u0107 uzgodnione wy\u0142\u0105cznie w formie pisemnej i oznaczone jako takie. Wada w rozumieniu \u00a7 434 BGB istnieje tylko wtedy, gdy rzeczywista jako\u015b\u0107 znacznie odbiega od jako\u015bci opisanej na ilustracji, rysunku, broszurze lub ulotce reklamowej.   <\/p><h2><br>3. ceny<\/h2><p>a) O ile nie uzgodniono inaczej, ceny s\u0105 cenami ex works Selb. S\u0105 one oparte na kosztach w momencie zawarcia umowy. Je\u015bli okres dostawy jest d\u0142u\u017cszy ni\u017c 4 miesi\u0105ce, jeste\u015bmy uprawnieni do obci\u0105\u017cenia kupuj\u0105cego w przypadku p\u00f3\u017aniejszego wprowadzenia lub podwy\u017cszenia ce\u0142, podatk\u00f3w, op\u0142at frachtowych, koszt\u00f3w energii, wynagrodze\u0144 itp. lub w przypadku wzrostu naszych koszt\u00f3w w wyniku zmian kurs\u00f3w walut &#8211; nawet je\u015bli wejd\u0105 one w \u017cycie z moc\u0105 wsteczn\u0105.  <\/p><p>b) W przypadku zam\u00f3wie\u0144 o warto\u015bci ni\u017cszej ni\u017c 75,- \u20ac netto, mamy prawo pobra\u0107 op\u0142at\u0119 w wysoko\u015bci 20,- \u20ac netto w celu zrekompensowania koszt\u00f3w realizacji bardzo ma\u0142ych zam\u00f3wie\u0144.<\/p><h2><br>4. wysy\u0142ka, transport i ubezpieczenie<\/h2><p>a) Nawet je\u015bli sprzedali\u015bmy towary za pobraniem, fob lub c &amp; f, towary s\u0105 transportowane na ryzyko kupuj\u0105cego. Nawet je\u015bli wybierzemy \u015brodek transportu, osob\u0119 transportuj\u0105c\u0105 i\/lub tras\u0119 transportu, towary b\u0119d\u0105 transportowane na ryzyko kupuj\u0105cego z wy\u0142\u0105czeniem jakiejkolwiek odpowiedzialno\u015bci z naszej strony. <\/p><p>b) Przesy\u0142ki b\u0119d\u0105 ubezpieczane od szk\u00f3d transportowych wy\u0142\u0105cznie na wyra\u017ane \u017c\u0105danie kupuj\u0105cego. Wynikaj\u0105ce z tego sk\u0142adki i koszty ponosi kupuj\u0105cy. <\/p><h2><br>5. terminy dostaw<\/h2><p>a) O ile wyra\u017anie nie uzgodniono inaczej, uzgodnione terminy dostaw i realizacji s\u0105 jedynie przybli\u017cone i nie s\u0105 dla nas wi\u0105\u017c\u0105ce.<\/p><p>b) Szczeg\u00f3lne okoliczno\u015bci, takie jak strajki, zaprzestanie dzia\u0142alno\u015bci, ograniczenia operacyjne, zak\u0142\u00f3cenia operacyjne, zakazy importu i eksportu, trudno\u015bci w przetwarzaniu u naszych dostawc\u00f3w oraz inne zdarzenia i okoliczno\u015bci nieprzewidziane przez nas, kt\u00f3re bezpo\u015brednio lub po\u015brednio zak\u0142\u00f3caj\u0105 lub uniemo\u017cliwiaj\u0105 dostaw\u0119 lub us\u0142ugi, zwalniaj\u0105 nas z obowi\u0105zku wykonania zobowi\u0105zania na czas trwania i zakres wynikaj\u0105cych z tego zak\u0142\u00f3ce\u0144 operacyjnych lub wysy\u0142kowych, bez mo\u017cliwo\u015bci dochodzenia przez kupuj\u0105cego jakichkolwiek roszcze\u0144 odszkodowawczych z tego tytu\u0142u.<\/p><p>c) Je\u015bli nie dotrzymamy terminu dostawy uzgodnionego jako wi\u0105\u017c\u0105cy, kupuj\u0105cy ma prawo odst\u0105pi\u0107 od umowy po bezowocnym up\u0142ywie rozs\u0105dnego terminu dodatkowego, kt\u00f3ry zostanie przez niego ustalony na pi\u015bmie. W przypadku niewielkiego zaniedbania odszkodowanie za szkody jest ograniczone do maksymalnie trzykrotno\u015bci ceny zakupu przedmiotu, kt\u00f3ry nie zosta\u0142 dostarczony na czas, w przypadku sprz\u0119tu analitycznego za ka\u017cdy zako\u0144czony tydzie\u0144 op\u00f3\u017anienia do 0,5% ceny zakupu sprz\u0119tu lub cz\u0119\u015bci sprz\u0119tu, kt\u00f3ry nie mo\u017ce by\u0107 u\u017cywany z powodu op\u00f3\u017anionej dostawy, ale maksymalnie do 5% \u0142\u0105cznie. Ponadto ponosimy odpowiedzialno\u015b\u0107 wy\u0142\u0105cznie zgodnie z punktem 9 e) niniejszych Og\u00f3lnych Warunk\u00f3w Sprzeda\u017cy i Dostawy.    <\/p><p>d) Je\u017celi Kupuj\u0105cy nie wykona ci\u0105\u017c\u0105cego na nim obowi\u0105zku, na przyk\u0142ad w zwi\u0105zku z zam\u00f3wieniami lub pracami przygotowawczymi lub odbiorem przedmiotu zakupu lub w inny spos\u00f3b zwleka z przyj\u0119ciem lub odbiorem, uzgodniona cena zakupu lub pozosta\u0142a cena zakupu staje si\u0119 wymagalna po up\u0142ywie rozs\u0105dnego okresu karencji. Ponadto skutki \u00a7\u00a7 300-304 BGB (niemieckiego kodeksu cywilnego), jak r\u00f3wnie\u017c dodatkowe roszczenie o dalsze odszkodowanie pozostaj\u0105 nienaruszone. Tymczasowe przechowywanie przedmiotu zakupu wed\u0142ug naszego uznania odbywa si\u0119 na koszt i ryzyko kupuj\u0105cego.  <\/p><h2><br>6. fakturowanie i p\u0142atno\u015bci<\/h2><p>a) Nasze faktury s\u0105 p\u0142atne bez potr\u0105ce\u0144 w ci\u0105gu 30 dni od ich wystawienia. Nawet w przypadku wcze\u015bniejszej p\u0142atno\u015bci nabywca nie jest uprawniony do odliczenia rabatu. Weksle i czeki, kt\u00f3rych nie jeste\u015bmy zobowi\u0105zani przyjmowa\u0107, b\u0119d\u0105 akceptowane wy\u0142\u0105cznie z tytu\u0142u wykonania umowy. P\u0142atno\u015b\u0107 uznaje si\u0119 za dokonan\u0105 dopiero po ich uznaniu w got\u00f3wce.   <\/p><p>b) Mo\u017cemy odst\u0105pi\u0107 od umowy lub za\u017c\u0105da\u0107 odszkodowania za niewykonanie umowy, je\u015bli nie zostanie dotrzymany ustalony przez nas tygodniowy termin p\u0142atno\u015bci. Odst\u0105pienie przez nas od umowy nie ma wp\u0142ywu na roszczenia odszkodowawcze (np. z tytu\u0142u zmarnowanych wydatk\u00f3w, utraty zysk\u00f3w itp.) <\/p><p>c) Je\u015bli sytuacja finansowa ulegnie znacznemu pogorszeniu po zawarciu umowy kupna lub je\u015bli p\u00f3\u017aniej dowiemy si\u0119, \u017ce jest ona znacznie gorsza ni\u017c zak\u0142adali\u015bmy, b\u0119dziemy uprawnieni do uzale\u017cnienia dostawy od uprzedniego wype\u0142nienia wszystkich zobowi\u0105za\u0144 p\u0142atniczych Kupuj\u0105cego &#8211; r\u00f3wnie\u017c od innych dostaw z naszej strony. Je\u015bli dostawa zosta\u0142a ju\u017c zrealizowana, b\u0119dziemy uprawnieni do odzyskania towar\u00f3w i wstrzymania ich do czasu wype\u0142nienia przez Kupuj\u0105cego wszystkich zobowi\u0105za\u0144 p\u0142atniczych wobec nas. Roszczenia, dla kt\u00f3rych weksle wygasaj\u0105 w p\u00f3\u017aniejszym terminie, s\u0105 r\u00f3wnie\u017c natychmiast wymagalne. Postanowienia niniejszego paragrafu maj\u0105 r\u00f3wnie\u017c zastosowanie w przypadku przyj\u0119cia przez nas weksli i otrzymania niekorzystnych informacji o sytuacji finansowej akceptanta lub wystawcy.   <\/p><p>d) Kupuj\u0105cy mo\u017ce potr\u0105ca\u0107 wy\u0142\u0105cznie roszczenia, kt\u00f3re s\u0105 bezsporne lub zosta\u0142y uznane w drodze orzeczenia deklaratoryjnego. Kupuj\u0105cemu nie przys\u0142uguje prawo zatrzymania. <\/p><p>e) P\u0142atno\u015bci nale\u017cy przekazywa\u0107 wy\u0142\u0105cznie na dane bankowe znajduj\u0105ce si\u0119 na dowodzie dostawy do\u0142\u0105czonym do wysy\u0142anych towar\u00f3w.<\/p><p> <\/p><h2><br>7. zastrze\u017cenie w\u0142asno\u015bci<\/h2><p>a) Nasze dostawy pozostaj\u0105 nasz\u0105 w\u0142asno\u015bci\u0105 do momentu zap\u0142aty wszystkich naszych roszcze\u0144 &#8211; z jakiegokolwiek powodu, w szczeg\u00f3lno\u015bci r\u00f3wnie\u017c z poprzednich wzajemnych transakcji. W przypadku rachunku bie\u017c\u0105cego, zastrze\u017cony tytu\u0142 w\u0142asno\u015bci b\u0119dzie s\u0142u\u017cy\u0142 jako zabezpieczenie naszych roszcze\u0144. B\u0119dziemy mie\u0107 prawo do okre\u015blenia, kt\u00f3re cz\u0119\u015bci ca\u0142kowitych zobowi\u0105za\u0144 a-konto p\u0142atno\u015bci kupuj\u0105cego maj\u0105 zosta\u0107 skompensowane.  <\/p><p>b) Je\u017celi dostarczone towary zostan\u0105 po\u0142\u0105czone z inn\u0105 rzecz\u0105 ruchom\u0105 w taki spos\u00f3b, \u017ce nale\u017cy je uzna\u0107 za istotn\u0105 cz\u0119\u015b\u0107 nowej rzeczy, Kupuj\u0105cy niniejszym przenosi na nas proporcjonalnie wsp\u00f3\u0142w\u0142asno\u015b\u0107 nowej rzeczy. Kupuj\u0105cy b\u0119dzie wykonywa\u0142 prawo w\u0142asno\u015bci nowej rzeczy w naszym imieniu. <\/p><p>c) Kupuj\u0105cy mo\u017ce odsprzeda\u0107 przedmiot dostawy &#8211; pod warunkiem, \u017ce nie zalega z zap\u0142at\u0105 ceny zakupu &#8211; w ramach zwyk\u0142ej dzia\u0142alno\u015bci gospodarczej z zastrze\u017ceniem w\u0142asno\u015bci za zap\u0142at\u0105 got\u00f3wk\u0105 lub wekslem. Dop\u00f3ki towary obj\u0119te zastrze\u017ceniem w\u0142asno\u015bci znajduj\u0105 si\u0119 w posiadaniu kupuj\u0105cego, kupuj\u0105cy przechowuje je dla nas z zachowaniem ostro\u017cno\u015bci ostro\u017cnego przedsi\u0119biorcy. <\/p><p>d) Je\u015bli kupuj\u0105cy sprzedaje towar zastrze\u017cony wraz z innymi towarami, niniejszym ceduje na nas roszczenia z tytu\u0142u odsprzeda\u017cy towaru zastrze\u017conego w ca\u0142o\u015bci, w przypadku wcze\u015bniejszego przetworzenia lub zmieszania z towarami nienale\u017c\u0105cymi do nas, w wysoko\u015bci warto\u015bci przetworzonego towaru zastrze\u017conego. Je\u015bli taka sprzeda\u017c jest dokonywana po cenie ca\u0142kowitej, kupuj\u0105cy niniejszym przenosi na nas swoje roszczenie z tytu\u0142u ceny zakupu w wysoko\u015bci warto\u015bci zastrze\u017conego towaru, kt\u00f3ry jest przedmiotem niniejszej umowy kupna. <\/p><p>e) Na nasze \u017c\u0105danie nabywca jest zobowi\u0105zany powiadomi\u0107 d\u0142u\u017cnika b\u0119d\u0105cego osob\u0105 trzeci\u0105 o cesji na nasz\u0105 rzecz, podaj\u0105c kwot\u0119 naszego roszczenia. Musi on dostarczy\u0107 nam wszelkie informacje i dokumenty niezb\u0119dne do dochodzenia naszych praw. W przypadku, gdy warto\u015b\u0107 scedowanych na nas wierzytelno\u015bci przekracza o wi\u0119cej ni\u017c 20% warto\u015b\u0107 naszej wierzytelno\u015bci wobec Kupuj\u0105cego, jeste\u015bmy zobowi\u0105zani do zwrotnego przeniesienia nadp\u0142aconej kwoty na \u017c\u0105danie Kupuj\u0105cego.  <\/p><p>f) Zastawienie, przeniesienie w drodze zabezpieczenia i cesja w drodze zabezpieczenia naszych zastrze\u017conych towar\u00f3w, jak r\u00f3wnie\u017c praw, do kt\u00f3rych jeste\u015bmy uprawnieni, oraz inne dyspozycje kupuj\u0105cego, kt\u00f3re naruszaj\u0105 nasze prawa, s\u0105 niedozwolone. Kupuj\u0105cy musi niezw\u0142ocznie powiadomi\u0107 nas o wszelkich ingerencjach os\u00f3b trzecich &#8211; czy to w towary obj\u0119te zastrze\u017ceniem w\u0142asno\u015bci, roszczenia przeniesione na nas lub prawa ustanowione zgodnie z powy\u017cszymi ust\u0119pami &#8211; i przes\u0142a\u0107 nam wszystkie dokumenty niezb\u0119dne do interwencji. Wszelkie koszty naszej interwencji ponosi kupuj\u0105cy.  <\/p><p>g) Zastrze\u017cenie w\u0142asno\u015bci i odebranie przez nas zastrze\u017conych towar\u00f3w nie stanowi odst\u0105pienia od umowy, lecz ma na celu jedynie zabezpieczenie naszych roszcze\u0144.<\/p><h2><br>8 Warunki licencji na oprogramowanie<\/h2><p>O ile w zwi\u0105zku ze sprzeda\u017c\u0105 systemu (sprz\u0119tu) dostarczamy nabywcy r\u00f3wnie\u017c oprogramowanie &#8211; niezale\u017cnie od tego, czy jest to oprogramowanie systemu operacyjnego, czy oprogramowanie u\u017cytkownika &#8211; obowi\u0105zuj\u0105 nast\u0119puj\u0105ce warunki licencji:<\/p><p>a) Kupuj\u0105cy otrzymuje niezbywalne i niewy\u0142\u0105czne prawo do korzystania z dostarczonego przez nas oprogramowania wraz z pisemn\u0105 dokumentacj\u0105 w zwi\u0105zku z urz\u0105dzeniami, kt\u00f3re s\u0105 przedmiotem umowy kupna i z kt\u00f3rymi lub dla kt\u00f3rych oprogramowanie zosta\u0142o dostarczone. Powielanie oprogramowania jest dozwolone wy\u0142\u0105cznie do cel\u00f3w tworzenia kopii zapasowych. Powielanie do innych cel\u00f3w, przekazywanie oprogramowania osobom trzecim i jakakolwiek inna dystrybucja oprogramowania jest niedozwolona. Jakiekolwiek rozszerzenie oprogramowania lub modyfikacja sprz\u0119tu oprogramowania zamierzona przez nabywc\u0119 lub jakakolwiek inna ingerencja w program musi zosta\u0107 zg\u0142oszona nam z odpowiednim wyprzedzeniem i nie jest dozwolona bez naszej wyra\u017anej zgody.   <\/p><p>b) Wszelkie prawa do oprogramowania pozostaj\u0105 przy nas, w szczeg\u00f3lno\u015bci oprogramowanie pozostaje nasz\u0105 wy\u0142\u0105czn\u0105 w\u0142asno\u015bci\u0105 intelektualn\u0105 w rozumieniu prawa autorskiego, niezale\u017cnie od tego, czy oprogramowanie jest opatentowane, chronione w jakikolwiek inny spos\u00f3b lub nie jest chronione. Przekazanie oprogramowania lub zwi\u0105zanych z nim pisemnych dokument\u00f3w osobom trzecim wymaga naszej uprzedniej wyra\u017anej pisemnej zgody. <\/p><p>c) Op\u0142ata licencyjna jest wliczona w cen\u0119 zakupu sprz\u0119tu lub oprogramowania.<\/p><p>d) Jeste\u015bmy uprawnieni do rozwi\u0105zania istniej\u0105cego stosunku licencyjnego z nabywc\u0105 bez wypowiedzenia, je\u015bli nabywca naruszy powy\u017csze warunki licencji i ponownie naruszy warunki licencji w ci\u0105gu 15 dni od ostrze\u017cenia.<\/p><h2><br>9. r\u0119kojmia za wady<\/h2><p>O ile nie uzgodniono inaczej, okres gwarancji na dostarczone przez nas cz\u0119\u015bci wynosi 1 rok. Cz\u0119\u015bci, kt\u00f3re oka\u017c\u0105 si\u0119 nieodpowiednie w wyniku wadliwego materia\u0142u lub z\u0142ego wykonania, zostan\u0105 naprawione lub wymienione przez nas lub klienta wed\u0142ug naszego uznania. Nie ponosimy odpowiedzialno\u015bci za uszkodzenia wynikaj\u0105ce z naturalnego zu\u017cycia. Na kliencie spoczywa ci\u0119\u017car dowodu, \u017ce wada istnia\u0142a ju\u017c w momencie dostawy, a w szczeg\u00f3lno\u015bci, \u017ce nie zosta\u0142a spowodowana niew\u0142a\u015bciw\u0105 obs\u0142ug\u0105 lub wp\u0142ywami zewn\u0119trznymi. Powy\u017csze ma zastosowanie r\u00f3wnie\u017c w przypadku, gdy modyfikacje, poprawki lub naprawy zosta\u0142y przeprowadzone przez nabywc\u0119 lub osob\u0119 trzeci\u0105 bez naszej zgody.    <\/p><p>a) W opisach naszych produkt\u00f3w regularnie wskazujemy, \u017ce czas dzia\u0142ania dostarczanych przez nas urz\u0105dze\u0144 zale\u017cy w du\u017cej mierze od rodzaju i czasu u\u017cytkowania ze wzgl\u0119du na ich szczeg\u00f3lne przeznaczenie, co z kolei mo\u017ce powodowa\u0107 konieczno\u015b\u0107 wymiany niekt\u00f3rych cz\u0119\u015bci zu\u017cywaj\u0105cych si\u0119 w d\u0142u\u017cszych lub kr\u00f3tszych odst\u0119pach czasu. Zu\u017cycie tych cz\u0119\u015bci nie jest obj\u0119te gwarancj\u0105. <\/p><p>b) O wykryciu wad nale\u017cy nas niezw\u0142ocznie powiadomi\u0107 na pi\u015bmie, w przypadku oczywistych wad w ci\u0105gu 8 dni od dostawy. W przypadku reklamacji kupuj\u0105cy nie jest upowa\u017cniony do dokonywania jakichkolwiek zmian lub przer\u00f3bek na nasz koszt bez naszej zgody. Odrzucone cz\u0119\u015bci staj\u0105 si\u0119 nasz\u0105 w\u0142asno\u015bci\u0105. Odpowiedzialno\u015b\u0107 za wykonane prace naprawcze lub dostarczone cz\u0119\u015bci zamienne istnieje tylko do momentu wyga\u015bni\u0119cia okresu gwarancyjnego dla pierwotnej dostawy. Przepis dotycz\u0105cy zastrze\u017cenia w\u0142asno\u015bci (7. powy\u017cej) ma r\u00f3wnie\u017c zastosowanie do kolejnych dostaw.    <\/p><p>c) Je\u015bli naprawa lub dostawa zast\u0119pcza nie powiedzie si\u0119 (np. poniewa\u017c jest niemo\u017cliwa, nie powiedzie si\u0119 dwukrotnie lub nie powiedzie si\u0119 w rozs\u0105dnym terminie), klient mo\u017ce, wed\u0142ug w\u0142asnego uznania, za\u017c\u0105da\u0107 obni\u017cenia wynagrodzenia lub odst\u0105pienia od umowy. Przyjmujemy odpowiedzialno\u015b\u0107 wy\u0142\u0105cznie w granicach okre\u015blonych w punkcie 9 lit. e) niniejszych Og\u00f3lnych Warunk\u00f3w Sprzeda\u017cy i Dostawy.  <\/p><p>d) Ponosimy odpowiedzialno\u015b\u0107 wy\u0142\u0105cznie za szkody wynikaj\u0105ce z umy\u015blnego lub ra\u017c\u0105co niedba\u0142ego naruszenia obowi\u0105zk\u00f3w przez nas lub jednego z naszych przedstawicieli prawnych lub zast\u0119pc\u00f3w. Z tego ograniczenia odpowiedzialno\u015bci wy\u0142\u0105czone s\u0105 szkody wynikaj\u0105ce z naruszenia obowi\u0105zku, kt\u00f3rego wype\u0142nienie ma szczeg\u00f3lne znaczenie dla osi\u0105gni\u0119cia celu umowy (obowi\u0105zek kardynalny), chyba \u017ce szkody s\u0105 nieprzewidywalne lub nietypowe dla umowy. Z tego ograniczenia odpowiedzialno\u015bci wy\u0142\u0105czone s\u0105 r\u00f3wnie\u017c szkody wynikaj\u0105ce z uszczerbku na \u017cyciu, ciele lub zdrowiu, kt\u00f3re wynikaj\u0105 z zaniedbania lub umy\u015blnego naruszenia obowi\u0105zk\u00f3w przez nas lub przez jednego z naszych przedstawicieli prawnych lub zast\u0119pc\u00f3w. Odpowiedzialno\u015b\u0107 nie jest ograniczona, je\u015bli na przyk\u0142ad odpowiedzialno\u015b\u0107 jest obowi\u0105zkowa za obra\u017cenia cia\u0142a lub szkody w prywatnie u\u017cytkowanym mieniu zgodnie z ustaw\u0105 o odpowiedzialno\u015bci za produkt.   <\/p><h2><br>10 Postanowienia dodatkowe<\/h2><p>Je\u017celi poszczeg\u00f3lne postanowienia powy\u017cszych warunk\u00f3w umownych s\u0105 lub stan\u0105 si\u0119 niewa\u017cne, nie wp\u0142ynie to na wa\u017cno\u015b\u0107 pozosta\u0142ych postanowie\u0144 i umowy jako ca\u0142o\u015bci. Strony umowy wprowadz\u0105 w\u00f3wczas w \u017cycie umow\u0119 ze skutecznym postanowieniem zast\u0119pczym, kt\u00f3re b\u0119dzie najbli\u017csze celowi gospodarczemu realizowanemu przez pomini\u0119te postanowienie. <\/p><p>a) Umowa i jej wykonanie podlegaj\u0105 wy\u0142\u0105cznie prawu niemieckiemu. Zastosowanie Jednolitych Przepis\u00f3w o Mi\u0119dzynarodowej Sprzeda\u017cy Towar\u00f3w jest wykluczone. <\/p><p>b) Miejscem realizacji i p\u0142atno\u015bci jest Selb\/Bawaria.<\/p><p>c) Wy\u0142\u0105cznym miejscem jurysdykcji dla wszystkich roszcze\u0144 wynikaj\u0105cych z umowy i jej wykonania &#8211; w tym roszcze\u0144, kt\u00f3re mog\u0105 by\u0107 dochodzone w post\u0119powaniu dotycz\u0105cym weksli, czek\u00f3w i dokument\u00f3w &#8211; jest Hof, z zastrze\u017ceniem, \u017ce mo\u017cemy r\u00f3wnie\u017c wybra\u0107 og\u00f3lne miejsce jurysdykcji Kupuj\u0105cego jako miejsce jurysdykcji i, wed\u0142ug naszego uznania, wnie\u015b\u0107 sp\u00f3r prawny do s\u0105du lokalnego jako s\u0105du w\u0142a\u015bciwego, niezale\u017cnie od kwoty sporu.<br><br><\/p><p>LINSEIS Messger\u00e4te GmbH<br>Vielitzer Str. 43<br>D-95100 Selb<br>Niemcy<\/p>\t\t\t\t\t\t\t\t<\/div>\n\t\t\t\t<\/div>\n\t\t\t\t<\/div>\n\t\t<div class=\"elementor-element elementor-element-13cd405 e-con-full e-flex e-con e-child\" data-id=\"13cd405\" data-element_type=\"container\" data-e-type=\"container\">\n\t\t\t\t<\/div>\n\t\t\t\t\t<\/div>\n\t\t\t\t<\/div>\n\t\t\t\t<\/div>\n\t\t","protected":false},"excerpt":{"rendered":"<p>AGB Wa\u017cny od 25\/05\/2018 1. informacje og\u00f3lne a) Wszystkie oferty, sprzeda\u017c i dostawy opieraj\u0105 si\u0119 na naszych Og\u00f3lnych Warunkach Umowy okre\u015blonych poni\u017cej. Gromadzimy, przetwarzamy i wykorzystujemy dane osobowe u\u017cytkownik\u00f3w w zakresie, w jakim jest to niezb\u0119dne do \u015bwiadczenia naszych us\u0142ug i\/lub funkcjonowania niniejszej strony internetowej.Nasz\u0105 aktualn\u0105 polityk\u0119 prywatno\u015bci mo\u017cna znale\u017a\u0107 tutaj: https:\/\/www.linseis.com\/de\/unternehmen\/datenschutz\/. b) Niniejszym odrzuca [&hellip;]<\/p>\n","protected":false},"author":3,"featured_media":0,"parent":102105,"menu_order":0,"comment_status":"closed","ping_status":"closed","template":"","meta":{"_acf_changed":false,"inline_featured_image":false,"footnotes":""},"class_list":["post-102109","page","type-page","status-publish","hentry"],"acf":[],"_links":{"self":[{"href":"https:\/\/www.linseis.com\/pl\/wp-json\/wp\/v2\/pages\/102109","targetHints":{"allow":["GET"]}}],"collection":[{"href":"https:\/\/www.linseis.com\/pl\/wp-json\/wp\/v2\/pages"}],"about":[{"href":"https:\/\/www.linseis.com\/pl\/wp-json\/wp\/v2\/types\/page"}],"author":[{"embeddable":true,"href":"https:\/\/www.linseis.com\/pl\/wp-json\/wp\/v2\/users\/3"}],"replies":[{"embeddable":true,"href":"https:\/\/www.linseis.com\/pl\/wp-json\/wp\/v2\/comments?post=102109"}],"version-history":[{"count":0,"href":"https:\/\/www.linseis.com\/pl\/wp-json\/wp\/v2\/pages\/102109\/revisions"}],"up":[{"embeddable":true,"href":"https:\/\/www.linseis.com\/pl\/wp-json\/wp\/v2\/pages\/102105"}],"wp:attachment":[{"href":"https:\/\/www.linseis.com\/pl\/wp-json\/wp\/v2\/media?parent=102109"}],"curies":[{"name":"wp","href":"https:\/\/api.w.org\/{rel}","templated":true}]}}