{"id":102031,"date":"2024-07-25T13:23:11","date_gmt":"2024-07-25T11:23:11","guid":{"rendered":"https:\/\/www.linseis.com\/newsletter\/"},"modified":"2025-10-07T13:21:27","modified_gmt":"2025-10-07T11:21:27","slug":"newsletter","status":"publish","type":"page","link":"https:\/\/www.linseis.com\/pl\/newsletter\/","title":{"rendered":"Newsletter"},"content":{"rendered":"\t\t<div data-elementor-type=\"wp-post\" data-elementor-id=\"102031\" class=\"elementor elementor-102031 elementor-21049\" data-elementor-post-type=\"page\">\n\t\t\t\t<div class=\"elementor-element elementor-element-a3549cf e-flex e-con-boxed e-con e-parent\" data-id=\"a3549cf\" data-element_type=\"container\" data-e-type=\"container\" data-settings=\"{&quot;background_background&quot;:&quot;classic&quot;}\">\n\t\t\t\t\t<div class=\"e-con-inner\">\n\t\t\t\t<div class=\"elementor-element elementor-element-ac41c94 elementor-widget elementor-widget-image\" data-id=\"ac41c94\" data-element_type=\"widget\" data-e-type=\"widget\" data-widget_type=\"image.default\">\n\t\t\t\t<div class=\"elementor-widget-container\">\n\t\t\t\t\t\t\t\t\t\t\t\t\t\t\t<img decoding=\"async\" src=\"https:\/\/www.linseis.com\/wp-content\/uploads\/\/linseis_scale-top-1.svg\" title=\"\" alt=\"\" loading=\"lazy\" \/>\t\t\t\t\t\t\t\t\t\t\t\t\t\t\t<\/div>\n\t\t\t\t<\/div>\n\t\t\t\t<div class=\"elementor-element elementor-element-119fd0b elementor-invisible elementor-widget elementor-widget-image\" data-id=\"119fd0b\" data-element_type=\"widget\" data-e-type=\"widget\" data-settings=\"{&quot;_animation&quot;:&quot;fadeInUp&quot;}\" data-widget_type=\"image.default\">\n\t\t\t\t<div class=\"elementor-widget-container\">\n\t\t\t\t\t\t\t\t\t\t\t\t\t\t\t<img fetchpriority=\"high\" decoding=\"async\" width=\"800\" height=\"800\" src=\"https:\/\/www.linseis.com\/wp-content\/uploads\/2024\/06\/linseis-pushing-boundaries-1.svg\" class=\"attachment-large size-large wp-image-29194\" alt=\"\" \/>\t\t\t\t\t\t\t\t\t\t\t\t\t\t\t<\/div>\n\t\t\t\t<\/div>\n\t\t\t\t<div class=\"elementor-element elementor-element-b4a6800 elementor-widget elementor-widget-image\" data-id=\"b4a6800\" data-element_type=\"widget\" data-e-type=\"widget\" data-widget_type=\"image.default\">\n\t\t\t\t<div class=\"elementor-widget-container\">\n\t\t\t\t\t\t\t\t\t\t\t\t\t\t\t<img decoding=\"async\" src=\"https:\/\/www.linseis.com\/wp-content\/uploads\/\/linseis_scale-bottom-1.svg\" title=\"\" alt=\"\" loading=\"lazy\" \/>\t\t\t\t\t\t\t\t\t\t\t\t\t\t\t<\/div>\n\t\t\t\t<\/div>\n\t\t\t\t\t<\/div>\n\t\t\t\t<\/div>\n\t\t<div class=\"elementor-element elementor-element-7c8d6cc e-flex e-con-boxed e-con e-parent\" data-id=\"7c8d6cc\" data-element_type=\"container\" data-e-type=\"container\" data-settings=\"{&quot;background_background&quot;:&quot;classic&quot;}\">\n\t\t\t\t\t<div class=\"e-con-inner\">\n\t\t\t\t\t<\/div>\n\t\t\t\t<\/div>\n\t\t<div class=\"elementor-element elementor-element-d7b7522 e-flex e-con-boxed e-con e-parent\" data-id=\"d7b7522\" data-element_type=\"container\" data-e-type=\"container\" data-settings=\"{&quot;background_background&quot;:&quot;classic&quot;}\">\n\t\t\t\t\t<div class=\"e-con-inner\">\n\t\t<div class=\"elementor-element elementor-element-449b6fd e-con-full e-flex e-con e-child\" data-id=\"449b6fd\" data-element_type=\"container\" data-e-type=\"container\">\n\t\t\t\t<div class=\"elementor-element elementor-element-031217d elementor-invisible elementor-widget elementor-widget-wp-widget-bcn_widget\" data-id=\"031217d\" data-element_type=\"widget\" data-e-type=\"widget\" data-settings=\"{&quot;_animation&quot;:&quot;fadeInUp&quot;}\" data-widget_type=\"wp-widget-bcn_widget.default\">\n\t\t\t\t<div class=\"elementor-widget-container\">\n\t\t\t\t\t<div class=\"breadcrumbs\" vocab=\"https:\/\/schema.org\/\" typeof=\"BreadcrumbList\"><span property=\"itemListElement\" typeof=\"ListItem\"><a property=\"item\" typeof=\"WebPage\" title=\"Przejd\u017a do Linseis.\" href=\"https:\/\/www.linseis.com\/pl\/\" class=\"home\" aria-current=\"page\"><span property=\"name\">Linseis<\/span><\/a><meta property=\"position\" content=\"1\"><\/span><\/div>\t\t\t\t<\/div>\n\t\t\t\t<\/div>\n\t\t\t\t<div class=\"elementor-element elementor-element-cc1182c elementor-invisible elementor-widget elementor-widget-heading\" data-id=\"cc1182c\" data-element_type=\"widget\" data-e-type=\"widget\" data-settings=\"{&quot;_animation&quot;:&quot;fadeInUp&quot;,&quot;_animation_delay&quot;:250}\" data-widget_type=\"heading.default\">\n\t\t\t\t<div class=\"elementor-widget-container\">\n\t\t\t\t\t<h1 class=\"elementor-heading-title elementor-size-default\"><b>Biuletyn informacyjny - \"Measurement Matters Monthly\"<\/b><\/h1>\t\t\t\t<\/div>\n\t\t\t\t<\/div>\n\t\t\t\t<\/div>\n\t\t<div class=\"elementor-element elementor-element-13cd405 e-con-full e-flex e-con e-child\" data-id=\"13cd405\" data-element_type=\"container\" data-e-type=\"container\">\n\t\t\t\t<\/div>\n\t\t\t\t\t<\/div>\n\t\t\t\t<\/div>\n\t\t<div class=\"elementor-element elementor-element-865791d e-flex e-con-boxed elementor-invisible e-con e-parent\" data-id=\"865791d\" data-element_type=\"container\" data-e-type=\"container\" data-settings=\"{&quot;animation&quot;:&quot;fadeInUp&quot;}\">\n\t\t\t\t\t<div class=\"e-con-inner\">\n\t\t\t\t<div class=\"elementor-element elementor-element-5cfc116 elementor-widget elementor-widget-text-editor\" data-id=\"5cfc116\" data-element_type=\"widget\" data-e-type=\"widget\" data-widget_type=\"text-editor.default\">\n\t\t\t\t<div class=\"elementor-widget-container\">\n\t\t\t\t\t\t\t\t\t<p>Co <strong>nowego w naszych laboratoriach?<\/strong> Dowiedz si\u0119 jako pierwszy o naszych nowych produktach i trzymaj r\u0119k\u0119 na pulsie. Nasze innowacyjne rozwi\u0105zania zosta\u0142y zaprojektowane tak, aby zapewni\u0107 Ci przewag\u0119 w Twojej bran\u017cy. <\/p><p><strong>Poszerzaj swoj\u0105<\/strong> wiedz\u0119 Wzbogacaj swoj\u0105 wiedz\u0119 dzi\u0119ki naszym osobistym webinarom (bez powt\u00f3rek wideo!). Nasi mened\u017cerowie produkt\u00f3w i eksperci laboratoryjni z Europy i USA dziel\u0105 si\u0119 swoj\u0105 wiedz\u0105 i odpowiadaj\u0105 na pytania. B\u0105d\u017a na bie\u017c\u0105co z najnowszymi osi\u0105gni\u0119ciami technologicznymi dzi\u0119ki naszym regularnym wydarzeniom.  <\/p><p>Dzi\u0119ki naszym szczeg\u00f3\u0142owym przyk\u0142adom <strong>zastosowa\u0144<\/strong> ilustrujemy, w jaki spos\u00f3b nasze urz\u0105dzenia mog\u0105 by\u0107 wykorzystywane w r\u00f3\u017cnych bran\u017cach. Skorzystaj z do\u015bwiadcze\u0144 innych i odkryj nowe mo\u017cliwo\u015bci zastosowa\u0144 dla swoich wyzwa\u0144. <\/p><p><strong>Spotkaj si\u0119 z nami osobi\u015bcie<\/strong> Odwied\u017a nas na targach i wydarzeniach na ca\u0142ym \u015bwiecie. Zobacz nasze produkty na \u017cywo i porozmawiaj z naszymi ekspertami osobi\u015bcie. Z niecierpliwo\u015bci\u0105 czekamy na spotkanie i odpowiedzi na indywidualne pytania.  <\/p><p><strong><br>B\u0105d\u017a cz\u0119\u015bci\u0105 naszej spo\u0142eczno\u015bci<\/strong><\/p><p>B\u0105d\u017a na bie\u017c\u0105co i nigdy wi\u0119cej nie przegap \u017cadnych nowo\u015bci! Zapisz si\u0119 teraz do naszego newslettera Linseis i b\u0105d\u017a na bie\u017c\u0105co z zaproszeniami na nasze webinaria, informacjami o nowych produktach i ekskluzywnymi spostrze\u017ceniami na temat aplikacji i nadchodz\u0105cych wydarze\u0144. <\/p>\t\t\t\t\t\t\t\t<\/div>\n\t\t\t\t<\/div>\n\t\t\t\t\t<\/div>\n\t\t\t\t<\/div>\n\t\t<div class=\"elementor-element elementor-element-4c0c530 e-flex e-con-boxed e-con e-parent\" data-id=\"4c0c530\" data-element_type=\"container\" data-e-type=\"container\" data-settings=\"{&quot;background_background&quot;:&quot;classic&quot;}\">\n\t\t\t\t\t<div class=\"e-con-inner\">\n\t\t<div class=\"elementor-element elementor-element-6c826a8 e-con-full e-flex e-con e-child\" data-id=\"6c826a8\" data-element_type=\"container\" data-e-type=\"container\">\n\t\t\t\t<div class=\"elementor-element elementor-element-ca66894 elementor-widget elementor-widget-text-editor\" data-id=\"ca66894\" data-element_type=\"widget\" data-e-type=\"widget\" data-widget_type=\"text-editor.default\">\n\t\t\t\t<div class=\"elementor-widget-container\">\n\t\t\t\t\t\t\t\t\t<p><script>\nfunction loadjQuery(e,t){var n=document.createElement(\"script\");n.setAttribute(\"src\",e);n.onload=t;n.onreadystatechange=function(){if(this.readyState==\"complete\"||this.readyState==\"loaded\")t()};document.getElementsByTagName(\"head\")[0].appendChild(n)}function main(){\nvar $cr=jQuery.noConflict();var old_src;$cr(document).ready(function(){$cr(\".cr_form\").submit(function(){$cr(this).find('.clever_form_error').removeClass('clever_form_error');$cr(this).find('.clever_form_note').remove();$cr(this).find(\".musthave\").find('input, textarea').each(function(){if(jQuery.trim($cr(this).val())==\"\"||($cr(this).is(':checkbox'))||($cr(this).is(':radio'))){if($cr(this).is(':checkbox')||($cr(this).is(':radio'))){if(!$cr(this).parents(\".cr_ipe_item\").find(\":checked\").is(\":checked\")){$cr(this).parents(\".cr_ipe_item\").addClass('clever_form_error')}}else{$cr(this).addClass('clever_form_error')}>;if($cr(this).attr(\"action\").search(document.domain)>0&&$cr(\".cr_form\").attr(\"action\").search(\"wcs\")>0){var cr_email=$cr(this).find('input[name=email]');var unsub=false;if($cr(\"input['name=cr_subunsubscribe'][value='false']\").length){if($cr(\"input['name=cr_subunsubscribe'][value='false']\").is(\":checked\")){unsub=true}}if(cr_email.val()&&!unsub){$cr.ajax({type:\"GET\",url:$cr(\".cr_form\").attr(\"action\").replace(\"wcs\",\"check_email\")+window.btoa($cr(this).find('input[name=email]').val()),success:function(data){if(data){cr_email.addClass('clever_form_error').before(\"<\/p>\n<div class='clever_form_note cr_font'>\"+data+\"<\/div>\n<p>\");return false}},async:false})}var cr_captcha=$cr(this).find('input[name=captcha]');if(cr_captcha.val()){$cr.ajax({type:\"GET\",url:$cr(\".cr_form\").attr(\"action\").replace(\"wcs\",\"check_captcha\")+$cr(this).find('input[name=captcha]').val(),success:function(data){if(data){cr_captcha.addClass('clever_form_error').after(\"<\/p>\n<div style='display:block' class='clever_form_note cr_font'>\"+data+\"<\/div>\n<p>\");return false}},async:false})}}if($cr(this).find('.clever_form_error').length){return false}return true});$cr('input[class*=\"cr_number\"]').change(function(){if(isNaN($cr(this).val())){$cr(this).val(1)}if($cr(this).attr(\"min\")){if(($cr(this).val()*1)<($cr(this).attr(\"min\")*1)){$cr(this).val($cr(this).attr(\"min\"))}}if($cr(this).attr(\"max\")){if(($cr(this).val()*1)>($cr(this).attr(\"max\")*1)){$cr(this).val($cr(this).attr(\"max\"))}>;old_src=$cr(\"div[rel='captcha'] img:not(.captcha2_reload)\").attr(\"src\");if($cr(\"div[rel='captcha'] img:not(.captcha2_reload)\").length!=0){captcha_reload()>;function captcha_reload(){var timestamp=new Date().getTime();$cr(\"div[rel='captcha'] img:not(.captcha2_reload)\").attr(\"src\",\"\");$cr(\"div[rel='captcha'] img:not(.captcha2_reload)\").attr(\"src\",old_src+\"?t=\"+timestamp);return false}\n\n}\nif(typeof jQuery===\"undefined\"){loadjQuery(\"\/\/ajax.googleapis.com\/ajax\/libs\/jquery\/1.4.4\/jquery.min.js\",main)}else{main()}\n\n<\/script><\/p><p><style>\n* {box-sizing: border-box;}<br \/>\n.cr-mail-responsive, .cr-mail-responsive * {box-sizing: unset;}<br \/>\n.cr_site{margin:0;padding:75px 0 0 0;text-align:center;background-color:#eeeeee;}<br \/>\n.cr_font{font-size: 14px;font-family: Arial;}<br \/>\n.cr_page{width: 100% !important;max-width:640px}<br \/>\n.cr_body{box-shadow: 0px 0px 14px 0px rgba(51,51,51,0.4);border-radius:8px;line-height:150%;font-family:Helvetica;font-size:12px;color:#333333;}<br \/>\n.cr_body h2, .cr_header h2{font-size:22px;line-height:28px;margin:0 0 10px 0;}<br \/>\n.cr_body h1, .cr_header h2{font-size:28px;margin-bottom:15px;padding:0;margin-top:0;}<br \/>\n.wrapper, .cr_page{margin:0 auto 10px auto;text-align:left;}<br \/>\n.cr_header{text-align:center;background: transparent !Important;}<br \/>\n.cr_header img {max-width: 100%;}<br \/>\n.cr_body label, .cr_body .label{float:none;clear:both;display:inline-block;width:auto;margin-top:8px;text-align:left;font-weight:bold;position:relative;}<br \/>\n.cr_body .no-label{font-weight: normal;}<br \/>\n.cr_body #editable_content{padding:20px;}<br \/>\n.editable-content {padding:20px}<br \/>\n.cr_button{display:inline-block;font-family:'Helvetica', Arial, sans-serif;width:auto;white-space:nowrap;height:32px;margin:5px 0;padding:0 22px;text-decoration:none;text-align:center;font-weight:bold;font-style:normal;font-size:15px;line-height:32px;cursor:pointer;border:0;-moz-border-radius:4px;border-radius:4px;-webkit-border-radius:4px;vertical-align:top;}<br \/>\n.cr_button{background-color:#333;color:#ffffff;}<br \/>\n.cr_button:hover,.cr_button-small:hover{opacity:0.7;filter:alpha(opacity=70);}<br \/>\n.powered{padding:20px 0;width:560px;margin:0 auto;}<br \/>\n.cr_ipe_item label{line-height:150%;font-size:14px;}<br \/>\n.cr_ipe_item textarea{background: none repeat scroll 0 0 #ffffff;border-radius:3px;border: 1px solid #ccc;font-family: Helvetica;font-size: 16px;}<br \/>\n.cr_ipe_item input{background: none repeat scroll 0 0 #ffffff;border-radius:3px;border: 1px solid #ccc;padding: 12px;font-family: Helvetica;font-size: 16px;}<br \/>\n.cr_ipe_item select{background: none repeat scroll 0 0 #ffffff;border-radius:3px;border: 1px solid #ccc;padding: 12px !Important;display: block;margin: 0;padding: 5px;width: 100%;font-family: Helvetica;font-size: 16px;}<br \/>\n.cr_ipe_item input.cr_ipe_radio, input.cr_ipe_checkbox{-moz-binding: none;-moz-box-sizing: border-box;background-color: -moz-field !important;border: 2px inset ThreeDFace !important;color: -moz-fieldtext !important;cursor: default;height: 13px;padding: 0 !important;width: 13px;}<br \/>\n.cr_ipe_item input.cr_ipe_radio{-moz-appearance: radio;border-radius: 100% 100% 100% 100% !important;margin: 3px 3px 0 5px;}<br \/>\n.cr_ipe_item{margin: 0px 10px; padding: 0px 10px;}<br \/>\n.submit_container{text-align:center}<br \/>\n.cr_ipe_item.inactive{display:none;}<br \/>\n.imprint{font-size:0.8em;}<br \/>\n.cr_captcha{padding-left:130px;}<br \/>\n.cr_error{font-size:1.1em;padding:10px;}<br \/>\n.clever_form_error{background-color:#f99; color:#000; border:1px solid #f22 !important}<br \/>\n.clever_form_note {margin:26px 0 0 3px;position:absolute;display:inline; padding: 2px 4px; font-weight:bold;background-color:#f2ecb5; color:#000; font-size:12px !important;  }<br \/>\n.cr_form-flex{display: flex;}<br \/>\n.cr_form-flex>.cr_form-inputgroup{flex-grow:1;margin-right: 5px;}<br \/>\n.cr_form-flex>.cr_form-inputgroup:last-child{margin-right: 0px;}<br \/>\n.cr_form-flex input{width:100%;}<\/p>\n<p>.cr_site {background-color:#eee;}<br \/>\n.cr_header {color:#000000;}<br \/>\n.cr_body {background-color:#ffffff;font-size:12px;color:#000000;}<br \/>\n.cr_hr {background-color:#ccc;}<br \/>\n.cr_site a {color:#0084ff;}<br \/>\n.imprint{color:#000;}<\/p>\n<\/style> <style id=\"style\">\n.cr_site {background-color:#ffffff;}<br \/>\n.cr_body {color:#000000;background-color:#256FB9;}<br \/>\n.cr_header {color:#256fb9;}<br \/>\n.cr_hr {background-color:#ffffff;color:#ffffff;}<br \/>\n.cr_site a {color:#ffffff;}<br \/>\n.imprint {color:#000000;}<br \/>\n.cr_page {width:auto;max-width:850px;}<br \/>\n.cr_font {color:#ffffff;font-size:12px;}<br \/>\n.cr_button {background-color:#ffffff;color:#256fb9;}<\/p>\n<\/style>  &#8211;&gt;<!-- wpml:html_fragment <\/p><\/p><form class=\"layout_form cr_form cr_font\" action=\"https:\/\/306550.eu1.cleverreach.com\/f\/306550-227800\/wcs\/\" method=\"post\" target=\"_blank\"><div class=\"cr_body cr_page cr_font formbox\"><div class=\"non_sortable\" style=\"text-align: left;\"> <\/div><div class=\"editable_content\" style=\"text-align: left;\"><div id=\"4851320\" class=\"cr_form-component cr_form-component--email cr_ipe_item ui-sortable musthave\" style=\"margin-bottom: px;\"><div class=\"cr_form-inputgroup cr_form-inputgroup--typeemail\"><label for=\"text4851320\">E-mail*<\/label><br><input id=\"text4851320\" class=\"cr_form-input\" style=\"width: 100%;\" name=\"email\" type=\"email\" value=\"\" placeholder=\"name@example.com\"><\/div><\/div><div id=\"4935441\" class=\"cr_form-component cr_form-component--text cr_ipe_item ui-sortable musthave\" style=\"margin-bottom: 0px;\"><div class=\"cr_form-inputgroup cr_form-inputgroup--typetext\"><label class=\"itemname\" for=\"cr_form-input--text4935441\"><br>Nazwa*<\/label><br><input id=\"cr_form-input--text4935441\" class=\"cr_form-input\" style=\"width: 100%;\" name=\"1186247\" type=\"text\" placeholder=\"Max Mustermann\"><\/div><\/div><div id=\"4851324\" class=\"cr_form-component cr_form-component--group cr_form-component--checkbox cr_ipe_item ui-sortable musthave\" style=\"margin-bottom: 0px;\"><span class=\"label cr_form-component--header\"><br><br>*Ochrona danych<\/span><div class=\"cr_form-component--group\"><p><span class=\"cr_form-inputgroup cr_form-inputgroup--typecheckbox\"><input id=\"14851324\" class=\"cr_form-checkbox cr_ipe_checkbox\" name=\"1186338[]\" type=\"checkbox\" value=\"1\"> <span style=\"text-align: justify;\">Zapozna\u0142em si\u0119 z polityk\u0105 prywatno\u015bci i akceptuj\u0119 jej warunki. Potwierdzam moje regularne uczestnictwo i chc\u0119 otrzymywa\u0107 biuletyn dotycz\u0105cy pracy. Wyra\u017cam zgod\u0119 na przesy\u0142anie mi przez Linseis informacji o szkoleniach, programach studi\u00f3w dualnych i ofertach pracy na podany adres e-mail. Mog\u0119 zrezygnowa\u0107 z subskrypcji newslettera w dowolnym momencie za pomoc\u0105 przycisku rezygnacji z subskrypcji   <br><\/span><br><\/span><\/p><\/div><\/div><div id=\"4851322\" class=\"cr_form-component cr_form-component--submit cr_ipe_item ui-sortable submit_container\" style=\"text-align: center;\"><button class=\"cr_form-block cr_button\" type=\"submit\">Zaloguj si\u0119<\/button><\/div><\/div><\/div><\/form>\t\t\t\t\t\t\t\t<\/div>\n\t\t\t\t<\/div>\n\t\t\t\t<\/div>\n\t\t\t\t\t<\/div>\n\t\t\t\t<\/div>\n\t\t\t\t<\/div>\n\t\t","protected":false},"excerpt":{"rendered":"<p>Biuletyn informacyjny &#8211; &#8222;Measurement Matters Monthly&#8221; Co nowego w naszych laboratoriach? Dowiedz si\u0119 jako pierwszy o naszych nowych produktach i trzymaj r\u0119k\u0119 na pulsie. Nasze innowacyjne rozwi\u0105zania zosta\u0142y zaprojektowane tak, aby zapewni\u0107 Ci przewag\u0119 w Twojej bran\u017cy. Poszerzaj swoj\u0105 wiedz\u0119 Wzbogacaj swoj\u0105 wiedz\u0119 dzi\u0119ki naszym osobistym webinarom (bez powt\u00f3rek wideo!). Nasi mened\u017cerowie produkt\u00f3w i eksperci [&hellip;]<\/p>\n","protected":false},"author":3,"featured_media":0,"parent":0,"menu_order":0,"comment_status":"closed","ping_status":"closed","template":"","meta":{"_acf_changed":false,"inline_featured_image":false,"footnotes":""},"class_list":["post-102031","page","type-page","status-publish","hentry"],"acf":[],"_links":{"self":[{"href":"https:\/\/www.linseis.com\/pl\/wp-json\/wp\/v2\/pages\/102031","targetHints":{"allow":["GET"]}}],"collection":[{"href":"https:\/\/www.linseis.com\/pl\/wp-json\/wp\/v2\/pages"}],"about":[{"href":"https:\/\/www.linseis.com\/pl\/wp-json\/wp\/v2\/types\/page"}],"author":[{"embeddable":true,"href":"https:\/\/www.linseis.com\/pl\/wp-json\/wp\/v2\/users\/3"}],"replies":[{"embeddable":true,"href":"https:\/\/www.linseis.com\/pl\/wp-json\/wp\/v2\/comments?post=102031"}],"version-history":[{"count":0,"href":"https:\/\/www.linseis.com\/pl\/wp-json\/wp\/v2\/pages\/102031\/revisions"}],"wp:attachment":[{"href":"https:\/\/www.linseis.com\/pl\/wp-json\/wp\/v2\/media?parent=102031"}],"curies":[{"name":"wp","href":"https:\/\/api.w.org\/{rel}","templated":true}]}}