{"id":102021,"date":"2024-07-26T11:37:07","date_gmt":"2024-07-26T09:37:07","guid":{"rendered":"https:\/\/www.linseis.com\/metody-analizy-termicznej\/analiza-termomechaniczna\/"},"modified":"2026-01-16T10:17:34","modified_gmt":"2026-01-16T09:17:34","slug":"analiza-termomechaniczna","status":"publish","type":"page","link":"https:\/\/www.linseis.com\/pl\/metody-analizy-termicznej\/analiza-termomechaniczna\/","title":{"rendered":"Analiza termomechaniczna"},"content":{"rendered":"\t\t<div data-elementor-type=\"wp-post\" data-elementor-id=\"102021\" class=\"elementor elementor-102021 elementor-22620\" data-elementor-post-type=\"page\">\n\t\t\t\t<div class=\"elementor-element elementor-element-a3549cf e-flex e-con-boxed e-con e-parent\" data-id=\"a3549cf\" data-element_type=\"container\" data-e-type=\"container\" data-settings=\"{&quot;background_background&quot;:&quot;classic&quot;}\">\n\t\t\t\t\t<div class=\"e-con-inner\">\n\t\t\t\t<div class=\"elementor-element elementor-element-ac41c94 elementor-widget elementor-widget-image\" data-id=\"ac41c94\" data-element_type=\"widget\" data-e-type=\"widget\" data-widget_type=\"image.default\">\n\t\t\t\t<div class=\"elementor-widget-container\">\n\t\t\t\t\t\t\t\t\t\t\t\t\t\t\t<img decoding=\"async\" src=\"https:\/\/www.linseis.com\/wp-content\/uploads\/\/linseis_scale-top-1.svg\" title=\"\" alt=\"\" loading=\"lazy\" \/>\t\t\t\t\t\t\t\t\t\t\t\t\t\t\t<\/div>\n\t\t\t\t<\/div>\n\t\t<div class=\"elementor-element elementor-element-a7b7feb e-con-full e-flex e-con e-child\" data-id=\"a7b7feb\" data-element_type=\"container\" data-e-type=\"container\">\n\t\t<div class=\"elementor-element elementor-element-6100945 e-con-full e-flex e-con e-child\" data-id=\"6100945\" data-element_type=\"container\" data-e-type=\"container\">\n\t\t\t\t<div class=\"elementor-element elementor-element-cc1182c elementor-invisible elementor-widget elementor-widget-heading\" data-id=\"cc1182c\" data-element_type=\"widget\" data-e-type=\"widget\" data-settings=\"{&quot;_animation&quot;:&quot;fadeInUp&quot;,&quot;_animation_delay&quot;:250}\" data-widget_type=\"heading.default\">\n\t\t\t\t<div class=\"elementor-widget-container\">\n\t\t\t\t\t<h1 class=\"elementor-heading-title elementor-size-default\"><b>\n\nAnaliza termomechaniczna\n\n<\/b><\/h1>\t\t\t\t<\/div>\n\t\t\t\t<\/div>\n\t\t\t\t<\/div>\n\t\t<div class=\"elementor-element elementor-element-6d91a43 e-con-full e-flex e-con e-child\" data-id=\"6d91a43\" data-element_type=\"container\" data-e-type=\"container\">\n\t\t\t\t<div class=\"elementor-element elementor-element-9413374 elementor-widget elementor-widget-n-carousel\" data-id=\"9413374\" data-element_type=\"widget\" data-e-type=\"widget\" data-settings=\"{&quot;carousel_items&quot;:[{&quot;slide_title&quot;:&quot;Produkt 1&quot;,&quot;_id&quot;:&quot;d6fbcdb&quot;}],&quot;slides_to_show&quot;:&quot;1&quot;,&quot;slides_to_scroll&quot;:&quot;2&quot;,&quot;autoplay_speed&quot;:2000,&quot;slides_to_show_tablet&quot;:&quot;1&quot;,&quot;slides_to_show_mobile&quot;:&quot;1&quot;,&quot;autoplay&quot;:&quot;yes&quot;,&quot;pause_on_hover&quot;:&quot;yes&quot;,&quot;pause_on_interaction&quot;:&quot;yes&quot;,&quot;infinite&quot;:&quot;yes&quot;,&quot;speed&quot;:500,&quot;offset_sides&quot;:&quot;none&quot;,&quot;image_spacing_custom&quot;:{&quot;unit&quot;:&quot;px&quot;,&quot;size&quot;:10,&quot;sizes&quot;:[]},&quot;image_spacing_custom_tablet&quot;:{&quot;unit&quot;:&quot;px&quot;,&quot;size&quot;:&quot;&quot;,&quot;sizes&quot;:[]},&quot;image_spacing_custom_mobile&quot;:{&quot;unit&quot;:&quot;px&quot;,&quot;size&quot;:&quot;&quot;,&quot;sizes&quot;:[]}}\" data-widget_type=\"nested-carousel.default\">\n\t\t\t\t<div class=\"elementor-widget-container\">\n\t\t\t\t\t\t\t<div class=\"e-n-carousel swiper\" role=\"region\" aria-roledescription=\"carousel\" aria-label=\"Karussell\" dir=\"ltr\">\n\t\t\t<div class=\"swiper-wrapper\" aria-live=\"off\">\n\t\t\t\t\t\t\t\t\t\t<div class=\"swiper-slide\" data-slide=\"1\" role=\"group\" aria-roledescription=\"slide\" aria-label=\"1 of 1\">\n\t\t\t\t\t\t\t<div class=\"elementor-element elementor-element-44441f5 e-flex e-con-boxed e-con e-child\" data-id=\"44441f5\" data-element_type=\"container\" data-e-type=\"container\">\n\t\t\t\t\t<div class=\"e-con-inner\">\n\t\t\t\t<div class=\"elementor-element elementor-element-4103051 elementor-widget__width-initial elementor-invisible elementor-widget elementor-widget-image\" data-id=\"4103051\" data-element_type=\"widget\" data-e-type=\"widget\" data-settings=\"{&quot;_animation&quot;:&quot;fadeInUp&quot;}\" data-widget_type=\"image.default\">\n\t\t\t\t<div class=\"elementor-widget-container\">\n\t\t\t\t\t\t\t\t\t\t\t\t\t\t\t<img fetchpriority=\"high\" decoding=\"async\" width=\"800\" height=\"800\" src=\"https:\/\/www.linseis.com\/wp-content\/uploads\/2024\/07\/Linseis-Icons_Linien-weiss_Zeichenflaeche-1-Kopie-86-1024x1024.png\" class=\"attachment-large size-large wp-image-36268\" alt=\"\" srcset=\"https:\/\/www.linseis.com\/wp-content\/uploads\/2024\/07\/Linseis-Icons_Linien-weiss_Zeichenflaeche-1-Kopie-86-1024x1024.png 1024w, https:\/\/www.linseis.com\/wp-content\/uploads\/2024\/07\/Linseis-Icons_Linien-weiss_Zeichenflaeche-1-Kopie-86-300x300.png 300w, https:\/\/www.linseis.com\/wp-content\/uploads\/2024\/07\/Linseis-Icons_Linien-weiss_Zeichenflaeche-1-Kopie-86-150x150.png 150w, https:\/\/www.linseis.com\/wp-content\/uploads\/2024\/07\/Linseis-Icons_Linien-weiss_Zeichenflaeche-1-Kopie-86-768x768.png 768w, https:\/\/www.linseis.com\/wp-content\/uploads\/2024\/07\/Linseis-Icons_Linien-weiss_Zeichenflaeche-1-Kopie-86-1536x1536.png 1536w, https:\/\/www.linseis.com\/wp-content\/uploads\/2024\/07\/Linseis-Icons_Linien-weiss_Zeichenflaeche-1-Kopie-86-2048x2048.png 2048w\" sizes=\"(max-width: 800px) 100vw, 800px\" \/>\t\t\t\t\t\t\t\t\t\t\t\t\t\t\t<\/div>\n\t\t\t\t<\/div>\n\t\t\t\t\t<\/div>\n\t\t\t\t<\/div>\n\t\t\t\t\t\t\t\t<\/div>\n\t\t\t\t\t\t\t\t<\/div>\n\t\t<\/div>\n\t\t\t\t\t\t<\/div>\n\t\t\t\t<\/div>\n\t\t\t\t<\/div>\n\t\t\t\t<\/div>\n\t\t\t\t<div class=\"elementor-element elementor-element-b4a6800 elementor-widget elementor-widget-image\" data-id=\"b4a6800\" data-element_type=\"widget\" data-e-type=\"widget\" data-widget_type=\"image.default\">\n\t\t\t\t<div class=\"elementor-widget-container\">\n\t\t\t\t\t\t\t\t\t\t\t\t\t\t\t<img decoding=\"async\" src=\"https:\/\/www.linseis.com\/wp-content\/uploads\/\/linseis_scale-bottom-1.svg\" title=\"\" alt=\"\" loading=\"lazy\" \/>\t\t\t\t\t\t\t\t\t\t\t\t\t\t\t<\/div>\n\t\t\t\t<\/div>\n\t\t\t\t\t<\/div>\n\t\t\t\t<\/div>\n\t\t<div class=\"elementor-element elementor-element-7c8d6cc e-flex e-con-boxed e-con e-parent\" data-id=\"7c8d6cc\" data-element_type=\"container\" data-e-type=\"container\" data-settings=\"{&quot;background_background&quot;:&quot;classic&quot;}\">\n\t\t\t\t\t<div class=\"e-con-inner\">\n\t\t\t\t\t<\/div>\n\t\t\t\t<\/div>\n\t\t<div class=\"elementor-element elementor-element-d7b7522 e-flex e-con-boxed e-con e-parent\" data-id=\"d7b7522\" data-element_type=\"container\" data-e-type=\"container\" data-settings=\"{&quot;background_background&quot;:&quot;classic&quot;}\">\n\t\t\t\t\t<div class=\"e-con-inner\">\n\t\t<div class=\"elementor-element elementor-element-449b6fd e-con-full e-flex e-con e-child\" data-id=\"449b6fd\" data-element_type=\"container\" data-e-type=\"container\">\n\t\t\t\t<div class=\"elementor-element elementor-element-031217d elementor-invisible elementor-widget elementor-widget-wp-widget-bcn_widget\" data-id=\"031217d\" data-element_type=\"widget\" data-e-type=\"widget\" data-settings=\"{&quot;_animation&quot;:&quot;fadeInUp&quot;}\" data-widget_type=\"wp-widget-bcn_widget.default\">\n\t\t\t\t<div class=\"elementor-widget-container\">\n\t\t\t\t\t<div class=\"breadcrumbs\" vocab=\"https:\/\/schema.org\/\" typeof=\"BreadcrumbList\"><span property=\"itemListElement\" typeof=\"ListItem\"><a property=\"item\" typeof=\"WebPage\" title=\"Przejd\u017a do Linseis.\" href=\"https:\/\/www.linseis.com\/pl\/\" class=\"home\" aria-current=\"page\"><span property=\"name\">Linseis<\/span><\/a><meta property=\"position\" content=\"1\"><\/span><\/div>\t\t\t\t<\/div>\n\t\t\t\t<\/div>\n\t\t\t\t<\/div>\n\t\t\t\t\t<\/div>\n\t\t\t\t<\/div>\n\t\t<div class=\"elementor-element elementor-element-ed98f58 e-flex e-con-boxed e-con e-parent\" data-id=\"ed98f58\" data-element_type=\"container\" data-e-type=\"container\" data-settings=\"{&quot;background_background&quot;:&quot;classic&quot;}\">\n\t\t\t\t\t<div class=\"e-con-inner\">\n\t\t<div class=\"elementor-element elementor-element-bbc47b3 e-con-full e-flex e-con e-child\" data-id=\"bbc47b3\" data-element_type=\"container\" data-e-type=\"container\">\n\t\t\t\t<div class=\"elementor-element elementor-element-8741304 elementor-invisible elementor-widget elementor-widget-text-editor\" data-id=\"8741304\" data-element_type=\"widget\" data-e-type=\"widget\" data-settings=\"{&quot;_animation&quot;:&quot;fadeInUp&quot;,&quot;_animation_delay&quot;:500}\" data-widget_type=\"text-editor.default\">\n\t\t\t\t<div class=\"elementor-widget-container\">\n\t\t\t\t\t\t\t\t\t<h2>Analiza termomechaniczna<\/h2>\t\t\t\t\t\t\t\t<\/div>\n\t\t\t\t<\/div>\n\t\t\t\t<div class=\"elementor-element elementor-element-ae33f3a elementor-widget elementor-widget-text-editor\" data-id=\"ae33f3a\" data-element_type=\"widget\" data-e-type=\"widget\" data-widget_type=\"text-editor.default\">\n\t\t\t\t<div class=\"elementor-widget-container\">\n\t\t\t\t\t\t\t\t\t<section class=\"container\"><div class=\"row\"><div class=\"spb_content_element col-sm-12 spb_text_column\"><div class=\"spb_wrapper clearfix\"><div class=\"spb_content_element col-sm-6 spb_text_column\"><div class=\"spb_wrapper clearfix\"><p>Analiza termomechaniczna to metoda analizy termicznej stosowana g\u0142\u00f3wnie do pomiaru wsp\u00f3\u0142czynnika rozszerzalno\u015bci cieplnej (CTE). <strong><a href=\"https:\/\/www.linseis.com\/pl\/?page_id=101947\" data-auto-event-observed=\"true\">Wsp\u00f3\u0142czynnik rozszerzalno\u015bci cieplnej (CTE)<\/a> <\/strong>i dlatego jest \u015bci\u015ble zwi\u0105zana z <strong>\n  <a href=\"https:\/\/www.linseis.com\/pl\/metody-analizy-termicznej\/dylatometria\/\" data-auto-event-observed=\"true\">dylatometri\u0105<\/a>\n<\/strong> jest \u015bci\u015ble zwi\u0105zana z dylatometri\u0105.<\/p><p>Dylatometria mierzy rozszerzalno\u015b\u0107 bez obci\u0105\u017cenia, a analiza termomechaniczna mierzy pod kontrolowanym obci\u0105\u017ceniem. Przemieszczenie popychacza w kontakcie z pr\u00f3bk\u0105 jest mierzone w funkcji temperatury. <\/p><\/div><\/div><\/div><\/div><\/div><\/section>\t\t\t\t\t\t\t\t<\/div>\n\t\t\t\t<\/div>\n\t\t\t\t<div class=\"elementor-element elementor-element-71a1ec4 elementor-widget elementor-widget-text-editor\" data-id=\"71a1ec4\" data-element_type=\"widget\" data-e-type=\"widget\" data-widget_type=\"text-editor.default\">\n\t\t\t\t<div class=\"elementor-widget-container\">\n\t\t\t\t\t\t\t\t\t<h2>Struktura termobalansu<\/h2>\t\t\t\t\t\t\t\t<\/div>\n\t\t\t\t<\/div>\n\t\t\t\t<div class=\"elementor-element elementor-element-32d9053 elementor-widget elementor-widget-text-editor\" data-id=\"32d9053\" data-element_type=\"widget\" data-e-type=\"widget\" data-widget_type=\"text-editor.default\">\n\t\t\t\t<div class=\"elementor-widget-container\">\n\t\t\t\t\t\t\t\t\t<section class=\"container\"><div class=\"row\"><div class=\"spb_content_element col-sm-12 spb_text_column\"><div class=\"spb_wrapper clearfix\"><div class=\"spb_content_element col-sm-6 spb_text_column\"><div class=\"spb_wrapper clearfix\"><p>W klasycznej termograwimetrii pr\u00f3bka jest zwykle umieszczana w tyglu z oboj\u0119tnego materia\u0142u (np. platyny, tlenku glinu, z\u0142ota&#8230;) i umieszczana na czujniku w piecu, kt\u00f3ry mo\u017ce stosowa\u0107 kontrolowane atmosfery i temperatury (schemat 1).<\/p><\/div><\/div><\/div><\/div><\/div><\/section>\t\t\t\t\t\t\t\t<\/div>\n\t\t\t\t<\/div>\n\t\t\t\t<div class=\"elementor-element elementor-element-fe4080d elementor-invisible elementor-widget elementor-widget-text-editor\" data-id=\"fe4080d\" data-element_type=\"widget\" data-e-type=\"widget\" data-settings=\"{&quot;_animation&quot;:&quot;fadeInUp&quot;,&quot;_animation_delay&quot;:500}\" data-widget_type=\"text-editor.default\">\n\t\t\t\t<div class=\"elementor-widget-container\">\n\t\t\t\t\t\t\t\t\t<section class=\"container\"><div class=\"row\"><div class=\"spb_content_element col-sm-12 spb_text_column\"><div class=\"spb_wrapper clearfix\"><p><img decoding=\"async\" class=\"wp-image-22622 size-full aligncenter\" src=\"https:\/\/www.linseis.com\/wp-content\/uploads\/2024\/07\/TMA-measurement-principle-2-768x658-1.png\" alt=\"\" width=\"768\" height=\"658\" srcset=\"https:\/\/www.linseis.com\/wp-content\/uploads\/2024\/07\/TMA-measurement-principle-2-768x658-1.png 768w, https:\/\/www.linseis.com\/wp-content\/uploads\/2024\/07\/TMA-measurement-principle-2-768x658-1-300x257.png 300w\" sizes=\"(max-width: 768px) 100vw, 768px\" \/><\/p><p style=\"text-align: center;\"><em>Konfiguracja analizatora termomechanicznego z pr\u00f3bk\u0105, t\u0142oczyskiem i czujnikiem przemieszczenia (LVDT)<\/em><\/p><\/div><\/div><\/div><\/section>\t\t\t\t\t\t\t\t<\/div>\n\t\t\t\t<\/div>\n\t\t\t\t<div class=\"elementor-element elementor-element-30f5ea1 elementor-widget elementor-widget-text-editor\" data-id=\"30f5ea1\" data-element_type=\"widget\" data-e-type=\"widget\" data-widget_type=\"text-editor.default\">\n\t\t\t\t<div class=\"elementor-widget-container\">\n\t\t\t\t\t\t\t\t\t<section class=\"container\"><div class=\"row\"><div class=\"spb_content_element col-sm-12 spb_text_column\"><div class=\"spb_wrapper clearfix\"><div class=\"spb_content_element col-sm-6 spb_text_column\"><div class=\"spb_wrapper clearfix\"><section class=\"container\"><div class=\"row\"><div class=\"spb_content_element col-sm-12 spb_text_column\"><div class=\"spb_wrapper clearfix\"><p>Wy\u017csze si\u0142y i\/lub trzpienie z ko\u0144c\u00f3wk\u0105 (trzpienie penetracyjne) mog\u0105 by\u0107 u\u017cywane do analizy zmi\u0119kczania pr\u00f3bek. Jest to przydatne do pomiaru <a href=\"https:\/\/www.linseis.com\/pl\/?p=101626\">\n  <strong>temperatury zeszklenia (Tg)<\/strong>\n<\/a> polimer\u00f3w. <\/p><p>Analiza termomechaniczna jest znacznie bardziej czu\u0142a ni\u017c cz\u0119sto stosowana <strong>\n  <a href=\"https:\/\/www.linseis.com\/pl\/metody-analizy-termicznej\/dynamiczna-kalorymetria-roznicowa\/\" data-auto-event-observed=\"true\">R\u00f3\u017cnicowa kalorymetria skaningowa (DSC)<\/a>\n<\/strong>. Czu\u0142o\u015b\u0107 mo\u017cna zwi\u0119kszy\u0107, stosuj\u0105c si\u0142y oscylacyjne (np. sinusoidalne, tr\u00f3jk\u0105tne, prostok\u0105tne), kt\u00f3re prowadz\u0105 do oscylacyjnego sygna\u0142u odpowiedzi. <\/p><\/div><\/div><\/div><\/section><\/div><\/div><\/div><\/div><\/div><\/section>\t\t\t\t\t\t\t\t<\/div>\n\t\t\t\t<\/div>\n\t\t\t\t<div class=\"elementor-element elementor-element-c866b71 elementor-invisible elementor-widget elementor-widget-text-editor\" data-id=\"c866b71\" data-element_type=\"widget\" data-e-type=\"widget\" data-settings=\"{&quot;_animation&quot;:&quot;fadeInUp&quot;,&quot;_animation_delay&quot;:500}\" data-widget_type=\"text-editor.default\">\n\t\t\t\t<div class=\"elementor-widget-container\">\n\t\t\t\t\t\t\t\t\t<p><img decoding=\"async\" class=\"wp-image-17724 size-large aligncenter\" src=\"https:\/\/www.linseis.com\/wp-content\/uploads\/2024\/07\/TMA-Evaluation-of-Elastromer-Sample-1024x606.png\" alt=\"\" width=\"1024\" height=\"606\" srcset=\"https:\/\/www.linseis.com\/wp-content\/uploads\/2024\/07\/TMA-Evaluation-of-Elastromer-Sample-1024x606.png 1024w, https:\/\/www.linseis.com\/wp-content\/uploads\/2024\/07\/TMA-Evaluation-of-Elastromer-Sample-300x178.png 300w, https:\/\/www.linseis.com\/wp-content\/uploads\/2024\/07\/TMA-Evaluation-of-Elastromer-Sample-768x455.png 768w, https:\/\/www.linseis.com\/wp-content\/uploads\/2024\/07\/TMA-Evaluation-of-Elastromer-Sample-1536x910.png 1536w, https:\/\/www.linseis.com\/wp-content\/uploads\/2024\/07\/TMA-Evaluation-of-Elastromer-Sample-2048x1213.png 2048w\" sizes=\"(max-width: 1024px) 100vw, 1024px\" \/><\/p><p style=\"text-align: center;\"><em>Wykrywanie zeszklenia elastomeru za pomoc\u0105 TMA z si\u0142\u0105 oscylacyjn\u0105; Tg znaleziono w 29\u00b0C, na co wskazuje silny wzrost sygna\u0142u odpowiedzi detektora.<\/em><\/p>\t\t\t\t\t\t\t\t<\/div>\n\t\t\t\t<\/div>\n\t\t\t\t<div class=\"elementor-element elementor-element-5b34401 elementor-widget elementor-widget-text-editor\" data-id=\"5b34401\" data-element_type=\"widget\" data-e-type=\"widget\" data-widget_type=\"text-editor.default\">\n\t\t\t\t<div class=\"elementor-widget-container\">\n\t\t\t\t\t\t\t\t\t<section class=\"container\"><div class=\"row\"><div class=\"spb_content_element col-sm-12 spb_text_column\"><div class=\"spb_wrapper clearfix\"><div class=\"spb_content_element col-sm-6 spb_text_column\"><div class=\"spb_wrapper clearfix\"><section class=\"container\"><div class=\"row\"><div class=\"spb_content_element col-sm-12 spb_text_column\"><div class=\"spb_wrapper clearfix\"><p>Inne typy t\u0142ok\u00f3w i uk\u0142ad\u00f3w pomiarowych umo\u017cliwiaj\u0105 oszacowanie modu\u0142u spr\u0119\u017cysto\u015bci lub pomiar wsp\u00f3\u0142czynnika CTE w\u0142\u00f3kien i folii. W tym drugim przypadku pr\u00f3bka jest mocowana w specjalnym uchwycie i poddawana niewielkiemu napr\u0119\u017ceniu. <\/p><\/div><\/div><\/div><\/section><\/div><\/div><\/div><\/div><\/div><\/section>\t\t\t\t\t\t\t\t<\/div>\n\t\t\t\t<\/div>\n\t\t\t\t<div class=\"elementor-element elementor-element-5e877db elementor-invisible elementor-widget elementor-widget-text-editor\" data-id=\"5e877db\" data-element_type=\"widget\" data-e-type=\"widget\" data-settings=\"{&quot;_animation&quot;:&quot;fadeInUp&quot;,&quot;_animation_delay&quot;:500}\" data-widget_type=\"text-editor.default\">\n\t\t\t\t<div class=\"elementor-widget-container\">\n\t\t\t\t\t\t\t\t\t<p><img loading=\"lazy\" decoding=\"async\" class=\"wp-image-17209 size-full aligncenter\" src=\"https:\/\/www.linseis.com\/wp-content\/uploads\/2024\/07\/TMA-modules-1024x368-1.png\" alt=\"\" width=\"1024\" height=\"368\" srcset=\"https:\/\/www.linseis.com\/wp-content\/uploads\/2024\/07\/TMA-modules-1024x368-1.png 1024w, https:\/\/www.linseis.com\/wp-content\/uploads\/2024\/07\/TMA-modules-1024x368-1-300x108.png 300w, https:\/\/www.linseis.com\/wp-content\/uploads\/2024\/07\/TMA-modules-1024x368-1-768x276.png 768w\" sizes=\"(max-width: 1024px) 100vw, 1024px\" \/><\/p><p style=\"text-align: center;\"><em>R\u00f3\u017cne systemy pomiarowe TMA<\/em><\/p>\t\t\t\t\t\t\t\t<\/div>\n\t\t\t\t<\/div>\n\t\t\t\t<\/div>\n\t\t\t\t\t<\/div>\n\t\t\t\t<\/div>\n\t\t<div class=\"elementor-element elementor-element-8801439 e-flex e-con-boxed elementor-invisible e-con e-parent\" data-id=\"8801439\" data-element_type=\"container\" data-e-type=\"container\" data-settings=\"{&quot;background_background&quot;:&quot;classic&quot;,&quot;animation&quot;:&quot;fadeInUp&quot;}\">\n\t\t\t\t\t<div class=\"e-con-inner\">\n\t\t<div class=\"elementor-element elementor-element-4fda86f e-con-full e-flex e-con e-child\" data-id=\"4fda86f\" data-element_type=\"container\" data-e-type=\"container\">\n\t\t<div class=\"elementor-element elementor-element-a0a9aac e-con-full e-flex e-con e-child\" data-id=\"a0a9aac\" data-element_type=\"container\" data-e-type=\"container\">\n\t\t\t\t<div class=\"elementor-element elementor-element-53ea4ef elementor-widget elementor-widget-text-editor\" data-id=\"53ea4ef\" data-element_type=\"widget\" data-e-type=\"widget\" data-widget_type=\"text-editor.default\">\n\t\t\t\t<div class=\"elementor-widget-container\">\n\t\t\t\t\t\t\t\t\t<h2>W\u0142a\u015bciwo\u015bci i reakcje analizy termomechanicznej<\/h2>\t\t\t\t\t\t\t\t<\/div>\n\t\t\t\t<\/div>\n\t\t\t\t<div class=\"elementor-element elementor-element-d38f832 elementor-widget elementor-widget-text-editor\" data-id=\"d38f832\" data-element_type=\"widget\" data-e-type=\"widget\" data-widget_type=\"text-editor.default\">\n\t\t\t\t<div class=\"elementor-widget-container\">\n\t\t\t\t\t\t\t\t\t<p>TMA jest u\u017cywany w <strong>\n  <a href=\"https:\/\/www.linseis.com\/applikationen\/polymere\/\" data-auto-event-observed=\"true\">nauce o polimerach<\/a>\n<\/strong> do pomiaru wsp\u00f3\u0142czynnika rozszerzalno\u015bci cieplnej (CTE) oraz napr\u0119\u017cenia\/odkszta\u0142cenia w\u0142\u00f3kien i folii. Podczas ogrzewania pr\u00f3bki polimeru mo\u017ce doj\u015b\u0107 do odparowania rozpuszczalnika, utwardzenia nieutwardzonych cz\u0119\u015bci i przegrupowania \u0142a\u0144cuch\u00f3w polimerowych i\/lub rekrystalizacji, kt\u00f3ra mo\u017ce zosta\u0107 wykryta jako skurcz (ujemne rozszerzenie). <\/p><p>Zachowanie mi\u0119knienia i temperatury zeszklenia (Tg) mo\u017cna r\u00f3wnie\u017c bada\u0107 g\u0142\u00f3wnie poprzez zastosowanie si\u0142y oscylacyjnej.<\/p>\t\t\t\t\t\t\t\t<\/div>\n\t\t\t\t<\/div>\n\t\t\t\t<\/div>\n\t\t\t\t<\/div>\n\t\t\t\t\t<\/div>\n\t\t\t\t<\/div>\n\t\t<div class=\"elementor-element elementor-element-d88aff4 e-flex e-con-boxed elementor-invisible e-con e-parent\" data-id=\"d88aff4\" data-element_type=\"container\" data-e-type=\"container\" data-settings=\"{&quot;background_background&quot;:&quot;classic&quot;,&quot;animation&quot;:&quot;fadeInUp&quot;}\">\n\t\t\t\t\t<div class=\"e-con-inner\">\n\t\t<div class=\"elementor-element elementor-element-1b0856d e-con-full e-flex e-con e-child\" data-id=\"1b0856d\" data-element_type=\"container\" data-e-type=\"container\">\n\t\t<div class=\"elementor-element elementor-element-db60d63 e-con-full e-flex e-con e-child\" data-id=\"db60d63\" data-element_type=\"container\" data-e-type=\"container\">\n\t\t\t\t<div class=\"elementor-element elementor-element-6515a14 elementor-widget elementor-widget-text-editor\" data-id=\"6515a14\" data-element_type=\"widget\" data-e-type=\"widget\" data-widget_type=\"text-editor.default\">\n\t\t\t\t<div class=\"elementor-widget-container\">\n\t\t\t\t\t\t\t\t\t<h2>Normy dotycz\u0105ce analizy termomechanicznej<\/h2>\t\t\t\t\t\t\t\t<\/div>\n\t\t\t\t<\/div>\n\t\t\t\t<div class=\"elementor-element elementor-element-7972158 elementor-widget elementor-widget-text-editor\" data-id=\"7972158\" data-element_type=\"widget\" data-e-type=\"widget\" data-widget_type=\"text-editor.default\">\n\t\t\t\t<div class=\"elementor-widget-container\">\n\t\t\t\t\t\t\t\t\t<ul><li><strong>ISO 11359: Tworzywa sztuczne &#8211; Analiza termomechaniczna (TMA)<\/strong><\/li><\/ul><p><br>Tworzywa sztuczne &#8211; Analiza termomechaniczna (TMA) &#8211; Cz\u0119\u015b\u0107 1: Zasady og\u00f3lne<\/p><p>Tworzywa sztuczne &#8211; Analiza termomechaniczna (TMA) &#8211; Cz\u0119\u015b\u0107 2: Wyznaczanie wsp\u00f3\u0142czynnika liniowej rozszerzalno\u015bci cieplnej i temperatury zeszklenia<\/p><ul><li><strong>ASTM E831 -19 Standardowa metoda badania liniowej rozszerzalno\u015bci cieplnej materia\u0142\u00f3w sta\u0142ych metod\u0105 analizy termomechanicznej<br><br><\/strong><\/li><li><strong>ASTM E2113 &#8211; 18 Standardowe metody testowe do kalibracji przed\u0142u\u017cenia analizator\u00f3w termomechanicznych<br><br><\/strong><\/li><li><strong>ASTM E1363 &#8211; 18 Standardowe metody testowania kalibracji temperaturowej analizator\u00f3w termomechanicznych<\/strong><\/li><\/ul>\t\t\t\t\t\t\t\t<\/div>\n\t\t\t\t<\/div>\n\t\t\t\t<\/div>\n\t\t\t\t<\/div>\n\t\t\t\t\t<\/div>\n\t\t\t\t<\/div>\n\t\t\t\t<\/div>\n\t\t","protected":false},"excerpt":{"rendered":"<p>Analiza termomechaniczna Analiza termomechaniczna Analiza termomechaniczna to metoda analizy termicznej stosowana g\u0142\u00f3wnie do pomiaru wsp\u00f3\u0142czynnika rozszerzalno\u015bci cieplnej (CTE). Wsp\u00f3\u0142czynnik rozszerzalno\u015bci cieplnej (CTE) i dlatego jest \u015bci\u015ble zwi\u0105zana z dylatometri\u0105 jest \u015bci\u015ble zwi\u0105zana z dylatometri\u0105. Dylatometria mierzy rozszerzalno\u015b\u0107 bez obci\u0105\u017cenia, a analiza termomechaniczna mierzy pod kontrolowanym obci\u0105\u017ceniem. Przemieszczenie popychacza w kontakcie z pr\u00f3bk\u0105 jest mierzone w [&hellip;]<\/p>\n","protected":false},"author":3,"featured_media":0,"parent":101974,"menu_order":0,"comment_status":"closed","ping_status":"closed","template":"","meta":{"_acf_changed":false,"inline_featured_image":false,"footnotes":""},"class_list":["post-102021","page","type-page","status-publish","hentry"],"acf":[],"_links":{"self":[{"href":"https:\/\/www.linseis.com\/pl\/wp-json\/wp\/v2\/pages\/102021","targetHints":{"allow":["GET"]}}],"collection":[{"href":"https:\/\/www.linseis.com\/pl\/wp-json\/wp\/v2\/pages"}],"about":[{"href":"https:\/\/www.linseis.com\/pl\/wp-json\/wp\/v2\/types\/page"}],"author":[{"embeddable":true,"href":"https:\/\/www.linseis.com\/pl\/wp-json\/wp\/v2\/users\/3"}],"replies":[{"embeddable":true,"href":"https:\/\/www.linseis.com\/pl\/wp-json\/wp\/v2\/comments?post=102021"}],"version-history":[{"count":0,"href":"https:\/\/www.linseis.com\/pl\/wp-json\/wp\/v2\/pages\/102021\/revisions"}],"up":[{"embeddable":true,"href":"https:\/\/www.linseis.com\/pl\/wp-json\/wp\/v2\/pages\/101974"}],"wp:attachment":[{"href":"https:\/\/www.linseis.com\/pl\/wp-json\/wp\/v2\/media?parent=102021"}],"curies":[{"name":"wp","href":"https:\/\/api.w.org\/{rel}","templated":true}]}}