{"id":102003,"date":"2024-07-26T10:15:24","date_gmt":"2024-07-26T08:15:24","guid":{"rendered":"https:\/\/www.linseis.com\/metody-analizy-termicznej\/dynamiczna-kalorymetria-roznicowa\/"},"modified":"2026-01-16T10:17:38","modified_gmt":"2026-01-16T09:17:38","slug":"dynamiczna-kalorymetria-roznicowa","status":"publish","type":"page","link":"https:\/\/www.linseis.com\/pl\/metody-analizy-termicznej\/dynamiczna-kalorymetria-roznicowa\/","title":{"rendered":"Dynamiczna kalorymetria r\u00f3\u017cnicowa"},"content":{"rendered":"\t\t<div data-elementor-type=\"wp-post\" data-elementor-id=\"102003\" class=\"elementor elementor-102003 elementor-22398\" data-elementor-post-type=\"page\">\n\t\t\t\t<div class=\"elementor-element elementor-element-a3549cf e-flex e-con-boxed e-con e-parent\" data-id=\"a3549cf\" data-element_type=\"container\" data-e-type=\"container\" data-settings=\"{&quot;background_background&quot;:&quot;classic&quot;}\">\n\t\t\t\t\t<div class=\"e-con-inner\">\n\t\t\t\t<div class=\"elementor-element elementor-element-ac41c94 elementor-widget elementor-widget-image\" data-id=\"ac41c94\" data-element_type=\"widget\" data-e-type=\"widget\" data-widget_type=\"image.default\">\n\t\t\t\t<div class=\"elementor-widget-container\">\n\t\t\t\t\t\t\t\t\t\t\t\t\t\t\t<img decoding=\"async\" src=\"https:\/\/www.linseis.com\/wp-content\/uploads\/\/linseis_scale-top-1.svg\" title=\"\" alt=\"\" loading=\"lazy\" \/>\t\t\t\t\t\t\t\t\t\t\t\t\t\t\t<\/div>\n\t\t\t\t<\/div>\n\t\t<div class=\"elementor-element elementor-element-a7b7feb e-con-full e-flex e-con e-child\" data-id=\"a7b7feb\" data-element_type=\"container\" data-e-type=\"container\">\n\t\t<div class=\"elementor-element elementor-element-6100945 e-con-full e-flex e-con e-child\" data-id=\"6100945\" data-element_type=\"container\" data-e-type=\"container\">\n\t\t\t\t<div class=\"elementor-element elementor-element-cc1182c elementor-invisible elementor-widget elementor-widget-heading\" data-id=\"cc1182c\" data-element_type=\"widget\" data-e-type=\"widget\" data-settings=\"{&quot;_animation&quot;:&quot;fadeInUp&quot;,&quot;_animation_delay&quot;:250}\" data-widget_type=\"heading.default\">\n\t\t\t\t<div class=\"elementor-widget-container\">\n\t\t\t\t\t<h1 class=\"elementor-heading-title elementor-size-default\"><b>\n\nR\u00f3\u017cnicowa kalorymetria skaningowa\n\n<\/b><\/h1>\t\t\t\t<\/div>\n\t\t\t\t<\/div>\n\t\t\t\t<\/div>\n\t\t<div class=\"elementor-element elementor-element-6d91a43 e-con-full e-flex e-con e-child\" data-id=\"6d91a43\" data-element_type=\"container\" data-e-type=\"container\">\n\t\t\t\t<div class=\"elementor-element elementor-element-9413374 elementor-widget elementor-widget-n-carousel\" data-id=\"9413374\" data-element_type=\"widget\" data-e-type=\"widget\" data-settings=\"{&quot;carousel_items&quot;:[{&quot;slide_title&quot;:&quot;Produkt 1&quot;,&quot;_id&quot;:&quot;d6fbcdb&quot;}],&quot;slides_to_show&quot;:&quot;1&quot;,&quot;slides_to_scroll&quot;:&quot;2&quot;,&quot;autoplay_speed&quot;:2000,&quot;slides_to_show_tablet&quot;:&quot;1&quot;,&quot;slides_to_show_mobile&quot;:&quot;1&quot;,&quot;autoplay&quot;:&quot;yes&quot;,&quot;pause_on_hover&quot;:&quot;yes&quot;,&quot;pause_on_interaction&quot;:&quot;yes&quot;,&quot;infinite&quot;:&quot;yes&quot;,&quot;speed&quot;:500,&quot;offset_sides&quot;:&quot;none&quot;,&quot;image_spacing_custom&quot;:{&quot;unit&quot;:&quot;px&quot;,&quot;size&quot;:10,&quot;sizes&quot;:[]},&quot;image_spacing_custom_tablet&quot;:{&quot;unit&quot;:&quot;px&quot;,&quot;size&quot;:&quot;&quot;,&quot;sizes&quot;:[]},&quot;image_spacing_custom_mobile&quot;:{&quot;unit&quot;:&quot;px&quot;,&quot;size&quot;:&quot;&quot;,&quot;sizes&quot;:[]}}\" data-widget_type=\"nested-carousel.default\">\n\t\t\t\t<div class=\"elementor-widget-container\">\n\t\t\t\t\t\t\t<div class=\"e-n-carousel swiper\" role=\"region\" aria-roledescription=\"carousel\" aria-label=\"Karussell\" dir=\"ltr\">\n\t\t\t<div class=\"swiper-wrapper\" aria-live=\"off\">\n\t\t\t\t\t\t\t\t\t\t<div class=\"swiper-slide\" data-slide=\"1\" role=\"group\" aria-roledescription=\"slide\" aria-label=\"1 of 1\">\n\t\t\t\t\t\t\t<div class=\"elementor-element elementor-element-44441f5 e-flex e-con-boxed e-con e-child\" data-id=\"44441f5\" data-element_type=\"container\" data-e-type=\"container\">\n\t\t\t\t\t<div class=\"e-con-inner\">\n\t\t\t\t<div class=\"elementor-element elementor-element-4103051 elementor-widget__width-initial elementor-invisible elementor-widget elementor-widget-image\" data-id=\"4103051\" data-element_type=\"widget\" data-e-type=\"widget\" data-settings=\"{&quot;_animation&quot;:&quot;fadeInUp&quot;}\" data-widget_type=\"image.default\">\n\t\t\t\t<div class=\"elementor-widget-container\">\n\t\t\t\t\t\t\t\t\t\t\t\t\t\t\t<img fetchpriority=\"high\" decoding=\"async\" width=\"800\" height=\"800\" src=\"https:\/\/www.linseis.com\/wp-content\/uploads\/2024\/07\/Linseis-Icons_Linien-weiss_Zeichenflaeche-1-Kopie-86-1024x1024.png\" class=\"attachment-large size-large wp-image-36268\" alt=\"\" srcset=\"https:\/\/www.linseis.com\/wp-content\/uploads\/2024\/07\/Linseis-Icons_Linien-weiss_Zeichenflaeche-1-Kopie-86-1024x1024.png 1024w, https:\/\/www.linseis.com\/wp-content\/uploads\/2024\/07\/Linseis-Icons_Linien-weiss_Zeichenflaeche-1-Kopie-86-300x300.png 300w, https:\/\/www.linseis.com\/wp-content\/uploads\/2024\/07\/Linseis-Icons_Linien-weiss_Zeichenflaeche-1-Kopie-86-150x150.png 150w, https:\/\/www.linseis.com\/wp-content\/uploads\/2024\/07\/Linseis-Icons_Linien-weiss_Zeichenflaeche-1-Kopie-86-768x768.png 768w, https:\/\/www.linseis.com\/wp-content\/uploads\/2024\/07\/Linseis-Icons_Linien-weiss_Zeichenflaeche-1-Kopie-86-1536x1536.png 1536w, https:\/\/www.linseis.com\/wp-content\/uploads\/2024\/07\/Linseis-Icons_Linien-weiss_Zeichenflaeche-1-Kopie-86-2048x2048.png 2048w\" sizes=\"(max-width: 800px) 100vw, 800px\" \/>\t\t\t\t\t\t\t\t\t\t\t\t\t\t\t<\/div>\n\t\t\t\t<\/div>\n\t\t\t\t\t<\/div>\n\t\t\t\t<\/div>\n\t\t\t\t\t\t\t\t<\/div>\n\t\t\t\t\t\t\t\t<\/div>\n\t\t<\/div>\n\t\t\t\t\t\t<\/div>\n\t\t\t\t<\/div>\n\t\t\t\t<\/div>\n\t\t\t\t<\/div>\n\t\t\t\t<div class=\"elementor-element elementor-element-b4a6800 elementor-widget elementor-widget-image\" data-id=\"b4a6800\" data-element_type=\"widget\" data-e-type=\"widget\" data-widget_type=\"image.default\">\n\t\t\t\t<div class=\"elementor-widget-container\">\n\t\t\t\t\t\t\t\t\t\t\t\t\t\t\t<img decoding=\"async\" src=\"https:\/\/www.linseis.com\/wp-content\/uploads\/\/linseis_scale-bottom-1.svg\" title=\"\" alt=\"\" loading=\"lazy\" \/>\t\t\t\t\t\t\t\t\t\t\t\t\t\t\t<\/div>\n\t\t\t\t<\/div>\n\t\t\t\t\t<\/div>\n\t\t\t\t<\/div>\n\t\t<div class=\"elementor-element elementor-element-7c8d6cc e-flex e-con-boxed e-con e-parent\" data-id=\"7c8d6cc\" data-element_type=\"container\" data-e-type=\"container\" data-settings=\"{&quot;background_background&quot;:&quot;classic&quot;}\">\n\t\t\t\t\t<div class=\"e-con-inner\">\n\t\t\t\t\t<\/div>\n\t\t\t\t<\/div>\n\t\t<div class=\"elementor-element elementor-element-d7b7522 e-flex e-con-boxed e-con e-parent\" data-id=\"d7b7522\" data-element_type=\"container\" data-e-type=\"container\" data-settings=\"{&quot;background_background&quot;:&quot;classic&quot;}\">\n\t\t\t\t\t<div class=\"e-con-inner\">\n\t\t<div class=\"elementor-element elementor-element-449b6fd e-con-full e-flex e-con e-child\" data-id=\"449b6fd\" data-element_type=\"container\" data-e-type=\"container\">\n\t\t\t\t<div class=\"elementor-element elementor-element-031217d elementor-invisible elementor-widget elementor-widget-wp-widget-bcn_widget\" data-id=\"031217d\" data-element_type=\"widget\" data-e-type=\"widget\" data-settings=\"{&quot;_animation&quot;:&quot;fadeInUp&quot;}\" data-widget_type=\"wp-widget-bcn_widget.default\">\n\t\t\t\t<div class=\"elementor-widget-container\">\n\t\t\t\t\t<div class=\"breadcrumbs\" vocab=\"https:\/\/schema.org\/\" typeof=\"BreadcrumbList\"><span property=\"itemListElement\" typeof=\"ListItem\"><a property=\"item\" typeof=\"WebPage\" title=\"Przejd\u017a do Linseis.\" href=\"https:\/\/www.linseis.com\/pl\/\" class=\"home\" aria-current=\"page\"><span property=\"name\">Linseis<\/span><\/a><meta property=\"position\" content=\"1\"><\/span><\/div>\t\t\t\t<\/div>\n\t\t\t\t<\/div>\n\t\t\t\t<\/div>\n\t\t\t\t\t<\/div>\n\t\t\t\t<\/div>\n\t\t<div class=\"elementor-element elementor-element-ed98f58 e-flex e-con-boxed elementor-invisible e-con e-parent\" data-id=\"ed98f58\" data-element_type=\"container\" data-e-type=\"container\" data-settings=\"{&quot;background_background&quot;:&quot;classic&quot;,&quot;animation&quot;:&quot;fadeInUp&quot;}\">\n\t\t\t\t\t<div class=\"e-con-inner\">\n\t\t<div class=\"elementor-element elementor-element-bbc47b3 e-con-full e-flex e-con e-child\" data-id=\"bbc47b3\" data-element_type=\"container\" data-e-type=\"container\">\n\t\t\t\t<div class=\"elementor-element elementor-element-71a1ec4 elementor-invisible elementor-widget elementor-widget-text-editor\" data-id=\"71a1ec4\" data-element_type=\"widget\" data-e-type=\"widget\" data-settings=\"{&quot;_animation&quot;:&quot;fadeInUp&quot;,&quot;_animation_delay&quot;:500}\" data-widget_type=\"text-editor.default\">\n\t\t\t\t<div class=\"elementor-widget-container\">\n\t\t\t\t\t\t\t\t\t<h2>Czym jest r\u00f3\u017cnicowa kalorymetria skaningowa?<\/h2>\t\t\t\t\t\t\t\t<\/div>\n\t\t\t\t<\/div>\n\t\t\t\t<div class=\"elementor-element elementor-element-32d9053 elementor-widget elementor-widget-text-editor\" data-id=\"32d9053\" data-element_type=\"widget\" data-e-type=\"widget\" data-widget_type=\"text-editor.default\">\n\t\t\t\t<div class=\"elementor-widget-container\">\n\t\t\t\t\t\t\t\t\t<section class=\"container\"><div class=\"row\"><div class=\"spb_content_element col-sm-12 spb_text_column\"><div class=\"spb_wrapper clearfix\"><p>R\u00f3\u017cnicowa kalorymetria skaningowa (DSC) jest jedn\u0105 z najwa\u017cniejszych technik analizy termicznej. Analiza DSC rejestruje <a href=\"https:\/\/www.linseis.com\/pl\/?p=101767\" data-auto-event-observed=\"true\">\n  <strong>przej\u015bcia endotermiczne i egzotermiczne<\/strong>\n<\/a> takich jak okre\u015blanie temperatur przemian i entalpii cia\u0142 sta\u0142ych i cieczy w funkcji temperatury. <\/p><p>W przeciwie\u0144stwie do klasycznej kalorymetrii, w kt\u00f3rej pr\u00f3bka jest umieszczana w izolowanej komorze w celu monitorowania poch\u0142aniania i uwalniania ciep\u0142a w eksperymencie izotermicznym, r\u00f3\u017cnicowa kalorymetria skaningowa jest metod\u0105 dynamiczn\u0105.<\/p><\/div><\/div><\/div><\/section><section class=\"container\"><div class=\"row\"><div class=\"spb_content_element col-sm-12 spb_text_column\"><div class=\"spb_wrapper clearfix\"><p>Typowy kalorymetr to izolowana komora, w kt\u00f3rej pr\u00f3bka jest umieszczana w otaczaj\u0105cym j\u0105 medium. Pr\u00f3bka jest nast\u0119pnie podgrzewana okre\u015blon\u0105 ilo\u015bci\u0105 ciep\u0142a. R\u00f3\u017cnica temperatur mi\u0119dzy pr\u00f3bk\u0105 a otaczaj\u0105cym j\u0105 medium dostarcza pojemno\u015bci cieplnej pr\u00f3bki oraz informacji na temat uwalniania i zu\u017cycia ciep\u0142a przez pr\u00f3bk\u0119. Ponadto dynamiczna kalorymetria r\u00f3\u017cnicowa wykorzystuje pr\u00f3bk\u0119 i odniesienie, kt\u00f3re s\u0105 wystawione na dzia\u0142anie tych samych warunk\u00f3w, a ich sygna\u0142 jest bezpo\u015brednio odejmowany od siebie.   <\/p><\/div><\/div><\/div><\/section>\t\t\t\t\t\t\t\t<\/div>\n\t\t\t\t<\/div>\n\t\t\t\t<\/div>\n\t\t\t\t\t<\/div>\n\t\t\t\t<\/div>\n\t\t<div class=\"elementor-element elementor-element-8801439 e-flex e-con-boxed elementor-invisible e-con e-parent\" data-id=\"8801439\" data-element_type=\"container\" data-e-type=\"container\" data-settings=\"{&quot;background_background&quot;:&quot;classic&quot;,&quot;animation&quot;:&quot;fadeInUp&quot;}\">\n\t\t\t\t\t<div class=\"e-con-inner\">\n\t\t<div class=\"elementor-element elementor-element-4fda86f e-con-full e-flex e-con e-child\" data-id=\"4fda86f\" data-element_type=\"container\" data-e-type=\"container\">\n\t\t<div class=\"elementor-element elementor-element-a0a9aac e-con-full e-flex e-con e-child\" data-id=\"a0a9aac\" data-element_type=\"container\" data-e-type=\"container\">\n\t\t\t\t<div class=\"elementor-element elementor-element-53ea4ef elementor-widget elementor-widget-text-editor\" data-id=\"53ea4ef\" data-element_type=\"widget\" data-e-type=\"widget\" data-widget_type=\"text-editor.default\">\n\t\t\t\t<div class=\"elementor-widget-container\">\n\t\t\t\t\t\t\t\t\t<h2>Gdzie stosowana jest dynamiczna kalorymetria r\u00f3\u017cnicowa?<\/h2>\t\t\t\t\t\t\t\t<\/div>\n\t\t\t\t<\/div>\n\t\t\t\t<div class=\"elementor-element elementor-element-d38f832 elementor-widget elementor-widget-text-editor\" data-id=\"d38f832\" data-element_type=\"widget\" data-e-type=\"widget\" data-widget_type=\"text-editor.default\">\n\t\t\t\t<div class=\"elementor-widget-container\">\n\t\t\t\t\t\t\t\t\t<p>Analiza DSC jest wykorzystywana do wielu zastosowa\u0144 w szerokim zakresie bran\u017c, takich jak <g id=\"gid_0\">\n  <g id=\"gid_1\">charakterystyka polimer\u00f3w<\/g>\n<\/g> jak r\u00f3wnie\u017c do <g id=\"gid_2\">\n  <g id=\"gid_3\">podstawowe badania w dziedzinie akademickiej<\/g>\n<\/g> wykorzystywane w \u015brodowisku akademickim. Przyk\u0142ady obejmuj\u0105 <a href=\"https:\/\/www.linseis.com\/pl\/?p=101626\" data-auto-event-observed=\"true\">\n  <strong>okre\u015blenie zeszklenia<\/strong>\n<\/a> oraz <strong>badanie reakcji chemicznych, <a href=\"https:\/\/www.linseis.com\/pl\/?p=101634\" data-auto-event-observed=\"true\"><b>topnienia i krystalizacji<\/b><\/a><\/strong>.  <\/p><p>Inne <strong>zastosowania DSC dotycz\u0105 wp\u0142ywu dodatk\u00f3w, wype\u0142niaczy lub przetwarzania materia\u0142\u00f3w<\/strong>. Charakterystyczny kszta\u0142t poszczeg\u00f3lnych krzywych DSC jest r\u00f3wnie\u017c wykorzystywany do kontroli jako\u015bci. <\/p>\t\t\t\t\t\t\t\t<\/div>\n\t\t\t\t<\/div>\n\t\t\t\t<\/div>\n\t\t<div class=\"elementor-element elementor-element-cdefdb7 e-con-full e-flex e-con e-child\" data-id=\"cdefdb7\" data-element_type=\"container\" data-e-type=\"container\">\n\t\t\t\t<div class=\"elementor-element elementor-element-dca24fd elementor-widget elementor-widget-text-editor\" data-id=\"dca24fd\" data-element_type=\"widget\" data-e-type=\"widget\" data-widget_type=\"text-editor.default\">\n\t\t\t\t<div class=\"elementor-widget-container\">\n\t\t\t\t\t\t\t\t\t<h2>Jaka jest r\u00f3\u017cnica mi\u0119dzy DTA a DSC?<\/h2>\t\t\t\t\t\t\t\t<\/div>\n\t\t\t\t<\/div>\n\t\t\t\t<div class=\"elementor-element elementor-element-d37c58e elementor-widget elementor-widget-text-editor\" data-id=\"d37c58e\" data-element_type=\"widget\" data-e-type=\"widget\" data-widget_type=\"text-editor.default\">\n\t\t\t\t<div class=\"elementor-widget-container\">\n\t\t\t\t\t\t\t\t\t<p>R\u00f3\u017cnica mi\u0119dzy DSC i DTA jest nast\u0119puj\u0105ca: <strong>DSC mierzy r\u00f3\u017cnic\u0119 w przep\u0142ywie ciep\u0142a<\/strong>, a <strong>DTA mierzy r\u00f3\u017cnic\u0119 temperatur<\/strong> mi\u0119dzy pr\u00f3bk\u0105 referencyjn\u0105 a pr\u00f3bk\u0105 b\u0119d\u0105c\u0105 przedmiotem zainteresowania.<\/p>\t\t\t\t\t\t\t\t<\/div>\n\t\t\t\t<\/div>\n\t\t\t\t<div class=\"elementor-element elementor-element-69f7499 elementor-invisible elementor-widget elementor-widget-text-editor\" data-id=\"69f7499\" data-element_type=\"widget\" data-e-type=\"widget\" data-settings=\"{&quot;_animation&quot;:&quot;fadeInUp&quot;,&quot;_animation_delay&quot;:500}\" data-widget_type=\"text-editor.default\">\n\t\t\t\t<div class=\"elementor-widget-container\">\n\t\t\t\t\t\t\t\t\t<p><img decoding=\"async\" class=\"wp-image-22403 size-large aligncenter\" src=\"https:\/\/www.linseis.com\/wp-content\/uploads\/2024\/07\/Unterschied-DSC-und-DTA-v1-1280x616-1-1024x493.png\" alt=\"\" width=\"1024\" height=\"493\" srcset=\"https:\/\/www.linseis.com\/wp-content\/uploads\/2024\/07\/Unterschied-DSC-und-DTA-v1-1280x616-1-1024x493.png 1024w, https:\/\/www.linseis.com\/wp-content\/uploads\/2024\/07\/Unterschied-DSC-und-DTA-v1-1280x616-1-300x144.png 300w, https:\/\/www.linseis.com\/wp-content\/uploads\/2024\/07\/Unterschied-DSC-und-DTA-v1-1280x616-1-768x370.png 768w, https:\/\/www.linseis.com\/wp-content\/uploads\/2024\/07\/Unterschied-DSC-und-DTA-v1-1280x616-1.png 1280w\" sizes=\"(max-width: 1024px) 100vw, 1024px\" \/><\/p><p style=\"text-align: center;\"><em>Dylatometria optyczna &#8211; czarno-bia\u0142y obraz podczas procesu nagrzewania<\/em><\/p>\t\t\t\t\t\t\t\t<\/div>\n\t\t\t\t<\/div>\n\t\t\t\t<\/div>\n\t\t<div class=\"elementor-element elementor-element-e2e8489 e-con-full e-flex e-con e-child\" data-id=\"e2e8489\" data-element_type=\"container\" data-e-type=\"container\">\n\t\t\t\t<div class=\"elementor-element elementor-element-c1c012a elementor-widget elementor-widget-text-editor\" data-id=\"c1c012a\" data-element_type=\"widget\" data-e-type=\"widget\" data-widget_type=\"text-editor.default\">\n\t\t\t\t<div class=\"elementor-widget-container\">\n\t\t\t\t\t\t\t\t\t<h2>Jaka jest r\u00f3\u017cnica mi\u0119dzy zasad\u0105 DSC z przep\u0142ywem ciep\u0142a a zasad\u0105 DSC z kompensacj\u0105 mocy?<\/h2>\t\t\t\t\t\t\t\t<\/div>\n\t\t\t\t<\/div>\n\t\t<div class=\"elementor-element elementor-element-5a584c2 e-con-full e-flex e-con e-child\" data-id=\"5a584c2\" data-element_type=\"container\" data-e-type=\"container\">\n\t\t\t\t<div class=\"elementor-element elementor-element-ef9903f elementor-widget elementor-widget-text-editor\" data-id=\"ef9903f\" data-element_type=\"widget\" data-e-type=\"widget\" data-widget_type=\"text-editor.default\">\n\t\t\t\t<div class=\"elementor-widget-container\">\n\t\t\t\t\t\t\t\t\t<p>Urz\u0105dzenia DSC s\u0105 zbudowane zgodnie z dwiema podstawowymi zasadami pomiaru: zasad\u0105 strumienia ciep\u0142a i zasad\u0105 kompensacji mocy. Oba warianty s\u0105 znane w \u015brodowisku naukowym jako DSC ze strumieniem ciep\u0142a i DSC z kompensacj\u0105 mocy. <\/p><p>W przypadku <strong>strumienia ciep\u0142a<\/strong> DSC, zmiany strumienia ciep\u0142a s\u0105 obliczane poprzez ca\u0142kowanie krzywej <sub>\u0394Tref<\/sub>. W przypadku tego typu analizy DSC pr\u00f3bka i tygiel referencyjny s\u0105 umieszczane na uchwycie pr\u00f3bki ze zintegrowanymi czujnikami temperatury do pomiaru temperatury tygli. Uk\u0142ad ten znajduje si\u0119 w piecu o kontrolowanej temperaturze. W przeciwie\u0144stwie do klasycznej konstrukcji, charakterystyczn\u0105 cech\u0105 tego DSC jest pionowy uk\u0142ad p\u0142askich czujnik\u00f3w temperatury otaczaj\u0105cych p\u0142ask\u0105 grza\u0142k\u0119. Taki uk\u0142ad umo\u017cliwia uzyskanie bardzo kompaktowej, lekkiej konstrukcji o niskiej pojemno\u015bci cieplnej z pe\u0142n\u0105 funkcjonalno\u015bci\u0105 pieca DSC.    <\/p><p>W <strong>analizie DSC z kompensacj\u0105 mocy<\/strong> pr\u00f3bka i tygiel referencyjny s\u0105 oddzielone przestrzennie. Temperatura obu kom\u00f3r jest nast\u0119pnie kontrolowana tak, aby po obu stronach zawsze wyst\u0119powa\u0142a ta sama temperatura. Moc elektryczna wymagana do osi\u0105gni\u0119cia i utrzymania tego stanu jest nast\u0119pnie rejestrowana zamiast r\u00f3\u017cnicy temperatur mi\u0119dzy dwoma tyglami.  <\/p>\t\t\t\t\t\t\t\t<\/div>\n\t\t\t\t<\/div>\n\t\t\t\t<div class=\"elementor-element elementor-element-2111823 elementor-widget elementor-widget-text-editor\" data-id=\"2111823\" data-element_type=\"widget\" data-e-type=\"widget\" data-widget_type=\"text-editor.default\">\n\t\t\t\t<div class=\"elementor-widget-container\">\n\t\t\t\t\t\t\t\t\t<h2>Standardy dynamicznej kalorymetrii r\u00f3\u017cnicowej?<\/h2>\t\t\t\t\t\t\t\t<\/div>\n\t\t\t\t<\/div>\n\t\t\t\t<\/div>\n\t\t\t\t<div class=\"elementor-element elementor-element-82f4194 elementor-widget elementor-widget-text-editor\" data-id=\"82f4194\" data-element_type=\"widget\" data-e-type=\"widget\" data-widget_type=\"text-editor.default\">\n\t\t\t\t<div class=\"elementor-widget-container\">\n\t\t\t\t\t\t\t\t\t<ul><li>DIN 53765: Badanie tworzyw sztucznych i elastomer\u00f3w; analiza termiczna; r\u00f3\u017cnicowa kalorymetria skaningowa (DDK)<br><br><\/li><li>DIN 51007:2019-04: Analiza termiczna (TA) &#8211; R\u00f3\u017cnicowa analiza termiczna (DTA) i r\u00f3\u017cnicowa kalorymetria skaningowa (DSC) &#8211; Zasady og\u00f3lne<br><br><\/li><li>DIN EN 6041:2018-03: Seria lotnicza &#8211; Materia\u0142y niemetaliczne &#8211; Metody bada\u0144 &#8211; Analiza materia\u0142\u00f3w niemetalicznych (nieutwardzonych) metod\u0105 r\u00f3\u017cnicowej kalorymetrii skaningowej (DSC); wersja niemiecka i angielska EN 6041:2018<br><br><\/li><li>DIN EN 728: Systemy przewod\u00f3w rurowych i kana\u0142\u00f3w z tworzyw sztucznych &#8211; Rury i kszta\u0142tki z poliolefin &#8211; Oznaczanie czasu indukcji utleniania; wersja niemiecka EN 728:1997<br><br><\/li><li>DIN EN ISO 11357-1, -2, -3, -4 i -6: Tworzywa sztuczne &#8211; R\u00f3\u017cnicowa kalorymetria skaningowa (DSC) &#8211; Cz\u0119\u015b\u0107 1: Zasady og\u00f3lne (ISO 11357-1:2016); wersja niemiecka EN ISO 11357-1:2016<br><br><\/li><li>ASTM E 126: Standardowa metoda kontroli, kalibracji i weryfikacji hydrometr\u00f3w ASTM<br><br><\/li><li>ASTM E 1356: Standardowa metoda oznaczania temperatury zeszklenia metod\u0105 r\u00f3\u017cnicowej kalorymetrii skaningowej<\/li><\/ul>\t\t\t\t\t\t\t\t<\/div>\n\t\t\t\t<\/div>\n\t\t\t\t<\/div>\n\t\t\t\t<\/div>\n\t\t\t\t\t<\/div>\n\t\t\t\t<\/div>\n\t\t\t\t<\/div>\n\t\t","protected":false},"excerpt":{"rendered":"<p>R\u00f3\u017cnicowa kalorymetria skaningowa Czym jest r\u00f3\u017cnicowa kalorymetria skaningowa? R\u00f3\u017cnicowa kalorymetria skaningowa (DSC) jest jedn\u0105 z najwa\u017cniejszych technik analizy termicznej. Analiza DSC rejestruje przej\u015bcia endotermiczne i egzotermiczne takich jak okre\u015blanie temperatur przemian i entalpii cia\u0142 sta\u0142ych i cieczy w funkcji temperatury. W przeciwie\u0144stwie do klasycznej kalorymetrii, w kt\u00f3rej pr\u00f3bka jest umieszczana w izolowanej komorze w celu [&hellip;]<\/p>\n","protected":false},"author":3,"featured_media":0,"parent":101974,"menu_order":0,"comment_status":"closed","ping_status":"closed","template":"","meta":{"_acf_changed":false,"inline_featured_image":false,"footnotes":""},"class_list":["post-102003","page","type-page","status-publish","hentry"],"acf":[],"_links":{"self":[{"href":"https:\/\/www.linseis.com\/pl\/wp-json\/wp\/v2\/pages\/102003","targetHints":{"allow":["GET"]}}],"collection":[{"href":"https:\/\/www.linseis.com\/pl\/wp-json\/wp\/v2\/pages"}],"about":[{"href":"https:\/\/www.linseis.com\/pl\/wp-json\/wp\/v2\/types\/page"}],"author":[{"embeddable":true,"href":"https:\/\/www.linseis.com\/pl\/wp-json\/wp\/v2\/users\/3"}],"replies":[{"embeddable":true,"href":"https:\/\/www.linseis.com\/pl\/wp-json\/wp\/v2\/comments?post=102003"}],"version-history":[{"count":0,"href":"https:\/\/www.linseis.com\/pl\/wp-json\/wp\/v2\/pages\/102003\/revisions"}],"up":[{"embeddable":true,"href":"https:\/\/www.linseis.com\/pl\/wp-json\/wp\/v2\/pages\/101974"}],"wp:attachment":[{"href":"https:\/\/www.linseis.com\/pl\/wp-json\/wp\/v2\/media?parent=102003"}],"curies":[{"name":"wp","href":"https:\/\/api.w.org\/{rel}","templated":true}]}}