{"id":101956,"date":"2024-07-25T03:08:11","date_gmt":"2024-07-25T01:08:11","guid":{"rendered":"https:\/\/www.linseis.com\/mierzone-zmienne\/wspolczynnik-seebecka\/"},"modified":"2026-01-16T10:22:52","modified_gmt":"2026-01-16T09:22:52","slug":"wspolczynnik-seebecka","status":"publish","type":"page","link":"https:\/\/www.linseis.com\/pl\/mierzone-zmienne\/wspolczynnik-seebecka\/","title":{"rendered":"Wsp\u00f3\u0142czynnik Seebecka"},"content":{"rendered":"\t\t<div data-elementor-type=\"wp-post\" data-elementor-id=\"101956\" class=\"elementor elementor-101956 elementor-20467\" data-elementor-post-type=\"page\">\n\t\t\t\t<div class=\"elementor-element elementor-element-a3549cf e-flex e-con-boxed e-con e-parent\" data-id=\"a3549cf\" data-element_type=\"container\" data-e-type=\"container\" data-settings=\"{&quot;background_background&quot;:&quot;classic&quot;}\">\n\t\t\t\t\t<div class=\"e-con-inner\">\n\t\t\t\t<div class=\"elementor-element elementor-element-ac41c94 elementor-widget elementor-widget-image\" data-id=\"ac41c94\" data-element_type=\"widget\" data-e-type=\"widget\" data-widget_type=\"image.default\">\n\t\t\t\t<div class=\"elementor-widget-container\">\n\t\t\t\t\t\t\t\t\t\t\t\t\t\t\t<img decoding=\"async\" src=\"https:\/\/www.linseis.com\/wp-content\/uploads\/\/linseis_scale-top-1.svg\" title=\"\" alt=\"\" loading=\"lazy\" \/>\t\t\t\t\t\t\t\t\t\t\t\t\t\t\t<\/div>\n\t\t\t\t<\/div>\n\t\t<div class=\"elementor-element elementor-element-a7b7feb e-con-full e-flex e-con e-child\" data-id=\"a7b7feb\" data-element_type=\"container\" data-e-type=\"container\">\n\t\t<div class=\"elementor-element elementor-element-6100945 e-con-full e-flex e-con e-child\" data-id=\"6100945\" data-element_type=\"container\" data-e-type=\"container\">\n\t\t\t\t<div class=\"elementor-element elementor-element-cc1182c elementor-invisible elementor-widget elementor-widget-heading\" data-id=\"cc1182c\" data-element_type=\"widget\" data-e-type=\"widget\" data-settings=\"{&quot;_animation&quot;:&quot;fadeInUp&quot;,&quot;_animation_delay&quot;:250}\" data-widget_type=\"heading.default\">\n\t\t\t\t<div class=\"elementor-widget-container\">\n\t\t\t\t\t<h1 class=\"elementor-heading-title elementor-size-default\"><b>\nWsp\u00f3\u0142czynnik Seebecka\n<\/b><\/h1>\t\t\t\t<\/div>\n\t\t\t\t<\/div>\n\t\t\t\t<\/div>\n\t\t<div class=\"elementor-element elementor-element-6d91a43 e-con-full e-flex e-con e-child\" data-id=\"6d91a43\" data-element_type=\"container\" data-e-type=\"container\">\n\t\t\t\t<div class=\"elementor-element elementor-element-9413374 elementor-widget elementor-widget-n-carousel\" data-id=\"9413374\" data-element_type=\"widget\" data-e-type=\"widget\" data-settings=\"{&quot;carousel_items&quot;:[{&quot;slide_title&quot;:&quot;Produkt 1&quot;,&quot;_id&quot;:&quot;d6fbcdb&quot;}],&quot;slides_to_show&quot;:&quot;1&quot;,&quot;slides_to_scroll&quot;:&quot;2&quot;,&quot;autoplay_speed&quot;:2000,&quot;slides_to_show_tablet&quot;:&quot;1&quot;,&quot;slides_to_show_mobile&quot;:&quot;1&quot;,&quot;autoplay&quot;:&quot;yes&quot;,&quot;pause_on_hover&quot;:&quot;yes&quot;,&quot;pause_on_interaction&quot;:&quot;yes&quot;,&quot;infinite&quot;:&quot;yes&quot;,&quot;speed&quot;:500,&quot;offset_sides&quot;:&quot;none&quot;,&quot;image_spacing_custom&quot;:{&quot;unit&quot;:&quot;px&quot;,&quot;size&quot;:10,&quot;sizes&quot;:[]},&quot;image_spacing_custom_tablet&quot;:{&quot;unit&quot;:&quot;px&quot;,&quot;size&quot;:&quot;&quot;,&quot;sizes&quot;:[]},&quot;image_spacing_custom_mobile&quot;:{&quot;unit&quot;:&quot;px&quot;,&quot;size&quot;:&quot;&quot;,&quot;sizes&quot;:[]}}\" data-widget_type=\"nested-carousel.default\">\n\t\t\t\t<div class=\"elementor-widget-container\">\n\t\t\t\t\t\t\t<div class=\"e-n-carousel swiper\" role=\"region\" aria-roledescription=\"carousel\" aria-label=\"Karussell\" dir=\"ltr\">\n\t\t\t<div class=\"swiper-wrapper\" aria-live=\"off\">\n\t\t\t\t\t\t\t\t\t\t<div class=\"swiper-slide\" data-slide=\"1\" role=\"group\" aria-roledescription=\"slide\" aria-label=\"1 of 1\">\n\t\t\t\t\t\t\t<div class=\"elementor-element elementor-element-44441f5 e-flex e-con-boxed e-con e-child\" data-id=\"44441f5\" data-element_type=\"container\" data-e-type=\"container\">\n\t\t\t\t\t<div class=\"e-con-inner\">\n\t\t\t\t<div class=\"elementor-element elementor-element-4103051 elementor-widget__width-initial elementor-invisible elementor-widget elementor-widget-image\" data-id=\"4103051\" data-element_type=\"widget\" data-e-type=\"widget\" data-settings=\"{&quot;_animation&quot;:&quot;fadeInUp&quot;}\" data-widget_type=\"image.default\">\n\t\t\t\t<div class=\"elementor-widget-container\">\n\t\t\t\t\t\t\t\t\t\t\t\t\t\t\t<img fetchpriority=\"high\" decoding=\"async\" width=\"800\" height=\"800\" src=\"https:\/\/www.linseis.com\/wp-content\/uploads\/2024\/07\/Linseis-Icons_Linien-weiss_Seebeck-Koeffizient-1024x1024.png\" class=\"attachment-large size-large wp-image-35473\" alt=\"\" srcset=\"https:\/\/www.linseis.com\/wp-content\/uploads\/2024\/07\/Linseis-Icons_Linien-weiss_Seebeck-Koeffizient-1024x1024.png 1024w, https:\/\/www.linseis.com\/wp-content\/uploads\/2024\/07\/Linseis-Icons_Linien-weiss_Seebeck-Koeffizient-300x300.png 300w, https:\/\/www.linseis.com\/wp-content\/uploads\/2024\/07\/Linseis-Icons_Linien-weiss_Seebeck-Koeffizient-150x150.png 150w, https:\/\/www.linseis.com\/wp-content\/uploads\/2024\/07\/Linseis-Icons_Linien-weiss_Seebeck-Koeffizient-768x768.png 768w, https:\/\/www.linseis.com\/wp-content\/uploads\/2024\/07\/Linseis-Icons_Linien-weiss_Seebeck-Koeffizient-1536x1536.png 1536w, https:\/\/www.linseis.com\/wp-content\/uploads\/2024\/07\/Linseis-Icons_Linien-weiss_Seebeck-Koeffizient-2048x2048.png 2048w\" sizes=\"(max-width: 800px) 100vw, 800px\" \/>\t\t\t\t\t\t\t\t\t\t\t\t\t\t\t<\/div>\n\t\t\t\t<\/div>\n\t\t\t\t\t<\/div>\n\t\t\t\t<\/div>\n\t\t\t\t\t\t\t\t<\/div>\n\t\t\t\t\t\t\t\t<\/div>\n\t\t<\/div>\n\t\t\t\t\t\t<\/div>\n\t\t\t\t<\/div>\n\t\t\t\t<\/div>\n\t\t\t\t<\/div>\n\t\t\t\t<div class=\"elementor-element elementor-element-b4a6800 elementor-widget elementor-widget-image\" data-id=\"b4a6800\" data-element_type=\"widget\" data-e-type=\"widget\" data-widget_type=\"image.default\">\n\t\t\t\t<div class=\"elementor-widget-container\">\n\t\t\t\t\t\t\t\t\t\t\t\t\t\t\t<img decoding=\"async\" src=\"https:\/\/www.linseis.com\/wp-content\/uploads\/\/linseis_scale-bottom-1.svg\" title=\"\" alt=\"\" loading=\"lazy\" \/>\t\t\t\t\t\t\t\t\t\t\t\t\t\t\t<\/div>\n\t\t\t\t<\/div>\n\t\t\t\t\t<\/div>\n\t\t\t\t<\/div>\n\t\t<div class=\"elementor-element elementor-element-7c8d6cc e-flex e-con-boxed e-con e-parent\" data-id=\"7c8d6cc\" data-element_type=\"container\" data-e-type=\"container\" data-settings=\"{&quot;background_background&quot;:&quot;classic&quot;}\">\n\t\t\t\t\t<div class=\"e-con-inner\">\n\t\t\t\t\t<\/div>\n\t\t\t\t<\/div>\n\t\t<div class=\"elementor-element elementor-element-d7b7522 e-flex e-con-boxed e-con e-parent\" data-id=\"d7b7522\" data-element_type=\"container\" data-e-type=\"container\" data-settings=\"{&quot;background_background&quot;:&quot;classic&quot;}\">\n\t\t\t\t\t<div class=\"e-con-inner\">\n\t\t<div class=\"elementor-element elementor-element-449b6fd e-con-full e-flex e-con e-child\" data-id=\"449b6fd\" data-element_type=\"container\" data-e-type=\"container\">\n\t\t\t\t<div class=\"elementor-element elementor-element-031217d elementor-invisible elementor-widget elementor-widget-wp-widget-bcn_widget\" data-id=\"031217d\" data-element_type=\"widget\" data-e-type=\"widget\" data-settings=\"{&quot;_animation&quot;:&quot;fadeInUp&quot;}\" data-widget_type=\"wp-widget-bcn_widget.default\">\n\t\t\t\t<div class=\"elementor-widget-container\">\n\t\t\t\t\t<div class=\"breadcrumbs\" vocab=\"https:\/\/schema.org\/\" typeof=\"BreadcrumbList\"><span property=\"itemListElement\" typeof=\"ListItem\"><a property=\"item\" typeof=\"WebPage\" title=\"Przejd\u017a do Linseis.\" href=\"https:\/\/www.linseis.com\/pl\/\" class=\"home\" aria-current=\"page\"><span property=\"name\">Linseis<\/span><\/a><meta property=\"position\" content=\"1\"><\/span><\/div>\t\t\t\t<\/div>\n\t\t\t\t<\/div>\n\t\t\t\t<\/div>\n\t\t\t\t\t<\/div>\n\t\t\t\t<\/div>\n\t\t<div class=\"elementor-element elementor-element-ed98f58 e-flex e-con-boxed e-con e-parent\" data-id=\"ed98f58\" data-element_type=\"container\" data-e-type=\"container\" data-settings=\"{&quot;background_background&quot;:&quot;classic&quot;}\">\n\t\t\t\t\t<div class=\"e-con-inner\">\n\t\t<div class=\"elementor-element elementor-element-bbc47b3 e-con-full e-flex e-con e-child\" data-id=\"bbc47b3\" data-element_type=\"container\" data-e-type=\"container\">\n\t\t\t\t<div class=\"elementor-element elementor-element-71a1ec4 elementor-invisible elementor-widget elementor-widget-text-editor\" data-id=\"71a1ec4\" data-element_type=\"widget\" data-e-type=\"widget\" data-settings=\"{&quot;_animation&quot;:&quot;fadeInUp&quot;,&quot;_animation_delay&quot;:500}\" data-widget_type=\"text-editor.default\">\n\t\t\t\t<div class=\"elementor-widget-container\">\n\t\t\t\t\t\t\t\t\t<h2>Wsp\u00f3\u0142czynnik Seebecka &#8211; parametr termofizyczny<\/h2>\t\t\t\t\t\t\t\t<\/div>\n\t\t\t\t<\/div>\n\t\t\t\t<div class=\"elementor-element elementor-element-32d9053 elementor-widget elementor-widget-text-editor\" data-id=\"32d9053\" data-element_type=\"widget\" data-e-type=\"widget\" data-widget_type=\"text-editor.default\">\n\t\t\t\t<div class=\"elementor-widget-container\">\n\t\t\t\t\t\t\t\t\t<p>Efekt Seebecka jest wykorzystywany g\u0142\u00f3wnie do pomiaru temperatury za pomoc\u0105 termopar i staje si\u0119 coraz wa\u017cniejszy w konwersji ciep\u0142a odpadowego na energi\u0119 elektryczn\u0105 za pomoc\u0105 generator\u00f3w termoelektrycznych. Procesy te s\u0105 odwracalne. Odwrotnym procesem, w kt\u00f3rym r\u00f3\u017cnice napi\u0119cia generuj\u0105 r\u00f3\u017cnice temperatur, jest efekt Peltiera, wykorzystywany do ch\u0142odzenia w mikroelektronice i nanotechnologii.  <\/p><p>Kluczow\u0105 miar\u0105 oceny wydajno\u015bci materia\u0142\u00f3w termoelektrycznych jest wsp\u00f3\u0142czynnik ZT, bezwymiarowy wska\u017anik opisuj\u0105cy wydajno\u015b\u0107 materia\u0142u. Warto\u015b\u0107 ZT ro\u015bnie wraz z kwadratem wsp\u00f3\u0142czynnika Seebecka, \u015bredni\u0105 bezwzgl\u0119dn\u0105 temperatur\u0105 pracy i przewodno\u015bci\u0105 elektryczn\u0105, natomiast maleje wraz z przewodno\u015bci\u0105 ciepln\u0105 w\u0142a\u015bciw\u0105. Zmienne te s\u0105 zale\u017cne od temperatury, a w\u0142a\u015bciwo\u015bci materia\u0142u musz\u0105 by\u0107 uwzgl\u0119dnione w obliczeniach wsp\u00f3\u0142czynnika ZT w funkcji temperatury. R\u00f3wnanie definicji jest nast\u0119puj\u0105ce   <\/p><p><img decoding=\"async\" class=\"alignnone size-full wp-image-21479\" src=\"https:\/\/www.linseis.com\/wp-content\/uploads\/2024\/07\/ZT-formula-2-1.png\" alt=\"Formu\u0142a ZT\" width=\"221\" height=\"115\"><\/p><p>Aby okre\u015bli\u0107 warto\u015b\u0107 ZT przewodnik\u00f3w elektrycznych i p\u00f3\u0142przewodnik\u00f3w, stosuje si\u0119 precyzyjne przyrz\u0105dy pomiarowe, takie jak te oferowane przez Linseis, do pomiaru wymaganych w\u0142a\u015bciwo\u015bci materia\u0142u. Je\u015bli r\u00f3\u017cnica temperatur jest niewielka, a wsp\u00f3\u0142czynniki Seebecka mo\u017cna uzna\u0107 za sta\u0142e, wz\u00f3r na napi\u0119cie jest uproszczony: <\/p><p><img decoding=\"async\" class=\"alignnone wp-image-20483\" src=\"https:\/\/www.linseis.com\/wp-content\/uploads\/2024\/07\/Seebeck-Koeffizient-Formel.png\" alt=\"Wz\u00f3r na wsp\u00f3\u0142czynnik Seebecka\" width=\"349\" height=\"84\" srcset=\"https:\/\/www.linseis.com\/wp-content\/uploads\/2024\/07\/Seebeck-Koeffizient-Formel.png 349w, https:\/\/www.linseis.com\/wp-content\/uploads\/2024\/07\/Seebeck-Koeffizient-Formel-300x72.png 300w\" sizes=\"(max-width: 349px) 100vw, 349px\" \/><\/p><p><sub>SA<\/sub> i<sub>SB<\/sub> oznaczaj\u0105 wsp\u00f3\u0142czynniki Seebecka dw\u00f3ch materia\u0142\u00f3w, podczas gdy <sub>T1<\/sub> i <sub>T2<\/sub> reprezentuj\u0105 temperatury w dw\u00f3ch punktach styku. Napi\u0119cie jest wytwarzane przez dyfuzj\u0119 termiczn\u0105, w kt\u00f3rej wysokoenergetyczne elektrony dyfunduj\u0105 w ciep\u0142ym punkcie styku w kierunku ch\u0142odniejszego przewodnika. Prowadzi to do sta\u0142ego transportu elektron\u00f3w z dodatniego do ujemnego przewodnika, przy czym opr\u00f3cz energii elektrycznej przekazywana jest energia cieplna. Jednak ten transfer ciep\u0142a zmniejsza wydajno\u015b\u0107 efektu Seebecka.   <\/p><p>Im wy\u017csza przewodno\u015b\u0107 elektryczna i ni\u017csza przewodno\u015b\u0107 cieplna zastosowanego materia\u0142u, tym wy\u017csza sprawno\u015b\u0107 termopary. Decyduj\u0105cym kryterium w\u0142a\u015bciwo\u015bci przewodnika termoelektrycznego jest tzw. <a href=\"https:\/\/www.linseis.com\/pl\/mierzone-zmienne\/zt-wspolczynnik-dobroci\/\">\n  <strong>&#8222;wsp\u00f3\u0142czynnik dobroci&#8221; (ZT)<\/strong>\n<\/a>. Liczba ta uwzgl\u0119dnia ju\u017c wszystkie istotne zmienne, takie jak temperatura, wsp\u00f3\u0142czynnik Seebecka, przewodno\u015b\u0107 cieplna i przewodno\u015b\u0107 elektryczna.  <\/p><p>W technicznym zastosowaniu termopar, dwa mechanizmy wsp\u00f3\u0142pracuj\u0105 ze sob\u0105 w celu wygenerowania mierzalnego napi\u0119cia. Po pierwsze, gradient temperatury powoduje dyfuzj\u0119 no\u015bnik\u00f3w \u0142adunku od gor\u0105cego do zimnego ko\u0144ca przewodnika, co prowadzi do napi\u0119cia w zakresie miliwolt\u00f3w i zale\u017cy od wsp\u00f3\u0142czynnika Seebecka. Po drugie, u\u017cycie drugiego przewodnika wykonanego z innego materia\u0142u tworzy dalszy gradient napi\u0119cia w punkcie styku, poniewa\u017c oba materia\u0142y r\u00f3\u017cni\u0105 si\u0119 wsp\u00f3\u0142czynnikami Seebecka.  <\/p>\t\t\t\t\t\t\t\t<\/div>\n\t\t\t\t<\/div>\n\t\t\t\t<\/div>\n\t\t\t\t\t<\/div>\n\t\t\t\t<\/div>\n\t\t<div class=\"elementor-element elementor-element-3473d73 e-flex e-con-boxed elementor-invisible e-con e-parent\" data-id=\"3473d73\" data-element_type=\"container\" data-e-type=\"container\" data-settings=\"{&quot;animation&quot;:&quot;fadeInUp&quot;}\">\n\t\t\t\t\t<div class=\"e-con-inner\">\n\t\t\t\t<div class=\"elementor-element elementor-element-11f930b elementor-widget elementor-widget-image\" data-id=\"11f930b\" data-element_type=\"widget\" data-e-type=\"widget\" data-widget_type=\"image.default\">\n\t\t\t\t<div class=\"elementor-widget-container\">\n\t\t\t\t\t\t\t\t\t\t\t\t\t\t\t<img loading=\"lazy\" decoding=\"async\" width=\"800\" height=\"596\" src=\"https:\/\/www.linseis.com\/wp-content\/uploads\/2024\/07\/Behavior-of-insulators-metals-semiconductors.jpg\" class=\"attachment-large size-large wp-image-35046\" alt=\"\" srcset=\"https:\/\/www.linseis.com\/wp-content\/uploads\/2024\/07\/Behavior-of-insulators-metals-semiconductors.jpg 859w, https:\/\/www.linseis.com\/wp-content\/uploads\/2024\/07\/Behavior-of-insulators-metals-semiconductors-300x224.jpg 300w, https:\/\/www.linseis.com\/wp-content\/uploads\/2024\/07\/Behavior-of-insulators-metals-semiconductors-768x572.jpg 768w\" sizes=\"(max-width: 800px) 100vw, 800px\" \/>\t\t\t\t\t\t\t\t\t\t\t\t\t\t\t<\/div>\n\t\t\t\t<\/div>\n\t\t\t\t\t<\/div>\n\t\t\t\t<\/div>\n\t\t<div class=\"elementor-element elementor-element-8801439 e-flex e-con-boxed e-con e-parent\" data-id=\"8801439\" data-element_type=\"container\" data-e-type=\"container\" data-settings=\"{&quot;background_background&quot;:&quot;classic&quot;}\">\n\t\t\t\t\t<div class=\"e-con-inner\">\n\t\t<div class=\"elementor-element elementor-element-4fda86f e-con-full e-flex e-con e-child\" data-id=\"4fda86f\" data-element_type=\"container\" data-e-type=\"container\">\n\t\t\t\t<div class=\"elementor-element elementor-element-fe6d621 elementor-widget elementor-widget-text-editor\" data-id=\"fe6d621\" data-element_type=\"widget\" data-e-type=\"widget\" data-widget_type=\"text-editor.default\">\n\t\t\t\t<div class=\"elementor-widget-container\">\n\t\t\t\t\t\t\t\t\t<h2>Bezp\u0142atne webinarium na temat materia\u0142\u00f3w termoelektrycznych<\/h2>\t\t\t\t\t\t\t\t<\/div>\n\t\t\t\t<\/div>\n\t\t\t\t<div class=\"elementor-element elementor-element-34d74a1 elementor-invisible elementor-widget elementor-widget-text-editor\" data-id=\"34d74a1\" data-element_type=\"widget\" data-e-type=\"widget\" data-settings=\"{&quot;_animation&quot;:&quot;fadeInUp&quot;,&quot;_animation_delay&quot;:500}\" data-widget_type=\"text-editor.default\">\n\t\t\t\t<div class=\"elementor-widget-container\">\n\t\t\t\t\t\t\t\t\t<p><img loading=\"lazy\" decoding=\"async\" class=\"alignnone size-full wp-image-20501\" src=\"https:\/\/www.linseis.com\/wp-content\/uploads\/2024\/07\/Folie8-Seebeck-Effekt-1024x576-1.png\" alt=\"Webinarium na temat efektu Seebecka\" width=\"1024\" height=\"576\" srcset=\"https:\/\/www.linseis.com\/wp-content\/uploads\/2024\/07\/Folie8-Seebeck-Effekt-1024x576-1.png 1024w, https:\/\/www.linseis.com\/wp-content\/uploads\/2024\/07\/Folie8-Seebeck-Effekt-1024x576-1-300x169.png 300w, https:\/\/www.linseis.com\/wp-content\/uploads\/2024\/07\/Folie8-Seebeck-Effekt-1024x576-1-768x432.png 768w\" sizes=\"(max-width: 1024px) 100vw, 1024px\" \/><\/p><p>Pracujesz w dziedzinie analizy materia\u0142\u00f3w termoelektrycznych i chcia\u0142by\u015b dowiedzie\u0107 si\u0119 wi\u0119cej na temat okre\u015blania efektu Seebecka?<\/p><p><a href=\"https:\/\/youtu.be\/se6C6sEpgBU\" target=\"_blank\" rel=\"noopener\">\n  <b>Obejrzyj nasze webinarium bez rejestracji<\/b>\n<\/a>!<\/p>\t\t\t\t\t\t\t\t<\/div>\n\t\t\t\t<\/div>\n\t\t\t\t<\/div>\n\t\t\t\t\t<\/div>\n\t\t\t\t<\/div>\n\t\t\t\t<\/div>\n\t\t","protected":false},"excerpt":{"rendered":"<p>Wsp\u00f3\u0142czynnik Seebecka Wsp\u00f3\u0142czynnik Seebecka &#8211; parametr termofizyczny Efekt Seebecka jest wykorzystywany g\u0142\u00f3wnie do pomiaru temperatury za pomoc\u0105 termopar i staje si\u0119 coraz wa\u017cniejszy w konwersji ciep\u0142a odpadowego na energi\u0119 elektryczn\u0105 za pomoc\u0105 generator\u00f3w termoelektrycznych. Procesy te s\u0105 odwracalne. Odwrotnym procesem, w kt\u00f3rym r\u00f3\u017cnice napi\u0119cia generuj\u0105 r\u00f3\u017cnice temperatur, jest efekt Peltiera, wykorzystywany do ch\u0142odzenia w mikroelektronice [&hellip;]<\/p>\n","protected":false},"author":5,"featured_media":0,"parent":101932,"menu_order":0,"comment_status":"closed","ping_status":"closed","template":"","meta":{"_acf_changed":false,"inline_featured_image":false,"footnotes":""},"class_list":["post-101956","page","type-page","status-publish","hentry"],"acf":[],"_links":{"self":[{"href":"https:\/\/www.linseis.com\/pl\/wp-json\/wp\/v2\/pages\/101956","targetHints":{"allow":["GET"]}}],"collection":[{"href":"https:\/\/www.linseis.com\/pl\/wp-json\/wp\/v2\/pages"}],"about":[{"href":"https:\/\/www.linseis.com\/pl\/wp-json\/wp\/v2\/types\/page"}],"author":[{"embeddable":true,"href":"https:\/\/www.linseis.com\/pl\/wp-json\/wp\/v2\/users\/5"}],"replies":[{"embeddable":true,"href":"https:\/\/www.linseis.com\/pl\/wp-json\/wp\/v2\/comments?post=101956"}],"version-history":[{"count":0,"href":"https:\/\/www.linseis.com\/pl\/wp-json\/wp\/v2\/pages\/101956\/revisions"}],"up":[{"embeddable":true,"href":"https:\/\/www.linseis.com\/pl\/wp-json\/wp\/v2\/pages\/101932"}],"wp:attachment":[{"href":"https:\/\/www.linseis.com\/pl\/wp-json\/wp\/v2\/media?parent=101956"}],"curies":[{"name":"wp","href":"https:\/\/api.w.org\/{rel}","templated":true}]}}