{"id":101941,"date":"2024-07-23T20:12:35","date_gmt":"2024-07-23T18:12:35","guid":{"rendered":"https:\/\/www.linseis.com\/mierzone-zmienne\/entalpia\/"},"modified":"2026-01-16T10:20:52","modified_gmt":"2026-01-16T09:20:52","slug":"entalpia","status":"publish","type":"page","link":"https:\/\/www.linseis.com\/pl\/mierzone-zmienne\/entalpia\/","title":{"rendered":"Entalpia"},"content":{"rendered":"\t\t<div data-elementor-type=\"wp-post\" data-elementor-id=\"101941\" class=\"elementor elementor-101941 elementor-18774\" data-elementor-post-type=\"page\">\n\t\t\t\t<div class=\"elementor-element elementor-element-a3549cf e-flex e-con-boxed e-con e-parent\" data-id=\"a3549cf\" data-element_type=\"container\" data-e-type=\"container\" data-settings=\"{&quot;background_background&quot;:&quot;classic&quot;}\">\n\t\t\t\t\t<div class=\"e-con-inner\">\n\t\t\t\t<div class=\"elementor-element elementor-element-ac41c94 elementor-widget elementor-widget-image\" data-id=\"ac41c94\" data-element_type=\"widget\" data-e-type=\"widget\" data-widget_type=\"image.default\">\n\t\t\t\t<div class=\"elementor-widget-container\">\n\t\t\t\t\t\t\t\t\t\t\t\t\t\t\t<img decoding=\"async\" src=\"https:\/\/www.linseis.com\/wp-content\/uploads\/\/linseis_scale-top-1.svg\" title=\"\" alt=\"\" loading=\"lazy\" \/>\t\t\t\t\t\t\t\t\t\t\t\t\t\t\t<\/div>\n\t\t\t\t<\/div>\n\t\t<div class=\"elementor-element elementor-element-a7b7feb e-con-full e-flex e-con e-child\" data-id=\"a7b7feb\" data-element_type=\"container\" data-e-type=\"container\">\n\t\t<div class=\"elementor-element elementor-element-6100945 e-con-full e-flex e-con e-child\" data-id=\"6100945\" data-element_type=\"container\" data-e-type=\"container\">\n\t\t\t\t<div class=\"elementor-element elementor-element-cc1182c elementor-invisible elementor-widget elementor-widget-heading\" data-id=\"cc1182c\" data-element_type=\"widget\" data-e-type=\"widget\" data-settings=\"{&quot;_animation&quot;:&quot;fadeInUp&quot;,&quot;_animation_delay&quot;:250}\" data-widget_type=\"heading.default\">\n\t\t\t\t<div class=\"elementor-widget-container\">\n\t\t\t\t\t<h1 class=\"elementor-heading-title elementor-size-default\"><b>\nEntalpia\n<\/b><\/h1>\t\t\t\t<\/div>\n\t\t\t\t<\/div>\n\t\t\t\t<\/div>\n\t\t<div class=\"elementor-element elementor-element-6d91a43 e-con-full e-flex e-con e-child\" data-id=\"6d91a43\" data-element_type=\"container\" data-e-type=\"container\">\n\t\t\t\t<div class=\"elementor-element elementor-element-9413374 elementor-widget elementor-widget-n-carousel\" data-id=\"9413374\" data-element_type=\"widget\" data-e-type=\"widget\" data-settings=\"{&quot;carousel_items&quot;:[{&quot;slide_title&quot;:&quot;Produkt 1&quot;,&quot;_id&quot;:&quot;d6fbcdb&quot;}],&quot;slides_to_show&quot;:&quot;1&quot;,&quot;slides_to_scroll&quot;:&quot;2&quot;,&quot;autoplay_speed&quot;:2000,&quot;slides_to_show_tablet&quot;:&quot;1&quot;,&quot;slides_to_show_mobile&quot;:&quot;1&quot;,&quot;autoplay&quot;:&quot;yes&quot;,&quot;pause_on_hover&quot;:&quot;yes&quot;,&quot;pause_on_interaction&quot;:&quot;yes&quot;,&quot;infinite&quot;:&quot;yes&quot;,&quot;speed&quot;:500,&quot;offset_sides&quot;:&quot;none&quot;,&quot;image_spacing_custom&quot;:{&quot;unit&quot;:&quot;px&quot;,&quot;size&quot;:10,&quot;sizes&quot;:[]},&quot;image_spacing_custom_tablet&quot;:{&quot;unit&quot;:&quot;px&quot;,&quot;size&quot;:&quot;&quot;,&quot;sizes&quot;:[]},&quot;image_spacing_custom_mobile&quot;:{&quot;unit&quot;:&quot;px&quot;,&quot;size&quot;:&quot;&quot;,&quot;sizes&quot;:[]}}\" data-widget_type=\"nested-carousel.default\">\n\t\t\t\t<div class=\"elementor-widget-container\">\n\t\t\t\t\t\t\t<div class=\"e-n-carousel swiper\" role=\"region\" aria-roledescription=\"carousel\" aria-label=\"karuzela\" dir=\"ltr\">\n\t\t\t<div class=\"swiper-wrapper\" aria-live=\"off\">\n\t\t\t\t\t\t\t\t\t\t<div class=\"swiper-slide\" data-slide=\"1\" role=\"group\" aria-roledescription=\"slide\" aria-label=\"1 of 1\">\n\t\t\t\t\t\t\t<div class=\"elementor-element elementor-element-44441f5 e-flex e-con-boxed e-con e-child\" data-id=\"44441f5\" data-element_type=\"container\" data-e-type=\"container\">\n\t\t\t\t\t<div class=\"e-con-inner\">\n\t\t\t\t<div class=\"elementor-element elementor-element-4103051 elementor-widget__width-initial elementor-invisible elementor-widget elementor-widget-image\" data-id=\"4103051\" data-element_type=\"widget\" data-e-type=\"widget\" data-settings=\"{&quot;_animation&quot;:&quot;fadeInUp&quot;}\" data-widget_type=\"image.default\">\n\t\t\t\t<div class=\"elementor-widget-container\">\n\t\t\t\t\t\t\t\t\t\t\t\t\t\t\t<img fetchpriority=\"high\" decoding=\"async\" width=\"800\" height=\"800\" src=\"https:\/\/www.linseis.com\/wp-content\/uploads\/2024\/07\/Linseis-Icons_Linien-weiss_Enthalpie-1024x1024.png\" class=\"attachment-large size-large wp-image-35457\" alt=\"\" srcset=\"https:\/\/www.linseis.com\/wp-content\/uploads\/2024\/07\/Linseis-Icons_Linien-weiss_Enthalpie-1024x1024.png 1024w, https:\/\/www.linseis.com\/wp-content\/uploads\/2024\/07\/Linseis-Icons_Linien-weiss_Enthalpie-300x300.png 300w, https:\/\/www.linseis.com\/wp-content\/uploads\/2024\/07\/Linseis-Icons_Linien-weiss_Enthalpie-150x150.png 150w, https:\/\/www.linseis.com\/wp-content\/uploads\/2024\/07\/Linseis-Icons_Linien-weiss_Enthalpie-768x768.png 768w, https:\/\/www.linseis.com\/wp-content\/uploads\/2024\/07\/Linseis-Icons_Linien-weiss_Enthalpie-1536x1536.png 1536w, https:\/\/www.linseis.com\/wp-content\/uploads\/2024\/07\/Linseis-Icons_Linien-weiss_Enthalpie-2048x2048.png 2048w\" sizes=\"(max-width: 800px) 100vw, 800px\" \/>\t\t\t\t\t\t\t\t\t\t\t\t\t\t\t<\/div>\n\t\t\t\t<\/div>\n\t\t\t\t\t<\/div>\n\t\t\t\t<\/div>\n\t\t\t\t\t\t\t\t<\/div>\n\t\t\t\t\t\t\t\t<\/div>\n\t\t<\/div>\n\t\t\t\t\t\t<\/div>\n\t\t\t\t<\/div>\n\t\t\t\t<\/div>\n\t\t\t\t<\/div>\n\t\t\t\t<div class=\"elementor-element elementor-element-b4a6800 elementor-widget elementor-widget-image\" data-id=\"b4a6800\" data-element_type=\"widget\" data-e-type=\"widget\" data-widget_type=\"image.default\">\n\t\t\t\t<div class=\"elementor-widget-container\">\n\t\t\t\t\t\t\t\t\t\t\t\t\t\t\t<img decoding=\"async\" src=\"https:\/\/www.linseis.com\/wp-content\/uploads\/\/linseis_scale-bottom-1.svg\" title=\"\" alt=\"\" loading=\"lazy\" \/>\t\t\t\t\t\t\t\t\t\t\t\t\t\t\t<\/div>\n\t\t\t\t<\/div>\n\t\t\t\t\t<\/div>\n\t\t\t\t<\/div>\n\t\t<div class=\"elementor-element elementor-element-7c8d6cc e-flex e-con-boxed e-con e-parent\" data-id=\"7c8d6cc\" data-element_type=\"container\" data-e-type=\"container\" data-settings=\"{&quot;background_background&quot;:&quot;classic&quot;}\">\n\t\t\t\t\t<div class=\"e-con-inner\">\n\t\t\t\t\t<\/div>\n\t\t\t\t<\/div>\n\t\t<div class=\"elementor-element elementor-element-d7b7522 e-flex e-con-boxed e-con e-parent\" data-id=\"d7b7522\" data-element_type=\"container\" data-e-type=\"container\" data-settings=\"{&quot;background_background&quot;:&quot;classic&quot;}\">\n\t\t\t\t\t<div class=\"e-con-inner\">\n\t\t<div class=\"elementor-element elementor-element-449b6fd e-con-full e-flex e-con e-child\" data-id=\"449b6fd\" data-element_type=\"container\" data-e-type=\"container\">\n\t\t\t\t<div class=\"elementor-element elementor-element-031217d elementor-invisible elementor-widget elementor-widget-wp-widget-bcn_widget\" data-id=\"031217d\" data-element_type=\"widget\" data-e-type=\"widget\" data-settings=\"{&quot;_animation&quot;:&quot;fadeInUp&quot;}\" data-widget_type=\"wp-widget-bcn_widget.default\">\n\t\t\t\t<div class=\"elementor-widget-container\">\n\t\t\t\t\t<div class=\"breadcrumbs\" vocab=\"https:\/\/schema.org\/\" typeof=\"BreadcrumbList\"><span property=\"itemListElement\" typeof=\"ListItem\"><a property=\"item\" typeof=\"WebPage\" title=\"Przejd\u017a do Linseis.\" href=\"https:\/\/www.linseis.com\/pl\/\" class=\"home\" aria-current=\"page\"><span property=\"name\">Linseis<\/span><\/a><meta property=\"position\" content=\"1\"><\/span><\/div>\t\t\t\t<\/div>\n\t\t\t\t<\/div>\n\t\t\t\t<\/div>\n\t\t\t\t\t<\/div>\n\t\t\t\t<\/div>\n\t\t<div class=\"elementor-element elementor-element-ed98f58 e-flex e-con-boxed e-con e-parent\" data-id=\"ed98f58\" data-element_type=\"container\" data-e-type=\"container\" data-settings=\"{&quot;background_background&quot;:&quot;classic&quot;}\">\n\t\t\t\t\t<div class=\"e-con-inner\">\n\t\t<div class=\"elementor-element elementor-element-bbc47b3 e-con-full e-flex e-con e-child\" data-id=\"bbc47b3\" data-element_type=\"container\" data-e-type=\"container\">\n\t\t\t\t<div class=\"elementor-element elementor-element-71a1ec4 elementor-invisible elementor-widget elementor-widget-text-editor\" data-id=\"71a1ec4\" data-element_type=\"widget\" data-e-type=\"widget\" data-settings=\"{&quot;_animation&quot;:&quot;fadeInUp&quot;,&quot;_animation_delay&quot;:500}\" data-widget_type=\"text-editor.default\">\n\t\t\t\t<div class=\"elementor-widget-container\">\n\t\t\t\t\t\t\t\t\t<h2>Entalpia &#8211; zmienna mierzona w analizie termicznej<\/h2>\t\t\t\t\t\t\t\t<\/div>\n\t\t\t\t<\/div>\n\t\t\t\t<div class=\"elementor-element elementor-element-32d9053 elementor-widget elementor-widget-text-editor\" data-id=\"32d9053\" data-element_type=\"widget\" data-e-type=\"widget\" data-widget_type=\"text-editor.default\">\n\t\t\t\t<div class=\"elementor-widget-container\">\n\t\t\t\t\t\t\t\t\t<h3>Co to jest entalpia?<\/h3><p>Entalpia reakcji to zmiana entalpii pr\u00f3bki podczas reakcji chemicznej. Reakcje, w kt\u00f3rych energia jest uwalniana w postaci ciep\u0142a, s\u0105 okre\u015blane jako egzotermiczne. Reakcje, w kt\u00f3rych energia musi zosta\u0107 dostarczona, nazywane s\u0105 endotermicznymi.  <\/p><p>Entalpie topnienia s\u0105 prostym przyk\u0142adem proces\u00f3w endotermicznych, poniewa\u017c zwykle konieczne jest zastosowanie ciep\u0142a do uk\u0142adu w celu rozbicia jego sta\u0142ej struktury krystalicznej i przekszta\u0142cenia go w faz\u0119 ciek\u0142\u0105 z cz\u0105steczkami, kt\u00f3re mog\u0105 si\u0119 swobodnie porusza\u0107 wzgl\u0119dem siebie. Przyk\u0142adem reakcji egzotermicznej jest prosty proces spalania, w kt\u00f3rym substancja reaguje z tlenem, uwalniaj\u0105c energi\u0119. <\/p>\t\t\t\t\t\t\t\t<\/div>\n\t\t\t\t<\/div>\n\t\t\t\t<\/div>\n\t\t\t\t\t<\/div>\n\t\t\t\t<\/div>\n\t\t<div class=\"elementor-element elementor-element-3473d73 e-flex e-con-boxed elementor-invisible e-con e-parent\" data-id=\"3473d73\" data-element_type=\"container\" data-e-type=\"container\" data-settings=\"{&quot;animation&quot;:&quot;fadeInUp&quot;}\">\n\t\t\t\t\t<div class=\"e-con-inner\">\n\t\t\t\t<div class=\"elementor-element elementor-element-11f930b elementor-widget elementor-widget-image\" data-id=\"11f930b\" data-element_type=\"widget\" data-e-type=\"widget\" data-widget_type=\"image.default\">\n\t\t\t\t<div class=\"elementor-widget-container\">\n\t\t\t\t\t\t\t\t\t\t\t\t\t\t\t<img decoding=\"async\" width=\"800\" height=\"385\" src=\"https:\/\/www.linseis.com\/wp-content\/uploads\/2024\/07\/Reaktionsenthalpie-endotherm-vs-exotherm-1024x493.png\" class=\"attachment-large size-large wp-image-34695\" alt=\"\" srcset=\"https:\/\/www.linseis.com\/wp-content\/uploads\/2024\/07\/Reaktionsenthalpie-endotherm-vs-exotherm-1024x493.png 1024w, https:\/\/www.linseis.com\/wp-content\/uploads\/2024\/07\/Reaktionsenthalpie-endotherm-vs-exotherm-300x144.png 300w, https:\/\/www.linseis.com\/wp-content\/uploads\/2024\/07\/Reaktionsenthalpie-endotherm-vs-exotherm-768x370.png 768w, https:\/\/www.linseis.com\/wp-content\/uploads\/2024\/07\/Reaktionsenthalpie-endotherm-vs-exotherm.png 1350w\" sizes=\"(max-width: 800px) 100vw, 800px\" \/>\t\t\t\t\t\t\t\t\t\t\t\t\t\t\t<\/div>\n\t\t\t\t<\/div>\n\t\t\t\t\t<\/div>\n\t\t\t\t<\/div>\n\t\t<div class=\"elementor-element elementor-element-8801439 e-flex e-con-boxed elementor-invisible e-con e-parent\" data-id=\"8801439\" data-element_type=\"container\" data-e-type=\"container\" data-settings=\"{&quot;background_background&quot;:&quot;classic&quot;,&quot;animation&quot;:&quot;fadeInUp&quot;}\">\n\t\t\t\t\t<div class=\"e-con-inner\">\n\t\t<div class=\"elementor-element elementor-element-4fda86f e-con-full e-flex e-con e-child\" data-id=\"4fda86f\" data-element_type=\"container\" data-e-type=\"container\">\n\t\t\t\t<div class=\"elementor-element elementor-element-fe6d621 elementor-widget elementor-widget-text-editor\" data-id=\"fe6d621\" data-element_type=\"widget\" data-e-type=\"widget\" data-widget_type=\"text-editor.default\">\n\t\t\t\t<div class=\"elementor-widget-container\">\n\t\t\t\t\t\t\t\t\t<h2>\nR\u00f3\u017cnica mi\u0119dzy reakcjami endotermicznymi i egzotermicznymi:\n<\/h2>\n\t\t\t\t\t\t\t\t<\/div>\n\t\t\t\t<\/div>\n\t\t\t\t<div class=\"elementor-element elementor-element-34d74a1 elementor-widget elementor-widget-text-editor\" data-id=\"34d74a1\" data-element_type=\"widget\" data-e-type=\"widget\" data-widget_type=\"text-editor.default\">\n\t\t\t\t<div class=\"elementor-widget-container\">\n\t\t\t\t\t\t\t\t\t<p><strong>Endotermiczny:<\/strong><\/p>\n<ul>\n<li>Energia jest zu\u017cywana (ciep\u0142o jest poch\u0142aniane)<\/li>\n<li>Energia zu\u017cyta lub wymagana do reakcji<\/li>\n<li>Wzrost entalpii wewn\u0119trznej<\/li>\n<\/ul>\n<p><strong><br>Przyk\u0142adami proces\u00f3w endotermicznych s\u0105<\/strong><\/p>\n<ul>\n<li>Rozpuszczanie soli w rozpuszczalnikach<\/li>\n<li>Rozszczepianie alkan\u00f3w<\/li>\n<li>P\u0142yny odparowuj\u0105ce<\/li>\n<li>Topniej\u0105ce cia\u0142a sta\u0142e<\/li>\n<\/ul>\n<p><\/p>\n<p><strong><br><\/strong><\/p><p><strong><br><\/strong><\/p><p><strong>Egzotermiczny<\/strong>:<\/p>\n<ul>\n<li>Uwalniana jest energia (uwalniane jest ciep\u0142o)<\/li>\n<li>Reakcja jest spontaniczna lub wywo\u0142ana<\/li>\n<li>Spadek entalpii wewn\u0119trznej<\/li>\n<\/ul>\n<p><strong><br>Przyk\u0142ady proces\u00f3w egzotermicznych:<\/strong><\/p>\n<ul>\n<li>Reakcja termitowa<\/li>\n<li>Neutralizacja (np. mieszanie kwasu i zasady w celu utworzenia soli i wody)<\/li>\n<li>Wi\u0119kszo\u015b\u0107 <a href=\"https:\/\/www.linseis.com\/pl\/?p=101646\">\n  <b>reakcji polimeryzacji<\/b>\n<\/a><\/li>\n<li>Spalanie<\/li>\n<li>Oddychanie<\/li>\n<li>Korozja metali (reakcja utleniania)<\/li>\n<li>Wi\u0119kszo\u015b\u0107 <a href=\"https:\/\/www.linseis.com\/pl\/?p=101634\">\n  <b>proces\u00f3w krystalizacji<\/b>\n<\/a><\/li>\n<\/ul>\t\t\t\t\t\t\t\t<\/div>\n\t\t\t\t<\/div>\n\t\t\t\t<\/div>\n\t\t\t\t\t<\/div>\n\t\t\t\t<\/div>\n\t\t<div class=\"elementor-element elementor-element-aed7062 e-flex e-con-boxed elementor-invisible e-con e-parent\" data-id=\"aed7062\" data-element_type=\"container\" data-e-type=\"container\" data-settings=\"{&quot;animation&quot;:&quot;fadeInUp&quot;}\">\n\t\t\t\t\t<div class=\"e-con-inner\">\n\t\t\t\t<div class=\"elementor-element elementor-element-aae54ad elementor-widget elementor-widget-image\" data-id=\"aae54ad\" data-element_type=\"widget\" data-e-type=\"widget\" data-widget_type=\"image.default\">\n\t\t\t\t<div class=\"elementor-widget-container\">\n\t\t\t\t\t\t\t\t\t\t\t\t\t\t\t<img decoding=\"async\" width=\"800\" height=\"382\" src=\"https:\/\/www.linseis.com\/wp-content\/uploads\/2024\/07\/Enthalpie-Titelbild-1024x489.png\" class=\"attachment-large size-large wp-image-34699\" alt=\"\" srcset=\"https:\/\/www.linseis.com\/wp-content\/uploads\/2024\/07\/Enthalpie-Titelbild-1024x489.png 1024w, https:\/\/www.linseis.com\/wp-content\/uploads\/2024\/07\/Enthalpie-Titelbild-300x143.png 300w, https:\/\/www.linseis.com\/wp-content\/uploads\/2024\/07\/Enthalpie-Titelbild-768x366.png 768w, https:\/\/www.linseis.com\/wp-content\/uploads\/2024\/07\/Enthalpie-Titelbild-1536x733.png 1536w, https:\/\/www.linseis.com\/wp-content\/uploads\/2024\/07\/Enthalpie-Titelbild.png 1920w\" sizes=\"(max-width: 800px) 100vw, 800px\" \/>\t\t\t\t\t\t\t\t\t\t\t\t\t\t\t<\/div>\n\t\t\t\t<\/div>\n\t\t\t\t\t<\/div>\n\t\t\t\t<\/div>\n\t\t<div class=\"elementor-element elementor-element-50adb82 e-flex e-con-boxed e-con e-parent\" data-id=\"50adb82\" data-element_type=\"container\" data-e-type=\"container\" data-settings=\"{&quot;background_background&quot;:&quot;classic&quot;}\">\n\t\t\t\t\t<div class=\"e-con-inner\">\n\t\t<div class=\"elementor-element elementor-element-cad4e8f e-con-full e-flex e-con e-child\" data-id=\"cad4e8f\" data-element_type=\"container\" data-e-type=\"container\">\n\t\t\t\t<div class=\"elementor-element elementor-element-b17a273 elementor-widget elementor-widget-shortcode\" data-id=\"b17a273\" data-element_type=\"widget\" data-e-type=\"widget\" data-widget_type=\"shortcode.default\">\n\t\t\t\t<div class=\"elementor-widget-container\">\n\t\t\t\t\t\t\t<div class=\"elementor-shortcode\"><script type=\"application\/ld+json\">{\n  \"@context\": \"https:\/\/schema.org\",\n  \"@type\": \"FAQPage\",\n  \"mainEntity\": [{\n    \"@type\": \"Question\",\n    \"name\": \"Was ist die Enthalpie?\",\n    \"acceptedAnswer\": {\n      \"@type\": \"Answer\",\n      \"text\": \"Enthalpie ist ein Konzept aus der Thermodynamik, das oft in der Chemie und Physik verwendet wird, um Energie\u00e4nderungen bei chemischen Reaktionen und physikalischen Prozessen zu beschreiben, insbesondere solchen, die bei konstantem Druck ablaufen.\"\n    }\n  },{\n    \"@type\": \"Question\",\n    \"name\": \"Was ist die Reaktionsenthalpie?\",\n    \"acceptedAnswer\": {\n      \"@type\": \"Answer\",\n      \"text\": \"Als Reaktionsenthalpie bezeichnet man die Enthalpie\u00e4nderung einer Probe w\u00e4hrend einer chemischen Reaktion. Reaktionen, bei denen Energie in Form von W\u00e4rme frei wird bezeichnet man dabei als exotherm. Reaktionen, bei denen Energie zugef\u00fchrt werden muss als endotherm.\"\n    }\n  },{\n    \"@type\": \"Question\",\n    \"name\": \"Was ist die Schmelzenthalpie?\",\n    \"acceptedAnswer\": {\n      \"@type\": \"Answer\",\n      \"text\": \"Schmelzenthalpien sind dabei ein einfaches Beispiel f\u00fcr endotherme Vorg\u00e4nge, da man meistens W\u00e4rmearbeit in ein System geben muss, um dessen feste Kristallstruktur aufzubrechen und es in eine fl\u00fcssige Phase mit frei gegeneinander beweglichen Molek\u00fclen zu \u00fcberf\u00fchren. Ein Beispiel f\u00fcr eine exotherme Reaktion ist ein einfacher Verbrennungsvorgang, bei dem ein Stoff unter Abgabe von Energie mit Sauerstoff reagiert.\"\n    }\n  }]\n}\n<\/script><\/div>\n\t\t\t\t\t\t<\/div>\n\t\t\t\t<\/div>\n\t\t\t\t<\/div>\n\t\t\t\t\t<\/div>\n\t\t\t\t<\/div>\n\t\t\t\t<\/div>\n\t\t","protected":false},"excerpt":{"rendered":"<p>Entalpia Entalpia &#8211; zmienna mierzona w analizie termicznej Co to jest entalpia? Entalpia reakcji to zmiana entalpii pr\u00f3bki podczas reakcji chemicznej. Reakcje, w kt\u00f3rych energia jest uwalniana w postaci ciep\u0142a, s\u0105 okre\u015blane jako egzotermiczne. Reakcje, w kt\u00f3rych energia musi zosta\u0107 dostarczona, nazywane s\u0105 endotermicznymi. Entalpie topnienia s\u0105 prostym przyk\u0142adem proces\u00f3w endotermicznych, poniewa\u017c zwykle konieczne jest [&hellip;]<\/p>\n","protected":false},"author":5,"featured_media":0,"parent":101932,"menu_order":0,"comment_status":"closed","ping_status":"closed","template":"","meta":{"_acf_changed":false,"inline_featured_image":false,"footnotes":""},"class_list":["post-101941","page","type-page","status-publish","hentry"],"acf":[],"_links":{"self":[{"href":"https:\/\/www.linseis.com\/pl\/wp-json\/wp\/v2\/pages\/101941","targetHints":{"allow":["GET"]}}],"collection":[{"href":"https:\/\/www.linseis.com\/pl\/wp-json\/wp\/v2\/pages"}],"about":[{"href":"https:\/\/www.linseis.com\/pl\/wp-json\/wp\/v2\/types\/page"}],"author":[{"embeddable":true,"href":"https:\/\/www.linseis.com\/pl\/wp-json\/wp\/v2\/users\/5"}],"replies":[{"embeddable":true,"href":"https:\/\/www.linseis.com\/pl\/wp-json\/wp\/v2\/comments?post=101941"}],"version-history":[{"count":0,"href":"https:\/\/www.linseis.com\/pl\/wp-json\/wp\/v2\/pages\/101941\/revisions"}],"up":[{"embeddable":true,"href":"https:\/\/www.linseis.com\/pl\/wp-json\/wp\/v2\/pages\/101932"}],"wp:attachment":[{"href":"https:\/\/www.linseis.com\/pl\/wp-json\/wp\/v2\/media?parent=101941"}],"curies":[{"name":"wp","href":"https:\/\/api.w.org\/{rel}","templated":true}]}}