{"id":101936,"date":"2024-07-23T19:41:46","date_gmt":"2024-07-23T17:41:46","guid":{"rendered":"https:\/\/www.linseis.com\/mierzone-zmienne\/modul-sprezystosci\/"},"modified":"2026-01-16T10:21:11","modified_gmt":"2026-01-16T09:21:11","slug":"modul-sprezystosci","status":"publish","type":"page","link":"https:\/\/www.linseis.com\/pl\/mierzone-zmienne\/modul-sprezystosci\/","title":{"rendered":"Modu\u0142 spr\u0119\u017cysto\u015bci"},"content":{"rendered":"\t\t<div data-elementor-type=\"wp-post\" data-elementor-id=\"101936\" class=\"elementor elementor-101936 elementor-18718\" data-elementor-post-type=\"page\">\n\t\t\t\t<div class=\"elementor-element elementor-element-a3549cf e-flex e-con-boxed e-con e-parent\" data-id=\"a3549cf\" data-element_type=\"container\" data-e-type=\"container\" data-settings=\"{&quot;background_background&quot;:&quot;classic&quot;}\">\n\t\t\t\t\t<div class=\"e-con-inner\">\n\t\t\t\t<div class=\"elementor-element elementor-element-ac41c94 elementor-widget elementor-widget-image\" data-id=\"ac41c94\" data-element_type=\"widget\" data-e-type=\"widget\" data-widget_type=\"image.default\">\n\t\t\t\t<div class=\"elementor-widget-container\">\n\t\t\t\t\t\t\t\t\t\t\t\t\t\t\t<img decoding=\"async\" src=\"https:\/\/www.linseis.com\/wp-content\/uploads\/\/linseis_scale-top-1.svg\" title=\"\" alt=\"\" loading=\"lazy\" \/>\t\t\t\t\t\t\t\t\t\t\t\t\t\t\t<\/div>\n\t\t\t\t<\/div>\n\t\t<div class=\"elementor-element elementor-element-a7b7feb e-con-full e-flex e-con e-child\" data-id=\"a7b7feb\" data-element_type=\"container\" data-e-type=\"container\">\n\t\t<div class=\"elementor-element elementor-element-6100945 e-con-full e-flex e-con e-child\" data-id=\"6100945\" data-element_type=\"container\" data-e-type=\"container\">\n\t\t\t\t<div class=\"elementor-element elementor-element-cc1182c elementor-invisible elementor-widget elementor-widget-heading\" data-id=\"cc1182c\" data-element_type=\"widget\" data-e-type=\"widget\" data-settings=\"{&quot;_animation&quot;:&quot;fadeInUp&quot;,&quot;_animation_delay&quot;:250}\" data-widget_type=\"heading.default\">\n\t\t\t\t<div class=\"elementor-widget-container\">\n\t\t\t\t\t<h1 class=\"elementor-heading-title elementor-size-default\"><b>\nModu\u0142 spr\u0119\u017cysto\u015bci\n<\/b><\/h1>\t\t\t\t<\/div>\n\t\t\t\t<\/div>\n\t\t\t\t<\/div>\n\t\t<div class=\"elementor-element elementor-element-6d91a43 e-con-full e-flex e-con e-child\" data-id=\"6d91a43\" data-element_type=\"container\" data-e-type=\"container\">\n\t\t\t\t<div class=\"elementor-element elementor-element-d7d34fa elementor-widget__width-initial elementor-invisible elementor-widget elementor-widget-image\" data-id=\"d7d34fa\" data-element_type=\"widget\" data-e-type=\"widget\" data-settings=\"{&quot;_animation&quot;:&quot;fadeInUp&quot;}\" data-widget_type=\"image.default\">\n\t\t\t\t<div class=\"elementor-widget-container\">\n\t\t\t\t\t\t\t\t\t\t\t\t\t\t\t<img fetchpriority=\"high\" decoding=\"async\" width=\"800\" height=\"800\" src=\"https:\/\/www.linseis.com\/wp-content\/uploads\/2024\/07\/Linseis-Icons_Linien-weiss_Elastizitaetsmodul-1024x1024.png\" class=\"attachment-large size-large wp-image-35453\" alt=\"\" srcset=\"https:\/\/www.linseis.com\/wp-content\/uploads\/2024\/07\/Linseis-Icons_Linien-weiss_Elastizitaetsmodul-1024x1024.png 1024w, https:\/\/www.linseis.com\/wp-content\/uploads\/2024\/07\/Linseis-Icons_Linien-weiss_Elastizitaetsmodul-300x300.png 300w, https:\/\/www.linseis.com\/wp-content\/uploads\/2024\/07\/Linseis-Icons_Linien-weiss_Elastizitaetsmodul-150x150.png 150w, https:\/\/www.linseis.com\/wp-content\/uploads\/2024\/07\/Linseis-Icons_Linien-weiss_Elastizitaetsmodul-768x768.png 768w, https:\/\/www.linseis.com\/wp-content\/uploads\/2024\/07\/Linseis-Icons_Linien-weiss_Elastizitaetsmodul-1536x1536.png 1536w, https:\/\/www.linseis.com\/wp-content\/uploads\/2024\/07\/Linseis-Icons_Linien-weiss_Elastizitaetsmodul-2048x2048.png 2048w\" sizes=\"(max-width: 800px) 100vw, 800px\" \/>\t\t\t\t\t\t\t\t\t\t\t\t\t\t\t<\/div>\n\t\t\t\t<\/div>\n\t\t\t\t<\/div>\n\t\t\t\t<\/div>\n\t\t\t\t<div class=\"elementor-element elementor-element-b4a6800 elementor-widget elementor-widget-image\" data-id=\"b4a6800\" data-element_type=\"widget\" data-e-type=\"widget\" data-widget_type=\"image.default\">\n\t\t\t\t<div class=\"elementor-widget-container\">\n\t\t\t\t\t\t\t\t\t\t\t\t\t\t\t<img decoding=\"async\" src=\"https:\/\/www.linseis.com\/wp-content\/uploads\/\/linseis_scale-bottom-1.svg\" title=\"\" alt=\"\" loading=\"lazy\" \/>\t\t\t\t\t\t\t\t\t\t\t\t\t\t\t<\/div>\n\t\t\t\t<\/div>\n\t\t\t\t\t<\/div>\n\t\t\t\t<\/div>\n\t\t<div class=\"elementor-element elementor-element-7c8d6cc e-flex e-con-boxed e-con e-parent\" data-id=\"7c8d6cc\" data-element_type=\"container\" data-e-type=\"container\" data-settings=\"{&quot;background_background&quot;:&quot;classic&quot;}\">\n\t\t\t\t\t<div class=\"e-con-inner\">\n\t\t\t\t\t<\/div>\n\t\t\t\t<\/div>\n\t\t<div class=\"elementor-element elementor-element-d7b7522 e-flex e-con-boxed e-con e-parent\" data-id=\"d7b7522\" data-element_type=\"container\" data-e-type=\"container\" data-settings=\"{&quot;background_background&quot;:&quot;classic&quot;}\">\n\t\t\t\t\t<div class=\"e-con-inner\">\n\t\t<div class=\"elementor-element elementor-element-449b6fd e-con-full e-flex e-con e-child\" data-id=\"449b6fd\" data-element_type=\"container\" data-e-type=\"container\">\n\t\t\t\t<div class=\"elementor-element elementor-element-031217d elementor-invisible elementor-widget elementor-widget-wp-widget-bcn_widget\" data-id=\"031217d\" data-element_type=\"widget\" data-e-type=\"widget\" data-settings=\"{&quot;_animation&quot;:&quot;fadeInUp&quot;}\" data-widget_type=\"wp-widget-bcn_widget.default\">\n\t\t\t\t<div class=\"elementor-widget-container\">\n\t\t\t\t\t<div class=\"breadcrumbs\" vocab=\"https:\/\/schema.org\/\" typeof=\"BreadcrumbList\"><span property=\"itemListElement\" typeof=\"ListItem\"><a property=\"item\" typeof=\"WebPage\" title=\"Przejd\u017a do Linseis.\" href=\"https:\/\/www.linseis.com\/pl\/\" class=\"home\" aria-current=\"page\"><span property=\"name\">Linseis<\/span><\/a><meta property=\"position\" content=\"1\"><\/span><\/div>\t\t\t\t<\/div>\n\t\t\t\t<\/div>\n\t\t\t\t<\/div>\n\t\t\t\t\t<\/div>\n\t\t\t\t<\/div>\n\t\t<div class=\"elementor-element elementor-element-ed98f58 e-flex e-con-boxed e-con e-parent\" data-id=\"ed98f58\" data-element_type=\"container\" data-e-type=\"container\" data-settings=\"{&quot;background_background&quot;:&quot;classic&quot;}\">\n\t\t\t\t\t<div class=\"e-con-inner\">\n\t\t<div class=\"elementor-element elementor-element-bbc47b3 e-con-full e-flex e-con e-child\" data-id=\"bbc47b3\" data-element_type=\"container\" data-e-type=\"container\">\n\t\t\t\t<div class=\"elementor-element elementor-element-71a1ec4 elementor-invisible elementor-widget elementor-widget-text-editor\" data-id=\"71a1ec4\" data-element_type=\"widget\" data-e-type=\"widget\" data-settings=\"{&quot;_animation&quot;:&quot;fadeInUp&quot;,&quot;_animation_delay&quot;:500}\" data-widget_type=\"text-editor.default\">\n\t\t\t\t<div class=\"elementor-widget-container\">\n\t\t\t\t\t\t\t\t\t<h2>Modu\u0142 spr\u0119\u017cysto\u015bci &#8211; parametr analizy termomechanicznej<\/h2><p>U podstaw nauki o materia\u0142ach, chemii i fizyki le\u017cy zrozumienie w\u0142a\u015bciwo\u015bci materia\u0142\u00f3w, z kt\u00f3rych modu\u0142 spr\u0119\u017cysto\u015bci jest jednym z najbardziej fundamentalnych. Zrozumienie tego parametru ma kluczowe znaczenie dla naukowc\u00f3w w celu interpretacji zachowania materia\u0142\u00f3w pod obci\u0105\u017ceniem. <\/p>\t\t\t\t\t\t\t\t<\/div>\n\t\t\t\t<\/div>\n\t\t\t\t<div class=\"elementor-element elementor-element-32d9053 elementor-widget elementor-widget-text-editor\" data-id=\"32d9053\" data-element_type=\"widget\" data-e-type=\"widget\" data-widget_type=\"text-editor.default\">\n\t\t\t\t<div class=\"elementor-widget-container\">\n\t\t\t\t\t\t\t\t\t<h3>Co to jest modu\u0142 spr\u0119\u017cysto\u015bci?<\/h3><p>Modu\u0142 spr\u0119\u017cysto\u015bci (modu\u0142 elastyczno\u015bci) to parametr opisuj\u0105cy sztywno\u015b\u0107 materia\u0142u. Wskazuje on, w jaki spos\u00f3b materia\u0142 reaguje na zewn\u0119trzn\u0105 si\u0142\u0119 rozci\u0105gaj\u0105c\u0105 przy <a href=\"https:\/\/www.linseis.com\/pl\/mierzone-zmienne\/wspolczynnik-rozszerzalnosci-liniowej\/\"><strong>zmian\u0105 d\u0142ugo\u015bci<\/strong> <\/a>reaguje na zewn\u0119trzn\u0105 si\u0142\u0119 rozci\u0105gaj\u0105c\u0105. <\/p><p><strong>Prawo Hooke&#8217;a: Prawo Hooke&#8217;a stanowi podstaw\u0119 i stwierdza, \u017ce wyd\u0142u\u017cenie materia\u0142u jest proporcjonalne do przy\u0142o\u017conego napr\u0119\u017cenia, o ile granica spr\u0119\u017cysto\u015bci nie zostanie przekroczona.<\/strong><\/p><h3>Pomiar napr\u0119\u017cenia rozci\u0105gaj\u0105cego<\/h3><p>W nauce i praktyce in\u017cynierskiej napr\u0119\u017cenie rozci\u0105gaj\u0105ce jest krytycznym parametrem opisuj\u0105cym zachowanie materia\u0142u pod obci\u0105\u017ceniem. Jest to miara tego, jak zewn\u0119trznie przy\u0142o\u017cona si\u0142a wp\u0142ywa na struktur\u0119 molekularn\u0105 materia\u0142u. <\/p><h3>Obliczanie napi\u0119cia:<\/h3><p>Precyzyjne okre\u015blenie napr\u0119\u017cenia rozci\u0105gaj\u0105cego ma kluczowe znaczenie dla oceny wytrzyma\u0142o\u015bci i elastyczno\u015bci materia\u0142u.<\/p><p><strong>Wz\u00f3r<\/strong>: Napr\u0119\u017cenie (\u03c3) = si\u0142a (F) \/ pole przekroju poprzecznego (A)<\/p><p><strong>Jednostka<\/strong>: Jednostk\u0105 napi\u0119cia jest Pascal (Pa), gdzie 1 Pa = 1 N\/m\u00b2.<\/p><h3>Poj\u0119cie napr\u0119\u017cenia rozci\u0105gaj\u0105cego:<\/h3><p><strong>Proporcjonalno\u015b\u0107 bezpo\u015brednia<\/strong>: W zakresie spr\u0119\u017cysto\u015bci materia\u0142u napr\u0119\u017cenie rozci\u0105gaj\u0105ce jest wprost proporcjonalne do odkszta\u0142cenia, co ilustruje prawo Hooke&#8217;a.<\/p><p><strong>Obci\u0105\u017cenie krytyczne<\/strong>: Napr\u0119\u017cenie rozci\u0105gaj\u0105ce nie mo\u017ce przekroczy\u0107 pewnej granicy, znanej jako granica spr\u0119\u017cysto\u015bci, aby unikn\u0105\u0107 nieodwracalnego uszkodzenia materia\u0142u.<\/p><h3>Zastosowanie pomiaru napi\u0119cia:<\/h3><p><strong>Projektowanie i bezpiecze\u0144stwo<\/strong>: In\u017cynierowie wykorzystuj\u0105 wiedz\u0119 na temat napr\u0119\u017ce\u0144 rozci\u0105gaj\u0105cych, aby zapewni\u0107, \u017ce konstrukcje i materia\u0142y s\u0105 prawid\u0142owo zwymiarowane i spe\u0142niaj\u0105 wymogi bezpiecze\u0144stwa.<\/p><p><strong>Kontrola jako\u015bci<\/strong>: W produkcji pomiar napr\u0119\u017ce\u0144 rozci\u0105gaj\u0105cych jest wykorzystywany do sprawdzania zgodno\u015bci ze specyfikacjami materia\u0142owymi i zapewnienia sp\u00f3jno\u015bci produkt\u00f3w.<\/p>\t\t\t\t\t\t\t\t<\/div>\n\t\t\t\t<\/div>\n\t\t\t\t<div class=\"elementor-element elementor-element-6dcfcf4 elementor-widget elementor-widget-text-editor\" data-id=\"6dcfcf4\" data-element_type=\"widget\" data-e-type=\"widget\" data-widget_type=\"text-editor.default\">\n\t\t\t\t<div class=\"elementor-widget-container\">\n\t\t\t\t\t\t\t\t\t<p>Podsumowuj\u0105c:<\/p><ul><li>Napr\u0119\u017cenie rozci\u0105gaj\u0105ce jest miar\u0105 obci\u0105\u017cenia wywieranego na materia\u0142 przez si\u0142\u0119 zewn\u0119trzn\u0105.<\/li><li>Jest on mierzony w paskalach (Pa) i dostarcza informacji o napr\u0119\u017ceniu materia\u0142u.<\/li><li>Oblicze\u0144 dokonuje si\u0119 poprzez podzielenie si\u0142y przez pole przekroju poprzecznego.<\/li><li>Znajomo\u015b\u0107 napr\u0119\u017ce\u0144 rozci\u0105gaj\u0105cych ma kluczowe znaczenie dla projektowania, bezpiecze\u0144stwa i jako\u015bci materia\u0142\u00f3w.<\/li><\/ul>\t\t\t\t\t\t\t\t<\/div>\n\t\t\t\t<\/div>\n\t\t\t\t<\/div>\n\t\t\t\t\t<\/div>\n\t\t\t\t<\/div>\n\t\t<div class=\"elementor-element elementor-element-8801439 e-flex e-con-boxed e-con e-parent\" data-id=\"8801439\" data-element_type=\"container\" data-e-type=\"container\" data-settings=\"{&quot;background_background&quot;:&quot;classic&quot;}\">\n\t\t\t\t\t<div class=\"e-con-inner\">\n\t\t<div class=\"elementor-element elementor-element-4fda86f e-con-full e-flex e-con e-child\" data-id=\"4fda86f\" data-element_type=\"container\" data-e-type=\"container\">\n\t\t\t\t<div class=\"elementor-element elementor-element-fe6d621 elementor-invisible elementor-widget elementor-widget-text-editor\" data-id=\"fe6d621\" data-element_type=\"widget\" data-e-type=\"widget\" data-settings=\"{&quot;_animation&quot;:&quot;fadeInUp&quot;,&quot;_animation_delay&quot;:500}\" data-widget_type=\"text-editor.default\">\n\t\t\t\t<div class=\"elementor-widget-container\">\n\t\t\t\t\t\t\t\t\t<h2>Pomiar napr\u0119\u017cenia<\/h2><p>Odkszta\u0142cenie jest miar\u0105 deformacji materia\u0142u poddanego obci\u0105\u017ceniu. Jest to podstawowa wielko\u015b\u0107 w materia\u0142oznawstwie, kt\u00f3ra pomaga zrozumie\u0107 zachowanie materia\u0142\u00f3w w r\u00f3\u017cnych warunkach obci\u0105\u017cenia. <\/p>\t\t\t\t\t\t\t\t<\/div>\n\t\t\t\t<\/div>\n\t\t\t\t<div class=\"elementor-element elementor-element-34d74a1 elementor-invisible elementor-widget elementor-widget-text-editor\" data-id=\"34d74a1\" data-element_type=\"widget\" data-e-type=\"widget\" data-settings=\"{&quot;_animation&quot;:&quot;fadeInUp&quot;,&quot;_animation_delay&quot;:500}\" data-widget_type=\"text-editor.default\">\n\t\t\t\t<div class=\"elementor-widget-container\">\n\t\t\t\t\t\t\t\t\t<h3>Obliczanie wyd\u0142u\u017cenia:<\/h3><p>Dok\u0142adne obliczenie wyd\u0142u\u017cenia ma kluczowe znaczenie dla zrozumienia elastyczno\u015bci i plastyczno\u015bci materia\u0142u.<\/p><p>Wz\u00f3r: Wyd\u0142u\u017cenie (\u03b5) = \u0394L \/ L\u2080<br>Gdzie:<br>\u0394L = zmiana d\u0142ugo\u015bci<br>L\u2080 = pierwotna d\u0142ugo\u015b\u0107<br>Jednostka: Wyd\u0142u\u017cenie jest wielko\u015bci\u0105 bezwymiarow\u0105 i cz\u0119sto podawane jest jako warto\u015b\u0107 procentowa (%) lub jako czysta liczba dziesi\u0119tna.<\/p><p> <\/p><h3>Zrozumienie odcinka:<\/h3><p><strong>Odkszta\u0142cenie spr\u0119\u017cyste a odkszta\u0142cenie plastyczne:<\/strong> Odkszta\u0142cenie mo\u017cna podzieli\u0107 na zakres spr\u0119\u017cysty (odkszta\u0142cenie odwracalne) i zakres plastyczny (odkszta\u0142cenie nieodwracalne).<\/p><p><br><strong>Granice odkszta\u0142cenia:<\/strong> Materia\u0142y maj\u0105 okre\u015blone granice odkszta\u0142cenia, takie jak granica proporcjonalno\u015bci, granica spr\u0119\u017cysto\u015bci i wyd\u0142u\u017cenie przy zerwaniu.<\/p><h3>Metody pomiaru odkszta\u0142cenia:<\/h3><p><strong>Mechaniczne ekstensometry:<\/strong> Urz\u0105dzenia te fizycznie mierz\u0105 zmian\u0119 d\u0142ugo\u015bci i s\u0105 przymocowane do pr\u00f3bki podczas pr\u00f3by rozci\u0105gania.<\/p><p><br><strong>Metody optyczne:<\/strong> Nowoczesne metody, takie jak cyfrowa korelacja obrazu (DIC), umo\u017cliwiaj\u0105 bezdotykow\u0105 i precyzyjn\u0105 rejestracj\u0119 odkszta\u0142ce\u0144.<\/p><h3>Obszary zastosowa\u0144:<\/h3><p><strong>Testowanie materia\u0142\u00f3w:<\/strong> Pomiary odkszta\u0142cenia s\u0105 istotn\u0105 cz\u0119\u015bci\u0105 testowania materia\u0142\u00f3w w celu scharakteryzowania w\u0142a\u015bciwo\u015bci mechanicznych materia\u0142u.<\/p><p><br><strong>Monitorowanie konstrukcji:<\/strong> Pomiary odkszta\u0142ce\u0144 s\u0105 wykorzystywane w przemy\u015ble budowlanym i lotniczym do monitorowania integralno\u015bci konstrukcji.<\/p>\t\t\t\t\t\t\t\t<\/div>\n\t\t\t\t<\/div>\n\t\t\t\t<div class=\"elementor-element elementor-element-986aae9 elementor-widget elementor-widget-text-editor\" data-id=\"986aae9\" data-element_type=\"widget\" data-e-type=\"widget\" data-widget_type=\"text-editor.default\">\n\t\t\t\t<div class=\"elementor-widget-container\">\n\t\t\t\t\t\t\t\t\t<p>Podsumowuj\u0105c:<\/p><ul><li>Odkszta\u0142cenie okre\u015bla wzgl\u0119dn\u0105 zmian\u0119 d\u0142ugo\u015bci materia\u0142u pod obci\u0105\u017ceniem.<\/li><li>Jest on obliczany poprzez podzielenie zmiany d\u0142ugo\u015bci przez pierwotn\u0105 d\u0142ugo\u015b\u0107.<\/li><li>Odkszta\u0142cenie jest parametrem krytycznym dla zrozumienia i analizy zachowania materia\u0142\u00f3w.<\/li><li>Pomiar odkszta\u0142cenia ma zasadnicze znaczenie dla rozwoju materia\u0142\u00f3w i oceny bezpiecze\u0144stwa konstrukcji.<\/li><\/ul>\t\t\t\t\t\t\t\t<\/div>\n\t\t\t\t<\/div>\n\t\t\t\t<\/div>\n\t\t\t\t\t<\/div>\n\t\t\t\t<\/div>\n\t\t<div class=\"elementor-element elementor-element-aed7062 e-flex e-con-boxed elementor-invisible e-con e-parent\" data-id=\"aed7062\" data-element_type=\"container\" data-e-type=\"container\" data-settings=\"{&quot;animation&quot;:&quot;fadeInUp&quot;}\">\n\t\t\t\t\t<div class=\"e-con-inner\">\n\t\t\t\t<div class=\"elementor-element elementor-element-aae54ad elementor-widget elementor-widget-image\" data-id=\"aae54ad\" data-element_type=\"widget\" data-e-type=\"widget\" data-widget_type=\"image.default\">\n\t\t\t\t<div class=\"elementor-widget-container\">\n\t\t\t\t\t\t\t\t\t\t\t\t\t\t\t<img decoding=\"async\" width=\"800\" height=\"382\" src=\"https:\/\/www.linseis.com\/wp-content\/uploads\/2024\/07\/Dehnung-von-Kabeln-1024x489.png\" class=\"attachment-large size-large wp-image-34670\" alt=\"\" srcset=\"https:\/\/www.linseis.com\/wp-content\/uploads\/2024\/07\/Dehnung-von-Kabeln-1024x489.png 1024w, https:\/\/www.linseis.com\/wp-content\/uploads\/2024\/07\/Dehnung-von-Kabeln-300x143.png 300w, https:\/\/www.linseis.com\/wp-content\/uploads\/2024\/07\/Dehnung-von-Kabeln-768x366.png 768w, https:\/\/www.linseis.com\/wp-content\/uploads\/2024\/07\/Dehnung-von-Kabeln-1536x733.png 1536w, https:\/\/www.linseis.com\/wp-content\/uploads\/2024\/07\/Dehnung-von-Kabeln.png 1920w\" sizes=\"(max-width: 800px) 100vw, 800px\" \/>\t\t\t\t\t\t\t\t\t\t\t\t\t\t\t<\/div>\n\t\t\t\t<\/div>\n\t\t\t\t\t<\/div>\n\t\t\t\t<\/div>\n\t\t<div class=\"elementor-element elementor-element-50adb82 e-flex e-con-boxed e-con e-parent\" data-id=\"50adb82\" data-element_type=\"container\" data-e-type=\"container\" data-settings=\"{&quot;background_background&quot;:&quot;classic&quot;}\">\n\t\t\t\t\t<div class=\"e-con-inner\">\n\t\t<div class=\"elementor-element elementor-element-cad4e8f e-con-full e-flex e-con e-child\" data-id=\"cad4e8f\" data-element_type=\"container\" data-e-type=\"container\">\n\t\t\t\t<div class=\"elementor-element elementor-element-91cf7c6 elementor-invisible elementor-widget elementor-widget-text-editor\" data-id=\"91cf7c6\" data-element_type=\"widget\" data-e-type=\"widget\" data-settings=\"{&quot;_animation&quot;:&quot;fadeInUp&quot;,&quot;_animation_delay&quot;:500}\" data-widget_type=\"text-editor.default\">\n\t\t\t\t<div class=\"elementor-widget-container\">\n\t\t\t\t\t\t\t\t\t<h2>Modu\u0142 spr\u0119\u017cysto\u015bci w szczeg\u00f3\u0142ach<\/h2>\nModu\u0142 spr\u0119\u017cysto\u015bci, cz\u0119sto nazywany w skr\u00f3cie modu\u0142em elastyczno\u015bci, jest kluczowym parametrem w materia\u0142oznawstwie. Opisuje on spr\u0119\u017cyst\u0105 reakcj\u0119 materia\u0142u na obci\u0105\u017cenia zewn\u0119trzne i dlatego jest bezpo\u015bredni\u0105 miar\u0105 sztywno\u015bci materia\u0142u. \t\t\t\t\t\t\t\t<\/div>\n\t\t\t\t<\/div>\n\t\t\t\t<div class=\"elementor-element elementor-element-4c217b5 elementor-invisible elementor-widget elementor-widget-text-editor\" data-id=\"4c217b5\" data-element_type=\"widget\" data-e-type=\"widget\" data-settings=\"{&quot;_animation&quot;:&quot;fadeInUp&quot;,&quot;_animation_delay&quot;:500}\" data-widget_type=\"text-editor.default\">\n\t\t\t\t<div class=\"elementor-widget-container\">\n\t\t\t\t\t\t\t\t\t<h3>Wsp\u00f3\u0142czynnik napr\u0119\u017cenie-odkszta\u0142cenie:<\/h3><p>Stosunek napr\u0119\u017cenia do odkszta\u0142cenia w zakresie spr\u0119\u017cystym materia\u0142u ma kluczowe znaczenie dla zrozumienia jego w\u0142a\u015bciwo\u015bci mechanicznych.<\/p><p>Wz\u00f3r: Modu\u0142 E (E) = \u03c3 \/ \u03b5<br>Gdzie:<br>\u03c3 = napr\u0119\u017cenie<br>\u03b5 = odkszta\u0142cenie<br>Jednostka: Modu\u0142 E jest wyra\u017cany w niutonach na metr kwadratowy (N\/m\u00b2) lub paskalach (Pa), co jest zgodne z jednostk\u0105 ci\u015bnienia.<\/p><p> <\/p><h3>Interpretacja modu\u0142u E:<\/h3><p><strong>Sztywno\u015b\u0107 materia\u0142u<\/strong>: Wy\u017cszy modu\u0142 spr\u0119\u017cysto\u015bci oznacza wi\u0119ksz\u0105 sztywno\u015b\u0107 materia\u0142u, co oznacza, \u017ce jest on mniej podatny na odkszta\u0142cenia pod obci\u0105\u017ceniem.<\/p><p><br><strong>Zachowanie spr\u0119\u017cyste:<\/strong> Modu\u0142 spr\u0119\u017cysto\u015bci ma zastosowanie tylko w zakresie spr\u0119\u017cysto\u015bci materia\u0142u, tj. wszystkie odkszta\u0142cenia s\u0105 odwracalne, a materia\u0142 powraca do swojego pierwotnego kszta\u0142tu po odci\u0105\u017ceniu.<\/p><p> <\/p><h3>Okre\u015blenie modu\u0142u spr\u0119\u017cysto\u015bci:<\/h3><p><strong>Pr\u00f3ba rozci\u0105gania:<\/strong> Modu\u0142 spr\u0119\u017cysto\u015bci jest zwykle okre\u015blany za pomoc\u0105 znormalizowanej pr\u00f3by rozci\u0105gania, w kt\u00f3rej materia\u0142 jest obci\u0105\u017cany a\u017c do punktu zerwania.<\/p><p><br><strong>Wykres napr\u0119\u017cenie-odkszta\u0142cenie:<\/strong> Modu\u0142 spr\u0119\u017cysto\u015bci jest odczytywany z liniowej cz\u0119\u015bci wykresu napr\u0119\u017cenie-odkszta\u0142cenie, kt\u00f3ry przedstawia prawo Hooke&#8217;a.<\/p><p> <\/p><h3>Znaczenie dla wyboru materia\u0142\u00f3w:<\/h3><p><strong>Projektowanie i wyb\u00f3r:<\/strong> Modu\u0142 spr\u0119\u017cysto\u015bci odgrywa wa\u017cn\u0105 rol\u0119 w doborze materia\u0142\u00f3w do konkretnych zastosowa\u0144, zw\u0142aszcza gdy sztywno\u015b\u0107 i stabilno\u015b\u0107 wymiarowa maj\u0105 krytyczne znaczenie.<\/p><p><br><strong>Por\u00f3wnanie r\u00f3\u017cnych materia\u0142\u00f3w:<\/strong> Umo\u017cliwia por\u00f3wnanie w\u0142a\u015bciwo\u015bci mechanicznych r\u00f3\u017cnych materia\u0142\u00f3w w znormalizowanych warunkach.<\/p>\t\t\t\t\t\t\t\t<\/div>\n\t\t\t\t<\/div>\n\t\t\t\t<div class=\"elementor-element elementor-element-e1f00b9 elementor-widget elementor-widget-text-editor\" data-id=\"e1f00b9\" data-element_type=\"widget\" data-e-type=\"widget\" data-widget_type=\"text-editor.default\">\n\t\t\t\t<div class=\"elementor-widget-container\">\n\t\t\t\t\t\t\t\t\t<p>Podsumowuj\u0105c:<\/p><ul><li>Modu\u0142 spr\u0119\u017cysto\u015bci jest miar\u0105 sztywno\u015bci materia\u0142u i jest okre\u015blany w zakresie spr\u0119\u017cystym.<\/li><li>Jest on obliczany jako stosunek napr\u0119\u017cenia do odkszta\u0142cenia i wyra\u017cany w paskalach (Pa).<\/li><li>Wysoki modu\u0142 spr\u0119\u017cysto\u015bci oznacza wysok\u0105 odporno\u015b\u0107 na odkszta\u0142cenia spr\u0119\u017cyste.<\/li><li>Okre\u015blenie modu\u0142u spr\u0119\u017cysto\u015bci jest niezb\u0119dne przy wyborze materia\u0142\u00f3w i projektowaniu komponent\u00f3w.<\/li><\/ul>\t\t\t\t\t\t\t\t<\/div>\n\t\t\t\t<\/div>\n\t\t\t\t<div class=\"elementor-element elementor-element-b17a273 elementor-widget elementor-widget-shortcode\" data-id=\"b17a273\" data-element_type=\"widget\" data-e-type=\"widget\" data-widget_type=\"shortcode.default\">\n\t\t\t\t<div class=\"elementor-widget-container\">\n\t\t\t\t\t\t\t<div class=\"elementor-shortcode\"><script type=\"application\/ld+json\">{\n  \"@context\": \"https:\/\/schema.org\",\n  \"@type\": \"FAQPage\",\n  \"mainEntity\": [{\n    \"@type\": \"Question\",\n    \"name\": \"Was ist der Elastizit\u00e4tsmodul?\",\n    \"acceptedAnswer\": {\n      \"@type\": \"Answer\",\n      \"text\": \"Der Elastizit\u00e4tsmodul (E-Modul) ist eine Kenngr\u00f6\u00dfe, die die Steifigkeit eines Materials beschreibt. Er gibt an, wie ein Material auf eine \u00e4u\u00dfere Zugkraft mit einer L\u00e4ngen\u00e4nderung reagiert.\n\nHookesches Gesetz: Das Hookesche Gesetz bildet die Grundlage und besagt, dass die Dehnung in einem Material proportional zur angelegten Spannung ist, solange der Elastizit\u00e4tsgrenzwert nicht \u00fcberschritten wird.\"\n    }\n  },{\n    \"@type\": \"Question\",\n    \"name\": \"Was ist das Spannungs-Dehnungs Verh\u00e4ltnis?\",\n    \"acceptedAnswer\": {\n      \"@type\": \"Answer\",\n      \"text\": \"Spannung-Dehnung-Verh\u00e4ltnis:\n\nDas Verh\u00e4ltnis von Spannung zu Dehnung im elastischen Bereich eines Materials ist entscheidend f\u00fcr das Verst\u00e4ndnis seiner mechanischen Eigenschaften.\n\nFormel: E-Modul (E) = \u03c3 \/ \u03b5\nDabei ist:\n\u03c3 = Spannung\n\u03b5 = Dehnung\nEinheit: Der E-Modul wird in Newton pro Quadratmeter (N\/m\u00b2) oder Pascal (Pa) ausgedr\u00fcckt, was konsistent mit der Einheit f\u00fcr Druck ist.\"\n    }\n  },{\n    \"@type\": \"Question\",\n    \"name\": \"Wie wird E-Modul bestimmt?\",\n    \"acceptedAnswer\": {\n      \"@type\": \"Answer\",\n      \"text\": \"Zugversuch: Der E-Modul wird typischerweise durch einen standardisierten Zugversuch bestimmt, bei dem ein Material bis zu seinem Bruchpunkt belastet wird.\nSpannungs-Dehnungs-Diagramm: Aus dem linearen Teil des Spannungs-Dehnungs-Diagramms, der das Hookesche Gesetz darstellt, wird der E-Modul abgelesen.\"\n    }\n  }]\n}\n<\/script><\/div>\n\t\t\t\t\t\t<\/div>\n\t\t\t\t<\/div>\n\t\t\t\t<\/div>\n\t\t\t\t\t<\/div>\n\t\t\t\t<\/div>\n\t\t\t\t<\/div>\n\t\t","protected":false},"excerpt":{"rendered":"<p>Modu\u0142 spr\u0119\u017cysto\u015bci Modu\u0142 spr\u0119\u017cysto\u015bci &#8211; parametr analizy termomechanicznej U podstaw nauki o materia\u0142ach, chemii i fizyki le\u017cy zrozumienie w\u0142a\u015bciwo\u015bci materia\u0142\u00f3w, z kt\u00f3rych modu\u0142 spr\u0119\u017cysto\u015bci jest jednym z najbardziej fundamentalnych. Zrozumienie tego parametru ma kluczowe znaczenie dla naukowc\u00f3w w celu interpretacji zachowania materia\u0142\u00f3w pod obci\u0105\u017ceniem. Co to jest modu\u0142 spr\u0119\u017cysto\u015bci? Modu\u0142 spr\u0119\u017cysto\u015bci (modu\u0142 elastyczno\u015bci) to parametr [&hellip;]<\/p>\n","protected":false},"author":5,"featured_media":0,"parent":101932,"menu_order":0,"comment_status":"closed","ping_status":"closed","template":"","meta":{"_acf_changed":false,"inline_featured_image":false,"footnotes":""},"class_list":["post-101936","page","type-page","status-publish","hentry"],"acf":[],"_links":{"self":[{"href":"https:\/\/www.linseis.com\/pl\/wp-json\/wp\/v2\/pages\/101936","targetHints":{"allow":["GET"]}}],"collection":[{"href":"https:\/\/www.linseis.com\/pl\/wp-json\/wp\/v2\/pages"}],"about":[{"href":"https:\/\/www.linseis.com\/pl\/wp-json\/wp\/v2\/types\/page"}],"author":[{"embeddable":true,"href":"https:\/\/www.linseis.com\/pl\/wp-json\/wp\/v2\/users\/5"}],"replies":[{"embeddable":true,"href":"https:\/\/www.linseis.com\/pl\/wp-json\/wp\/v2\/comments?post=101936"}],"version-history":[{"count":0,"href":"https:\/\/www.linseis.com\/pl\/wp-json\/wp\/v2\/pages\/101936\/revisions"}],"up":[{"embeddable":true,"href":"https:\/\/www.linseis.com\/pl\/wp-json\/wp\/v2\/pages\/101932"}],"wp:attachment":[{"href":"https:\/\/www.linseis.com\/pl\/wp-json\/wp\/v2\/media?parent=101936"}],"curies":[{"name":"wp","href":"https:\/\/api.w.org\/{rel}","templated":true}]}}