{"id":101911,"date":"2024-07-23T17:43:52","date_gmt":"2024-07-23T15:43:52","guid":{"rendered":"https:\/\/www.linseis.com\/nadruk\/"},"modified":"2026-01-16T10:24:10","modified_gmt":"2026-01-16T09:24:10","slug":"nadruk","status":"publish","type":"page","link":"https:\/\/www.linseis.com\/pl\/nadruk\/","title":{"rendered":"Nadruk"},"content":{"rendered":"\t\t<div data-elementor-type=\"wp-post\" data-elementor-id=\"101911\" class=\"elementor elementor-101911 elementor-18510\" data-elementor-post-type=\"page\">\n\t\t\t\t<div class=\"elementor-element elementor-element-a3549cf e-flex e-con-boxed e-con e-parent\" data-id=\"a3549cf\" data-element_type=\"container\" data-e-type=\"container\" data-settings=\"{&quot;background_background&quot;:&quot;classic&quot;}\">\n\t\t\t\t\t<div class=\"e-con-inner\">\n\t\t\t\t<div class=\"elementor-element elementor-element-ac41c94 elementor-widget elementor-widget-image\" data-id=\"ac41c94\" data-element_type=\"widget\" data-e-type=\"widget\" data-widget_type=\"image.default\">\n\t\t\t\t<div class=\"elementor-widget-container\">\n\t\t\t\t\t\t\t\t\t\t\t\t\t\t\t<img decoding=\"async\" src=\"https:\/\/www.linseis.com\/wp-content\/uploads\/\/linseis_scale-top-1.svg\" title=\"\" alt=\"\" loading=\"lazy\" \/>\t\t\t\t\t\t\t\t\t\t\t\t\t\t\t<\/div>\n\t\t\t\t<\/div>\n\t\t\t\t<div class=\"elementor-element elementor-element-28a610f elementor-invisible elementor-widget elementor-widget-image\" data-id=\"28a610f\" data-element_type=\"widget\" data-e-type=\"widget\" data-settings=\"{&quot;_animation&quot;:&quot;fadeInUp&quot;}\" data-widget_type=\"image.default\">\n\t\t\t\t<div class=\"elementor-widget-container\">\n\t\t\t\t\t\t\t\t\t\t\t\t\t\t\t<img fetchpriority=\"high\" decoding=\"async\" width=\"800\" height=\"800\" src=\"https:\/\/www.linseis.com\/wp-content\/uploads\/2024\/06\/linseis-pushing-boundaries-1.svg\" class=\"attachment-large size-large wp-image-29194\" alt=\"\" \/>\t\t\t\t\t\t\t\t\t\t\t\t\t\t\t<\/div>\n\t\t\t\t<\/div>\n\t\t\t\t<div class=\"elementor-element elementor-element-b4a6800 elementor-widget elementor-widget-image\" data-id=\"b4a6800\" data-element_type=\"widget\" data-e-type=\"widget\" data-widget_type=\"image.default\">\n\t\t\t\t<div class=\"elementor-widget-container\">\n\t\t\t\t\t\t\t\t\t\t\t\t\t\t\t<img decoding=\"async\" src=\"https:\/\/www.linseis.com\/wp-content\/uploads\/\/linseis_scale-bottom-1.svg\" title=\"\" alt=\"\" loading=\"lazy\" \/>\t\t\t\t\t\t\t\t\t\t\t\t\t\t\t<\/div>\n\t\t\t\t<\/div>\n\t\t\t\t\t<\/div>\n\t\t\t\t<\/div>\n\t\t<div class=\"elementor-element elementor-element-7c8d6cc e-flex e-con-boxed e-con e-parent\" data-id=\"7c8d6cc\" data-element_type=\"container\" data-e-type=\"container\" data-settings=\"{&quot;background_background&quot;:&quot;classic&quot;}\">\n\t\t\t\t\t<div class=\"e-con-inner\">\n\t\t\t\t\t<\/div>\n\t\t\t\t<\/div>\n\t\t<div class=\"elementor-element elementor-element-d7b7522 e-flex e-con-boxed e-con e-parent\" data-id=\"d7b7522\" data-element_type=\"container\" data-e-type=\"container\" data-settings=\"{&quot;background_background&quot;:&quot;classic&quot;}\">\n\t\t\t\t\t<div class=\"e-con-inner\">\n\t\t<div class=\"elementor-element elementor-element-7e2c0c3 e-con-full e-flex e-con e-child\" data-id=\"7e2c0c3\" data-element_type=\"container\" data-e-type=\"container\">\n\t\t\t\t<\/div>\n\t\t<div class=\"elementor-element elementor-element-449b6fd e-con-full e-flex e-con e-child\" data-id=\"449b6fd\" data-element_type=\"container\" data-e-type=\"container\">\n\t\t\t\t<div class=\"elementor-element elementor-element-cc1182c elementor-invisible elementor-widget elementor-widget-heading\" data-id=\"cc1182c\" data-element_type=\"widget\" data-e-type=\"widget\" data-settings=\"{&quot;_animation&quot;:&quot;fadeInUp&quot;,&quot;_animation_delay&quot;:250}\" data-widget_type=\"heading.default\">\n\t\t\t\t<div class=\"elementor-widget-container\">\n\t\t\t\t\t<h1 class=\"elementor-heading-title elementor-size-default\">Nadruk\n<\/h1>\t\t\t\t<\/div>\n\t\t\t\t<\/div>\n\t\t\t\t<div class=\"elementor-element elementor-element-a10166b elementor-widget elementor-widget-text-editor\" data-id=\"a10166b\" data-element_type=\"widget\" data-e-type=\"widget\" data-widget_type=\"text-editor.default\">\n\t\t\t\t<div class=\"elementor-widget-container\">\n\t\t\t\t\t\t\t\t\t<h2>Dane kontaktowe<\/h2>\n<p><strong>LINSEIS Messger\u00e4te GmbH<\/strong><br>Vielitzerstr. 43<br>95100 Selb<br>Niemcy <\/p>\n<p>Telefon: +49 (0) 9287\/880 0<br>Faks: +49 (0) 9287\/704 88<br>Poczta: <a href=\"javascript:secureDecryptAndNavigate('mdC4ZPKfo61o2xdcrZDgpa+60nPXGjKr1mLvDPt6K+TXardvrgi0Lt1XSn8lrsd6JRNdxZ7LSntOYvlLl\/whcOEkAYImJbg=', '746dcd64e4d44146621ffe8607bc6a9cd99322281d7da166e1e71f03fcb20d2c')\">info@linseis.com<\/a><\/p>\n<p><strong>LINSEIS Inc.<\/strong><br>109 North Gold Drive<br>Robbinsville, NJ 08691<\/p>\n<p>telefon: +01 (609) 223 2040<br>faks: +01 (609) 223 2074<br>poczta: <a href=\"javascript:secureDecryptAndNavigate('f05EOcwN5DhMusSo3bE2zsFfmNQVfqtmXXtJ+cB0ktJ46A5HTRUfz9KBxamo9W3owsGKTLJ7boGfDOa1NTtftJuR7LN5wcs=', '746dcd64e4d44146621ffe8607bc6a9cd99322281d7da166e1e71f03fcb20d2c')\">info@linseis.com<\/a><\/p>\n<p><strong>Dyrektorzy zarz\u0105dzaj\u0105cy:<\/strong> Dipl. Phys. Claus Linseis, M.Sc. Florian Linseis, Dr.-Ing. Vincent Linseis<\/p>\n<p><strong>Wpis do rejestru handlowego:<\/strong> S\u0105d lokalny Hof\/Saale: HRB ABT. B nr 299 <\/p>\n<p><strong>Identyfikator podatkowy sprzeda\u017cy:<\/strong> DE 132 951 806<\/p>\n<h3><strong>Odpowiedzialny za tre\u015b\u0107:<\/strong><\/h3>\n<p>LINSEIS Messger\u00e4te GmbH<br>Vielitzerstr. 43<br>95100 Selb<br>Niemcy <\/p>\n<p>Telefon: +49 (0) 9287\/880 0<br>Faks: +49 (0) 9287\/704 88<\/p>\n<h3><strong>Radca prawny<\/strong><\/h3>\n<p>Kancelaria prawna Dr Philippe Linseis.<br>www.kanzlei-linseis.de<\/p>\n<h3><strong>Rozwi\u0105zywanie spor\u00f3w online<\/strong><\/h3>\n<p>Komisja Europejska zapewnia platform\u0119 internetowego rozstrzygania spor\u00f3w pod adresem https:\/\/ec.europa.eu\/consumers\/odr\/, z kt\u00f3rej konsumenci mog\u0105 korzysta\u0107 w celu rozstrzygni\u0119cia sporu i gdzie mo\u017cna znale\u017a\u0107 dalsze informacje na temat rozstrzygania spor\u00f3w.<\/p>\n<h3><strong>Pozas\u0105dowe rozstrzyganie spor\u00f3w<\/strong><\/h3>\n<p>Nie jeste\u015bmy zobowi\u0105zani ani ch\u0119tni do udzia\u0142u w post\u0119powaniu rozstrzygaj\u0105cym spory przed komisj\u0105 arbitra\u017cow\u0105 ds. konsument\u00f3w w przypadku sporu z konsumentem.<\/p>\n<h3><strong>\u0179r\u00f3d\u0142a obrazu<\/strong><\/h3>\n<p>Stock-Fotografie-ID:589102420<br>Stock-Fotografie-ID:636332456<br>Stock-Fotografie-ID:648366944<br>Stock-Fotografie-ID:658909914<br>Stock-Fotografie-ID:827580824<br>Stock-Fotografie-ID:831812316<br>Stock-Fotografie-ID:886451342<br>Stock-Fotografie-ID:908952856<br>Stock-Fotografie-ID:911834392<br>Stock-Fotografie-ID:1022038990<br>Stock-Fotografie-ID:1022686400<br>Stock-Fotografie-ID:528612594<br>Stock-Fotografie-ID:186762833<br>Stock-Fotografie-ID:622428694<br>Stock-Fotografie-ID:181849574<br>Stock-Fotografie-ID:501789362<br>Stock-Fotografie-ID:183805301<br>Stock-Fotografie-ID:842624218<br>Stock-Fotografie-ID:623448316<br>Stock-Fotografie-ID:891885848<br>Stock-Fotografie-ID:813674350<br>Stock-Fotografie-ID:1062061464<\/p>\n<p><strong>Shutterstock:<\/strong><br>333657248<br>1077754430<br>588385358<br>149749874<br>564384325<br>449664868<br>456687193<br>418128811<br>576151555<br>518160529<br>133382534<br>780175252<br>709006249<br>950850238<br>922762614<br>913199998<br>908952856<br>900408694<br>898065152<br>891885848<br>868792010<br>813674350<br>653112934<br>636332456<br>623448316<br>622428694<br>589102420<br>58548832<br>528612594<br>501789362<br>186762833<br>183805301<br>181849574<br>167170620<\/p>\n<h3><strong>Koncepcja, projekt i realizacja<\/strong><\/h3>\n<p><a title=\"Dzi\u0119ki do\u015bwiadczeniu w zakresie Internetu od 1998 roku i naszemu zespo\u0142owi sta\u0142ych pracownik\u00f3w, bitzinger GmbH jest regionalnym punktem kontaktowym dla projekt\u00f3w internetowych. Zainspiruj si\u0119 naszymi referencjami na www.bitzinger.de.\" href=\"https:\/\/www.bitzinger.de\/\" target=\"_blank\" rel=\"noopener\" data-auto-event-observed=\"true\"><img decoding=\"async\" src=\"https:\/\/www.bitzinger.de\/kunden\/bitzinger.de\/impressum\/bitzinger-gmbh.png\" alt=\"bitzinger GmbH\" width=\"220\" height=\"105\"><\/a><\/p>\n<p><strong>\n  <a title=\"Profesjonalne strony firmowe z systemem zarz\u0105dzania tre\u015bci\u0105 TYPO3 CMS\" href=\"https:\/\/www.bitzinger.de\/\" target=\"_blank\" rel=\"noopener\" data-auto-event-observed=\"true\">Obecno\u015b\u0107 w Internecie<\/a>\n<\/strong> |&nbsp;&nbsp;<strong><a title=\"Skuteczne sklepy internetowe z platform\u0105 e-commerce Magento Commerce\" href=\"https:\/\/www.bitzinger.de\/\" target=\"_blank\" rel=\"noopener\" data-auto-event-observed=\"true\">Sklepy internetowe<\/a> | <a title=\"Optymalizacja pod k\u0105tem wyszukiwarek, marketing online i kontrolowanie za pomoc\u0105 Google AdWords i Google Analytics\" href=\"https:\/\/www.bitzinger.de\/\" target=\"_blank\" rel=\"noopener\" data-auto-event-observed=\"true\">Marketing internetowy<\/a> | <a title=\"Dobrze po\u0142\u0105czony z mediami spo\u0142eczno\u015bciowymi na Facebooku, Google+, YouTube, Twitterze i Xing\" href=\"https:\/\/www.bitzinger.de\/\" target=\"_blank\" rel=\"noopener\" data-auto-event-observed=\"true\">Nowe media<\/a><\/strong><\/p>\t\t\t\t\t\t\t\t<\/div>\n\t\t\t\t<\/div>\n\t\t\t\t<\/div>\n\t\t<div class=\"elementor-element elementor-element-13cd405 e-con-full e-flex e-con e-child\" data-id=\"13cd405\" data-element_type=\"container\" data-e-type=\"container\">\n\t\t\t\t<\/div>\n\t\t\t\t\t<\/div>\n\t\t\t\t<\/div>\n\t\t\t\t<\/div>\n\t\t","protected":false},"excerpt":{"rendered":"<p>Nadruk Dane kontaktowe LINSEIS Messger\u00e4te GmbHVielitzerstr. 4395100 SelbNiemcy Telefon: +49 (0) 9287\/880 0Faks: +49 (0) 9287\/704 88Poczta: <a href=\"javascript:secureDecryptAndNavigate('kzju3rJOyfvXV8kWWaShONo697f8RmK1VeIYZ4MV3RM5q1jMXt5tv71vRYmzkmcpdLIn5TIrrQ0WlUva\/37Nq3r8UpidpxI=', '746dcd64e4d44146621ffe8607bc6a9cd99322281d7da166e1e71f03fcb20d2c')\">info@linseis.com<\/a> LINSEIS Inc.109 North Gold DriveRobbinsville, NJ 08691 telefon: +01 (609) 223 2040faks: +01 (609) 223 2074poczta: <a href=\"javascript:secureDecryptAndNavigate('McRy2FA8D4ahMEGw1DXwzNgIx5cacgwnQYvOAcYPaipUj7MvyZ3bT6T4tE8AVfIPkWtt61mzZR7bqskZUnJlUYVuALZSzUQ=', '746dcd64e4d44146621ffe8607bc6a9cd99322281d7da166e1e71f03fcb20d2c')\">info@linseis.com<\/a> Dyrektorzy zarz\u0105dzaj\u0105cy: Dipl. Phys. Claus Linseis, M.Sc. Florian Linseis, Dr.-Ing. Vincent Linseis Wpis do rejestru handlowego: S\u0105d lokalny Hof\/Saale: HRB [&hellip;]<\/p>\n","protected":false},"author":5,"featured_media":0,"parent":0,"menu_order":0,"comment_status":"closed","ping_status":"closed","template":"","meta":{"_acf_changed":false,"inline_featured_image":false,"footnotes":""},"class_list":["post-101911","page","type-page","status-publish","hentry"],"acf":[],"_links":{"self":[{"href":"https:\/\/www.linseis.com\/pl\/wp-json\/wp\/v2\/pages\/101911","targetHints":{"allow":["GET"]}}],"collection":[{"href":"https:\/\/www.linseis.com\/pl\/wp-json\/wp\/v2\/pages"}],"about":[{"href":"https:\/\/www.linseis.com\/pl\/wp-json\/wp\/v2\/types\/page"}],"author":[{"embeddable":true,"href":"https:\/\/www.linseis.com\/pl\/wp-json\/wp\/v2\/users\/5"}],"replies":[{"embeddable":true,"href":"https:\/\/www.linseis.com\/pl\/wp-json\/wp\/v2\/comments?post=101911"}],"version-history":[{"count":0,"href":"https:\/\/www.linseis.com\/pl\/wp-json\/wp\/v2\/pages\/101911\/revisions"}],"wp:attachment":[{"href":"https:\/\/www.linseis.com\/pl\/wp-json\/wp\/v2\/media?parent=101911"}],"curies":[{"name":"wp","href":"https:\/\/api.w.org\/{rel}","templated":true}]}}