{"id":101909,"date":"2025-08-04T11:47:37","date_gmt":"2025-08-04T09:47:37","guid":{"rendered":"https:\/\/www.linseis.com\/system-biletow-zwrotnych\/dziekujemy-za-opinie\/"},"modified":"2026-01-16T10:27:58","modified_gmt":"2026-01-16T09:27:58","slug":"dziekujemy-za-opinie","status":"publish","type":"page","link":"https:\/\/www.linseis.com\/pl\/system-biletow-zwrotnych\/dziekujemy-za-opinie\/","title":{"rendered":"Dzi\u0119kujemy za opini\u0119!"},"content":{"rendered":"\t\t<div data-elementor-type=\"wp-page\" data-elementor-id=\"101909\" class=\"elementor elementor-101909 elementor-92446\" data-elementor-post-type=\"page\">\n\t\t\t\t<div class=\"elementor-element elementor-element-ea15552 e-flex e-con-boxed e-con e-parent\" data-id=\"ea15552\" data-element_type=\"container\" data-e-type=\"container\">\n\t\t\t\t\t<div class=\"e-con-inner\">\n\t\t<div class=\"elementor-element elementor-element-4035e9c e-con-full e-flex e-con e-child\" data-id=\"4035e9c\" data-element_type=\"container\" data-e-type=\"container\">\n\t\t\t\t<div class=\"elementor-element elementor-element-eb7636a elementor-widget elementor-widget-text-editor\" data-id=\"eb7636a\" data-element_type=\"widget\" data-e-type=\"widget\" data-widget_type=\"text-editor.default\">\n\t\t\t\t<div class=\"elementor-widget-container\">\n\t\t\t\t\t\t\t\t\t<p>Dzi\u0119kujemy za po\u015bwi\u0119cenie czasu na wype\u0142nienie naszego formularza opinii.<br data-start=\"459\" data-end=\"462\">Twoja opinia jest dla nas niezwykle cenna &#8211; poniewa\u017c jest to jedyny spos\u00f3b, w jaki mo\u017cemy ulepszy\u0107 nasze us\u0142ugi w ukierunkowany spos\u00f3b i spe\u0142ni\u0107 Twoje oczekiwania w przysz\u0142o\u015bci.<\/p>\t\t\t\t\t\t\t\t<\/div>\n\t\t\t\t<\/div>\n\t\t\t\t<\/div>\n\t\t\t\t\t<\/div>\n\t\t\t\t<\/div>\n\t\t\t\t<\/div>\n\t\t","protected":false},"excerpt":{"rendered":"<p>Dzi\u0119kujemy za po\u015bwi\u0119cenie czasu na wype\u0142nienie naszego formularza opinii.Twoja opinia jest dla nas niezwykle cenna &#8211; poniewa\u017c jest to jedyny spos\u00f3b, w jaki mo\u017cemy ulepszy\u0107 nasze us\u0142ugi w ukierunkowany spos\u00f3b i spe\u0142ni\u0107 Twoje oczekiwania w przysz\u0142o\u015bci.<\/p>\n","protected":false},"author":3,"featured_media":0,"parent":101907,"menu_order":0,"comment_status":"closed","ping_status":"closed","template":"","meta":{"_acf_changed":false,"inline_featured_image":false,"footnotes":""},"class_list":["post-101909","page","type-page","status-publish","hentry"],"acf":[],"_links":{"self":[{"href":"https:\/\/www.linseis.com\/pl\/wp-json\/wp\/v2\/pages\/101909","targetHints":{"allow":["GET"]}}],"collection":[{"href":"https:\/\/www.linseis.com\/pl\/wp-json\/wp\/v2\/pages"}],"about":[{"href":"https:\/\/www.linseis.com\/pl\/wp-json\/wp\/v2\/types\/page"}],"author":[{"embeddable":true,"href":"https:\/\/www.linseis.com\/pl\/wp-json\/wp\/v2\/users\/3"}],"replies":[{"embeddable":true,"href":"https:\/\/www.linseis.com\/pl\/wp-json\/wp\/v2\/comments?post=101909"}],"version-history":[{"count":0,"href":"https:\/\/www.linseis.com\/pl\/wp-json\/wp\/v2\/pages\/101909\/revisions"}],"up":[{"embeddable":true,"href":"https:\/\/www.linseis.com\/pl\/wp-json\/wp\/v2\/pages\/101907"}],"wp:attachment":[{"href":"https:\/\/www.linseis.com\/pl\/wp-json\/wp\/v2\/media?parent=101909"}],"curies":[{"name":"wp","href":"https:\/\/api.w.org\/{rel}","templated":true}]}}