{"id":101835,"date":"2025-07-18T07:45:51","date_gmt":"2025-07-18T05:45:51","guid":{"rendered":"https:\/\/www.linseis.com\/zamow-pomiary\/pomiar-zamowienia\/dziekujemy-za-zapytanie\/"},"modified":"2026-01-16T10:29:44","modified_gmt":"2026-01-16T09:29:44","slug":"dziekujemy-za-zapytanie","status":"publish","type":"page","link":"https:\/\/www.linseis.com\/pl\/zamow-pomiary\/pomiar-zamowienia\/dziekujemy-za-zapytanie\/","title":{"rendered":"Dzi\u0119kujemy za zapytanie"},"content":{"rendered":"\t\t<div data-elementor-type=\"wp-page\" data-elementor-id=\"101835\" class=\"elementor elementor-101835 elementor-89779\" data-elementor-post-type=\"page\">\n\t\t\t\t<div class=\"elementor-element elementor-element-7b2f544 e-flex e-con-boxed e-con e-parent\" data-id=\"7b2f544\" data-element_type=\"container\" data-e-type=\"container\">\n\t\t\t\t\t<div class=\"e-con-inner\">\n\t\t\t\t<div class=\"elementor-element elementor-element-3374d6c elementor-widget elementor-widget-heading\" data-id=\"3374d6c\" data-element_type=\"widget\" data-e-type=\"widget\" data-widget_type=\"heading.default\">\n\t\t\t\t<div class=\"elementor-widget-container\">\n\t\t\t\t\t<h2 class=\"elementor-heading-title elementor-size-default\">Zapytanie zosta\u0142o pomy\u015blnie wys\u0142ane<\/h2>\t\t\t\t<\/div>\n\t\t\t\t<\/div>\n\t\t\t\t\t<\/div>\n\t\t\t\t<\/div>\n\t\t<div class=\"elementor-element elementor-element-ea15552 e-flex e-con-boxed e-con e-parent\" data-id=\"ea15552\" data-element_type=\"container\" data-e-type=\"container\">\n\t\t\t\t\t<div class=\"e-con-inner\">\n\t\t<div class=\"elementor-element elementor-element-4035e9c e-con-full e-flex e-con e-child\" data-id=\"4035e9c\" data-element_type=\"container\" data-e-type=\"container\">\n\t\t\t\t<div class=\"elementor-element elementor-element-ec766e6 elementor-widget elementor-widget-text-editor\" data-id=\"ec766e6\" data-element_type=\"widget\" data-e-type=\"widget\" data-widget_type=\"text-editor.default\">\n\t\t\t\t<div class=\"elementor-widget-container\">\n\t\t\t\t\t\t\t\t\t<p> <\/p><p data-start=\"184\" data-end=\"288\">Dzi\u0119kujemy za przes\u0142ane zapytanie. Przetworzymy je tak szybko, jak to mo\u017cliwe i wkr\u00f3tce si\u0119 z Tob\u0105 skontaktujemy.   <\/p>\t\t\t\t\t\t\t\t<\/div>\n\t\t\t\t<\/div>\n\t\t\t\t<\/div>\n\t\t\t\t\t<\/div>\n\t\t\t\t<\/div>\n\t\t\t\t<\/div>\n\t\t","protected":false},"excerpt":{"rendered":"<p>Zapytanie zosta\u0142o pomy\u015blnie wys\u0142ane Dzi\u0119kujemy za przes\u0142ane zapytanie. Przetworzymy je tak szybko, jak to mo\u017cliwe i wkr\u00f3tce si\u0119 z Tob\u0105 skontaktujemy.<\/p>\n","protected":false},"author":3,"featured_media":0,"parent":101827,"menu_order":0,"comment_status":"closed","ping_status":"closed","template":"","meta":{"_acf_changed":false,"inline_featured_image":false,"footnotes":""},"class_list":["post-101835","page","type-page","status-publish","hentry"],"acf":[],"_links":{"self":[{"href":"https:\/\/www.linseis.com\/pl\/wp-json\/wp\/v2\/pages\/101835","targetHints":{"allow":["GET"]}}],"collection":[{"href":"https:\/\/www.linseis.com\/pl\/wp-json\/wp\/v2\/pages"}],"about":[{"href":"https:\/\/www.linseis.com\/pl\/wp-json\/wp\/v2\/types\/page"}],"author":[{"embeddable":true,"href":"https:\/\/www.linseis.com\/pl\/wp-json\/wp\/v2\/users\/3"}],"replies":[{"embeddable":true,"href":"https:\/\/www.linseis.com\/pl\/wp-json\/wp\/v2\/comments?post=101835"}],"version-history":[{"count":0,"href":"https:\/\/www.linseis.com\/pl\/wp-json\/wp\/v2\/pages\/101835\/revisions"}],"up":[{"embeddable":true,"href":"https:\/\/www.linseis.com\/pl\/wp-json\/wp\/v2\/pages\/101827"}],"wp:attachment":[{"href":"https:\/\/www.linseis.com\/pl\/wp-json\/wp\/v2\/media?parent=101835"}],"curies":[{"name":"wp","href":"https:\/\/api.w.org\/{rel}","templated":true}]}}