{"id":101833,"date":"2025-07-18T08:04:25","date_gmt":"2025-07-18T06:04:25","guid":{"rendered":"https:\/\/www.linseis.com\/zamow-pomiary\/pomiar-zamowienia\/vielen-dank-fuer-ihr-unterschriebenes-probenbegleitformular\/"},"modified":"2026-01-16T10:29:47","modified_gmt":"2026-01-16T09:29:47","slug":"vielen-dank-fuer-ihr-unterschriebenes-probenbegleitformular","status":"publish","type":"page","link":"https:\/\/www.linseis.com\/pl\/zamow-pomiary\/pomiar-zamowienia\/vielen-dank-fuer-ihr-unterschriebenes-probenbegleitformular\/","title":{"rendered":"Vielen Dank f\u00fcr Ihr unterschriebenes Probenbegleitformular"},"content":{"rendered":"\t\t<div data-elementor-type=\"wp-page\" data-elementor-id=\"101833\" class=\"elementor elementor-101833 elementor-89781\" data-elementor-post-type=\"page\">\n\t\t\t\t<div class=\"elementor-element elementor-element-7b2f544 e-flex e-con-boxed e-con e-parent\" data-id=\"7b2f544\" data-element_type=\"container\" data-e-type=\"container\">\n\t\t\t\t\t<div class=\"e-con-inner\">\n\t\t\t\t<div class=\"elementor-element elementor-element-3374d6c elementor-widget elementor-widget-heading\" data-id=\"3374d6c\" data-element_type=\"widget\" data-e-type=\"widget\" data-widget_type=\"heading.default\">\n\t\t\t\t<div class=\"elementor-widget-container\">\n\t\t\t\t\t<h2 class=\"elementor-heading-title elementor-size-default\">Pomy\u015blne przes\u0142anie podpisanego formularza pr\u00f3bnego<\/h2>\t\t\t\t<\/div>\n\t\t\t\t<\/div>\n\t\t\t\t\t<\/div>\n\t\t\t\t<\/div>\n\t\t<div class=\"elementor-element elementor-element-ea15552 e-flex e-con-boxed e-con e-parent\" data-id=\"ea15552\" data-element_type=\"container\" data-e-type=\"container\">\n\t\t\t\t\t<div class=\"e-con-inner\">\n\t\t<div class=\"elementor-element elementor-element-4035e9c e-con-full e-flex e-con e-child\" data-id=\"4035e9c\" data-element_type=\"container\" data-e-type=\"container\">\n\t\t\t\t<div class=\"elementor-element elementor-element-ec766e6 elementor-widget elementor-widget-text-editor\" data-id=\"ec766e6\" data-element_type=\"widget\" data-e-type=\"widget\" data-widget_type=\"text-editor.default\">\n\t\t\t\t<div class=\"elementor-widget-container\">\n\t\t\t\t\t\t\t\t\t<p data-start=\"88\" data-end=\"227\"> <\/p>\n<p data-start=\"88\" data-end=\"227\"><strong data-start=\"88\" data-end=\"227\">Dzi\u0119kujemy za przes\u0142anie formularza zapytania o pr\u00f3bk\u0119. Przetworzymy Twoje zapytanie tak szybko, jak to mo\u017cliwe i wkr\u00f3tce si\u0119 z Tob\u0105 skontaktujemy.   <\/strong><\/p>\n<p data-start=\"229\" data-end=\"283\"><strong data-start=\"229\" data-end=\"283\">Prosimy o przesy\u0142anie pr\u00f3bek na poni\u017cszy adres:<\/strong><\/p>\n<p data-start=\"285\" data-end=\"338\"><b>Laboratorium<br data-start=\"295\" data-end=\"298\">Vielitzer Str. 43<br data-start=\"315\" data-end=\"318\">95100 Selb<br data-start=\"328\" data-end=\"331\">Niemcy  <\/b><\/p>\t\t\t\t\t\t\t\t<\/div>\n\t\t\t\t<\/div>\n\t\t\t\t<\/div>\n\t\t\t\t\t<\/div>\n\t\t\t\t<\/div>\n\t\t\t\t<\/div>\n\t\t","protected":false},"excerpt":{"rendered":"<p>Pomy\u015blne przes\u0142anie podpisanego formularza pr\u00f3bnego Dzi\u0119kujemy za przes\u0142anie formularza zapytania o pr\u00f3bk\u0119. Przetworzymy Twoje zapytanie tak szybko, jak to mo\u017cliwe i wkr\u00f3tce si\u0119 z Tob\u0105 skontaktujemy. Prosimy o przesy\u0142anie pr\u00f3bek na poni\u017cszy adres: LaboratoriumVielitzer Str. 4395100 SelbNiemcy<\/p>\n","protected":false},"author":3,"featured_media":0,"parent":101827,"menu_order":0,"comment_status":"closed","ping_status":"closed","template":"","meta":{"_acf_changed":false,"inline_featured_image":false,"footnotes":""},"class_list":["post-101833","page","type-page","status-publish","hentry"],"acf":[],"_links":{"self":[{"href":"https:\/\/www.linseis.com\/pl\/wp-json\/wp\/v2\/pages\/101833","targetHints":{"allow":["GET"]}}],"collection":[{"href":"https:\/\/www.linseis.com\/pl\/wp-json\/wp\/v2\/pages"}],"about":[{"href":"https:\/\/www.linseis.com\/pl\/wp-json\/wp\/v2\/types\/page"}],"author":[{"embeddable":true,"href":"https:\/\/www.linseis.com\/pl\/wp-json\/wp\/v2\/users\/3"}],"replies":[{"embeddable":true,"href":"https:\/\/www.linseis.com\/pl\/wp-json\/wp\/v2\/comments?post=101833"}],"version-history":[{"count":0,"href":"https:\/\/www.linseis.com\/pl\/wp-json\/wp\/v2\/pages\/101833\/revisions"}],"up":[{"embeddable":true,"href":"https:\/\/www.linseis.com\/pl\/wp-json\/wp\/v2\/pages\/101827"}],"wp:attachment":[{"href":"https:\/\/www.linseis.com\/pl\/wp-json\/wp\/v2\/media?parent=101833"}],"curies":[{"name":"wp","href":"https:\/\/api.w.org\/{rel}","templated":true}]}}