{"id":59884,"date":"2024-07-23T19:41:46","date_gmt":"2024-07-23T17:41:46","guid":{"rendered":"https:\/\/www.linseis.com\/%ec%86%8d%ec%84%b1-properties\/%ec%98%81%ec%9d%98-%ea%b3%84%ec%88%98-youngs-modulus\/"},"modified":"2024-11-27T23:14:38","modified_gmt":"2024-11-27T22:14:38","slug":"%ec%98%81%ec%9d%98-%ea%b3%84%ec%88%98","status":"publish","type":"page","link":"https:\/\/www.linseis.com\/ko\/%ec%a0%9c%ed%92%88%ed%8a%b9%ec%84%b1\/%ec%98%81%ec%9d%98-%ea%b3%84%ec%88%98\/","title":{"rendered":"\uc601\uc758 \uacc4\uc218"},"content":{"rendered":"\t\t<div data-elementor-type=\"wp-post\" data-elementor-id=\"59884\" class=\"elementor elementor-59884 elementor-18718\" data-elementor-post-type=\"page\">\n\t\t\t\t<div class=\"elementor-element elementor-element-a3549cf e-flex e-con-boxed e-con e-parent\" data-id=\"a3549cf\" data-element_type=\"container\" data-e-type=\"container\" data-settings=\"{&quot;background_background&quot;:&quot;classic&quot;}\">\n\t\t\t\t\t<div class=\"e-con-inner\">\n\t\t\t\t<div class=\"elementor-element elementor-element-ac41c94 elementor-widget elementor-widget-image\" data-id=\"ac41c94\" data-element_type=\"widget\" data-e-type=\"widget\" data-widget_type=\"image.default\">\n\t\t\t\t<div class=\"elementor-widget-container\">\n\t\t\t\t\t\t\t\t\t\t\t\t\t\t\t<img decoding=\"async\" src=\"https:\/\/www.linseis.com\/wp-content\/uploads\/\/linseis_scale-top-1.svg\" title=\"\" alt=\"\" loading=\"lazy\" \/>\t\t\t\t\t\t\t\t\t\t\t\t\t\t\t<\/div>\n\t\t\t\t<\/div>\n\t\t<div class=\"elementor-element elementor-element-a7b7feb e-con-full e-flex e-con e-child\" data-id=\"a7b7feb\" data-element_type=\"container\" data-e-type=\"container\">\n\t\t<div class=\"elementor-element elementor-element-6100945 e-con-full e-flex e-con e-child\" data-id=\"6100945\" data-element_type=\"container\" data-e-type=\"container\">\n\t\t\t\t<div class=\"elementor-element elementor-element-cc1182c elementor-invisible elementor-widget elementor-widget-heading\" data-id=\"cc1182c\" data-element_type=\"widget\" data-e-type=\"widget\" data-settings=\"{&quot;_animation&quot;:&quot;fadeInUp&quot;,&quot;_animation_delay&quot;:250}\" data-widget_type=\"heading.default\">\n\t\t\t\t<div class=\"elementor-widget-container\">\n\t\t\t\t\t<h1 class=\"elementor-heading-title elementor-size-default\"><b>\uc601\uc758 \uacc4\uc218<\/b><\/h1>\t\t\t\t<\/div>\n\t\t\t\t<\/div>\n\t\t\t\t<\/div>\n\t\t<div class=\"elementor-element elementor-element-6d91a43 e-con-full e-flex e-con e-child\" data-id=\"6d91a43\" data-element_type=\"container\" data-e-type=\"container\">\n\t\t\t\t<div class=\"elementor-element elementor-element-d7d34fa elementor-widget__width-initial elementor-invisible elementor-widget elementor-widget-image\" data-id=\"d7d34fa\" data-element_type=\"widget\" data-e-type=\"widget\" data-settings=\"{&quot;_animation&quot;:&quot;fadeInUp&quot;}\" data-widget_type=\"image.default\">\n\t\t\t\t<div class=\"elementor-widget-container\">\n\t\t\t\t\t\t\t\t\t\t\t\t\t\t\t<img fetchpriority=\"high\" decoding=\"async\" width=\"800\" height=\"800\" src=\"https:\/\/www.linseis.com\/wp-content\/uploads\/2024\/07\/Linseis-Icons_Linien-weiss_Elastizitaetsmodul-1024x1024.png\" class=\"attachment-large size-large wp-image-21912\" alt=\"\" srcset=\"https:\/\/www.linseis.com\/wp-content\/uploads\/2024\/07\/Linseis-Icons_Linien-weiss_Elastizitaetsmodul-1024x1024.png 1024w, https:\/\/www.linseis.com\/wp-content\/uploads\/2024\/07\/Linseis-Icons_Linien-weiss_Elastizitaetsmodul-300x300.png 300w, https:\/\/www.linseis.com\/wp-content\/uploads\/2024\/07\/Linseis-Icons_Linien-weiss_Elastizitaetsmodul-150x150.png 150w, https:\/\/www.linseis.com\/wp-content\/uploads\/2024\/07\/Linseis-Icons_Linien-weiss_Elastizitaetsmodul-768x768.png 768w, https:\/\/www.linseis.com\/wp-content\/uploads\/2024\/07\/Linseis-Icons_Linien-weiss_Elastizitaetsmodul-1536x1536.png 1536w, https:\/\/www.linseis.com\/wp-content\/uploads\/2024\/07\/Linseis-Icons_Linien-weiss_Elastizitaetsmodul-2048x2048.png 2048w\" sizes=\"(max-width: 800px) 100vw, 800px\" \/>\t\t\t\t\t\t\t\t\t\t\t\t\t\t\t<\/div>\n\t\t\t\t<\/div>\n\t\t\t\t<\/div>\n\t\t\t\t<\/div>\n\t\t\t\t<div class=\"elementor-element elementor-element-b4a6800 elementor-widget elementor-widget-image\" data-id=\"b4a6800\" data-element_type=\"widget\" data-e-type=\"widget\" data-widget_type=\"image.default\">\n\t\t\t\t<div class=\"elementor-widget-container\">\n\t\t\t\t\t\t\t\t\t\t\t\t\t\t\t<img decoding=\"async\" src=\"https:\/\/www.linseis.com\/wp-content\/uploads\/\/linseis_scale-bottom-1.svg\" title=\"\" alt=\"\" loading=\"lazy\" \/>\t\t\t\t\t\t\t\t\t\t\t\t\t\t\t<\/div>\n\t\t\t\t<\/div>\n\t\t\t\t\t<\/div>\n\t\t\t\t<\/div>\n\t\t<div class=\"elementor-element elementor-element-7c8d6cc e-flex e-con-boxed e-con e-parent\" data-id=\"7c8d6cc\" data-element_type=\"container\" data-e-type=\"container\" data-settings=\"{&quot;background_background&quot;:&quot;classic&quot;}\">\n\t\t\t\t\t<div class=\"e-con-inner\">\n\t\t\t\t\t<\/div>\n\t\t\t\t<\/div>\n\t\t<div class=\"elementor-element elementor-element-d7b7522 e-flex e-con-boxed e-con e-parent\" data-id=\"d7b7522\" data-element_type=\"container\" data-e-type=\"container\" data-settings=\"{&quot;background_background&quot;:&quot;classic&quot;}\">\n\t\t\t\t\t<div class=\"e-con-inner\">\n\t\t<div class=\"elementor-element elementor-element-449b6fd e-con-full e-flex e-con e-child\" data-id=\"449b6fd\" data-element_type=\"container\" data-e-type=\"container\">\n\t\t\t\t<div class=\"elementor-element elementor-element-031217d elementor-invisible elementor-widget elementor-widget-wp-widget-bcn_widget\" data-id=\"031217d\" data-element_type=\"widget\" data-e-type=\"widget\" data-settings=\"{&quot;_animation&quot;:&quot;fadeInUp&quot;}\" data-widget_type=\"wp-widget-bcn_widget.default\">\n\t\t\t\t<div class=\"elementor-widget-container\">\n\t\t\t\t\t<div class=\"breadcrumbs\" vocab=\"https:\/\/schema.org\/\" typeof=\"BreadcrumbList\"><span property=\"itemListElement\" typeof=\"ListItem\"><a property=\"item\" typeof=\"WebPage\" title=\"Linseis\uc73c\ub85c \uc774\ub3d9\ud569\ub2c8\ub2e4.\" href=\"https:\/\/www.linseis.com\/ko\/\" class=\"home\" aria-current=\"page\"><span property=\"name\">Linseis<\/span><\/a><meta property=\"position\" content=\"1\"><\/span><\/div>\t\t\t\t<\/div>\n\t\t\t\t<\/div>\n\t\t\t\t<\/div>\n\t\t\t\t\t<\/div>\n\t\t\t\t<\/div>\n\t\t<div class=\"elementor-element elementor-element-ed98f58 e-flex e-con-boxed e-con e-parent\" data-id=\"ed98f58\" data-element_type=\"container\" data-e-type=\"container\" data-settings=\"{&quot;background_background&quot;:&quot;classic&quot;}\">\n\t\t\t\t\t<div class=\"e-con-inner\">\n\t\t<div class=\"elementor-element elementor-element-bbc47b3 e-con-full e-flex e-con e-child\" data-id=\"bbc47b3\" data-element_type=\"container\" data-e-type=\"container\">\n\t\t\t\t<div class=\"elementor-element elementor-element-71a1ec4 elementor-invisible elementor-widget elementor-widget-text-editor\" data-id=\"71a1ec4\" data-element_type=\"widget\" data-e-type=\"widget\" data-settings=\"{&quot;_animation&quot;:&quot;fadeInUp&quot;,&quot;_animation_delay&quot;:500}\" data-widget_type=\"text-editor.default\">\n\t\t\t\t<div class=\"elementor-widget-container\">\n\t\t\t\t\t\t\t\t\t<p>\uc601\uc758 \uacc4\uc218\ub294 \uad6c\uc131 \uc694\uc18c\uc758 \uc815\uc801 \uacc4\uc0b0\uc5d0\uc11c \uc790\uc8fc \ud544\uc694\ud55c \uc7ac\ub8cc \ub9e4\uac1c\ubcc0\uc218\uc785\ub2c8\ub2e4.<br \/>\n\uace0\uccb4\uc5d0 \uc778\uc7a5\ub825\uc774 \uc791\uc6a9\ud558\uba74 \uae38\uc774\uc758 \ubcc0\ud654\uc640 \ud568\uaed8 \ubc18\uc751\ud569\ub2c8\ub2e4.<br \/>\n\uc678\ubd80\uc758 \ub2f9\uae30\ub294 \ud798\uc774 \uba48\ucd94\uc790\ub9c8\uc790 \uae38\uc774\uc758 \ubcc0\ud654\ub97c \uc5ed\uc804\uc2dc\ud0a4\ub294 \ub0b4\ubd80 \ud798\uc774 \ubab8\uccb4\uc5d0 \uc0dd\uc131\ub429\ub2c8\ub2e4.<br \/>\n\uc778\uc7a5\ub825\uc758 \ud06c\uae30\uac00 \uc7ac\ub8cc\uc5d0 \ub530\ub978 \ud55c\uacc4\uac12 \uc544\ub798\uc5d0 \uc788\uc73c\uba74 \ud798\uacfc \uae38\uc774\uc758 \ubcc0\ud654\ub294 \uc11c\ub85c \ube44\ub840\ud569\ub2c8\ub2e4.<br \/>\n\uc774 \uad00\uacc4\ub97c \ud6c4\ud06c\uc758 \ubc95\uce59\uc774\ub77c\uace0 \ud569\ub2c8\ub2e4.    <\/p><\/p>\n\t\t\t\t\t\t\t\t<\/div>\n\t\t\t\t<\/div>\n\t\t\t\t<div class=\"elementor-element elementor-element-32d9053 elementor-invisible elementor-widget elementor-widget-text-editor\" data-id=\"32d9053\" data-element_type=\"widget\" data-e-type=\"widget\" data-settings=\"{&quot;_animation&quot;:&quot;fadeInUp&quot;,&quot;_animation_delay&quot;:500}\" data-widget_type=\"text-editor.default\">\n\t\t\t\t<div class=\"elementor-widget-container\">\n\t\t\t\t\t\t\t\t\t<p>\ube44\uc2b7\ud55c \uacb0\uacfc\ub97c \uc5bb\uae30 \uc704\ud574 \uc778\uc7a5\ub825\uc740 \uc5b8\ub85c\ub4dc\ub41c \uad6c\uc131 \uc694\uc18c\uc758 \ub2e8\uba74\uc801\uacfc \uad00\ub828\uc774 \uc788\uc2b5\ub2c8\ub2e4.\n\ud798\uacfc \ub2e8\uba74\uc801\uc758 \ubaab\uc774 \uc7a5\ub825\uc785\ub2c8\ub2e4. <\/p>\n<p>\uae38\uc774\uc758 \ubcc0\ud654\ub294 \uac19\uc740 \uc774\uc720\ub85c \uc5b8\ub85c\ub4dc\ub41c \ucef4\ud3ec\ub10c\ud2b8\uc758 \uae38\uc774\uc640 \uad00\ub828\uc774 \uc788\uc2b5\ub2c8\ub2e4.\n\uae38\uc774 \uc99d\uac00\uc640 \uc6d0\ub798 \uae38\uc774\uc758 \ubaab\uc774 \uc5f0\uc2e0\uc728\uc785\ub2c8\ub2e4. <\/p>\n<p>&nbsp;<\/p>\n\t\t\t\t\t\t\t\t<\/div>\n\t\t\t\t<\/div>\n\t\t\t\t<\/div>\n\t\t\t\t\t<\/div>\n\t\t\t\t<\/div>\n\t\t<div class=\"elementor-element elementor-element-3473d73 e-flex e-con-boxed elementor-invisible e-con e-parent\" data-id=\"3473d73\" data-element_type=\"container\" data-e-type=\"container\" data-settings=\"{&quot;animation&quot;:&quot;fadeInUp&quot;}\">\n\t\t\t\t\t<div class=\"e-con-inner\">\n\t\t\t\t<div class=\"elementor-element elementor-element-11f930b elementor-widget elementor-widget-image\" data-id=\"11f930b\" data-element_type=\"widget\" data-e-type=\"widget\" data-widget_type=\"image.default\">\n\t\t\t\t<div class=\"elementor-widget-container\">\n\t\t\t\t\t\t\t\t\t\t\t\t\t\t\t<img decoding=\"async\" width=\"800\" height=\"382\" src=\"https:\/\/www.linseis.com\/wp-content\/uploads\/2024\/07\/Elastizitaet-1024x489.png\" class=\"attachment-large size-large wp-image-18603\" alt=\"Elastizit\u00e4t eines Gummibands\" srcset=\"https:\/\/www.linseis.com\/wp-content\/uploads\/2024\/07\/Elastizitaet-1024x489.png 1024w, https:\/\/www.linseis.com\/wp-content\/uploads\/2024\/07\/Elastizitaet-300x143.png 300w, https:\/\/www.linseis.com\/wp-content\/uploads\/2024\/07\/Elastizitaet-768x366.png 768w, https:\/\/www.linseis.com\/wp-content\/uploads\/2024\/07\/Elastizitaet-1536x733.png 1536w, https:\/\/www.linseis.com\/wp-content\/uploads\/2024\/07\/Elastizitaet.png 1920w\" sizes=\"(max-width: 800px) 100vw, 800px\" \/>\t\t\t\t\t\t\t\t\t\t\t\t\t\t\t<\/div>\n\t\t\t\t<\/div>\n\t\t\t\t\t<\/div>\n\t\t\t\t<\/div>\n\t\t<div class=\"elementor-element elementor-element-8801439 e-flex e-con-boxed e-con e-parent\" data-id=\"8801439\" data-element_type=\"container\" data-e-type=\"container\" data-settings=\"{&quot;background_background&quot;:&quot;classic&quot;}\">\n\t\t\t\t\t<div class=\"e-con-inner\">\n\t\t<div class=\"elementor-element elementor-element-4fda86f e-con-full e-flex e-con e-child\" data-id=\"4fda86f\" data-element_type=\"container\" data-e-type=\"container\">\n\t\t\t\t<div class=\"elementor-element elementor-element-fe6d621 elementor-invisible elementor-widget elementor-widget-text-editor\" data-id=\"fe6d621\" data-element_type=\"widget\" data-e-type=\"widget\" data-settings=\"{&quot;_animation&quot;:&quot;fadeInUp&quot;,&quot;_animation_delay&quot;:500}\" data-widget_type=\"text-editor.default\">\n\t\t\t\t<div class=\"elementor-widget-container\">\n\t\t\t\t\t\t\t\t\t<h2>\uc601 \uacc4\uc218\ub780 \ubb34\uc5c7\uc778\uac00\uc694?<\/h2>\n<p>\uc601\uc758 \uacc4\uc218 \ub610\ub294 \uc601 \uacc4\uc218\ub294 \uace0\uccb4 \ubb3c\uc9c8\uc758 \uac15\uc131\uc744 \uce21\uc815\ud558\ub294 \uae30\uacc4\uc801 \ud2b9\uc131\uc785\ub2c8\ub2e4.<\/p>\n<p>&nbsp;<\/p>\n\t\t\t\t\t\t\t\t<\/div>\n\t\t\t\t<\/div>\n\t\t\t\t<div class=\"elementor-element elementor-element-34d74a1 elementor-invisible elementor-widget elementor-widget-text-editor\" data-id=\"34d74a1\" data-element_type=\"widget\" data-e-type=\"widget\" data-settings=\"{&quot;_animation&quot;:&quot;fadeInUp&quot;,&quot;_animation_delay&quot;:500}\" data-widget_type=\"text-editor.default\">\n\t\t\t\t<div class=\"elementor-widget-container\">\n\t\t\t\t\t\t\t\t\t<p>\uc77c\ucd95 \ubcc0\ud615\uc758 \uc120\ud615 \ud0c4\uc131 \uc601\uc5ed\uc5d0\uc11c \uc7ac\ub8cc\uc758 \uc751\ub825(\ub2e8\uc704 \uba74\uc801\ub2f9 \ud798)\uacfc \ubcc0\ud615\ub960(\ube44\ub840 \ubcc0\ud615) \uc0ac\uc774\uc758 \uad00\uacc4\ub97c \uc815\uc758\ud569\ub2c8\ub2e4.\n\uac12\uc740 N \/ m\u00b2 \uce21\uc815 \ub2e8\uc704\ub85c \uc81c\uacf5\ub429\ub2c8\ub2e4. <\/p>\n<p>\uc774 \uce21\uc815 \ub2e8\uc704\ub294 \uc555\ub825\uc758 \ubb3c\ub9ac\uc801 \ud06c\uae30\uc5d0 \uc0ac\uc6a9\ub418\ub294 \ud30c\uc2a4\uce7c \uce21\uc815 \ub2e8\uc704\uc640 \uc218\ud559\uc801\uc73c\ub85c \uc77c\uce58\ud569\ub2c8\ub2e4.\n\uc77c\ubd80 \ud45c\uc5d0\uc11c\ub294 \uc774 \uce21\uc815 \ub2e8\uc704\uac00 \ud0c4\uc131 \uacc4\uc218\uc5d0\ub3c4 \uc0ac\uc6a9\ub429\ub2c8\ub2e4. <\/p>\n\t\t\t\t\t\t\t\t<\/div>\n\t\t\t\t<\/div>\n\t\t\t\t<\/div>\n\t\t\t\t\t<\/div>\n\t\t\t\t<\/div>\n\t\t<div class=\"elementor-element elementor-element-aed7062 e-flex e-con-boxed elementor-invisible e-con e-parent\" data-id=\"aed7062\" data-element_type=\"container\" data-e-type=\"container\" data-settings=\"{&quot;animation&quot;:&quot;fadeInUp&quot;}\">\n\t\t\t\t\t<div class=\"e-con-inner\">\n\t\t\t\t<div class=\"elementor-element elementor-element-aae54ad elementor-widget elementor-widget-image\" data-id=\"aae54ad\" data-element_type=\"widget\" data-e-type=\"widget\" data-widget_type=\"image.default\">\n\t\t\t\t<div class=\"elementor-widget-container\">\n\t\t\t\t\t\t\t\t\t\t\t\t\t\t\t<img decoding=\"async\" width=\"800\" height=\"382\" src=\"https:\/\/www.linseis.com\/wp-content\/uploads\/2024\/07\/Dehnung-von-Kabeln-1024x489.png\" class=\"attachment-large size-large wp-image-18623\" alt=\"Dehnung von Kabeln\" srcset=\"https:\/\/www.linseis.com\/wp-content\/uploads\/2024\/07\/Dehnung-von-Kabeln-1024x489.png 1024w, https:\/\/www.linseis.com\/wp-content\/uploads\/2024\/07\/Dehnung-von-Kabeln-300x143.png 300w, https:\/\/www.linseis.com\/wp-content\/uploads\/2024\/07\/Dehnung-von-Kabeln-768x366.png 768w, https:\/\/www.linseis.com\/wp-content\/uploads\/2024\/07\/Dehnung-von-Kabeln-1536x733.png 1536w, https:\/\/www.linseis.com\/wp-content\/uploads\/2024\/07\/Dehnung-von-Kabeln.png 1920w\" sizes=\"(max-width: 800px) 100vw, 800px\" \/>\t\t\t\t\t\t\t\t\t\t\t\t\t\t\t<\/div>\n\t\t\t\t<\/div>\n\t\t\t\t\t<\/div>\n\t\t\t\t<\/div>\n\t\t<div class=\"elementor-element elementor-element-50adb82 e-flex e-con-boxed e-con e-parent\" data-id=\"50adb82\" data-element_type=\"container\" data-e-type=\"container\" data-settings=\"{&quot;background_background&quot;:&quot;classic&quot;}\">\n\t\t\t\t\t<div class=\"e-con-inner\">\n\t\t<div class=\"elementor-element elementor-element-cad4e8f e-con-full e-flex e-con e-child\" data-id=\"cad4e8f\" data-element_type=\"container\" data-e-type=\"container\">\n\t\t\t\t<div class=\"elementor-element elementor-element-91cf7c6 elementor-invisible elementor-widget elementor-widget-text-editor\" data-id=\"91cf7c6\" data-element_type=\"widget\" data-e-type=\"widget\" data-settings=\"{&quot;_animation&quot;:&quot;fadeInUp&quot;,&quot;_animation_delay&quot;:500}\" data-widget_type=\"text-editor.default\">\n\t\t\t\t<div class=\"elementor-widget-container\">\n\t\t\t\t\t\t\t\t\t\ud0c4\uc131 \uacc4\uc218\uc758 \uacb0\uc815\uc740 \uc778\uc7a5 \uc2dc\ud5d8\uc758 \ub9e5\ub77d\uc5d0\uc11c \uc774\ub8e8\uc5b4\uc9d1\ub2c8\ub2e4. \uc778\uc7a5 \uc2dc\ud5d8\uc5d0\uc11c\ub294 \uc2dc\ud3b8\uc774 \ucc22\uc5b4\uc9c8 \ub54c\uae4c\uc9c0 \uc778\uc7a5\ub825\uc774 \uc99d\uac00\ud558\uba74\uc11c \uc2dc\ud3b8\uc5d0 \uc815\ubc00\ud558\uac8c \uc815\uc758\ub41c \uce58\uc218\ub85c \ud558\uc911\uc744 \uac00\ud569\ub2c8\ub2e4. \uadf8 \uacb0\uacfc \uc7ac\ub8cc \uc751\ub825-\ubcc0\ud615\ub960 \ub2e4\uc774\uc5b4\uadf8\ub7a8\uc758 \ud2b9\uc131\uc774 \ub098\ud0c0\ub0a9\ub2c8\ub2e4. \uc774 \ub2e4\uc774\uc5b4\uadf8\ub7a8\uc758 \uace1\uc120\uc5d0\uc11c \ud0c4\uc131 \uacc4\uc218\uc640 \uc778\uc7a5 \uac15\ub3c4\ub97c \uacc4\uc0b0\ud560 \uc218 \uc788\uc2b5\ub2c8\ub2e4. \ucd94\uac00 \ud2b9\uc131\uc73c\ub85c\ub294 \ud0c4\uc131 \ud55c\uacc4, \ud30c\ub2e8 \uc5f0\uc2e0\uc728 \ubc0f \uace8\uc808 \uc218\ucd95\uc774 \uc788\uc2b5\ub2c8\ub2e4.    \n\n&nbsp;\n\n&nbsp;\t\t\t\t\t\t\t\t<\/div>\n\t\t\t\t<\/div>\n\t\t\t\t<div class=\"elementor-element elementor-element-4c217b5 elementor-invisible elementor-widget elementor-widget-text-editor\" data-id=\"4c217b5\" data-element_type=\"widget\" data-e-type=\"widget\" data-settings=\"{&quot;_animation&quot;:&quot;fadeInUp&quot;,&quot;_animation_delay&quot;:500}\" data-widget_type=\"text-editor.default\">\n\t\t\t\t<div class=\"elementor-widget-container\">\n\t\t\t\t\t\t\t\t\t<p>\uc778\uc7a5 \uc2dc\ud5d8\uc758 \uc870\uac74\uc740 \uc7ac\ub8cc \uadf8\ub8f9\ub9c8\ub2e4 \ub2e4\ub978 \ud45c\uc900\uc5d0 \uba85\uc2dc\ub418\uc5b4 \uc788\uc2b5\ub2c8\ub2e4.<br \/>\n\uc608\ub97c \ub4e4\uc5b4 \uae08\uc18d, \ud50c\ub77c\uc2a4\ud2f1, \uc811\ucc29\uc81c \ub610\ub294 \uc12c\uc720 \uc12c\uc720\ub294 \uc778\uc7a5 \uc751\ub825\uc5d0 \ub2e4\ub974\uac8c \ubc18\uc751\ud55c\ub2e4\ub294 \uc810\uc744 \uace0\ub824\ud569\ub2c8\ub2e4. <\/p>\n<\/p>\n<p>\uad6d\uc81c \ud45c\uc900:<\/p>\n<p><a href=\"https:\/\/www.astm.org\/e0111-17.html\" target=\"_blank\" rel=\"noopener\"><strong>ASTM E111 &#8211; 17 \uc601 \uacc4\uc218, \ud0c4\uc820\ud2b8 \uacc4\uc218 \ubc0f \ucf54\ub4dc \ubaa8\ub4c8\ub8e8\uc5d0 \ub300\ud55c \ud45c\uc900 \ud14c\uc2a4\ud2b8 \ubc29\ubc95<\/strong><\/a><\/p>\n\t\t\t\t\t\t\t\t<\/div>\n\t\t\t\t<\/div>\n\t\t\t\t<div class=\"elementor-element elementor-element-e1f00b9 elementor-widget elementor-widget-text-editor\" data-id=\"e1f00b9\" data-element_type=\"widget\" data-e-type=\"widget\" data-widget_type=\"text-editor.default\">\n\t\t\t\t<div class=\"elementor-widget-container\">\n\t\t\t\t\t\t\t\t\t<p>&nbsp;<\/p>\n\t\t\t\t\t\t\t\t<\/div>\n\t\t\t\t<\/div>\n\t\t\t\t<div class=\"elementor-element elementor-element-b17a273 elementor-widget elementor-widget-shortcode\" data-id=\"b17a273\" data-element_type=\"widget\" data-e-type=\"widget\" data-widget_type=\"shortcode.default\">\n\t\t\t\t<div class=\"elementor-widget-container\">\n\t\t\t\t\t\t\t<div class=\"elementor-shortcode\"><script type=\"application\/ld+json\">{  \"@context\": \"https:\/\/schema.org\",  \"@type\": \"FAQPage\",  \"mainEntity\": [{    \"@type\": \"Question\",    \"name\": \"Was ist der Elastizit\u00e4tsmodul?\",    \"acceptedAnswer\": {      \"@type\": \"Answer\",      \"text\": \"Der Elastizit\u00e4tsmodul (E-Modul) ist eine Kenngr\u00f6\u00dfe, die die Steifigkeit eines Materials beschreibt. Er gibt an, wie ein Material auf eine \u00e4u\u00dfere Zugkraft mit einer L\u00e4ngen\u00e4nderung reagiert.Hookesches Gesetz: Das Hookesche Gesetz bildet die Grundlage und besagt, dass die Dehnung in einem Material proportional zur angelegten Spannung ist, solange der Elastizit\u00e4tsgrenzwert nicht \u00fcberschritten wird.\"    }  },{    \"@type\": \"Question\",    \"name\": \"Was ist das Spannungs-Dehnungs Verh\u00e4ltnis?\",    \"acceptedAnswer\": {      \"@type\": \"Answer\",      \"text\": \"Spannung-Dehnung-Verh\u00e4ltnis:Das Verh\u00e4ltnis von Spannung zu Dehnung im elastischen Bereich eines Materials ist entscheidend f\u00fcr das Verst\u00e4ndnis seiner mechanischen Eigenschaften.Formel: E-Modul (E) = \u03c3 \/ \u03b5Dabei ist:\u03c3 = Spannung\u03b5 = DehnungEinheit: Der E-Modul wird in Newton pro Quadratmeter (N\/m\u00b2) oder Pascal (Pa) ausgedr\u00fcckt, was konsistent mit der Einheit f\u00fcr Druck ist.\"    }  },{    \"@type\": \"Question\",    \"name\": \"Wie wird E-Modul bestimmt?\",    \"acceptedAnswer\": {      \"@type\": \"Answer\",      \"text\": \"Zugversuch: Der E-Modul wird typischerweise durch einen standardisierten Zugversuch bestimmt, bei dem ein Material bis zu seinem Bruchpunkt belastet wird.Spannungs-Dehnungs-Diagramm: Aus dem linearen Teil des Spannungs-Dehnungs-Diagramms, der das Hookesche Gesetz darstellt, wird der E-Modul abgelesen.\"    }  }]}<\/script><\/div>\n\t\t\t\t\t\t<\/div>\n\t\t\t\t<\/div>\n\t\t\t\t<\/div>\n\t\t\t\t\t<\/div>\n\t\t\t\t<\/div>\n\t\t\t\t<\/div>\n\t\t","protected":false},"excerpt":{"rendered":"<p>\uc601\uc758 \uacc4\uc218 \uc601\uc758 \uacc4\uc218\ub294 \uad6c\uc131 \uc694\uc18c\uc758 \uc815\uc801 \uacc4\uc0b0\uc5d0\uc11c \uc790\uc8fc \ud544\uc694\ud55c \uc7ac\ub8cc \ub9e4\uac1c\ubcc0\uc218\uc785\ub2c8\ub2e4. \uace0\uccb4\uc5d0 \uc778\uc7a5\ub825\uc774 \uc791\uc6a9\ud558\uba74 \uae38\uc774\uc758 \ubcc0\ud654\uc640 \ud568\uaed8 \ubc18\uc751\ud569\ub2c8\ub2e4. \uc678\ubd80\uc758 \ub2f9\uae30\ub294 \ud798\uc774 \uba48\ucd94\uc790\ub9c8\uc790 \uae38\uc774\uc758 \ubcc0\ud654\ub97c \uc5ed\uc804\uc2dc\ud0a4\ub294 \ub0b4\ubd80 \ud798\uc774 \ubab8\uccb4\uc5d0 \uc0dd\uc131\ub429\ub2c8\ub2e4. \uc778\uc7a5\ub825\uc758 \ud06c\uae30\uac00 \uc7ac\ub8cc\uc5d0 \ub530\ub978 \ud55c\uacc4\uac12 \uc544\ub798\uc5d0 \uc788\uc73c\uba74 \ud798\uacfc \uae38\uc774\uc758 \ubcc0\ud654\ub294 \uc11c\ub85c \ube44\ub840\ud569\ub2c8\ub2e4. \uc774 \uad00\uacc4\ub97c \ud6c4\ud06c\uc758 \ubc95\uce59\uc774\ub77c\uace0 \ud569\ub2c8\ub2e4. \ube44\uc2b7\ud55c \uacb0\uacfc\ub97c \uc5bb\uae30 \uc704\ud574 \uc778\uc7a5\ub825\uc740 \uc5b8\ub85c\ub4dc\ub41c \uad6c\uc131 \uc694\uc18c\uc758 [&hellip;]<\/p>\n","protected":false},"author":5,"featured_media":0,"parent":59735,"menu_order":0,"comment_status":"closed","ping_status":"closed","template":"","meta":{"_acf_changed":false,"inline_featured_image":false,"footnotes":""},"class_list":["post-59884","page","type-page","status-publish","hentry"],"acf":[],"_links":{"self":[{"href":"https:\/\/www.linseis.com\/ko\/wp-json\/wp\/v2\/pages\/59884","targetHints":{"allow":["GET"]}}],"collection":[{"href":"https:\/\/www.linseis.com\/ko\/wp-json\/wp\/v2\/pages"}],"about":[{"href":"https:\/\/www.linseis.com\/ko\/wp-json\/wp\/v2\/types\/page"}],"author":[{"embeddable":true,"href":"https:\/\/www.linseis.com\/ko\/wp-json\/wp\/v2\/users\/5"}],"replies":[{"embeddable":true,"href":"https:\/\/www.linseis.com\/ko\/wp-json\/wp\/v2\/comments?post=59884"}],"version-history":[{"count":0,"href":"https:\/\/www.linseis.com\/ko\/wp-json\/wp\/v2\/pages\/59884\/revisions"}],"up":[{"embeddable":true,"href":"https:\/\/www.linseis.com\/ko\/wp-json\/wp\/v2\/pages\/59735"}],"wp:attachment":[{"href":"https:\/\/www.linseis.com\/ko\/wp-json\/wp\/v2\/media?parent=59884"}],"curies":[{"name":"wp","href":"https:\/\/api.w.org\/{rel}","templated":true}]}}