{"id":59744,"date":"2024-07-23T20:28:55","date_gmt":"2024-07-23T18:28:55","guid":{"rendered":"https:\/\/www.linseis.com\/%ec%86%8d%ec%84%b1-properties\/%ed%99%80-%ec%83%81%ec%88%98-hall-constant\/"},"modified":"2024-11-27T23:28:59","modified_gmt":"2024-11-27T22:28:59","slug":"%ed%99%80-%ea%b3%84%ec%88%98","status":"publish","type":"page","link":"https:\/\/www.linseis.com\/ko\/%ec%a0%9c%ed%92%88%ed%8a%b9%ec%84%b1\/%ed%99%80-%ea%b3%84%ec%88%98\/","title":{"rendered":"\ud640 \uacc4\uc218"},"content":{"rendered":"\t\t<div data-elementor-type=\"wp-post\" data-elementor-id=\"59744\" class=\"elementor elementor-59744 elementor-18810\" data-elementor-post-type=\"page\">\n\t\t\t\t<div class=\"elementor-element elementor-element-a3549cf e-flex e-con-boxed e-con e-parent\" data-id=\"a3549cf\" data-element_type=\"container\" data-e-type=\"container\" data-settings=\"{&quot;background_background&quot;:&quot;classic&quot;}\">\n\t\t\t\t\t<div class=\"e-con-inner\">\n\t\t\t\t<div class=\"elementor-element elementor-element-ac41c94 elementor-widget elementor-widget-image\" data-id=\"ac41c94\" data-element_type=\"widget\" data-e-type=\"widget\" data-widget_type=\"image.default\">\n\t\t\t\t<div class=\"elementor-widget-container\">\n\t\t\t\t\t\t\t\t\t\t\t\t\t\t\t<img decoding=\"async\" src=\"https:\/\/www.linseis.com\/wp-content\/uploads\/\/linseis_scale-top-1.svg\" title=\"\" alt=\"\" loading=\"lazy\" \/>\t\t\t\t\t\t\t\t\t\t\t\t\t\t\t<\/div>\n\t\t\t\t<\/div>\n\t\t<div class=\"elementor-element elementor-element-a7b7feb e-con-full e-flex e-con e-child\" data-id=\"a7b7feb\" data-element_type=\"container\" data-e-type=\"container\">\n\t\t<div class=\"elementor-element elementor-element-6100945 e-con-full e-flex e-con e-child\" data-id=\"6100945\" data-element_type=\"container\" data-e-type=\"container\">\n\t\t\t\t<div class=\"elementor-element elementor-element-cc1182c elementor-invisible elementor-widget elementor-widget-heading\" data-id=\"cc1182c\" data-element_type=\"widget\" data-e-type=\"widget\" data-settings=\"{&quot;_animation&quot;:&quot;fadeInUp&quot;,&quot;_animation_delay&quot;:250}\" data-widget_type=\"heading.default\">\n\t\t\t\t<div class=\"elementor-widget-container\">\n\t\t\t\t\t<h1 class=\"elementor-heading-title elementor-size-default\"><b>\ud640 \uacc4\uc218<\/b><\/h1>\t\t\t\t<\/div>\n\t\t\t\t<\/div>\n\t\t\t\t<\/div>\n\t\t<div class=\"elementor-element elementor-element-6d91a43 e-con-full e-flex e-con e-child\" data-id=\"6d91a43\" data-element_type=\"container\" data-e-type=\"container\">\n\t\t\t\t<div class=\"elementor-element elementor-element-9413374 elementor-widget elementor-widget-n-carousel\" data-id=\"9413374\" data-element_type=\"widget\" data-e-type=\"widget\" data-settings=\"{&quot;carousel_items&quot;:[{&quot;slide_title&quot;:&quot;Produkt 1&quot;,&quot;_id&quot;:&quot;d6fbcdb&quot;}],&quot;slides_to_show&quot;:&quot;1&quot;,&quot;slides_to_scroll&quot;:&quot;2&quot;,&quot;autoplay_speed&quot;:2000,&quot;slides_to_show_tablet&quot;:&quot;1&quot;,&quot;slides_to_show_mobile&quot;:&quot;1&quot;,&quot;autoplay&quot;:&quot;yes&quot;,&quot;pause_on_hover&quot;:&quot;yes&quot;,&quot;pause_on_interaction&quot;:&quot;yes&quot;,&quot;infinite&quot;:&quot;yes&quot;,&quot;speed&quot;:500,&quot;offset_sides&quot;:&quot;none&quot;,&quot;image_spacing_custom&quot;:{&quot;unit&quot;:&quot;px&quot;,&quot;size&quot;:10,&quot;sizes&quot;:[]},&quot;image_spacing_custom_tablet&quot;:{&quot;unit&quot;:&quot;px&quot;,&quot;size&quot;:&quot;&quot;,&quot;sizes&quot;:[]},&quot;image_spacing_custom_mobile&quot;:{&quot;unit&quot;:&quot;px&quot;,&quot;size&quot;:&quot;&quot;,&quot;sizes&quot;:[]}}\" data-widget_type=\"nested-carousel.default\">\n\t\t\t\t<div class=\"elementor-widget-container\">\n\t\t\t\t\t\t\t<div class=\"e-n-carousel swiper\" role=\"region\" aria-roledescription=\"carousel\" aria-label=\"Carousel\" dir=\"ltr\">\n\t\t\t<div class=\"swiper-wrapper\" aria-live=\"off\">\n\t\t\t\t\t\t\t\t\t\t<div class=\"swiper-slide\" data-slide=\"1\" role=\"group\" aria-roledescription=\"slide\" aria-label=\"1 of 1\">\n\t\t\t\t\t\t\t<div class=\"elementor-element elementor-element-44441f5 e-flex e-con-boxed e-con e-child\" data-id=\"44441f5\" data-element_type=\"container\" data-e-type=\"container\">\n\t\t\t\t\t<div class=\"e-con-inner\">\n\t\t\t\t<div class=\"elementor-element elementor-element-4103051 elementor-widget__width-initial elementor-invisible elementor-widget elementor-widget-image\" data-id=\"4103051\" data-element_type=\"widget\" data-e-type=\"widget\" data-settings=\"{&quot;_animation&quot;:&quot;fadeInUp&quot;}\" data-widget_type=\"image.default\">\n\t\t\t\t<div class=\"elementor-widget-container\">\n\t\t\t\t\t\t\t\t\t\t\t\t\t\t\t<img fetchpriority=\"high\" decoding=\"async\" width=\"800\" height=\"800\" src=\"https:\/\/www.linseis.com\/wp-content\/uploads\/2024\/07\/Linseis-Icons_Linien-weiss_Hall-Koeffizient-1024x1024.png\" class=\"attachment-large size-large wp-image-21926\" alt=\"\" srcset=\"https:\/\/www.linseis.com\/wp-content\/uploads\/2024\/07\/Linseis-Icons_Linien-weiss_Hall-Koeffizient-1024x1024.png 1024w, https:\/\/www.linseis.com\/wp-content\/uploads\/2024\/07\/Linseis-Icons_Linien-weiss_Hall-Koeffizient-300x300.png 300w, https:\/\/www.linseis.com\/wp-content\/uploads\/2024\/07\/Linseis-Icons_Linien-weiss_Hall-Koeffizient-150x150.png 150w, https:\/\/www.linseis.com\/wp-content\/uploads\/2024\/07\/Linseis-Icons_Linien-weiss_Hall-Koeffizient-768x768.png 768w, https:\/\/www.linseis.com\/wp-content\/uploads\/2024\/07\/Linseis-Icons_Linien-weiss_Hall-Koeffizient-1536x1536.png 1536w, https:\/\/www.linseis.com\/wp-content\/uploads\/2024\/07\/Linseis-Icons_Linien-weiss_Hall-Koeffizient-2048x2048.png 2048w\" sizes=\"(max-width: 800px) 100vw, 800px\" \/>\t\t\t\t\t\t\t\t\t\t\t\t\t\t\t<\/div>\n\t\t\t\t<\/div>\n\t\t\t\t\t<\/div>\n\t\t\t\t<\/div>\n\t\t\t\t\t\t\t\t<\/div>\n\t\t\t\t\t\t\t\t<\/div>\n\t\t<\/div>\n\t\t\t\t\t\t<\/div>\n\t\t\t\t<\/div>\n\t\t\t\t<\/div>\n\t\t\t\t<\/div>\n\t\t\t\t<div class=\"elementor-element elementor-element-b4a6800 elementor-widget elementor-widget-image\" data-id=\"b4a6800\" data-element_type=\"widget\" data-e-type=\"widget\" data-widget_type=\"image.default\">\n\t\t\t\t<div class=\"elementor-widget-container\">\n\t\t\t\t\t\t\t\t\t\t\t\t\t\t\t<img decoding=\"async\" src=\"https:\/\/www.linseis.com\/wp-content\/uploads\/\/linseis_scale-bottom-1.svg\" title=\"\" alt=\"\" loading=\"lazy\" \/>\t\t\t\t\t\t\t\t\t\t\t\t\t\t\t<\/div>\n\t\t\t\t<\/div>\n\t\t\t\t\t<\/div>\n\t\t\t\t<\/div>\n\t\t<div class=\"elementor-element elementor-element-7c8d6cc e-flex e-con-boxed e-con e-parent\" data-id=\"7c8d6cc\" data-element_type=\"container\" data-e-type=\"container\" data-settings=\"{&quot;background_background&quot;:&quot;classic&quot;}\">\n\t\t\t\t\t<div class=\"e-con-inner\">\n\t\t\t\t\t<\/div>\n\t\t\t\t<\/div>\n\t\t<div class=\"elementor-element elementor-element-d7b7522 e-flex e-con-boxed e-con e-parent\" data-id=\"d7b7522\" data-element_type=\"container\" data-e-type=\"container\" data-settings=\"{&quot;background_background&quot;:&quot;classic&quot;}\">\n\t\t\t\t\t<div class=\"e-con-inner\">\n\t\t<div class=\"elementor-element elementor-element-449b6fd e-con-full e-flex e-con e-child\" data-id=\"449b6fd\" data-element_type=\"container\" data-e-type=\"container\">\n\t\t\t\t<div class=\"elementor-element elementor-element-031217d elementor-invisible elementor-widget elementor-widget-wp-widget-bcn_widget\" data-id=\"031217d\" data-element_type=\"widget\" data-e-type=\"widget\" data-settings=\"{&quot;_animation&quot;:&quot;fadeInUp&quot;}\" data-widget_type=\"wp-widget-bcn_widget.default\">\n\t\t\t\t<div class=\"elementor-widget-container\">\n\t\t\t\t\t<div class=\"breadcrumbs\" vocab=\"https:\/\/schema.org\/\" typeof=\"BreadcrumbList\"><span property=\"itemListElement\" typeof=\"ListItem\"><a property=\"item\" typeof=\"WebPage\" title=\"Linseis\uc73c\ub85c \uc774\ub3d9\ud569\ub2c8\ub2e4.\" href=\"https:\/\/www.linseis.com\/ko\/\" class=\"home\" aria-current=\"page\"><span property=\"name\">Linseis<\/span><\/a><meta property=\"position\" content=\"1\"><\/span><\/div>\t\t\t\t<\/div>\n\t\t\t\t<\/div>\n\t\t\t\t<\/div>\n\t\t\t\t\t<\/div>\n\t\t\t\t<\/div>\n\t\t<div class=\"elementor-element elementor-element-ed98f58 e-flex e-con-boxed e-con e-parent\" data-id=\"ed98f58\" data-element_type=\"container\" data-e-type=\"container\" data-settings=\"{&quot;background_background&quot;:&quot;classic&quot;}\">\n\t\t\t\t\t<div class=\"e-con-inner\">\n\t\t<div class=\"elementor-element elementor-element-bbc47b3 e-con-full e-flex e-con e-child\" data-id=\"bbc47b3\" data-element_type=\"container\" data-e-type=\"container\">\n\t\t\t\t<div class=\"elementor-element elementor-element-71a1ec4 elementor-invisible elementor-widget elementor-widget-text-editor\" data-id=\"71a1ec4\" data-element_type=\"widget\" data-e-type=\"widget\" data-settings=\"{&quot;_animation&quot;:&quot;fadeInUp&quot;,&quot;_animation_delay&quot;:500}\" data-widget_type=\"text-editor.default\">\n\t\t\t\t<div class=\"elementor-widget-container\">\n\t\t\t\t\t\t\t\t\t<h2>\ud640 \uacc4\uc218 &#8211; \uc5f4\ubb3c\ub9ac\ud559\uc801 \uce21\uc815 \ubcc0\uc218<\/h2>\n\t\t\t\t\t\t\t\t<\/div>\n\t\t\t\t<\/div>\n\t\t\t\t<div class=\"elementor-element elementor-element-32d9053 elementor-invisible elementor-widget elementor-widget-text-editor\" data-id=\"32d9053\" data-element_type=\"widget\" data-e-type=\"widget\" data-settings=\"{&quot;_animation&quot;:&quot;fadeInUp&quot;,&quot;_animation_delay&quot;:500}\" data-widget_type=\"text-editor.default\">\n\t\t\t\t<div class=\"elementor-widget-container\">\n\t\t\t\t\t\t\t\t\t<p>\uc804\ub958\ub97c \uc804\ub2ec\ud558\ub294 \ub3c4\uccb4\uac00 \uc790\uae30\uc7a5 \ub0b4\uc5d0 \uc788\ub294 \uacbd\uc6b0 \ub85c\ub80c\uce20 \ud798\uc740 \uc804\ub958 \ubc0f \uc790\uae30\uc7a5 \ubc29\ud5a5\uc5d0 \uc218\uc9c1\uc73c\ub85c \uc804\ud558 \uce90\ub9ac\uc5b4\uc5d0 \uc791\uc6a9\ud569\ub2c8\ub2e4. \uadf8 \uacb0\uacfc \ubc1c\uc0dd\ud558\ub294 \uc804\ud558 \ubd84\ub9ac\ub97c \ud640 \ud6a8\uacfc\ub77c\uace0 \ud558\uba70 \uce21\uc815 \uac00\ub2a5\ud55c \ud640 \uc804\uc555\uc774 \ubc1c\uc0dd\ud569\ub2c8\ub2e4. <\/p>\n<p>\uc774\ub294 \ud640 \uacc4\uc218\uc640 \uc790\uae30\uc7a5 \uc138\uae30\uc5d0 \ube44\ub840\ud569\ub2c8\ub2e4.\n\ud640 \uacc4\uc218\uc640 \ud640 \ubd80\ud638\ub294 \uc804\ud558 \uce90\ub9ac\uc5b4 \ubc00\ub3c4\uc640 \uc804\ud558 \uce90\ub9ac\uc5b4\uc758 \uc720\ud615\uc5d0 \ub530\ub77c \ub2ec\ub77c\uc9d1\ub2c8\ub2e4. <\/p>\n<p>\ub3c4\ud551\ub41c \ubc18\ub3c4\uccb4\uc5d0\uc11c\ub294 \uc74c\uc804\ud558\ub97c \ub764 \uc804\uc790 \ub610\ub294 \uc591\uc804\ud558\ub97c \ub764 &#8216;\uc815\uacf5&#8217;, \uc989 \ube60\uc9c4 \uc804\uc790\uac00 \uc804\ub958 \ud750\ub984\uc744 \uc77c\uc73c\ud0ac \uc218 \uc788\uc2b5\ub2c8\ub2e4.<\/p>\n<p>\uadf8\ub7ec\ub098 \uad6c\ub9ac\uc640 \uac19\uc740 \uae30\uc874\uc758 \uc804\uae30 \uc804\ub3c4\uccb4\uc5d0\uc11c\ub294 \uc804\uc790\ub9cc \ud750\ub985\ub2c8\ub2e4.<\/p>\t\t\t\t\t\t\t\t<\/div>\n\t\t\t\t<\/div>\n\t\t\t\t<\/div>\n\t\t\t\t\t<\/div>\n\t\t\t\t<\/div>\n\t\t<div class=\"elementor-element elementor-element-3473d73 e-flex e-con-boxed elementor-invisible e-con e-parent\" data-id=\"3473d73\" data-element_type=\"container\" data-e-type=\"container\" data-settings=\"{&quot;animation&quot;:&quot;fadeInUp&quot;}\">\n\t\t\t\t\t<div class=\"e-con-inner\">\n\t\t\t\t<div class=\"elementor-element elementor-element-11f930b elementor-widget elementor-widget-image\" data-id=\"11f930b\" data-element_type=\"widget\" data-e-type=\"widget\" data-widget_type=\"image.default\">\n\t\t\t\t<div class=\"elementor-widget-container\">\n\t\t\t\t\t\t\t\t\t\t\t\t\t\t\t<img decoding=\"async\" width=\"800\" height=\"382\" src=\"https:\/\/www.linseis.com\/wp-content\/uploads\/2024\/07\/Magnetfeld-v2-1024x489.png\" class=\"attachment-large size-large wp-image-18853\" alt=\"Magnetfeld\" srcset=\"https:\/\/www.linseis.com\/wp-content\/uploads\/2024\/07\/Magnetfeld-v2-1024x489.png 1024w, https:\/\/www.linseis.com\/wp-content\/uploads\/2024\/07\/Magnetfeld-v2-300x143.png 300w, https:\/\/www.linseis.com\/wp-content\/uploads\/2024\/07\/Magnetfeld-v2-768x366.png 768w, https:\/\/www.linseis.com\/wp-content\/uploads\/2024\/07\/Magnetfeld-v2-1536x733.png 1536w, https:\/\/www.linseis.com\/wp-content\/uploads\/2024\/07\/Magnetfeld-v2.png 1920w\" sizes=\"(max-width: 800px) 100vw, 800px\" \/>\t\t\t\t\t\t\t\t\t\t\t\t\t\t\t<\/div>\n\t\t\t\t<\/div>\n\t\t\t\t\t<\/div>\n\t\t\t\t<\/div>\n\t\t<div class=\"elementor-element elementor-element-8801439 e-flex e-con-boxed e-con e-parent\" data-id=\"8801439\" data-element_type=\"container\" data-e-type=\"container\" data-settings=\"{&quot;background_background&quot;:&quot;classic&quot;}\">\n\t\t\t\t\t<div class=\"e-con-inner\">\n\t\t<div class=\"elementor-element elementor-element-4fda86f e-con-full e-flex e-con e-child\" data-id=\"4fda86f\" data-element_type=\"container\" data-e-type=\"container\">\n\t\t\t\t<div class=\"elementor-element elementor-element-fe6d621 elementor-invisible elementor-widget elementor-widget-text-editor\" data-id=\"fe6d621\" data-element_type=\"widget\" data-e-type=\"widget\" data-settings=\"{&quot;_animation&quot;:&quot;fadeInUp&quot;,&quot;_animation_delay&quot;:500}\" data-widget_type=\"text-editor.default\">\n\t\t\t\t<div class=\"elementor-widget-container\">\n\t\t\t\t\t\t\t\t\t<h2>\ud640 \uacc4\uc218 \uce21\uc815<\/h2>\n\t\t\t\t\t\t\t\t<\/div>\n\t\t\t\t<\/div>\n\t\t\t\t<div class=\"elementor-element elementor-element-34d74a1 elementor-invisible elementor-widget elementor-widget-text-editor\" data-id=\"34d74a1\" data-element_type=\"widget\" data-e-type=\"widget\" data-settings=\"{&quot;_animation&quot;:&quot;fadeInUp&quot;,&quot;_animation_delay&quot;:500}\" data-widget_type=\"text-editor.default\">\n\t\t\t\t<div class=\"elementor-widget-container\">\n\t\t\t\t\t\t\t\t\t<p>\ud640 \uacc4\uc218\ub294 \ub3c4\uccb4 \ub450\uaed8, \ud640 \uc804\uc555 \ubc0f \uc804\ub958 \uac15\ub3c4\ub97c \uacb0\uc815\ud558\uc5ec \uc0ac\uc6a9\ub41c \uc790\uc11d\uc758 \uc790\uc18d \ubc00\ub3c4\ub97c \uc54c\uace0 \uc788\ub294 \uacbd\uc6b0 \uce21\uc815\ud560 \uc218 \uc788\uc2b5\ub2c8\ub2e4.<\/p>\n<p>\uc704\uc5d0\uc11c \uc124\uba85\ud55c \ud6a8\uacfc\ub97c \ud1b5\ud574 \ube44\uc811\ucd09\uc2dd\uc73c\ub85c \uc790\uae30\uc7a5\uc744 \uc815\ubc00\ud558\uac8c \uce21\uc815\ud560 \uc218 \uc788\uc2b5\ub2c8\ub2e4.\n\uadf8\ub7ec\ub098 \uc790\uc18d \ubc00\ub3c4\uac00 \uc54c\ub824\uc9c4 \uc601\uad6c \uc790\uc11d\uc744 \uc0ac\uc6a9\ud558\uba74 \ub2e4\ub978 \ubaa8\ub4e0 \ud30c\ub77c\ubbf8\ud130\ub97c \uce21\uc815\ud560 \uc218 \uc788\uc2b5\ub2c8\ub2e4. <\/p>\n\t\t\t\t\t\t\t\t<\/div>\n\t\t\t\t<\/div>\n\t\t\t\t<\/div>\n\t\t\t\t\t<\/div>\n\t\t\t\t<\/div>\n\t\t<div class=\"elementor-element elementor-element-aed7062 e-flex e-con-boxed elementor-invisible e-con e-parent\" data-id=\"aed7062\" data-element_type=\"container\" data-e-type=\"container\" data-settings=\"{&quot;animation&quot;:&quot;fadeInUp&quot;}\">\n\t\t\t\t\t<div class=\"e-con-inner\">\n\t\t\t\t<div class=\"elementor-element elementor-element-aae54ad elementor-widget elementor-widget-image\" data-id=\"aae54ad\" data-element_type=\"widget\" data-e-type=\"widget\" data-widget_type=\"image.default\">\n\t\t\t\t<div class=\"elementor-widget-container\">\n\t\t\t\t\t\t\t\t\t\t\t\t\t\t\t<img decoding=\"async\" width=\"800\" height=\"382\" src=\"https:\/\/www.linseis.com\/wp-content\/uploads\/2024\/07\/MRT-v2-1024x489.png\" class=\"attachment-large size-large wp-image-18863\" alt=\"MRT\" srcset=\"https:\/\/www.linseis.com\/wp-content\/uploads\/2024\/07\/MRT-v2-1024x489.png 1024w, https:\/\/www.linseis.com\/wp-content\/uploads\/2024\/07\/MRT-v2-300x143.png 300w, https:\/\/www.linseis.com\/wp-content\/uploads\/2024\/07\/MRT-v2-768x366.png 768w, https:\/\/www.linseis.com\/wp-content\/uploads\/2024\/07\/MRT-v2-1536x733.png 1536w, https:\/\/www.linseis.com\/wp-content\/uploads\/2024\/07\/MRT-v2.png 1920w\" sizes=\"(max-width: 800px) 100vw, 800px\" \/>\t\t\t\t\t\t\t\t\t\t\t\t\t\t\t<\/div>\n\t\t\t\t<\/div>\n\t\t<div class=\"elementor-element elementor-element-b7e57bf e-con-full e-flex e-con e-child\" data-id=\"b7e57bf\" data-element_type=\"container\" data-e-type=\"container\">\n\t\t\t\t<div class=\"elementor-element elementor-element-15674ac elementor-invisible elementor-widget elementor-widget-text-editor\" data-id=\"15674ac\" data-element_type=\"widget\" data-e-type=\"widget\" data-settings=\"{&quot;_animation&quot;:&quot;fadeInUp&quot;,&quot;_animation_delay&quot;:500}\" data-widget_type=\"text-editor.default\">\n\t\t\t\t<div class=\"elementor-widget-container\">\n\t\t\t\t\t\t\t\t\t<h2>\ud640 \uacc4\uc218\uc758 \uc2e4\uc81c \uc801\uc6a9<\/h2>\n\t\t\t\t\t\t\t\t<\/div>\n\t\t\t\t<\/div>\n\t\t\t\t<div class=\"elementor-element elementor-element-951c0ac elementor-invisible elementor-widget elementor-widget-text-editor\" data-id=\"951c0ac\" data-element_type=\"widget\" data-e-type=\"widget\" data-settings=\"{&quot;_animation&quot;:&quot;fadeInUp&quot;,&quot;_animation_delay&quot;:500}\" data-widget_type=\"text-editor.default\">\n\t\t\t\t<div class=\"elementor-widget-container\">\n\t\t\t\t\t\t\t\t\t<p>\uc608\ub97c \ub4e4\uc5b4 \uc18d\ub3c4, \ub808\ubca8 \ub610\ub294 \ud1a0\ud06c \uce21\uc815\uc744 \uc704\ud574 \uc218\ub9ce\uc740 \uc13c\uc11c\uac00 \uc0ac\uc6a9\ub418\ub294 \uc790\ub3d9\ucc28 \uc0b0\uc5c5\uc5d0\uc11c \uc0ac\uc6a9\ub429\ub2c8\ub2e4.\n\ud640 \ud6a8\uacfc \uc13c\uc11c\ub294 \ube44\uc811\ucd09\uc2dd \uce21\uc815 \ub355\ubd84\uc5d0 \uc678\ubd80 \uc601\ud5a5\uc5d0 \uac70\uc758 \uc601\ud5a5\uc744 \ubc1b\uc9c0 \uc54a\uc544 \ub0b4\ub9c8\ubaa8\uc131\uc774 \ub6f0\uc5b4\ub0a9\ub2c8\ub2e4. <\/p>\n<p>\uc790\uae30\uacf5\uba85\uc601\uc0c1(MRI)\uc5d0 \uc0ac\uc6a9\ub418\ub294 \uac83\uacfc \uac19\uc740 \ub9e4\uc6b0 \uac15\ud55c \uc790\uae30\uc7a5\ub3c4 \ud640 \ud6a8\uacfc\ub97c \ud1b5\ud574 \uce21\uc815\ud560 \uc218 \uc788\uc2b5\ub2c8\ub2e4.<\/p>\n\t\t\t\t\t\t\t\t<\/div>\n\t\t\t\t<\/div>\n\t\t\t\t<\/div>\n\t\t<div class=\"elementor-element elementor-element-8087fbf e-con-full e-flex e-con e-child\" data-id=\"8087fbf\" data-element_type=\"container\" data-e-type=\"container\">\n\t\t\t\t<div class=\"elementor-element elementor-element-978e108 elementor-invisible elementor-widget elementor-widget-text-editor\" data-id=\"978e108\" data-element_type=\"widget\" data-e-type=\"widget\" data-settings=\"{&quot;_animation&quot;:&quot;fadeInUp&quot;,&quot;_animation_delay&quot;:500}\" data-widget_type=\"text-editor.default\">\n\t\t\t\t<div class=\"elementor-widget-container\">\n\t\t\t\t\t\t\t\t\t<h2>\uc2e4\uc81c \ud640 \uacc4\uc218\uc758 \uc874\uc7ac \uc5ec\ubd80<\/h2>\n\t\t\t\t\t\t\t\t<\/div>\n\t\t\t\t<\/div>\n\t\t\t\t<div class=\"elementor-element elementor-element-1150bab elementor-invisible elementor-widget elementor-widget-text-editor\" data-id=\"1150bab\" data-element_type=\"widget\" data-e-type=\"widget\" data-settings=\"{&quot;_animation&quot;:&quot;fadeInUp&quot;,&quot;_animation_delay&quot;:500}\" data-widget_type=\"text-editor.default\">\n\t\t\t\t<div class=\"elementor-widget-container\">\n\t\t\t\t\t\t\t\t\t<p>\ud640 \uacc4\uc218\ub294 \uc218\ub9ce\uc740 \uae30\uc220 \uc751\uc6a9 \ubd84\uc57c\uc5d0\uc11c \uc0ac\uc6a9\ub429\ub2c8\ub2e4:<\/p>\n<ul>\n<li>\uc804\uc790 \uae30\uae30: \uc2a4\ub9c8\ud2b8\ud3f0, \ud0dc\ube14\ub9bf \ub4f1 \ubaa8\ubc14\uc77c \uae30\uae30\uc758 \uc790\uae30\uc7a5\uc744 \uce21\uc815\ud558\ub294 \ub370 \uc0ac\uc6a9\ub429\ub2c8\ub2e4.<\/li>\n<li>\uc0b0\uc5c5\uc6a9 \uc13c\uc11c: \uc790\ub3d9\ud654 \uae30\uc220\uc5d0\uc11c\ub294 \uc815\ubc00\ud55c \uc704\uce58 \uac10\uc9c0\uc5d0 \uae30\uc5ec\ud569\ub2c8\ub2e4.<\/li>\n<li>\uc6b0\uc8fc \uae30\uc220: \uc778\uacf5\uc704\uc131\uacfc \uc6b0\uc8fc\uc120\uc758 \uc790\uae30\uc7a5 \uce21\uc815\uc740 \ud56d\ubc95 \ubc0f \uc5f0\uad6c\uc5d0 \ud544\uc218\uc801\uc785\ub2c8\ub2e4.<\/li>\n<li>\uacfc\ud559 \uae30\uae30: \uc5f0\uad6c \uae30\uad00\uc5d0\uc11c\ub294 \ud640 \ud6a8\uacfc\ub97c \uc0ac\uc6a9\ud558\uc5ec \uc7ac\ub8cc\uc758 \uc790\uae30 \ud2b9\uc131\uc744 \uc5f0\uad6c\ud569\ub2c8\ub2e4.<\/li>\n<\/ul>\n<p>&nbsp;<\/p>\n<p>\uc774\ub7ec\ud55c \ub2e4\uc591\ud55c \uc751\uc6a9 \ubd84\uc57c\ub294 \ud640 \uacc4\uc218\uc640 \ud640 \ud6a8\uacfc\uac00 \ub2e4\uc591\ud55c \ubd84\uc57c\uc758 \ubcf5\uc7a1\ud55c \uacc4\uce21 \ubb38\uc81c\ub97c \ud574\uacb0\ud558\ub294 \ub370 \uc5b4\ub5bb\uac8c \ub3c4\uc6c0\uc774 \ub418\ub294\uc9c0 \ubcf4\uc5ec\uc90d\ub2c8\ub2e4.<\/p>\n\t\t\t\t\t\t\t\t<\/div>\n\t\t\t\t<\/div>\n\t\t\t\t<\/div>\n\t\t\t\t\t<\/div>\n\t\t\t\t<\/div>\n\t\t<div class=\"elementor-element elementor-element-50adb82 e-flex e-con-boxed e-con e-parent\" data-id=\"50adb82\" data-element_type=\"container\" data-e-type=\"container\" data-settings=\"{&quot;background_background&quot;:&quot;classic&quot;}\">\n\t\t\t\t\t<div class=\"e-con-inner\">\n\t\t<div class=\"elementor-element elementor-element-cad4e8f e-con-full e-flex e-con e-child\" data-id=\"cad4e8f\" data-element_type=\"container\" data-e-type=\"container\">\n\t\t\t\t<div class=\"elementor-element elementor-element-b17a273 elementor-widget elementor-widget-shortcode\" data-id=\"b17a273\" data-element_type=\"widget\" data-e-type=\"widget\" data-widget_type=\"shortcode.default\">\n\t\t\t\t<div class=\"elementor-widget-container\">\n\t\t\t\t\t\t\t<div class=\"elementor-shortcode\"><script type=\"application\/ld+json\">{  \"@context\": \"https:\/\/schema.org\",  \"@type\": \"FAQPage\",  \"mainEntity\": [{    \"@type\": \"Question\",    \"name\": \"Was ist der Hall-Koeffizient?\",    \"acceptedAnswer\": {      \"@type\": \"Answer\",      \"text\": \"Definition: Misst das Ausma\u00df der Ladungstrennung in einem stromdurchflossenen Leiter im Magnetfeld, bekannt als Hall-Effekt.    Ergebnis: Eine messbare Hall-Spannung, die proportional zum Hall-Koeffizienten und Magnetfeldst\u00e4rke ist.\"    }  },{    \"@type\": \"Question\",    \"name\": \"Wie wird der Hall-Effekt gemessen?\",    \"acceptedAnswer\": {      \"@type\": \"Answer\",      \"text\": \"Messen l\u00e4sst sich der Hall-Koeffizient, wenn die magnetische Flussdichte des verwendeten Magneten bekannt ist, indem die Dicke des Leiters, die Hall-Spannung und die Stromst\u00e4rke bestimmt werden. Der oben beschriebene Effekt erm\u00f6glicht eine ber\u00fchrungsfreie und pr\u00e4zise Messung von Magnetfeldern. Verwendet man jedoch einen Permanentmagneten mit bekannter magnetischer Flussdichte, kann eine ganze Reihe weiterer Messgr\u00f6\u00dfen ermittelt werden.\"    }  }]}<\/script><\/div>\n\t\t\t\t\t\t<\/div>\n\t\t\t\t<\/div>\n\t\t\t\t<\/div>\n\t\t\t\t\t<\/div>\n\t\t\t\t<\/div>\n\t\t\t\t<\/div>\n\t\t","protected":false},"excerpt":{"rendered":"<p>\ud640 \uacc4\uc218 \ud640 \uacc4\uc218 &#8211; \uc5f4\ubb3c\ub9ac\ud559\uc801 \uce21\uc815 \ubcc0\uc218 \uc804\ub958\ub97c \uc804\ub2ec\ud558\ub294 \ub3c4\uccb4\uac00 \uc790\uae30\uc7a5 \ub0b4\uc5d0 \uc788\ub294 \uacbd\uc6b0 \ub85c\ub80c\uce20 \ud798\uc740 \uc804\ub958 \ubc0f \uc790\uae30\uc7a5 \ubc29\ud5a5\uc5d0 \uc218\uc9c1\uc73c\ub85c \uc804\ud558 \uce90\ub9ac\uc5b4\uc5d0 \uc791\uc6a9\ud569\ub2c8\ub2e4. \uadf8 \uacb0\uacfc \ubc1c\uc0dd\ud558\ub294 \uc804\ud558 \ubd84\ub9ac\ub97c \ud640 \ud6a8\uacfc\ub77c\uace0 \ud558\uba70 \uce21\uc815 \uac00\ub2a5\ud55c \ud640 \uc804\uc555\uc774 \ubc1c\uc0dd\ud569\ub2c8\ub2e4. \uc774\ub294 \ud640 \uacc4\uc218\uc640 \uc790\uae30\uc7a5 \uc138\uae30\uc5d0 \ube44\ub840\ud569\ub2c8\ub2e4. \ud640 \uacc4\uc218\uc640 \ud640 \ubd80\ud638\ub294 \uc804\ud558 \uce90\ub9ac\uc5b4 \ubc00\ub3c4\uc640 \uc804\ud558 \uce90\ub9ac\uc5b4\uc758 \uc720\ud615\uc5d0 \ub530\ub77c [&hellip;]<\/p>\n","protected":false},"author":5,"featured_media":0,"parent":59735,"menu_order":0,"comment_status":"closed","ping_status":"closed","template":"","meta":{"_acf_changed":false,"inline_featured_image":false,"footnotes":""},"class_list":["post-59744","page","type-page","status-publish","hentry"],"acf":[],"_links":{"self":[{"href":"https:\/\/www.linseis.com\/ko\/wp-json\/wp\/v2\/pages\/59744","targetHints":{"allow":["GET"]}}],"collection":[{"href":"https:\/\/www.linseis.com\/ko\/wp-json\/wp\/v2\/pages"}],"about":[{"href":"https:\/\/www.linseis.com\/ko\/wp-json\/wp\/v2\/types\/page"}],"author":[{"embeddable":true,"href":"https:\/\/www.linseis.com\/ko\/wp-json\/wp\/v2\/users\/5"}],"replies":[{"embeddable":true,"href":"https:\/\/www.linseis.com\/ko\/wp-json\/wp\/v2\/comments?post=59744"}],"version-history":[{"count":0,"href":"https:\/\/www.linseis.com\/ko\/wp-json\/wp\/v2\/pages\/59744\/revisions"}],"up":[{"embeddable":true,"href":"https:\/\/www.linseis.com\/ko\/wp-json\/wp\/v2\/pages\/59735"}],"wp:attachment":[{"href":"https:\/\/www.linseis.com\/ko\/wp-json\/wp\/v2\/media?parent=59744"}],"curies":[{"name":"wp","href":"https:\/\/api.w.org\/{rel}","templated":true}]}}