{"id":59740,"date":"2024-07-23T20:00:17","date_gmt":"2024-07-23T18:00:17","guid":{"rendered":"https:\/\/www.linseis.com\/%ec%86%8d%ec%84%b1-properties\/%ec%a0%84%ea%b8%b0-%ec%a0%80%ed%95%ad-%eb%b0%8f-%ec%a0%84%eb%8f%84%eb%8f%84-electrical-resistivity-and-conductivity\/"},"modified":"2024-12-06T09:17:17","modified_gmt":"2024-12-06T08:17:17","slug":"%ec%a0%84%ea%b8%b0-%ec%a0%80%ed%95%ad-%eb%b0%8f-%ec%a0%84%eb%8f%84%eb%8f%84","status":"publish","type":"page","link":"https:\/\/www.linseis.com\/ko\/%ec%a0%9c%ed%92%88%ed%8a%b9%ec%84%b1\/%ec%a0%84%ea%b8%b0-%ec%a0%80%ed%95%ad-%eb%b0%8f-%ec%a0%84%eb%8f%84%eb%8f%84\/","title":{"rendered":"\uc804\uae30 \uc800\ud56d \ubc0f \uc804\ub3c4\ub3c4"},"content":{"rendered":"\t\t<div data-elementor-type=\"wp-post\" data-elementor-id=\"59740\" class=\"elementor elementor-59740 elementor-18759\" data-elementor-post-type=\"page\">\n\t\t\t\t<div class=\"elementor-element elementor-element-a3549cf e-flex e-con-boxed e-con e-parent\" data-id=\"a3549cf\" data-element_type=\"container\" data-e-type=\"container\" data-settings=\"{&quot;background_background&quot;:&quot;classic&quot;}\">\n\t\t\t\t\t<div class=\"e-con-inner\">\n\t\t\t\t<div class=\"elementor-element elementor-element-ac41c94 elementor-widget elementor-widget-image\" data-id=\"ac41c94\" data-element_type=\"widget\" data-e-type=\"widget\" data-widget_type=\"image.default\">\n\t\t\t\t<div class=\"elementor-widget-container\">\n\t\t\t\t\t\t\t\t\t\t\t\t\t\t\t<img decoding=\"async\" src=\"https:\/\/www.linseis.com\/wp-content\/uploads\/\/linseis_scale-top-1.svg\" title=\"\" alt=\"\" loading=\"lazy\" \/>\t\t\t\t\t\t\t\t\t\t\t\t\t\t\t<\/div>\n\t\t\t\t<\/div>\n\t\t<div class=\"elementor-element elementor-element-a7b7feb e-con-full e-flex e-con e-child\" data-id=\"a7b7feb\" data-element_type=\"container\" data-e-type=\"container\">\n\t\t<div class=\"elementor-element elementor-element-6100945 e-con-full e-flex e-con e-child\" data-id=\"6100945\" data-element_type=\"container\" data-e-type=\"container\">\n\t\t\t\t<div class=\"elementor-element elementor-element-cc1182c elementor-invisible elementor-widget elementor-widget-heading\" data-id=\"cc1182c\" data-element_type=\"widget\" data-e-type=\"widget\" data-settings=\"{&quot;_animation&quot;:&quot;fadeInUp&quot;,&quot;_animation_delay&quot;:250}\" data-widget_type=\"heading.default\">\n\t\t\t\t<div class=\"elementor-widget-container\">\n\t\t\t\t\t<h1 class=\"elementor-heading-title elementor-size-default\"><b>\uc804\uae30 \uc800\ud56d \ubc0f \uc804\ub3c4\ub3c4<\/b><\/h1>\t\t\t\t<\/div>\n\t\t\t\t<\/div>\n\t\t\t\t<\/div>\n\t\t<div class=\"elementor-element elementor-element-6d91a43 e-con-full e-flex e-con e-child\" data-id=\"6d91a43\" data-element_type=\"container\" data-e-type=\"container\">\n\t\t\t\t<div class=\"elementor-element elementor-element-9413374 elementor-widget elementor-widget-n-carousel\" data-id=\"9413374\" data-element_type=\"widget\" data-e-type=\"widget\" data-settings=\"{&quot;carousel_items&quot;:[{&quot;slide_title&quot;:&quot;Produkt 1&quot;,&quot;_id&quot;:&quot;d6fbcdb&quot;}],&quot;slides_to_show&quot;:&quot;1&quot;,&quot;slides_to_scroll&quot;:&quot;2&quot;,&quot;autoplay_speed&quot;:2000,&quot;slides_to_show_tablet&quot;:&quot;1&quot;,&quot;slides_to_show_mobile&quot;:&quot;1&quot;,&quot;autoplay&quot;:&quot;yes&quot;,&quot;pause_on_hover&quot;:&quot;yes&quot;,&quot;pause_on_interaction&quot;:&quot;yes&quot;,&quot;infinite&quot;:&quot;yes&quot;,&quot;speed&quot;:500,&quot;offset_sides&quot;:&quot;none&quot;,&quot;image_spacing_custom&quot;:{&quot;unit&quot;:&quot;px&quot;,&quot;size&quot;:10,&quot;sizes&quot;:[]},&quot;image_spacing_custom_tablet&quot;:{&quot;unit&quot;:&quot;px&quot;,&quot;size&quot;:&quot;&quot;,&quot;sizes&quot;:[]},&quot;image_spacing_custom_mobile&quot;:{&quot;unit&quot;:&quot;px&quot;,&quot;size&quot;:&quot;&quot;,&quot;sizes&quot;:[]}}\" data-widget_type=\"nested-carousel.default\">\n\t\t\t\t<div class=\"elementor-widget-container\">\n\t\t\t\t\t\t\t<div class=\"e-n-carousel swiper\" role=\"region\" aria-roledescription=\"carousel\" aria-label=\"Carousel\" dir=\"ltr\">\n\t\t\t<div class=\"swiper-wrapper\" aria-live=\"off\">\n\t\t\t\t\t\t\t\t\t\t<div class=\"swiper-slide\" data-slide=\"1\" role=\"group\" aria-roledescription=\"slide\" aria-label=\"1 of 1\">\n\t\t\t\t\t\t\t<div class=\"elementor-element elementor-element-44441f5 e-flex e-con-boxed e-con e-child\" data-id=\"44441f5\" data-element_type=\"container\" data-e-type=\"container\">\n\t\t\t\t\t<div class=\"e-con-inner\">\n\t\t<div class=\"elementor-element elementor-element-7f9e1eb e-con-full e-flex e-con e-child\" data-id=\"7f9e1eb\" data-element_type=\"container\" data-e-type=\"container\">\n\t\t\t\t<div class=\"elementor-element elementor-element-bd49001 elementor-widget__width-initial elementor-invisible elementor-widget elementor-widget-image\" data-id=\"bd49001\" data-element_type=\"widget\" data-e-type=\"widget\" data-settings=\"{&quot;_animation&quot;:&quot;fadeInUp&quot;}\" data-widget_type=\"image.default\">\n\t\t\t\t<div class=\"elementor-widget-container\">\n\t\t\t\t\t\t\t\t\t\t\t\t\t\t\t<img fetchpriority=\"high\" decoding=\"async\" width=\"800\" height=\"800\" src=\"https:\/\/www.linseis.com\/wp-content\/uploads\/2024\/07\/Linseis-Icons_Linien-weiss_Zeichenflaeche-1-Kopie-89-1024x1024.png\" class=\"attachment-large size-large wp-image-24352\" alt=\"\" srcset=\"https:\/\/www.linseis.com\/wp-content\/uploads\/2024\/07\/Linseis-Icons_Linien-weiss_Zeichenflaeche-1-Kopie-89-1024x1024.png 1024w, https:\/\/www.linseis.com\/wp-content\/uploads\/2024\/07\/Linseis-Icons_Linien-weiss_Zeichenflaeche-1-Kopie-89-300x300.png 300w, https:\/\/www.linseis.com\/wp-content\/uploads\/2024\/07\/Linseis-Icons_Linien-weiss_Zeichenflaeche-1-Kopie-89-150x150.png 150w, https:\/\/www.linseis.com\/wp-content\/uploads\/2024\/07\/Linseis-Icons_Linien-weiss_Zeichenflaeche-1-Kopie-89-768x768.png 768w, https:\/\/www.linseis.com\/wp-content\/uploads\/2024\/07\/Linseis-Icons_Linien-weiss_Zeichenflaeche-1-Kopie-89-1536x1536.png 1536w, https:\/\/www.linseis.com\/wp-content\/uploads\/2024\/07\/Linseis-Icons_Linien-weiss_Zeichenflaeche-1-Kopie-89-2048x2048.png 2048w\" sizes=\"(max-width: 800px) 100vw, 800px\" \/>\t\t\t\t\t\t\t\t\t\t\t\t\t\t\t<\/div>\n\t\t\t\t<\/div>\n\t\t\t\t<\/div>\n\t\t\t\t\t<\/div>\n\t\t\t\t<\/div>\n\t\t\t\t\t\t\t\t<\/div>\n\t\t\t\t\t\t\t\t<\/div>\n\t\t<\/div>\n\t\t\t\t\t\t<\/div>\n\t\t\t\t<\/div>\n\t\t\t\t<\/div>\n\t\t\t\t<\/div>\n\t\t\t\t<div class=\"elementor-element elementor-element-b4a6800 elementor-widget elementor-widget-image\" data-id=\"b4a6800\" data-element_type=\"widget\" data-e-type=\"widget\" data-widget_type=\"image.default\">\n\t\t\t\t<div class=\"elementor-widget-container\">\n\t\t\t\t\t\t\t\t\t\t\t\t\t\t\t<img decoding=\"async\" src=\"https:\/\/www.linseis.com\/wp-content\/uploads\/\/linseis_scale-bottom-1.svg\" title=\"\" alt=\"\" loading=\"lazy\" \/>\t\t\t\t\t\t\t\t\t\t\t\t\t\t\t<\/div>\n\t\t\t\t<\/div>\n\t\t\t\t\t<\/div>\n\t\t\t\t<\/div>\n\t\t<div class=\"elementor-element elementor-element-7c8d6cc e-flex e-con-boxed e-con e-parent\" data-id=\"7c8d6cc\" data-element_type=\"container\" data-e-type=\"container\" data-settings=\"{&quot;background_background&quot;:&quot;classic&quot;}\">\n\t\t\t\t\t<div class=\"e-con-inner\">\n\t\t\t\t\t<\/div>\n\t\t\t\t<\/div>\n\t\t<div class=\"elementor-element elementor-element-d7b7522 e-flex e-con-boxed e-con e-parent\" data-id=\"d7b7522\" data-element_type=\"container\" data-e-type=\"container\" data-settings=\"{&quot;background_background&quot;:&quot;classic&quot;}\">\n\t\t\t\t\t<div class=\"e-con-inner\">\n\t\t<div class=\"elementor-element elementor-element-449b6fd e-con-full e-flex e-con e-child\" data-id=\"449b6fd\" data-element_type=\"container\" data-e-type=\"container\">\n\t\t\t\t<div class=\"elementor-element elementor-element-031217d elementor-invisible elementor-widget elementor-widget-wp-widget-bcn_widget\" data-id=\"031217d\" data-element_type=\"widget\" data-e-type=\"widget\" data-settings=\"{&quot;_animation&quot;:&quot;fadeInUp&quot;}\" data-widget_type=\"wp-widget-bcn_widget.default\">\n\t\t\t\t<div class=\"elementor-widget-container\">\n\t\t\t\t\t<div class=\"breadcrumbs\" vocab=\"https:\/\/schema.org\/\" typeof=\"BreadcrumbList\"><span property=\"itemListElement\" typeof=\"ListItem\"><a property=\"item\" typeof=\"WebPage\" title=\"Linseis\uc73c\ub85c \uc774\ub3d9\ud569\ub2c8\ub2e4.\" href=\"https:\/\/www.linseis.com\/ko\/\" class=\"home\" aria-current=\"page\"><span property=\"name\">Linseis<\/span><\/a><meta property=\"position\" content=\"1\"><\/span><\/div>\t\t\t\t<\/div>\n\t\t\t\t<\/div>\n\t\t\t\t<\/div>\n\t\t\t\t\t<\/div>\n\t\t\t\t<\/div>\n\t\t<div class=\"elementor-element elementor-element-ed98f58 e-flex e-con-boxed e-con e-parent\" data-id=\"ed98f58\" data-element_type=\"container\" data-e-type=\"container\" data-settings=\"{&quot;background_background&quot;:&quot;classic&quot;}\">\n\t\t\t\t\t<div class=\"e-con-inner\">\n\t\t<div class=\"elementor-element elementor-element-bbc47b3 e-con-full e-flex e-con e-child\" data-id=\"bbc47b3\" data-element_type=\"container\" data-e-type=\"container\">\n\t\t\t\t<div class=\"elementor-element elementor-element-71a1ec4 elementor-invisible elementor-widget elementor-widget-text-editor\" data-id=\"71a1ec4\" data-element_type=\"widget\" data-e-type=\"widget\" data-settings=\"{&quot;_animation&quot;:&quot;fadeInUp&quot;,&quot;_animation_delay&quot;:500}\" data-widget_type=\"text-editor.default\">\n\t\t\t\t<div class=\"elementor-widget-container\">\n\t\t\t\t\t\t\t\t\t<h2>\uc804\uae30 \uc804\ub3c4\ub3c4 &#8211; \uc5f4\ubb3c\ub9ac\ud559\uc801 \uce21\uc815 \ubcc0\uc218<\/h2>\n<p><strong>\uc804\uae30 \uc804\ub3c4\ub3c4\ub294<\/strong> \ubb3c\uc9c8\uc774 \uc804\ub958\ub97c \uc5b4\ub290 \uc815\ub3c4 \uc804\ub3c4\ud558\ub294\uc9c0\ub97c \uc124\uba85\ud558\ub294 <strong>\ubb3c\ub9ac\ub7c9\uc785\ub2c8\ub2e4<\/strong>.\n <strong>\uc804\uae30<\/strong> \uc804\ub3c4\ub3c4\ub294 <strong>\ubb3c\uc9c8\uc774 \uc808\uc5f0\uccb4\ub85c \uc801\ud569\ud55c\uc9c0 \ub610\ub294 \uc804\uae30 \uc804\ub3c4\uccb4\ub85c \uc801\ud569\ud55c\uc9c0\ub97c<\/strong> \uacb0\uc815\ud569\ub2c8\ub2e4.\n\ub610\ud55c \ubb3c\uc9c8\uc744 \uc2dd\ubcc4\ud558\ub294 \ub370\uc5d0\ub3c4 \uc0ac\uc6a9\ub429\ub2c8\ub2e4.  <\/p>\n\t\t\t\t\t\t\t\t<\/div>\n\t\t\t\t<\/div>\n\t\t\t\t<div class=\"elementor-element elementor-element-32d9053 elementor-invisible elementor-widget elementor-widget-text-editor\" data-id=\"32d9053\" data-element_type=\"widget\" data-e-type=\"widget\" data-settings=\"{&quot;_animation&quot;:&quot;fadeInUp&quot;,&quot;_animation_delay&quot;:500}\" data-widget_type=\"text-editor.default\">\n\t\t\t\t<div class=\"elementor-widget-container\">\n\t\t\t\t\t\t\t\t\t<p>\uc804\ub958\ub294 \uc6c0\uc9c1\uc774\ub294 \uc804\ud558 \uce90\ub9ac\uc5b4\ub85c \uad6c\uc131\ub429\ub2c8\ub2e4.<br \/>\uc804\ub958\ub294 \ub450 \uadf9 \uc0ac\uc774\uc758 \uc804\uc555 \ucc28\uc774\ub85c \uc778\ud574 \ubc1c\uc0dd\ud569\ub2c8\ub2e4.<br \/>\uadf9 \uc0ac\uc774\uc758 \ubb3c\uc9c8\uc740 \uc8fc\uc5b4\uc9c4 \uc804\uc555\uc5d0\uc11c \ud750\ub974\ub294 \uc804\ub958\uc758 \ud06c\uae30\uc5d0 \ub530\ub77c \ub2ec\ub77c\uc9d1\ub2c8\ub2e4.<\/p><p><strong>\uc804\ub958(I)\uc640 \uc804\uc555(U)\uc758 \ubaab\uc744 \uc804\uae30 \uc804\ub3c4\ub3c4(G)\ub77c\uace0 \ud569\ub2c8\ub2e4.<\/strong><\/p><p><strong>G=I\/U<\/strong><\/p><p><strong>\uc804\uae30 \uc804\ub3c4\ub3c4\ub294<\/strong> \uc7ac\ub8cc\uc758 \ud2b9\uc131\uacfc \uc7ac\ub8cc\uc758 \uce58\uc218\uc5d0 \ub530\ub77c \ub2ec\ub77c\uc9d1\ub2c8\ub2e4.<\/p><p>\ub2e8\uba74\uc801\uc774 \ub113\uace0 \uadf9 \uc0ac\uc774\uc758 \uac70\ub9ac\uac00 \uc9e7\uc744\uc218\ub85d \ub354 \ub9ce\uc740 \uc804\ub958\uac00 \ud750\ub985\ub2c8\ub2e4.<\/p><p>\uc7ac\ub8cc\uc5d0 \ub300\ud55c \uc77c\ubc18\uc801\uc778 \uc124\uba85\uc758 \uacbd\uc6b0 \uce58\uc218\uc5d0 \ub300\ud55c \uc758\uc874\uc131\uc744 \uc81c\uc678\ud574\uc57c \ud569\ub2c8\ub2e4.<\/p><p>\uc774\ub294 \uc804\ub3c4\ub3c4(G)\ub97c \ub2e8\uba74\uc801(A)\uacfc \uac70\ub9ac(l)\uc5d0 \ub300\uc785\ud558\uc5ec \uacc4\uc0b0\ud569\ub2c8\ub2e4.<br \/>\uadf8 \uacb0\uacfc \ubb3c\uc9c8\uc758 \uc804\uae30 \uc804\ub3c4\ub3c4(\uc2dc\uadf8\ub9c8)\uac00 \uc0b0\ucd9c\ub429\ub2c8\ub2e4.<\/p><p><strong>\uc2dc\uadf8\ub9c8=G*l\/A<\/strong><\/p><p>\uc804\uae30 \uc804\ub3c4\ub3c4\uc758 \uce21\uc815 \ub2e8\uc704\ub294 <strong>\ubbf8\ud130\ub2f9 \uc9c0\uba58\uc2a4 [S \/ m]<\/strong> \uc785\ub2c8\ub2e4.<\/p><p>&#8216;\uc804\uae30 \uc800\ud56d&#8217;\uc774\ub77c\ub294 \uc6a9\uc5b4\ub294 \ucee8\ub355\ud134\uc2a4\uc758 \uc5ed\uc218\ub97c \uc758\ubbf8\ud569\ub2c8\ub2e4. <strong>\ube44\uc804\uae30\uc800\ud56d\uc740 \uc804\ub3c4\ub3c4\uc758 \uc5ed\uc218\uc785\ub2c8\ub2e4.<\/strong><\/p><p>\uc804\ub3c4\ub3c4 \uce21\uc815\uc740 \uc815\uc758\ub41c \uc870\uac74\uc5d0\uc11c \uc8fc\uc5b4\uc9c4 \uc804\uc555\uc5d0\uc11c \uc124\uc815\ub418\ub294 \uc804\ub958\ub97c \uce21\uc815\ud558\uc5ec \uac04\uc811\uc801\uc73c\ub85c \uc218\ud589\ub429\ub2c8\ub2e4.<\/p><p><a href=\"https:\/\/www.linseis.com\/ko\/\uc81c\ud488\uc18c\uac1c\/\"><strong>\ucd5c\uc2e0 \uce21\uc815 \uae30\uae30<\/strong><\/a> \ub294 \uc7a5\uce58 \uc0c1\uc218\uc758 \ub3c4\uc6c0\uc744 \ubc1b\uc544 \uacb0\uc815\ub41c \uc804\ub958\ub97c \ubcc0\ud658\ud558\uc5ec \uac12\uc744 \uc9c1\uc811 \uc804\ub2ec\ud569\ub2c8\ub2e4.<\/p><p>\uc804\uae30 \uc804\ub3c4\ub3c4\ub294 \uc628\ub3c4\uc5d0 \ub530\ub77c \ub2ec\ub77c\uc9c4\ub2e4\ub294 \uc810\uc744 \uae30\uc5b5\ud574\uc57c \ud569\ub2c8\ub2e4.<br \/>\uc804\uae30\ub7c9\uacfc \uc628\ub3c4 \uc0ac\uc774\uc758 \uad00\uacc4\ub294 \uc5f4\uc804\ud559\uc5d0\uc11c \ub354 \uc790\uc138\ud788 \uc870\uc0ac\ub429\ub2c8\ub2e4.<\/p>\t\t\t\t\t\t\t\t<\/div>\n\t\t\t\t<\/div>\n\t\t\t\t<\/div>\n\t\t\t\t\t<\/div>\n\t\t\t\t<\/div>\n\t\t<div class=\"elementor-element elementor-element-3473d73 e-flex e-con-boxed elementor-invisible e-con e-parent\" data-id=\"3473d73\" data-element_type=\"container\" data-e-type=\"container\" data-settings=\"{&quot;animation&quot;:&quot;fadeInUp&quot;}\">\n\t\t\t\t\t<div class=\"e-con-inner\">\n\t\t\t\t<div class=\"elementor-element elementor-element-11f930b elementor-widget elementor-widget-image\" data-id=\"11f930b\" data-element_type=\"widget\" data-e-type=\"widget\" data-widget_type=\"image.default\">\n\t\t\t\t<div class=\"elementor-widget-container\">\n\t\t\t\t\t\t\t\t\t\t\t\t\t\t\t<img decoding=\"async\" width=\"800\" height=\"382\" src=\"https:\/\/www.linseis.com\/wp-content\/uploads\/2024\/07\/Elektrische-Leitfaehigkeit-Titelbild-1024x489.png\" class=\"attachment-large size-large wp-image-18710\" alt=\"Elektrische Leitf\u00e4higkeit\" srcset=\"https:\/\/www.linseis.com\/wp-content\/uploads\/2024\/07\/Elektrische-Leitfaehigkeit-Titelbild-1024x489.png 1024w, https:\/\/www.linseis.com\/wp-content\/uploads\/2024\/07\/Elektrische-Leitfaehigkeit-Titelbild-300x143.png 300w, https:\/\/www.linseis.com\/wp-content\/uploads\/2024\/07\/Elektrische-Leitfaehigkeit-Titelbild-768x366.png 768w, https:\/\/www.linseis.com\/wp-content\/uploads\/2024\/07\/Elektrische-Leitfaehigkeit-Titelbild-1536x733.png 1536w, https:\/\/www.linseis.com\/wp-content\/uploads\/2024\/07\/Elektrische-Leitfaehigkeit-Titelbild.png 1920w\" sizes=\"(max-width: 800px) 100vw, 800px\" \/>\t\t\t\t\t\t\t\t\t\t\t\t\t\t\t<\/div>\n\t\t\t\t<\/div>\n\t\t\t\t\t<\/div>\n\t\t\t\t<\/div>\n\t\t<div class=\"elementor-element elementor-element-50adb82 e-flex e-con-boxed e-con e-parent\" data-id=\"50adb82\" data-element_type=\"container\" data-e-type=\"container\" data-settings=\"{&quot;background_background&quot;:&quot;classic&quot;}\">\n\t\t\t\t\t<div class=\"e-con-inner\">\n\t\t<div class=\"elementor-element elementor-element-cad4e8f e-con-full e-flex e-con e-child\" data-id=\"cad4e8f\" data-element_type=\"container\" data-e-type=\"container\">\n\t\t\t\t<div class=\"elementor-element elementor-element-b17a273 elementor-widget elementor-widget-shortcode\" data-id=\"b17a273\" data-element_type=\"widget\" data-e-type=\"widget\" data-widget_type=\"shortcode.default\">\n\t\t\t\t<div class=\"elementor-widget-container\">\n\t\t\t\t\t\t\t<div class=\"elementor-shortcode\"><script type=\"application\/ld+json\">{  \"@context\": \"https:\/\/schema.org\",  \"@type\": \"FAQPage\",  \"mainEntity\": {    \"@type\": \"Question\",    \"name\": \"Wie funktioniert elektrische Leitf\u00e4higkeit?\",    \"acceptedAnswer\": {      \"@type\": \"Answer\",      \"text\": \"Der elektrische Strom besteht aus bewegten Ladungstr\u00e4gern. Er wird durch einen Spannungsunterschied zwischen zwei Polen verursacht. Vom Material zwischen den Polen h\u00e4ngt die St\u00e4rke des elektrischen Stroms ab, der bei einer gegebenen Spannung flie\u00dft. Der Quotient aus Stromst\u00e4rke (I) und Spannung (U) wird als elektrischer Leitwert (G) bezeichnet.\"    }  }}<\/script><\/div>\n\t\t\t\t\t\t<\/div>\n\t\t\t\t<\/div>\n\t\t\t\t<\/div>\n\t\t\t\t\t<\/div>\n\t\t\t\t<\/div>\n\t\t\t\t<\/div>\n\t\t","protected":false},"excerpt":{"rendered":"<p>\uc804\uae30 \uc800\ud56d \ubc0f \uc804\ub3c4\ub3c4 \uc804\uae30 \uc804\ub3c4\ub3c4 &#8211; \uc5f4\ubb3c\ub9ac\ud559\uc801 \uce21\uc815 \ubcc0\uc218 \uc804\uae30 \uc804\ub3c4\ub3c4\ub294 \ubb3c\uc9c8\uc774 \uc804\ub958\ub97c \uc5b4\ub290 \uc815\ub3c4 \uc804\ub3c4\ud558\ub294\uc9c0\ub97c \uc124\uba85\ud558\ub294 \ubb3c\ub9ac\ub7c9\uc785\ub2c8\ub2e4. \uc804\uae30 \uc804\ub3c4\ub3c4\ub294 \ubb3c\uc9c8\uc774 \uc808\uc5f0\uccb4\ub85c \uc801\ud569\ud55c\uc9c0 \ub610\ub294 \uc804\uae30 \uc804\ub3c4\uccb4\ub85c \uc801\ud569\ud55c\uc9c0\ub97c \uacb0\uc815\ud569\ub2c8\ub2e4. \ub610\ud55c \ubb3c\uc9c8\uc744 \uc2dd\ubcc4\ud558\ub294 \ub370\uc5d0\ub3c4 \uc0ac\uc6a9\ub429\ub2c8\ub2e4. \uc804\ub958\ub294 \uc6c0\uc9c1\uc774\ub294 \uc804\ud558 \uce90\ub9ac\uc5b4\ub85c \uad6c\uc131\ub429\ub2c8\ub2e4.\uc804\ub958\ub294 \ub450 \uadf9 \uc0ac\uc774\uc758 \uc804\uc555 \ucc28\uc774\ub85c \uc778\ud574 \ubc1c\uc0dd\ud569\ub2c8\ub2e4.\uadf9 \uc0ac\uc774\uc758 \ubb3c\uc9c8\uc740 \uc8fc\uc5b4\uc9c4 \uc804\uc555\uc5d0\uc11c \ud750\ub974\ub294 \uc804\ub958\uc758 \ud06c\uae30\uc5d0 \ub530\ub77c \ub2ec\ub77c\uc9d1\ub2c8\ub2e4. [&hellip;]<\/p>\n","protected":false},"author":5,"featured_media":0,"parent":59735,"menu_order":0,"comment_status":"closed","ping_status":"closed","template":"","meta":{"_acf_changed":false,"inline_featured_image":false,"footnotes":""},"class_list":["post-59740","page","type-page","status-publish","hentry"],"acf":[],"_links":{"self":[{"href":"https:\/\/www.linseis.com\/ko\/wp-json\/wp\/v2\/pages\/59740","targetHints":{"allow":["GET"]}}],"collection":[{"href":"https:\/\/www.linseis.com\/ko\/wp-json\/wp\/v2\/pages"}],"about":[{"href":"https:\/\/www.linseis.com\/ko\/wp-json\/wp\/v2\/types\/page"}],"author":[{"embeddable":true,"href":"https:\/\/www.linseis.com\/ko\/wp-json\/wp\/v2\/users\/5"}],"replies":[{"embeddable":true,"href":"https:\/\/www.linseis.com\/ko\/wp-json\/wp\/v2\/comments?post=59740"}],"version-history":[{"count":0,"href":"https:\/\/www.linseis.com\/ko\/wp-json\/wp\/v2\/pages\/59740\/revisions"}],"up":[{"embeddable":true,"href":"https:\/\/www.linseis.com\/ko\/wp-json\/wp\/v2\/pages\/59735"}],"wp:attachment":[{"href":"https:\/\/www.linseis.com\/ko\/wp-json\/wp\/v2\/media?parent=59740"}],"curies":[{"name":"wp","href":"https:\/\/api.w.org\/{rel}","templated":true}]}}