{"id":59738,"date":"2024-07-23T22:13:15","date_gmt":"2024-07-23T20:13:15","guid":{"rendered":"https:\/\/www.linseis.com\/%ec%86%8d%ec%84%b1-properties\/%ec%a0%91%ec%b4%89-%ea%b0%81%eb%8f%84-contact-angle\/"},"modified":"2024-11-27T23:16:39","modified_gmt":"2024-11-27T22:16:39","slug":"%ec%a0%91%ec%b4%89-%ea%b0%81%eb%8f%84","status":"publish","type":"page","link":"https:\/\/www.linseis.com\/ko\/%ec%a0%9c%ed%92%88%ed%8a%b9%ec%84%b1\/%ec%a0%91%ec%b4%89-%ea%b0%81%eb%8f%84\/","title":{"rendered":"\uc811\ucd09 \uac01\ub3c4"},"content":{"rendered":"\t\t<div data-elementor-type=\"wp-post\" data-elementor-id=\"59738\" class=\"elementor elementor-59738 elementor-18880\" data-elementor-post-type=\"page\">\n\t\t\t\t<div class=\"elementor-element elementor-element-a3549cf e-flex e-con-boxed e-con e-parent\" data-id=\"a3549cf\" data-element_type=\"container\" data-e-type=\"container\" data-settings=\"{&quot;background_background&quot;:&quot;classic&quot;}\">\n\t\t\t\t\t<div class=\"e-con-inner\">\n\t\t\t\t<div class=\"elementor-element elementor-element-ac41c94 elementor-widget elementor-widget-image\" data-id=\"ac41c94\" data-element_type=\"widget\" data-e-type=\"widget\" data-widget_type=\"image.default\">\n\t\t\t\t<div class=\"elementor-widget-container\">\n\t\t\t\t\t\t\t\t\t\t\t\t\t\t\t<img decoding=\"async\" src=\"https:\/\/www.linseis.com\/wp-content\/uploads\/\/linseis_scale-top-1.svg\" title=\"\" alt=\"\" loading=\"lazy\" \/>\t\t\t\t\t\t\t\t\t\t\t\t\t\t\t<\/div>\n\t\t\t\t<\/div>\n\t\t<div class=\"elementor-element elementor-element-a7b7feb e-con-full e-flex e-con e-child\" data-id=\"a7b7feb\" data-element_type=\"container\" data-e-type=\"container\">\n\t\t<div class=\"elementor-element elementor-element-6100945 e-con-full e-flex e-con e-child\" data-id=\"6100945\" data-element_type=\"container\" data-e-type=\"container\">\n\t\t\t\t<div class=\"elementor-element elementor-element-cc1182c elementor-invisible elementor-widget elementor-widget-heading\" data-id=\"cc1182c\" data-element_type=\"widget\" data-e-type=\"widget\" data-settings=\"{&quot;_animation&quot;:&quot;fadeInUp&quot;,&quot;_animation_delay&quot;:250}\" data-widget_type=\"heading.default\">\n\t\t\t\t<div class=\"elementor-widget-container\">\n\t\t\t\t\t<h1 class=\"elementor-heading-title elementor-size-default\"><b>\uc811\ucd09 \uac01\ub3c4 <\/b><\/h1>\t\t\t\t<\/div>\n\t\t\t\t<\/div>\n\t\t\t\t<\/div>\n\t\t<div class=\"elementor-element elementor-element-6d91a43 e-con-full e-flex e-con e-child\" data-id=\"6d91a43\" data-element_type=\"container\" data-e-type=\"container\">\n\t\t\t\t<div class=\"elementor-element elementor-element-9413374 elementor-widget elementor-widget-n-carousel\" data-id=\"9413374\" data-element_type=\"widget\" data-e-type=\"widget\" data-settings=\"{&quot;carousel_items&quot;:[{&quot;slide_title&quot;:&quot;Produkt 1&quot;,&quot;_id&quot;:&quot;d6fbcdb&quot;}],&quot;slides_to_show&quot;:&quot;1&quot;,&quot;slides_to_scroll&quot;:&quot;2&quot;,&quot;autoplay_speed&quot;:2000,&quot;slides_to_show_tablet&quot;:&quot;1&quot;,&quot;slides_to_show_mobile&quot;:&quot;1&quot;,&quot;autoplay&quot;:&quot;yes&quot;,&quot;pause_on_hover&quot;:&quot;yes&quot;,&quot;pause_on_interaction&quot;:&quot;yes&quot;,&quot;infinite&quot;:&quot;yes&quot;,&quot;speed&quot;:500,&quot;offset_sides&quot;:&quot;none&quot;,&quot;image_spacing_custom&quot;:{&quot;unit&quot;:&quot;px&quot;,&quot;size&quot;:10,&quot;sizes&quot;:[]},&quot;image_spacing_custom_tablet&quot;:{&quot;unit&quot;:&quot;px&quot;,&quot;size&quot;:&quot;&quot;,&quot;sizes&quot;:[]},&quot;image_spacing_custom_mobile&quot;:{&quot;unit&quot;:&quot;px&quot;,&quot;size&quot;:&quot;&quot;,&quot;sizes&quot;:[]}}\" data-widget_type=\"nested-carousel.default\">\n\t\t\t\t<div class=\"elementor-widget-container\">\n\t\t\t\t\t\t\t<div class=\"e-n-carousel swiper\" role=\"region\" aria-roledescription=\"carousel\" aria-label=\"Carousel\" dir=\"ltr\">\n\t\t\t<div class=\"swiper-wrapper\" aria-live=\"off\">\n\t\t\t\t\t\t\t\t\t\t<div class=\"swiper-slide\" data-slide=\"1\" role=\"group\" aria-roledescription=\"slide\" aria-label=\"1 of 1\">\n\t\t\t\t\t\t\t<div class=\"elementor-element elementor-element-44441f5 e-flex e-con-boxed e-con e-child\" data-id=\"44441f5\" data-element_type=\"container\" data-e-type=\"container\">\n\t\t\t\t\t<div class=\"e-con-inner\">\n\t\t\t\t<div class=\"elementor-element elementor-element-4103051 elementor-widget__width-initial elementor-invisible elementor-widget elementor-widget-image\" data-id=\"4103051\" data-element_type=\"widget\" data-e-type=\"widget\" data-settings=\"{&quot;_animation&quot;:&quot;fadeInUp&quot;}\" data-widget_type=\"image.default\">\n\t\t\t\t<div class=\"elementor-widget-container\">\n\t\t\t\t\t\t\t\t\t\t\t\t\t\t\t<img fetchpriority=\"high\" decoding=\"async\" width=\"800\" height=\"800\" src=\"https:\/\/www.linseis.com\/wp-content\/uploads\/2024\/07\/Linseis-Icons_Linien-weiss_Kontaktwinkel-1024x1024.png\" class=\"attachment-large size-large wp-image-21933\" alt=\"\" srcset=\"https:\/\/www.linseis.com\/wp-content\/uploads\/2024\/07\/Linseis-Icons_Linien-weiss_Kontaktwinkel-1024x1024.png 1024w, https:\/\/www.linseis.com\/wp-content\/uploads\/2024\/07\/Linseis-Icons_Linien-weiss_Kontaktwinkel-300x300.png 300w, https:\/\/www.linseis.com\/wp-content\/uploads\/2024\/07\/Linseis-Icons_Linien-weiss_Kontaktwinkel-150x150.png 150w, https:\/\/www.linseis.com\/wp-content\/uploads\/2024\/07\/Linseis-Icons_Linien-weiss_Kontaktwinkel-768x768.png 768w, https:\/\/www.linseis.com\/wp-content\/uploads\/2024\/07\/Linseis-Icons_Linien-weiss_Kontaktwinkel-1536x1536.png 1536w, https:\/\/www.linseis.com\/wp-content\/uploads\/2024\/07\/Linseis-Icons_Linien-weiss_Kontaktwinkel-2048x2048.png 2048w\" sizes=\"(max-width: 800px) 100vw, 800px\" \/>\t\t\t\t\t\t\t\t\t\t\t\t\t\t\t<\/div>\n\t\t\t\t<\/div>\n\t\t\t\t\t<\/div>\n\t\t\t\t<\/div>\n\t\t\t\t\t\t\t\t<\/div>\n\t\t\t\t\t\t\t\t<\/div>\n\t\t<\/div>\n\t\t\t\t\t\t<\/div>\n\t\t\t\t<\/div>\n\t\t\t\t<\/div>\n\t\t\t\t<\/div>\n\t\t\t\t<div class=\"elementor-element elementor-element-b4a6800 elementor-widget elementor-widget-image\" data-id=\"b4a6800\" data-element_type=\"widget\" data-e-type=\"widget\" data-widget_type=\"image.default\">\n\t\t\t\t<div class=\"elementor-widget-container\">\n\t\t\t\t\t\t\t\t\t\t\t\t\t\t\t<img decoding=\"async\" src=\"https:\/\/www.linseis.com\/wp-content\/uploads\/\/linseis_scale-bottom-1.svg\" title=\"\" alt=\"\" loading=\"lazy\" \/>\t\t\t\t\t\t\t\t\t\t\t\t\t\t\t<\/div>\n\t\t\t\t<\/div>\n\t\t\t\t\t<\/div>\n\t\t\t\t<\/div>\n\t\t<div class=\"elementor-element elementor-element-7c8d6cc e-flex e-con-boxed e-con e-parent\" data-id=\"7c8d6cc\" data-element_type=\"container\" data-e-type=\"container\" data-settings=\"{&quot;background_background&quot;:&quot;classic&quot;}\">\n\t\t\t\t\t<div class=\"e-con-inner\">\n\t\t\t\t\t<\/div>\n\t\t\t\t<\/div>\n\t\t<div class=\"elementor-element elementor-element-d7b7522 e-flex e-con-boxed e-con e-parent\" data-id=\"d7b7522\" data-element_type=\"container\" data-e-type=\"container\" data-settings=\"{&quot;background_background&quot;:&quot;classic&quot;}\">\n\t\t\t\t\t<div class=\"e-con-inner\">\n\t\t<div class=\"elementor-element elementor-element-449b6fd e-con-full e-flex e-con e-child\" data-id=\"449b6fd\" data-element_type=\"container\" data-e-type=\"container\">\n\t\t\t\t<div class=\"elementor-element elementor-element-031217d elementor-invisible elementor-widget elementor-widget-wp-widget-bcn_widget\" data-id=\"031217d\" data-element_type=\"widget\" data-e-type=\"widget\" data-settings=\"{&quot;_animation&quot;:&quot;fadeInUp&quot;}\" data-widget_type=\"wp-widget-bcn_widget.default\">\n\t\t\t\t<div class=\"elementor-widget-container\">\n\t\t\t\t\t<div class=\"breadcrumbs\" vocab=\"https:\/\/schema.org\/\" typeof=\"BreadcrumbList\"><span property=\"itemListElement\" typeof=\"ListItem\"><a property=\"item\" typeof=\"WebPage\" title=\"Linseis\uc73c\ub85c \uc774\ub3d9\ud569\ub2c8\ub2e4.\" href=\"https:\/\/www.linseis.com\/ko\/\" class=\"home\" aria-current=\"page\"><span property=\"name\">Linseis<\/span><\/a><meta property=\"position\" content=\"1\"><\/span><\/div>\t\t\t\t<\/div>\n\t\t\t\t<\/div>\n\t\t\t\t<\/div>\n\t\t\t\t\t<\/div>\n\t\t\t\t<\/div>\n\t\t<div class=\"elementor-element elementor-element-ed98f58 e-flex e-con-boxed e-con e-parent\" data-id=\"ed98f58\" data-element_type=\"container\" data-e-type=\"container\" data-settings=\"{&quot;background_background&quot;:&quot;classic&quot;}\">\n\t\t\t\t\t<div class=\"e-con-inner\">\n\t\t<div class=\"elementor-element elementor-element-bbc47b3 e-con-full e-flex e-con e-child\" data-id=\"bbc47b3\" data-element_type=\"container\" data-e-type=\"container\">\n\t\t\t\t<div class=\"elementor-element elementor-element-71a1ec4 elementor-invisible elementor-widget elementor-widget-text-editor\" data-id=\"71a1ec4\" data-element_type=\"widget\" data-e-type=\"widget\" data-settings=\"{&quot;_animation&quot;:&quot;fadeInUp&quot;,&quot;_animation_delay&quot;:500}\" data-widget_type=\"text-editor.default\">\n\t\t\t\t<div class=\"elementor-widget-container\">\n\t\t\t\t\t\t\t\t\t<h2>\uc811\ucd09\uac01 &#8211; \ud45c\uba74 \uc7a5\ub825 \uce21\uc815<\/h2>\n\t\t\t\t\t\t\t\t<\/div>\n\t\t\t\t<\/div>\n\t\t\t\t<div class=\"elementor-element elementor-element-32d9053 elementor-invisible elementor-widget elementor-widget-text-editor\" data-id=\"32d9053\" data-element_type=\"widget\" data-e-type=\"widget\" data-settings=\"{&quot;_animation&quot;:&quot;fadeInUp&quot;,&quot;_animation_delay&quot;:500}\" data-widget_type=\"text-editor.default\">\n\t\t\t\t<div class=\"elementor-widget-container\">\n\t\t\t\t\t\t\t\t\t<div class=\"spb_content_element col-sm-6 spb_text_column\">\n<div class=\"spb_wrapper clearfix\">\n<p>\uc811\ucd09\uac01\uc740 \uc561\uccb4\uac00 \uace0\uccb4 \ud45c\uba74\uc744 \uc801\uc2dc\ub294 \ub2a5\ub825\uc744 \uce21\uc815\ud558\ub294 \ucc99\ub3c4\uc785\ub2c8\ub2e4. \ubb3c\ubc29\uc6b8\uc774 \ud45c\uba74\uc5d0 \ub9fa\ud788\ub294 \ubaa8\uc591\uc740 \uc561\uccb4\uc758 \ud45c\uba74 \uc7a5\ub825\uacfc \ud45c\uba74\uc758 \ud2b9\uc131\uc5d0 \ub530\ub77c \ub2ec\ub77c\uc9d1\ub2c8\ub2e4. <\/p>\n<p>\ubc29\uc6b8\uacfc \uae30\uccb4 \ud658\uacbd \uc0ac\uc774\uc758 \uacbd\uacc4\uc5d0\uc11c \ud45c\uba74 \uc7a5\ub825\uc73c\ub85c \uc778\ud574 \uace1\uc120 \uc724\uacfd\uc774 \ubc1c\uc0dd\ud560 \uc218 \uc788\uc2b5\ub2c8\ub2e4.<\/p>\n<p>\uc724\uacfd\uc774 \uc811\ucd09\uba74\uc73c\ub85c \ud569\uccd0\uc9c0\ub294 \ubc29\uc6b8\uc758 \uac00\uc7a5\uc790\ub9ac\uc5d0\uc11c \uc561\uccb4\/\uace0\uccb4 \uc778\ud130\ud398\uc774\uc2a4\uc640 \uc561\uccb4\/\uae30\uccb4 \uc778\ud130\ud398\uc774\uc2a4\uc5d0 \uc811\ud558\ub294 \uc811\uc810 \uc0ac\uc774\uc5d0 \uc811\ucd09\uac01\uc774 \ud615\uc131\ub429\ub2c8\ub2e4.<\/p>\n<\/div>\n<\/div>\n\t\t\t\t\t\t\t\t<\/div>\n\t\t\t\t<\/div>\n\t\t\t\t<\/div>\n\t\t\t\t\t<\/div>\n\t\t\t\t<\/div>\n\t\t<div class=\"elementor-element elementor-element-3473d73 e-flex e-con-boxed elementor-invisible e-con e-parent\" data-id=\"3473d73\" data-element_type=\"container\" data-e-type=\"container\" data-settings=\"{&quot;animation&quot;:&quot;fadeInUp&quot;}\">\n\t\t\t\t\t<div class=\"e-con-inner\">\n\t\t\t\t<div class=\"elementor-element elementor-element-11f930b elementor-widget elementor-widget-image\" data-id=\"11f930b\" data-element_type=\"widget\" data-e-type=\"widget\" data-widget_type=\"image.default\">\n\t\t\t\t<div class=\"elementor-widget-container\">\n\t\t\t\t\t\t\t\t\t\t\t\t\t\t\t<img decoding=\"async\" width=\"1536\" height=\"733\" src=\"https:\/\/www.linseis.com\/wp-content\/uploads\/2024\/07\/Tropfen-Kontaktwinkel-blau-1536x733.png\" class=\"attachment-1536x1536 size-1536x1536 wp-image-18893\" alt=\"Tropfen Kontaktwinkel\" srcset=\"https:\/\/www.linseis.com\/wp-content\/uploads\/2024\/07\/Tropfen-Kontaktwinkel-blau-1536x733.png 1536w, https:\/\/www.linseis.com\/wp-content\/uploads\/2024\/07\/Tropfen-Kontaktwinkel-blau-300x143.png 300w, https:\/\/www.linseis.com\/wp-content\/uploads\/2024\/07\/Tropfen-Kontaktwinkel-blau-1024x489.png 1024w, https:\/\/www.linseis.com\/wp-content\/uploads\/2024\/07\/Tropfen-Kontaktwinkel-blau-768x367.png 768w, https:\/\/www.linseis.com\/wp-content\/uploads\/2024\/07\/Tropfen-Kontaktwinkel-blau.png 1680w\" sizes=\"(max-width: 1536px) 100vw, 1536px\" \/>\t\t\t\t\t\t\t\t\t\t\t\t\t\t\t<\/div>\n\t\t\t\t<\/div>\n\t\t\t\t\t<\/div>\n\t\t\t\t<\/div>\n\t\t<div class=\"elementor-element elementor-element-8801439 e-flex e-con-boxed e-con e-parent\" data-id=\"8801439\" data-element_type=\"container\" data-e-type=\"container\" data-settings=\"{&quot;background_background&quot;:&quot;classic&quot;}\">\n\t\t\t\t\t<div class=\"e-con-inner\">\n\t\t<div class=\"elementor-element elementor-element-4fda86f e-con-full e-flex e-con e-child\" data-id=\"4fda86f\" data-element_type=\"container\" data-e-type=\"container\">\n\t\t\t\t<div class=\"elementor-element elementor-element-fe6d621 elementor-invisible elementor-widget elementor-widget-text-editor\" data-id=\"fe6d621\" data-element_type=\"widget\" data-e-type=\"widget\" data-settings=\"{&quot;_animation&quot;:&quot;fadeInUp&quot;,&quot;_animation_delay&quot;:500}\" data-widget_type=\"text-editor.default\">\n\t\t\t\t<div class=\"elementor-widget-container\">\n\t\t\t\t\t\t\t\t\t<h2>\uac01\ub3c4\uc758 \uc758\ubbf8<\/h2>\n\t\t\t\t\t\t\t\t<\/div>\n\t\t\t\t<\/div>\n\t\t\t\t<div class=\"elementor-element elementor-element-34d74a1 elementor-invisible elementor-widget elementor-widget-text-editor\" data-id=\"34d74a1\" data-element_type=\"widget\" data-e-type=\"widget\" data-settings=\"{&quot;_animation&quot;:&quot;fadeInUp&quot;,&quot;_animation_delay&quot;:500}\" data-widget_type=\"text-editor.default\">\n\t\t\t\t<div class=\"elementor-widget-container\">\n\t\t\t\t\t\t\t\t\t<p>\uc561\uccb4\uac00 \uace0\uccb4 \ud45c\uba74 \uc704\ub85c \uace0\ub974\uac8c \ud750\ub974\uba74 \uc811\ucd09\uac01\uc774 0\u00b0\uc778 \uc644\uc804\ud55c \uc816\uc74c \uc0c1\ud0dc\uac00 \ub429\ub2c8\ub2e4.<\/p>\n<p>\uac01\ub3c4\uac00 0\u00b0\uc5d0\uc11c 90\u00b0 \uc0ac\uc774\uc774\uba74 \ud45c\uba74\uc774 \uc816\uc744 \uc218 \uc788\uc2b5\ub2c8\ub2e4. \uc774 \ud45c\uba74\uc744 \uce5c\uc218\uc131\uc774\ub77c\uace0 \ud569\ub2c8\ub2e4. <\/p>\n<p>90\u00b0\uc5d0\uc11c 150\u00b0 \uc0ac\uc774\uc758 \uac01\ub3c4\ub294 \ud45c\uba74\uc774 \uc816\uc9c0 \uc54a\uc74c\uc744 \uc758\ubbf8\ud569\ub2c8\ub2e4. \uc18c\uc218\uc131\uc785\ub2c8\ub2e4. <\/p>\n<p>150\u00b0\uc758 \uac12\uc5d0\uc11c \uc561\uccb4\ub97c \uc644\uc804\ud788 \ud295\uaca8\ub0b4\ub294 \ucd08\uc18c\uc218\uc131 \ud45c\uba74\uc785\ub2c8\ub2e4. \uc774 \uc18d\uc131\uc744 \ub85c\ud130\uc2a4 \ud6a8\uacfc\ub77c\uace0 \ud569\ub2c8\ub2e4. <\/p>\n<ul>\n<li>0\u00b0~90\u00b0 \uac01\ub3c4 = \ud45c\uba74 \uc816\uc74c\uc131, \uce5c\uc218\uc131<\/li>\n<li>90\u00b0~150\u00b0 \uac01\ub3c4 = \ud45c\uba74\uc774 \uc816\uc9c0 \uc54a\uace0 \uc18c\uc218\uc131\uc778 \uacbd\uc6b0<\/li>\n<li>150\u00b0 \uc774\uc0c1 \uac01\ub3c4 = \ucd08\uc18c\uc218\uc131 \ud45c\uba74, \uc561\uccb4\ub97c \uc644\uc804\ud788 \ud295\uaca8\ub0b4\ub294 \uc5f0\uaf43 \ud6a8\uacfc<\/li>\n<\/ul>\n\t\t\t\t\t\t\t\t<\/div>\n\t\t\t\t<\/div>\n\t\t\t\t<\/div>\n\t\t\t\t\t<\/div>\n\t\t\t\t<\/div>\n\t\t<div class=\"elementor-element elementor-element-ef5455f e-flex e-con-boxed e-con e-parent\" data-id=\"ef5455f\" data-element_type=\"container\" data-e-type=\"container\">\n\t\t\t\t\t<div class=\"e-con-inner\">\n\t\t<div class=\"elementor-element elementor-element-5910bc8 e-con-full e-flex e-con e-child\" data-id=\"5910bc8\" data-element_type=\"container\" data-e-type=\"container\">\n\t\t\t\t<div class=\"elementor-element elementor-element-aae54ad elementor-widget__width-initial elementor-widget elementor-widget-image\" data-id=\"aae54ad\" data-element_type=\"widget\" data-e-type=\"widget\" data-widget_type=\"image.default\">\n\t\t\t\t<div class=\"elementor-widget-container\">\n\t\t\t\t\t\t\t\t\t\t\t\t\t\t\t<img decoding=\"async\" width=\"691\" height=\"303\" src=\"https:\/\/www.linseis.com\/wp-content\/uploads\/2024\/07\/Contact-angle-1.jpg\" class=\"attachment-large size-large wp-image-18922\" alt=\"Kontaktwinkel Definition und Erkl\u00e4rung\" srcset=\"https:\/\/www.linseis.com\/wp-content\/uploads\/2024\/07\/Contact-angle-1.jpg 691w, https:\/\/www.linseis.com\/wp-content\/uploads\/2024\/07\/Contact-angle-1-300x132.jpg 300w\" sizes=\"(max-width: 691px) 100vw, 691px\" \/>\t\t\t\t\t\t\t\t\t\t\t\t\t\t\t<\/div>\n\t\t\t\t<\/div>\n\t\t\t\t<\/div>\n\t\t<div class=\"elementor-element elementor-element-3780b87 e-con-full e-flex e-con e-child\" data-id=\"3780b87\" data-element_type=\"container\" data-e-type=\"container\">\n\t\t\t\t<div class=\"elementor-element elementor-element-2baa4ee elementor-widget__width-initial elementor-widget elementor-widget-image\" data-id=\"2baa4ee\" data-element_type=\"widget\" data-e-type=\"widget\" data-widget_type=\"image.default\">\n\t\t\t\t<div class=\"elementor-widget-container\">\n\t\t\t\t\t\t\t\t\t\t\t\t\t\t\t<img loading=\"lazy\" decoding=\"async\" width=\"800\" height=\"384\" src=\"https:\/\/www.linseis.com\/wp-content\/uploads\/2024\/07\/Contact-angel-1024x492-2.png\" class=\"attachment-large size-large wp-image-18929\" alt=\"Kontaktwinkel im Erhitzungsmikroskop\" srcset=\"https:\/\/www.linseis.com\/wp-content\/uploads\/2024\/07\/Contact-angel-1024x492-2.png 1024w, https:\/\/www.linseis.com\/wp-content\/uploads\/2024\/07\/Contact-angel-1024x492-2-300x144.png 300w, https:\/\/www.linseis.com\/wp-content\/uploads\/2024\/07\/Contact-angel-1024x492-2-768x369.png 768w\" sizes=\"(max-width: 800px) 100vw, 800px\" \/>\t\t\t\t\t\t\t\t\t\t\t\t\t\t\t<\/div>\n\t\t\t\t<\/div>\n\t\t\t\t<\/div>\n\t\t\t\t\t<\/div>\n\t\t\t\t<\/div>\n\t\t<div class=\"elementor-element elementor-element-5dc8305 e-flex e-con-boxed e-con e-parent\" data-id=\"5dc8305\" data-element_type=\"container\" data-e-type=\"container\" data-settings=\"{&quot;background_background&quot;:&quot;classic&quot;}\">\n\t\t\t\t\t<div class=\"e-con-inner\">\n\t\t<div class=\"elementor-element elementor-element-808e230 e-con-full e-flex e-con e-child\" data-id=\"808e230\" data-element_type=\"container\" data-e-type=\"container\">\n\t\t\t\t<div class=\"elementor-element elementor-element-f679096 elementor-invisible elementor-widget elementor-widget-text-editor\" data-id=\"f679096\" data-element_type=\"widget\" data-e-type=\"widget\" data-settings=\"{&quot;_animation&quot;:&quot;fadeInUp&quot;,&quot;_animation_delay&quot;:500}\" data-widget_type=\"text-editor.default\">\n\t\t\t\t<div class=\"elementor-widget-container\">\n\t\t\t\t\t\t\t\t\t<h2>\uc2e4\ubb34\uc5d0\uc11c \uc758\uc0ac \uacb0\uc815\uc758 \uae30\ucd08\uac00 \ub418\ub294 \uc811\ucd09\uac01<\/h2>\n\t\t\t\t\t\t\t\t<\/div>\n\t\t\t\t<\/div>\n\t\t\t\t<div class=\"elementor-element elementor-element-0028670 elementor-invisible elementor-widget elementor-widget-text-editor\" data-id=\"0028670\" data-element_type=\"widget\" data-e-type=\"widget\" data-settings=\"{&quot;_animation&quot;:&quot;fadeInUp&quot;,&quot;_animation_delay&quot;:500}\" data-widget_type=\"text-editor.default\">\n\t\t\t\t<div class=\"elementor-widget-container\">\n\t\t\t\t\t\t\t\t\t<p>\uc811\ucd09\uac01\uc5d0 \ub300\ud55c \uc9c0\uc2dd\uc740 \uc7ac\ub8cc\ub97c \ucd5c\ub300\ud55c \uc798 \uc801\uc154\uc57c \ud558\ub294 \ud398\uc778\ud2b8, \ubc14\ub2c8\uc2dc \ubc0f \ub0c9\uac01\uc81c\uc758 \uc801\ud569\uc131\uc744 \ud3c9\uac00\ud558\uae30 \uc704\ud55c \uae30\ucd08\uc785\ub2c8\ub2e4.<\/p>\n<p>\ubc18\ub300\ub85c \ud2b9\uc815 \uc9c1\ubb3c \ubc0f \ubc1c\uc218\uc131 \uac74\ubb3c \uc678\uad00\uc758 \uac1c\uc120\uc5d0\uc11c\ub294 \uac00\ub2a5\ud55c \uac00\uc7a5 \ub0ae\uc740 \uc2b5\uc724\uc744 \ub2ec\uc131\ud574\uc57c\ud569\ub2c8\ub2e4.<\/p>\n<p>\uc2b5\uc724\uc131\uc740 \uc801\uc808\ud55c \ud45c\uba74 \ucc98\ub9ac\uc758 \uc601\ud5a5\uc744 \ubc1b\uc744 \uc218 \uc788\uc2b5\ub2c8\ub2e4.<\/p>\n<p>\uc811\ucd09\uac01 \uce21\uc815\uc744 \ud1b5\ud574 \uc774 \ubd84\uc57c\uc5d0\uc11c \ucd5c\uc801\uc758 \ubc29\ubc95\uc744 \uacc4\ud68d\uc801\uc73c\ub85c \uac1c\ubc1c\ud560 \uc218 \uc788\uc2b5\ub2c8\ub2e4.<\/p>\n<p>\uc811\ucd09\uac01 \uce21\uc815\uc740 \ubb3c\ubc29\uc6b8\uc758 \uadf8\ub9bc\uc790 \uc774\ubbf8\uc9c0\ub97c \uad11\ud559\uc801\uc73c\ub85c \ud3c9\uac00\ud558\ub294 \ubb3c\ubc29\uc6b8 \uc724\uacfd \ubd84\uc11d \ubc94\uc704 \ub0b4\uc5d0\uc11c \uc774\ub8e8\uc5b4\uc9d1\ub2c8\ub2e4.<\/p>\n<p>\ub610\ud55c \ub9b0\uc138\uc774\uc758 \uac00\uc5f4 \ud604\ubbf8\uacbd\uc744 \uc0ac\uc6a9\ud558\uba74 \uc811\ucd09\uac01\uc758 \uc628\ub3c4 \uc758\uc874\uc131\uc744 \uc815\ud655\ud558\uac8c \uce21\uc815\ud560 \uc218 \uc788\uc2b5\ub2c8\ub2e4.<\/p>\n\t\t\t\t\t\t\t\t<\/div>\n\t\t\t\t<\/div>\n\t\t<div class=\"elementor-element elementor-element-cad4e8f e-con-full e-flex e-con e-child\" data-id=\"cad4e8f\" data-element_type=\"container\" data-e-type=\"container\">\n\t\t\t\t<div class=\"elementor-element elementor-element-b17a273 elementor-widget elementor-widget-shortcode\" data-id=\"b17a273\" data-element_type=\"widget\" data-e-type=\"widget\" data-widget_type=\"shortcode.default\">\n\t\t\t\t<div class=\"elementor-widget-container\">\n\t\t\t\t\t\t\t<div class=\"elementor-shortcode\"><script type=\"application\/ld+json\">{  \"@context\": \"https:\/\/schema.org\",  \"@type\": \"FAQPage\",  \"mainEntity\": [{    \"@type\": \"Question\",    \"name\": \"Was ist die Enthalpie?\",    \"acceptedAnswer\": {      \"@type\": \"Answer\",      \"text\": \"Enthalpie ist ein Konzept aus der Thermodynamik, das oft in der Chemie und Physik verwendet wird, um Energie\u00e4nderungen bei chemischen Reaktionen und physikalischen Prozessen zu beschreiben, insbesondere solchen, die bei konstantem Druck ablaufen.\"    }  },{    \"@type\": \"Question\",    \"name\": \"Was ist die Reaktionsenthalpie?\",    \"acceptedAnswer\": {      \"@type\": \"Answer\",      \"text\": \"Als Reaktionsenthalpie bezeichnet man die Enthalpie\u00e4nderung einer Probe w\u00e4hrend einer chemischen Reaktion. Reaktionen, bei denen Energie in Form von W\u00e4rme frei wird bezeichnet man dabei als exotherm. Reaktionen, bei denen Energie zugef\u00fchrt werden muss als endotherm.\"    }  },{    \"@type\": \"Question\",    \"name\": \"Was ist die Schmelzenthalpie?\",    \"acceptedAnswer\": {      \"@type\": \"Answer\",      \"text\": \"Schmelzenthalpien sind dabei ein einfaches Beispiel f\u00fcr endotherme Vorg\u00e4nge, da man meistens W\u00e4rmearbeit in ein System geben muss, um dessen feste Kristallstruktur aufzubrechen und es in eine fl\u00fcssige Phase mit frei gegeneinander beweglichen Molek\u00fclen zu \u00fcberf\u00fchren. Ein Beispiel f\u00fcr eine exotherme Reaktion ist ein einfacher Verbrennungsvorgang, bei dem ein Stoff unter Abgabe von Energie mit Sauerstoff reagiert.\"    }  }]}<\/script><\/div>\n\t\t\t\t\t\t<\/div>\n\t\t\t\t<\/div>\n\t\t\t\t<\/div>\n\t\t\t\t<\/div>\n\t\t\t\t\t<\/div>\n\t\t\t\t<\/div>\n\t\t\t\t<\/div>\n\t\t","protected":false},"excerpt":{"rendered":"<p>\uc811\ucd09 \uac01\ub3c4 \uc811\ucd09\uac01 &#8211; \ud45c\uba74 \uc7a5\ub825 \uce21\uc815 \uc811\ucd09\uac01\uc740 \uc561\uccb4\uac00 \uace0\uccb4 \ud45c\uba74\uc744 \uc801\uc2dc\ub294 \ub2a5\ub825\uc744 \uce21\uc815\ud558\ub294 \ucc99\ub3c4\uc785\ub2c8\ub2e4. \ubb3c\ubc29\uc6b8\uc774 \ud45c\uba74\uc5d0 \ub9fa\ud788\ub294 \ubaa8\uc591\uc740 \uc561\uccb4\uc758 \ud45c\uba74 \uc7a5\ub825\uacfc \ud45c\uba74\uc758 \ud2b9\uc131\uc5d0 \ub530\ub77c \ub2ec\ub77c\uc9d1\ub2c8\ub2e4. \ubc29\uc6b8\uacfc \uae30\uccb4 \ud658\uacbd \uc0ac\uc774\uc758 \uacbd\uacc4\uc5d0\uc11c \ud45c\uba74 \uc7a5\ub825\uc73c\ub85c \uc778\ud574 \uace1\uc120 \uc724\uacfd\uc774 \ubc1c\uc0dd\ud560 \uc218 \uc788\uc2b5\ub2c8\ub2e4. \uc724\uacfd\uc774 \uc811\ucd09\uba74\uc73c\ub85c \ud569\uccd0\uc9c0\ub294 \ubc29\uc6b8\uc758 \uac00\uc7a5\uc790\ub9ac\uc5d0\uc11c \uc561\uccb4\/\uace0\uccb4 \uc778\ud130\ud398\uc774\uc2a4\uc640 \uc561\uccb4\/\uae30\uccb4 \uc778\ud130\ud398\uc774\uc2a4\uc5d0 \uc811\ud558\ub294 \uc811\uc810 \uc0ac\uc774\uc5d0 \uc811\ucd09\uac01\uc774 \ud615\uc131\ub429\ub2c8\ub2e4. \uac01\ub3c4\uc758 \uc758\ubbf8 [&hellip;]<\/p>\n","protected":false},"author":5,"featured_media":0,"parent":59735,"menu_order":0,"comment_status":"closed","ping_status":"closed","template":"","meta":{"_acf_changed":false,"inline_featured_image":false,"footnotes":""},"class_list":["post-59738","page","type-page","status-publish","hentry"],"acf":[],"_links":{"self":[{"href":"https:\/\/www.linseis.com\/ko\/wp-json\/wp\/v2\/pages\/59738","targetHints":{"allow":["GET"]}}],"collection":[{"href":"https:\/\/www.linseis.com\/ko\/wp-json\/wp\/v2\/pages"}],"about":[{"href":"https:\/\/www.linseis.com\/ko\/wp-json\/wp\/v2\/types\/page"}],"author":[{"embeddable":true,"href":"https:\/\/www.linseis.com\/ko\/wp-json\/wp\/v2\/users\/5"}],"replies":[{"embeddable":true,"href":"https:\/\/www.linseis.com\/ko\/wp-json\/wp\/v2\/comments?post=59738"}],"version-history":[{"count":0,"href":"https:\/\/www.linseis.com\/ko\/wp-json\/wp\/v2\/pages\/59738\/revisions"}],"up":[{"embeddable":true,"href":"https:\/\/www.linseis.com\/ko\/wp-json\/wp\/v2\/pages\/59735"}],"wp:attachment":[{"href":"https:\/\/www.linseis.com\/ko\/wp-json\/wp\/v2\/media?parent=59738"}],"curies":[{"name":"wp","href":"https:\/\/api.w.org\/{rel}","templated":true}]}}