{"id":61466,"date":"2024-07-23T19:41:46","date_gmt":"2024-07-23T17:41:46","guid":{"rendered":"https:\/\/www.linseis.com\/%e3%83%97%e3%83%ad%e3%83%91%e3%83%86%e3%82%a3properties\/%e3%83%a4%e3%83%b3%e3%82%b0%e7%8e%87-youngs-modulus\/"},"modified":"2025-09-25T13:05:36","modified_gmt":"2025-09-25T11:05:36","slug":"%e3%83%a4%e3%83%b3%e3%82%b0%e7%8e%87-youngs-modulus","status":"publish","type":"page","link":"https:\/\/www.linseis.com\/ja\/%e3%83%97%e3%83%ad%e3%83%91%e3%83%86%e3%82%a3properties\/%e3%83%a4%e3%83%b3%e3%82%b0%e7%8e%87-youngs-modulus\/","title":{"rendered":"\u30e4\u30f3\u30b0\u7387"},"content":{"rendered":"\t\t<div data-elementor-type=\"wp-post\" data-elementor-id=\"61466\" class=\"elementor elementor-61466 elementor-18718\" data-elementor-post-type=\"page\">\n\t\t\t\t<div class=\"elementor-element elementor-element-a3549cf e-flex e-con-boxed e-con e-parent\" data-id=\"a3549cf\" data-element_type=\"container\" data-e-type=\"container\" data-settings=\"{&quot;background_background&quot;:&quot;classic&quot;}\">\n\t\t\t\t\t<div class=\"e-con-inner\">\n\t\t\t\t<div class=\"elementor-element elementor-element-ac41c94 elementor-widget elementor-widget-image\" data-id=\"ac41c94\" data-element_type=\"widget\" data-e-type=\"widget\" data-widget_type=\"image.default\">\n\t\t\t\t<div class=\"elementor-widget-container\">\n\t\t\t\t\t\t\t\t\t\t\t\t\t\t\t<img decoding=\"async\" src=\"https:\/\/www.linseis.com\/wp-content\/uploads\/\/linseis_scale-top-1.svg\" title=\"\" alt=\"\" loading=\"lazy\" \/>\t\t\t\t\t\t\t\t\t\t\t\t\t\t\t<\/div>\n\t\t\t\t<\/div>\n\t\t<div class=\"elementor-element elementor-element-a7b7feb e-con-full e-flex e-con e-child\" data-id=\"a7b7feb\" data-element_type=\"container\" data-e-type=\"container\">\n\t\t<div class=\"elementor-element elementor-element-6100945 e-con-full e-flex e-con e-child\" data-id=\"6100945\" data-element_type=\"container\" data-e-type=\"container\">\n\t\t\t\t<div class=\"elementor-element elementor-element-cc1182c elementor-invisible elementor-widget elementor-widget-heading\" data-id=\"cc1182c\" data-element_type=\"widget\" data-e-type=\"widget\" data-settings=\"{&quot;_animation&quot;:&quot;fadeInUp&quot;,&quot;_animation_delay&quot;:250}\" data-widget_type=\"heading.default\">\n\t\t\t\t<div class=\"elementor-widget-container\">\n\t\t\t\t\t<h1 class=\"elementor-heading-title elementor-size-default\"><b>\u30e4\u30f3\u30b0\u7387<\/b><\/h1>\t\t\t\t<\/div>\n\t\t\t\t<\/div>\n\t\t\t\t<\/div>\n\t\t<div class=\"elementor-element elementor-element-6d91a43 e-con-full e-flex e-con e-child\" data-id=\"6d91a43\" data-element_type=\"container\" data-e-type=\"container\">\n\t\t\t\t<div class=\"elementor-element elementor-element-d7d34fa elementor-widget__width-initial elementor-invisible elementor-widget elementor-widget-image\" data-id=\"d7d34fa\" data-element_type=\"widget\" data-e-type=\"widget\" data-settings=\"{&quot;_animation&quot;:&quot;fadeInUp&quot;}\" data-widget_type=\"image.default\">\n\t\t\t\t<div class=\"elementor-widget-container\">\n\t\t\t\t\t\t\t\t\t\t\t\t\t\t\t<img fetchpriority=\"high\" decoding=\"async\" width=\"800\" height=\"800\" src=\"https:\/\/www.linseis.com\/wp-content\/uploads\/2024\/07\/Linseis-Icons_Linien-weiss_Elastizitaetsmodul-1024x1024.png\" class=\"attachment-large size-large wp-image-21911\" alt=\"\" srcset=\"https:\/\/www.linseis.com\/wp-content\/uploads\/2024\/07\/Linseis-Icons_Linien-weiss_Elastizitaetsmodul-1024x1024.png 1024w, https:\/\/www.linseis.com\/wp-content\/uploads\/2024\/07\/Linseis-Icons_Linien-weiss_Elastizitaetsmodul-300x300.png 300w, https:\/\/www.linseis.com\/wp-content\/uploads\/2024\/07\/Linseis-Icons_Linien-weiss_Elastizitaetsmodul-150x150.png 150w, https:\/\/www.linseis.com\/wp-content\/uploads\/2024\/07\/Linseis-Icons_Linien-weiss_Elastizitaetsmodul-768x768.png 768w, https:\/\/www.linseis.com\/wp-content\/uploads\/2024\/07\/Linseis-Icons_Linien-weiss_Elastizitaetsmodul-1536x1536.png 1536w, https:\/\/www.linseis.com\/wp-content\/uploads\/2024\/07\/Linseis-Icons_Linien-weiss_Elastizitaetsmodul-2048x2048.png 2048w\" sizes=\"(max-width: 800px) 100vw, 800px\" \/>\t\t\t\t\t\t\t\t\t\t\t\t\t\t\t<\/div>\n\t\t\t\t<\/div>\n\t\t\t\t<\/div>\n\t\t\t\t<\/div>\n\t\t\t\t<div class=\"elementor-element elementor-element-b4a6800 elementor-widget elementor-widget-image\" data-id=\"b4a6800\" data-element_type=\"widget\" data-e-type=\"widget\" data-widget_type=\"image.default\">\n\t\t\t\t<div class=\"elementor-widget-container\">\n\t\t\t\t\t\t\t\t\t\t\t\t\t\t\t<img decoding=\"async\" src=\"https:\/\/www.linseis.com\/wp-content\/uploads\/\/linseis_scale-bottom-1.svg\" title=\"\" alt=\"\" loading=\"lazy\" \/>\t\t\t\t\t\t\t\t\t\t\t\t\t\t\t<\/div>\n\t\t\t\t<\/div>\n\t\t\t\t\t<\/div>\n\t\t\t\t<\/div>\n\t\t<div class=\"elementor-element elementor-element-7c8d6cc e-flex e-con-boxed e-con e-parent\" data-id=\"7c8d6cc\" data-element_type=\"container\" data-e-type=\"container\" data-settings=\"{&quot;background_background&quot;:&quot;classic&quot;}\">\n\t\t\t\t\t<div class=\"e-con-inner\">\n\t\t\t\t\t<\/div>\n\t\t\t\t<\/div>\n\t\t<div class=\"elementor-element elementor-element-d7b7522 e-flex e-con-boxed e-con e-parent\" data-id=\"d7b7522\" data-element_type=\"container\" data-e-type=\"container\" data-settings=\"{&quot;background_background&quot;:&quot;classic&quot;}\">\n\t\t\t\t\t<div class=\"e-con-inner\">\n\t\t<div class=\"elementor-element elementor-element-449b6fd e-con-full e-flex e-con e-child\" data-id=\"449b6fd\" data-element_type=\"container\" data-e-type=\"container\">\n\t\t\t\t<div class=\"elementor-element elementor-element-031217d elementor-invisible elementor-widget elementor-widget-wp-widget-bcn_widget\" data-id=\"031217d\" data-element_type=\"widget\" data-e-type=\"widget\" data-settings=\"{&quot;_animation&quot;:&quot;fadeInUp&quot;}\" data-widget_type=\"wp-widget-bcn_widget.default\">\n\t\t\t\t<div class=\"elementor-widget-container\">\n\t\t\t\t\t<div class=\"breadcrumbs\" vocab=\"https:\/\/schema.org\/\" typeof=\"BreadcrumbList\"><span property=\"itemListElement\" typeof=\"ListItem\"><a property=\"item\" typeof=\"WebPage\" title=\"Linseis\u3078\u79fb\u52d5\u3059\u308b\" href=\"https:\/\/www.linseis.com\/ja\/\" class=\"home\" aria-current=\"page\"><span property=\"name\">Linseis<\/span><\/a><meta property=\"position\" content=\"1\"><\/span><\/div>\t\t\t\t<\/div>\n\t\t\t\t<\/div>\n\t\t\t\t<\/div>\n\t\t\t\t\t<\/div>\n\t\t\t\t<\/div>\n\t\t<div class=\"elementor-element elementor-element-ed98f58 e-flex e-con-boxed e-con e-parent\" data-id=\"ed98f58\" data-element_type=\"container\" data-e-type=\"container\" data-settings=\"{&quot;background_background&quot;:&quot;classic&quot;}\">\n\t\t\t\t\t<div class=\"e-con-inner\">\n\t\t<div class=\"elementor-element elementor-element-bbc47b3 e-con-full e-flex e-con e-child\" data-id=\"bbc47b3\" data-element_type=\"container\" data-e-type=\"container\">\n\t\t\t\t<div class=\"elementor-element elementor-element-71a1ec4 elementor-invisible elementor-widget elementor-widget-text-editor\" data-id=\"71a1ec4\" data-element_type=\"widget\" data-e-type=\"widget\" data-settings=\"{&quot;_animation&quot;:&quot;fadeInUp&quot;,&quot;_animation_delay&quot;:500}\" data-widget_type=\"text-editor.default\">\n\t\t\t\t<div class=\"elementor-widget-container\">\n\t\t\t\t\t\t\t\t\t<p>\u30e4\u30f3\u30b0\u7387\u306f\u3001\u90e8\u54c1\u306e\u9759\u7684\u8a08\u7b97\u306b\u304a\u3044\u3066\u983b\u7e41\u306b\u5fc5\u8981\u3068\u3055\u308c\u308b\u6750\u6599\u30d1\u30e9\u30e1\u30fc\u30bf\u3067\u3042\u308b\u3002<br \/>\n\u56fa\u4f53\u306b\u5f15\u5f35\u529b\u304c\u4f5c\u7528\u3059\u308b\u3068\u3001\u9577\u3055\u304c\u5909\u5316\u3057\u307e\u3059\u3002<br \/>\n\u5f15\u5f35\u529b\u304c\u306a\u304f\u306a\u308b\u3068\u540c\u6642\u306b\u3001\u9577\u3055\u306e\u5909\u5316\u3092\u9006\u8ee2\u3055\u305b\u308b\u5185\u529b\u304c\u672c\u4f53\u306b\u751f\u3058\u307e\u3059\u3002<br \/>\n\u5f15\u5f35\u529b\u306e\u5927\u304d\u3055\u304c\u6750\u6599\u306b\u4f9d\u5b58\u3059\u308b\u9650\u754c\u5024\u4ee5\u4e0b\u3067\u3042\u308c\u3070\u3001\u529b\u3068\u9577\u3055\u306e\u5909\u5316\u306f\u4e92\u3044\u306b\u6bd4\u4f8b\u3059\u308b\u3002<br \/>\n\u3053\u306e\u95a2\u4fc2\u306f\u30d5\u30c3\u30af\u306e\u6cd5\u5247\u3068\u3057\u3066\u77e5\u3089\u308c\u3066\u3044\u308b\u3002    <\/p><\/p>\n\t\t\t\t\t\t\t\t<\/div>\n\t\t\t\t<\/div>\n\t\t\t\t<div class=\"elementor-element elementor-element-32d9053 elementor-invisible elementor-widget elementor-widget-text-editor\" data-id=\"32d9053\" data-element_type=\"widget\" data-e-type=\"widget\" data-settings=\"{&quot;_animation&quot;:&quot;fadeInUp&quot;,&quot;_animation_delay&quot;:500}\" data-widget_type=\"text-editor.default\">\n\t\t\t\t<div class=\"elementor-widget-container\">\n\t\t\t\t\t\t\t\t\t<p>\u540c\u7b49\u306e\u7d50\u679c\u3092\u5f97\u308b\u305f\u3081\u306b\u3001\u5f15\u5f35\u529b\u306f\u7121\u8ca0\u8377\u90e8\u54c1\u306e\u65ad\u9762\u7a4d\u306b\u95a2\u9023\u4ed8\u3051\u3089\u308c\u308b\u3002\n\u529b\u3068\u65ad\u9762\u7a4d\u306e\u5546\u304c\u5f35\u529b\u3067\u3042\u308b\u3002 <\/p>\n<p>\u540c\u3058\u7406\u7531\u3067\u3001\u9577\u3055\u306e\u5909\u5316\u306f\u7121\u8ca0\u8377\u6642\u306e\u9577\u3055\u3068\u95a2\u4fc2\u3057\u3066\u3044\u308b\u3002\n\u9577\u3055\u306e\u5897\u52a0\u3068\u5143\u306e\u9577\u3055\u306e\u5546\u304c\u4f38\u3073\u3067\u3042\u308b\u3002 <\/p>\n<p>&nbsp;<\/p>\n\t\t\t\t\t\t\t\t<\/div>\n\t\t\t\t<\/div>\n\t\t\t\t<\/div>\n\t\t\t\t\t<\/div>\n\t\t\t\t<\/div>\n\t\t<div class=\"elementor-element elementor-element-3473d73 e-flex e-con-boxed elementor-invisible e-con e-parent\" data-id=\"3473d73\" data-element_type=\"container\" data-e-type=\"container\" data-settings=\"{&quot;animation&quot;:&quot;fadeInUp&quot;}\">\n\t\t\t\t\t<div class=\"e-con-inner\">\n\t\t\t\t<div class=\"elementor-element elementor-element-11f930b elementor-widget elementor-widget-image\" data-id=\"11f930b\" data-element_type=\"widget\" data-e-type=\"widget\" data-widget_type=\"image.default\">\n\t\t\t\t<div class=\"elementor-widget-container\">\n\t\t\t\t\t\t\t\t\t\t\t\t\t\t\t<img decoding=\"async\" width=\"800\" height=\"382\" src=\"https:\/\/www.linseis.com\/wp-content\/uploads\/2024\/07\/Elastizitaet-1024x489.png\" class=\"attachment-large size-large wp-image-18602\" alt=\"Elastizit\u00e4t eines Gummibands\" srcset=\"https:\/\/www.linseis.com\/wp-content\/uploads\/2024\/07\/Elastizitaet-1024x489.png 1024w, https:\/\/www.linseis.com\/wp-content\/uploads\/2024\/07\/Elastizitaet-300x143.png 300w, https:\/\/www.linseis.com\/wp-content\/uploads\/2024\/07\/Elastizitaet-768x366.png 768w, https:\/\/www.linseis.com\/wp-content\/uploads\/2024\/07\/Elastizitaet-1536x733.png 1536w, https:\/\/www.linseis.com\/wp-content\/uploads\/2024\/07\/Elastizitaet.png 1920w\" sizes=\"(max-width: 800px) 100vw, 800px\" \/>\t\t\t\t\t\t\t\t\t\t\t\t\t\t\t<\/div>\n\t\t\t\t<\/div>\n\t\t\t\t\t<\/div>\n\t\t\t\t<\/div>\n\t\t<div class=\"elementor-element elementor-element-8801439 e-flex e-con-boxed e-con e-parent\" data-id=\"8801439\" data-element_type=\"container\" data-e-type=\"container\" data-settings=\"{&quot;background_background&quot;:&quot;classic&quot;}\">\n\t\t\t\t\t<div class=\"e-con-inner\">\n\t\t<div class=\"elementor-element elementor-element-4fda86f e-con-full e-flex e-con e-child\" data-id=\"4fda86f\" data-element_type=\"container\" data-e-type=\"container\">\n\t\t\t\t<div class=\"elementor-element elementor-element-fe6d621 elementor-invisible elementor-widget elementor-widget-text-editor\" data-id=\"fe6d621\" data-element_type=\"widget\" data-e-type=\"widget\" data-settings=\"{&quot;_animation&quot;:&quot;fadeInUp&quot;,&quot;_animation_delay&quot;:500}\" data-widget_type=\"text-editor.default\">\n\t\t\t\t<div class=\"elementor-widget-container\">\n\t\t\t\t\t\t\t\t\t<h2>\u30e4\u30f3\u30b0\u7387\u3068\u306f\u4f55\u3067\u3059\u304b\uff1f<\/h2><p>\u30e4\u30f3\u30b0\u7387\uff08Young&#8217;s modulus\uff09\u306f\u3001\u56fa\u4f53\u6750\u6599\u306e\u525b\u6027\u3092\u6e2c\u5b9a\u3059\u308b\u6a5f\u68b0\u7684\u7279\u6027\u3067\u3042\u308b\u3002<\/p><p>\u00a0<\/p>\t\t\t\t\t\t\t\t<\/div>\n\t\t\t\t<\/div>\n\t\t\t\t<div class=\"elementor-element elementor-element-34d74a1 elementor-invisible elementor-widget elementor-widget-text-editor\" data-id=\"34d74a1\" data-element_type=\"widget\" data-e-type=\"widget\" data-settings=\"{&quot;_animation&quot;:&quot;fadeInUp&quot;,&quot;_animation_delay&quot;:500}\" data-widget_type=\"text-editor.default\">\n\t\t\t\t<div class=\"elementor-widget-container\">\n\t\t\t\t\t\t\t\t\t<p>\u4e00\u8ef8\u5909\u5f62\u306e\u7dda\u5f62\u5f3e\u6027\u9818\u57df\u306b\u304a\u3051\u308b\u6750\u6599\u306e\u5fdc\u529b\uff08\u5358\u4f4d\u9762\u7a4d\u5f53\u305f\u308a\u306e\u529b\uff09\u3068\u3072\u305a\u307f\uff08\u6bd4\u4f8b\u3057\u305f\u5909\u5f62\uff09\u306e\u95a2\u4fc2\u3092\u5b9a\u7fa9\u3059\u308b\u3002\n\u5358\u4f4d\u306fN \/ m\u00b2\u3002 <\/p>\n<p>\u3053\u306e\u6e2c\u5b9a\u5358\u4f4d\u306f\u3001\u7269\u7406\u7684\u306a\u5927\u304d\u3055\u306e\u5727\u529b\u306b\u4f7f\u308f\u308c\u308b\u5358\u4f4d\u30d1\u30b9\u30ab\u30eb\u3068\u6570\u5b66\u7684\u306b\u4e00\u81f4\u3057\u3066\u3044\u308b\u3002\n\u3044\u304f\u3064\u304b\u306e\u8868\u3067\u306f\u3001\u3053\u306e\u5358\u4f4d\u306f\u5f3e\u6027\u4fc2\u6570\u306b\u3082\u4f7f\u308f\u308c\u3066\u3044\u308b\u3002 <\/p>\n\t\t\t\t\t\t\t\t<\/div>\n\t\t\t\t<\/div>\n\t\t\t\t<\/div>\n\t\t\t\t\t<\/div>\n\t\t\t\t<\/div>\n\t\t<div class=\"elementor-element elementor-element-aed7062 e-flex e-con-boxed elementor-invisible e-con e-parent\" data-id=\"aed7062\" data-element_type=\"container\" data-e-type=\"container\" data-settings=\"{&quot;animation&quot;:&quot;fadeInUp&quot;}\">\n\t\t\t\t\t<div class=\"e-con-inner\">\n\t\t\t\t<div class=\"elementor-element elementor-element-aae54ad elementor-widget elementor-widget-image\" data-id=\"aae54ad\" data-element_type=\"widget\" data-e-type=\"widget\" data-widget_type=\"image.default\">\n\t\t\t\t<div class=\"elementor-widget-container\">\n\t\t\t\t\t\t\t\t\t\t\t\t\t\t\t<img decoding=\"async\" width=\"800\" height=\"382\" src=\"https:\/\/www.linseis.com\/wp-content\/uploads\/2024\/07\/Dehnung-von-Kabeln-1024x489.png\" class=\"attachment-large size-large wp-image-18622\" alt=\"Dehnung von Kabeln\" srcset=\"https:\/\/www.linseis.com\/wp-content\/uploads\/2024\/07\/Dehnung-von-Kabeln-1024x489.png 1024w, https:\/\/www.linseis.com\/wp-content\/uploads\/2024\/07\/Dehnung-von-Kabeln-300x143.png 300w, https:\/\/www.linseis.com\/wp-content\/uploads\/2024\/07\/Dehnung-von-Kabeln-768x366.png 768w, https:\/\/www.linseis.com\/wp-content\/uploads\/2024\/07\/Dehnung-von-Kabeln-1536x733.png 1536w, https:\/\/www.linseis.com\/wp-content\/uploads\/2024\/07\/Dehnung-von-Kabeln.png 1920w\" sizes=\"(max-width: 800px) 100vw, 800px\" \/>\t\t\t\t\t\t\t\t\t\t\t\t\t\t\t<\/div>\n\t\t\t\t<\/div>\n\t\t\t\t\t<\/div>\n\t\t\t\t<\/div>\n\t\t<div class=\"elementor-element elementor-element-50adb82 e-flex e-con-boxed e-con e-parent\" data-id=\"50adb82\" data-element_type=\"container\" data-e-type=\"container\" data-settings=\"{&quot;background_background&quot;:&quot;classic&quot;}\">\n\t\t\t\t\t<div class=\"e-con-inner\">\n\t\t<div class=\"elementor-element elementor-element-cad4e8f e-con-full e-flex e-con e-child\" data-id=\"cad4e8f\" data-element_type=\"container\" data-e-type=\"container\">\n\t\t\t\t<div class=\"elementor-element elementor-element-91cf7c6 elementor-invisible elementor-widget elementor-widget-text-editor\" data-id=\"91cf7c6\" data-element_type=\"widget\" data-e-type=\"widget\" data-settings=\"{&quot;_animation&quot;:&quot;fadeInUp&quot;,&quot;_animation_delay&quot;:500}\" data-widget_type=\"text-editor.default\">\n\t\t\t\t<div class=\"elementor-widget-container\">\n\t\t\t\t\t\t\t\t\t\u5f3e\u6027\u7387\u306e\u6e2c\u5b9a\u306f\u3001\u5f15\u5f35\u8a66\u9a13\u306e\u4e2d\u3067\u884c\u308f\u308c\u308b\u3002\u5f15\u5f35\u8a66\u9a13\u3067\u306f\u3001\u8a66\u9a13\u7247\u304c\u7834\u308c\u308b\u307e\u3067\u5f15\u5f35\u529b\u3092\u5897\u52a0\u3055\u305b\u3001\u6b63\u78ba\u306b\u5b9a\u7fa9\u3055\u308c\u305f\u5bf8\u6cd5\u3067\u8377\u91cd\u3092\u304b\u3051\u307e\u3059\u3002\u305d\u306e\u7d50\u679c\u3001\u6750\u6599\u306e\u5fdc\u529b-\u3072\u305a\u307f\u7dda\u56f3\u304c\u5f97\u3089\u308c\u307e\u3059\u3002\u3053\u306e\u56f3\u306e\u66f2\u7dda\u304b\u3089\u3001\u5f3e\u6027\u7387\u3068\u5f15\u5f35\u5f37\u3055\u3092\u8a08\u7b97\u3059\u308b\u3053\u3068\u304c\u3067\u304d\u307e\u3059\u3002\u3055\u3089\u306b\u3001\u5f3e\u6027\u9650\u754c\u3001\u7834\u65ad\u4f38\u5ea6\u3001\u7834\u65ad\u72ed\u7a84\u5ea6\u3068\u3044\u3063\u305f\u7279\u6027\u3082\u5f97\u3089\u308c\u307e\u3059\u3002    \n\n&nbsp;\n\n&nbsp;\t\t\t\t\t\t\t\t<\/div>\n\t\t\t\t<\/div>\n\t\t\t\t<div class=\"elementor-element elementor-element-4c217b5 elementor-invisible elementor-widget elementor-widget-text-editor\" data-id=\"4c217b5\" data-element_type=\"widget\" data-e-type=\"widget\" data-settings=\"{&quot;_animation&quot;:&quot;fadeInUp&quot;,&quot;_animation_delay&quot;:500}\" data-widget_type=\"text-editor.default\">\n\t\t\t\t<div class=\"elementor-widget-container\">\n\t\t\t\t\t\t\t\t\t<p>\u5f15\u5f35\u8a66\u9a13\u306e\u6761\u4ef6\u306f\u3001\u6750\u6599\u30b0\u30eb\u30fc\u30d7\u3054\u3068\u306b\u7570\u306a\u308b\u898f\u683c\u3067\u898f\u5b9a\u3055\u308c\u3066\u3044\u308b\u3002<br \/>\n\u4f8b\u3048\u3070\u3001\u91d1\u5c5e\u3001\u30d7\u30e9\u30b9\u30c1\u30c3\u30af\u3001\u63a5\u7740\u5264\u3001\u7e4a\u7dad\u306a\u3069\u306f\u3001\u5f15\u5f35\u5fdc\u529b\u306b\u5bfe\u3059\u308b\u53cd\u5fdc\u304c\u7570\u306a\u308b\u3053\u3068\u304c\u8003\u616e\u3055\u308c\u3066\u3044\u307e\u3059\u3002 <\/p>\n<\/p>\n<p>\u56fd\u969b\u57fa\u6e96\uff1a<\/p>\n<p><a href=\"https:\/\/www.astm.org\/e0111-17.html\" target=\"_blank\" rel=\"noopener\"><strong>ASTM E111 &#8211; 17 \u30e4\u30f3\u30b0\u7387\u3001\u63a5\u7dda\u5f3e\u6027\u7387\u3001\u5f26\u5f3e\u6027\u7387\u306e\u6a19\u6e96\u8a66\u9a13\u65b9\u6cd5<\/strong><\/a><\/p>\n\t\t\t\t\t\t\t\t<\/div>\n\t\t\t\t<\/div>\n\t\t\t\t<div class=\"elementor-element elementor-element-e1f00b9 elementor-widget elementor-widget-text-editor\" data-id=\"e1f00b9\" data-element_type=\"widget\" data-e-type=\"widget\" data-widget_type=\"text-editor.default\">\n\t\t\t\t<div class=\"elementor-widget-container\">\n\t\t\t\t\t\t\t\t\t<p>&nbsp;<\/p>\n\t\t\t\t\t\t\t\t<\/div>\n\t\t\t\t<\/div>\n\t\t\t\t<div class=\"elementor-element elementor-element-b17a273 elementor-widget elementor-widget-shortcode\" data-id=\"b17a273\" data-element_type=\"widget\" data-e-type=\"widget\" data-widget_type=\"shortcode.default\">\n\t\t\t\t<div class=\"elementor-widget-container\">\n\t\t\t\t\t\t\t<div class=\"elementor-shortcode\"><script type=\"application\/ld+json\">{  \"@context\": \"https:\/\/schema.org\",  \"@type\": \"FAQPage\",  \"mainEntity\": [{    \"@type\": \"Question\",    \"name\": \"Was ist der Elastizit\u00e4tsmodul?\",    \"acceptedAnswer\": {      \"@type\": \"Answer\",      \"text\": \"Der Elastizit\u00e4tsmodul (E-Modul) ist eine Kenngr\u00f6\u00dfe, die die Steifigkeit eines Materials beschreibt. Er gibt an, wie ein Material auf eine \u00e4u\u00dfere Zugkraft mit einer L\u00e4ngen\u00e4nderung reagiert.Hookesches Gesetz: Das Hookesche Gesetz bildet die Grundlage und besagt, dass die Dehnung in einem Material proportional zur angelegten Spannung ist, solange der Elastizit\u00e4tsgrenzwert nicht \u00fcberschritten wird.\"    }  },{    \"@type\": \"Question\",    \"name\": \"Was ist das Spannungs-Dehnungs Verh\u00e4ltnis?\",    \"acceptedAnswer\": {      \"@type\": \"Answer\",      \"text\": \"Spannung-Dehnung-Verh\u00e4ltnis:Das Verh\u00e4ltnis von Spannung zu Dehnung im elastischen Bereich eines Materials ist entscheidend f\u00fcr das Verst\u00e4ndnis seiner mechanischen Eigenschaften.Formel: E-Modul (E) = \u03c3 \/ \u03b5Dabei ist:\u03c3 = Spannung\u03b5 = DehnungEinheit: Der E-Modul wird in Newton pro Quadratmeter (N\/m\u00b2) oder Pascal (Pa) ausgedr\u00fcckt, was konsistent mit der Einheit f\u00fcr Druck ist.\"    }  },{    \"@type\": \"Question\",    \"name\": \"Wie wird E-Modul bestimmt?\",    \"acceptedAnswer\": {      \"@type\": \"Answer\",      \"text\": \"Zugversuch: Der E-Modul wird typischerweise durch einen standardisierten Zugversuch bestimmt, bei dem ein Material bis zu seinem Bruchpunkt belastet wird.Spannungs-Dehnungs-Diagramm: Aus dem linearen Teil des Spannungs-Dehnungs-Diagramms, der das Hookesche Gesetz darstellt, wird der E-Modul abgelesen.\"    }  }]}<\/script><\/div>\n\t\t\t\t\t\t<\/div>\n\t\t\t\t<\/div>\n\t\t\t\t<\/div>\n\t\t\t\t\t<\/div>\n\t\t\t\t<\/div>\n\t\t\t\t<\/div>\n\t\t","protected":false},"excerpt":{"rendered":"<p>\u30e4\u30f3\u30b0\u7387 \u30e4\u30f3\u30b0\u7387\u306f\u3001\u90e8\u54c1\u306e\u9759\u7684\u8a08\u7b97\u306b\u304a\u3044\u3066\u983b\u7e41\u306b\u5fc5\u8981\u3068\u3055\u308c\u308b\u6750\u6599\u30d1\u30e9\u30e1\u30fc\u30bf\u3067\u3042\u308b\u3002 \u56fa\u4f53\u306b\u5f15\u5f35\u529b\u304c\u4f5c\u7528\u3059\u308b\u3068\u3001\u9577\u3055\u304c\u5909\u5316\u3057\u307e\u3059\u3002 \u5f15\u5f35\u529b\u304c\u306a\u304f\u306a\u308b\u3068\u540c\u6642\u306b\u3001\u9577\u3055\u306e\u5909\u5316\u3092\u9006\u8ee2\u3055\u305b\u308b\u5185\u529b\u304c\u672c\u4f53\u306b\u751f\u3058\u307e\u3059\u3002 \u5f15\u5f35\u529b\u306e\u5927\u304d\u3055\u304c [&hellip;]<\/p>\n","protected":false},"author":5,"featured_media":0,"parent":61436,"menu_order":0,"comment_status":"closed","ping_status":"closed","template":"","meta":{"_acf_changed":false,"inline_featured_image":false,"footnotes":""},"class_list":["post-61466","page","type-page","status-publish","hentry"],"acf":[],"_links":{"self":[{"href":"https:\/\/www.linseis.com\/ja\/wp-json\/wp\/v2\/pages\/61466","targetHints":{"allow":["GET"]}}],"collection":[{"href":"https:\/\/www.linseis.com\/ja\/wp-json\/wp\/v2\/pages"}],"about":[{"href":"https:\/\/www.linseis.com\/ja\/wp-json\/wp\/v2\/types\/page"}],"author":[{"embeddable":true,"href":"https:\/\/www.linseis.com\/ja\/wp-json\/wp\/v2\/users\/5"}],"replies":[{"embeddable":true,"href":"https:\/\/www.linseis.com\/ja\/wp-json\/wp\/v2\/comments?post=61466"}],"version-history":[{"count":0,"href":"https:\/\/www.linseis.com\/ja\/wp-json\/wp\/v2\/pages\/61466\/revisions"}],"up":[{"embeddable":true,"href":"https:\/\/www.linseis.com\/ja\/wp-json\/wp\/v2\/pages\/61436"}],"wp:attachment":[{"href":"https:\/\/www.linseis.com\/ja\/wp-json\/wp\/v2\/media?parent=61466"}],"curies":[{"name":"wp","href":"https:\/\/api.w.org\/{rel}","templated":true}]}}