{"id":100529,"date":"2024-08-15T14:57:44","date_gmt":"2024-08-15T12:57:44","guid":{"rendered":"https:\/\/www.linseis.com\/lazienda\/gtc\/"},"modified":"2026-01-13T08:47:07","modified_gmt":"2026-01-13T07:47:07","slug":"gtc","status":"publish","type":"page","link":"https:\/\/www.linseis.com\/it\/lazienda\/gtc\/","title":{"rendered":"GTC"},"content":{"rendered":"\t\t<div data-elementor-type=\"wp-post\" data-elementor-id=\"100529\" class=\"elementor elementor-100529 elementor-38584\" data-elementor-post-type=\"page\">\n\t\t\t\t<div class=\"elementor-element elementor-element-a3549cf e-flex e-con-boxed e-con e-parent\" data-id=\"a3549cf\" data-element_type=\"container\" data-e-type=\"container\" data-settings=\"{&quot;background_background&quot;:&quot;classic&quot;}\">\n\t\t\t\t\t<div class=\"e-con-inner\">\n\t\t\t\t<div class=\"elementor-element elementor-element-ac41c94 elementor-widget elementor-widget-image\" data-id=\"ac41c94\" data-element_type=\"widget\" data-e-type=\"widget\" data-widget_type=\"image.default\">\n\t\t\t\t<div class=\"elementor-widget-container\">\n\t\t\t\t\t\t\t\t\t\t\t\t\t\t\t<img decoding=\"async\" src=\"https:\/\/www.linseis.com\/wp-content\/uploads\/\/linseis_scale-top-1.svg\" title=\"\" alt=\"\" loading=\"lazy\" \/>\t\t\t\t\t\t\t\t\t\t\t\t\t\t\t<\/div>\n\t\t\t\t<\/div>\n\t\t\t\t<div class=\"elementor-element elementor-element-28a610f elementor-invisible elementor-widget elementor-widget-image\" data-id=\"28a610f\" data-element_type=\"widget\" data-e-type=\"widget\" data-settings=\"{&quot;_animation&quot;:&quot;fadeInUp&quot;}\" data-widget_type=\"image.default\">\n\t\t\t\t<div class=\"elementor-widget-container\">\n\t\t\t\t\t\t\t\t\t\t\t\t\t\t\t<img fetchpriority=\"high\" decoding=\"async\" width=\"800\" height=\"800\" src=\"https:\/\/www.linseis.com\/wp-content\/uploads\/2024\/06\/linseis-pushing-boundaries-1.svg\" class=\"attachment-large size-large wp-image-29193\" alt=\"\" \/>\t\t\t\t\t\t\t\t\t\t\t\t\t\t\t<\/div>\n\t\t\t\t<\/div>\n\t\t\t\t<div class=\"elementor-element elementor-element-b4a6800 elementor-widget elementor-widget-image\" data-id=\"b4a6800\" data-element_type=\"widget\" data-e-type=\"widget\" data-widget_type=\"image.default\">\n\t\t\t\t<div class=\"elementor-widget-container\">\n\t\t\t\t\t\t\t\t\t\t\t\t\t\t\t<img decoding=\"async\" src=\"https:\/\/www.linseis.com\/wp-content\/uploads\/\/linseis_scale-bottom-1.svg\" title=\"\" alt=\"\" loading=\"lazy\" \/>\t\t\t\t\t\t\t\t\t\t\t\t\t\t\t<\/div>\n\t\t\t\t<\/div>\n\t\t\t\t\t<\/div>\n\t\t\t\t<\/div>\n\t\t<div class=\"elementor-element elementor-element-7c8d6cc e-flex e-con-boxed e-con e-parent\" data-id=\"7c8d6cc\" data-element_type=\"container\" data-e-type=\"container\" data-settings=\"{&quot;background_background&quot;:&quot;classic&quot;}\">\n\t\t\t\t\t<div class=\"e-con-inner\">\n\t\t\t\t\t<\/div>\n\t\t\t\t<\/div>\n\t\t<div class=\"elementor-element elementor-element-d7b7522 e-flex e-con-boxed e-con e-parent\" data-id=\"d7b7522\" data-element_type=\"container\" data-e-type=\"container\" data-settings=\"{&quot;background_background&quot;:&quot;classic&quot;}\">\n\t\t\t\t\t<div class=\"e-con-inner\">\n\t\t<div class=\"elementor-element elementor-element-7e2c0c3 e-con-full e-flex e-con e-child\" data-id=\"7e2c0c3\" data-element_type=\"container\" data-e-type=\"container\">\n\t\t\t\t<\/div>\n\t\t<div class=\"elementor-element elementor-element-449b6fd e-con-full e-flex e-con e-child\" data-id=\"449b6fd\" data-element_type=\"container\" data-e-type=\"container\">\n\t\t\t\t<div class=\"elementor-element elementor-element-cc1182c elementor-invisible elementor-widget elementor-widget-heading\" data-id=\"cc1182c\" data-element_type=\"widget\" data-e-type=\"widget\" data-settings=\"{&quot;_animation&quot;:&quot;fadeInUp&quot;,&quot;_animation_delay&quot;:250}\" data-widget_type=\"heading.default\">\n\t\t\t\t<div class=\"elementor-widget-container\">\n\t\t\t\t\t<h1 class=\"elementor-heading-title elementor-size-default\">AGB<\/h1>\t\t\t\t<\/div>\n\t\t\t\t<\/div>\n\t\t\t\t<div class=\"elementor-element elementor-element-a10166b elementor-invisible elementor-widget elementor-widget-text-editor\" data-id=\"a10166b\" data-element_type=\"widget\" data-e-type=\"widget\" data-settings=\"{&quot;_animation&quot;:&quot;fadeInUp&quot;}\" data-widget_type=\"text-editor.default\">\n\t\t\t\t<div class=\"elementor-widget-container\">\n\t\t\t\t\t\t\t\t\t<p>Valido dal 25\/05\/2018<\/p><h2>1. informazioni generali<\/h2><p>a) Tutte le offerte, le vendite e le consegne si basano sui nostri Termini e Condizioni Generali di Contratto indicati di seguito.<\/p><p>Raccogliamo, elaboriamo e utilizziamo i tuoi dati personali nella misura in cui ci\u00f2 \u00e8 necessario per la fornitura dei nostri servizi e\/o per il funzionamento di questo sito web.<br>Puoi trovare la nostra attuale politica sulla privacy qui: <a class=\"internal-link\" title=\"Apre il link interno nella finestra corrente\" href=\"https:\/\/www.linseis.com\/de\/unternehmen\/datenschutz\/\" target=\"_top\" rel=\"noopener noreferrer\" data-auto-event-observed=\"true\">https:\/\/www.linseis.com\/de\/unternehmen\/datenschutz\/<\/a><\/p><p>b) I termini e le condizioni di acquisto, consegna e pagamento contrastanti dell&#8217;Acquirente sono respinti. Tali condizioni non si applicano anche se sono contenute in una lettera di conferma dell&#8217;Acquirente successiva alla nostra conferma d&#8217;ordine e noi non ci opponiamo ad esse perch\u00e9 il nostro silenzio significa che le rifiutiamo. Qualsiasi accordo verbale o telefonico che si discosti dai nostri termini e condizioni contrattuali richiede la nostra conferma scritta per essere legalmente efficace. Lo stesso vale per gli accordi sussidiari e le promesse fatte dai nostri rappresentanti e dipendenti, che diventano vincolanti per noi solo dopo aver ricevuto la nostra conferma scritta da parte dell&#8217;Acquirente.   <\/p><p>c) Anche in caso di contraddizioni nelle precedenti dichiarazioni contrattuali reciproche o nelle lettere di conferma, il contratto si concluder\u00e0 in ogni caso con l&#8217;accettazione della nostra consegna o di altri servizi di adempimento in conformit\u00e0 ai nostri termini e condizioni contrattuali qui riprodotti.<\/p><h2><br>2. offerte<\/h2><p>a) Le nostre offerte sono soggette a modifiche, a meno che non siano espressamente indicate come vincolanti o definitive. Il contratto diventer\u00e0 vincolante per noi solo dopo la conferma scritta dell&#8217;ordine. <\/p><p>b) Le illustrazioni, i disegni, le brochure, il materiale pubblicitario ecc. relativi ai nostri prodotti, in particolare i dati in essi contenuti, rappresentano solo valori approssimativi. In nessun caso contengono garanzie o assicurazioni di determinate propriet\u00e0. Le garanzie e le assicurazioni saranno concordate solo per iscritto e indicate come tali. Un difetto ai sensi del \u00a7 434 BGB sussiste solo se la qualit\u00e0 effettiva si discosta in modo significativo dalla qualit\u00e0 descritta nell&#8217;illustrazione, nel disegno, nell&#8217;opuscolo o nel volantino pubblicitario.   <\/p><h2><br>3. Prezzi<\/h2><p>a) Se non diversamente concordato, i prezzi si intendono franco fabbrica Selb. Si basano sui costi al momento della stipula del contratto. Se il periodo di consegna \u00e8 superiore a 4 mesi, avremo il diritto di addebitare all&#8217;acquirente l&#8217;introduzione o l&#8217;aumento di dazi doganali, tasse, spese di trasporto, costi energetici, salari, ecc. o l&#8217;aumento dei nostri prezzi di costo in seguito a variazioni dei tassi di cambio, anche se questi ultimi entrano in vigore retroattivamente.  <\/p><p>b) Per ordini inferiori a \u20ac 75,- netti, abbiamo il diritto di addebitare \u20ac 20,- netti per compensare i costi di elaborazione di ordini molto piccoli.<\/p><h2><br>4. spedizione, trasporto e assicurazione<\/h2><p>a) Anche se abbiamo venduto la merce in porto franco, fob o c&amp;f, la merce viene trasportata a rischio dell&#8217;acquirente. Anche se scegliamo il mezzo di trasporto, il trasportatore e\/o il percorso di trasporto, la merce sar\u00e0 trasportata a rischio e pericolo dell&#8217;acquirente, con esclusione di qualsiasi responsabilit\u00e0 da parte nostra. <\/p><p>b) Le spedizioni saranno assicurate da e contro i danni da trasporto solo su espressa richiesta dell&#8217;acquirente. I premi e le spese che ne derivano sono a carico dell&#8217;acquirente. <\/p><h2><br>5. date di consegna<\/h2><p>a) Se non espressamente concordato diversamente, le date di consegna e di esecuzione concordate sono solo approssimative e non sono vincolanti per noi.<\/p><p>b) Circostanze particolari quali scioperi, cessazione di attivit\u00e0, restrizioni operative, interruzioni operative, divieti di importazione e di esportazione, difficolt\u00e0 di elaborazione con i nostri fornitori e altri eventi e circostanze da noi non previsti, che direttamente o indirettamente interrompono o impediscono la consegna o i servizi, ci esonerano dall&#8217;obbligo di prestazione per la durata e la portata delle conseguenti interruzioni operative o di spedizione, senza che l&#8217;acquirente possa trarre da ci\u00f2 alcuna richiesta di risarcimento danni.<\/p><p>c) Se non riusciamo a rispettare un termine di consegna concordato come vincolante, l&#8217;acquirente avr\u00e0 il diritto di recedere dal contratto dopo la scadenza infruttuosa di un ragionevole periodo di tolleranza da lui stabilito per iscritto. In caso di negligenza lieve, il risarcimento dei danni sar\u00e0 limitato a un massimo di tre volte il prezzo d&#8217;acquisto dell&#8217;articolo non consegnato in tempo, nel caso di apparecchiature analitiche, per ogni settimana completa di ritardo, allo 0,5% del prezzo d&#8217;acquisto dell&#8217;apparecchiatura o della parte dell&#8217;apparecchiatura che non pu\u00f2 essere utilizzata a causa del ritardo nella consegna, ma a un massimo del 5% in totale. Inoltre, saremo responsabili solo ai sensi della Sezione 9 e) delle presenti Condizioni Generali di Vendita e Consegna.    <\/p><p>d) Se l&#8217;Acquirente non compie un atto che gli spetta, ad esempio in relazione agli ordini o ai lavori preparatori o all&#8217;accettazione dell&#8217;oggetto d&#8217;acquisto o \u00e8 altrimenti inadempiente nell&#8217;accettazione o nel collaudo, il prezzo d&#8217;acquisto concordato o il prezzo d&#8217;acquisto residuo in sospeso diventer\u00e0 esigibile dopo la scadenza di un ragionevole periodo di grazia. Inoltre, restano impregiudicati gli effetti dei \u00a7\u00a7 300-304 BGB (Codice Civile Tedesco) e la richiesta di ulteriori danni. Il deposito temporaneo dell&#8217;oggetto d&#8217;acquisto a nostra discrezione sar\u00e0 a spese e a rischio dell&#8217;acquirente.  <\/p><h2><br>6. fatturazione e pagamento<\/h2><p>a) Le nostre fatture sono pagabili senza detrazioni entro 30 giorni dall&#8217;emissione. Anche in caso di pagamento anticipato, l&#8217;acquirente non avr\u00e0 diritto a dedurre uno sconto. Le cambiali e gli assegni, che non siamo obbligati ad accettare, saranno accettati solo a fronte della prestazione. Il pagamento non sar\u00e0 considerato effettuato fino a quando non saranno onorati in contanti.   <\/p><p>b) Possiamo recedere dal contratto o chiedere il risarcimento dei danni per inadempimento se non viene rispettato il termine di pagamento di una settimana dalla data di scadenza. Il nostro recesso non pregiudica le richieste di risarcimento danni (ad esempio per spreco di risorse, perdita di profitto, ecc.) <\/p><p>c) Se le condizioni finanziarie si deteriorano notevolmente dopo la conclusione del contratto d&#8217;acquisto o se in seguito veniamo a sapere che sono notevolmente peggiori di quanto avevamo ipotizzato, avremo il diritto di effettuare la consegna subordinandola al previo adempimento di tutti gli obblighi di pagamento dell&#8217;Acquirente &#8211; anche a partire da altre consegne da parte nostra. Se la consegna \u00e8 gi\u00e0 stata effettuata, avremo il diritto di reclamare la merce e di trattenerla fino a quando l&#8217;acquirente non avr\u00e0 adempiuto a tutti gli obblighi di pagamento nei nostri confronti. Anche i crediti per i quali sono state emesse cambiali con scadenza successiva sono immediatamente esigibili. Le disposizioni del presente paragrafo si applicano anche nel caso in cui abbiamo accettato cambiali e riceviamo informazioni sfavorevoli sulla situazione finanziaria dell&#8217;accettante o del traente.   <\/p><p>d) L&#8217;Acquirente pu\u00f2 compensare solo i crediti non contestati o riconosciuti con sentenza dichiarativa. L&#8217;Acquirente non avr\u00e0 diritto a un diritto di ritenzione. <\/p><p>e) I pagamenti devono essere effettuati esclusivamente alle coordinate bancarie riportate sulla bolla di consegna allegata alla merce spedita.<\/p><p> <\/p><h2><br>7. riserva di propriet\u00e0<\/h2><p>a) Le nostre consegne rimarranno di nostra propriet\u00e0 fino al pagamento di tutti i nostri crediti, per qualsiasi motivo, in particolare anche per precedenti transazioni reciproche. Nel caso di un conto corrente, il titolo trattenuto servir\u00e0 come garanzia per i nostri crediti a saldo. Avremo il diritto di stabilire a quali parti delle passivit\u00e0 totali a-conto dei pagamenti dell&#8217;acquirente debba essere applicata la compensazione.  <\/p><p>b) Se la merce consegnata viene combinata con un altro bene mobile in modo tale da essere considerata come parte essenziale di un nuovo bene, l&#8217;Acquirente ci cede la compropriet\u00e0 del nuovo bene su base proporzionale. L&#8217;acquirente eserciter\u00e0 la propriet\u00e0 del nuovo articolo per nostro conto. <\/p><p>c) L&#8217;Acquirente pu\u00f2 rivendere la nostra merce &#8211; a condizione che non sia in ritardo con il pagamento del prezzo d&#8217;acquisto &#8211; nel corso della normale attivit\u00e0 commerciale con riserva di propriet\u00e0 a fronte di un pagamento in contanti o tramite cambiale. Finch\u00e9 la merce soggetta a riserva di propriet\u00e0 \u00e8 in possesso dell&#8217;acquirente, quest&#8217;ultimo dovr\u00e0 conservarla per noi con la cura di un uomo d&#8217;affari prudente. <\/p><p>d) Se l&#8217;acquirente vende la merce soggetta a riserva di propriet\u00e0 insieme ad altre merci, con il presente atto cede i crediti derivanti dalla rivendita della merce soggetta a riserva di propriet\u00e0 nella sua interezza, in caso di lavorazione preventiva o di mescolanza con merci non di nostra propriet\u00e0, per un importo pari al valore della merce lavorata soggetta a riserva di propriet\u00e0. Se tale vendita viene effettuata a prezzo totale, l&#8217;acquirente ci cede il suo diritto al prezzo di acquisto per un importo pari al valore della merce riservata oggetto del presente contratto di acquisto. <\/p><p>e) Su nostra richiesta, l&#8217;acquirente \u00e8 tenuto a notificare al terzo debitore la cessione a noi, indicando l&#8217;importo del nostro credito. Egli deve fornirci tutte le informazioni e i documenti necessari per far valere i nostri diritti. Se il valore dei crediti a noi ceduti supera di oltre il 20% il nostro credito totale nei confronti dell&#8217;acquirente, saremo obbligati a trasferire l&#8217;importo in eccesso su richiesta dell&#8217;acquirente.  <\/p><p>f) Non sono consentiti la costituzione in pegno, il trasferimento a titolo di garanzia e la cessione a titolo di garanzia della nostra merce soggetta a riserva di propriet\u00e0 e dei diritti a noi spettanti, n\u00e9 altre disposizioni da parte dell&#8217;acquirente che pregiudichino i nostri diritti. L&#8217;acquirente deve notificarci immediatamente qualsiasi interferenza da parte di terzi &#8211; sia con la merce soggetta a riserva di propriet\u00e0, sia con i crediti a noi assegnati o con i diritti stabiliti in conformit\u00e0 ai paragrafi precedenti &#8211; e inviarci tutti i documenti necessari per un intervento. Tutti i costi di un intervento da parte nostra saranno a carico dell&#8217;acquirente.  <\/p><p>g) L&#8217;affermazione della riserva di propriet\u00e0 e il ritiro dei beni riservati da parte nostra non saranno considerati come una cancellazione del contratto, ma saranno effettuati solo per garantire i nostri crediti.<\/p><h2><br>8 Condizioni di licenza per il software<\/h2><p>Nella misura in cui forniamo all&#8217;acquirente anche un software in relazione alla vendita di un sistema (hardware) &#8211; indipendentemente dal fatto che si tratti di un software del sistema operativo o di un software utente &#8211; si applicano le seguenti condizioni di licenza:<\/p><p>a) L&#8217;acquirente ricever\u00e0 il diritto non trasferibile e non esclusivo di utilizzare il software da noi fornito insieme alla documentazione scritta in relazione ai dispositivi oggetto del contratto di acquisto e con i quali o per i quali il software viene fornito. La duplicazione del software \u00e8 consentita solo per scopi di backup. La riproduzione per altri scopi, il trasferimento del software a terzi e qualsiasi altra distribuzione del software non sono consentiti. Qualsiasi estensione o modifica del software prevista dall&#8217;acquirente o qualsiasi altro intervento su un programma deve essere notificata a noi in tempo utile e non \u00e8 consentita senza la nostra esplicita approvazione.   <\/p><p>b) Tutti i diritti sul software rimarranno a noi, in particolare il software rimarr\u00e0 di nostra esclusiva propriet\u00e0 intellettuale ai sensi della legge sul diritto d&#8217;autore, indipendentemente dal fatto che il software sia brevettato, protetto in altro modo o non protetto. La cessione a terzi del software o dei documenti scritti associati richiede il nostro preventivo consenso scritto. <\/p><p>c) Il costo della licenza \u00e8 incluso nel prezzo di acquisto dell&#8217;hardware o del software.<\/p><p>d) Abbiamo il diritto di interrompere il rapporto di licenza in essere con l&#8217;acquirente senza preavviso se l&#8217;acquirente viola le condizioni di licenza di cui sopra e le viola nuovamente entro 15 giorni da un avvertimento.<\/p><h2><br>9. garanzia per i difetti<\/h2><p>Se non diversamente concordato, il periodo di garanzia per le parti fornite da noi \u00e8 di 1 anno. Le parti che si rivelano inadatte a causa di materiale difettoso o di cattiva lavorazione saranno riparate o sostituite da noi o dal cliente a nostra discrezione. Non ci assumiamo alcuna responsabilit\u00e0 per i danni dovuti alla naturale usura. Il cliente avr\u00e0 l&#8217;onere di dimostrare che il difetto esisteva gi\u00e0 al momento della consegna e, in particolare, che non \u00e8 stato causato da una manipolazione impropria o da influenze esterne. Ci\u00f2 vale anche nel caso in cui l&#8217;acquirente o terzi abbiano effettuato modifiche, rettifiche o riparazioni senza il nostro consenso.    <\/p><p>a) Nelle descrizioni dei nostri prodotti segnaliamo regolarmente che la durata della funzionalit\u00e0 dei dispositivi da noi forniti dipende in larga misura dal tipo e dalla durata di utilizzo a causa della loro particolare destinazione d&#8217;uso e che ci\u00f2 pu\u00f2 rendere necessaria la sostituzione di alcune parti soggette a usura a intervalli pi\u00f9 o meno lunghi. L&#8217;usura di queste parti non \u00e8 coperta dalla garanzia. <\/p><p>b) La scoperta di difetti deve essere notificata immediatamente per iscritto, in caso di difetti evidenti entro 8 giorni dalla consegna. In caso di reclami, l&#8217;acquirente non \u00e8 autorizzato ad apportare modifiche o rilavorazioni a nostre spese senza il nostro consenso. I pezzi rifiutati diventeranno di nostra propriet\u00e0. La responsabilit\u00e0 per i lavori di rettifica effettuati o per i pezzi di ricambio forniti sussiste solo fino alla scadenza del periodo di garanzia per la consegna originale. Il regolamento sulla riserva di propriet\u00e0 (7. sopra) si applica anche alle consegne successive.    <\/p><p>c) Se la riparazione o la consegna sostitutiva fallisce (ad esempio perch\u00e9 \u00e8 impossibile, fallisce due volte o non va a buon fine entro un periodo di tempo ragionevole), il cliente pu\u00f2, a sua discrezione, richiedere una riduzione del compenso o la cancellazione del contratto. Accettiamo la responsabilit\u00e0 solo nei limiti di cui al n. 9 lett. e) delle presenti Condizioni Generali di Vendita e Consegna.  <\/p><p>d) Saremo responsabili solo per i danni derivanti da una violazione intenzionale o gravemente negligente degli obblighi da parte nostra o di uno dei nostri rappresentanti legali o agenti vicari. Sono esclusi da questa limitazione di responsabilit\u00e0 i danni derivanti dalla violazione di un obbligo il cui adempimento \u00e8 di particolare importanza per il raggiungimento dello scopo del contratto (obbligo cardinale), a meno che i danni non siano imprevedibili o non tipici del contratto. Sono esclusi da questa limitazione di responsabilit\u00e0 anche i danni derivanti da lesioni alla vita, al corpo o alla salute che si basano su una violazione negligente o intenzionale del dovere da parte nostra o di uno dei nostri rappresentanti legali o agenti vicari. La responsabilit\u00e0 non \u00e8 limitata se, ad esempio, la responsabilit\u00e0 \u00e8 obbligatoria per lesioni personali o danni a beni usati privatamente ai sensi della legge sulla responsabilit\u00e0 del prodotto.   <\/p><h2><br>10 Disposizioni supplementari<\/h2><p>L&#8217;eventuale invalidit\u00e0 di singole disposizioni delle condizioni contrattuali di cui sopra non pregiudica la validit\u00e0 delle restanti disposizioni e del contratto nel suo complesso. Le parti contraenti attueranno il contratto con una disposizione sostitutiva efficace che si avvicini maggiormente allo scopo economico perseguito dalla disposizione omessa. <\/p><p>a) Il contratto e la sua esecuzione sono disciplinati esclusivamente dalla legge tedesca. \u00c8 esclusa l&#8217;applicazione delle Leggi Uniformi sulla Vendita Internazionale di Beni. <\/p><p>b) Il luogo di adempimento e di pagamento \u00e8 Selb\/Bavaria.<\/p><p>c) Il foro competente esclusivo per tutti i reclami derivanti dal contratto e dalla sua esecuzione &#8211; compresi i reclami che possono essere fatti valere in procedimenti relativi a cambiali, assegni e documenti &#8211; sar\u00e0 Hof, con la riserva che potremo anche scegliere il foro generale dell&#8217;Acquirente come foro competente e, a nostra discrezione, portare una controversia legale davanti al tribunale locale come foro competente indipendentemente dall&#8217;importo della controversia.<br><br><\/p><p>LINSEIS Messger\u00e4te GmbH<br>Vielitzer Str. 43<br>D-95100 Selb<br>Germania<\/p>\t\t\t\t\t\t\t\t<\/div>\n\t\t\t\t<\/div>\n\t\t\t\t<\/div>\n\t\t<div class=\"elementor-element elementor-element-13cd405 e-con-full e-flex e-con e-child\" data-id=\"13cd405\" data-element_type=\"container\" data-e-type=\"container\">\n\t\t\t\t<\/div>\n\t\t\t\t\t<\/div>\n\t\t\t\t<\/div>\n\t\t\t\t<\/div>\n\t\t","protected":false},"excerpt":{"rendered":"<p>AGB Valido dal 25\/05\/2018 1. informazioni generali a) Tutte le offerte, le vendite e le consegne si basano sui nostri Termini e Condizioni Generali di Contratto indicati di seguito. Raccogliamo, elaboriamo e utilizziamo i tuoi dati personali nella misura in cui ci\u00f2 \u00e8 necessario per la fornitura dei nostri servizi e\/o per il funzionamento di [&hellip;]<\/p>\n","protected":false},"author":3,"featured_media":0,"parent":100525,"menu_order":0,"comment_status":"closed","ping_status":"closed","template":"","meta":{"_acf_changed":false,"inline_featured_image":false,"footnotes":""},"class_list":["post-100529","page","type-page","status-publish","hentry"],"acf":[],"_links":{"self":[{"href":"https:\/\/www.linseis.com\/it\/wp-json\/wp\/v2\/pages\/100529","targetHints":{"allow":["GET"]}}],"collection":[{"href":"https:\/\/www.linseis.com\/it\/wp-json\/wp\/v2\/pages"}],"about":[{"href":"https:\/\/www.linseis.com\/it\/wp-json\/wp\/v2\/types\/page"}],"author":[{"embeddable":true,"href":"https:\/\/www.linseis.com\/it\/wp-json\/wp\/v2\/users\/3"}],"replies":[{"embeddable":true,"href":"https:\/\/www.linseis.com\/it\/wp-json\/wp\/v2\/comments?post=100529"}],"version-history":[{"count":0,"href":"https:\/\/www.linseis.com\/it\/wp-json\/wp\/v2\/pages\/100529\/revisions"}],"up":[{"embeddable":true,"href":"https:\/\/www.linseis.com\/it\/wp-json\/wp\/v2\/pages\/100525"}],"wp:attachment":[{"href":"https:\/\/www.linseis.com\/it\/wp-json\/wp\/v2\/media?parent=100529"}],"curies":[{"name":"wp","href":"https:\/\/api.w.org\/{rel}","templated":true}]}}