{"id":100368,"date":"2024-07-26T11:13:31","date_gmt":"2024-07-26T09:13:31","guid":{"rendered":"https:\/\/www.linseis.com\/metodi-di-analisi-termica\/termoreflettanza-nel-dominio-del-tempo-tdtr\/"},"modified":"2026-02-17T11:27:00","modified_gmt":"2026-02-17T10:27:00","slug":"termoreflettanza-nel-dominio-del-tempo-tdtr","status":"publish","type":"page","link":"https:\/\/www.linseis.com\/it\/metodi-di-analisi-termica\/termoreflettanza-nel-dominio-del-tempo-tdtr\/","title":{"rendered":"Termoriflettanza nel dominio del tempo (TDTR)"},"content":{"rendered":"\t\t<div data-elementor-type=\"wp-post\" data-elementor-id=\"100368\" class=\"elementor elementor-100368 elementor-22541\" data-elementor-post-type=\"page\">\n\t\t\t\t<div class=\"elementor-element elementor-element-a3549cf e-flex e-con-boxed e-con e-parent\" data-id=\"a3549cf\" data-element_type=\"container\" data-e-type=\"container\" data-settings=\"{&quot;background_background&quot;:&quot;classic&quot;}\">\n\t\t\t\t\t<div class=\"e-con-inner\">\n\t\t\t\t<div class=\"elementor-element elementor-element-ac41c94 elementor-widget elementor-widget-image\" data-id=\"ac41c94\" data-element_type=\"widget\" data-e-type=\"widget\" data-widget_type=\"image.default\">\n\t\t\t\t<div class=\"elementor-widget-container\">\n\t\t\t\t\t\t\t\t\t\t\t\t\t\t\t<img decoding=\"async\" src=\"https:\/\/www.linseis.com\/wp-content\/uploads\/\/linseis_scale-top-1.svg\" title=\"\" alt=\"\" loading=\"lazy\" \/>\t\t\t\t\t\t\t\t\t\t\t\t\t\t\t<\/div>\n\t\t\t\t<\/div>\n\t\t<div class=\"elementor-element elementor-element-a7b7feb e-con-full e-flex e-con e-child\" data-id=\"a7b7feb\" data-element_type=\"container\" data-e-type=\"container\">\n\t\t<div class=\"elementor-element elementor-element-6100945 e-con-full e-flex e-con e-child\" data-id=\"6100945\" data-element_type=\"container\" data-e-type=\"container\">\n\t\t\t\t<div class=\"elementor-element elementor-element-cc1182c elementor-invisible elementor-widget elementor-widget-heading\" data-id=\"cc1182c\" data-element_type=\"widget\" data-e-type=\"widget\" data-settings=\"{&quot;_animation&quot;:&quot;fadeInUp&quot;,&quot;_animation_delay&quot;:250}\" data-widget_type=\"heading.default\">\n\t\t\t\t<div class=\"elementor-widget-container\">\n\t\t\t\t\t<h1 class=\"elementor-heading-title elementor-size-default\"><b>\n\nTermoreflettanza nel dominio del tempo (TDTR)\n\n<\/b><\/h1>\t\t\t\t<\/div>\n\t\t\t\t<\/div>\n\t\t\t\t<\/div>\n\t\t<div class=\"elementor-element elementor-element-6d91a43 e-con-full e-flex e-con e-child\" data-id=\"6d91a43\" data-element_type=\"container\" data-e-type=\"container\">\n\t\t\t\t<div class=\"elementor-element elementor-element-9413374 elementor-widget elementor-widget-n-carousel\" data-id=\"9413374\" data-element_type=\"widget\" data-e-type=\"widget\" data-settings=\"{&quot;carousel_items&quot;:[{&quot;slide_title&quot;:&quot;Produkt 1&quot;,&quot;_id&quot;:&quot;d6fbcdb&quot;}],&quot;slides_to_show&quot;:&quot;1&quot;,&quot;slides_to_scroll&quot;:&quot;2&quot;,&quot;autoplay_speed&quot;:2000,&quot;slides_to_show_tablet&quot;:&quot;1&quot;,&quot;slides_to_show_mobile&quot;:&quot;1&quot;,&quot;autoplay&quot;:&quot;yes&quot;,&quot;pause_on_hover&quot;:&quot;yes&quot;,&quot;pause_on_interaction&quot;:&quot;yes&quot;,&quot;infinite&quot;:&quot;yes&quot;,&quot;speed&quot;:500,&quot;offset_sides&quot;:&quot;none&quot;,&quot;image_spacing_custom&quot;:{&quot;unit&quot;:&quot;px&quot;,&quot;size&quot;:10,&quot;sizes&quot;:[]},&quot;image_spacing_custom_tablet&quot;:{&quot;unit&quot;:&quot;px&quot;,&quot;size&quot;:&quot;&quot;,&quot;sizes&quot;:[]},&quot;image_spacing_custom_mobile&quot;:{&quot;unit&quot;:&quot;px&quot;,&quot;size&quot;:&quot;&quot;,&quot;sizes&quot;:[]}}\" data-widget_type=\"nested-carousel.default\">\n\t\t\t\t<div class=\"elementor-widget-container\">\n\t\t\t\t\t\t\t<div class=\"e-n-carousel swiper\" role=\"region\" aria-roledescription=\"carousel\" aria-label=\"Carosello\" dir=\"ltr\">\n\t\t\t<div class=\"swiper-wrapper\" aria-live=\"off\">\n\t\t\t\t\t\t\t\t\t\t<div class=\"swiper-slide\" data-slide=\"1\" role=\"group\" aria-roledescription=\"slide\" aria-label=\"1 di 1\">\n\t\t\t\t\t\t\t<div class=\"elementor-element elementor-element-44441f5 e-flex e-con-boxed e-con e-child\" data-id=\"44441f5\" data-element_type=\"container\" data-e-type=\"container\">\n\t\t\t\t\t<div class=\"e-con-inner\">\n\t\t\t\t<div class=\"elementor-element elementor-element-4103051 elementor-widget__width-initial elementor-invisible elementor-widget elementor-widget-image\" data-id=\"4103051\" data-element_type=\"widget\" data-e-type=\"widget\" data-settings=\"{&quot;_animation&quot;:&quot;fadeInUp&quot;}\" data-widget_type=\"image.default\">\n\t\t\t\t<div class=\"elementor-widget-container\">\n\t\t\t\t\t\t\t\t\t\t\t\t\t\t\t<img fetchpriority=\"high\" decoding=\"async\" width=\"800\" height=\"800\" src=\"https:\/\/www.linseis.com\/wp-content\/uploads\/2024\/07\/Linseis-Icons_Linien-weiss_Zeichenflaeche-1-Kopie-87-1024x1024.png\" class=\"attachment-large size-large wp-image-36271\" alt=\"\" srcset=\"https:\/\/www.linseis.com\/wp-content\/uploads\/2024\/07\/Linseis-Icons_Linien-weiss_Zeichenflaeche-1-Kopie-87-1024x1024.png 1024w, https:\/\/www.linseis.com\/wp-content\/uploads\/2024\/07\/Linseis-Icons_Linien-weiss_Zeichenflaeche-1-Kopie-87-300x300.png 300w, https:\/\/www.linseis.com\/wp-content\/uploads\/2024\/07\/Linseis-Icons_Linien-weiss_Zeichenflaeche-1-Kopie-87-150x150.png 150w, https:\/\/www.linseis.com\/wp-content\/uploads\/2024\/07\/Linseis-Icons_Linien-weiss_Zeichenflaeche-1-Kopie-87-768x768.png 768w, https:\/\/www.linseis.com\/wp-content\/uploads\/2024\/07\/Linseis-Icons_Linien-weiss_Zeichenflaeche-1-Kopie-87-1536x1536.png 1536w, https:\/\/www.linseis.com\/wp-content\/uploads\/2024\/07\/Linseis-Icons_Linien-weiss_Zeichenflaeche-1-Kopie-87-2048x2048.png 2048w\" sizes=\"(max-width: 800px) 100vw, 800px\" \/>\t\t\t\t\t\t\t\t\t\t\t\t\t\t\t<\/div>\n\t\t\t\t<\/div>\n\t\t\t\t\t<\/div>\n\t\t\t\t<\/div>\n\t\t\t\t\t\t\t\t<\/div>\n\t\t\t\t\t\t\t\t<\/div>\n\t\t<\/div>\n\t\t\t\t\t\t<\/div>\n\t\t\t\t<\/div>\n\t\t\t\t<\/div>\n\t\t\t\t<\/div>\n\t\t\t\t<div class=\"elementor-element elementor-element-b4a6800 elementor-widget elementor-widget-image\" data-id=\"b4a6800\" data-element_type=\"widget\" data-e-type=\"widget\" data-widget_type=\"image.default\">\n\t\t\t\t<div class=\"elementor-widget-container\">\n\t\t\t\t\t\t\t\t\t\t\t\t\t\t\t<img decoding=\"async\" src=\"https:\/\/www.linseis.com\/wp-content\/uploads\/\/linseis_scale-bottom-1.svg\" title=\"\" alt=\"\" loading=\"lazy\" \/>\t\t\t\t\t\t\t\t\t\t\t\t\t\t\t<\/div>\n\t\t\t\t<\/div>\n\t\t\t\t\t<\/div>\n\t\t\t\t<\/div>\n\t\t<div class=\"elementor-element elementor-element-7c8d6cc e-flex e-con-boxed e-con e-parent\" data-id=\"7c8d6cc\" data-element_type=\"container\" data-e-type=\"container\" data-settings=\"{&quot;background_background&quot;:&quot;classic&quot;}\">\n\t\t\t\t\t<div class=\"e-con-inner\">\n\t\t\t\t\t<\/div>\n\t\t\t\t<\/div>\n\t\t<div class=\"elementor-element elementor-element-d7b7522 e-flex e-con-boxed e-con e-parent\" data-id=\"d7b7522\" data-element_type=\"container\" data-e-type=\"container\" data-settings=\"{&quot;background_background&quot;:&quot;classic&quot;}\">\n\t\t\t\t\t<div class=\"e-con-inner\">\n\t\t<div class=\"elementor-element elementor-element-449b6fd e-con-full e-flex e-con e-child\" data-id=\"449b6fd\" data-element_type=\"container\" data-e-type=\"container\">\n\t\t\t\t<div class=\"elementor-element elementor-element-031217d elementor-invisible elementor-widget elementor-widget-wp-widget-bcn_widget\" data-id=\"031217d\" data-element_type=\"widget\" data-e-type=\"widget\" data-settings=\"{&quot;_animation&quot;:&quot;fadeInUp&quot;}\" data-widget_type=\"wp-widget-bcn_widget.default\">\n\t\t\t\t<div class=\"elementor-widget-container\">\n\t\t\t\t\t<div class=\"breadcrumbs\" vocab=\"https:\/\/schema.org\/\" typeof=\"BreadcrumbList\"><span property=\"itemListElement\" typeof=\"ListItem\"><a property=\"item\" typeof=\"WebPage\" title=\"Vai a Linseis.\" href=\"https:\/\/www.linseis.com\/it\/\" class=\"home\" aria-current=\"page\"><span property=\"name\">Linseis<\/span><\/a><meta property=\"position\" content=\"1\"><\/span><\/div>\t\t\t\t<\/div>\n\t\t\t\t<\/div>\n\t\t\t\t<\/div>\n\t\t\t\t\t<\/div>\n\t\t\t\t<\/div>\n\t\t<div class=\"elementor-element elementor-element-ed98f58 e-flex e-con-boxed elementor-invisible e-con e-parent\" data-id=\"ed98f58\" data-element_type=\"container\" data-e-type=\"container\" data-settings=\"{&quot;background_background&quot;:&quot;classic&quot;,&quot;animation&quot;:&quot;fadeInUp&quot;}\">\n\t\t\t\t\t<div class=\"e-con-inner\">\n\t\t<div class=\"elementor-element elementor-element-bbc47b3 e-con-full e-flex e-con e-child\" data-id=\"bbc47b3\" data-element_type=\"container\" data-e-type=\"container\">\n\t\t\t\t<div class=\"elementor-element elementor-element-71a1ec4 elementor-invisible elementor-widget elementor-widget-text-editor\" data-id=\"71a1ec4\" data-element_type=\"widget\" data-e-type=\"widget\" data-settings=\"{&quot;_animation&quot;:&quot;fadeInUp&quot;,&quot;_animation_delay&quot;:500}\" data-widget_type=\"text-editor.default\">\n\t\t\t\t<div class=\"elementor-widget-container\">\n\t\t\t\t\t\t\t\t\t<h2>Termoriflettanza nel dominio del tempo (TDTR)<\/h2>\t\t\t\t\t\t\t\t<\/div>\n\t\t\t\t<\/div>\n\t\t\t\t<div class=\"elementor-element elementor-element-32d9053 elementor-widget elementor-widget-text-editor\" data-id=\"32d9053\" data-element_type=\"widget\" data-e-type=\"widget\" data-widget_type=\"text-editor.default\">\n\t\t\t\t<div class=\"elementor-widget-container\">\n\t\t\t\t\t\t\t\t\t<section class=\"container\"><div class=\"row\"><div class=\"spb_content_element col-sm-12 spb_text_column\"><div class=\"spb_wrapper clearfix\"><div class=\"spb_content_element col-sm-6 spb_text_column\"><div class=\"spb_wrapper clearfix\"><p>Nell&#8217;ultimo decennio, la tecnologia di misurazione<strong> della termoriflettanza nel dominio del tempo (TDTR) <\/strong>si \u00e8 trasformata in uno strumento potente e universalmente applicabile per<strong> misurare le propriet\u00e0 di trasporto termico <\/strong>di rivestimenti e film sottili. La tecnica di misurazione pu\u00f2 essere applicata a un&#8217;ampia gamma di campioni, sia in termini di propriet\u00e0 di trasporto termico che di geometria del campione. Inoltre, \u00e8 possibile effettuare una scansione laterale dei campioni, che consente di misurare la conduttivit\u00e0 termica in funzione della posizione. Grazie alla focalizzazione degli spot laser sulla superficie del campione e all&#8217;elevato rapporto segnale\/rumore della misurazione, \u00e8 possibile ottenere elevati tassi di produttivit\u00e0 anche per serie di misurazioni pi\u00f9 ampie.<\/p><p>Le applicazioni tipiche dei setup di misurazione TDTR sono le misure di conducibilit\u00e0 termica su strati sottili o materiali solidi rivestiti.<\/p><\/div><\/div><\/div><\/div><\/div><\/section>\t\t\t\t\t\t\t\t<\/div>\n\t\t\t\t<\/div>\n\t\t\t\t<div class=\"elementor-element elementor-element-fe4080d elementor-invisible elementor-widget elementor-widget-text-editor\" data-id=\"fe4080d\" data-element_type=\"widget\" data-e-type=\"widget\" data-settings=\"{&quot;_animation&quot;:&quot;fadeInUp&quot;,&quot;_animation_delay&quot;:500}\" data-widget_type=\"text-editor.default\">\n\t\t\t\t<div class=\"elementor-widget-container\">\n\t\t\t\t\t\t\t\t\t<section class=\"container\"><div class=\"row\"><div class=\"spb_content_element col-sm-12 spb_text_column\"><div class=\"spb_wrapper clearfix\"><p><img decoding=\"async\" class=\"aligncenter wp-image-22545 size-large\" src=\"https:\/\/www.linseis.com\/wp-content\/uploads\/2024\/07\/Experimental-setup-for-TDTR-thermal-diffusivity-measurements-including-pump-and-probe-laser-source-1024x621.png\" alt=\"\" width=\"1024\" height=\"621\" srcset=\"https:\/\/www.linseis.com\/wp-content\/uploads\/2024\/07\/Experimental-setup-for-TDTR-thermal-diffusivity-measurements-including-pump-and-probe-laser-source-1024x621.png 1024w, https:\/\/www.linseis.com\/wp-content\/uploads\/2024\/07\/Experimental-setup-for-TDTR-thermal-diffusivity-measurements-including-pump-and-probe-laser-source-300x182.png 300w, https:\/\/www.linseis.com\/wp-content\/uploads\/2024\/07\/Experimental-setup-for-TDTR-thermal-diffusivity-measurements-including-pump-and-probe-laser-source-768x466.png 768w, https:\/\/www.linseis.com\/wp-content\/uploads\/2024\/07\/Experimental-setup-for-TDTR-thermal-diffusivity-measurements-including-pump-and-probe-laser-source-1536x931.png 1536w, https:\/\/www.linseis.com\/wp-content\/uploads\/2024\/07\/Experimental-setup-for-TDTR-thermal-diffusivity-measurements-including-pump-and-probe-laser-source.png 1710w\" sizes=\"(max-width: 1024px) 100vw, 1024px\" \/><\/p><p style=\"text-align: center;\"><em>Configurazione di prova per le misurazioni della diffusione del calore TDTR con sorgente laser a pompa e sonda<\/em><\/p><\/div><\/div><\/div><\/section>\t\t\t\t\t\t\t\t<\/div>\n\t\t\t\t<\/div>\n\t\t\t\t<div class=\"elementor-element elementor-element-30f5ea1 elementor-widget elementor-widget-text-editor\" data-id=\"30f5ea1\" data-element_type=\"widget\" data-e-type=\"widget\" data-widget_type=\"text-editor.default\">\n\t\t\t\t<div class=\"elementor-widget-container\">\n\t\t\t\t\t\t\t\t\t<section class=\"container\"><div class=\"row\"><div class=\"spb_content_element col-sm-12 spb_text_column\"><div class=\"spb_wrapper clearfix\"><div class=\"spb_content_element col-sm-6 spb_text_column\"><div class=\"spb_wrapper clearfix\"><section class=\"container\"><div class=\"row\"><div class=\"spb_content_element col-sm-12 spb_text_column\"><div class=\"spb_wrapper clearfix\"><p>Poich\u00e9 il TDTR \u00e8 un metodo ottico e senza contatto, \u00e8 possibile misurare i campioni anche in criostati con porta ottica, in microscopi ad alta temperatura o in un ambiente ad alta pressione.<\/p><p>Una caratteristica particolare di questa tecnica di misurazione \u00e8 che sulla superficie del campione da analizzare deve essere depositata una pellicola metallica. Questa pellicola metallica funge da trasduttore ottico, in quanto la variazione della riflettivit\u00e0 di questo strato metallico pu\u00f2 essere utilizzata per dedurre la variazione di temperatura. Per la misurazione, si utilizza un forte laser primario (laser di pompa) per riscaldare localmente un punto sulla superficie del campione e il riscaldamento di questo punto, dovuto alle variazioni di riflettivit\u00e0 della pellicola metallica, viene letto con un secondo laser (laser di sonda).<\/p><\/div><\/div><\/div><\/section><section class=\"container\"><div class=\"row\"><div class=\"spb_content_element col-sm-12 spb_text_column\"><div class=\"spb_wrapper clearfix\"><p>L&#8217;<strong>analisi dei dati<\/strong> viene quindi eseguita utilizzando una soluzione analitica dell&#8217;equazione della conduzione del calore in coordinate cilindriche. La determinazione delle propriet\u00e0 di trasporto del calore degli strati coinvolti viene tipicamente eseguita adattando i parametri liberi, minimizzando la deviazione tra la risposta termica prevista dal modello e la risposta termica del campione misurata nell&#8217;esperimento. I parametri liberi sono le propriet\u00e0 di trasferimento del calore sconosciute, ad esempio la conduttivit\u00e0 termica del campione.<\/p><\/div><\/div><\/div><\/section><section class=\"container\"><div class=\"row\"><div class=\"blank_spacer col-sm-12 \">\u00a0<\/div><\/div><\/section><section class=\"container\"><div class=\"row\"><div class=\"spb_content_element col-sm-12 spb_text_column\"><div class=\"spb_wrapper clearfix\"><p>Quando si utilizza la<strong> TDTR nella pratica quotidiana<\/strong>, \u00e8 necessario che la superficie del campione sia il pi\u00f9 liscia possibile per evitare la diffusione indesiderata della luce laser e quindi l&#8217;interferenza nella misurazione.<\/p><p>Il TDTR viene utilizzato principalmente per misurare la conduttivit\u00e0 termica nella direzione dello spessore, cio\u00e8 perpendicolarmente alla superficie. Per i materiali anisotropi dal punto di vista termico, come le strutture a superlattice, i film policristallini testurizzati o i cristalli anisotropi, dove \u00e8 necessario misurare anche la conduttivit\u00e0 termica nel piano, il trasporto di calore nel piano pu\u00f2 essere misurato utilizzando i cosiddetti approcci di disallineamento. Tuttavia, l&#8217;accuratezza della misurazione \u00e8 ridotta.<\/p><\/div><\/div><\/div><\/section><section class=\"container\"><div class=\"row\"><div class=\"spb_content_element col-sm-12 spb_text_column\"><div class=\"spb_wrapper clearfix\"><p>I laser ND:YAG o Ti:zaffiro sono solitamente utilizzati come &#8220;laser di pompa&#8221; per le configurazioni TDTR. Il laser genera un impulso ottico per riscaldare localmente lo strato metallico (noto anche come trasduttore) e quindi lo strato di campione sottostante. Per leggere il segnale di temperatura, viene utilizzato un laser a onda continua (laser CW) come sonda per registrare l&#8217;aumento di temperatura locale. A seconda del materiale utilizzato per il trasduttore (ad esempio Au, Al o Pt), \u00e8 necessario selezionare la lunghezza d&#8217;onda del laser sonda (~473 nm &#8211; 532 nm o 785 nm &#8211; 808 nm).<\/p><p>Il termine &#8220;termoriflettanza&#8221; si riferisce al fatto che la riflettanza &#8220;R&#8221; di un film metallico dipende dalla sua temperatura &#8220;T&#8221;. Ci\u00f2 si traduce nel coefficiente di termoriflettanza specifico del materiale G = dR\/dT. Maggiore \u00e8 questo coefficiente, pi\u00f9 sensibile \u00e8 lo strato del trasduttore e pi\u00f9 accurata \u00e8 la sua misurazione.<\/p><\/div><\/div><\/div><\/section><\/div><\/div><\/div><\/div><\/div><\/section>\t\t\t\t\t\t\t\t<\/div>\n\t\t\t\t<\/div>\n\t\t\t\t<div class=\"elementor-element elementor-element-c866b71 elementor-invisible elementor-widget elementor-widget-text-editor\" data-id=\"c866b71\" data-element_type=\"widget\" data-e-type=\"widget\" data-settings=\"{&quot;_animation&quot;:&quot;fadeInUp&quot;,&quot;_animation_delay&quot;:500}\" data-widget_type=\"text-editor.default\">\n\t\t\t\t<div class=\"elementor-widget-container\">\n\t\t\t\t\t\t\t\t\t<section class=\"container\"><div class=\"row\"><div class=\"spb_content_element col-sm-12 spb_text_column\"><div class=\"spb_wrapper clearfix\"><p><img decoding=\"async\" class=\"wp-image-14272 size-full aligncenter\" src=\"https:\/\/www.linseis.com\/wp-content\/uploads\/2024\/07\/TF-LFA-SiO2.jpg\" alt=\"\" width=\"808\" height=\"550\" srcset=\"https:\/\/www.linseis.com\/wp-content\/uploads\/2024\/07\/TF-LFA-SiO2.jpg 808w, https:\/\/www.linseis.com\/wp-content\/uploads\/2024\/07\/TF-LFA-SiO2-300x204.jpg 300w, https:\/\/www.linseis.com\/wp-content\/uploads\/2024\/07\/TF-LFA-SiO2-768x523.jpg 768w\" sizes=\"(max-width: 808px) 100vw, 808px\" \/><\/p><p style=\"text-align: center;\"><em>Dati grezzi della misura della diffusivit\u00e0 termica di due film sottili di SiO2 con spessori diversi, misurati con il Linseis TF-LFA<\/em><\/p><\/div><\/div><\/div><\/section>\t\t\t\t\t\t\t\t<\/div>\n\t\t\t\t<\/div>\n\t\t\t\t<\/div>\n\t\t\t\t\t<\/div>\n\t\t\t\t<\/div>\n\t\t<div class=\"elementor-element elementor-element-8801439 e-flex e-con-boxed elementor-invisible e-con e-parent\" data-id=\"8801439\" data-element_type=\"container\" data-e-type=\"container\" data-settings=\"{&quot;background_background&quot;:&quot;classic&quot;,&quot;animation&quot;:&quot;fadeInUp&quot;}\">\n\t\t\t\t\t<div class=\"e-con-inner\">\n\t\t<div class=\"elementor-element elementor-element-4fda86f e-con-full e-flex e-con e-child\" data-id=\"4fda86f\" data-element_type=\"container\" data-e-type=\"container\">\n\t\t<div class=\"elementor-element elementor-element-a0a9aac e-con-full e-flex e-con e-child\" data-id=\"a0a9aac\" data-element_type=\"container\" data-e-type=\"container\">\n\t\t\t\t<div class=\"elementor-element elementor-element-53ea4ef elementor-widget elementor-widget-text-editor\" data-id=\"53ea4ef\" data-element_type=\"widget\" data-e-type=\"widget\" data-widget_type=\"text-editor.default\">\n\t\t\t\t<div class=\"elementor-widget-container\">\n\t\t\t\t\t\t\t\t\t<h2>Quali propriet\u00e0 vengono determinate?<\/h2>\t\t\t\t\t\t\t\t<\/div>\n\t\t\t\t<\/div>\n\t\t\t\t<div class=\"elementor-element elementor-element-d38f832 elementor-widget elementor-widget-text-editor\" data-id=\"d38f832\" data-element_type=\"widget\" data-e-type=\"widget\" data-widget_type=\"text-editor.default\">\n\t\t\t\t<div class=\"elementor-widget-container\">\n\t\t\t\t\t\t\t\t\t<p>Il <strong>TDTR viene utilizzato per caratterizzare le propriet\u00e0 di trasporto termico dei materiali, soprattutto film sottili e rivestimenti<\/strong>, e per <strong>studiare le interfacce termiche<\/strong>. \u00c8 stato applicato all&#8217;intera gamma di conduttivit\u00e0 termica, dal diamante e dai metalli ad alta conduttivit\u00e0 termica fino alla bassissima conduttivit\u00e0 termica dei derivati del fullerene. Essenzialmente lo stesso metodo pu\u00f2 essere applicato a materiali sfusi, film sottili e singole interfacce.  <\/p>\t\t\t\t\t\t\t\t<\/div>\n\t\t\t\t<\/div>\n\t\t\t\t<\/div>\n\t\t\t\t<\/div>\n\t\t\t\t\t<\/div>\n\t\t\t\t<\/div>\n\t\t\t\t<\/div>\n\t\t","protected":false},"excerpt":{"rendered":"<p>Termoreflettanza nel dominio del tempo (TDTR) Termoriflettanza nel dominio del tempo (TDTR) Nell&#8217;ultimo decennio, la tecnologia di misurazione della termoriflettanza nel dominio del tempo (TDTR) si \u00e8 trasformata in uno strumento potente e universalmente applicabile per misurare le propriet\u00e0 di trasporto termico di rivestimenti e film sottili. La tecnica di misurazione pu\u00f2 essere applicata a [&hellip;]<\/p>\n","protected":false},"author":3,"featured_media":0,"parent":100333,"menu_order":0,"comment_status":"closed","ping_status":"closed","template":"","meta":{"_acf_changed":false,"inline_featured_image":false,"footnotes":""},"class_list":["post-100368","page","type-page","status-publish","hentry"],"acf":[],"_links":{"self":[{"href":"https:\/\/www.linseis.com\/it\/wp-json\/wp\/v2\/pages\/100368","targetHints":{"allow":["GET"]}}],"collection":[{"href":"https:\/\/www.linseis.com\/it\/wp-json\/wp\/v2\/pages"}],"about":[{"href":"https:\/\/www.linseis.com\/it\/wp-json\/wp\/v2\/types\/page"}],"author":[{"embeddable":true,"href":"https:\/\/www.linseis.com\/it\/wp-json\/wp\/v2\/users\/3"}],"replies":[{"embeddable":true,"href":"https:\/\/www.linseis.com\/it\/wp-json\/wp\/v2\/comments?post=100368"}],"version-history":[{"count":0,"href":"https:\/\/www.linseis.com\/it\/wp-json\/wp\/v2\/pages\/100368\/revisions"}],"up":[{"embeddable":true,"href":"https:\/\/www.linseis.com\/it\/wp-json\/wp\/v2\/pages\/100333"}],"wp:attachment":[{"href":"https:\/\/www.linseis.com\/it\/wp-json\/wp\/v2\/media?parent=100368"}],"curies":[{"name":"wp","href":"https:\/\/api.w.org\/{rel}","templated":true}]}}