{"id":100358,"date":"2024-07-26T10:52:40","date_gmt":"2024-07-26T08:52:40","guid":{"rendered":"https:\/\/www.linseis.com\/metodi-di-analisi-termica\/metodo-del-contatore-di-calore-hfm\/"},"modified":"2026-02-17T11:18:47","modified_gmt":"2026-02-17T10:18:47","slug":"metodo-del-contatore-di-calore-hfm","status":"publish","type":"page","link":"https:\/\/www.linseis.com\/it\/metodi-di-analisi-termica\/metodo-del-contatore-di-calore-hfm\/","title":{"rendered":"Metodo del flusso di calore (HFM)"},"content":{"rendered":"\t\t<div data-elementor-type=\"wp-post\" data-elementor-id=\"100358\" class=\"elementor elementor-100358 elementor-22491\" data-elementor-post-type=\"page\">\n\t\t\t\t<div class=\"elementor-element elementor-element-a3549cf e-flex e-con-boxed e-con e-parent\" data-id=\"a3549cf\" data-element_type=\"container\" data-e-type=\"container\" data-settings=\"{&quot;background_background&quot;:&quot;classic&quot;}\">\n\t\t\t\t\t<div class=\"e-con-inner\">\n\t\t\t\t<div class=\"elementor-element elementor-element-ac41c94 elementor-widget elementor-widget-image\" data-id=\"ac41c94\" data-element_type=\"widget\" data-e-type=\"widget\" data-widget_type=\"image.default\">\n\t\t\t\t<div class=\"elementor-widget-container\">\n\t\t\t\t\t\t\t\t\t\t\t\t\t\t\t<img decoding=\"async\" src=\"https:\/\/www.linseis.com\/wp-content\/uploads\/\/linseis_scale-top-1.svg\" title=\"\" alt=\"\" loading=\"lazy\" \/>\t\t\t\t\t\t\t\t\t\t\t\t\t\t\t<\/div>\n\t\t\t\t<\/div>\n\t\t<div class=\"elementor-element elementor-element-a7b7feb e-con-full e-flex e-con e-child\" data-id=\"a7b7feb\" data-element_type=\"container\" data-e-type=\"container\">\n\t\t<div class=\"elementor-element elementor-element-6100945 e-con-full e-flex e-con e-child\" data-id=\"6100945\" data-element_type=\"container\" data-e-type=\"container\">\n\t\t\t\t<div class=\"elementor-element elementor-element-cc1182c elementor-invisible elementor-widget elementor-widget-heading\" data-id=\"cc1182c\" data-element_type=\"widget\" data-e-type=\"widget\" data-settings=\"{&quot;_animation&quot;:&quot;fadeInUp&quot;,&quot;_animation_delay&quot;:250}\" data-widget_type=\"heading.default\">\n\t\t\t\t<div class=\"elementor-widget-container\">\n\t\t\t\t\t<h1 class=\"elementor-heading-title elementor-size-default\"><b>\n\nMetodo del flusso di calore\n\n<\/b><\/h1>\t\t\t\t<\/div>\n\t\t\t\t<\/div>\n\t\t\t\t<\/div>\n\t\t<div class=\"elementor-element elementor-element-6d91a43 e-con-full e-flex e-con e-child\" data-id=\"6d91a43\" data-element_type=\"container\" data-e-type=\"container\">\n\t\t\t\t<div class=\"elementor-element elementor-element-9413374 elementor-widget elementor-widget-n-carousel\" data-id=\"9413374\" data-element_type=\"widget\" data-e-type=\"widget\" data-settings=\"{&quot;carousel_items&quot;:[{&quot;slide_title&quot;:&quot;Produkt 1&quot;,&quot;_id&quot;:&quot;d6fbcdb&quot;}],&quot;slides_to_show&quot;:&quot;1&quot;,&quot;slides_to_scroll&quot;:&quot;2&quot;,&quot;autoplay_speed&quot;:2000,&quot;slides_to_show_tablet&quot;:&quot;1&quot;,&quot;slides_to_show_mobile&quot;:&quot;1&quot;,&quot;autoplay&quot;:&quot;yes&quot;,&quot;pause_on_hover&quot;:&quot;yes&quot;,&quot;pause_on_interaction&quot;:&quot;yes&quot;,&quot;infinite&quot;:&quot;yes&quot;,&quot;speed&quot;:500,&quot;offset_sides&quot;:&quot;none&quot;,&quot;image_spacing_custom&quot;:{&quot;unit&quot;:&quot;px&quot;,&quot;size&quot;:10,&quot;sizes&quot;:[]},&quot;image_spacing_custom_tablet&quot;:{&quot;unit&quot;:&quot;px&quot;,&quot;size&quot;:&quot;&quot;,&quot;sizes&quot;:[]},&quot;image_spacing_custom_mobile&quot;:{&quot;unit&quot;:&quot;px&quot;,&quot;size&quot;:&quot;&quot;,&quot;sizes&quot;:[]}}\" data-widget_type=\"nested-carousel.default\">\n\t\t\t\t<div class=\"elementor-widget-container\">\n\t\t\t\t\t\t\t<div class=\"e-n-carousel swiper\" role=\"region\" aria-roledescription=\"carousel\" aria-label=\"Karussell\" dir=\"ltr\">\n\t\t\t<div class=\"swiper-wrapper\" aria-live=\"off\">\n\t\t\t\t\t\t\t\t\t\t<div class=\"swiper-slide\" data-slide=\"1\" role=\"group\" aria-roledescription=\"slide\" aria-label=\"1 di 1\">\n\t\t\t\t\t\t\t<div class=\"elementor-element elementor-element-44441f5 e-flex e-con-boxed e-con e-child\" data-id=\"44441f5\" data-element_type=\"container\" data-e-type=\"container\">\n\t\t\t\t\t<div class=\"e-con-inner\">\n\t\t\t\t<div class=\"elementor-element elementor-element-4103051 elementor-widget__width-initial elementor-invisible elementor-widget elementor-widget-image\" data-id=\"4103051\" data-element_type=\"widget\" data-e-type=\"widget\" data-settings=\"{&quot;_animation&quot;:&quot;fadeInUp&quot;}\" data-widget_type=\"image.default\">\n\t\t\t\t<div class=\"elementor-widget-container\">\n\t\t\t\t\t\t\t\t\t\t\t\t\t\t\t<img fetchpriority=\"high\" decoding=\"async\" width=\"800\" height=\"800\" src=\"https:\/\/www.linseis.com\/wp-content\/uploads\/2024\/07\/Linseis-Icons_Linien-weiss_Zeichenflaeche-1-Kopie-87-1024x1024.png\" class=\"attachment-large size-large wp-image-36271\" alt=\"\" srcset=\"https:\/\/www.linseis.com\/wp-content\/uploads\/2024\/07\/Linseis-Icons_Linien-weiss_Zeichenflaeche-1-Kopie-87-1024x1024.png 1024w, https:\/\/www.linseis.com\/wp-content\/uploads\/2024\/07\/Linseis-Icons_Linien-weiss_Zeichenflaeche-1-Kopie-87-300x300.png 300w, https:\/\/www.linseis.com\/wp-content\/uploads\/2024\/07\/Linseis-Icons_Linien-weiss_Zeichenflaeche-1-Kopie-87-150x150.png 150w, https:\/\/www.linseis.com\/wp-content\/uploads\/2024\/07\/Linseis-Icons_Linien-weiss_Zeichenflaeche-1-Kopie-87-768x768.png 768w, https:\/\/www.linseis.com\/wp-content\/uploads\/2024\/07\/Linseis-Icons_Linien-weiss_Zeichenflaeche-1-Kopie-87-1536x1536.png 1536w, https:\/\/www.linseis.com\/wp-content\/uploads\/2024\/07\/Linseis-Icons_Linien-weiss_Zeichenflaeche-1-Kopie-87-2048x2048.png 2048w\" sizes=\"(max-width: 800px) 100vw, 800px\" \/>\t\t\t\t\t\t\t\t\t\t\t\t\t\t\t<\/div>\n\t\t\t\t<\/div>\n\t\t\t\t\t<\/div>\n\t\t\t\t<\/div>\n\t\t\t\t\t\t\t\t<\/div>\n\t\t\t\t\t\t\t\t<\/div>\n\t\t<\/div>\n\t\t\t\t\t\t<\/div>\n\t\t\t\t<\/div>\n\t\t\t\t<\/div>\n\t\t\t\t<\/div>\n\t\t\t\t<div class=\"elementor-element elementor-element-b4a6800 elementor-widget elementor-widget-image\" data-id=\"b4a6800\" data-element_type=\"widget\" data-e-type=\"widget\" data-widget_type=\"image.default\">\n\t\t\t\t<div class=\"elementor-widget-container\">\n\t\t\t\t\t\t\t\t\t\t\t\t\t\t\t<img decoding=\"async\" src=\"https:\/\/www.linseis.com\/wp-content\/uploads\/\/linseis_scale-bottom-1.svg\" title=\"\" alt=\"\" loading=\"lazy\" \/>\t\t\t\t\t\t\t\t\t\t\t\t\t\t\t<\/div>\n\t\t\t\t<\/div>\n\t\t\t\t\t<\/div>\n\t\t\t\t<\/div>\n\t\t<div class=\"elementor-element elementor-element-7c8d6cc e-flex e-con-boxed e-con e-parent\" data-id=\"7c8d6cc\" data-element_type=\"container\" data-e-type=\"container\" data-settings=\"{&quot;background_background&quot;:&quot;classic&quot;}\">\n\t\t\t\t\t<div class=\"e-con-inner\">\n\t\t\t\t\t<\/div>\n\t\t\t\t<\/div>\n\t\t<div class=\"elementor-element elementor-element-d7b7522 e-flex e-con-boxed e-con e-parent\" data-id=\"d7b7522\" data-element_type=\"container\" data-e-type=\"container\" data-settings=\"{&quot;background_background&quot;:&quot;classic&quot;}\">\n\t\t\t\t\t<div class=\"e-con-inner\">\n\t\t<div class=\"elementor-element elementor-element-449b6fd e-con-full e-flex e-con e-child\" data-id=\"449b6fd\" data-element_type=\"container\" data-e-type=\"container\">\n\t\t\t\t<div class=\"elementor-element elementor-element-031217d elementor-invisible elementor-widget elementor-widget-wp-widget-bcn_widget\" data-id=\"031217d\" data-element_type=\"widget\" data-e-type=\"widget\" data-settings=\"{&quot;_animation&quot;:&quot;fadeInUp&quot;}\" data-widget_type=\"wp-widget-bcn_widget.default\">\n\t\t\t\t<div class=\"elementor-widget-container\">\n\t\t\t\t\t<div class=\"breadcrumbs\" vocab=\"https:\/\/schema.org\/\" typeof=\"BreadcrumbList\"><span property=\"itemListElement\" typeof=\"ListItem\"><a property=\"item\" typeof=\"WebPage\" title=\"Vai a Linseis.\" href=\"https:\/\/www.linseis.com\/it\/\" class=\"home\" aria-current=\"page\"><span property=\"name\">Linseis<\/span><\/a><meta property=\"position\" content=\"1\"><\/span><\/div>\t\t\t\t<\/div>\n\t\t\t\t<\/div>\n\t\t\t\t<\/div>\n\t\t\t\t\t<\/div>\n\t\t\t\t<\/div>\n\t\t<div class=\"elementor-element elementor-element-ed98f58 e-flex e-con-boxed e-con e-parent\" data-id=\"ed98f58\" data-element_type=\"container\" data-e-type=\"container\" data-settings=\"{&quot;background_background&quot;:&quot;classic&quot;}\">\n\t\t\t\t\t<div class=\"e-con-inner\">\n\t\t<div class=\"elementor-element elementor-element-bbc47b3 e-con-full e-flex e-con e-child\" data-id=\"bbc47b3\" data-element_type=\"container\" data-e-type=\"container\">\n\t\t\t\t<div class=\"elementor-element elementor-element-71a1ec4 elementor-invisible elementor-widget elementor-widget-text-editor\" data-id=\"71a1ec4\" data-element_type=\"widget\" data-e-type=\"widget\" data-settings=\"{&quot;_animation&quot;:&quot;fadeInUp&quot;,&quot;_animation_delay&quot;:500}\" data-widget_type=\"text-editor.default\">\n\t\t\t\t<div class=\"elementor-widget-container\">\n\t\t\t\t\t\t\t\t\t<h2>Che cos&#8217;\u00e8 il metodo del flusso di calore?<\/h2>\t\t\t\t\t\t\t\t<\/div>\n\t\t\t\t<\/div>\n\t\t\t\t<div class=\"elementor-element elementor-element-32d9053 elementor-widget elementor-widget-text-editor\" data-id=\"32d9053\" data-element_type=\"widget\" data-e-type=\"widget\" data-widget_type=\"text-editor.default\">\n\t\t\t\t<div class=\"elementor-widget-container\">\n\t\t\t\t\t\t\t\t\t<section class=\"container\"><div class=\"row\"><div class=\"spb_content_element col-sm-12 spb_text_column\"><div class=\"spb_wrapper clearfix\"><div class=\"spb_content_element col-sm-6 spb_text_column\"><div class=\"spb_wrapper clearfix\"><p>Il <strong>metodo del flusso di calore<\/strong> determina la conducibilit\u00e0 termica ed il coefficiente di trasferimento del calore, noto anche come\u00a0<strong><a href=\"https:\/\/www.linseis.com\/it\/?page_id=100321\" data-auto-event-observed=\"true\">valore U<\/a>,\u00a0<br \/><\/strong> di materiali a bassa conduttivit\u00e0 termica come i materiali isolanti.<\/p><p>A tal fine, il campione viene posizionato tra una piastra riscaldata e una raffreddata, in modo da ottenere una configurazione simile a quella della <a href=\"https:\/\/www.linseis.com\/it\/metodi-di-analisi-termica\/piastra-calda-protetta\/\" data-auto-event-observed=\"true\"><strong>piastra calda protetta<\/strong> (GHP)<\/a>\u00a0con singolo campione. Viene quindi generato un gradiente di temperatura attraverso il campione e viene misurato il flusso di calore che lo attraversa. Il flusso di calore viene determinato da due sensori posti tra il campione e ciascuna piastra.<\/p><\/div><\/div><div class=\"spb_content_element col-sm-6 spb_text_column\"><div class=\"spb_wrapper clearfix\"><p>La figura seguente mostra la configurazione schematica della misurazione:<\/p><\/div><\/div><\/div><\/div><\/div><\/section>\t\t\t\t\t\t\t\t<\/div>\n\t\t\t\t<\/div>\n\t\t\t\t<div class=\"elementor-element elementor-element-fe4080d elementor-invisible elementor-widget elementor-widget-text-editor\" data-id=\"fe4080d\" data-element_type=\"widget\" data-e-type=\"widget\" data-settings=\"{&quot;_animation&quot;:&quot;fadeInUp&quot;,&quot;_animation_delay&quot;:500}\" data-widget_type=\"text-editor.default\">\n\t\t\t\t<div class=\"elementor-widget-container\">\n\t\t\t\t\t\t\t\t\t<section class=\"container\"><div class=\"row\"><div class=\"spb_content_element col-sm-12 spb_text_column\"><div class=\"spb_wrapper clearfix\"><p><img decoding=\"async\" class=\"alignnone wp-image-36748 size-full\" src=\"https:\/\/www.linseis.com\/wp-content\/uploads\/2024\/08\/heat-flow-meter-scheme.png\" alt=\"\" width=\"833\" height=\"325\" srcset=\"https:\/\/www.linseis.com\/wp-content\/uploads\/2024\/08\/heat-flow-meter-scheme.png 833w, https:\/\/www.linseis.com\/wp-content\/uploads\/2024\/08\/heat-flow-meter-scheme-300x117.png 300w, https:\/\/www.linseis.com\/wp-content\/uploads\/2024\/08\/heat-flow-meter-scheme-768x300.png 768w\" sizes=\"(max-width: 833px) 100vw, 833px\" \/><\/p><\/div><\/div><\/div><\/section>\t\t\t\t\t\t\t\t<\/div>\n\t\t\t\t<\/div>\n\t\t\t\t<div class=\"elementor-element elementor-element-64ed86b elementor-widget elementor-widget-text-editor\" data-id=\"64ed86b\" data-element_type=\"widget\" data-e-type=\"widget\" data-widget_type=\"text-editor.default\">\n\t\t\t\t<div class=\"elementor-widget-container\">\n\t\t\t\t\t\t\t\t\t<section class=\"container\"><div class=\"row\"><div class=\"spb_content_element col-sm-12 spb_text_column\"><div class=\"spb_wrapper clearfix\"><section class=\"container\"><div class=\"row\"><div class=\"spb_content_element col-sm-12 spb_text_column\"><div class=\"spb_wrapper clearfix\"><p>Dal flusso di calore misurato q, il coefficiente di trasferimento del calore u (valore U) pu\u00f2 essere calcolato da<\/p><\/div><\/div><\/div><\/section><\/div><\/div><\/div><\/section>\t\t\t\t\t\t\t\t<\/div>\n\t\t\t\t<\/div>\n\t\t\t\t<div class=\"elementor-element elementor-element-63cdf9f elementor-invisible elementor-widget elementor-widget-text-editor\" data-id=\"63cdf9f\" data-element_type=\"widget\" data-e-type=\"widget\" data-settings=\"{&quot;_animation&quot;:&quot;fadeInUp&quot;,&quot;_animation_delay&quot;:500}\" data-widget_type=\"text-editor.default\">\n\t\t\t\t<div class=\"elementor-widget-container\">\n\t\t\t\t\t\t\t\t\t<section class=\"container\"><div class=\"row\"><div class=\"spb_content_element col-sm-12 spb_text_column\"><div class=\"spb_wrapper clearfix\"><p><img decoding=\"async\" class=\"wp-image-22502 size-full aligncenter\" src=\"https:\/\/www.linseis.com\/wp-content\/uploads\/2024\/07\/u-value-formula-300x148-1.png\" alt=\"\" width=\"300\" height=\"148\"><\/p><\/div><\/div><\/div><\/section>\t\t\t\t\t\t\t\t<\/div>\n\t\t\t\t<\/div>\n\t\t\t\t<div class=\"elementor-element elementor-element-cbe6a38 elementor-widget elementor-widget-text-editor\" data-id=\"cbe6a38\" data-element_type=\"widget\" data-e-type=\"widget\" data-widget_type=\"text-editor.default\">\n\t\t\t\t<div class=\"elementor-widget-container\">\n\t\t\t\t\t\t\t\t\t<section class=\"container\"><div class=\"row\"><div class=\"spb_content_element col-sm-12 spb_text_column\"><div class=\"spb_wrapper clearfix\"><section class=\"container\"><div class=\"row\"><div class=\"spb_content_element col-sm-12 spb_text_column\"><div class=\"spb_wrapper clearfix\"><p>Dove A \u00e8 l&#8217;area del campione e \u0394T \u00e8 il gradiente di temperatura applicato.<\/p><p>La conduttivit\u00e0 termica \u03bb pu\u00f2 essere determinata utilizzando il valore U e lo spessore d del campione<\/p><\/div><\/div><\/div><\/section><\/div><\/div><\/div><\/section>\t\t\t\t\t\t\t\t<\/div>\n\t\t\t\t<\/div>\n\t\t\t\t<div class=\"elementor-element elementor-element-f89c665 elementor-invisible elementor-widget elementor-widget-text-editor\" data-id=\"f89c665\" data-element_type=\"widget\" data-e-type=\"widget\" data-settings=\"{&quot;_animation&quot;:&quot;fadeInUp&quot;,&quot;_animation_delay&quot;:500}\" data-widget_type=\"text-editor.default\">\n\t\t\t\t<div class=\"elementor-widget-container\">\n\t\t\t\t\t\t\t\t\t<section class=\"container\"><div class=\"row\"><div class=\"spb_content_element col-sm-12 spb_text_column\"><div class=\"spb_wrapper clearfix\"><p><img loading=\"lazy\" decoding=\"async\" class=\"wp-image-22509 size-medium aligncenter\" src=\"https:\/\/www.linseis.com\/wp-content\/uploads\/2024\/07\/uvalue-thermal-conductivity-formula-300x116.png\" alt=\"\" width=\"300\" height=\"116\" srcset=\"https:\/\/www.linseis.com\/wp-content\/uploads\/2024\/07\/uvalue-thermal-conductivity-formula-300x116.png 300w, https:\/\/www.linseis.com\/wp-content\/uploads\/2024\/07\/uvalue-thermal-conductivity-formula.png 429w\" sizes=\"(max-width: 300px) 100vw, 300px\" \/><\/p><\/div><\/div><\/div><\/section>\t\t\t\t\t\t\t\t<\/div>\n\t\t\t\t<\/div>\n\t\t\t\t<div class=\"elementor-element elementor-element-1ce2c8f elementor-widget elementor-widget-text-editor\" data-id=\"1ce2c8f\" data-element_type=\"widget\" data-e-type=\"widget\" data-widget_type=\"text-editor.default\">\n\t\t\t\t<div class=\"elementor-widget-container\">\n\t\t\t\t\t\t\t\t\t<section class=\"container\"><div class=\"row\"><div class=\"spb_content_element col-sm-12 spb_text_column\"><div class=\"spb_wrapper clearfix\"><section class=\"container\"><div class=\"row\"><div class=\"spb_content_element col-sm-12 spb_text_column\"><div class=\"spb_wrapper clearfix\"><p>Poich\u00e9 \u00e8 necessario calibrare i sensori di flusso di calore con un materiale di conduttivit\u00e0 termica nota, la misurazione HFM \u00e8 comparativa e quindi il misuratore di flusso di calore \u00e8 un metodo di misurazione relativo.<\/p><\/div><\/div><\/div><\/section><\/div><\/div><\/div><\/section>\t\t\t\t\t\t\t\t<\/div>\n\t\t\t\t<\/div>\n\t\t\t\t<\/div>\n\t\t\t\t\t<\/div>\n\t\t\t\t<\/div>\n\t\t<div class=\"elementor-element elementor-element-8801439 e-flex e-con-boxed elementor-invisible e-con e-parent\" data-id=\"8801439\" data-element_type=\"container\" data-e-type=\"container\" data-settings=\"{&quot;background_background&quot;:&quot;classic&quot;,&quot;animation&quot;:&quot;fadeInUp&quot;}\">\n\t\t\t\t\t<div class=\"e-con-inner\">\n\t\t<div class=\"elementor-element elementor-element-4fda86f e-con-full e-flex e-con e-child\" data-id=\"4fda86f\" data-element_type=\"container\" data-e-type=\"container\">\n\t\t<div class=\"elementor-element elementor-element-a0a9aac e-con-full e-flex e-con e-child\" data-id=\"a0a9aac\" data-element_type=\"container\" data-e-type=\"container\">\n\t\t\t\t<div class=\"elementor-element elementor-element-53ea4ef elementor-widget elementor-widget-text-editor\" data-id=\"53ea4ef\" data-element_type=\"widget\" data-e-type=\"widget\" data-widget_type=\"text-editor.default\">\n\t\t\t\t<div class=\"elementor-widget-container\">\n\t\t\t\t\t\t\t\t\t<h2>Quali propriet\u00e0 vengono determinate?<\/h2>\t\t\t\t\t\t\t\t<\/div>\n\t\t\t\t<\/div>\n\t\t\t\t<div class=\"elementor-element elementor-element-d38f832 elementor-widget elementor-widget-text-editor\" data-id=\"d38f832\" data-element_type=\"widget\" data-e-type=\"widget\" data-widget_type=\"text-editor.default\">\n\t\t\t\t<div class=\"elementor-widget-container\">\n\t\t\t\t\t\t\t\t\t<p>Il misuratore di flusso di calore determina il coefficiente di trasferimento del calore (valore U) e la conduttivit\u00e0 termica. A differenza del <strong><br>\n  <a href=\"https:\/\/www.linseis.com\/it\/metodi-di-analisi-termica\/piastra-calda-protetta\/\" data-auto-event-observed=\"true\">GHP<\/a>&nbsp;<\/strong>la misurazione HFM fornisce valori precisi di conduttivit\u00e0 termica molto pi\u00f9 rapidamente. <\/p>\n<p>Tuttavia, le misurazioni GHP hanno un&#8217;accuratezza maggiore, poich\u00e9 la misurazione HFM \u00e8 un metodo comparativo e quindi presenta alcune incertezze.<\/p>\t\t\t\t\t\t\t\t<\/div>\n\t\t\t\t<\/div>\n\t\t\t\t<\/div>\n\t\t\t\t<\/div>\n\t\t\t\t\t<\/div>\n\t\t\t\t<\/div>\n\t\t<div class=\"elementor-element elementor-element-f83fe45 e-flex e-con-boxed elementor-invisible e-con e-parent\" data-id=\"f83fe45\" data-element_type=\"container\" data-e-type=\"container\" data-settings=\"{&quot;background_background&quot;:&quot;classic&quot;,&quot;animation&quot;:&quot;fadeInUp&quot;}\">\n\t\t\t\t\t<div class=\"e-con-inner\">\n\t\t<div class=\"elementor-element elementor-element-5bca60f e-con-full e-flex e-con e-child\" data-id=\"5bca60f\" data-element_type=\"container\" data-e-type=\"container\">\n\t\t<div class=\"elementor-element elementor-element-fec2c0b e-con-full e-flex e-con e-child\" data-id=\"fec2c0b\" data-element_type=\"container\" data-e-type=\"container\">\n\t\t\t\t<div class=\"elementor-element elementor-element-e5074e8 elementor-widget elementor-widget-text-editor\" data-id=\"e5074e8\" data-element_type=\"widget\" data-e-type=\"widget\" data-widget_type=\"text-editor.default\">\n\t\t\t\t<div class=\"elementor-widget-container\">\n\t\t\t\t\t\t\t\t\t<h2>Quali norme si applicano al metodo del flusso di calore?<\/h2>\t\t\t\t\t\t\t\t<\/div>\n\t\t\t\t<\/div>\n\t\t\t\t<div class=\"elementor-element elementor-element-f8733bc elementor-widget elementor-widget-text-editor\" data-id=\"f8733bc\" data-element_type=\"widget\" data-e-type=\"widget\" data-widget_type=\"text-editor.default\">\n\t\t\t\t<div class=\"elementor-widget-container\">\n\t\t\t\t\t\t\t\t\t<ul><li>ASTM C518 &#8211; Metodo di prova standard per le propriet\u00e0 di trasferimento di calore allo stato stazionario utilizzando il misuratore di flusso di calore<br><br><\/li><li>ISO 8301 &#8211; Isolamento termico &#8211; Determinazione della resistenza termica allo stato stazionario e delle relative propriet\u00e0 &#8211; Misuratore di flusso termico<br><br><\/li><li>DIN EN 12667 EN 12 &#8211; Prestazione termica dei materiali e dei prodotti da costruzione &#8211; Determinazione della resistenza termica con i metodi della piastra calda protetta e del contatore di calore &#8211; Prodotti ad alta e media resistenza termica; versione tedesca EN 12667:2001<\/li><\/ul>\t\t\t\t\t\t\t\t<\/div>\n\t\t\t\t<\/div>\n\t\t\t\t<\/div>\n\t\t<div class=\"elementor-element elementor-element-0618683 e-con-full e-flex e-con e-child\" data-id=\"0618683\" data-element_type=\"container\" data-e-type=\"container\">\n\t\t<div class=\"elementor-element elementor-element-42fa7b7 e-con-full e-flex e-con e-child\" data-id=\"42fa7b7\" data-element_type=\"container\" data-e-type=\"container\">\n\t\t\t\t<\/div>\n\t\t\t\t<\/div>\n\t\t\t\t<\/div>\n\t\t\t\t\t<\/div>\n\t\t\t\t<\/div>\n\t\t\t\t<\/div>\n\t\t","protected":false},"excerpt":{"rendered":"<p>Metodo del flusso di calore Che cos&#8217;\u00e8 il metodo del flusso di calore? Il metodo del flusso di calore determina la conducibilit\u00e0 termica ed il coefficiente di trasferimento del calore, noto anche come\u00a0valore U,\u00a0 di materiali a bassa conduttivit\u00e0 termica come i materiali isolanti. A tal fine, il campione viene posizionato tra una piastra riscaldata [&hellip;]<\/p>\n","protected":false},"author":3,"featured_media":0,"parent":100333,"menu_order":0,"comment_status":"closed","ping_status":"closed","template":"","meta":{"_acf_changed":false,"inline_featured_image":false,"footnotes":""},"class_list":["post-100358","page","type-page","status-publish","hentry"],"acf":[],"_links":{"self":[{"href":"https:\/\/www.linseis.com\/it\/wp-json\/wp\/v2\/pages\/100358","targetHints":{"allow":["GET"]}}],"collection":[{"href":"https:\/\/www.linseis.com\/it\/wp-json\/wp\/v2\/pages"}],"about":[{"href":"https:\/\/www.linseis.com\/it\/wp-json\/wp\/v2\/types\/page"}],"author":[{"embeddable":true,"href":"https:\/\/www.linseis.com\/it\/wp-json\/wp\/v2\/users\/3"}],"replies":[{"embeddable":true,"href":"https:\/\/www.linseis.com\/it\/wp-json\/wp\/v2\/comments?post=100358"}],"version-history":[{"count":0,"href":"https:\/\/www.linseis.com\/it\/wp-json\/wp\/v2\/pages\/100358\/revisions"}],"up":[{"embeddable":true,"href":"https:\/\/www.linseis.com\/it\/wp-json\/wp\/v2\/pages\/100333"}],"wp:attachment":[{"href":"https:\/\/www.linseis.com\/it\/wp-json\/wp\/v2\/media?parent=100358"}],"curies":[{"name":"wp","href":"https:\/\/api.w.org\/{rel}","templated":true}]}}