{"id":100342,"date":"2024-07-25T19:26:28","date_gmt":"2024-07-25T17:26:28","guid":{"rendered":"https:\/\/www.linseis.com\/metodi-di-analisi-termica\/3-metodo-omega\/"},"modified":"2026-02-17T11:08:57","modified_gmt":"2026-02-17T10:08:57","slug":"3-metodo-omega","status":"publish","type":"page","link":"https:\/\/www.linseis.com\/it\/metodi-di-analisi-termica\/3-metodo-omega\/","title":{"rendered":"Metodo 3 Omega"},"content":{"rendered":"\t\t<div data-elementor-type=\"wp-post\" data-elementor-id=\"100342\" class=\"elementor elementor-100342 elementor-21533\" data-elementor-post-type=\"page\">\n\t\t\t\t<div class=\"elementor-element elementor-element-a3549cf e-flex e-con-boxed e-con e-parent\" data-id=\"a3549cf\" data-element_type=\"container\" data-e-type=\"container\" data-settings=\"{&quot;background_background&quot;:&quot;classic&quot;}\">\n\t\t\t\t\t<div class=\"e-con-inner\">\n\t\t\t\t<div class=\"elementor-element elementor-element-ac41c94 elementor-widget elementor-widget-image\" data-id=\"ac41c94\" data-element_type=\"widget\" data-e-type=\"widget\" data-widget_type=\"image.default\">\n\t\t\t\t<div class=\"elementor-widget-container\">\n\t\t\t\t\t\t\t\t\t\t\t\t\t\t\t<img decoding=\"async\" src=\"https:\/\/www.linseis.com\/wp-content\/uploads\/\/linseis_scale-top-1.svg\" title=\"\" alt=\"\" loading=\"lazy\" \/>\t\t\t\t\t\t\t\t\t\t\t\t\t\t\t<\/div>\n\t\t\t\t<\/div>\n\t\t<div class=\"elementor-element elementor-element-a7b7feb e-con-full e-flex e-con e-child\" data-id=\"a7b7feb\" data-element_type=\"container\" data-e-type=\"container\">\n\t\t<div class=\"elementor-element elementor-element-6100945 e-con-full e-flex e-con e-child\" data-id=\"6100945\" data-element_type=\"container\" data-e-type=\"container\">\n\t\t\t\t<div class=\"elementor-element elementor-element-cc1182c elementor-invisible elementor-widget elementor-widget-heading\" data-id=\"cc1182c\" data-element_type=\"widget\" data-e-type=\"widget\" data-settings=\"{&quot;_animation&quot;:&quot;fadeInUp&quot;,&quot;_animation_delay&quot;:250}\" data-widget_type=\"heading.default\">\n\t\t\t\t<div class=\"elementor-widget-container\">\n\t\t\t\t\t<h1 class=\"elementor-heading-title elementor-size-default\"><b>\n\nMetodo 3 Omega\n\n<\/b><\/h1>\t\t\t\t<\/div>\n\t\t\t\t<\/div>\n\t\t\t\t<\/div>\n\t\t<div class=\"elementor-element elementor-element-6d91a43 e-con-full e-flex e-con e-child\" data-id=\"6d91a43\" data-element_type=\"container\" data-e-type=\"container\">\n\t\t\t\t<div class=\"elementor-element elementor-element-9413374 elementor-widget elementor-widget-n-carousel\" data-id=\"9413374\" data-element_type=\"widget\" data-e-type=\"widget\" data-settings=\"{&quot;carousel_items&quot;:[{&quot;slide_title&quot;:&quot;Produkt 1&quot;,&quot;_id&quot;:&quot;d6fbcdb&quot;}],&quot;slides_to_show&quot;:&quot;1&quot;,&quot;slides_to_scroll&quot;:&quot;2&quot;,&quot;autoplay_speed&quot;:2000,&quot;slides_to_show_tablet&quot;:&quot;1&quot;,&quot;slides_to_show_mobile&quot;:&quot;1&quot;,&quot;autoplay&quot;:&quot;yes&quot;,&quot;pause_on_hover&quot;:&quot;yes&quot;,&quot;pause_on_interaction&quot;:&quot;yes&quot;,&quot;infinite&quot;:&quot;yes&quot;,&quot;speed&quot;:500,&quot;offset_sides&quot;:&quot;none&quot;,&quot;image_spacing_custom&quot;:{&quot;unit&quot;:&quot;px&quot;,&quot;size&quot;:10,&quot;sizes&quot;:[]},&quot;image_spacing_custom_tablet&quot;:{&quot;unit&quot;:&quot;px&quot;,&quot;size&quot;:&quot;&quot;,&quot;sizes&quot;:[]},&quot;image_spacing_custom_mobile&quot;:{&quot;unit&quot;:&quot;px&quot;,&quot;size&quot;:&quot;&quot;,&quot;sizes&quot;:[]}}\" data-widget_type=\"nested-carousel.default\">\n\t\t\t\t<div class=\"elementor-widget-container\">\n\t\t\t\t\t\t\t<div class=\"e-n-carousel swiper\" role=\"region\" aria-roledescription=\"carousel\" aria-label=\"Karussell\" dir=\"ltr\">\n\t\t\t<div class=\"swiper-wrapper\" aria-live=\"off\">\n\t\t\t\t\t\t\t\t\t\t<div class=\"swiper-slide\" data-slide=\"1\" role=\"group\" aria-roledescription=\"slide\" aria-label=\"1 di 1\">\n\t\t\t\t\t\t\t<div class=\"elementor-element elementor-element-44441f5 e-flex e-con-boxed e-con e-child\" data-id=\"44441f5\" data-element_type=\"container\" data-e-type=\"container\">\n\t\t\t\t\t<div class=\"e-con-inner\">\n\t\t\t\t<div class=\"elementor-element elementor-element-3fdf52d elementor-widget__width-initial elementor-invisible elementor-widget elementor-widget-image\" data-id=\"3fdf52d\" data-element_type=\"widget\" data-e-type=\"widget\" data-settings=\"{&quot;_animation&quot;:&quot;fadeInUp&quot;}\" data-widget_type=\"image.default\">\n\t\t\t\t<div class=\"elementor-widget-container\">\n\t\t\t\t\t\t\t\t\t\t\t\t\t\t\t<img fetchpriority=\"high\" decoding=\"async\" width=\"800\" height=\"800\" src=\"https:\/\/www.linseis.com\/wp-content\/uploads\/2024\/07\/Linseis-Icons_Linien-weiss_Zeichenflaeche-1-Kopie-87-1024x1024.png\" class=\"attachment-large size-large wp-image-36271\" alt=\"\" srcset=\"https:\/\/www.linseis.com\/wp-content\/uploads\/2024\/07\/Linseis-Icons_Linien-weiss_Zeichenflaeche-1-Kopie-87-1024x1024.png 1024w, https:\/\/www.linseis.com\/wp-content\/uploads\/2024\/07\/Linseis-Icons_Linien-weiss_Zeichenflaeche-1-Kopie-87-300x300.png 300w, https:\/\/www.linseis.com\/wp-content\/uploads\/2024\/07\/Linseis-Icons_Linien-weiss_Zeichenflaeche-1-Kopie-87-150x150.png 150w, https:\/\/www.linseis.com\/wp-content\/uploads\/2024\/07\/Linseis-Icons_Linien-weiss_Zeichenflaeche-1-Kopie-87-768x768.png 768w, https:\/\/www.linseis.com\/wp-content\/uploads\/2024\/07\/Linseis-Icons_Linien-weiss_Zeichenflaeche-1-Kopie-87-1536x1536.png 1536w, https:\/\/www.linseis.com\/wp-content\/uploads\/2024\/07\/Linseis-Icons_Linien-weiss_Zeichenflaeche-1-Kopie-87-2048x2048.png 2048w\" sizes=\"(max-width: 800px) 100vw, 800px\" \/>\t\t\t\t\t\t\t\t\t\t\t\t\t\t\t<\/div>\n\t\t\t\t<\/div>\n\t\t\t\t\t<\/div>\n\t\t\t\t<\/div>\n\t\t\t\t\t\t\t\t<\/div>\n\t\t\t\t\t\t\t\t<\/div>\n\t\t<\/div>\n\t\t\t\t\t\t<\/div>\n\t\t\t\t<\/div>\n\t\t\t\t<\/div>\n\t\t\t\t<\/div>\n\t\t\t\t<div class=\"elementor-element elementor-element-b4a6800 elementor-widget elementor-widget-image\" data-id=\"b4a6800\" data-element_type=\"widget\" data-e-type=\"widget\" data-widget_type=\"image.default\">\n\t\t\t\t<div class=\"elementor-widget-container\">\n\t\t\t\t\t\t\t\t\t\t\t\t\t\t\t<img decoding=\"async\" src=\"https:\/\/www.linseis.com\/wp-content\/uploads\/\/linseis_scale-bottom-1.svg\" title=\"\" alt=\"\" loading=\"lazy\" \/>\t\t\t\t\t\t\t\t\t\t\t\t\t\t\t<\/div>\n\t\t\t\t<\/div>\n\t\t\t\t\t<\/div>\n\t\t\t\t<\/div>\n\t\t<div class=\"elementor-element elementor-element-7c8d6cc e-flex e-con-boxed e-con e-parent\" data-id=\"7c8d6cc\" data-element_type=\"container\" data-e-type=\"container\" data-settings=\"{&quot;background_background&quot;:&quot;classic&quot;}\">\n\t\t\t\t\t<div class=\"e-con-inner\">\n\t\t\t\t\t<\/div>\n\t\t\t\t<\/div>\n\t\t<div class=\"elementor-element elementor-element-d7b7522 e-flex e-con-boxed e-con e-parent\" data-id=\"d7b7522\" data-element_type=\"container\" data-e-type=\"container\" data-settings=\"{&quot;background_background&quot;:&quot;classic&quot;}\">\n\t\t\t\t\t<div class=\"e-con-inner\">\n\t\t<div class=\"elementor-element elementor-element-449b6fd e-con-full e-flex e-con e-child\" data-id=\"449b6fd\" data-element_type=\"container\" data-e-type=\"container\">\n\t\t\t\t<div class=\"elementor-element elementor-element-031217d elementor-invisible elementor-widget elementor-widget-wp-widget-bcn_widget\" data-id=\"031217d\" data-element_type=\"widget\" data-e-type=\"widget\" data-settings=\"{&quot;_animation&quot;:&quot;fadeInUp&quot;}\" data-widget_type=\"wp-widget-bcn_widget.default\">\n\t\t\t\t<div class=\"elementor-widget-container\">\n\t\t\t\t\t<div class=\"breadcrumbs\" vocab=\"https:\/\/schema.org\/\" typeof=\"BreadcrumbList\"><span property=\"itemListElement\" typeof=\"ListItem\"><a property=\"item\" typeof=\"WebPage\" title=\"Vai a Linseis.\" href=\"https:\/\/www.linseis.com\/it\/\" class=\"home\" aria-current=\"page\"><span property=\"name\">Linseis<\/span><\/a><meta property=\"position\" content=\"1\"><\/span><\/div>\t\t\t\t<\/div>\n\t\t\t\t<\/div>\n\t\t\t\t<\/div>\n\t\t\t\t\t<\/div>\n\t\t\t\t<\/div>\n\t\t<div class=\"elementor-element elementor-element-ed98f58 e-flex e-con-boxed e-con e-parent\" data-id=\"ed98f58\" data-element_type=\"container\" data-e-type=\"container\" data-settings=\"{&quot;background_background&quot;:&quot;classic&quot;}\">\n\t\t\t\t\t<div class=\"e-con-inner\">\n\t\t<div class=\"elementor-element elementor-element-bbc47b3 e-con-full e-flex e-con e-child\" data-id=\"bbc47b3\" data-element_type=\"container\" data-e-type=\"container\">\n\t\t\t\t<div class=\"elementor-element elementor-element-71a1ec4 elementor-invisible elementor-widget elementor-widget-text-editor\" data-id=\"71a1ec4\" data-element_type=\"widget\" data-e-type=\"widget\" data-settings=\"{&quot;_animation&quot;:&quot;fadeInUp&quot;,&quot;_animation_delay&quot;:500}\" data-widget_type=\"text-editor.default\">\n\t\t\t\t<div class=\"elementor-widget-container\">\n\t\t\t\t\t\t\t\t\t<h2>Metodo 3 Omega &#8211; un approccio alla misurazione della conduttivit\u00e0 termica<\/h2>\t\t\t\t\t\t\t\t<\/div>\n\t\t\t\t<\/div>\n\t\t\t\t<div class=\"elementor-element elementor-element-32d9053 elementor-widget elementor-widget-text-editor\" data-id=\"32d9053\" data-element_type=\"widget\" data-e-type=\"widget\" data-widget_type=\"text-editor.default\">\n\t\t\t\t<div class=\"elementor-widget-container\">\n\t\t\t\t\t\t\t\t\t<p>Un approccio molto utilizzato per misurare la conducibilit\u00e0 termica \u00e8 il metodo 3\u03c9. Sebbene il metodo sia stato originariamente sviluppato per misurare la conducibilit\u00e0 termica dei materiali solidi, il principio di base \u00e8 stato successivamente applicato anche alla\u00a0<strong><a href=\"https:\/\/www.linseis.com\/messgeraete\/elektrische-eigenschaft\/duennschichtanalyse\/\" data-auto-event-observed=\"true\">caratterizzazione termica di film sottili<\/a>\u00a0<\/strong>fino a pochi nm di spessore.<\/p><p>Inoltre, il metodo 3\u03c9 \u00e8 stato esteso anche alla misurazione di film anisotropi e membrane indipendenti per consentire una caratterizzazione dipendente dalla direzione, ovvero la misurazione della conducibilit\u00e0 termica nel piano e perpendicolare ad esso. In generale, si pu\u00f2 affermare che questa tecnica \u00e8 attualmente uno dei metodi pi\u00f9 popolari e utilizzati per caratterizzare le propriet\u00e0 di trasporto termico dei film sottili.<\/p><p><img decoding=\"async\" class=\"wp-image-21558 size-full\" src=\"https:\/\/www.linseis.com\/wp-content\/uploads\/2024\/07\/Experimental-setup-incl.-metal-line-for-heatingsensing-for-the-3-Omega-technique-1024x392-1.png\" alt=\"Configurazione sperimentale (comprese le strisce metalliche lineari per il riscaldamento\/la misurazione della temperatura) per la tecnica a 3 omega\" width=\"1024\" height=\"392\" srcset=\"https:\/\/www.linseis.com\/wp-content\/uploads\/2024\/07\/Experimental-setup-incl.-metal-line-for-heatingsensing-for-the-3-Omega-technique-1024x392-1.png 1024w, https:\/\/www.linseis.com\/wp-content\/uploads\/2024\/07\/Experimental-setup-incl.-metal-line-for-heatingsensing-for-the-3-Omega-technique-1024x392-1-300x115.png 300w, https:\/\/www.linseis.com\/wp-content\/uploads\/2024\/07\/Experimental-setup-incl.-metal-line-for-heatingsensing-for-the-3-Omega-technique-1024x392-1-768x294.png 768w\" sizes=\"(max-width: 1024px) 100vw, 1024px\" \/> Configurazione sperimentale (comprese le strisce metalliche lineari per il riscaldamento\/la misurazione della temperatura) per la tecnica a 3 omega<\/p>\t\t\t\t\t\t\t\t<\/div>\n\t\t\t\t<\/div>\n\t\t\t\t<\/div>\n\t\t\t\t\t<\/div>\n\t\t\t\t<\/div>\n\t\t<div class=\"elementor-element elementor-element-8801439 e-flex e-con-boxed elementor-invisible e-con e-parent\" data-id=\"8801439\" data-element_type=\"container\" data-e-type=\"container\" data-settings=\"{&quot;background_background&quot;:&quot;classic&quot;,&quot;animation&quot;:&quot;fadeInUp&quot;}\">\n\t\t\t\t\t<div class=\"e-con-inner\">\n\t\t<div class=\"elementor-element elementor-element-4fda86f e-con-full e-flex e-con e-child\" data-id=\"4fda86f\" data-element_type=\"container\" data-e-type=\"container\">\n\t\t\t\t<div class=\"elementor-element elementor-element-fe6d621 elementor-widget elementor-widget-text-editor\" data-id=\"fe6d621\" data-element_type=\"widget\" data-e-type=\"widget\" data-widget_type=\"text-editor.default\">\n\t\t\t\t<div class=\"elementor-widget-container\">\n\t\t\t\t\t\t\t\t\t<p>Nel metodo 3\u03c9, una sottile striscia di metallo a contatto termico con il campione funge sia da riscaldatore che da sensore di temperatura. Per la misurazione, una corrente alternata I(t) <br \/><img decoding=\"async\" src=\"https:\/\/www.linseis.com\/wp-content\/uploads\/2024\/07\/ac-current-300x74-1.png\" alt=\"corrente ac\" width=\"300\" height=\"74\" \/><\/p><p>con frequenza angolare \u03c9 e l&#8217;ampiezza <sub>I0<\/sub> viene impressa nel riscaldatore, generando una potenza di riscaldamento P(t) tramite il riscaldamento Joule,<\/p><p><img loading=\"lazy\" decoding=\"async\" src=\"https:\/\/www.linseis.com\/wp-content\/uploads\/2024\/07\/heating-source-power-300x67-1.png\" alt=\"Fonte di riscaldamento\" width=\"300\" height=\"67\" \/><\/p><p>che a sua volta modula la temperatura del riscaldatore sotto forma di<\/p><p><img loading=\"lazy\" decoding=\"async\" src=\"https:\/\/www.linseis.com\/wp-content\/uploads\/2024\/07\/temperature-Rh-300x71-1.png\" alt=\"temperatura RH\" width=\"300\" height=\"71\" \/><\/p><p>e di conseguenza un&#8217;oscillazione della resistenza del riscaldatore\u00a0 R<span style=\"font-size: 15px; line-height: 0; position: relative; vertical-align: baseline; bottom: -0.25em;\">h<\/span>\u00a0<\/p><p><img loading=\"lazy\" decoding=\"async\" src=\"https:\/\/www.linseis.com\/wp-content\/uploads\/2024\/07\/Rh-300x65-1.png\" alt=\"Rh\" width=\"300\" height=\"65\" \/><\/p><p>alla frequenza angolare 2\u03c9. Qui \u03b2 \u00e8 il coefficiente di temperatura della resistenza della striscia metallica.<\/p>\t\t\t\t\t\t\t\t<\/div>\n\t\t\t\t<\/div>\n\t\t\t\t<div class=\"elementor-element elementor-element-34d74a1 elementor-widget elementor-widget-text-editor\" data-id=\"34d74a1\" data-element_type=\"widget\" data-e-type=\"widget\" data-widget_type=\"text-editor.default\">\n\t\t\t\t<div class=\"elementor-widget-container\">\n\t\t\t\t\t\t\t\t\t<p>In relazione alla frequenza, la differenza di fase \u03c6 dipende ora sia dalla geometria dell&#8217;elemento riscaldante che dalle propriet\u00e0 fisiche dei materiali sottostanti.<\/p><p>Quindi, se si misura la caduta di tensione attraverso il riscaldatore, si ottiene (secondo la legge di Ohm U = R x I) un segnale di tensione modulato in ampiezza che ha una piccola componente dell&#8217;oscillazione della terza armonica 3\u03c9, che pu\u00f2 essere estratta con un amplificatore lock-in e che contiene le informazioni sui materiali sottostanti.<\/p><p>Per il calcolo della\u00a0<strong><a href=\"https:\/\/www.linseis.com\/it\/?page_id=100323\" data-auto-event-observed=\"true\">conducibilit\u00e0 termica<\/a>\u00a0<\/strong>del campione, cos\u00ec come il calcolo della\u00a0<strong><a href=\"https:\/\/www.linseis.com\/it\/?page_id=100317\" data-auto-event-observed=\"true\">capacit\u00e0 termica specifica<\/a>,\u00a0<\/strong>\u00e8 necessario risolvere solo l&#8217;equazione di diffusione del calore, che dipende dalla configurazione sperimentale.<\/p>\t\t\t\t\t\t\t\t<\/div>\n\t\t\t\t<\/div>\n\t\t<div class=\"elementor-element elementor-element-a0a9aac e-con-full e-flex e-con e-child\" data-id=\"a0a9aac\" data-element_type=\"container\" data-e-type=\"container\">\n\t\t\t\t<div class=\"elementor-element elementor-element-53ea4ef elementor-invisible elementor-widget elementor-widget-text-editor\" data-id=\"53ea4ef\" data-element_type=\"widget\" data-e-type=\"widget\" data-settings=\"{&quot;_animation&quot;:&quot;fadeInUp&quot;,&quot;_animation_delay&quot;:500}\" data-widget_type=\"text-editor.default\">\n\t\t\t\t<div class=\"elementor-widget-container\">\n\t\t\t\t\t\t\t\t\t<h2>Approccio differenziale 3 Omega con due misure<\/h2>\t\t\t\t\t\t\t\t<\/div>\n\t\t\t\t<\/div>\n\t\t\t\t<div class=\"elementor-element elementor-element-d38f832 elementor-widget elementor-widget-text-editor\" data-id=\"d38f832\" data-element_type=\"widget\" data-e-type=\"widget\" data-widget_type=\"text-editor.default\">\n\t\t\t\t<div class=\"elementor-widget-container\">\n\t\t\t\t\t\t\t\t\t<p>Un approccio ampiamente utilizzato basato sul metodo 3\u03c9 per la caratterizzazione di un\u00a0<strong><a href=\"https:\/\/www.linseis.com\/messgeraete\/elektrische-eigenschaft\/duennschichtanalyse\/\" data-auto-event-observed=\"true\">film sottile<\/a>\u00a0<\/strong>su un substrato bulk \u00e8 il cosiddetto approccio differenziale 3 Omega con due misurazioni.<\/p><p>La prima misurazione avviene sul substrato nudo e la seconda include lo strato da misurare.<\/p><p>La pellicola agisce come una resistenza termica aggiuntiva collegata in serie tra il riscaldatore e il substrato. In questo modo garantisce un aumento dell&#8217;ampiezza dell&#8217;oscillazione della temperatura rispetto alla misurazione senza film sottile.<\/p><p>La conducibilit\u00e0 termica dello strato pu\u00f2 essere determinata da questo aumento utilizzando la legge di Fourier:<\/p><p><img loading=\"lazy\" decoding=\"async\" class=\"alignnone size-full wp-image-21603\" src=\"https:\/\/www.linseis.com\/wp-content\/uploads\/2024\/07\/thermal-conductivity-fouriers-law.png\" alt=\"Formula della legge di Fourier\" width=\"283\" height=\"97\" \/><\/p><p>dove w e l indicano la larghezza e la lunghezza del riscaldatore.<\/p>\t\t\t\t\t\t\t\t<\/div>\n\t\t\t\t<\/div>\n\t\t\t\t<div class=\"elementor-element elementor-element-580942e elementor-widget elementor-widget-image\" data-id=\"580942e\" data-element_type=\"widget\" data-e-type=\"widget\" data-widget_type=\"image.default\">\n\t\t\t\t<div class=\"elementor-widget-container\">\n\t\t\t\t\t\t\t\t\t\t\t\t<figure class=\"wp-caption\">\n\t\t\t\t\t\t\t\t\t\t<img loading=\"lazy\" decoding=\"async\" width=\"800\" height=\"932\" src=\"https:\/\/www.linseis.com\/wp-content\/uploads\/2024\/07\/DX7MTLA.png\" class=\"attachment-large size-large wp-image-35331\" alt=\"\" srcset=\"https:\/\/www.linseis.com\/wp-content\/uploads\/2024\/07\/DX7MTLA.png 879w, https:\/\/www.linseis.com\/wp-content\/uploads\/2024\/07\/DX7MTLA-258x300.png 258w, https:\/\/www.linseis.com\/wp-content\/uploads\/2024\/07\/DX7MTLA-768x895.png 768w\" sizes=\"(max-width: 800px) 100vw, 800px\" \/>\t\t\t\t\t\t\t\t\t\t\t<figcaption class=\"widget-image-caption wp-caption-text\">Approccio differenziale a 3 omega per misurare la conducibilit\u00e0 termica di film sottili su tutto il piano<\/figcaption>\n\t\t\t\t\t\t\t\t\t\t<\/figure>\n\t\t\t\t\t\t\t\t\t<\/div>\n\t\t\t\t<\/div>\n\t\t\t\t<\/div>\n\t\t<div class=\"elementor-element elementor-element-cdefdb7 e-con-full e-flex e-con e-child\" data-id=\"cdefdb7\" data-element_type=\"container\" data-e-type=\"container\">\n\t\t\t\t<div class=\"elementor-element elementor-element-dca24fd elementor-widget elementor-widget-text-editor\" data-id=\"dca24fd\" data-element_type=\"widget\" data-e-type=\"widget\" data-widget_type=\"text-editor.default\">\n\t\t\t\t<div class=\"elementor-widget-container\">\n\t\t\t\t\t\t\t\t\t<h2>Conducibilit\u00e0 termica nel piano grazie alla tecnologia di misurazione a 3\u03c9<\/h2>\t\t\t\t\t\t\t\t<\/div>\n\t\t\t\t<\/div>\n\t\t\t\t<div class=\"elementor-element elementor-element-d37c58e elementor-widget elementor-widget-text-editor\" data-id=\"d37c58e\" data-element_type=\"widget\" data-e-type=\"widget\" data-widget_type=\"text-editor.default\">\n\t\t\t\t<div class=\"elementor-widget-container\">\n\t\t\t\t\t\t\t\t\t<p>Un&#8217;altra configurazione di test mostra la determinazione della conduttivit\u00e0 termica nel piano utilizzando la tecnologia di misurazione 3\u03c9. In questo caso, un elemento riscaldante \u00e8 centrato su una membrana o su un substrato indipendente. In questo caso, il comportamento termico della membrana pu\u00f2 essere descritto con la seguente equazione:<\/p><p><img loading=\"lazy\" decoding=\"async\" class=\"alignnone size-full wp-image-21623\" src=\"https:\/\/www.linseis.com\/wp-content\/uploads\/2024\/07\/correlation-thermal-behaviour-three-omega.png\" alt=\"correlazione-termica-behaviour-tre-omega\" width=\"595\" height=\"209\" srcset=\"https:\/\/www.linseis.com\/wp-content\/uploads\/2024\/07\/correlation-thermal-behaviour-three-omega.png 595w, https:\/\/www.linseis.com\/wp-content\/uploads\/2024\/07\/correlation-thermal-behaviour-three-omega-300x105.png 300w\" sizes=\"(max-width: 595px) 100vw, 595px\" \/><\/p>\t\t\t\t\t\t\t\t<\/div>\n\t\t\t\t<\/div>\n\t\t\t\t<div class=\"elementor-element elementor-element-69f7499 elementor-widget elementor-widget-text-editor\" data-id=\"69f7499\" data-element_type=\"widget\" data-e-type=\"widget\" data-widget_type=\"text-editor.default\">\n\t\t\t\t<div class=\"elementor-widget-container\">\n\t\t\t\t\t\t\t\t\t<p>Dove G=2\u03bbdlb^(-1) \u00e8 la costante di tempo termica, b \u00e8 la larghezza, l \u00e8 la lunghezza e D \u00e8 la diffusivit\u00e0 termica della membrana.<\/p><p><img loading=\"lazy\" decoding=\"async\" class=\"size-full wp-image-21638\" src=\"https:\/\/www.linseis.com\/wp-content\/uploads\/2024\/07\/IV30I48.png\" alt=\"Chip di misura integrato per la misurazione della conducibilit\u00e0 termica in piano su strati sottili con il metodo a 3 omega\" width=\"1272\" height=\"545\" srcset=\"https:\/\/www.linseis.com\/wp-content\/uploads\/2024\/07\/IV30I48.png 1272w, https:\/\/www.linseis.com\/wp-content\/uploads\/2024\/07\/IV30I48-300x129.png 300w, https:\/\/www.linseis.com\/wp-content\/uploads\/2024\/07\/IV30I48-1024x439.png 1024w, https:\/\/www.linseis.com\/wp-content\/uploads\/2024\/07\/IV30I48-768x329.png 768w\" sizes=\"(max-width: 1272px) 100vw, 1272px\" \/>  Chip di misura integrato per la misurazione della conducibilit\u00e0 termica in piano su strati sottili con il metodo a 3 omega<\/p><p> <\/p>\t\t\t\t\t\t\t\t<\/div>\n\t\t\t\t<\/div>\n\t\t\t\t<\/div>\n\t\t<div class=\"elementor-element elementor-element-5a584c2 e-con-full e-flex e-con e-child\" data-id=\"5a584c2\" data-element_type=\"container\" data-e-type=\"container\">\n\t\t\t\t<div class=\"elementor-element elementor-element-2111823 elementor-widget elementor-widget-text-editor\" data-id=\"2111823\" data-element_type=\"widget\" data-e-type=\"widget\" data-widget_type=\"text-editor.default\">\n\t\t\t\t<div class=\"elementor-widget-container\">\n\t\t\t\t\t\t\t\t\t<h2>Quali propriet\u00e0 vengono determinate?<\/h2>\t\t\t\t\t\t\t\t<\/div>\n\t\t\t\t<\/div>\n\t\t\t\t<div class=\"elementor-element elementor-element-ef9903f elementor-widget elementor-widget-text-editor\" data-id=\"ef9903f\" data-element_type=\"widget\" data-e-type=\"widget\" data-widget_type=\"text-editor.default\">\n\t\t\t\t<div class=\"elementor-widget-container\">\n\t\t\t\t\t\t\t\t\t<p>Il metodo di misurazione 3\u03c9 \u00e8 un metodo di misurazione elettrotermico per determinare la <strong>conducibilit\u00e0 termica<\/strong>, la <strong>diffusivit\u00e0 termica<\/strong> e la <strong>capacit\u00e0 termica specifica<\/strong> di materiali solidi (solidi o liquidi) e di strati sottili, utilizzando una striscia metallica alimentata a corrente alternata come elemento riscaldante.<\/p><p> <\/p><p>Il riscaldatore metallico applicato direttamente al campione viene alimentato periodicamente e le oscillazioni di temperatura risultanti del riscaldatore e del campione vengono lette direttamente con lo stesso elemento del metodo. Le propriet\u00e0 di trasporto termico del campione possono essere determinate dalla loro dipendenza dalla frequenza. <\/p>\t\t\t\t\t\t\t\t<\/div>\n\t\t\t\t<\/div>\n\t\t\t\t<\/div>\n\t\t\t\t<\/div>\n\t\t\t\t\t<\/div>\n\t\t\t\t<\/div>\n\t\t\t\t<\/div>\n\t\t","protected":false},"excerpt":{"rendered":"<p>Metodo 3 Omega Metodo 3 Omega &#8211; un approccio alla misurazione della conduttivit\u00e0 termica Un approccio molto utilizzato per misurare la conducibilit\u00e0 termica \u00e8 il metodo 3\u03c9. Sebbene il metodo sia stato originariamente sviluppato per misurare la conducibilit\u00e0 termica dei materiali solidi, il principio di base \u00e8 stato successivamente applicato anche alla\u00a0caratterizzazione termica di film [&hellip;]<\/p>\n","protected":false},"author":5,"featured_media":0,"parent":100333,"menu_order":0,"comment_status":"closed","ping_status":"closed","template":"","meta":{"_acf_changed":false,"inline_featured_image":false,"footnotes":""},"class_list":["post-100342","page","type-page","status-publish","hentry"],"acf":[],"_links":{"self":[{"href":"https:\/\/www.linseis.com\/it\/wp-json\/wp\/v2\/pages\/100342","targetHints":{"allow":["GET"]}}],"collection":[{"href":"https:\/\/www.linseis.com\/it\/wp-json\/wp\/v2\/pages"}],"about":[{"href":"https:\/\/www.linseis.com\/it\/wp-json\/wp\/v2\/types\/page"}],"author":[{"embeddable":true,"href":"https:\/\/www.linseis.com\/it\/wp-json\/wp\/v2\/users\/5"}],"replies":[{"embeddable":true,"href":"https:\/\/www.linseis.com\/it\/wp-json\/wp\/v2\/comments?post=100342"}],"version-history":[{"count":0,"href":"https:\/\/www.linseis.com\/it\/wp-json\/wp\/v2\/pages\/100342\/revisions"}],"up":[{"embeddable":true,"href":"https:\/\/www.linseis.com\/it\/wp-json\/wp\/v2\/pages\/100333"}],"wp:attachment":[{"href":"https:\/\/www.linseis.com\/it\/wp-json\/wp\/v2\/media?parent=100342"}],"curies":[{"name":"wp","href":"https:\/\/api.w.org\/{rel}","templated":true}]}}