{"id":100319,"date":"2024-07-25T03:38:29","date_gmt":"2024-07-25T01:38:29","guid":{"rendered":"https:\/\/www.linseis.com\/variabili-misurate\/diffusivita-termica\/"},"modified":"2026-01-13T08:57:14","modified_gmt":"2026-01-13T07:57:14","slug":"diffusivita-termica","status":"publish","type":"page","link":"https:\/\/www.linseis.com\/it\/variabili-misurate\/diffusivita-termica\/","title":{"rendered":"Diffusivit\u00e0 termica"},"content":{"rendered":"\t\t<div data-elementor-type=\"wp-post\" data-elementor-id=\"100319\" class=\"elementor elementor-100319 elementor-20539\" data-elementor-post-type=\"page\">\n\t\t\t\t<div class=\"elementor-element elementor-element-a3549cf e-flex e-con-boxed e-con e-parent\" data-id=\"a3549cf\" data-element_type=\"container\" data-e-type=\"container\" data-settings=\"{&quot;background_background&quot;:&quot;classic&quot;}\">\n\t\t\t\t\t<div class=\"e-con-inner\">\n\t\t\t\t<div class=\"elementor-element elementor-element-ac41c94 elementor-widget elementor-widget-image\" data-id=\"ac41c94\" data-element_type=\"widget\" data-e-type=\"widget\" data-widget_type=\"image.default\">\n\t\t\t\t<div class=\"elementor-widget-container\">\n\t\t\t\t\t\t\t\t\t\t\t\t\t\t\t<img decoding=\"async\" src=\"https:\/\/www.linseis.com\/wp-content\/uploads\/\/linseis_scale-top-1.svg\" title=\"\" alt=\"\" loading=\"lazy\" \/>\t\t\t\t\t\t\t\t\t\t\t\t\t\t\t<\/div>\n\t\t\t\t<\/div>\n\t\t<div class=\"elementor-element elementor-element-a7b7feb e-con-full e-flex e-con e-child\" data-id=\"a7b7feb\" data-element_type=\"container\" data-e-type=\"container\">\n\t\t<div class=\"elementor-element elementor-element-6100945 e-con-full e-flex e-con e-child\" data-id=\"6100945\" data-element_type=\"container\" data-e-type=\"container\">\n\t\t\t\t<div class=\"elementor-element elementor-element-cc1182c elementor-invisible elementor-widget elementor-widget-heading\" data-id=\"cc1182c\" data-element_type=\"widget\" data-e-type=\"widget\" data-settings=\"{&quot;_animation&quot;:&quot;fadeInUp&quot;,&quot;_animation_delay&quot;:250}\" data-widget_type=\"heading.default\">\n\t\t\t\t<div class=\"elementor-widget-container\">\n\t\t\t\t\t<h1 class=\"elementor-heading-title elementor-size-default\"><b>\n\nDiffusivit\u00e0 termica\n<\/b><\/h1>\t\t\t\t<\/div>\n\t\t\t\t<\/div>\n\t\t\t\t<\/div>\n\t\t<div class=\"elementor-element elementor-element-6d91a43 e-con-full e-flex e-con e-child\" data-id=\"6d91a43\" data-element_type=\"container\" data-e-type=\"container\">\n\t\t\t\t<div class=\"elementor-element elementor-element-9413374 elementor-widget elementor-widget-n-carousel\" data-id=\"9413374\" data-element_type=\"widget\" data-e-type=\"widget\" data-settings=\"{&quot;carousel_items&quot;:[{&quot;slide_title&quot;:&quot;Produkt 1&quot;,&quot;_id&quot;:&quot;d6fbcdb&quot;}],&quot;slides_to_show&quot;:&quot;1&quot;,&quot;slides_to_scroll&quot;:&quot;2&quot;,&quot;autoplay_speed&quot;:2000,&quot;slides_to_show_tablet&quot;:&quot;1&quot;,&quot;slides_to_show_mobile&quot;:&quot;1&quot;,&quot;autoplay&quot;:&quot;yes&quot;,&quot;pause_on_hover&quot;:&quot;yes&quot;,&quot;pause_on_interaction&quot;:&quot;yes&quot;,&quot;infinite&quot;:&quot;yes&quot;,&quot;speed&quot;:500,&quot;offset_sides&quot;:&quot;none&quot;,&quot;image_spacing_custom&quot;:{&quot;unit&quot;:&quot;px&quot;,&quot;size&quot;:10,&quot;sizes&quot;:[]},&quot;image_spacing_custom_tablet&quot;:{&quot;unit&quot;:&quot;px&quot;,&quot;size&quot;:&quot;&quot;,&quot;sizes&quot;:[]},&quot;image_spacing_custom_mobile&quot;:{&quot;unit&quot;:&quot;px&quot;,&quot;size&quot;:&quot;&quot;,&quot;sizes&quot;:[]}}\" data-widget_type=\"nested-carousel.default\">\n\t\t\t\t<div class=\"elementor-widget-container\">\n\t\t\t\t\t\t\t<div class=\"e-n-carousel swiper\" role=\"region\" aria-roledescription=\"carousel\" aria-label=\"Karussell\" dir=\"ltr\">\n\t\t\t<div class=\"swiper-wrapper\" aria-live=\"off\">\n\t\t\t\t\t\t\t\t\t\t<div class=\"swiper-slide\" data-slide=\"1\" role=\"group\" aria-roledescription=\"slide\" aria-label=\"1 di 1\">\n\t\t\t\t\t\t\t<div class=\"elementor-element elementor-element-44441f5 e-flex e-con-boxed e-con e-child\" data-id=\"44441f5\" data-element_type=\"container\" data-e-type=\"container\">\n\t\t\t\t\t<div class=\"e-con-inner\">\n\t\t\t\t<div class=\"elementor-element elementor-element-4103051 elementor-widget__width-initial elementor-invisible elementor-widget elementor-widget-image\" data-id=\"4103051\" data-element_type=\"widget\" data-e-type=\"widget\" data-settings=\"{&quot;_animation&quot;:&quot;fadeInUp&quot;}\" data-widget_type=\"image.default\">\n\t\t\t\t<div class=\"elementor-widget-container\">\n\t\t\t\t\t\t\t\t\t\t\t\t\t\t\t<img fetchpriority=\"high\" decoding=\"async\" width=\"800\" height=\"800\" src=\"https:\/\/www.linseis.com\/wp-content\/uploads\/2024\/07\/Linseis-Icons_Linien-weiss_Temperaturleitfaehigkeit-1024x1024.png\" class=\"attachment-large size-large wp-image-35480\" alt=\"\" srcset=\"https:\/\/www.linseis.com\/wp-content\/uploads\/2024\/07\/Linseis-Icons_Linien-weiss_Temperaturleitfaehigkeit-1024x1024.png 1024w, https:\/\/www.linseis.com\/wp-content\/uploads\/2024\/07\/Linseis-Icons_Linien-weiss_Temperaturleitfaehigkeit-300x300.png 300w, https:\/\/www.linseis.com\/wp-content\/uploads\/2024\/07\/Linseis-Icons_Linien-weiss_Temperaturleitfaehigkeit-150x150.png 150w, https:\/\/www.linseis.com\/wp-content\/uploads\/2024\/07\/Linseis-Icons_Linien-weiss_Temperaturleitfaehigkeit-768x768.png 768w, https:\/\/www.linseis.com\/wp-content\/uploads\/2024\/07\/Linseis-Icons_Linien-weiss_Temperaturleitfaehigkeit-1536x1536.png 1536w, https:\/\/www.linseis.com\/wp-content\/uploads\/2024\/07\/Linseis-Icons_Linien-weiss_Temperaturleitfaehigkeit-2048x2048.png 2048w\" sizes=\"(max-width: 800px) 100vw, 800px\" \/>\t\t\t\t\t\t\t\t\t\t\t\t\t\t\t<\/div>\n\t\t\t\t<\/div>\n\t\t\t\t\t<\/div>\n\t\t\t\t<\/div>\n\t\t\t\t\t\t\t\t<\/div>\n\t\t\t\t\t\t\t\t<\/div>\n\t\t<\/div>\n\t\t\t\t\t\t<\/div>\n\t\t\t\t<\/div>\n\t\t\t\t<\/div>\n\t\t\t\t<\/div>\n\t\t\t\t<div class=\"elementor-element elementor-element-b4a6800 elementor-widget elementor-widget-image\" data-id=\"b4a6800\" data-element_type=\"widget\" data-e-type=\"widget\" data-widget_type=\"image.default\">\n\t\t\t\t<div class=\"elementor-widget-container\">\n\t\t\t\t\t\t\t\t\t\t\t\t\t\t\t<img decoding=\"async\" src=\"https:\/\/www.linseis.com\/wp-content\/uploads\/\/linseis_scale-bottom-1.svg\" title=\"\" alt=\"\" loading=\"lazy\" \/>\t\t\t\t\t\t\t\t\t\t\t\t\t\t\t<\/div>\n\t\t\t\t<\/div>\n\t\t\t\t\t<\/div>\n\t\t\t\t<\/div>\n\t\t<div class=\"elementor-element elementor-element-7c8d6cc e-flex e-con-boxed e-con e-parent\" data-id=\"7c8d6cc\" data-element_type=\"container\" data-e-type=\"container\" data-settings=\"{&quot;background_background&quot;:&quot;classic&quot;}\">\n\t\t\t\t\t<div class=\"e-con-inner\">\n\t\t\t\t\t<\/div>\n\t\t\t\t<\/div>\n\t\t<div class=\"elementor-element elementor-element-d7b7522 e-flex e-con-boxed e-con e-parent\" data-id=\"d7b7522\" data-element_type=\"container\" data-e-type=\"container\" data-settings=\"{&quot;background_background&quot;:&quot;classic&quot;}\">\n\t\t\t\t\t<div class=\"e-con-inner\">\n\t\t<div class=\"elementor-element elementor-element-449b6fd e-con-full e-flex e-con e-child\" data-id=\"449b6fd\" data-element_type=\"container\" data-e-type=\"container\">\n\t\t\t\t<div class=\"elementor-element elementor-element-031217d elementor-invisible elementor-widget elementor-widget-wp-widget-bcn_widget\" data-id=\"031217d\" data-element_type=\"widget\" data-e-type=\"widget\" data-settings=\"{&quot;_animation&quot;:&quot;fadeInUp&quot;}\" data-widget_type=\"wp-widget-bcn_widget.default\">\n\t\t\t\t<div class=\"elementor-widget-container\">\n\t\t\t\t\t<div class=\"breadcrumbs\" vocab=\"https:\/\/schema.org\/\" typeof=\"BreadcrumbList\"><span property=\"itemListElement\" typeof=\"ListItem\"><a property=\"item\" typeof=\"WebPage\" title=\"Vai a Linseis.\" href=\"https:\/\/www.linseis.com\/it\/\" class=\"home\" aria-current=\"page\"><span property=\"name\">Linseis<\/span><\/a><meta property=\"position\" content=\"1\"><\/span><\/div>\t\t\t\t<\/div>\n\t\t\t\t<\/div>\n\t\t\t\t<\/div>\n\t\t\t\t\t<\/div>\n\t\t\t\t<\/div>\n\t\t<div class=\"elementor-element elementor-element-ed98f58 e-flex e-con-boxed e-con e-parent\" data-id=\"ed98f58\" data-element_type=\"container\" data-e-type=\"container\" data-settings=\"{&quot;background_background&quot;:&quot;classic&quot;}\">\n\t\t\t\t\t<div class=\"e-con-inner\">\n\t\t<div class=\"elementor-element elementor-element-bbc47b3 e-con-full e-flex e-con e-child\" data-id=\"bbc47b3\" data-element_type=\"container\" data-e-type=\"container\">\n\t\t\t\t<div class=\"elementor-element elementor-element-71a1ec4 elementor-invisible elementor-widget elementor-widget-text-editor\" data-id=\"71a1ec4\" data-element_type=\"widget\" data-e-type=\"widget\" data-settings=\"{&quot;_animation&quot;:&quot;fadeInUp&quot;,&quot;_animation_delay&quot;:500}\" data-widget_type=\"text-editor.default\">\n\t\t\t\t<div class=\"elementor-widget-container\">\n\t\t\t\t\t\t\t\t\t<h2>Diffusivit\u00e0 termica [m\u00b2\/s]<br>&#8211; un parametro termofisico<\/h2>\t\t\t\t\t\t\t\t<\/div>\n\t\t\t\t<\/div>\n\t\t\t\t<div class=\"elementor-element elementor-element-32d9053 elementor-widget elementor-widget-text-editor\" data-id=\"32d9053\" data-element_type=\"widget\" data-e-type=\"widget\" data-widget_type=\"text-editor.default\">\n\t\t\t\t<div class=\"elementor-widget-container\">\n\t\t\t\t\t\t\t\t\t<p>La velocit\u00e0 con cui una sostanza reagisce alle variazioni di temperatura dipende dalla sua conduttivit\u00e0 termica, dalla densit\u00e0 e dalla capacit\u00e0 termica specifica.<\/p><p><img decoding=\"async\" src=\"https:\/\/www.linseis.com\/wp-content\/uploads\/2024\/09\/Formel-Waerme-und-Temperaturleitfaehigkeit-300x56.png\" alt=\"\" width=\"300\" height=\"56\" \/><\/p><p>\u03bb = Conduttivit\u00e0\u00a0termica [W\/m*K]<br \/>\u03b1 = Diffusivit\u00e0 termica [mm\u00b2\/s]<br \/><sub>Cp<\/sub> = Capacit\u00e0 termica specifica [J\/g*K]<br \/><br \/>\u03c1 = Densit\u00e0 [g\/cm\u00b3]<\/p><p>La conduttivit\u00e0\u00a0termica determina la velocit\u00e0 con cui il calore si diffonde attraverso un materiale.<\/p><p>La capacit\u00e0 termica specifica indica quanto calore viene immagazzinato nel materiale.<\/p><p>La densit\u00e0 tiene conto della quantit\u00e0 di materiale presente per metro cubo.<\/p><p><strong>Queste relazioni sono descritte dalla diffusivit\u00e0 termica.<\/strong><\/p><p>Questa quantit\u00e0 di materiale \u00e8 pari al quoziente della conduttivit\u00e0 termica e al prodotto della capacit\u00e0 termica specifica e della densit\u00e0. L<strong> &#8216;unit\u00e0 di misura [m\u00b2\/s] \u00e8 calcolata da questa formula<\/strong>.<\/p>\t\t\t\t\t\t\t\t<\/div>\n\t\t\t\t<\/div>\n\t\t\t\t<\/div>\n\t\t\t\t\t<\/div>\n\t\t\t\t<\/div>\n\t\t<div class=\"elementor-element elementor-element-3473d73 e-flex e-con-boxed elementor-invisible e-con e-parent\" data-id=\"3473d73\" data-element_type=\"container\" data-e-type=\"container\" data-settings=\"{&quot;animation&quot;:&quot;fadeInUp&quot;}\">\n\t\t\t\t\t<div class=\"e-con-inner\">\n\t\t\t\t<div class=\"elementor-element elementor-element-11f930b elementor-widget elementor-widget-image\" data-id=\"11f930b\" data-element_type=\"widget\" data-e-type=\"widget\" data-widget_type=\"image.default\">\n\t\t\t\t<div class=\"elementor-widget-container\">\n\t\t\t\t\t\t\t\t\t\t\t\t\t\t\t<img decoding=\"async\" width=\"800\" height=\"382\" src=\"https:\/\/www.linseis.com\/wp-content\/uploads\/2024\/07\/Temperaturleitfaehigkeit-Titelbild-1024x489.png\" class=\"attachment-large size-large wp-image-35061\" alt=\"\" srcset=\"https:\/\/www.linseis.com\/wp-content\/uploads\/2024\/07\/Temperaturleitfaehigkeit-Titelbild-1024x489.png 1024w, https:\/\/www.linseis.com\/wp-content\/uploads\/2024\/07\/Temperaturleitfaehigkeit-Titelbild-300x143.png 300w, https:\/\/www.linseis.com\/wp-content\/uploads\/2024\/07\/Temperaturleitfaehigkeit-Titelbild-768x366.png 768w, https:\/\/www.linseis.com\/wp-content\/uploads\/2024\/07\/Temperaturleitfaehigkeit-Titelbild-1536x733.png 1536w, https:\/\/www.linseis.com\/wp-content\/uploads\/2024\/07\/Temperaturleitfaehigkeit-Titelbild.png 1920w\" sizes=\"(max-width: 800px) 100vw, 800px\" \/>\t\t\t\t\t\t\t\t\t\t\t\t\t\t\t<\/div>\n\t\t\t\t<\/div>\n\t\t\t\t\t<\/div>\n\t\t\t\t<\/div>\n\t\t<div class=\"elementor-element elementor-element-8801439 e-flex e-con-boxed elementor-invisible e-con e-parent\" data-id=\"8801439\" data-element_type=\"container\" data-e-type=\"container\" data-settings=\"{&quot;background_background&quot;:&quot;classic&quot;,&quot;animation&quot;:&quot;fadeInUp&quot;}\">\n\t\t\t\t\t<div class=\"e-con-inner\">\n\t\t<div class=\"elementor-element elementor-element-4fda86f e-con-full e-flex e-con e-child\" data-id=\"4fda86f\" data-element_type=\"container\" data-e-type=\"container\">\n\t\t\t\t<div class=\"elementor-element elementor-element-34d74a1 elementor-widget elementor-widget-text-editor\" data-id=\"34d74a1\" data-element_type=\"widget\" data-e-type=\"widget\" data-widget_type=\"text-editor.default\">\n\t\t\t\t<div class=\"elementor-widget-container\">\n\t\t\t\t\t\t\t\t\t<p>La diffusivit\u00e0 termica \u00e8 necessaria per valutare i processi di riscaldamento e raffreddamento, le variazioni di temperatura negli spazi abitativi e le sollecitazioni termiche nei componenti degli edifici.<\/p>\n<p>Questo indicatore \u00e8, ad esempio, un <strong>criterio importante quando si classificano gli impianti strutturali<\/strong> per prevenire la propagazione del fuoco.<\/p>\n<p>Se \u00e8 necessaria una rapida equalizzazione della temperatura nei materiali, \u00e8 preferibile utilizzare materiali con un&#8217;elevata conduttivit\u00e0&nbsp;termica. Tra questi ci sono i metalli e la grafite. Questi materiali sono utilizzati, ad esempio, nei dispositivi di misurazione della temperatura e nei termoregolatori.<\/p>\n<p>I non metalli conducono la temperatura molto meno bene. Sono adatti, tra l&#8217;altro, per l&#8217;accumulo di calore nei rigeneratori.<\/p>\n<p>Per misurare la diffusivit\u00e0 termica, un campione di materiale viene posto tra due elementi con temperature costanti e diverse e viene analizzata la curva di temperatura locale e temporale del campione.<\/p>\n<p>Questi elementi si trovano, ad esempio, nel&nbsp;Misuratore di flusso di calore LINSEIS . I dati di misurazione precisi per gli strati molto sottili sono forniti dal nostro <strong><a href=\"https:\/\/www.linseis.com\/messgeraete\/elektrische-eigenschaft\/duennschichtanalyse\/tf-lfa-l54\/\" data-auto-event-observed=\"true\"><b>TF-LFA &#8211; Laser Flash<\/b><\/a> <\/strong>per film sottili, che funziona sulla base di raggi laser.<\/p>\n<p>I dispositivi di misurazione Linseis determinano simultaneamente la conduttivit\u00e0 termica, la diffusivit\u00e0 termica e la capacit\u00e0 termica specifica sulla base del software incluso.<\/p>\t\t\t\t\t\t\t\t<\/div>\n\t\t\t\t<\/div>\n\t\t\t\t<\/div>\n\t\t\t\t\t<\/div>\n\t\t\t\t<\/div>\n\t\t\t\t<\/div>\n\t\t","protected":false},"excerpt":{"rendered":"<p>Diffusivit\u00e0 termica Diffusivit\u00e0 termica [m\u00b2\/s]&#8211; un parametro termofisico La velocit\u00e0 con cui una sostanza reagisce alle variazioni di temperatura dipende dalla sua conduttivit\u00e0 termica, dalla densit\u00e0 e dalla capacit\u00e0 termica specifica. \u03bb = Conduttivit\u00e0\u00a0termica [W\/m*K]\u03b1 = Diffusivit\u00e0 termica [mm\u00b2\/s]Cp = Capacit\u00e0 termica specifica [J\/g*K] \u03c1 = Densit\u00e0 [g\/cm\u00b3] La conduttivit\u00e0\u00a0termica determina la velocit\u00e0 con cui [&hellip;]<\/p>\n","protected":false},"author":5,"featured_media":0,"parent":100279,"menu_order":0,"comment_status":"closed","ping_status":"closed","template":"","meta":{"_acf_changed":false,"inline_featured_image":false,"footnotes":""},"class_list":["post-100319","page","type-page","status-publish","hentry"],"acf":[],"_links":{"self":[{"href":"https:\/\/www.linseis.com\/it\/wp-json\/wp\/v2\/pages\/100319","targetHints":{"allow":["GET"]}}],"collection":[{"href":"https:\/\/www.linseis.com\/it\/wp-json\/wp\/v2\/pages"}],"about":[{"href":"https:\/\/www.linseis.com\/it\/wp-json\/wp\/v2\/types\/page"}],"author":[{"embeddable":true,"href":"https:\/\/www.linseis.com\/it\/wp-json\/wp\/v2\/users\/5"}],"replies":[{"embeddable":true,"href":"https:\/\/www.linseis.com\/it\/wp-json\/wp\/v2\/comments?post=100319"}],"version-history":[{"count":0,"href":"https:\/\/www.linseis.com\/it\/wp-json\/wp\/v2\/pages\/100319\/revisions"}],"up":[{"embeddable":true,"href":"https:\/\/www.linseis.com\/it\/wp-json\/wp\/v2\/pages\/100279"}],"wp:attachment":[{"href":"https:\/\/www.linseis.com\/it\/wp-json\/wp\/v2\/media?parent=100319"}],"curies":[{"name":"wp","href":"https:\/\/api.w.org\/{rel}","templated":true}]}}